{"id":356218,"date":"2026-02-04T12:05:07","date_gmt":"2026-02-04T11:05:07","guid":{"rendered":"https:\/\/lalmachine.com\/?post_type=product&#038;p=356218"},"modified":"2026-02-04T12:05:09","modified_gmt":"2026-02-04T11:05:09","slug":"service-a-cafe-arzberg-form-2025-annees-1950","status":"publish","type":"product","link":"https:\/\/lalmachine.com\/de\/shop\/decorer\/art-de-la-table\/service-a-cafe-arzberg-form-2025-annees-1950\/","title":{"rendered":"Service \u00e0 caf\u00e9 Arzberg Form 2025, ann\u00e9es 1950"},"content":{"rendered":"<ul class=\"wpuf_customs\"><li style=\"list-style-type:none;\"><label>Autres photos:<\/label> <a href=\"https:\/\/lalmachine.com\/wp-content\/uploads\/2026\/02\/IMG_8869-1-scaled.jpeg\"><img loading=\"lazy\" decoding=\"async\" width=\"72\" height=\"96\" src=\"https:\/\/lalmachine.com\/wp-content\/uploads\/2026\/02\/IMG_8869-1-scaled.jpeg\" class=\"attachment-thumbnail size-thumbnail\" alt=\"\" \/><\/a> <a href=\"https:\/\/lalmachine.com\/wp-content\/uploads\/2026\/02\/IMG_8863-scaled.jpeg\"><img loading=\"lazy\" decoding=\"async\" width=\"72\" height=\"96\" src=\"https:\/\/lalmachine.com\/wp-content\/uploads\/2026\/02\/IMG_8863-scaled.jpeg\" class=\"attachment-thumbnail size-thumbnail\" alt=\"\" \/><\/a> <a href=\"https:\/\/lalmachine.com\/wp-content\/uploads\/2026\/02\/IMG_8864-scaled.jpeg\"><img loading=\"lazy\" decoding=\"async\" width=\"72\" height=\"96\" src=\"https:\/\/lalmachine.com\/wp-content\/uploads\/2026\/02\/IMG_8864-scaled.jpeg\" class=\"attachment-thumbnail size-thumbnail\" alt=\"\" \/><\/a> <a href=\"https:\/\/lalmachine.com\/wp-content\/uploads\/2026\/02\/IMG_8865-scaled.jpeg\"><img loading=\"lazy\" decoding=\"async\" width=\"72\" height=\"96\" src=\"https:\/\/lalmachine.com\/wp-content\/uploads\/2026\/02\/IMG_8865-scaled.jpeg\" class=\"attachment-thumbnail size-thumbnail\" alt=\"\" \/><\/a> <a href=\"https:\/\/lalmachine.com\/wp-content\/uploads\/2026\/02\/IMG_8868-scaled.jpeg\"><img loading=\"lazy\" decoding=\"async\" width=\"72\" height=\"96\" src=\"https:\/\/lalmachine.com\/wp-content\/uploads\/2026\/02\/IMG_8868-scaled.jpeg\" class=\"attachment-thumbnail size-thumbnail\" alt=\"\" \/><\/a> <a href=\"https:\/\/lalmachine.com\/wp-content\/uploads\/2026\/02\/IMG_8870-scaled.jpeg\"><img loading=\"lazy\" decoding=\"async\" width=\"70\" height=\"96\" src=\"https:\/\/lalmachine.com\/wp-content\/uploads\/2026\/02\/IMG_8870-scaled.jpeg\" class=\"attachment-thumbnail size-thumbnail\" alt=\"\" \/><\/a> <a href=\"https:\/\/lalmachine.com\/wp-content\/uploads\/2026\/02\/IMG_8871-scaled.jpeg\"><img loading=\"lazy\" decoding=\"async\" width=\"72\" height=\"96\" src=\"https:\/\/lalmachine.com\/wp-content\/uploads\/2026\/02\/IMG_8871-scaled.jpeg\" class=\"attachment-thumbnail size-thumbnail\" alt=\"\" \/><\/a> <\/li>        <li class=\"wpuf-field-data wpuf-field-data-numeric_text_field\">\n                            <label>Prix:<\/label>\n                        170        <\/li>\n                <li class=\"wpuf-field-data wpuf-field-data-numeric_text_field\">\n                            <label>Quantit\u00e9:<\/label>\n                        1        <\/li>\n                <li class=\"wpuf-field-data wpuf-field-data-numeric_text_field\">\n                            <label>Hauteur (cm):<\/label>\n                        10        <\/li>\n                <li class=\"wpuf-field-data wpuf-field-data-numeric_text_field\">\n                            <label>Largeur (cm):<\/label>\n                        45        <\/li>\n                <li class=\"wpuf-field-data wpuf-field-data-numeric_text_field\">\n                            <label>Profondeur (cm):<\/label>\n                        45        <\/li>\n        <\/ul>","protected":false},"excerpt":{"rendered":"<p>Service \u00e0 caf\u00e9 et \u00e0 th\u00e9 Arzberg, mod\u00e8le Form 2025, en porcelaine allemande de haute qualit\u00e9. Ce mod\u00e8le embl\u00e9matique a \u00e9t\u00e9 dessin\u00e9 par Heinrich L\u00f6ffelhardt et a re\u00e7u une distinction internationale lors de la Triennale de Milan \u00e0 la fin des ann\u00e9es 1950. Il s\u2019inscrit dans l\u2019histoire du design moderne d\u2019apr\u00e8s-guerre, pour la justesse de ses proportions et son usage fonctionnel.<br \/>\nLe lot comprend 7 tasses et 7 sous-tasses en tr\u00e8s bon \u00e9tat, ainsi qu\u2019un pot \u00e0 lait et un sucrier assortis. L\u2019ensemble principal ne pr\u00e9sente ni \u00e9clat ni f\u00ealure. Les pi\u00e8ces sont propres, bien conserv\u00e9es et portent le marquage Arzberg sous la base.<br \/>\n\u00c0 titre de compl\u00e9ment, deux tasses et deux sous-tasses suppl\u00e9mentaires, pr\u00e9sentant de l\u00e9gers d\u00e9fauts d\u2019usage, seront ajout\u00e9es en cadeau \u00e0 ce lot. Ces pi\u00e8ces ne sont pas incluses dans l\u2019\u00e9valuation de l\u2019\u00e9tat principal mais constituent un ajout int\u00e9ressant pour un usage quotidien ou comme pi\u00e8ces de r\u00e9serve.<br \/>\nUn ensemble coh\u00e9rent et recherch\u00e9, repr\u00e9sentatif du design allemand des ann\u00e9es 1950\u20131960, adapt\u00e9 aussi bien \u00e0 une collection qu\u2019\u00e0 un usage r\u00e9gulier.<\/p>","protected":false},"featured_media":356287,"template":"","meta":{"_et_pb_use_builder":"","_et_pb_old_content":"","_et_gb_content_width":""},"product_brand":[],"product_cat":[96,50],"product_tag":[],"proximite":[278,179],"class_list":{"0":"post-356218","1":"product","2":"type-product","3":"status-publish","4":"has-post-thumbnail","6":"product_cat-art-de-la-table","7":"product_cat-decorer","8":"product_shipping_class-envoi-par-la-poste-en-suisse-40-chf","9":"pa_couleur-blanc","10":"pa_etat-bon-etat","11":"pa_materiau-ceramique","12":"pa_style-vintage","13":"proximite-lausanne","14":"proximite-vaud","16":"first","17":"instock","18":"shipping-taxable","19":"purchasable","20":"product-type-simple"},"yoast_head":"<!-- This site is optimized with the Yoast SEO plugin v27.4 - https:\/\/yoast.com\/product\/yoast-seo-wordpress\/ -->\n<title>Service \u00e0 caf\u00e9 Arzberg Form 2025, ann\u00e9es 1950 | lalmachine.com, mobilier et objets d\u00e9co vintage et design<\/title>\n<meta name=\"description\" content=\"Service \u00e0 caf\u00e9 Arzberg Form 2025, ann\u00e9es 1950\" \/>\n<meta name=\"robots\" content=\"index, follow, max-snippet:-1, max-image-preview:large, max-video-preview:-1\" \/>\n<link rel=\"canonical\" href=\"https:\/\/lalmachine.com\/de\/shop\/decorer\/art-de-la-table\/service-a-cafe-arzberg-form-2025-annees-1950\/\" \/>\n<meta property=\"og:locale\" content=\"de_DE\" \/>\n<meta property=\"og:type\" content=\"article\" \/>\n<meta property=\"og:title\" content=\"Service \u00e0 caf\u00e9 Arzberg Form 2025, ann\u00e9es 1950 | lalmachine.com, mobilier et objets d\u00e9co vintage et design\" \/>\n<meta property=\"og:description\" content=\"Service \u00e0 caf\u00e9 Arzberg Form 2025, ann\u00e9es 1950\" \/>\n<meta property=\"og:url\" content=\"https:\/\/lalmachine.com\/de\/shop\/decorer\/art-de-la-table\/service-a-cafe-arzberg-form-2025-annees-1950\/\" \/>\n<meta property=\"og:site_name\" content=\"lalmachine.com\" \/>\n<meta property=\"article:publisher\" content=\"https:\/\/facebook.com\/lalmachine\" \/>\n<meta property=\"article:modified_time\" content=\"2026-02-04T11:05:09+00:00\" \/>\n<meta property=\"og:image\" content=\"https:\/\/lalmachine.com\/wp-content\/uploads\/2026\/02\/IMG_8869-scaled_clipped_rev_1.jpeg\" \/>\n\t<meta property=\"og:image:width\" content=\"2080\" \/>\n\t<meta property=\"og:image:height\" content=\"2080\" \/>\n\t<meta property=\"og:image:type\" content=\"image\/jpeg\" \/>\n<meta name=\"twitter:card\" content=\"summary_large_image\" \/>\n<script type=\"application\/ld+json\" class=\"yoast-schema-graph\">{\"@context\":\"https:\\\/\\\/schema.org\",\"@graph\":[{\"@type\":\"WebPage\",\"@id\":\"https:\\\/\\\/lalmachine.com\\\/shop\\\/decorer\\\/art-de-la-table\\\/service-a-cafe-arzberg-form-2025-annees-1950\\\/\",\"url\":\"https:\\\/\\\/lalmachine.com\\\/shop\\\/decorer\\\/art-de-la-table\\\/service-a-cafe-arzberg-form-2025-annees-1950\\\/\",\"name\":\"Service \u00e0 caf\u00e9 Arzberg Form 2025, ann\u00e9es 1950 | lalmachine.com, mobilier et objets d\u00e9co vintage et design\",\"isPartOf\":{\"@id\":\"https:\\\/\\\/lalmachine.com\\\/#website\"},\"primaryImageOfPage\":{\"@id\":\"https:\\\/\\\/lalmachine.com\\\/shop\\\/decorer\\\/art-de-la-table\\\/service-a-cafe-arzberg-form-2025-annees-1950\\\/#primaryimage\"},\"image\":{\"@id\":\"https:\\\/\\\/lalmachine.com\\\/shop\\\/decorer\\\/art-de-la-table\\\/service-a-cafe-arzberg-form-2025-annees-1950\\\/#primaryimage\"},\"thumbnailUrl\":\"https:\\\/\\\/lalmachine.com\\\/wp-content\\\/uploads\\\/2026\\\/02\\\/IMG_8869-scaled_clipped_rev_1.jpeg\",\"datePublished\":\"2026-02-04T11:05:07+00:00\",\"dateModified\":\"2026-02-04T11:05:09+00:00\",\"description\":\"Service \u00e0 caf\u00e9 Arzberg Form 2025, ann\u00e9es 1950\",\"breadcrumb\":{\"@id\":\"https:\\\/\\\/lalmachine.com\\\/shop\\\/decorer\\\/art-de-la-table\\\/service-a-cafe-arzberg-form-2025-annees-1950\\\/#breadcrumb\"},\"inLanguage\":\"de\",\"potentialAction\":[{\"@type\":\"ReadAction\",\"target\":[\"https:\\\/\\\/lalmachine.com\\\/shop\\\/decorer\\\/art-de-la-table\\\/service-a-cafe-arzberg-form-2025-annees-1950\\\/\"]}]},{\"@type\":\"ImageObject\",\"inLanguage\":\"de\",\"@id\":\"https:\\\/\\\/lalmachine.com\\\/shop\\\/decorer\\\/art-de-la-table\\\/service-a-cafe-arzberg-form-2025-annees-1950\\\/#primaryimage\",\"url\":\"https:\\\/\\\/lalmachine.com\\\/wp-content\\\/uploads\\\/2026\\\/02\\\/IMG_8869-scaled_clipped_rev_1.jpeg\",\"contentUrl\":\"https:\\\/\\\/lalmachine.com\\\/wp-content\\\/uploads\\\/2026\\\/02\\\/IMG_8869-scaled_clipped_rev_1.jpeg\",\"width\":2080,\"height\":2080,\"caption\":\"Service \u00e0 caf\u00e9 Arzberg Form 2025\"},{\"@type\":\"BreadcrumbList\",\"@id\":\"https:\\\/\\\/lalmachine.com\\\/shop\\\/decorer\\\/art-de-la-table\\\/service-a-cafe-arzberg-form-2025-annees-1950\\\/#breadcrumb\",\"itemListElement\":[{\"@type\":\"ListItem\",\"position\":1,\"name\":\"Accueil\",\"item\":\"https:\\\/\\\/lalmachine.com\\\/\"},{\"@type\":\"ListItem\",\"position\":2,\"name\":\"Shop\",\"item\":\"https:\\\/\\\/lalmachine.com\\\/shop\\\/\"},{\"@type\":\"ListItem\",\"position\":3,\"name\":\"Service \u00e0 caf\u00e9 Arzberg Form 2025, ann\u00e9es 1950\"}]},{\"@type\":\"WebSite\",\"@id\":\"https:\\\/\\\/lalmachine.com\\\/#website\",\"url\":\"https:\\\/\\\/lalmachine.com\\\/\",\"name\":\"lalmachine.com\",\"description\":\"Brocante en ligne Suisse | Mobilier et objets d\u00e9co vintage et design\",\"potentialAction\":[{\"@type\":\"SearchAction\",\"target\":{\"@type\":\"EntryPoint\",\"urlTemplate\":\"https:\\\/\\\/lalmachine.com\\\/?s={search_term_string}\"},\"query-input\":{\"@type\":\"PropertyValueSpecification\",\"valueRequired\":true,\"valueName\":\"search_term_string\"}}],\"inLanguage\":\"de\"}]}<\/script>\n<!-- \/ Yoast SEO plugin. -->","yoast_head_json":{"title":"Service \u00e0 caf\u00e9 Arzberg Form 2025, ann\u00e9es 1950 | lalmachine.com, mobilier et objets d\u00e9co vintage et design","description":"Service \u00e0 caf\u00e9 Arzberg Form 2025, ann\u00e9es 1950","robots":{"index":"index","follow":"follow","max-snippet":"max-snippet:-1","max-image-preview":"max-image-preview:large","max-video-preview":"max-video-preview:-1"},"canonical":"https:\/\/lalmachine.com\/de\/shop\/decorer\/art-de-la-table\/service-a-cafe-arzberg-form-2025-annees-1950\/","og_locale":"de_DE","og_type":"article","og_title":"Service \u00e0 caf\u00e9 Arzberg Form 2025, ann\u00e9es 1950 | lalmachine.com, mobilier et objets d\u00e9co vintage et design","og_description":"Service \u00e0 caf\u00e9 Arzberg Form 2025, ann\u00e9es 1950","og_url":"https:\/\/lalmachine.com\/de\/shop\/decorer\/art-de-la-table\/service-a-cafe-arzberg-form-2025-annees-1950\/","og_site_name":"lalmachine.com","article_publisher":"https:\/\/facebook.com\/lalmachine","article_modified_time":"2026-02-04T11:05:09+00:00","og_image":[{"width":2080,"height":2080,"url":"https:\/\/lalmachine.com\/wp-content\/uploads\/2026\/02\/IMG_8869-scaled_clipped_rev_1.jpeg","type":"image\/jpeg"}],"twitter_card":"summary_large_image","schema":{"@context":"https:\/\/schema.org","@graph":[{"@type":"WebPage","@id":"https:\/\/lalmachine.com\/shop\/decorer\/art-de-la-table\/service-a-cafe-arzberg-form-2025-annees-1950\/","url":"https:\/\/lalmachine.com\/shop\/decorer\/art-de-la-table\/service-a-cafe-arzberg-form-2025-annees-1950\/","name":"Service \u00e0 caf\u00e9 Arzberg Form 2025, ann\u00e9es 1950 | lalmachine.com, mobilier et objets d\u00e9co vintage et design","isPartOf":{"@id":"https:\/\/lalmachine.com\/#website"},"primaryImageOfPage":{"@id":"https:\/\/lalmachine.com\/shop\/decorer\/art-de-la-table\/service-a-cafe-arzberg-form-2025-annees-1950\/#primaryimage"},"image":{"@id":"https:\/\/lalmachine.com\/shop\/decorer\/art-de-la-table\/service-a-cafe-arzberg-form-2025-annees-1950\/#primaryimage"},"thumbnailUrl":"https:\/\/lalmachine.com\/wp-content\/uploads\/2026\/02\/IMG_8869-scaled_clipped_rev_1.jpeg","datePublished":"2026-02-04T11:05:07+00:00","dateModified":"2026-02-04T11:05:09+00:00","description":"Service \u00e0 caf\u00e9 Arzberg Form 2025, ann\u00e9es 1950","breadcrumb":{"@id":"https:\/\/lalmachine.com\/shop\/decorer\/art-de-la-table\/service-a-cafe-arzberg-form-2025-annees-1950\/#breadcrumb"},"inLanguage":"de","potentialAction":[{"@type":"ReadAction","target":["https:\/\/lalmachine.com\/shop\/decorer\/art-de-la-table\/service-a-cafe-arzberg-form-2025-annees-1950\/"]}]},{"@type":"ImageObject","inLanguage":"de","@id":"https:\/\/lalmachine.com\/shop\/decorer\/art-de-la-table\/service-a-cafe-arzberg-form-2025-annees-1950\/#primaryimage","url":"https:\/\/lalmachine.com\/wp-content\/uploads\/2026\/02\/IMG_8869-scaled_clipped_rev_1.jpeg","contentUrl":"https:\/\/lalmachine.com\/wp-content\/uploads\/2026\/02\/IMG_8869-scaled_clipped_rev_1.jpeg","width":2080,"height":2080,"caption":"Service \u00e0 caf\u00e9 Arzberg Form 2025"},{"@type":"BreadcrumbList","@id":"https:\/\/lalmachine.com\/shop\/decorer\/art-de-la-table\/service-a-cafe-arzberg-form-2025-annees-1950\/#breadcrumb","itemListElement":[{"@type":"ListItem","position":1,"name":"Accueil","item":"https:\/\/lalmachine.com\/"},{"@type":"ListItem","position":2,"name":"Shop","item":"https:\/\/lalmachine.com\/shop\/"},{"@type":"ListItem","position":3,"name":"Service \u00e0 caf\u00e9 Arzberg Form 2025, ann\u00e9es 1950"}]},{"@type":"WebSite","@id":"https:\/\/lalmachine.com\/#website","url":"https:\/\/lalmachine.com\/","name":"lalmachine.com","description":"Brocante en ligne Suisse | Mobilier et objets d\u00e9co vintage et design","potentialAction":[{"@type":"SearchAction","target":{"@type":"EntryPoint","urlTemplate":"https:\/\/lalmachine.com\/?s={search_term_string}"},"query-input":{"@type":"PropertyValueSpecification","valueRequired":true,"valueName":"search_term_string"}}],"inLanguage":"de"}]}},"_links":{"self":[{"href":"https:\/\/lalmachine.com\/de\/wp-json\/wp\/v2\/product\/356218","targetHints":{"allow":["GET"]}}],"collection":[{"href":"https:\/\/lalmachine.com\/de\/wp-json\/wp\/v2\/product"}],"about":[{"href":"https:\/\/lalmachine.com\/de\/wp-json\/wp\/v2\/types\/product"}],"wp:featuredmedia":[{"embeddable":true,"href":"https:\/\/lalmachine.com\/de\/wp-json\/wp\/v2\/media\/356287"}],"wp:attachment":[{"href":"https:\/\/lalmachine.com\/de\/wp-json\/wp\/v2\/media?parent=356218"}],"wp:term":[{"taxonomy":"product_brand","embeddable":true,"href":"https:\/\/lalmachine.com\/de\/wp-json\/wp\/v2\/product_brand?post=356218"},{"taxonomy":"product_cat","embeddable":true,"href":"https:\/\/lalmachine.com\/de\/wp-json\/wp\/v2\/product_cat?post=356218"},{"taxonomy":"product_tag","embeddable":true,"href":"https:\/\/lalmachine.com\/de\/wp-json\/wp\/v2\/product_tag?post=356218"},{"taxonomy":"proximite","embeddable":true,"href":"https:\/\/lalmachine.com\/de\/wp-json\/wp\/v2\/proximite?post=356218"}],"curies":[{"name":"wp","href":"https:\/\/api.w.org\/{rel}","templated":true}]}}