{"id":356255,"date":"2026-02-04T12:05:10","date_gmt":"2026-02-04T11:05:10","guid":{"rendered":"https:\/\/lalmachine.com\/?post_type=product&#038;p=356255"},"modified":"2026-02-04T12:05:11","modified_gmt":"2026-02-04T11:05:11","slug":"service-a-eau-the-artipresent","status":"publish","type":"product","link":"https:\/\/lalmachine.com\/de\/shop\/decorer\/art-de-la-table\/service-a-eau-the-artipresent\/","title":{"rendered":"Service \u00e0 eau &#8211; th\u00e9 &#8211; Artipresent"},"content":{"rendered":"<ul class=\"wpuf_customs\"><li style=\"list-style-type:none;\"><label>Autres photos:<\/label> <a href=\"https:\/\/lalmachine.com\/wp-content\/uploads\/2026\/02\/EAEC4619-C925-4EC3-95EE-9A03217526D5_1_201_a.jpeg\"><img loading=\"lazy\" decoding=\"async\" width=\"128\" height=\"83\" src=\"https:\/\/lalmachine.com\/wp-content\/uploads\/2026\/02\/EAEC4619-C925-4EC3-95EE-9A03217526D5_1_201_a.jpeg\" class=\"attachment-thumbnail size-thumbnail\" alt=\"\" \/><\/a> <a href=\"https:\/\/lalmachine.com\/wp-content\/uploads\/2026\/02\/5D54CF55-F1D9-4C0D-8974-D730585E5325_1_201_a.jpeg\"><img loading=\"lazy\" decoding=\"async\" width=\"126\" height=\"96\" src=\"https:\/\/lalmachine.com\/wp-content\/uploads\/2026\/02\/5D54CF55-F1D9-4C0D-8974-D730585E5325_1_201_a.jpeg\" class=\"attachment-thumbnail size-thumbnail\" alt=\"\" \/><\/a> <a href=\"https:\/\/lalmachine.com\/wp-content\/uploads\/2026\/02\/F82CED90-899F-4FB6-A2BB-079756F4E079_1_201_a-1.jpeg\"><img loading=\"lazy\" decoding=\"async\" width=\"102\" height=\"96\" src=\"https:\/\/lalmachine.com\/wp-content\/uploads\/2026\/02\/F82CED90-899F-4FB6-A2BB-079756F4E079_1_201_a-1.jpeg\" class=\"attachment-thumbnail size-thumbnail\" alt=\"\" \/><\/a> <a href=\"https:\/\/lalmachine.com\/wp-content\/uploads\/2026\/02\/87404CA6-D1C4-46EC-8447-E3946348CC86_1_201_a.jpeg\"><img loading=\"lazy\" decoding=\"async\" width=\"99\" height=\"96\" src=\"https:\/\/lalmachine.com\/wp-content\/uploads\/2026\/02\/87404CA6-D1C4-46EC-8447-E3946348CC86_1_201_a.jpeg\" class=\"attachment-thumbnail size-thumbnail\" alt=\"\" \/><\/a> <a href=\"https:\/\/lalmachine.com\/wp-content\/uploads\/2026\/02\/B001DE8F-FE5E-4CC9-BABA-5296F5AE0354_1_201_a.jpeg\"><img loading=\"lazy\" decoding=\"async\" width=\"123\" height=\"96\" src=\"https:\/\/lalmachine.com\/wp-content\/uploads\/2026\/02\/B001DE8F-FE5E-4CC9-BABA-5296F5AE0354_1_201_a.jpeg\" class=\"attachment-thumbnail size-thumbnail\" alt=\"\" \/><\/a> <a href=\"https:\/\/lalmachine.com\/wp-content\/uploads\/2026\/02\/D8AEA18B-BC70-4246-A907-0818038DF3F7_1_201_a-scaled.jpeg\"><img loading=\"lazy\" decoding=\"async\" width=\"128\" height=\"96\" src=\"https:\/\/lalmachine.com\/wp-content\/uploads\/2026\/02\/D8AEA18B-BC70-4246-A907-0818038DF3F7_1_201_a-scaled.jpeg\" class=\"attachment-thumbnail size-thumbnail\" alt=\"\" \/><\/a> <\/li>        <li class=\"wpuf-field-data wpuf-field-data-numeric_text_field\">\n                            <label>Prix:<\/label>\n                        40        <\/li>\n                <li class=\"wpuf-field-data wpuf-field-data-numeric_text_field\">\n                            <label>Quantit\u00e9:<\/label>\n                        1        <\/li>\n                <li class=\"wpuf-field-data wpuf-field-data-numeric_text_field\">\n                            <label>Hauteur (cm):<\/label>\n                        9        <\/li>\n                <li class=\"wpuf-field-data wpuf-field-data-numeric_text_field\">\n                            <label>Largeur (cm):<\/label>\n                        21        <\/li>\n                <li class=\"wpuf-field-data wpuf-field-data-numeric_text_field\">\n                            <label>Profondeur (cm):<\/label>\n                        21        <\/li>\n        <\/ul>","protected":false},"excerpt":{"rendered":"<p>Vintage service artipresent<br \/>\nplastique dur, rouge dans l&#8217;esprit laqu\u00e9 asiatique<br \/>\nservice \u00e0 th\u00e9 &#8211; ou autre boisson chaude ou froide<br \/>\nverre hauteur 8 \/ \u00d8 7 cm<br \/>\nplateau \u00d8 21 cm<\/p>","protected":false},"featured_media":356286,"template":"","meta":{"_et_pb_use_builder":"","_et_pb_old_content":"","_et_gb_content_width":""},"product_brand":[],"product_cat":[96,50],"product_tag":[],"proximite":[277,179],"class_list":{"0":"post-356255","1":"product","2":"type-product","3":"status-publish","4":"has-post-thumbnail","6":"product_cat-art-de-la-table","7":"product_cat-decorer","8":"product_shipping_class-fragile-8-5","9":"pa_couleur-rouge","10":"pa_etat-tres-bon-etat","11":"pa_materiau-plastique","12":"pa_style-vintage","13":"proximite-jura-nord-vaudois","14":"proximite-vaud","16":"first","17":"instock","18":"shipping-taxable","19":"purchasable","20":"product-type-simple"},"yoast_head":"<!-- This site is optimized with the Yoast SEO plugin v27.4 - https:\/\/yoast.com\/product\/yoast-seo-wordpress\/ -->\n<title>Service \u00e0 eau - th\u00e9 - Artipresent | lalmachine.com, mobilier et objets d\u00e9co vintage et design<\/title>\n<meta name=\"description\" content=\"Service \u00e0 eau - th\u00e9 - Artipresent\" \/>\n<meta name=\"robots\" content=\"index, follow, max-snippet:-1, max-image-preview:large, max-video-preview:-1\" \/>\n<link rel=\"canonical\" href=\"https:\/\/lalmachine.com\/de\/shop\/decorer\/art-de-la-table\/service-a-eau-the-artipresent\/\" \/>\n<meta property=\"og:locale\" content=\"de_DE\" \/>\n<meta property=\"og:type\" content=\"article\" \/>\n<meta property=\"og:title\" content=\"Service \u00e0 eau - th\u00e9 - Artipresent | lalmachine.com, mobilier et objets d\u00e9co vintage et design\" \/>\n<meta property=\"og:description\" content=\"Service \u00e0 eau - th\u00e9 - Artipresent\" \/>\n<meta property=\"og:url\" content=\"https:\/\/lalmachine.com\/de\/shop\/decorer\/art-de-la-table\/service-a-eau-the-artipresent\/\" \/>\n<meta property=\"og:site_name\" content=\"lalmachine.com\" \/>\n<meta property=\"article:publisher\" content=\"https:\/\/facebook.com\/lalmachine\" \/>\n<meta property=\"article:modified_time\" content=\"2026-02-04T11:05:11+00:00\" \/>\n<meta property=\"og:image\" content=\"https:\/\/lalmachine.com\/wp-content\/uploads\/2026\/02\/F82CED90-899F-4FB6-A2BB-079756F4E079_1_201_a_clipped_rev_1.jpeg\" \/>\n\t<meta property=\"og:image:width\" content=\"2125\" \/>\n\t<meta property=\"og:image:height\" content=\"2125\" \/>\n\t<meta property=\"og:image:type\" content=\"image\/jpeg\" \/>\n<meta name=\"twitter:card\" content=\"summary_large_image\" \/>\n<script type=\"application\/ld+json\" class=\"yoast-schema-graph\">{\"@context\":\"https:\\\/\\\/schema.org\",\"@graph\":[{\"@type\":\"WebPage\",\"@id\":\"https:\\\/\\\/lalmachine.com\\\/shop\\\/decorer\\\/art-de-la-table\\\/service-a-eau-the-artipresent\\\/\",\"url\":\"https:\\\/\\\/lalmachine.com\\\/shop\\\/decorer\\\/art-de-la-table\\\/service-a-eau-the-artipresent\\\/\",\"name\":\"Service \u00e0 eau - th\u00e9 - Artipresent | lalmachine.com, mobilier et objets d\u00e9co vintage et design\",\"isPartOf\":{\"@id\":\"https:\\\/\\\/lalmachine.com\\\/#website\"},\"primaryImageOfPage\":{\"@id\":\"https:\\\/\\\/lalmachine.com\\\/shop\\\/decorer\\\/art-de-la-table\\\/service-a-eau-the-artipresent\\\/#primaryimage\"},\"image\":{\"@id\":\"https:\\\/\\\/lalmachine.com\\\/shop\\\/decorer\\\/art-de-la-table\\\/service-a-eau-the-artipresent\\\/#primaryimage\"},\"thumbnailUrl\":\"https:\\\/\\\/lalmachine.com\\\/wp-content\\\/uploads\\\/2026\\\/02\\\/F82CED90-899F-4FB6-A2BB-079756F4E079_1_201_a_clipped_rev_1.jpeg\",\"datePublished\":\"2026-02-04T11:05:10+00:00\",\"dateModified\":\"2026-02-04T11:05:11+00:00\",\"description\":\"Service \u00e0 eau - th\u00e9 - Artipresent\",\"breadcrumb\":{\"@id\":\"https:\\\/\\\/lalmachine.com\\\/shop\\\/decorer\\\/art-de-la-table\\\/service-a-eau-the-artipresent\\\/#breadcrumb\"},\"inLanguage\":\"de\",\"potentialAction\":[{\"@type\":\"ReadAction\",\"target\":[\"https:\\\/\\\/lalmachine.com\\\/shop\\\/decorer\\\/art-de-la-table\\\/service-a-eau-the-artipresent\\\/\"]}]},{\"@type\":\"ImageObject\",\"inLanguage\":\"de\",\"@id\":\"https:\\\/\\\/lalmachine.com\\\/shop\\\/decorer\\\/art-de-la-table\\\/service-a-eau-the-artipresent\\\/#primaryimage\",\"url\":\"https:\\\/\\\/lalmachine.com\\\/wp-content\\\/uploads\\\/2026\\\/02\\\/F82CED90-899F-4FB6-A2BB-079756F4E079_1_201_a_clipped_rev_1.jpeg\",\"contentUrl\":\"https:\\\/\\\/lalmachine.com\\\/wp-content\\\/uploads\\\/2026\\\/02\\\/F82CED90-899F-4FB6-A2BB-079756F4E079_1_201_a_clipped_rev_1.jpeg\",\"width\":2125,\"height\":2125,\"caption\":\"Service \u00e0 eau - th\u00e9 - Artipresent\"},{\"@type\":\"BreadcrumbList\",\"@id\":\"https:\\\/\\\/lalmachine.com\\\/shop\\\/decorer\\\/art-de-la-table\\\/service-a-eau-the-artipresent\\\/#breadcrumb\",\"itemListElement\":[{\"@type\":\"ListItem\",\"position\":1,\"name\":\"Accueil\",\"item\":\"https:\\\/\\\/lalmachine.com\\\/\"},{\"@type\":\"ListItem\",\"position\":2,\"name\":\"Shop\",\"item\":\"https:\\\/\\\/lalmachine.com\\\/shop\\\/\"},{\"@type\":\"ListItem\",\"position\":3,\"name\":\"Service \u00e0 eau &#8211; th\u00e9 &#8211; Artipresent\"}]},{\"@type\":\"WebSite\",\"@id\":\"https:\\\/\\\/lalmachine.com\\\/#website\",\"url\":\"https:\\\/\\\/lalmachine.com\\\/\",\"name\":\"lalmachine.com\",\"description\":\"Brocante en ligne Suisse | Mobilier et objets d\u00e9co vintage et design\",\"potentialAction\":[{\"@type\":\"SearchAction\",\"target\":{\"@type\":\"EntryPoint\",\"urlTemplate\":\"https:\\\/\\\/lalmachine.com\\\/?s={search_term_string}\"},\"query-input\":{\"@type\":\"PropertyValueSpecification\",\"valueRequired\":true,\"valueName\":\"search_term_string\"}}],\"inLanguage\":\"de\"}]}<\/script>\n<!-- \/ Yoast SEO plugin. -->","yoast_head_json":{"title":"Service \u00e0 eau - th\u00e9 - Artipresent | lalmachine.com, mobilier et objets d\u00e9co vintage et design","description":"Service \u00e0 eau - th\u00e9 - Artipresent","robots":{"index":"index","follow":"follow","max-snippet":"max-snippet:-1","max-image-preview":"max-image-preview:large","max-video-preview":"max-video-preview:-1"},"canonical":"https:\/\/lalmachine.com\/de\/shop\/decorer\/art-de-la-table\/service-a-eau-the-artipresent\/","og_locale":"de_DE","og_type":"article","og_title":"Service \u00e0 eau - th\u00e9 - Artipresent | lalmachine.com, mobilier et objets d\u00e9co vintage et design","og_description":"Service \u00e0 eau - th\u00e9 - Artipresent","og_url":"https:\/\/lalmachine.com\/de\/shop\/decorer\/art-de-la-table\/service-a-eau-the-artipresent\/","og_site_name":"lalmachine.com","article_publisher":"https:\/\/facebook.com\/lalmachine","article_modified_time":"2026-02-04T11:05:11+00:00","og_image":[{"width":2125,"height":2125,"url":"https:\/\/lalmachine.com\/wp-content\/uploads\/2026\/02\/F82CED90-899F-4FB6-A2BB-079756F4E079_1_201_a_clipped_rev_1.jpeg","type":"image\/jpeg"}],"twitter_card":"summary_large_image","schema":{"@context":"https:\/\/schema.org","@graph":[{"@type":"WebPage","@id":"https:\/\/lalmachine.com\/shop\/decorer\/art-de-la-table\/service-a-eau-the-artipresent\/","url":"https:\/\/lalmachine.com\/shop\/decorer\/art-de-la-table\/service-a-eau-the-artipresent\/","name":"Service \u00e0 eau - th\u00e9 - Artipresent | lalmachine.com, mobilier et objets d\u00e9co vintage et design","isPartOf":{"@id":"https:\/\/lalmachine.com\/#website"},"primaryImageOfPage":{"@id":"https:\/\/lalmachine.com\/shop\/decorer\/art-de-la-table\/service-a-eau-the-artipresent\/#primaryimage"},"image":{"@id":"https:\/\/lalmachine.com\/shop\/decorer\/art-de-la-table\/service-a-eau-the-artipresent\/#primaryimage"},"thumbnailUrl":"https:\/\/lalmachine.com\/wp-content\/uploads\/2026\/02\/F82CED90-899F-4FB6-A2BB-079756F4E079_1_201_a_clipped_rev_1.jpeg","datePublished":"2026-02-04T11:05:10+00:00","dateModified":"2026-02-04T11:05:11+00:00","description":"Service \u00e0 eau - th\u00e9 - Artipresent","breadcrumb":{"@id":"https:\/\/lalmachine.com\/shop\/decorer\/art-de-la-table\/service-a-eau-the-artipresent\/#breadcrumb"},"inLanguage":"de","potentialAction":[{"@type":"ReadAction","target":["https:\/\/lalmachine.com\/shop\/decorer\/art-de-la-table\/service-a-eau-the-artipresent\/"]}]},{"@type":"ImageObject","inLanguage":"de","@id":"https:\/\/lalmachine.com\/shop\/decorer\/art-de-la-table\/service-a-eau-the-artipresent\/#primaryimage","url":"https:\/\/lalmachine.com\/wp-content\/uploads\/2026\/02\/F82CED90-899F-4FB6-A2BB-079756F4E079_1_201_a_clipped_rev_1.jpeg","contentUrl":"https:\/\/lalmachine.com\/wp-content\/uploads\/2026\/02\/F82CED90-899F-4FB6-A2BB-079756F4E079_1_201_a_clipped_rev_1.jpeg","width":2125,"height":2125,"caption":"Service \u00e0 eau - th\u00e9 - Artipresent"},{"@type":"BreadcrumbList","@id":"https:\/\/lalmachine.com\/shop\/decorer\/art-de-la-table\/service-a-eau-the-artipresent\/#breadcrumb","itemListElement":[{"@type":"ListItem","position":1,"name":"Accueil","item":"https:\/\/lalmachine.com\/"},{"@type":"ListItem","position":2,"name":"Shop","item":"https:\/\/lalmachine.com\/shop\/"},{"@type":"ListItem","position":3,"name":"Service \u00e0 eau &#8211; th\u00e9 &#8211; Artipresent"}]},{"@type":"WebSite","@id":"https:\/\/lalmachine.com\/#website","url":"https:\/\/lalmachine.com\/","name":"lalmachine.com","description":"Brocante en ligne Suisse | Mobilier et objets d\u00e9co vintage et design","potentialAction":[{"@type":"SearchAction","target":{"@type":"EntryPoint","urlTemplate":"https:\/\/lalmachine.com\/?s={search_term_string}"},"query-input":{"@type":"PropertyValueSpecification","valueRequired":true,"valueName":"search_term_string"}}],"inLanguage":"de"}]}},"_links":{"self":[{"href":"https:\/\/lalmachine.com\/de\/wp-json\/wp\/v2\/product\/356255","targetHints":{"allow":["GET"]}}],"collection":[{"href":"https:\/\/lalmachine.com\/de\/wp-json\/wp\/v2\/product"}],"about":[{"href":"https:\/\/lalmachine.com\/de\/wp-json\/wp\/v2\/types\/product"}],"wp:featuredmedia":[{"embeddable":true,"href":"https:\/\/lalmachine.com\/de\/wp-json\/wp\/v2\/media\/356286"}],"wp:attachment":[{"href":"https:\/\/lalmachine.com\/de\/wp-json\/wp\/v2\/media?parent=356255"}],"wp:term":[{"taxonomy":"product_brand","embeddable":true,"href":"https:\/\/lalmachine.com\/de\/wp-json\/wp\/v2\/product_brand?post=356255"},{"taxonomy":"product_cat","embeddable":true,"href":"https:\/\/lalmachine.com\/de\/wp-json\/wp\/v2\/product_cat?post=356255"},{"taxonomy":"product_tag","embeddable":true,"href":"https:\/\/lalmachine.com\/de\/wp-json\/wp\/v2\/product_tag?post=356255"},{"taxonomy":"proximite","embeddable":true,"href":"https:\/\/lalmachine.com\/de\/wp-json\/wp\/v2\/proximite?post=356255"}],"curies":[{"name":"wp","href":"https:\/\/api.w.org\/{rel}","templated":true}]}}