{"id":356410,"date":"2026-02-06T16:43:56","date_gmt":"2026-02-06T15:43:56","guid":{"rendered":"https:\/\/lalmachine.com\/?post_type=product&#038;p=356410"},"modified":"2026-04-12T20:07:41","modified_gmt":"2026-04-12T18:07:41","slug":"cendrier-en-verre-de-murano-de-antonio-da-ros","status":"publish","type":"product","link":"https:\/\/lalmachine.com\/de\/shop\/decorer\/decoration\/cendrier-en-verre-de-murano-de-antonio-da-ros\/","title":{"rendered":"Cendrier en verre de murano de Antonio Da Ros"},"content":{"rendered":"<ul class=\"wpuf_customs\"><li style=\"list-style-type:none;\"><label>Autres photos:<\/label> <a href=\"https:\/\/lalmachine.com\/wp-content\/uploads\/2026\/02\/Photoroom_001_20260127_213150.jpeg\"><img loading=\"lazy\" decoding=\"async\" width=\"64\" height=\"96\" src=\"https:\/\/lalmachine.com\/wp-content\/uploads\/2026\/02\/Photoroom_001_20260127_213150.jpeg\" class=\"attachment-thumbnail size-thumbnail\" alt=\"\" \/><\/a> <a href=\"https:\/\/lalmachine.com\/wp-content\/uploads\/2026\/02\/Photoroom_004_20260127_213150.jpeg\"><img loading=\"lazy\" decoding=\"async\" width=\"64\" height=\"96\" src=\"https:\/\/lalmachine.com\/wp-content\/uploads\/2026\/02\/Photoroom_004_20260127_213150.jpeg\" class=\"attachment-thumbnail size-thumbnail\" alt=\"\" \/><\/a> <a href=\"https:\/\/lalmachine.com\/wp-content\/uploads\/2026\/02\/Photoroom_005_20260127_213150.jpeg\"><img loading=\"lazy\" decoding=\"async\" width=\"64\" height=\"96\" src=\"https:\/\/lalmachine.com\/wp-content\/uploads\/2026\/02\/Photoroom_005_20260127_213150.jpeg\" class=\"attachment-thumbnail size-thumbnail\" alt=\"\" \/><\/a> <\/li>        <li class=\"wpuf-field-data wpuf-field-data-numeric_text_field\">\n                            <label>Prix:<\/label>\n                        50        <\/li>\n                <li class=\"wpuf-field-data wpuf-field-data-numeric_text_field\">\n                            <label>Quantit\u00e9:<\/label>\n                        0        <\/li>\n                <li class=\"wpuf-field-data wpuf-field-data-numeric_text_field\">\n                            <label>Hauteur (cm):<\/label>\n                        10        <\/li>\n                <li class=\"wpuf-field-data wpuf-field-data-numeric_text_field\">\n                            <label>Largeur (cm):<\/label>\n                        4        <\/li>\n                <li class=\"wpuf-field-data wpuf-field-data-numeric_text_field\">\n                            <label>Profondeur (cm):<\/label>\n                        4        <\/li>\n        <\/ul>","protected":false},"excerpt":{"rendered":"<p>Cet objet est un cendrier ou vide poches en verre de Murano de couleur rouge de l\u2019artiste v\u00e9nitien Antonio da Ros pour la verrerie Gino Cenedese (maintenant Ars Cenedese Murano), o\u00f9 Da Ros a travaill\u00e9 comme directeur artistique \u00e0 partir de 1958. Cet artiste est reconnu pour son utilisation de la technique du verre sommerso (submerg\u00e9).<br \/>\nCette pi\u00e8ce se caract\u00e9rise par l\u2019utilisation de couleurs vives et de formes sculpturales en blocs de verre \u00e9pais.<\/p>","protected":false},"featured_media":356520,"template":"","meta":{"_et_pb_use_builder":"","_et_pb_old_content":"","_et_gb_content_width":""},"product_brand":[],"product_cat":[94,50],"product_tag":[],"proximite":[177,233],"class_list":{"0":"post-356410","1":"product","2":"type-product","3":"status-publish","4":"has-post-thumbnail","6":"product_cat-decoration","7":"product_cat-decorer","8":"pa_couleur-rouge","9":"pa_etat-tres-bon-etat","10":"pa_materiau-verre","11":"pa_style-vintage","12":"proximite-fribourg","13":"proximite-gruyere","15":"first","16":"outofstock","17":"shipping-taxable","18":"purchasable","19":"product-type-simple"},"yoast_head":"<!-- This site is optimized with the Yoast SEO plugin v27.4 - https:\/\/yoast.com\/product\/yoast-seo-wordpress\/ -->\n<title>Cendrier en verre de murano de Antonio Da Ros | lalmachine.com<\/title>\n<meta name=\"description\" content=\"Cendrier en verre de murano de Antonio Da Ros\" \/>\n<meta name=\"robots\" content=\"index, follow, max-snippet:-1, max-image-preview:large, max-video-preview:-1\" \/>\n<link rel=\"canonical\" href=\"https:\/\/lalmachine.com\/de\/shop\/decorer\/decoration\/cendrier-en-verre-de-murano-de-antonio-da-ros\/\" \/>\n<meta property=\"og:locale\" content=\"de_DE\" \/>\n<meta property=\"og:type\" content=\"article\" \/>\n<meta property=\"og:title\" content=\"Cendrier en verre de murano de Antonio Da Ros | lalmachine.com\" \/>\n<meta property=\"og:description\" content=\"Cendrier en verre de murano de Antonio Da Ros\" \/>\n<meta property=\"og:url\" content=\"https:\/\/lalmachine.com\/de\/shop\/decorer\/decoration\/cendrier-en-verre-de-murano-de-antonio-da-ros\/\" \/>\n<meta property=\"og:site_name\" content=\"lalmachine.com\" \/>\n<meta property=\"article:publisher\" content=\"https:\/\/facebook.com\/lalmachine\" \/>\n<meta property=\"article:modified_time\" content=\"2026-04-12T18:07:41+00:00\" \/>\n<meta property=\"og:image\" content=\"https:\/\/lalmachine.com\/wp-content\/uploads\/2026\/02\/Photoroom_20260127_213237_clipped_rev_1.jpeg\" \/>\n\t<meta property=\"og:image:width\" content=\"2098\" \/>\n\t<meta property=\"og:image:height\" content=\"2098\" \/>\n\t<meta property=\"og:image:type\" content=\"image\/jpeg\" \/>\n<meta name=\"twitter:card\" content=\"summary_large_image\" \/>\n<script type=\"application\/ld+json\" class=\"yoast-schema-graph\">{\"@context\":\"https:\\\/\\\/schema.org\",\"@graph\":[{\"@type\":\"WebPage\",\"@id\":\"https:\\\/\\\/lalmachine.com\\\/shop\\\/decorer\\\/decoration\\\/cendrier-en-verre-de-murano-de-antonio-da-ros\\\/\",\"url\":\"https:\\\/\\\/lalmachine.com\\\/shop\\\/decorer\\\/decoration\\\/cendrier-en-verre-de-murano-de-antonio-da-ros\\\/\",\"name\":\"Cendrier en verre de murano de Antonio Da Ros | lalmachine.com\",\"isPartOf\":{\"@id\":\"https:\\\/\\\/lalmachine.com\\\/#website\"},\"primaryImageOfPage\":{\"@id\":\"https:\\\/\\\/lalmachine.com\\\/shop\\\/decorer\\\/decoration\\\/cendrier-en-verre-de-murano-de-antonio-da-ros\\\/#primaryimage\"},\"image\":{\"@id\":\"https:\\\/\\\/lalmachine.com\\\/shop\\\/decorer\\\/decoration\\\/cendrier-en-verre-de-murano-de-antonio-da-ros\\\/#primaryimage\"},\"thumbnailUrl\":\"https:\\\/\\\/lalmachine.com\\\/wp-content\\\/uploads\\\/2026\\\/02\\\/Photoroom_20260127_213237_clipped_rev_1.jpeg\",\"datePublished\":\"2026-02-06T15:43:56+00:00\",\"dateModified\":\"2026-04-12T18:07:41+00:00\",\"description\":\"Cendrier en verre de murano de Antonio Da Ros\",\"breadcrumb\":{\"@id\":\"https:\\\/\\\/lalmachine.com\\\/shop\\\/decorer\\\/decoration\\\/cendrier-en-verre-de-murano-de-antonio-da-ros\\\/#breadcrumb\"},\"inLanguage\":\"de\",\"potentialAction\":[{\"@type\":\"ReadAction\",\"target\":[\"https:\\\/\\\/lalmachine.com\\\/shop\\\/decorer\\\/decoration\\\/cendrier-en-verre-de-murano-de-antonio-da-ros\\\/\"]}]},{\"@type\":\"ImageObject\",\"inLanguage\":\"de\",\"@id\":\"https:\\\/\\\/lalmachine.com\\\/shop\\\/decorer\\\/decoration\\\/cendrier-en-verre-de-murano-de-antonio-da-ros\\\/#primaryimage\",\"url\":\"https:\\\/\\\/lalmachine.com\\\/wp-content\\\/uploads\\\/2026\\\/02\\\/Photoroom_20260127_213237_clipped_rev_1.jpeg\",\"contentUrl\":\"https:\\\/\\\/lalmachine.com\\\/wp-content\\\/uploads\\\/2026\\\/02\\\/Photoroom_20260127_213237_clipped_rev_1.jpeg\",\"width\":2098,\"height\":2098,\"caption\":\"Cendrier en verre de murano de Antonio Da Ros\"},{\"@type\":\"BreadcrumbList\",\"@id\":\"https:\\\/\\\/lalmachine.com\\\/shop\\\/decorer\\\/decoration\\\/cendrier-en-verre-de-murano-de-antonio-da-ros\\\/#breadcrumb\",\"itemListElement\":[{\"@type\":\"ListItem\",\"position\":1,\"name\":\"Accueil\",\"item\":\"https:\\\/\\\/lalmachine.com\\\/\"},{\"@type\":\"ListItem\",\"position\":2,\"name\":\"Shop\",\"item\":\"https:\\\/\\\/lalmachine.com\\\/shop\\\/\"},{\"@type\":\"ListItem\",\"position\":3,\"name\":\"Cendrier en verre de murano de Antonio Da Ros\"}]},{\"@type\":\"WebSite\",\"@id\":\"https:\\\/\\\/lalmachine.com\\\/#website\",\"url\":\"https:\\\/\\\/lalmachine.com\\\/\",\"name\":\"lalmachine.com\",\"description\":\"Brocante en ligne Suisse | Mobilier et objets d\u00e9co vintage et design\",\"potentialAction\":[{\"@type\":\"SearchAction\",\"target\":{\"@type\":\"EntryPoint\",\"urlTemplate\":\"https:\\\/\\\/lalmachine.com\\\/?s={search_term_string}\"},\"query-input\":{\"@type\":\"PropertyValueSpecification\",\"valueRequired\":true,\"valueName\":\"search_term_string\"}}],\"inLanguage\":\"de\"}]}<\/script>\n<!-- \/ Yoast SEO plugin. -->","yoast_head_json":{"title":"Cendrier en verre de murano de Antonio Da Ros | lalmachine.com","description":"Cendrier en verre de murano de Antonio Da Ros","robots":{"index":"index","follow":"follow","max-snippet":"max-snippet:-1","max-image-preview":"max-image-preview:large","max-video-preview":"max-video-preview:-1"},"canonical":"https:\/\/lalmachine.com\/de\/shop\/decorer\/decoration\/cendrier-en-verre-de-murano-de-antonio-da-ros\/","og_locale":"de_DE","og_type":"article","og_title":"Cendrier en verre de murano de Antonio Da Ros | lalmachine.com","og_description":"Cendrier en verre de murano de Antonio Da Ros","og_url":"https:\/\/lalmachine.com\/de\/shop\/decorer\/decoration\/cendrier-en-verre-de-murano-de-antonio-da-ros\/","og_site_name":"lalmachine.com","article_publisher":"https:\/\/facebook.com\/lalmachine","article_modified_time":"2026-04-12T18:07:41+00:00","og_image":[{"width":2098,"height":2098,"url":"https:\/\/lalmachine.com\/wp-content\/uploads\/2026\/02\/Photoroom_20260127_213237_clipped_rev_1.jpeg","type":"image\/jpeg"}],"twitter_card":"summary_large_image","schema":{"@context":"https:\/\/schema.org","@graph":[{"@type":"WebPage","@id":"https:\/\/lalmachine.com\/shop\/decorer\/decoration\/cendrier-en-verre-de-murano-de-antonio-da-ros\/","url":"https:\/\/lalmachine.com\/shop\/decorer\/decoration\/cendrier-en-verre-de-murano-de-antonio-da-ros\/","name":"Cendrier en verre de murano de Antonio Da Ros | lalmachine.com","isPartOf":{"@id":"https:\/\/lalmachine.com\/#website"},"primaryImageOfPage":{"@id":"https:\/\/lalmachine.com\/shop\/decorer\/decoration\/cendrier-en-verre-de-murano-de-antonio-da-ros\/#primaryimage"},"image":{"@id":"https:\/\/lalmachine.com\/shop\/decorer\/decoration\/cendrier-en-verre-de-murano-de-antonio-da-ros\/#primaryimage"},"thumbnailUrl":"https:\/\/lalmachine.com\/wp-content\/uploads\/2026\/02\/Photoroom_20260127_213237_clipped_rev_1.jpeg","datePublished":"2026-02-06T15:43:56+00:00","dateModified":"2026-04-12T18:07:41+00:00","description":"Cendrier en verre de murano de Antonio Da Ros","breadcrumb":{"@id":"https:\/\/lalmachine.com\/shop\/decorer\/decoration\/cendrier-en-verre-de-murano-de-antonio-da-ros\/#breadcrumb"},"inLanguage":"de","potentialAction":[{"@type":"ReadAction","target":["https:\/\/lalmachine.com\/shop\/decorer\/decoration\/cendrier-en-verre-de-murano-de-antonio-da-ros\/"]}]},{"@type":"ImageObject","inLanguage":"de","@id":"https:\/\/lalmachine.com\/shop\/decorer\/decoration\/cendrier-en-verre-de-murano-de-antonio-da-ros\/#primaryimage","url":"https:\/\/lalmachine.com\/wp-content\/uploads\/2026\/02\/Photoroom_20260127_213237_clipped_rev_1.jpeg","contentUrl":"https:\/\/lalmachine.com\/wp-content\/uploads\/2026\/02\/Photoroom_20260127_213237_clipped_rev_1.jpeg","width":2098,"height":2098,"caption":"Cendrier en verre de murano de Antonio Da Ros"},{"@type":"BreadcrumbList","@id":"https:\/\/lalmachine.com\/shop\/decorer\/decoration\/cendrier-en-verre-de-murano-de-antonio-da-ros\/#breadcrumb","itemListElement":[{"@type":"ListItem","position":1,"name":"Accueil","item":"https:\/\/lalmachine.com\/"},{"@type":"ListItem","position":2,"name":"Shop","item":"https:\/\/lalmachine.com\/shop\/"},{"@type":"ListItem","position":3,"name":"Cendrier en verre de murano de Antonio Da Ros"}]},{"@type":"WebSite","@id":"https:\/\/lalmachine.com\/#website","url":"https:\/\/lalmachine.com\/","name":"lalmachine.com","description":"Brocante en ligne Suisse | Mobilier et objets d\u00e9co vintage et design","potentialAction":[{"@type":"SearchAction","target":{"@type":"EntryPoint","urlTemplate":"https:\/\/lalmachine.com\/?s={search_term_string}"},"query-input":{"@type":"PropertyValueSpecification","valueRequired":true,"valueName":"search_term_string"}}],"inLanguage":"de"}]}},"_links":{"self":[{"href":"https:\/\/lalmachine.com\/de\/wp-json\/wp\/v2\/product\/356410","targetHints":{"allow":["GET"]}}],"collection":[{"href":"https:\/\/lalmachine.com\/de\/wp-json\/wp\/v2\/product"}],"about":[{"href":"https:\/\/lalmachine.com\/de\/wp-json\/wp\/v2\/types\/product"}],"wp:featuredmedia":[{"embeddable":true,"href":"https:\/\/lalmachine.com\/de\/wp-json\/wp\/v2\/media\/356520"}],"wp:attachment":[{"href":"https:\/\/lalmachine.com\/de\/wp-json\/wp\/v2\/media?parent=356410"}],"wp:term":[{"taxonomy":"product_brand","embeddable":true,"href":"https:\/\/lalmachine.com\/de\/wp-json\/wp\/v2\/product_brand?post=356410"},{"taxonomy":"product_cat","embeddable":true,"href":"https:\/\/lalmachine.com\/de\/wp-json\/wp\/v2\/product_cat?post=356410"},{"taxonomy":"product_tag","embeddable":true,"href":"https:\/\/lalmachine.com\/de\/wp-json\/wp\/v2\/product_tag?post=356410"},{"taxonomy":"proximite","embeddable":true,"href":"https:\/\/lalmachine.com\/de\/wp-json\/wp\/v2\/proximite?post=356410"}],"curies":[{"name":"wp","href":"https:\/\/api.w.org\/{rel}","templated":true}]}}