{"id":356427,"date":"2026-02-06T16:43:59","date_gmt":"2026-02-06T15:43:59","guid":{"rendered":"https:\/\/lalmachine.com\/?post_type=product&#038;p=356427"},"modified":"2026-02-06T16:44:00","modified_gmt":"2026-02-06T15:44:00","slug":"sculpture-en-bronze-dune-pate-de-lion","status":"publish","type":"product","link":"https:\/\/lalmachine.com\/de\/shop\/decorer\/decoration\/sculpture-en-bronze-dune-pate-de-lion\/","title":{"rendered":"Sculpture en bronze d\u2019une p\u00e2te de lion"},"content":{"rendered":"<ul class=\"wpuf_customs\"><li style=\"list-style-type:none;\"><label>Autres photos:<\/label> <a href=\"https:\/\/lalmachine.com\/wp-content\/uploads\/2026\/02\/Photoroom_001_20260127_212540.jpeg\"><img loading=\"lazy\" decoding=\"async\" width=\"128\" height=\"85\" src=\"https:\/\/lalmachine.com\/wp-content\/uploads\/2026\/02\/Photoroom_001_20260127_212540.jpeg\" class=\"attachment-thumbnail size-thumbnail\" alt=\"\" \/><\/a> <a href=\"https:\/\/lalmachine.com\/wp-content\/uploads\/2026\/02\/Photoroom_004_20260127_212540.jpeg\"><img loading=\"lazy\" decoding=\"async\" width=\"128\" height=\"85\" src=\"https:\/\/lalmachine.com\/wp-content\/uploads\/2026\/02\/Photoroom_004_20260127_212540.jpeg\" class=\"attachment-thumbnail size-thumbnail\" alt=\"\" \/><\/a> <a href=\"https:\/\/lalmachine.com\/wp-content\/uploads\/2026\/02\/Photoroom_003_20260127_212540.jpeg\"><img loading=\"lazy\" decoding=\"async\" width=\"64\" height=\"96\" src=\"https:\/\/lalmachine.com\/wp-content\/uploads\/2026\/02\/Photoroom_003_20260127_212540.jpeg\" class=\"attachment-thumbnail size-thumbnail\" alt=\"\" \/><\/a> <a href=\"https:\/\/lalmachine.com\/wp-content\/uploads\/2026\/02\/Photoroom_002_20260127_212540.jpeg\"><img loading=\"lazy\" decoding=\"async\" width=\"64\" height=\"96\" src=\"https:\/\/lalmachine.com\/wp-content\/uploads\/2026\/02\/Photoroom_002_20260127_212540.jpeg\" class=\"attachment-thumbnail size-thumbnail\" alt=\"\" \/><\/a> <\/li>        <li class=\"wpuf-field-data wpuf-field-data-numeric_text_field\">\n                            <label>Prix:<\/label>\n                        120        <\/li>\n                <li class=\"wpuf-field-data wpuf-field-data-numeric_text_field\">\n                            <label>Quantit\u00e9:<\/label>\n                        1        <\/li>\n                <li class=\"wpuf-field-data wpuf-field-data-numeric_text_field\">\n                            <label>Hauteur (cm):<\/label>\n                        3        <\/li>\n                <li class=\"wpuf-field-data wpuf-field-data-numeric_text_field\">\n                            <label>Largeur (cm):<\/label>\n                        14        <\/li>\n                <li class=\"wpuf-field-data wpuf-field-data-numeric_text_field\">\n                            <label>Profondeur (cm):<\/label>\n                        16        <\/li>\n        <\/ul>","protected":false},"excerpt":{"rendered":"<p>Cet objet est une sculpture en bronze r\u00e9alis\u00e9e par l\u2019artiste britannico-k\u00e9nyan Denis Mathews. Il s\u2019agit d\u2019une reproduction grandeur nature, moul\u00e9e par l\u2019artiste \u00e0 partir d\u2019une v\u00e9ritable empreinte de lion trouv\u00e9e dans la nature. Celle-ci est num\u00e9rot\u00e9e 143 \/ 200 et sign\u00e9e de l\u2019artiste. Elle est souvent utilis\u00e9e comme plateau, vide-poche ou cendrier Le nom \u00ab Soreboy \u00bb vient d\u2019un lionceau qui avait une patte bless\u00e9e.<\/p>\n<p>Denis Mathews (1913\u20131997) \u00e9tait un artiste paysagiste, dessinateur et sculpteur animalier renomm\u00e9, particuli\u00e8rement connu pour ses bronzes de la faune africaine. Il a fond\u00e9 la premi\u00e8re fonderie de bronze au Kenya, Matbronze Wildlife Art, en 1987.<\/p>","protected":false},"featured_media":356524,"template":"","meta":{"_et_pb_use_builder":"","_et_pb_old_content":"","_et_gb_content_width":""},"product_brand":[],"product_cat":[94,50],"product_tag":[],"proximite":[177,233],"class_list":{"0":"post-356427","1":"product","2":"type-product","3":"status-publish","4":"has-post-thumbnail","6":"product_cat-decoration","7":"product_cat-decorer","8":"pa_couleur-marron","9":"pa_etat-tres-bon-etat","10":"pa_materiau-metal","11":"pa_style-vintage","12":"proximite-fribourg","13":"proximite-gruyere","15":"first","16":"instock","17":"shipping-taxable","18":"purchasable","19":"product-type-simple"},"yoast_head":"<!-- This site is optimized with the Yoast SEO plugin v27.3 - https:\/\/yoast.com\/product\/yoast-seo-wordpress\/ -->\n<title>Sculpture en bronze d\u2019une p\u00e2te de lion | lalmachine.com, mobilier et objets d\u00e9co vintage et design<\/title>\n<meta name=\"description\" content=\"Sculpture en bronze d\u2019une p\u00e2te de lion, Kenya\" \/>\n<meta name=\"robots\" content=\"index, follow, max-snippet:-1, max-image-preview:large, max-video-preview:-1\" \/>\n<link rel=\"canonical\" href=\"https:\/\/lalmachine.com\/de\/shop\/decorer\/decoration\/sculpture-en-bronze-dune-pate-de-lion\/\" \/>\n<meta property=\"og:locale\" content=\"de_DE\" \/>\n<meta property=\"og:type\" content=\"article\" \/>\n<meta property=\"og:title\" content=\"Sculpture en bronze d\u2019une p\u00e2te de lion | lalmachine.com, mobilier et objets d\u00e9co vintage et design\" \/>\n<meta property=\"og:description\" content=\"Sculpture en bronze d\u2019une p\u00e2te de lion, Kenya\" \/>\n<meta property=\"og:url\" content=\"https:\/\/lalmachine.com\/de\/shop\/decorer\/decoration\/sculpture-en-bronze-dune-pate-de-lion\/\" \/>\n<meta property=\"og:site_name\" content=\"lalmachine.com\" \/>\n<meta property=\"article:publisher\" content=\"https:\/\/facebook.com\/lalmachine\" \/>\n<meta property=\"article:modified_time\" content=\"2026-02-06T15:44:00+00:00\" \/>\n<meta property=\"og:image\" content=\"https:\/\/lalmachine.com\/wp-content\/uploads\/2026\/02\/Photoroom_20260127_212652_clipped_rev_1.jpeg\" \/>\n\t<meta property=\"og:image:width\" content=\"2272\" \/>\n\t<meta property=\"og:image:height\" content=\"2273\" \/>\n\t<meta property=\"og:image:type\" content=\"image\/jpeg\" \/>\n<meta name=\"twitter:card\" content=\"summary_large_image\" \/>\n<script type=\"application\/ld+json\" class=\"yoast-schema-graph\">{\"@context\":\"https:\\\/\\\/schema.org\",\"@graph\":[{\"@type\":\"WebPage\",\"@id\":\"https:\\\/\\\/lalmachine.com\\\/shop\\\/decorer\\\/decoration\\\/sculpture-en-bronze-dune-pate-de-lion\\\/\",\"url\":\"https:\\\/\\\/lalmachine.com\\\/shop\\\/decorer\\\/decoration\\\/sculpture-en-bronze-dune-pate-de-lion\\\/\",\"name\":\"Sculpture en bronze d\u2019une p\u00e2te de lion | lalmachine.com, mobilier et objets d\u00e9co vintage et design\",\"isPartOf\":{\"@id\":\"https:\\\/\\\/lalmachine.com\\\/#website\"},\"primaryImageOfPage\":{\"@id\":\"https:\\\/\\\/lalmachine.com\\\/shop\\\/decorer\\\/decoration\\\/sculpture-en-bronze-dune-pate-de-lion\\\/#primaryimage\"},\"image\":{\"@id\":\"https:\\\/\\\/lalmachine.com\\\/shop\\\/decorer\\\/decoration\\\/sculpture-en-bronze-dune-pate-de-lion\\\/#primaryimage\"},\"thumbnailUrl\":\"https:\\\/\\\/lalmachine.com\\\/wp-content\\\/uploads\\\/2026\\\/02\\\/Photoroom_20260127_212652_clipped_rev_1.jpeg\",\"datePublished\":\"2026-02-06T15:43:59+00:00\",\"dateModified\":\"2026-02-06T15:44:00+00:00\",\"description\":\"Sculpture en bronze d\u2019une p\u00e2te de lion, Kenya\",\"breadcrumb\":{\"@id\":\"https:\\\/\\\/lalmachine.com\\\/shop\\\/decorer\\\/decoration\\\/sculpture-en-bronze-dune-pate-de-lion\\\/#breadcrumb\"},\"inLanguage\":\"de\",\"potentialAction\":[{\"@type\":\"ReadAction\",\"target\":[\"https:\\\/\\\/lalmachine.com\\\/shop\\\/decorer\\\/decoration\\\/sculpture-en-bronze-dune-pate-de-lion\\\/\"]}]},{\"@type\":\"ImageObject\",\"inLanguage\":\"de\",\"@id\":\"https:\\\/\\\/lalmachine.com\\\/shop\\\/decorer\\\/decoration\\\/sculpture-en-bronze-dune-pate-de-lion\\\/#primaryimage\",\"url\":\"https:\\\/\\\/lalmachine.com\\\/wp-content\\\/uploads\\\/2026\\\/02\\\/Photoroom_20260127_212652_clipped_rev_1.jpeg\",\"contentUrl\":\"https:\\\/\\\/lalmachine.com\\\/wp-content\\\/uploads\\\/2026\\\/02\\\/Photoroom_20260127_212652_clipped_rev_1.jpeg\",\"width\":2272,\"height\":2273},{\"@type\":\"BreadcrumbList\",\"@id\":\"https:\\\/\\\/lalmachine.com\\\/shop\\\/decorer\\\/decoration\\\/sculpture-en-bronze-dune-pate-de-lion\\\/#breadcrumb\",\"itemListElement\":[{\"@type\":\"ListItem\",\"position\":1,\"name\":\"Accueil\",\"item\":\"https:\\\/\\\/lalmachine.com\\\/\"},{\"@type\":\"ListItem\",\"position\":2,\"name\":\"Shop\",\"item\":\"https:\\\/\\\/lalmachine.com\\\/shop\\\/\"},{\"@type\":\"ListItem\",\"position\":3,\"name\":\"Sculpture en bronze d\u2019une p\u00e2te de lion\"}]},{\"@type\":\"WebSite\",\"@id\":\"https:\\\/\\\/lalmachine.com\\\/#website\",\"url\":\"https:\\\/\\\/lalmachine.com\\\/\",\"name\":\"lalmachine.com\",\"description\":\"Brocante en ligne Suisse | Mobilier et objets d\u00e9co vintage et design\",\"potentialAction\":[{\"@type\":\"SearchAction\",\"target\":{\"@type\":\"EntryPoint\",\"urlTemplate\":\"https:\\\/\\\/lalmachine.com\\\/?s={search_term_string}\"},\"query-input\":{\"@type\":\"PropertyValueSpecification\",\"valueRequired\":true,\"valueName\":\"search_term_string\"}}],\"inLanguage\":\"de\"}]}<\/script>\n<!-- \/ Yoast SEO plugin. -->","yoast_head_json":{"title":"Sculpture en bronze d\u2019une p\u00e2te de lion | lalmachine.com, mobilier et objets d\u00e9co vintage et design","description":"Sculpture en bronze d\u2019une p\u00e2te de lion, Kenya","robots":{"index":"index","follow":"follow","max-snippet":"max-snippet:-1","max-image-preview":"max-image-preview:large","max-video-preview":"max-video-preview:-1"},"canonical":"https:\/\/lalmachine.com\/de\/shop\/decorer\/decoration\/sculpture-en-bronze-dune-pate-de-lion\/","og_locale":"de_DE","og_type":"article","og_title":"Sculpture en bronze d\u2019une p\u00e2te de lion | lalmachine.com, mobilier et objets d\u00e9co vintage et design","og_description":"Sculpture en bronze d\u2019une p\u00e2te de lion, Kenya","og_url":"https:\/\/lalmachine.com\/de\/shop\/decorer\/decoration\/sculpture-en-bronze-dune-pate-de-lion\/","og_site_name":"lalmachine.com","article_publisher":"https:\/\/facebook.com\/lalmachine","article_modified_time":"2026-02-06T15:44:00+00:00","og_image":[{"width":2272,"height":2273,"url":"https:\/\/lalmachine.com\/wp-content\/uploads\/2026\/02\/Photoroom_20260127_212652_clipped_rev_1.jpeg","type":"image\/jpeg"}],"twitter_card":"summary_large_image","schema":{"@context":"https:\/\/schema.org","@graph":[{"@type":"WebPage","@id":"https:\/\/lalmachine.com\/shop\/decorer\/decoration\/sculpture-en-bronze-dune-pate-de-lion\/","url":"https:\/\/lalmachine.com\/shop\/decorer\/decoration\/sculpture-en-bronze-dune-pate-de-lion\/","name":"Sculpture en bronze d\u2019une p\u00e2te de lion | lalmachine.com, mobilier et objets d\u00e9co vintage et design","isPartOf":{"@id":"https:\/\/lalmachine.com\/#website"},"primaryImageOfPage":{"@id":"https:\/\/lalmachine.com\/shop\/decorer\/decoration\/sculpture-en-bronze-dune-pate-de-lion\/#primaryimage"},"image":{"@id":"https:\/\/lalmachine.com\/shop\/decorer\/decoration\/sculpture-en-bronze-dune-pate-de-lion\/#primaryimage"},"thumbnailUrl":"https:\/\/lalmachine.com\/wp-content\/uploads\/2026\/02\/Photoroom_20260127_212652_clipped_rev_1.jpeg","datePublished":"2026-02-06T15:43:59+00:00","dateModified":"2026-02-06T15:44:00+00:00","description":"Sculpture en bronze d\u2019une p\u00e2te de lion, Kenya","breadcrumb":{"@id":"https:\/\/lalmachine.com\/shop\/decorer\/decoration\/sculpture-en-bronze-dune-pate-de-lion\/#breadcrumb"},"inLanguage":"de","potentialAction":[{"@type":"ReadAction","target":["https:\/\/lalmachine.com\/shop\/decorer\/decoration\/sculpture-en-bronze-dune-pate-de-lion\/"]}]},{"@type":"ImageObject","inLanguage":"de","@id":"https:\/\/lalmachine.com\/shop\/decorer\/decoration\/sculpture-en-bronze-dune-pate-de-lion\/#primaryimage","url":"https:\/\/lalmachine.com\/wp-content\/uploads\/2026\/02\/Photoroom_20260127_212652_clipped_rev_1.jpeg","contentUrl":"https:\/\/lalmachine.com\/wp-content\/uploads\/2026\/02\/Photoroom_20260127_212652_clipped_rev_1.jpeg","width":2272,"height":2273},{"@type":"BreadcrumbList","@id":"https:\/\/lalmachine.com\/shop\/decorer\/decoration\/sculpture-en-bronze-dune-pate-de-lion\/#breadcrumb","itemListElement":[{"@type":"ListItem","position":1,"name":"Accueil","item":"https:\/\/lalmachine.com\/"},{"@type":"ListItem","position":2,"name":"Shop","item":"https:\/\/lalmachine.com\/shop\/"},{"@type":"ListItem","position":3,"name":"Sculpture en bronze d\u2019une p\u00e2te de lion"}]},{"@type":"WebSite","@id":"https:\/\/lalmachine.com\/#website","url":"https:\/\/lalmachine.com\/","name":"lalmachine.com","description":"Brocante en ligne Suisse | Mobilier et objets d\u00e9co vintage et design","potentialAction":[{"@type":"SearchAction","target":{"@type":"EntryPoint","urlTemplate":"https:\/\/lalmachine.com\/?s={search_term_string}"},"query-input":{"@type":"PropertyValueSpecification","valueRequired":true,"valueName":"search_term_string"}}],"inLanguage":"de"}]}},"_links":{"self":[{"href":"https:\/\/lalmachine.com\/de\/wp-json\/wp\/v2\/product\/356427","targetHints":{"allow":["GET"]}}],"collection":[{"href":"https:\/\/lalmachine.com\/de\/wp-json\/wp\/v2\/product"}],"about":[{"href":"https:\/\/lalmachine.com\/de\/wp-json\/wp\/v2\/types\/product"}],"wp:featuredmedia":[{"embeddable":true,"href":"https:\/\/lalmachine.com\/de\/wp-json\/wp\/v2\/media\/356524"}],"wp:attachment":[{"href":"https:\/\/lalmachine.com\/de\/wp-json\/wp\/v2\/media?parent=356427"}],"wp:term":[{"taxonomy":"product_brand","embeddable":true,"href":"https:\/\/lalmachine.com\/de\/wp-json\/wp\/v2\/product_brand?post=356427"},{"taxonomy":"product_cat","embeddable":true,"href":"https:\/\/lalmachine.com\/de\/wp-json\/wp\/v2\/product_cat?post=356427"},{"taxonomy":"product_tag","embeddable":true,"href":"https:\/\/lalmachine.com\/de\/wp-json\/wp\/v2\/product_tag?post=356427"},{"taxonomy":"proximite","embeddable":true,"href":"https:\/\/lalmachine.com\/de\/wp-json\/wp\/v2\/proximite?post=356427"}],"curies":[{"name":"wp","href":"https:\/\/api.w.org\/{rel}","templated":true}]}}