{"id":35655,"date":"2021-01-09T15:07:58","date_gmt":"2021-01-09T14:07:58","guid":{"rendered":"https:\/\/lalmachine.com\/?post_type=product&#038;p=35655"},"modified":"2024-12-05T21:50:42","modified_gmt":"2024-12-05T20:50:42","slug":"suspension-en-nacre-2","status":"publish","type":"product","link":"https:\/\/lalmachine.com\/de\/shop\/eclairer\/suspension-plafonnier\/suspension-en-nacre-2\/","title":{"rendered":"Suspension en nacre"},"content":{"rendered":"<ul class=\"wpuf_customs\"><li style=\"list-style-type:none;\"><label>Autres photos:<\/label> <a href=\"https:\/\/lalmachine.com\/wp-content\/uploads\/2021\/01\/38D9C50A-C4C2-4375-8FC8-A4B2B16CA556-00fb2d1d-scaled.jpeg\"><img loading=\"lazy\" decoding=\"async\" width=\"96\" height=\"96\" src=\"https:\/\/lalmachine.com\/wp-content\/uploads\/2021\/01\/38D9C50A-C4C2-4375-8FC8-A4B2B16CA556-00fb2d1d-150x150.jpeg\" class=\"attachment-thumbnail size-thumbnail\" alt=\"\" srcset=\"https:\/\/lalmachine.com\/wp-content\/uploads\/2021\/01\/38D9C50A-C4C2-4375-8FC8-A4B2B16CA556-00fb2d1d-150x150.jpeg 150w, https:\/\/lalmachine.com\/wp-content\/uploads\/2021\/01\/38D9C50A-C4C2-4375-8FC8-A4B2B16CA556-00fb2d1d-scaled-300x300.jpeg 300w, https:\/\/lalmachine.com\/wp-content\/uploads\/2021\/01\/38D9C50A-C4C2-4375-8FC8-A4B2B16CA556-00fb2d1d-scaled-100x100.jpeg 100w\" sizes=\"(max-width: 96px) 100vw, 96px\" \/><\/a> <a href=\"https:\/\/lalmachine.com\/wp-content\/uploads\/2021\/01\/2085352E-7A8C-437A-8BAD-6015ECE7AA69-56e9948c-scaled.jpeg\"><img loading=\"lazy\" decoding=\"async\" width=\"96\" height=\"96\" src=\"https:\/\/lalmachine.com\/wp-content\/uploads\/2021\/01\/2085352E-7A8C-437A-8BAD-6015ECE7AA69-56e9948c-150x150.jpeg\" class=\"attachment-thumbnail size-thumbnail\" alt=\"\" srcset=\"https:\/\/lalmachine.com\/wp-content\/uploads\/2021\/01\/2085352E-7A8C-437A-8BAD-6015ECE7AA69-56e9948c-150x150.jpeg 150w, https:\/\/lalmachine.com\/wp-content\/uploads\/2021\/01\/2085352E-7A8C-437A-8BAD-6015ECE7AA69-56e9948c-scaled-300x300.jpeg 300w, https:\/\/lalmachine.com\/wp-content\/uploads\/2021\/01\/2085352E-7A8C-437A-8BAD-6015ECE7AA69-56e9948c-scaled-100x100.jpeg 100w\" sizes=\"(max-width: 96px) 100vw, 96px\" \/><\/a> <a href=\"https:\/\/lalmachine.com\/wp-content\/uploads\/2021\/01\/0B0A96E9-9CDB-4783-A3E7-BEDF7C2A6D9A-0281a20f-scaled.jpeg\"><img loading=\"lazy\" decoding=\"async\" width=\"96\" height=\"96\" src=\"https:\/\/lalmachine.com\/wp-content\/uploads\/2021\/01\/0B0A96E9-9CDB-4783-A3E7-BEDF7C2A6D9A-0281a20f-150x150.jpeg\" class=\"attachment-thumbnail size-thumbnail\" alt=\"\" srcset=\"https:\/\/lalmachine.com\/wp-content\/uploads\/2021\/01\/0B0A96E9-9CDB-4783-A3E7-BEDF7C2A6D9A-0281a20f-150x150.jpeg 150w, https:\/\/lalmachine.com\/wp-content\/uploads\/2021\/01\/0B0A96E9-9CDB-4783-A3E7-BEDF7C2A6D9A-0281a20f-scaled-300x300.jpeg 300w, https:\/\/lalmachine.com\/wp-content\/uploads\/2021\/01\/0B0A96E9-9CDB-4783-A3E7-BEDF7C2A6D9A-0281a20f-scaled-100x100.jpeg 100w\" sizes=\"(max-width: 96px) 100vw, 96px\" \/><\/a> <a href=\"https:\/\/lalmachine.com\/wp-content\/uploads\/2021\/01\/03D7C6B3-10D2-4DBF-B601-0120E797E2A0-c3fa7802-scaled.jpeg\"><img loading=\"lazy\" decoding=\"async\" width=\"96\" height=\"96\" src=\"https:\/\/lalmachine.com\/wp-content\/uploads\/2021\/01\/03D7C6B3-10D2-4DBF-B601-0120E797E2A0-c3fa7802-150x150.jpeg\" class=\"attachment-thumbnail size-thumbnail\" alt=\"\" srcset=\"https:\/\/lalmachine.com\/wp-content\/uploads\/2021\/01\/03D7C6B3-10D2-4DBF-B601-0120E797E2A0-c3fa7802-150x150.jpeg 150w, https:\/\/lalmachine.com\/wp-content\/uploads\/2021\/01\/03D7C6B3-10D2-4DBF-B601-0120E797E2A0-c3fa7802-scaled-300x300.jpeg 300w, https:\/\/lalmachine.com\/wp-content\/uploads\/2021\/01\/03D7C6B3-10D2-4DBF-B601-0120E797E2A0-c3fa7802-scaled-100x100.jpeg 100w\" sizes=\"(max-width: 96px) 100vw, 96px\" \/><\/a> <\/li>        <li class=\"wpuf-field-data wpuf-field-data-numeric_text_field\">\n                            <label>Prix:<\/label>\n                        650        <\/li>\n                <li class=\"wpuf-field-data wpuf-field-data-numeric_text_field\">\n                            <label>Hauteur (cm):<\/label>\n                        75        <\/li>\n                <li class=\"wpuf-field-data wpuf-field-data-numeric_text_field\">\n                            <label>Largeur (cm):<\/label>\n                        35        <\/li>\n                <li class=\"wpuf-field-data wpuf-field-data-numeric_text_field\">\n                            <label>Profondeur (cm):<\/label>\n                        35        <\/li>\n        <\/ul>","protected":false},"excerpt":{"rendered":"<p>Cette grande suspension de 75cm est en nacre et est dans le m\u00eame go\u00fbt de celle de Verner Panton. Elle dispose d\u2019un c\u00e2ble \u00e9lectrique.<\/p>","protected":false},"featured_media":0,"template":"","meta":{"_et_pb_use_builder":"","_et_pb_old_content":"","_et_gb_content_width":""},"product_brand":[],"product_cat":[49,91],"product_tag":[],"proximite":[180],"class_list":{"0":"post-35655","1":"product","2":"type-product","3":"status-publish","5":"product_cat-eclairer","6":"product_cat-suspension-plafonnier","7":"pa_couleur-blanc","8":"pa_etat-bon-etat","9":"pa_materiau-ceramique","10":"pa_style-vintage","11":"proximite-geneve","13":"first","14":"outofstock","15":"shipping-taxable","16":"purchasable","17":"product-type-simple"},"yoast_head":"<!-- This site is optimized with the Yoast SEO plugin v27.4 - https:\/\/yoast.com\/product\/yoast-seo-wordpress\/ -->\n<title>Suspension en nacre | lalmachine.com, mobilier et objets d\u00e9co vintage et design<\/title>\n<meta name=\"description\" content=\"Cette grande suspension est en nacre et est dans le m\u00eame go\u00fbt de celle de Verner Panton. Elle dispose d\u2019un c\u00e2ble \u00e9lectrique.\" \/>\n<meta name=\"robots\" content=\"index, follow, max-snippet:-1, max-image-preview:large, max-video-preview:-1\" \/>\n<link rel=\"canonical\" href=\"https:\/\/lalmachine.com\/de\/shop\/eclairer\/suspension-plafonnier\/suspension-en-nacre-2\/\" \/>\n<meta property=\"og:locale\" content=\"de_DE\" \/>\n<meta property=\"og:type\" content=\"article\" \/>\n<meta property=\"og:title\" content=\"Suspension en nacre | lalmachine.com, mobilier et objets d\u00e9co vintage et design\" \/>\n<meta property=\"og:description\" content=\"Cette grande suspension est en nacre et est dans le m\u00eame go\u00fbt de celle de Verner Panton. Elle dispose d\u2019un c\u00e2ble \u00e9lectrique.\" \/>\n<meta property=\"og:url\" content=\"https:\/\/lalmachine.com\/de\/shop\/eclairer\/suspension-plafonnier\/suspension-en-nacre-2\/\" \/>\n<meta property=\"og:site_name\" content=\"lalmachine.com\" \/>\n<meta property=\"article:publisher\" content=\"https:\/\/facebook.com\/lalmachine\" \/>\n<meta property=\"article:modified_time\" content=\"2024-12-05T20:50:42+00:00\" \/>\n<meta name=\"twitter:card\" content=\"summary_large_image\" \/>\n<script type=\"application\/ld+json\" class=\"yoast-schema-graph\">{\"@context\":\"https:\\\/\\\/schema.org\",\"@graph\":[{\"@type\":\"WebPage\",\"@id\":\"https:\\\/\\\/lalmachine.com\\\/shop\\\/eclairer\\\/suspension-plafonnier\\\/suspension-en-nacre-2\\\/\",\"url\":\"https:\\\/\\\/lalmachine.com\\\/shop\\\/eclairer\\\/suspension-plafonnier\\\/suspension-en-nacre-2\\\/\",\"name\":\"Suspension en nacre | lalmachine.com, mobilier et objets d\u00e9co vintage et design\",\"isPartOf\":{\"@id\":\"https:\\\/\\\/lalmachine.com\\\/#website\"},\"datePublished\":\"2021-01-09T14:07:58+00:00\",\"dateModified\":\"2024-12-05T20:50:42+00:00\",\"description\":\"Cette grande suspension est en nacre et est dans le m\u00eame go\u00fbt de celle de Verner Panton. Elle dispose d\u2019un c\u00e2ble \u00e9lectrique.\",\"breadcrumb\":{\"@id\":\"https:\\\/\\\/lalmachine.com\\\/shop\\\/eclairer\\\/suspension-plafonnier\\\/suspension-en-nacre-2\\\/#breadcrumb\"},\"inLanguage\":\"de\",\"potentialAction\":[{\"@type\":\"ReadAction\",\"target\":[\"https:\\\/\\\/lalmachine.com\\\/shop\\\/eclairer\\\/suspension-plafonnier\\\/suspension-en-nacre-2\\\/\"]}]},{\"@type\":\"BreadcrumbList\",\"@id\":\"https:\\\/\\\/lalmachine.com\\\/shop\\\/eclairer\\\/suspension-plafonnier\\\/suspension-en-nacre-2\\\/#breadcrumb\",\"itemListElement\":[{\"@type\":\"ListItem\",\"position\":1,\"name\":\"Accueil\",\"item\":\"https:\\\/\\\/lalmachine.com\\\/\"},{\"@type\":\"ListItem\",\"position\":2,\"name\":\"Shop\",\"item\":\"https:\\\/\\\/lalmachine.com\\\/shop\\\/\"},{\"@type\":\"ListItem\",\"position\":3,\"name\":\"Suspension en nacre\"}]},{\"@type\":\"WebSite\",\"@id\":\"https:\\\/\\\/lalmachine.com\\\/#website\",\"url\":\"https:\\\/\\\/lalmachine.com\\\/\",\"name\":\"lalmachine.com\",\"description\":\"Brocante en ligne Suisse | Mobilier et objets d\u00e9co vintage et design\",\"potentialAction\":[{\"@type\":\"SearchAction\",\"target\":{\"@type\":\"EntryPoint\",\"urlTemplate\":\"https:\\\/\\\/lalmachine.com\\\/?s={search_term_string}\"},\"query-input\":{\"@type\":\"PropertyValueSpecification\",\"valueRequired\":true,\"valueName\":\"search_term_string\"}}],\"inLanguage\":\"de\"}]}<\/script>\n<!-- \/ Yoast SEO plugin. -->","yoast_head_json":{"title":"Suspension en nacre | lalmachine.com, mobilier et objets d\u00e9co vintage et design","description":"Cette grande suspension est en nacre et est dans le m\u00eame go\u00fbt de celle de Verner Panton. Elle dispose d\u2019un c\u00e2ble \u00e9lectrique.","robots":{"index":"index","follow":"follow","max-snippet":"max-snippet:-1","max-image-preview":"max-image-preview:large","max-video-preview":"max-video-preview:-1"},"canonical":"https:\/\/lalmachine.com\/de\/shop\/eclairer\/suspension-plafonnier\/suspension-en-nacre-2\/","og_locale":"de_DE","og_type":"article","og_title":"Suspension en nacre | lalmachine.com, mobilier et objets d\u00e9co vintage et design","og_description":"Cette grande suspension est en nacre et est dans le m\u00eame go\u00fbt de celle de Verner Panton. Elle dispose d\u2019un c\u00e2ble \u00e9lectrique.","og_url":"https:\/\/lalmachine.com\/de\/shop\/eclairer\/suspension-plafonnier\/suspension-en-nacre-2\/","og_site_name":"lalmachine.com","article_publisher":"https:\/\/facebook.com\/lalmachine","article_modified_time":"2024-12-05T20:50:42+00:00","twitter_card":"summary_large_image","schema":{"@context":"https:\/\/schema.org","@graph":[{"@type":"WebPage","@id":"https:\/\/lalmachine.com\/shop\/eclairer\/suspension-plafonnier\/suspension-en-nacre-2\/","url":"https:\/\/lalmachine.com\/shop\/eclairer\/suspension-plafonnier\/suspension-en-nacre-2\/","name":"Suspension en nacre | lalmachine.com, mobilier et objets d\u00e9co vintage et design","isPartOf":{"@id":"https:\/\/lalmachine.com\/#website"},"datePublished":"2021-01-09T14:07:58+00:00","dateModified":"2024-12-05T20:50:42+00:00","description":"Cette grande suspension est en nacre et est dans le m\u00eame go\u00fbt de celle de Verner Panton. Elle dispose d\u2019un c\u00e2ble \u00e9lectrique.","breadcrumb":{"@id":"https:\/\/lalmachine.com\/shop\/eclairer\/suspension-plafonnier\/suspension-en-nacre-2\/#breadcrumb"},"inLanguage":"de","potentialAction":[{"@type":"ReadAction","target":["https:\/\/lalmachine.com\/shop\/eclairer\/suspension-plafonnier\/suspension-en-nacre-2\/"]}]},{"@type":"BreadcrumbList","@id":"https:\/\/lalmachine.com\/shop\/eclairer\/suspension-plafonnier\/suspension-en-nacre-2\/#breadcrumb","itemListElement":[{"@type":"ListItem","position":1,"name":"Accueil","item":"https:\/\/lalmachine.com\/"},{"@type":"ListItem","position":2,"name":"Shop","item":"https:\/\/lalmachine.com\/shop\/"},{"@type":"ListItem","position":3,"name":"Suspension en nacre"}]},{"@type":"WebSite","@id":"https:\/\/lalmachine.com\/#website","url":"https:\/\/lalmachine.com\/","name":"lalmachine.com","description":"Brocante en ligne Suisse | Mobilier et objets d\u00e9co vintage et design","potentialAction":[{"@type":"SearchAction","target":{"@type":"EntryPoint","urlTemplate":"https:\/\/lalmachine.com\/?s={search_term_string}"},"query-input":{"@type":"PropertyValueSpecification","valueRequired":true,"valueName":"search_term_string"}}],"inLanguage":"de"}]}},"_links":{"self":[{"href":"https:\/\/lalmachine.com\/de\/wp-json\/wp\/v2\/product\/35655","targetHints":{"allow":["GET"]}}],"collection":[{"href":"https:\/\/lalmachine.com\/de\/wp-json\/wp\/v2\/product"}],"about":[{"href":"https:\/\/lalmachine.com\/de\/wp-json\/wp\/v2\/types\/product"}],"wp:attachment":[{"href":"https:\/\/lalmachine.com\/de\/wp-json\/wp\/v2\/media?parent=35655"}],"wp:term":[{"taxonomy":"product_brand","embeddable":true,"href":"https:\/\/lalmachine.com\/de\/wp-json\/wp\/v2\/product_brand?post=35655"},{"taxonomy":"product_cat","embeddable":true,"href":"https:\/\/lalmachine.com\/de\/wp-json\/wp\/v2\/product_cat?post=35655"},{"taxonomy":"product_tag","embeddable":true,"href":"https:\/\/lalmachine.com\/de\/wp-json\/wp\/v2\/product_tag?post=35655"},{"taxonomy":"proximite","embeddable":true,"href":"https:\/\/lalmachine.com\/de\/wp-json\/wp\/v2\/proximite?post=35655"}],"curies":[{"name":"wp","href":"https:\/\/api.w.org\/{rel}","templated":true}]}}