{"id":356815,"date":"2026-02-17T11:18:27","date_gmt":"2026-02-17T10:18:27","guid":{"rendered":"https:\/\/lalmachine.com\/?post_type=product&#038;p=356815"},"modified":"2026-02-17T11:18:28","modified_gmt":"2026-02-17T10:18:28","slug":"oeuvre-de-beatrice-helg-metropolis-ii-1988","status":"publish","type":"product","link":"https:\/\/lalmachine.com\/de\/shop\/decorer\/art-and-co\/oeuvre-de-beatrice-helg-metropolis-ii-1988\/","title":{"rendered":"Oeuvre de B\u00e9atrice Helg, Metropolis II, 1988"},"content":{"rendered":"<ul class=\"wpuf_customs\"><li style=\"list-style-type:none;\"><label>Autres photos:<\/label> <a href=\"https:\/\/lalmachine.com\/wp-content\/uploads\/2026\/02\/beatrice-helg-metropolis-ii-1.jpg\"><img loading=\"lazy\" decoding=\"async\" width=\"107\" height=\"96\" src=\"https:\/\/lalmachine.com\/wp-content\/uploads\/2026\/02\/beatrice-helg-metropolis-ii-1.jpg\" class=\"attachment-thumbnail size-thumbnail\" alt=\"\" \/><\/a> <a href=\"https:\/\/lalmachine.com\/wp-content\/uploads\/2026\/02\/Helg-1.jpeg\"><img loading=\"lazy\" decoding=\"async\" width=\"128\" height=\"96\" src=\"https:\/\/lalmachine.com\/wp-content\/uploads\/2026\/02\/Helg-1.jpeg\" class=\"attachment-thumbnail size-thumbnail\" alt=\"\" \/><\/a> <a href=\"https:\/\/lalmachine.com\/wp-content\/uploads\/2026\/02\/Helg-2.jpg\"><img loading=\"lazy\" decoding=\"async\" width=\"128\" height=\"94\" src=\"https:\/\/lalmachine.com\/wp-content\/uploads\/2026\/02\/Helg-2.jpg\" class=\"attachment-thumbnail size-thumbnail\" alt=\"\" \/><\/a> <a href=\"https:\/\/lalmachine.com\/wp-content\/uploads\/2026\/02\/Helg-3.jpg\"><img loading=\"lazy\" decoding=\"async\" width=\"128\" height=\"85\" src=\"https:\/\/lalmachine.com\/wp-content\/uploads\/2026\/02\/Helg-3.jpg\" class=\"attachment-thumbnail size-thumbnail\" alt=\"\" \/><\/a> <a href=\"https:\/\/lalmachine.com\/wp-content\/uploads\/2026\/02\/Helg-4.jpeg\"><img loading=\"lazy\" decoding=\"async\" width=\"72\" height=\"96\" src=\"https:\/\/lalmachine.com\/wp-content\/uploads\/2026\/02\/Helg-4.jpeg\" class=\"attachment-thumbnail size-thumbnail\" alt=\"\" \/><\/a> <\/li>        <li class=\"wpuf-field-data wpuf-field-data-numeric_text_field\">\n                            <label>Prix:<\/label>\n                        900        <\/li>\n                <li class=\"wpuf-field-data wpuf-field-data-numeric_text_field\">\n                            <label>Quantit\u00e9:<\/label>\n                        1        <\/li>\n                <li class=\"wpuf-field-data wpuf-field-data-numeric_text_field\">\n                            <label>Hauteur (cm):<\/label>\n                        77        <\/li>\n                <li class=\"wpuf-field-data wpuf-field-data-numeric_text_field\">\n                            <label>Largeur (cm):<\/label>\n                        87        <\/li>\n                <li class=\"wpuf-field-data wpuf-field-data-numeric_text_field\">\n                            <label>Profondeur (cm):<\/label>\n                        4        <\/li>\n        <\/ul>","protected":false},"excerpt":{"rendered":"<p>Cette \u0153uvre de B\u00e9atrice Helg intitul\u00e9e Metropolis II, r\u00e9alis\u00e9e en 1988, est un tirage photographique Ilfochrome original. Issue d&rsquo;une \u00e9dition limit\u00e9e num\u00e9rot\u00e9e 10\/12, elle t\u00e9moigne de la recherche plastique de l&rsquo;artiste genevoise autour de l&rsquo;architecture, de la mati\u00e8re et de la lumi\u00e8re. \u00c0 travers une mise en sc\u00e8ne rigoureuse en atelier, B\u00e9atrice Helg compose des espaces intemporels o\u00f9 les structures m\u00e9talliques et les textures industrielles dialoguent avec l&rsquo;ombre.<\/p>\n<p>Le tirage de 50 x 60 cm est pr\u00e9sent\u00e9 sous un passe-partout de 13 mm soulign\u00e9 par un liser\u00e9 bleu clair qui accentue la profondeur chromatique de l&rsquo;image. L&rsquo;ensemble est prot\u00e9g\u00e9 par un cadre en bois peint de couleur gris-vert fonc\u00e9, aux dimensions totales de 77 x 87 cm, r\u00e9alis\u00e9 par l&rsquo;atelier \u00c9tienne Gagnebin \u00e0 Morges. Si la photographie elle-m\u00eame est en excellent \u00e9tat de conservation, le cadre pr\u00e9sente une patine marqu\u00e9e par le temps avec de nombreuses traces d&rsquo;usure visibles sur le bois. L&rsquo;adh\u00e9sif de protection au dos de l&rsquo;encadrement est en partie ouvert. Une pi\u00e8ce de collection \u00e0 la pr\u00e9sence sculpturale<\/p>","protected":false},"featured_media":356823,"template":"","meta":{"_et_pb_use_builder":"","_et_pb_old_content":"","_et_gb_content_width":""},"product_brand":[],"product_cat":[365,50],"product_tag":[],"proximite":[278,179],"class_list":{"0":"post-356815","1":"product","2":"type-product","3":"status-publish","4":"has-post-thumbnail","6":"product_cat-art-and-co","7":"product_cat-decorer","8":"product_shipping_class-livraison-par-le-vendeur","9":"pa_couleur-multicolore","10":"pa_etat-bon-etat","11":"pa_materiau-autre","12":"pa_style-design","13":"proximite-lausanne","14":"proximite-vaud","16":"first","17":"instock","18":"shipping-taxable","19":"purchasable","20":"product-type-simple"},"yoast_head":"<!-- This site is optimized with the Yoast SEO plugin v27.3 - https:\/\/yoast.com\/product\/yoast-seo-wordpress\/ -->\n<title>Oeuvre de B\u00e9atrice Helg, Metropolis II, 1988 | lalmachine.com, mobilier et objets d\u00e9co vintage et design<\/title>\n<meta name=\"description\" content=\"Oeuvre de B\u00e9atrice Helg, Metropolis II, 1988\" \/>\n<meta name=\"robots\" content=\"index, follow, max-snippet:-1, max-image-preview:large, max-video-preview:-1\" \/>\n<link rel=\"canonical\" href=\"https:\/\/lalmachine.com\/de\/shop\/decorer\/art-and-co\/oeuvre-de-beatrice-helg-metropolis-ii-1988\/\" \/>\n<meta property=\"og:locale\" content=\"de_DE\" \/>\n<meta property=\"og:type\" content=\"article\" \/>\n<meta property=\"og:title\" content=\"Oeuvre de B\u00e9atrice Helg, Metropolis II, 1988 | lalmachine.com, mobilier et objets d\u00e9co vintage et design\" \/>\n<meta property=\"og:description\" content=\"Oeuvre de B\u00e9atrice Helg, Metropolis II, 1988\" \/>\n<meta property=\"og:url\" content=\"https:\/\/lalmachine.com\/de\/shop\/decorer\/art-and-co\/oeuvre-de-beatrice-helg-metropolis-ii-1988\/\" \/>\n<meta property=\"og:site_name\" content=\"lalmachine.com\" \/>\n<meta property=\"article:publisher\" content=\"https:\/\/facebook.com\/lalmachine\" \/>\n<meta property=\"article:modified_time\" content=\"2026-02-17T10:18:28+00:00\" \/>\n<meta property=\"og:image\" content=\"https:\/\/lalmachine.com\/wp-content\/uploads\/2026\/02\/Helg-4_clipped_rev_1.jpeg\" \/>\n\t<meta property=\"og:image:width\" content=\"573\" \/>\n\t<meta property=\"og:image:height\" content=\"573\" \/>\n\t<meta property=\"og:image:type\" content=\"image\/jpeg\" \/>\n<meta name=\"twitter:card\" content=\"summary_large_image\" \/>\n<script type=\"application\/ld+json\" class=\"yoast-schema-graph\">{\"@context\":\"https:\\\/\\\/schema.org\",\"@graph\":[{\"@type\":\"WebPage\",\"@id\":\"https:\\\/\\\/lalmachine.com\\\/shop\\\/decorer\\\/art-and-co\\\/oeuvre-de-beatrice-helg-metropolis-ii-1988\\\/\",\"url\":\"https:\\\/\\\/lalmachine.com\\\/shop\\\/decorer\\\/art-and-co\\\/oeuvre-de-beatrice-helg-metropolis-ii-1988\\\/\",\"name\":\"Oeuvre de B\u00e9atrice Helg, Metropolis II, 1988 | lalmachine.com, mobilier et objets d\u00e9co vintage et design\",\"isPartOf\":{\"@id\":\"https:\\\/\\\/lalmachine.com\\\/#website\"},\"primaryImageOfPage\":{\"@id\":\"https:\\\/\\\/lalmachine.com\\\/shop\\\/decorer\\\/art-and-co\\\/oeuvre-de-beatrice-helg-metropolis-ii-1988\\\/#primaryimage\"},\"image\":{\"@id\":\"https:\\\/\\\/lalmachine.com\\\/shop\\\/decorer\\\/art-and-co\\\/oeuvre-de-beatrice-helg-metropolis-ii-1988\\\/#primaryimage\"},\"thumbnailUrl\":\"https:\\\/\\\/lalmachine.com\\\/wp-content\\\/uploads\\\/2026\\\/02\\\/Helg-4_clipped_rev_1.jpeg\",\"datePublished\":\"2026-02-17T10:18:27+00:00\",\"dateModified\":\"2026-02-17T10:18:28+00:00\",\"description\":\"Oeuvre de B\u00e9atrice Helg, Metropolis II, 1988\",\"breadcrumb\":{\"@id\":\"https:\\\/\\\/lalmachine.com\\\/shop\\\/decorer\\\/art-and-co\\\/oeuvre-de-beatrice-helg-metropolis-ii-1988\\\/#breadcrumb\"},\"inLanguage\":\"de\",\"potentialAction\":[{\"@type\":\"ReadAction\",\"target\":[\"https:\\\/\\\/lalmachine.com\\\/shop\\\/decorer\\\/art-and-co\\\/oeuvre-de-beatrice-helg-metropolis-ii-1988\\\/\"]}]},{\"@type\":\"ImageObject\",\"inLanguage\":\"de\",\"@id\":\"https:\\\/\\\/lalmachine.com\\\/shop\\\/decorer\\\/art-and-co\\\/oeuvre-de-beatrice-helg-metropolis-ii-1988\\\/#primaryimage\",\"url\":\"https:\\\/\\\/lalmachine.com\\\/wp-content\\\/uploads\\\/2026\\\/02\\\/Helg-4_clipped_rev_1.jpeg\",\"contentUrl\":\"https:\\\/\\\/lalmachine.com\\\/wp-content\\\/uploads\\\/2026\\\/02\\\/Helg-4_clipped_rev_1.jpeg\",\"width\":573,\"height\":573,\"caption\":\"Oeuvre de B\u00e9atrice Helg, Metropolis II, 1988\"},{\"@type\":\"BreadcrumbList\",\"@id\":\"https:\\\/\\\/lalmachine.com\\\/shop\\\/decorer\\\/art-and-co\\\/oeuvre-de-beatrice-helg-metropolis-ii-1988\\\/#breadcrumb\",\"itemListElement\":[{\"@type\":\"ListItem\",\"position\":1,\"name\":\"Accueil\",\"item\":\"https:\\\/\\\/lalmachine.com\\\/\"},{\"@type\":\"ListItem\",\"position\":2,\"name\":\"Shop\",\"item\":\"https:\\\/\\\/lalmachine.com\\\/shop\\\/\"},{\"@type\":\"ListItem\",\"position\":3,\"name\":\"Oeuvre de B\u00e9atrice Helg, Metropolis II, 1988\"}]},{\"@type\":\"WebSite\",\"@id\":\"https:\\\/\\\/lalmachine.com\\\/#website\",\"url\":\"https:\\\/\\\/lalmachine.com\\\/\",\"name\":\"lalmachine.com\",\"description\":\"Brocante en ligne Suisse | Mobilier et objets d\u00e9co vintage et design\",\"potentialAction\":[{\"@type\":\"SearchAction\",\"target\":{\"@type\":\"EntryPoint\",\"urlTemplate\":\"https:\\\/\\\/lalmachine.com\\\/?s={search_term_string}\"},\"query-input\":{\"@type\":\"PropertyValueSpecification\",\"valueRequired\":true,\"valueName\":\"search_term_string\"}}],\"inLanguage\":\"de\"}]}<\/script>\n<!-- \/ Yoast SEO plugin. -->","yoast_head_json":{"title":"Oeuvre de B\u00e9atrice Helg, Metropolis II, 1988 | lalmachine.com, mobilier et objets d\u00e9co vintage et design","description":"Oeuvre de B\u00e9atrice Helg, Metropolis II, 1988","robots":{"index":"index","follow":"follow","max-snippet":"max-snippet:-1","max-image-preview":"max-image-preview:large","max-video-preview":"max-video-preview:-1"},"canonical":"https:\/\/lalmachine.com\/de\/shop\/decorer\/art-and-co\/oeuvre-de-beatrice-helg-metropolis-ii-1988\/","og_locale":"de_DE","og_type":"article","og_title":"Oeuvre de B\u00e9atrice Helg, Metropolis II, 1988 | lalmachine.com, mobilier et objets d\u00e9co vintage et design","og_description":"Oeuvre de B\u00e9atrice Helg, Metropolis II, 1988","og_url":"https:\/\/lalmachine.com\/de\/shop\/decorer\/art-and-co\/oeuvre-de-beatrice-helg-metropolis-ii-1988\/","og_site_name":"lalmachine.com","article_publisher":"https:\/\/facebook.com\/lalmachine","article_modified_time":"2026-02-17T10:18:28+00:00","og_image":[{"width":573,"height":573,"url":"https:\/\/lalmachine.com\/wp-content\/uploads\/2026\/02\/Helg-4_clipped_rev_1.jpeg","type":"image\/jpeg"}],"twitter_card":"summary_large_image","schema":{"@context":"https:\/\/schema.org","@graph":[{"@type":"WebPage","@id":"https:\/\/lalmachine.com\/shop\/decorer\/art-and-co\/oeuvre-de-beatrice-helg-metropolis-ii-1988\/","url":"https:\/\/lalmachine.com\/shop\/decorer\/art-and-co\/oeuvre-de-beatrice-helg-metropolis-ii-1988\/","name":"Oeuvre de B\u00e9atrice Helg, Metropolis II, 1988 | lalmachine.com, mobilier et objets d\u00e9co vintage et design","isPartOf":{"@id":"https:\/\/lalmachine.com\/#website"},"primaryImageOfPage":{"@id":"https:\/\/lalmachine.com\/shop\/decorer\/art-and-co\/oeuvre-de-beatrice-helg-metropolis-ii-1988\/#primaryimage"},"image":{"@id":"https:\/\/lalmachine.com\/shop\/decorer\/art-and-co\/oeuvre-de-beatrice-helg-metropolis-ii-1988\/#primaryimage"},"thumbnailUrl":"https:\/\/lalmachine.com\/wp-content\/uploads\/2026\/02\/Helg-4_clipped_rev_1.jpeg","datePublished":"2026-02-17T10:18:27+00:00","dateModified":"2026-02-17T10:18:28+00:00","description":"Oeuvre de B\u00e9atrice Helg, Metropolis II, 1988","breadcrumb":{"@id":"https:\/\/lalmachine.com\/shop\/decorer\/art-and-co\/oeuvre-de-beatrice-helg-metropolis-ii-1988\/#breadcrumb"},"inLanguage":"de","potentialAction":[{"@type":"ReadAction","target":["https:\/\/lalmachine.com\/shop\/decorer\/art-and-co\/oeuvre-de-beatrice-helg-metropolis-ii-1988\/"]}]},{"@type":"ImageObject","inLanguage":"de","@id":"https:\/\/lalmachine.com\/shop\/decorer\/art-and-co\/oeuvre-de-beatrice-helg-metropolis-ii-1988\/#primaryimage","url":"https:\/\/lalmachine.com\/wp-content\/uploads\/2026\/02\/Helg-4_clipped_rev_1.jpeg","contentUrl":"https:\/\/lalmachine.com\/wp-content\/uploads\/2026\/02\/Helg-4_clipped_rev_1.jpeg","width":573,"height":573,"caption":"Oeuvre de B\u00e9atrice Helg, Metropolis II, 1988"},{"@type":"BreadcrumbList","@id":"https:\/\/lalmachine.com\/shop\/decorer\/art-and-co\/oeuvre-de-beatrice-helg-metropolis-ii-1988\/#breadcrumb","itemListElement":[{"@type":"ListItem","position":1,"name":"Accueil","item":"https:\/\/lalmachine.com\/"},{"@type":"ListItem","position":2,"name":"Shop","item":"https:\/\/lalmachine.com\/shop\/"},{"@type":"ListItem","position":3,"name":"Oeuvre de B\u00e9atrice Helg, Metropolis II, 1988"}]},{"@type":"WebSite","@id":"https:\/\/lalmachine.com\/#website","url":"https:\/\/lalmachine.com\/","name":"lalmachine.com","description":"Brocante en ligne Suisse | Mobilier et objets d\u00e9co vintage et design","potentialAction":[{"@type":"SearchAction","target":{"@type":"EntryPoint","urlTemplate":"https:\/\/lalmachine.com\/?s={search_term_string}"},"query-input":{"@type":"PropertyValueSpecification","valueRequired":true,"valueName":"search_term_string"}}],"inLanguage":"de"}]}},"_links":{"self":[{"href":"https:\/\/lalmachine.com\/de\/wp-json\/wp\/v2\/product\/356815","targetHints":{"allow":["GET"]}}],"collection":[{"href":"https:\/\/lalmachine.com\/de\/wp-json\/wp\/v2\/product"}],"about":[{"href":"https:\/\/lalmachine.com\/de\/wp-json\/wp\/v2\/types\/product"}],"wp:featuredmedia":[{"embeddable":true,"href":"https:\/\/lalmachine.com\/de\/wp-json\/wp\/v2\/media\/356823"}],"wp:attachment":[{"href":"https:\/\/lalmachine.com\/de\/wp-json\/wp\/v2\/media?parent=356815"}],"wp:term":[{"taxonomy":"product_brand","embeddable":true,"href":"https:\/\/lalmachine.com\/de\/wp-json\/wp\/v2\/product_brand?post=356815"},{"taxonomy":"product_cat","embeddable":true,"href":"https:\/\/lalmachine.com\/de\/wp-json\/wp\/v2\/product_cat?post=356815"},{"taxonomy":"product_tag","embeddable":true,"href":"https:\/\/lalmachine.com\/de\/wp-json\/wp\/v2\/product_tag?post=356815"},{"taxonomy":"proximite","embeddable":true,"href":"https:\/\/lalmachine.com\/de\/wp-json\/wp\/v2\/proximite?post=356815"}],"curies":[{"name":"wp","href":"https:\/\/api.w.org\/{rel}","templated":true}]}}