{"id":35719,"date":"2021-01-09T16:43:29","date_gmt":"2021-01-09T15:43:29","guid":{"rendered":"https:\/\/lalmachine.com\/?post_type=product&#038;p=35719"},"modified":"2024-12-05T21:50:42","modified_gmt":"2024-12-05T20:50:42","slug":"soupiere-en-porcelaine","status":"publish","type":"product","link":"https:\/\/lalmachine.com\/de\/shop\/decorer\/art-de-la-table\/soupiere-en-porcelaine\/","title":{"rendered":"Soupi\u00e8re en porcelaine"},"content":{"rendered":"<ul class=\"wpuf_customs\"><li style=\"list-style-type:none;\"><label>Autres photos:<\/label> <a href=\"https:\/\/lalmachine.com\/wp-content\/uploads\/2021\/01\/IMG_20201229_142809-10f937f8-scaled.jpg\"><img loading=\"lazy\" decoding=\"async\" width=\"96\" height=\"96\" src=\"https:\/\/lalmachine.com\/wp-content\/uploads\/2021\/01\/IMG_20201229_142809-10f937f8-150x150.jpg\" class=\"attachment-thumbnail size-thumbnail\" alt=\"\" srcset=\"https:\/\/lalmachine.com\/wp-content\/uploads\/2021\/01\/IMG_20201229_142809-10f937f8-150x150.jpg 150w, https:\/\/lalmachine.com\/wp-content\/uploads\/2021\/01\/IMG_20201229_142809-10f937f8-scaled-300x300.jpg 300w, https:\/\/lalmachine.com\/wp-content\/uploads\/2021\/01\/IMG_20201229_142809-10f937f8-scaled-100x100.jpg 100w\" sizes=\"(max-width: 96px) 100vw, 96px\" \/><\/a> <a href=\"https:\/\/lalmachine.com\/wp-content\/uploads\/2021\/01\/IMG_20201229_142712-e9a24277-scaled.jpg\"><img loading=\"lazy\" decoding=\"async\" width=\"96\" height=\"96\" src=\"https:\/\/lalmachine.com\/wp-content\/uploads\/2021\/01\/IMG_20201229_142712-e9a24277-150x150.jpg\" class=\"attachment-thumbnail size-thumbnail\" alt=\"\" srcset=\"https:\/\/lalmachine.com\/wp-content\/uploads\/2021\/01\/IMG_20201229_142712-e9a24277-150x150.jpg 150w, https:\/\/lalmachine.com\/wp-content\/uploads\/2021\/01\/IMG_20201229_142712-e9a24277-scaled-300x300.jpg 300w, https:\/\/lalmachine.com\/wp-content\/uploads\/2021\/01\/IMG_20201229_142712-e9a24277-scaled-100x100.jpg 100w\" sizes=\"(max-width: 96px) 100vw, 96px\" \/><\/a> <a href=\"https:\/\/lalmachine.com\/wp-content\/uploads\/2021\/01\/IMG_20201229_142718-2e2b7aed-scaled.jpg\"><img loading=\"lazy\" decoding=\"async\" width=\"96\" height=\"96\" src=\"https:\/\/lalmachine.com\/wp-content\/uploads\/2021\/01\/IMG_20201229_142718-2e2b7aed-150x150.jpg\" class=\"attachment-thumbnail size-thumbnail\" alt=\"\" srcset=\"https:\/\/lalmachine.com\/wp-content\/uploads\/2021\/01\/IMG_20201229_142718-2e2b7aed-150x150.jpg 150w, https:\/\/lalmachine.com\/wp-content\/uploads\/2021\/01\/IMG_20201229_142718-2e2b7aed-scaled-300x300.jpg 300w, https:\/\/lalmachine.com\/wp-content\/uploads\/2021\/01\/IMG_20201229_142718-2e2b7aed-scaled-100x100.jpg 100w\" sizes=\"(max-width: 96px) 100vw, 96px\" \/><\/a> <a href=\"https:\/\/lalmachine.com\/wp-content\/uploads\/2021\/01\/IMG_20201229_142727-43fd13f7-scaled.jpg\"><img loading=\"lazy\" decoding=\"async\" width=\"96\" height=\"96\" src=\"https:\/\/lalmachine.com\/wp-content\/uploads\/2021\/01\/IMG_20201229_142727-43fd13f7-150x150.jpg\" class=\"attachment-thumbnail size-thumbnail\" alt=\"\" srcset=\"https:\/\/lalmachine.com\/wp-content\/uploads\/2021\/01\/IMG_20201229_142727-43fd13f7-150x150.jpg 150w, https:\/\/lalmachine.com\/wp-content\/uploads\/2021\/01\/IMG_20201229_142727-43fd13f7-scaled-300x300.jpg 300w, https:\/\/lalmachine.com\/wp-content\/uploads\/2021\/01\/IMG_20201229_142727-43fd13f7-scaled-100x100.jpg 100w\" sizes=\"(max-width: 96px) 100vw, 96px\" \/><\/a> <a href=\"https:\/\/lalmachine.com\/wp-content\/uploads\/2021\/01\/IMG_20201229_142732-2b5536fa-scaled.jpg\"><img loading=\"lazy\" decoding=\"async\" width=\"96\" height=\"96\" src=\"https:\/\/lalmachine.com\/wp-content\/uploads\/2021\/01\/IMG_20201229_142732-2b5536fa-150x150.jpg\" class=\"attachment-thumbnail size-thumbnail\" alt=\"\" srcset=\"https:\/\/lalmachine.com\/wp-content\/uploads\/2021\/01\/IMG_20201229_142732-2b5536fa-150x150.jpg 150w, https:\/\/lalmachine.com\/wp-content\/uploads\/2021\/01\/IMG_20201229_142732-2b5536fa-scaled-300x300.jpg 300w, https:\/\/lalmachine.com\/wp-content\/uploads\/2021\/01\/IMG_20201229_142732-2b5536fa-scaled-100x100.jpg 100w\" sizes=\"(max-width: 96px) 100vw, 96px\" \/><\/a> <a href=\"https:\/\/lalmachine.com\/wp-content\/uploads\/2021\/01\/IMG_20201229_142705-c4b18153-scaled.jpg\"><img loading=\"lazy\" decoding=\"async\" width=\"96\" height=\"96\" src=\"https:\/\/lalmachine.com\/wp-content\/uploads\/2021\/01\/IMG_20201229_142705-c4b18153-150x150.jpg\" class=\"attachment-thumbnail size-thumbnail\" alt=\"\" srcset=\"https:\/\/lalmachine.com\/wp-content\/uploads\/2021\/01\/IMG_20201229_142705-c4b18153-150x150.jpg 150w, https:\/\/lalmachine.com\/wp-content\/uploads\/2021\/01\/IMG_20201229_142705-c4b18153-scaled-300x300.jpg 300w, https:\/\/lalmachine.com\/wp-content\/uploads\/2021\/01\/IMG_20201229_142705-c4b18153-scaled-100x100.jpg 100w\" sizes=\"(max-width: 96px) 100vw, 96px\" \/><\/a> <a href=\"https:\/\/lalmachine.com\/wp-content\/uploads\/2021\/01\/IMG_20201229_142739-7c28c4f7-scaled.jpg\"><img loading=\"lazy\" decoding=\"async\" width=\"96\" height=\"96\" src=\"https:\/\/lalmachine.com\/wp-content\/uploads\/2021\/01\/IMG_20201229_142739-7c28c4f7-150x150.jpg\" class=\"attachment-thumbnail size-thumbnail\" alt=\"\" srcset=\"https:\/\/lalmachine.com\/wp-content\/uploads\/2021\/01\/IMG_20201229_142739-7c28c4f7-150x150.jpg 150w, https:\/\/lalmachine.com\/wp-content\/uploads\/2021\/01\/IMG_20201229_142739-7c28c4f7-scaled-300x300.jpg 300w, https:\/\/lalmachine.com\/wp-content\/uploads\/2021\/01\/IMG_20201229_142739-7c28c4f7-scaled-100x100.jpg 100w\" sizes=\"(max-width: 96px) 100vw, 96px\" \/><\/a> <\/li>        <li class=\"wpuf-field-data wpuf-field-data-numeric_text_field\">\n                            <label>Prix:<\/label>\n                        24        <\/li>\n                <li class=\"wpuf-field-data wpuf-field-data-numeric_text_field\">\n                            <label>Hauteur (cm):<\/label>\n                        16        <\/li>\n                <li class=\"wpuf-field-data wpuf-field-data-numeric_text_field\">\n                            <label>Largeur (cm):<\/label>\n                        34        <\/li>\n                <li class=\"wpuf-field-data wpuf-field-data-numeric_text_field\">\n                            <label>Profondeur (cm):<\/label>\n                        26        <\/li>\n        <\/ul>","protected":false},"excerpt":{"rendered":"<p>Soupi\u00e8re en porcelaine avec couvercle. D\u00e9cor\u00e9e avec des tr\u00e8s jolis motifs color\u00e9s. En tr\u00e8s bon \u00e9tat.<\/p>","protected":false},"featured_media":35711,"template":"","meta":{"_et_pb_use_builder":"","_et_pb_old_content":"","_et_gb_content_width":""},"product_brand":[],"product_cat":[96,50],"product_tag":[],"proximite":[177,235],"class_list":{"0":"post-35719","1":"product","2":"type-product","3":"status-publish","4":"has-post-thumbnail","6":"product_cat-art-de-la-table","7":"product_cat-decorer","8":"product_shipping_class-2-10-kg","9":"pa_couleur-blanc","10":"pa_etat-tres-bon-etat","11":"pa_materiau-ceramique","12":"pa_style-vintage","13":"proximite-fribourg","14":"proximite-sarine","16":"first","17":"outofstock","18":"shipping-taxable","19":"purchasable","20":"product-type-simple"},"yoast_head":"<!-- This site is optimized with the Yoast SEO plugin v27.4 - https:\/\/yoast.com\/product\/yoast-seo-wordpress\/ -->\n<title>Soupi\u00e8re en porcelaine | lalmachine.com, mobilier et objets d\u00e9co vintage et design<\/title>\n<meta name=\"description\" content=\"Soupi\u00e8re en porcelaine avec couvercle. D\u00e9cor\u00e9e avec des tr\u00e8s jolis motifs color\u00e9s. En tr\u00e8s bon \u00e9tat.\" \/>\n<meta name=\"robots\" content=\"index, follow, max-snippet:-1, max-image-preview:large, max-video-preview:-1\" \/>\n<link rel=\"canonical\" href=\"https:\/\/lalmachine.com\/de\/shop\/decorer\/art-de-la-table\/soupiere-en-porcelaine\/\" \/>\n<meta property=\"og:locale\" content=\"de_DE\" \/>\n<meta property=\"og:type\" content=\"article\" \/>\n<meta property=\"og:title\" content=\"Soupi\u00e8re en porcelaine | lalmachine.com, mobilier et objets d\u00e9co vintage et design\" \/>\n<meta property=\"og:description\" content=\"Soupi\u00e8re en porcelaine avec couvercle. D\u00e9cor\u00e9e avec des tr\u00e8s jolis motifs color\u00e9s. En tr\u00e8s bon \u00e9tat.\" \/>\n<meta property=\"og:url\" content=\"https:\/\/lalmachine.com\/de\/shop\/decorer\/art-de-la-table\/soupiere-en-porcelaine\/\" \/>\n<meta property=\"og:site_name\" content=\"lalmachine.com\" \/>\n<meta property=\"article:publisher\" content=\"https:\/\/facebook.com\/lalmachine\" \/>\n<meta property=\"article:modified_time\" content=\"2024-12-05T20:50:42+00:00\" \/>\n<meta property=\"og:image\" content=\"https:\/\/lalmachine.com\/wp-content\/uploads\/2021\/01\/IMG_20201229_142809_clipped_rev_1-0c8d79fd-scaled.jpg\" \/>\n\t<meta property=\"og:image:width\" content=\"2560\" \/>\n\t<meta property=\"og:image:height\" content=\"2560\" \/>\n\t<meta property=\"og:image:type\" content=\"image\/jpeg\" \/>\n<meta name=\"twitter:card\" content=\"summary_large_image\" \/>\n<script type=\"application\/ld+json\" class=\"yoast-schema-graph\">{\"@context\":\"https:\\\/\\\/schema.org\",\"@graph\":[{\"@type\":\"WebPage\",\"@id\":\"https:\\\/\\\/lalmachine.com\\\/shop\\\/decorer\\\/art-de-la-table\\\/soupiere-en-porcelaine\\\/\",\"url\":\"https:\\\/\\\/lalmachine.com\\\/shop\\\/decorer\\\/art-de-la-table\\\/soupiere-en-porcelaine\\\/\",\"name\":\"Soupi\u00e8re en porcelaine | lalmachine.com, mobilier et objets d\u00e9co vintage et design\",\"isPartOf\":{\"@id\":\"https:\\\/\\\/lalmachine.com\\\/#website\"},\"primaryImageOfPage\":{\"@id\":\"https:\\\/\\\/lalmachine.com\\\/shop\\\/decorer\\\/art-de-la-table\\\/soupiere-en-porcelaine\\\/#primaryimage\"},\"image\":{\"@id\":\"https:\\\/\\\/lalmachine.com\\\/shop\\\/decorer\\\/art-de-la-table\\\/soupiere-en-porcelaine\\\/#primaryimage\"},\"thumbnailUrl\":\"https:\\\/\\\/lalmachine.com\\\/wp-content\\\/uploads\\\/2021\\\/01\\\/IMG_20201229_142809_clipped_rev_1-0c8d79fd-scaled.jpg\",\"datePublished\":\"2021-01-09T15:43:29+00:00\",\"dateModified\":\"2024-12-05T20:50:42+00:00\",\"description\":\"Soupi\u00e8re en porcelaine avec couvercle. D\u00e9cor\u00e9e avec des tr\u00e8s jolis motifs color\u00e9s. En tr\u00e8s bon \u00e9tat.\",\"breadcrumb\":{\"@id\":\"https:\\\/\\\/lalmachine.com\\\/shop\\\/decorer\\\/art-de-la-table\\\/soupiere-en-porcelaine\\\/#breadcrumb\"},\"inLanguage\":\"de\",\"potentialAction\":[{\"@type\":\"ReadAction\",\"target\":[\"https:\\\/\\\/lalmachine.com\\\/shop\\\/decorer\\\/art-de-la-table\\\/soupiere-en-porcelaine\\\/\"]}]},{\"@type\":\"ImageObject\",\"inLanguage\":\"de\",\"@id\":\"https:\\\/\\\/lalmachine.com\\\/shop\\\/decorer\\\/art-de-la-table\\\/soupiere-en-porcelaine\\\/#primaryimage\",\"url\":\"https:\\\/\\\/lalmachine.com\\\/wp-content\\\/uploads\\\/2021\\\/01\\\/IMG_20201229_142809_clipped_rev_1-0c8d79fd-scaled.jpg\",\"contentUrl\":\"https:\\\/\\\/lalmachine.com\\\/wp-content\\\/uploads\\\/2021\\\/01\\\/IMG_20201229_142809_clipped_rev_1-0c8d79fd-scaled.jpg\",\"width\":2560,\"height\":2560},{\"@type\":\"BreadcrumbList\",\"@id\":\"https:\\\/\\\/lalmachine.com\\\/shop\\\/decorer\\\/art-de-la-table\\\/soupiere-en-porcelaine\\\/#breadcrumb\",\"itemListElement\":[{\"@type\":\"ListItem\",\"position\":1,\"name\":\"Accueil\",\"item\":\"https:\\\/\\\/lalmachine.com\\\/\"},{\"@type\":\"ListItem\",\"position\":2,\"name\":\"Shop\",\"item\":\"https:\\\/\\\/lalmachine.com\\\/shop\\\/\"},{\"@type\":\"ListItem\",\"position\":3,\"name\":\"Soupi\u00e8re en porcelaine\"}]},{\"@type\":\"WebSite\",\"@id\":\"https:\\\/\\\/lalmachine.com\\\/#website\",\"url\":\"https:\\\/\\\/lalmachine.com\\\/\",\"name\":\"lalmachine.com\",\"description\":\"Brocante en ligne Suisse | Mobilier et objets d\u00e9co vintage et design\",\"potentialAction\":[{\"@type\":\"SearchAction\",\"target\":{\"@type\":\"EntryPoint\",\"urlTemplate\":\"https:\\\/\\\/lalmachine.com\\\/?s={search_term_string}\"},\"query-input\":{\"@type\":\"PropertyValueSpecification\",\"valueRequired\":true,\"valueName\":\"search_term_string\"}}],\"inLanguage\":\"de\"}]}<\/script>\n<!-- \/ Yoast SEO plugin. -->","yoast_head_json":{"title":"Soupi\u00e8re en porcelaine | lalmachine.com, mobilier et objets d\u00e9co vintage et design","description":"Soupi\u00e8re en porcelaine avec couvercle. D\u00e9cor\u00e9e avec des tr\u00e8s jolis motifs color\u00e9s. En tr\u00e8s bon \u00e9tat.","robots":{"index":"index","follow":"follow","max-snippet":"max-snippet:-1","max-image-preview":"max-image-preview:large","max-video-preview":"max-video-preview:-1"},"canonical":"https:\/\/lalmachine.com\/de\/shop\/decorer\/art-de-la-table\/soupiere-en-porcelaine\/","og_locale":"de_DE","og_type":"article","og_title":"Soupi\u00e8re en porcelaine | lalmachine.com, mobilier et objets d\u00e9co vintage et design","og_description":"Soupi\u00e8re en porcelaine avec couvercle. D\u00e9cor\u00e9e avec des tr\u00e8s jolis motifs color\u00e9s. En tr\u00e8s bon \u00e9tat.","og_url":"https:\/\/lalmachine.com\/de\/shop\/decorer\/art-de-la-table\/soupiere-en-porcelaine\/","og_site_name":"lalmachine.com","article_publisher":"https:\/\/facebook.com\/lalmachine","article_modified_time":"2024-12-05T20:50:42+00:00","og_image":[{"width":2560,"height":2560,"url":"https:\/\/lalmachine.com\/wp-content\/uploads\/2021\/01\/IMG_20201229_142809_clipped_rev_1-0c8d79fd-scaled.jpg","type":"image\/jpeg"}],"twitter_card":"summary_large_image","schema":{"@context":"https:\/\/schema.org","@graph":[{"@type":"WebPage","@id":"https:\/\/lalmachine.com\/shop\/decorer\/art-de-la-table\/soupiere-en-porcelaine\/","url":"https:\/\/lalmachine.com\/shop\/decorer\/art-de-la-table\/soupiere-en-porcelaine\/","name":"Soupi\u00e8re en porcelaine | lalmachine.com, mobilier et objets d\u00e9co vintage et design","isPartOf":{"@id":"https:\/\/lalmachine.com\/#website"},"primaryImageOfPage":{"@id":"https:\/\/lalmachine.com\/shop\/decorer\/art-de-la-table\/soupiere-en-porcelaine\/#primaryimage"},"image":{"@id":"https:\/\/lalmachine.com\/shop\/decorer\/art-de-la-table\/soupiere-en-porcelaine\/#primaryimage"},"thumbnailUrl":"https:\/\/lalmachine.com\/wp-content\/uploads\/2021\/01\/IMG_20201229_142809_clipped_rev_1-0c8d79fd-scaled.jpg","datePublished":"2021-01-09T15:43:29+00:00","dateModified":"2024-12-05T20:50:42+00:00","description":"Soupi\u00e8re en porcelaine avec couvercle. D\u00e9cor\u00e9e avec des tr\u00e8s jolis motifs color\u00e9s. En tr\u00e8s bon \u00e9tat.","breadcrumb":{"@id":"https:\/\/lalmachine.com\/shop\/decorer\/art-de-la-table\/soupiere-en-porcelaine\/#breadcrumb"},"inLanguage":"de","potentialAction":[{"@type":"ReadAction","target":["https:\/\/lalmachine.com\/shop\/decorer\/art-de-la-table\/soupiere-en-porcelaine\/"]}]},{"@type":"ImageObject","inLanguage":"de","@id":"https:\/\/lalmachine.com\/shop\/decorer\/art-de-la-table\/soupiere-en-porcelaine\/#primaryimage","url":"https:\/\/lalmachine.com\/wp-content\/uploads\/2021\/01\/IMG_20201229_142809_clipped_rev_1-0c8d79fd-scaled.jpg","contentUrl":"https:\/\/lalmachine.com\/wp-content\/uploads\/2021\/01\/IMG_20201229_142809_clipped_rev_1-0c8d79fd-scaled.jpg","width":2560,"height":2560},{"@type":"BreadcrumbList","@id":"https:\/\/lalmachine.com\/shop\/decorer\/art-de-la-table\/soupiere-en-porcelaine\/#breadcrumb","itemListElement":[{"@type":"ListItem","position":1,"name":"Accueil","item":"https:\/\/lalmachine.com\/"},{"@type":"ListItem","position":2,"name":"Shop","item":"https:\/\/lalmachine.com\/shop\/"},{"@type":"ListItem","position":3,"name":"Soupi\u00e8re en porcelaine"}]},{"@type":"WebSite","@id":"https:\/\/lalmachine.com\/#website","url":"https:\/\/lalmachine.com\/","name":"lalmachine.com","description":"Brocante en ligne Suisse | Mobilier et objets d\u00e9co vintage et design","potentialAction":[{"@type":"SearchAction","target":{"@type":"EntryPoint","urlTemplate":"https:\/\/lalmachine.com\/?s={search_term_string}"},"query-input":{"@type":"PropertyValueSpecification","valueRequired":true,"valueName":"search_term_string"}}],"inLanguage":"de"}]}},"_links":{"self":[{"href":"https:\/\/lalmachine.com\/de\/wp-json\/wp\/v2\/product\/35719","targetHints":{"allow":["GET"]}}],"collection":[{"href":"https:\/\/lalmachine.com\/de\/wp-json\/wp\/v2\/product"}],"about":[{"href":"https:\/\/lalmachine.com\/de\/wp-json\/wp\/v2\/types\/product"}],"wp:featuredmedia":[{"embeddable":true,"href":"https:\/\/lalmachine.com\/de\/wp-json\/wp\/v2\/media\/35711"}],"wp:attachment":[{"href":"https:\/\/lalmachine.com\/de\/wp-json\/wp\/v2\/media?parent=35719"}],"wp:term":[{"taxonomy":"product_brand","embeddable":true,"href":"https:\/\/lalmachine.com\/de\/wp-json\/wp\/v2\/product_brand?post=35719"},{"taxonomy":"product_cat","embeddable":true,"href":"https:\/\/lalmachine.com\/de\/wp-json\/wp\/v2\/product_cat?post=35719"},{"taxonomy":"product_tag","embeddable":true,"href":"https:\/\/lalmachine.com\/de\/wp-json\/wp\/v2\/product_tag?post=35719"},{"taxonomy":"proximite","embeddable":true,"href":"https:\/\/lalmachine.com\/de\/wp-json\/wp\/v2\/proximite?post=35719"}],"curies":[{"name":"wp","href":"https:\/\/api.w.org\/{rel}","templated":true}]}}