{"id":357281,"date":"2026-02-27T11:40:07","date_gmt":"2026-02-27T10:40:07","guid":{"rendered":"https:\/\/lalmachine.com\/?post_type=product&#038;p=357281"},"modified":"2026-02-27T11:40:09","modified_gmt":"2026-02-27T10:40:09","slug":"lustre-des-annees-50-en-laiton-et-verre","status":"publish","type":"product","link":"https:\/\/lalmachine.com\/de\/shop\/eclairer\/suspension-plafonnier\/lustre-des-annees-50-en-laiton-et-verre\/","title":{"rendered":"Lustre des ann\u00e9es 50 en laiton et verre"},"content":{"rendered":"<ul class=\"wpuf_customs\"><li style=\"list-style-type:none;\"><label>Autres photos:<\/label> <a href=\"https:\/\/lalmachine.com\/wp-content\/uploads\/2026\/02\/312-1.jpg\"><img loading=\"lazy\" decoding=\"async\" width=\"99\" height=\"96\" src=\"https:\/\/lalmachine.com\/wp-content\/uploads\/2026\/02\/312-1.jpg\" class=\"attachment-thumbnail size-thumbnail\" alt=\"\" \/><\/a> <a href=\"https:\/\/lalmachine.com\/wp-content\/uploads\/2026\/02\/312d.jpg\"><img loading=\"lazy\" decoding=\"async\" width=\"93\" height=\"96\" src=\"https:\/\/lalmachine.com\/wp-content\/uploads\/2026\/02\/312d.jpg\" class=\"attachment-thumbnail size-thumbnail\" alt=\"\" \/><\/a> <a href=\"https:\/\/lalmachine.com\/wp-content\/uploads\/2026\/02\/312a.jpg\"><img loading=\"lazy\" decoding=\"async\" width=\"101\" height=\"96\" src=\"https:\/\/lalmachine.com\/wp-content\/uploads\/2026\/02\/312a.jpg\" class=\"attachment-thumbnail size-thumbnail\" alt=\"\" \/><\/a> <a href=\"https:\/\/lalmachine.com\/wp-content\/uploads\/2026\/02\/312e.jpg\"><img loading=\"lazy\" decoding=\"async\" width=\"105\" height=\"96\" src=\"https:\/\/lalmachine.com\/wp-content\/uploads\/2026\/02\/312e.jpg\" class=\"attachment-thumbnail size-thumbnail\" alt=\"\" \/><\/a> <a href=\"https:\/\/lalmachine.com\/wp-content\/uploads\/2026\/02\/312h.jpg\"><img loading=\"lazy\" decoding=\"async\" width=\"99\" height=\"96\" src=\"https:\/\/lalmachine.com\/wp-content\/uploads\/2026\/02\/312h.jpg\" class=\"attachment-thumbnail size-thumbnail\" alt=\"\" \/><\/a> <a href=\"https:\/\/lalmachine.com\/wp-content\/uploads\/2026\/02\/312i.jpg\"><img loading=\"lazy\" decoding=\"async\" width=\"115\" height=\"96\" src=\"https:\/\/lalmachine.com\/wp-content\/uploads\/2026\/02\/312i.jpg\" class=\"attachment-thumbnail size-thumbnail\" alt=\"\" \/><\/a> <a href=\"https:\/\/lalmachine.com\/wp-content\/uploads\/2026\/02\/312l.jpg\"><img loading=\"lazy\" decoding=\"async\" width=\"112\" height=\"96\" src=\"https:\/\/lalmachine.com\/wp-content\/uploads\/2026\/02\/312l.jpg\" class=\"attachment-thumbnail size-thumbnail\" alt=\"\" \/><\/a> <a href=\"https:\/\/lalmachine.com\/wp-content\/uploads\/2026\/02\/312f-scaled.jpg\"><img loading=\"lazy\" decoding=\"async\" width=\"126\" height=\"96\" src=\"https:\/\/lalmachine.com\/wp-content\/uploads\/2026\/02\/312f-scaled.jpg\" class=\"attachment-thumbnail size-thumbnail\" alt=\"\" \/><\/a> <a href=\"https:\/\/lalmachine.com\/wp-content\/uploads\/2026\/02\/312g-scaled.jpg\"><img loading=\"lazy\" decoding=\"async\" width=\"125\" height=\"96\" src=\"https:\/\/lalmachine.com\/wp-content\/uploads\/2026\/02\/312g-scaled.jpg\" class=\"attachment-thumbnail size-thumbnail\" alt=\"\" \/><\/a> <a href=\"https:\/\/lalmachine.com\/wp-content\/uploads\/2026\/02\/312d-1.jpg\"><img loading=\"lazy\" decoding=\"async\" width=\"93\" height=\"96\" src=\"https:\/\/lalmachine.com\/wp-content\/uploads\/2026\/02\/312d-1.jpg\" class=\"attachment-thumbnail size-thumbnail\" alt=\"\" \/><\/a> <a href=\"https:\/\/lalmachine.com\/wp-content\/uploads\/2026\/02\/312b-scaled.jpg\"><img loading=\"lazy\" decoding=\"async\" width=\"128\" height=\"90\" src=\"https:\/\/lalmachine.com\/wp-content\/uploads\/2026\/02\/312b-scaled.jpg\" class=\"attachment-thumbnail size-thumbnail\" alt=\"\" \/><\/a> <a href=\"https:\/\/lalmachine.com\/wp-content\/uploads\/2026\/02\/312c.jpg\"><img loading=\"lazy\" decoding=\"async\" width=\"97\" height=\"96\" src=\"https:\/\/lalmachine.com\/wp-content\/uploads\/2026\/02\/312c.jpg\" class=\"attachment-thumbnail size-thumbnail\" alt=\"\" \/><\/a> <\/li>        <li class=\"wpuf-field-data wpuf-field-data-numeric_text_field\">\n                            <label>Prix:<\/label>\n                        780        <\/li>\n                <li class=\"wpuf-field-data wpuf-field-data-numeric_text_field\">\n                            <label>Quantit\u00e9:<\/label>\n                        1        <\/li>\n                <li class=\"wpuf-field-data wpuf-field-data-numeric_text_field\">\n                            <label>Hauteur (cm):<\/label>\n                        70        <\/li>\n                <li class=\"wpuf-field-data wpuf-field-data-numeric_text_field\">\n                            <label>Largeur (cm):<\/label>\n                        100        <\/li>\n                <li class=\"wpuf-field-data wpuf-field-data-numeric_text_field\">\n                            <label>Profondeur (cm):<\/label>\n                        100        <\/li>\n        <\/ul>","protected":false},"excerpt":{"rendered":"<p>Grand lustre \u00ab\u00a0Araign\u00e9e\u00a0\u00bb ou \u00ab\u00a0fleur\u00a0\u00bb des ann\u00e9es 50 \u00e0 10 feux, probablement d&rsquo;origine suisse. Les bras et la partie centrale sont en laiton brillant et le cache-fil en m\u00e9tal teint\u00e9 blanc.<\/p>\n<p>Tous les abat-jours sont d&rsquo;origine et en parfait \u00e9tat. Un seul, manquant, a d\u00fb \u00eatre remplac\u00e9 et ne poss\u00e8de pas le m\u00eame motif que les autres. Une tr\u00e8s belle pi\u00e8ce au style ample et \u00e9l\u00e9gant.<\/p>","protected":false},"featured_media":357301,"template":"","meta":{"_et_pb_use_builder":"","_et_pb_old_content":"","_et_gb_content_width":""},"product_brand":[],"product_cat":[49,91],"product_tag":[],"proximite":[280,179],"class_list":{"0":"post-357281","1":"product","2":"type-product","3":"status-publish","4":"has-post-thumbnail","6":"product_cat-eclairer","7":"product_cat-suspension-plafonnier","8":"pa_couleur-dore","9":"pa_etat-tres-bon-etat","10":"pa_materiau-metal","11":"pa_style-vintage","12":"proximite-morges","13":"proximite-vaud","15":"first","16":"instock","17":"shipping-taxable","18":"purchasable","19":"product-type-simple"},"yoast_head":"<!-- This site is optimized with the Yoast SEO plugin v27.3 - https:\/\/yoast.com\/product\/yoast-seo-wordpress\/ -->\n<title>Lustre des ann\u00e9es 50 en laiton et verre | lalmachine.com<\/title>\n<meta name=\"description\" content=\"Lustre des ann\u00e9es 50 en laiton et verre\" \/>\n<meta name=\"robots\" content=\"index, follow, max-snippet:-1, max-image-preview:large, max-video-preview:-1\" \/>\n<link rel=\"canonical\" href=\"https:\/\/lalmachine.com\/de\/shop\/eclairer\/suspension-plafonnier\/lustre-des-annees-50-en-laiton-et-verre\/\" \/>\n<meta property=\"og:locale\" content=\"de_DE\" \/>\n<meta property=\"og:type\" content=\"article\" \/>\n<meta property=\"og:title\" content=\"Lustre des ann\u00e9es 50 en laiton et verre | lalmachine.com\" \/>\n<meta property=\"og:description\" content=\"Lustre des ann\u00e9es 50 en laiton et verre\" \/>\n<meta property=\"og:url\" content=\"https:\/\/lalmachine.com\/de\/shop\/eclairer\/suspension-plafonnier\/lustre-des-annees-50-en-laiton-et-verre\/\" \/>\n<meta property=\"og:site_name\" content=\"lalmachine.com\" \/>\n<meta property=\"article:publisher\" content=\"https:\/\/facebook.com\/lalmachine\" \/>\n<meta property=\"article:modified_time\" content=\"2026-02-27T10:40:09+00:00\" \/>\n<meta property=\"og:image\" content=\"https:\/\/lalmachine.com\/wp-content\/uploads\/2026\/02\/312_clipped_rev_1.jpeg\" \/>\n\t<meta property=\"og:image:width\" content=\"1591\" \/>\n\t<meta property=\"og:image:height\" content=\"1591\" \/>\n\t<meta property=\"og:image:type\" content=\"image\/jpeg\" \/>\n<meta name=\"twitter:card\" content=\"summary_large_image\" \/>\n<script type=\"application\/ld+json\" class=\"yoast-schema-graph\">{\"@context\":\"https:\\\/\\\/schema.org\",\"@graph\":[{\"@type\":\"WebPage\",\"@id\":\"https:\\\/\\\/lalmachine.com\\\/shop\\\/eclairer\\\/suspension-plafonnier\\\/lustre-des-annees-50-en-laiton-et-verre\\\/\",\"url\":\"https:\\\/\\\/lalmachine.com\\\/shop\\\/eclairer\\\/suspension-plafonnier\\\/lustre-des-annees-50-en-laiton-et-verre\\\/\",\"name\":\"Lustre des ann\u00e9es 50 en laiton et verre | lalmachine.com\",\"isPartOf\":{\"@id\":\"https:\\\/\\\/lalmachine.com\\\/#website\"},\"primaryImageOfPage\":{\"@id\":\"https:\\\/\\\/lalmachine.com\\\/shop\\\/eclairer\\\/suspension-plafonnier\\\/lustre-des-annees-50-en-laiton-et-verre\\\/#primaryimage\"},\"image\":{\"@id\":\"https:\\\/\\\/lalmachine.com\\\/shop\\\/eclairer\\\/suspension-plafonnier\\\/lustre-des-annees-50-en-laiton-et-verre\\\/#primaryimage\"},\"thumbnailUrl\":\"https:\\\/\\\/lalmachine.com\\\/wp-content\\\/uploads\\\/2026\\\/02\\\/312_clipped_rev_1.jpeg\",\"datePublished\":\"2026-02-27T10:40:07+00:00\",\"dateModified\":\"2026-02-27T10:40:09+00:00\",\"description\":\"Lustre des ann\u00e9es 50 en laiton et verre\",\"breadcrumb\":{\"@id\":\"https:\\\/\\\/lalmachine.com\\\/shop\\\/eclairer\\\/suspension-plafonnier\\\/lustre-des-annees-50-en-laiton-et-verre\\\/#breadcrumb\"},\"inLanguage\":\"de\",\"potentialAction\":[{\"@type\":\"ReadAction\",\"target\":[\"https:\\\/\\\/lalmachine.com\\\/shop\\\/eclairer\\\/suspension-plafonnier\\\/lustre-des-annees-50-en-laiton-et-verre\\\/\"]}]},{\"@type\":\"ImageObject\",\"inLanguage\":\"de\",\"@id\":\"https:\\\/\\\/lalmachine.com\\\/shop\\\/eclairer\\\/suspension-plafonnier\\\/lustre-des-annees-50-en-laiton-et-verre\\\/#primaryimage\",\"url\":\"https:\\\/\\\/lalmachine.com\\\/wp-content\\\/uploads\\\/2026\\\/02\\\/312_clipped_rev_1.jpeg\",\"contentUrl\":\"https:\\\/\\\/lalmachine.com\\\/wp-content\\\/uploads\\\/2026\\\/02\\\/312_clipped_rev_1.jpeg\",\"width\":1591,\"height\":1591,\"caption\":\"Lustre des ann\u00e9es 50 en laiton et verre\"},{\"@type\":\"BreadcrumbList\",\"@id\":\"https:\\\/\\\/lalmachine.com\\\/shop\\\/eclairer\\\/suspension-plafonnier\\\/lustre-des-annees-50-en-laiton-et-verre\\\/#breadcrumb\",\"itemListElement\":[{\"@type\":\"ListItem\",\"position\":1,\"name\":\"Accueil\",\"item\":\"https:\\\/\\\/lalmachine.com\\\/\"},{\"@type\":\"ListItem\",\"position\":2,\"name\":\"Shop\",\"item\":\"https:\\\/\\\/lalmachine.com\\\/shop\\\/\"},{\"@type\":\"ListItem\",\"position\":3,\"name\":\"Lustre des ann\u00e9es 50 en laiton et verre\"}]},{\"@type\":\"WebSite\",\"@id\":\"https:\\\/\\\/lalmachine.com\\\/#website\",\"url\":\"https:\\\/\\\/lalmachine.com\\\/\",\"name\":\"lalmachine.com\",\"description\":\"Brocante en ligne Suisse | Mobilier et objets d\u00e9co vintage et design\",\"potentialAction\":[{\"@type\":\"SearchAction\",\"target\":{\"@type\":\"EntryPoint\",\"urlTemplate\":\"https:\\\/\\\/lalmachine.com\\\/?s={search_term_string}\"},\"query-input\":{\"@type\":\"PropertyValueSpecification\",\"valueRequired\":true,\"valueName\":\"search_term_string\"}}],\"inLanguage\":\"de\"}]}<\/script>\n<!-- \/ Yoast SEO plugin. -->","yoast_head_json":{"title":"Lustre des ann\u00e9es 50 en laiton et verre | lalmachine.com","description":"Lustre des ann\u00e9es 50 en laiton et verre","robots":{"index":"index","follow":"follow","max-snippet":"max-snippet:-1","max-image-preview":"max-image-preview:large","max-video-preview":"max-video-preview:-1"},"canonical":"https:\/\/lalmachine.com\/de\/shop\/eclairer\/suspension-plafonnier\/lustre-des-annees-50-en-laiton-et-verre\/","og_locale":"de_DE","og_type":"article","og_title":"Lustre des ann\u00e9es 50 en laiton et verre | lalmachine.com","og_description":"Lustre des ann\u00e9es 50 en laiton et verre","og_url":"https:\/\/lalmachine.com\/de\/shop\/eclairer\/suspension-plafonnier\/lustre-des-annees-50-en-laiton-et-verre\/","og_site_name":"lalmachine.com","article_publisher":"https:\/\/facebook.com\/lalmachine","article_modified_time":"2026-02-27T10:40:09+00:00","og_image":[{"width":1591,"height":1591,"url":"https:\/\/lalmachine.com\/wp-content\/uploads\/2026\/02\/312_clipped_rev_1.jpeg","type":"image\/jpeg"}],"twitter_card":"summary_large_image","schema":{"@context":"https:\/\/schema.org","@graph":[{"@type":"WebPage","@id":"https:\/\/lalmachine.com\/shop\/eclairer\/suspension-plafonnier\/lustre-des-annees-50-en-laiton-et-verre\/","url":"https:\/\/lalmachine.com\/shop\/eclairer\/suspension-plafonnier\/lustre-des-annees-50-en-laiton-et-verre\/","name":"Lustre des ann\u00e9es 50 en laiton et verre | lalmachine.com","isPartOf":{"@id":"https:\/\/lalmachine.com\/#website"},"primaryImageOfPage":{"@id":"https:\/\/lalmachine.com\/shop\/eclairer\/suspension-plafonnier\/lustre-des-annees-50-en-laiton-et-verre\/#primaryimage"},"image":{"@id":"https:\/\/lalmachine.com\/shop\/eclairer\/suspension-plafonnier\/lustre-des-annees-50-en-laiton-et-verre\/#primaryimage"},"thumbnailUrl":"https:\/\/lalmachine.com\/wp-content\/uploads\/2026\/02\/312_clipped_rev_1.jpeg","datePublished":"2026-02-27T10:40:07+00:00","dateModified":"2026-02-27T10:40:09+00:00","description":"Lustre des ann\u00e9es 50 en laiton et verre","breadcrumb":{"@id":"https:\/\/lalmachine.com\/shop\/eclairer\/suspension-plafonnier\/lustre-des-annees-50-en-laiton-et-verre\/#breadcrumb"},"inLanguage":"de","potentialAction":[{"@type":"ReadAction","target":["https:\/\/lalmachine.com\/shop\/eclairer\/suspension-plafonnier\/lustre-des-annees-50-en-laiton-et-verre\/"]}]},{"@type":"ImageObject","inLanguage":"de","@id":"https:\/\/lalmachine.com\/shop\/eclairer\/suspension-plafonnier\/lustre-des-annees-50-en-laiton-et-verre\/#primaryimage","url":"https:\/\/lalmachine.com\/wp-content\/uploads\/2026\/02\/312_clipped_rev_1.jpeg","contentUrl":"https:\/\/lalmachine.com\/wp-content\/uploads\/2026\/02\/312_clipped_rev_1.jpeg","width":1591,"height":1591,"caption":"Lustre des ann\u00e9es 50 en laiton et verre"},{"@type":"BreadcrumbList","@id":"https:\/\/lalmachine.com\/shop\/eclairer\/suspension-plafonnier\/lustre-des-annees-50-en-laiton-et-verre\/#breadcrumb","itemListElement":[{"@type":"ListItem","position":1,"name":"Accueil","item":"https:\/\/lalmachine.com\/"},{"@type":"ListItem","position":2,"name":"Shop","item":"https:\/\/lalmachine.com\/shop\/"},{"@type":"ListItem","position":3,"name":"Lustre des ann\u00e9es 50 en laiton et verre"}]},{"@type":"WebSite","@id":"https:\/\/lalmachine.com\/#website","url":"https:\/\/lalmachine.com\/","name":"lalmachine.com","description":"Brocante en ligne Suisse | Mobilier et objets d\u00e9co vintage et design","potentialAction":[{"@type":"SearchAction","target":{"@type":"EntryPoint","urlTemplate":"https:\/\/lalmachine.com\/?s={search_term_string}"},"query-input":{"@type":"PropertyValueSpecification","valueRequired":true,"valueName":"search_term_string"}}],"inLanguage":"de"}]}},"_links":{"self":[{"href":"https:\/\/lalmachine.com\/de\/wp-json\/wp\/v2\/product\/357281","targetHints":{"allow":["GET"]}}],"collection":[{"href":"https:\/\/lalmachine.com\/de\/wp-json\/wp\/v2\/product"}],"about":[{"href":"https:\/\/lalmachine.com\/de\/wp-json\/wp\/v2\/types\/product"}],"wp:featuredmedia":[{"embeddable":true,"href":"https:\/\/lalmachine.com\/de\/wp-json\/wp\/v2\/media\/357301"}],"wp:attachment":[{"href":"https:\/\/lalmachine.com\/de\/wp-json\/wp\/v2\/media?parent=357281"}],"wp:term":[{"taxonomy":"product_brand","embeddable":true,"href":"https:\/\/lalmachine.com\/de\/wp-json\/wp\/v2\/product_brand?post=357281"},{"taxonomy":"product_cat","embeddable":true,"href":"https:\/\/lalmachine.com\/de\/wp-json\/wp\/v2\/product_cat?post=357281"},{"taxonomy":"product_tag","embeddable":true,"href":"https:\/\/lalmachine.com\/de\/wp-json\/wp\/v2\/product_tag?post=357281"},{"taxonomy":"proximite","embeddable":true,"href":"https:\/\/lalmachine.com\/de\/wp-json\/wp\/v2\/proximite?post=357281"}],"curies":[{"name":"wp","href":"https:\/\/api.w.org\/{rel}","templated":true}]}}