{"id":357980,"date":"2026-03-17T17:33:10","date_gmt":"2026-03-17T16:33:10","guid":{"rendered":"https:\/\/lalmachine.com\/?post_type=product&#038;p=357980"},"modified":"2026-03-17T17:33:11","modified_gmt":"2026-03-17T16:33:11","slug":"lithographie-leonor-fini-1908-1996-le-baiser","status":"publish","type":"product","link":"https:\/\/lalmachine.com\/de\/shop\/decorer\/art-and-co\/lithographie-leonor-fini-1908-1996-le-baiser\/","title":{"rendered":"Lithographie Leonor Fini (1908-1996) \u00ab Le baiser \u00bb"},"content":{"rendered":"<ul class=\"wpuf_customs\"><li style=\"list-style-type:none;\"><label>Autres photos:<\/label> <a href=\"https:\/\/lalmachine.com\/wp-content\/uploads\/2026\/03\/2-scaled.jpg\"><img loading=\"lazy\" decoding=\"async\" width=\"72\" height=\"96\" src=\"https:\/\/lalmachine.com\/wp-content\/uploads\/2026\/03\/2-scaled.jpg\" class=\"attachment-thumbnail size-thumbnail\" alt=\"\" \/><\/a> <a href=\"https:\/\/lalmachine.com\/wp-content\/uploads\/2026\/03\/3-scaled.jpg\"><img loading=\"lazy\" decoding=\"async\" width=\"72\" height=\"96\" src=\"https:\/\/lalmachine.com\/wp-content\/uploads\/2026\/03\/3-scaled.jpg\" class=\"attachment-thumbnail size-thumbnail\" alt=\"\" \/><\/a> <a href=\"https:\/\/lalmachine.com\/wp-content\/uploads\/2026\/03\/4-scaled.jpg\"><img loading=\"lazy\" decoding=\"async\" width=\"128\" height=\"96\" src=\"https:\/\/lalmachine.com\/wp-content\/uploads\/2026\/03\/4-scaled.jpg\" class=\"attachment-thumbnail size-thumbnail\" alt=\"\" \/><\/a> <a href=\"https:\/\/lalmachine.com\/wp-content\/uploads\/2026\/03\/5-scaled.jpg\"><img loading=\"lazy\" decoding=\"async\" width=\"128\" height=\"96\" src=\"https:\/\/lalmachine.com\/wp-content\/uploads\/2026\/03\/5-scaled.jpg\" class=\"attachment-thumbnail size-thumbnail\" alt=\"\" \/><\/a> <a href=\"https:\/\/lalmachine.com\/wp-content\/uploads\/2026\/03\/6-scaled.jpg\"><img loading=\"lazy\" decoding=\"async\" width=\"128\" height=\"96\" src=\"https:\/\/lalmachine.com\/wp-content\/uploads\/2026\/03\/6-scaled.jpg\" class=\"attachment-thumbnail size-thumbnail\" alt=\"\" \/><\/a> <a href=\"https:\/\/lalmachine.com\/wp-content\/uploads\/2026\/03\/7.jpg\"><img loading=\"lazy\" decoding=\"async\" width=\"83\" height=\"96\" src=\"https:\/\/lalmachine.com\/wp-content\/uploads\/2026\/03\/7.jpg\" class=\"attachment-thumbnail size-thumbnail\" alt=\"\" \/><\/a> <a href=\"https:\/\/lalmachine.com\/wp-content\/uploads\/2026\/03\/9-scaled.jpg\"><img loading=\"lazy\" decoding=\"async\" width=\"128\" height=\"96\" src=\"https:\/\/lalmachine.com\/wp-content\/uploads\/2026\/03\/9-scaled.jpg\" class=\"attachment-thumbnail size-thumbnail\" alt=\"\" \/><\/a> <\/li>        <li class=\"wpuf-field-data wpuf-field-data-numeric_text_field\">\n                            <label>Prix:<\/label>\n                        349        <\/li>\n                <li class=\"wpuf-field-data wpuf-field-data-numeric_text_field\">\n                            <label>Quantit\u00e9:<\/label>\n                        1        <\/li>\n                <li class=\"wpuf-field-data wpuf-field-data-numeric_text_field\">\n                            <label>Hauteur (cm):<\/label>\n                        55        <\/li>\n                <li class=\"wpuf-field-data wpuf-field-data-numeric_text_field\">\n                            <label>Largeur (cm):<\/label>\n                        46        <\/li>\n                <li class=\"wpuf-field-data wpuf-field-data-numeric_text_field\">\n                            <label>Profondeur (cm):<\/label>\n                        1        <\/li>\n        <\/ul>","protected":false},"excerpt":{"rendered":"<p>Leonor Fini (1908-1996), \u00ab Le baiser \u00bb, lithographie, sign\u00e9e et justifi\u00e9e \u00ab Epreuve d\u2019artiste \u00bb.<\/p>\n<p>Dimensions : Cadre dor\u00e9 55.5&#215;46 cm (38x30cm hors passe-partout). Beau cadrage dor\u00e9, avec un passe-partout \u00e0 45\u00b0 tranche or.<\/p>\n<p>Condition : bonne<\/p>\n<p>Envoi soign\u00e9 dans un emballage de protection rigide en recommand\u00e9, sous 1-2 jours ouvrables.<\/p>\n<p>Leonor Fini (1907\u20131996) est une artiste majeure du XX\u1d49 si\u00e8cle, figure singuli\u00e8re du surr\u00e9alisme. N\u00e9e en Argentine et \u00e9lev\u00e9e en Europe, elle d\u00e9veloppe tr\u00e8s t\u00f4t un univers puissant et ind\u00e9pendant, refusant toute appartenance stricte aux mouvements ou aux dogmes.<\/p>\n<p>Peintre, illustratrice et cr\u00e9atrice aux multiples talents, Leonor Fini est reconnue pour ses compositions \u00e9nigmatiques, peupl\u00e9es de figures f\u00e9minines souveraines et de symboles mythologiques. Son \u0153uvre explore les th\u00e8mes de l\u2019identit\u00e9, du r\u00eave, de l\u2019\u00e9rotisme et de la m\u00e9tamorphose, avec une ma\u00eetrise remarquable de la couleur et du dessin.<\/p>\n<p>Expos\u00e9e internationalement et pr\u00e9sente dans de grandes collections publiques et priv\u00e9es, Leonor Fini s\u00e9duit aujourd\u2019hui les collectionneurs par la force narrative, l\u2019\u00e9l\u00e9gance intemporelle et la raret\u00e9 de son travail. Acqu\u00e9rir une \u0153uvre de Leonor Fini, c\u2019est investir dans une signature embl\u00e9matique, \u00e0 la crois\u00e9e de l\u2019imaginaire, de la libert\u00e9 artistique et de l\u2019histoire de l\u2019art moderne.<\/p>","protected":false},"featured_media":357983,"template":"","meta":{"_et_pb_use_builder":"","_et_pb_old_content":"","_et_gb_content_width":""},"product_brand":[],"product_cat":[365,50],"product_tag":[],"proximite":[177,235],"class_list":{"0":"post-357980","1":"product","2":"type-product","3":"status-publish","4":"has-post-thumbnail","6":"product_cat-art-and-co","7":"product_cat-decorer","8":"product_shipping_class-2-10-kg","9":"pa_couleur-multicolore","10":"pa_etat-bon-etat","11":"pa_materiau-papier-carton","12":"pa_style-vintage","13":"proximite-fribourg","14":"proximite-sarine","16":"first","17":"instock","18":"shipping-taxable","19":"purchasable","20":"product-type-simple"},"yoast_head":"<!-- This site is optimized with the Yoast SEO plugin v27.4 - https:\/\/yoast.com\/product\/yoast-seo-wordpress\/ -->\n<title>Lithographie Leonor Fini (1908-1996) \u00ab Le baiser \u00bb | lalmachine.com, mobilier et objets d\u00e9co vintage et design<\/title>\n<meta name=\"description\" content=\"Lithographie Leonor Fini (1908-1996) \u00ab Le baiser \u00bb\" \/>\n<meta name=\"robots\" content=\"index, follow, max-snippet:-1, max-image-preview:large, max-video-preview:-1\" \/>\n<link rel=\"canonical\" href=\"https:\/\/lalmachine.com\/de\/shop\/decorer\/art-and-co\/lithographie-leonor-fini-1908-1996-le-baiser\/\" \/>\n<meta property=\"og:locale\" content=\"de_DE\" \/>\n<meta property=\"og:type\" content=\"article\" \/>\n<meta property=\"og:title\" content=\"Lithographie Leonor Fini (1908-1996) \u00ab Le baiser \u00bb | lalmachine.com, mobilier et objets d\u00e9co vintage et design\" \/>\n<meta property=\"og:description\" content=\"Lithographie Leonor Fini (1908-1996) \u00ab Le baiser \u00bb\" \/>\n<meta property=\"og:url\" content=\"https:\/\/lalmachine.com\/de\/shop\/decorer\/art-and-co\/lithographie-leonor-fini-1908-1996-le-baiser\/\" \/>\n<meta property=\"og:site_name\" content=\"lalmachine.com\" \/>\n<meta property=\"article:publisher\" content=\"https:\/\/facebook.com\/lalmachine\" \/>\n<meta property=\"article:modified_time\" content=\"2026-03-17T16:33:11+00:00\" \/>\n<meta property=\"og:image\" content=\"https:\/\/lalmachine.com\/wp-content\/uploads\/2026\/03\/1-1-scaled_clipped_rev_1-9-scaled.jpeg\" \/>\n\t<meta property=\"og:image:width\" content=\"2560\" \/>\n\t<meta property=\"og:image:height\" content=\"2560\" \/>\n\t<meta property=\"og:image:type\" content=\"image\/jpeg\" \/>\n<meta name=\"twitter:card\" content=\"summary_large_image\" \/>\n<script type=\"application\/ld+json\" class=\"yoast-schema-graph\">{\"@context\":\"https:\\\/\\\/schema.org\",\"@graph\":[{\"@type\":\"WebPage\",\"@id\":\"https:\\\/\\\/lalmachine.com\\\/shop\\\/decorer\\\/art-and-co\\\/lithographie-leonor-fini-1908-1996-le-baiser\\\/\",\"url\":\"https:\\\/\\\/lalmachine.com\\\/shop\\\/decorer\\\/art-and-co\\\/lithographie-leonor-fini-1908-1996-le-baiser\\\/\",\"name\":\"Lithographie Leonor Fini (1908-1996) \u00ab Le baiser \u00bb | lalmachine.com, mobilier et objets d\u00e9co vintage et design\",\"isPartOf\":{\"@id\":\"https:\\\/\\\/lalmachine.com\\\/#website\"},\"primaryImageOfPage\":{\"@id\":\"https:\\\/\\\/lalmachine.com\\\/shop\\\/decorer\\\/art-and-co\\\/lithographie-leonor-fini-1908-1996-le-baiser\\\/#primaryimage\"},\"image\":{\"@id\":\"https:\\\/\\\/lalmachine.com\\\/shop\\\/decorer\\\/art-and-co\\\/lithographie-leonor-fini-1908-1996-le-baiser\\\/#primaryimage\"},\"thumbnailUrl\":\"https:\\\/\\\/lalmachine.com\\\/wp-content\\\/uploads\\\/2026\\\/03\\\/1-1-scaled_clipped_rev_1-9-scaled.jpeg\",\"datePublished\":\"2026-03-17T16:33:10+00:00\",\"dateModified\":\"2026-03-17T16:33:11+00:00\",\"description\":\"Lithographie Leonor Fini (1908-1996) \u00ab Le baiser \u00bb\",\"breadcrumb\":{\"@id\":\"https:\\\/\\\/lalmachine.com\\\/shop\\\/decorer\\\/art-and-co\\\/lithographie-leonor-fini-1908-1996-le-baiser\\\/#breadcrumb\"},\"inLanguage\":\"de\",\"potentialAction\":[{\"@type\":\"ReadAction\",\"target\":[\"https:\\\/\\\/lalmachine.com\\\/shop\\\/decorer\\\/art-and-co\\\/lithographie-leonor-fini-1908-1996-le-baiser\\\/\"]}]},{\"@type\":\"ImageObject\",\"inLanguage\":\"de\",\"@id\":\"https:\\\/\\\/lalmachine.com\\\/shop\\\/decorer\\\/art-and-co\\\/lithographie-leonor-fini-1908-1996-le-baiser\\\/#primaryimage\",\"url\":\"https:\\\/\\\/lalmachine.com\\\/wp-content\\\/uploads\\\/2026\\\/03\\\/1-1-scaled_clipped_rev_1-9-scaled.jpeg\",\"contentUrl\":\"https:\\\/\\\/lalmachine.com\\\/wp-content\\\/uploads\\\/2026\\\/03\\\/1-1-scaled_clipped_rev_1-9-scaled.jpeg\",\"width\":2560,\"height\":2560,\"caption\":\"Lithographie Leonor Fini (1908-1996) \u00ab Le baiser \u00bb\"},{\"@type\":\"BreadcrumbList\",\"@id\":\"https:\\\/\\\/lalmachine.com\\\/shop\\\/decorer\\\/art-and-co\\\/lithographie-leonor-fini-1908-1996-le-baiser\\\/#breadcrumb\",\"itemListElement\":[{\"@type\":\"ListItem\",\"position\":1,\"name\":\"Accueil\",\"item\":\"https:\\\/\\\/lalmachine.com\\\/\"},{\"@type\":\"ListItem\",\"position\":2,\"name\":\"Shop\",\"item\":\"https:\\\/\\\/lalmachine.com\\\/shop\\\/\"},{\"@type\":\"ListItem\",\"position\":3,\"name\":\"Lithographie Leonor Fini (1908-1996) \u00ab Le baiser \u00bb\"}]},{\"@type\":\"WebSite\",\"@id\":\"https:\\\/\\\/lalmachine.com\\\/#website\",\"url\":\"https:\\\/\\\/lalmachine.com\\\/\",\"name\":\"lalmachine.com\",\"description\":\"Brocante en ligne Suisse | Mobilier et objets d\u00e9co vintage et design\",\"potentialAction\":[{\"@type\":\"SearchAction\",\"target\":{\"@type\":\"EntryPoint\",\"urlTemplate\":\"https:\\\/\\\/lalmachine.com\\\/?s={search_term_string}\"},\"query-input\":{\"@type\":\"PropertyValueSpecification\",\"valueRequired\":true,\"valueName\":\"search_term_string\"}}],\"inLanguage\":\"de\"}]}<\/script>\n<!-- \/ Yoast SEO plugin. -->","yoast_head_json":{"title":"Lithographie Leonor Fini (1908-1996) \u00ab Le baiser \u00bb | lalmachine.com, mobilier et objets d\u00e9co vintage et design","description":"Lithographie Leonor Fini (1908-1996) \u00ab Le baiser \u00bb","robots":{"index":"index","follow":"follow","max-snippet":"max-snippet:-1","max-image-preview":"max-image-preview:large","max-video-preview":"max-video-preview:-1"},"canonical":"https:\/\/lalmachine.com\/de\/shop\/decorer\/art-and-co\/lithographie-leonor-fini-1908-1996-le-baiser\/","og_locale":"de_DE","og_type":"article","og_title":"Lithographie Leonor Fini (1908-1996) \u00ab Le baiser \u00bb | lalmachine.com, mobilier et objets d\u00e9co vintage et design","og_description":"Lithographie Leonor Fini (1908-1996) \u00ab Le baiser \u00bb","og_url":"https:\/\/lalmachine.com\/de\/shop\/decorer\/art-and-co\/lithographie-leonor-fini-1908-1996-le-baiser\/","og_site_name":"lalmachine.com","article_publisher":"https:\/\/facebook.com\/lalmachine","article_modified_time":"2026-03-17T16:33:11+00:00","og_image":[{"width":2560,"height":2560,"url":"https:\/\/lalmachine.com\/wp-content\/uploads\/2026\/03\/1-1-scaled_clipped_rev_1-9-scaled.jpeg","type":"image\/jpeg"}],"twitter_card":"summary_large_image","schema":{"@context":"https:\/\/schema.org","@graph":[{"@type":"WebPage","@id":"https:\/\/lalmachine.com\/shop\/decorer\/art-and-co\/lithographie-leonor-fini-1908-1996-le-baiser\/","url":"https:\/\/lalmachine.com\/shop\/decorer\/art-and-co\/lithographie-leonor-fini-1908-1996-le-baiser\/","name":"Lithographie Leonor Fini (1908-1996) \u00ab Le baiser \u00bb | lalmachine.com, mobilier et objets d\u00e9co vintage et design","isPartOf":{"@id":"https:\/\/lalmachine.com\/#website"},"primaryImageOfPage":{"@id":"https:\/\/lalmachine.com\/shop\/decorer\/art-and-co\/lithographie-leonor-fini-1908-1996-le-baiser\/#primaryimage"},"image":{"@id":"https:\/\/lalmachine.com\/shop\/decorer\/art-and-co\/lithographie-leonor-fini-1908-1996-le-baiser\/#primaryimage"},"thumbnailUrl":"https:\/\/lalmachine.com\/wp-content\/uploads\/2026\/03\/1-1-scaled_clipped_rev_1-9-scaled.jpeg","datePublished":"2026-03-17T16:33:10+00:00","dateModified":"2026-03-17T16:33:11+00:00","description":"Lithographie Leonor Fini (1908-1996) \u00ab Le baiser \u00bb","breadcrumb":{"@id":"https:\/\/lalmachine.com\/shop\/decorer\/art-and-co\/lithographie-leonor-fini-1908-1996-le-baiser\/#breadcrumb"},"inLanguage":"de","potentialAction":[{"@type":"ReadAction","target":["https:\/\/lalmachine.com\/shop\/decorer\/art-and-co\/lithographie-leonor-fini-1908-1996-le-baiser\/"]}]},{"@type":"ImageObject","inLanguage":"de","@id":"https:\/\/lalmachine.com\/shop\/decorer\/art-and-co\/lithographie-leonor-fini-1908-1996-le-baiser\/#primaryimage","url":"https:\/\/lalmachine.com\/wp-content\/uploads\/2026\/03\/1-1-scaled_clipped_rev_1-9-scaled.jpeg","contentUrl":"https:\/\/lalmachine.com\/wp-content\/uploads\/2026\/03\/1-1-scaled_clipped_rev_1-9-scaled.jpeg","width":2560,"height":2560,"caption":"Lithographie Leonor Fini (1908-1996) \u00ab Le baiser \u00bb"},{"@type":"BreadcrumbList","@id":"https:\/\/lalmachine.com\/shop\/decorer\/art-and-co\/lithographie-leonor-fini-1908-1996-le-baiser\/#breadcrumb","itemListElement":[{"@type":"ListItem","position":1,"name":"Accueil","item":"https:\/\/lalmachine.com\/"},{"@type":"ListItem","position":2,"name":"Shop","item":"https:\/\/lalmachine.com\/shop\/"},{"@type":"ListItem","position":3,"name":"Lithographie Leonor Fini (1908-1996) \u00ab Le baiser \u00bb"}]},{"@type":"WebSite","@id":"https:\/\/lalmachine.com\/#website","url":"https:\/\/lalmachine.com\/","name":"lalmachine.com","description":"Brocante en ligne Suisse | Mobilier et objets d\u00e9co vintage et design","potentialAction":[{"@type":"SearchAction","target":{"@type":"EntryPoint","urlTemplate":"https:\/\/lalmachine.com\/?s={search_term_string}"},"query-input":{"@type":"PropertyValueSpecification","valueRequired":true,"valueName":"search_term_string"}}],"inLanguage":"de"}]}},"_links":{"self":[{"href":"https:\/\/lalmachine.com\/de\/wp-json\/wp\/v2\/product\/357980","targetHints":{"allow":["GET"]}}],"collection":[{"href":"https:\/\/lalmachine.com\/de\/wp-json\/wp\/v2\/product"}],"about":[{"href":"https:\/\/lalmachine.com\/de\/wp-json\/wp\/v2\/types\/product"}],"wp:featuredmedia":[{"embeddable":true,"href":"https:\/\/lalmachine.com\/de\/wp-json\/wp\/v2\/media\/357983"}],"wp:attachment":[{"href":"https:\/\/lalmachine.com\/de\/wp-json\/wp\/v2\/media?parent=357980"}],"wp:term":[{"taxonomy":"product_brand","embeddable":true,"href":"https:\/\/lalmachine.com\/de\/wp-json\/wp\/v2\/product_brand?post=357980"},{"taxonomy":"product_cat","embeddable":true,"href":"https:\/\/lalmachine.com\/de\/wp-json\/wp\/v2\/product_cat?post=357980"},{"taxonomy":"product_tag","embeddable":true,"href":"https:\/\/lalmachine.com\/de\/wp-json\/wp\/v2\/product_tag?post=357980"},{"taxonomy":"proximite","embeddable":true,"href":"https:\/\/lalmachine.com\/de\/wp-json\/wp\/v2\/proximite?post=357980"}],"curies":[{"name":"wp","href":"https:\/\/api.w.org\/{rel}","templated":true}]}}