{"id":358320,"date":"2026-04-01T11:02:13","date_gmt":"2026-04-01T09:02:13","guid":{"rendered":"https:\/\/lalmachine.com\/?post_type=product&#038;p=358320"},"modified":"2026-04-01T11:02:14","modified_gmt":"2026-04-01T09:02:14","slug":"commode-attribuee-a-florence-knoll","status":"publish","type":"product","link":"https:\/\/lalmachine.com\/de\/shop\/meubler\/meuble-de-rangement\/commode-attribuee-a-florence-knoll\/","title":{"rendered":"Commode attribu\u00e9e \u00e0 Florence Knoll"},"content":{"rendered":"<ul class=\"wpuf_customs\"><li style=\"list-style-type:none;\"><label>Autres photos:<\/label> <a href=\"https:\/\/lalmachine.com\/wp-content\/uploads\/2026\/03\/DSC06535-Photoroom.jpeg\"><img loading=\"lazy\" decoding=\"async\" width=\"64\" height=\"96\" src=\"https:\/\/lalmachine.com\/wp-content\/uploads\/2026\/03\/DSC06535-Photoroom.jpeg\" class=\"attachment-thumbnail size-thumbnail\" alt=\"\" \/><\/a> <a href=\"https:\/\/lalmachine.com\/wp-content\/uploads\/2026\/03\/DSC06536-Photoroom.jpeg\"><img loading=\"lazy\" decoding=\"async\" width=\"64\" height=\"96\" src=\"https:\/\/lalmachine.com\/wp-content\/uploads\/2026\/03\/DSC06536-Photoroom.jpeg\" class=\"attachment-thumbnail size-thumbnail\" alt=\"\" \/><\/a> <a href=\"https:\/\/lalmachine.com\/wp-content\/uploads\/2026\/03\/DSC06537-Photoroom.jpeg\"><img loading=\"lazy\" decoding=\"async\" width=\"64\" height=\"96\" src=\"https:\/\/lalmachine.com\/wp-content\/uploads\/2026\/03\/DSC06537-Photoroom.jpeg\" class=\"attachment-thumbnail size-thumbnail\" alt=\"\" \/><\/a> <a href=\"https:\/\/lalmachine.com\/wp-content\/uploads\/2026\/03\/DSC06538-Photoroom.jpeg\"><img loading=\"lazy\" decoding=\"async\" width=\"64\" height=\"96\" src=\"https:\/\/lalmachine.com\/wp-content\/uploads\/2026\/03\/DSC06538-Photoroom.jpeg\" class=\"attachment-thumbnail size-thumbnail\" alt=\"\" \/><\/a> <a href=\"https:\/\/lalmachine.com\/wp-content\/uploads\/2026\/03\/DSC06540-Photoroom.jpeg\"><img loading=\"lazy\" decoding=\"async\" width=\"64\" height=\"96\" src=\"https:\/\/lalmachine.com\/wp-content\/uploads\/2026\/03\/DSC06540-Photoroom.jpeg\" class=\"attachment-thumbnail size-thumbnail\" alt=\"\" \/><\/a> <a href=\"https:\/\/lalmachine.com\/wp-content\/uploads\/2026\/03\/DSC06541-Photoroom.jpeg\"><img loading=\"lazy\" decoding=\"async\" width=\"64\" height=\"96\" src=\"https:\/\/lalmachine.com\/wp-content\/uploads\/2026\/03\/DSC06541-Photoroom.jpeg\" class=\"attachment-thumbnail size-thumbnail\" alt=\"\" \/><\/a> <a href=\"https:\/\/lalmachine.com\/wp-content\/uploads\/2026\/03\/DSC06544-Photoroom.jpeg\"><img loading=\"lazy\" decoding=\"async\" width=\"64\" height=\"96\" src=\"https:\/\/lalmachine.com\/wp-content\/uploads\/2026\/03\/DSC06544-Photoroom.jpeg\" class=\"attachment-thumbnail size-thumbnail\" alt=\"\" \/><\/a> <a href=\"https:\/\/lalmachine.com\/wp-content\/uploads\/2026\/03\/DSC06546-Photoroom.jpeg\"><img loading=\"lazy\" decoding=\"async\" width=\"64\" height=\"96\" src=\"https:\/\/lalmachine.com\/wp-content\/uploads\/2026\/03\/DSC06546-Photoroom.jpeg\" class=\"attachment-thumbnail size-thumbnail\" alt=\"\" \/><\/a> <a href=\"https:\/\/lalmachine.com\/wp-content\/uploads\/2026\/03\/DSC06547-Photoroom.jpeg\"><img loading=\"lazy\" decoding=\"async\" width=\"64\" height=\"96\" src=\"https:\/\/lalmachine.com\/wp-content\/uploads\/2026\/03\/DSC06547-Photoroom.jpeg\" class=\"attachment-thumbnail size-thumbnail\" alt=\"\" \/><\/a> <a href=\"https:\/\/lalmachine.com\/wp-content\/uploads\/2026\/03\/DSC06548-Photoroom.jpeg\"><img loading=\"lazy\" decoding=\"async\" width=\"64\" height=\"96\" src=\"https:\/\/lalmachine.com\/wp-content\/uploads\/2026\/03\/DSC06548-Photoroom.jpeg\" class=\"attachment-thumbnail size-thumbnail\" alt=\"\" \/><\/a> <a href=\"https:\/\/lalmachine.com\/wp-content\/uploads\/2026\/03\/DSC06549-Photoroom.jpeg\"><img loading=\"lazy\" decoding=\"async\" width=\"64\" height=\"96\" src=\"https:\/\/lalmachine.com\/wp-content\/uploads\/2026\/03\/DSC06549-Photoroom.jpeg\" class=\"attachment-thumbnail size-thumbnail\" alt=\"\" \/><\/a> <a href=\"https:\/\/lalmachine.com\/wp-content\/uploads\/2026\/03\/DSC06550-Photoroom.jpeg\"><img loading=\"lazy\" decoding=\"async\" width=\"64\" height=\"96\" src=\"https:\/\/lalmachine.com\/wp-content\/uploads\/2026\/03\/DSC06550-Photoroom.jpeg\" class=\"attachment-thumbnail size-thumbnail\" alt=\"\" \/><\/a> <a href=\"https:\/\/lalmachine.com\/wp-content\/uploads\/2026\/03\/DSC06551-Photoroom.jpeg\"><img loading=\"lazy\" decoding=\"async\" width=\"64\" height=\"96\" src=\"https:\/\/lalmachine.com\/wp-content\/uploads\/2026\/03\/DSC06551-Photoroom.jpeg\" class=\"attachment-thumbnail size-thumbnail\" alt=\"\" \/><\/a> <a href=\"https:\/\/lalmachine.com\/wp-content\/uploads\/2026\/03\/DSC06552-Photoroom.jpeg\"><img loading=\"lazy\" decoding=\"async\" width=\"64\" height=\"96\" src=\"https:\/\/lalmachine.com\/wp-content\/uploads\/2026\/03\/DSC06552-Photoroom.jpeg\" class=\"attachment-thumbnail size-thumbnail\" alt=\"\" \/><\/a> <\/li>        <li class=\"wpuf-field-data wpuf-field-data-numeric_text_field\">\n                            <label>Prix:<\/label>\n                        750        <\/li>\n                <li class=\"wpuf-field-data wpuf-field-data-numeric_text_field\">\n                            <label>Quantit\u00e9:<\/label>\n                        1        <\/li>\n                <li class=\"wpuf-field-data wpuf-field-data-numeric_text_field\">\n                            <label>Hauteur (cm):<\/label>\n                        77        <\/li>\n                <li class=\"wpuf-field-data wpuf-field-data-numeric_text_field\">\n                            <label>Largeur (cm):<\/label>\n                        95        <\/li>\n                <li class=\"wpuf-field-data wpuf-field-data-numeric_text_field\">\n                            <label>Profondeur (cm):<\/label>\n                        46        <\/li>\n        <\/ul>","protected":false},"excerpt":{"rendered":"<p>Cette commode attribu\u00e9e \u00e0 Florence Knoll pour Knoll international est une pi\u00e8ce de mobilier moderniste des ann\u00e9es 1960\u2019s, caract\u00e9ris\u00e9e par ses lignes \u00e9pur\u00e9es et ses pieds en m\u00e9tal noir typique du design du milieu du si\u00e8cle (Mid-Century Modern). Ce meuble est habill\u00e9 de 3 tiroirs \u00e0 ouverture coulissantes, dont le premier tiroir sup\u00e9rieur est munie d\u2019une serrure fonctionnelle. Le meuble de rangement repose sur un pi\u00e9tement en m\u00e9tallique noir.<\/p>","protected":false},"featured_media":358457,"template":"","meta":{"_et_pb_use_builder":"","_et_pb_old_content":"","_et_gb_content_width":""},"product_brand":[],"product_cat":[83,47],"product_tag":[],"proximite":[177,233],"class_list":{"0":"post-358320","1":"product","2":"type-product","3":"status-publish","4":"has-post-thumbnail","6":"product_cat-meuble-de-rangement","7":"product_cat-meubler","8":"pa_couleur-marron","9":"pa_etat-bon-etat","10":"pa_materiau-bois","11":"pa_style-scandinave","12":"proximite-fribourg","13":"proximite-gruyere","15":"first","16":"instock","17":"shipping-taxable","18":"purchasable","19":"product-type-simple"},"yoast_head":"<!-- This site is optimized with the Yoast SEO plugin v27.3 - https:\/\/yoast.com\/product\/yoast-seo-wordpress\/ -->\n<title>Commode attribu\u00e9e \u00e0 Florence Knoll | lalmachine.com, mobilier et objets d\u00e9co vintage et design<\/title>\n<meta name=\"description\" content=\"Commode attribu\u00e9e \u00e0 Florence Knoll, Knoll international\" \/>\n<meta name=\"robots\" content=\"index, follow, max-snippet:-1, max-image-preview:large, max-video-preview:-1\" \/>\n<link rel=\"canonical\" href=\"https:\/\/lalmachine.com\/de\/shop\/meubler\/meuble-de-rangement\/commode-attribuee-a-florence-knoll\/\" \/>\n<meta property=\"og:locale\" content=\"de_DE\" \/>\n<meta property=\"og:type\" content=\"article\" \/>\n<meta property=\"og:title\" content=\"Commode attribu\u00e9e \u00e0 Florence Knoll | lalmachine.com, mobilier et objets d\u00e9co vintage et design\" \/>\n<meta property=\"og:description\" content=\"Commode attribu\u00e9e \u00e0 Florence Knoll, Knoll international\" \/>\n<meta property=\"og:url\" content=\"https:\/\/lalmachine.com\/de\/shop\/meubler\/meuble-de-rangement\/commode-attribuee-a-florence-knoll\/\" \/>\n<meta property=\"og:site_name\" content=\"lalmachine.com\" \/>\n<meta property=\"article:publisher\" content=\"https:\/\/facebook.com\/lalmachine\" \/>\n<meta property=\"article:modified_time\" content=\"2026-04-01T09:02:14+00:00\" \/>\n<meta property=\"og:image\" content=\"https:\/\/lalmachine.com\/wp-content\/uploads\/2026\/03\/Photoroom_20260319_213406_clipped_rev_1.jpeg\" \/>\n\t<meta property=\"og:image:width\" content=\"2037\" \/>\n\t<meta property=\"og:image:height\" content=\"2037\" \/>\n\t<meta property=\"og:image:type\" content=\"image\/jpeg\" \/>\n<meta name=\"twitter:card\" content=\"summary_large_image\" \/>\n<script type=\"application\/ld+json\" class=\"yoast-schema-graph\">{\"@context\":\"https:\\\/\\\/schema.org\",\"@graph\":[{\"@type\":\"WebPage\",\"@id\":\"https:\\\/\\\/lalmachine.com\\\/shop\\\/meubler\\\/meuble-de-rangement\\\/commode-attribuee-a-florence-knoll\\\/\",\"url\":\"https:\\\/\\\/lalmachine.com\\\/shop\\\/meubler\\\/meuble-de-rangement\\\/commode-attribuee-a-florence-knoll\\\/\",\"name\":\"Commode attribu\u00e9e \u00e0 Florence Knoll | lalmachine.com, mobilier et objets d\u00e9co vintage et design\",\"isPartOf\":{\"@id\":\"https:\\\/\\\/lalmachine.com\\\/#website\"},\"primaryImageOfPage\":{\"@id\":\"https:\\\/\\\/lalmachine.com\\\/shop\\\/meubler\\\/meuble-de-rangement\\\/commode-attribuee-a-florence-knoll\\\/#primaryimage\"},\"image\":{\"@id\":\"https:\\\/\\\/lalmachine.com\\\/shop\\\/meubler\\\/meuble-de-rangement\\\/commode-attribuee-a-florence-knoll\\\/#primaryimage\"},\"thumbnailUrl\":\"https:\\\/\\\/lalmachine.com\\\/wp-content\\\/uploads\\\/2026\\\/03\\\/Photoroom_20260319_213406_clipped_rev_1.jpeg\",\"datePublished\":\"2026-04-01T09:02:13+00:00\",\"dateModified\":\"2026-04-01T09:02:14+00:00\",\"description\":\"Commode attribu\u00e9e \u00e0 Florence Knoll, Knoll international\",\"breadcrumb\":{\"@id\":\"https:\\\/\\\/lalmachine.com\\\/shop\\\/meubler\\\/meuble-de-rangement\\\/commode-attribuee-a-florence-knoll\\\/#breadcrumb\"},\"inLanguage\":\"de\",\"potentialAction\":[{\"@type\":\"ReadAction\",\"target\":[\"https:\\\/\\\/lalmachine.com\\\/shop\\\/meubler\\\/meuble-de-rangement\\\/commode-attribuee-a-florence-knoll\\\/\"]}]},{\"@type\":\"ImageObject\",\"inLanguage\":\"de\",\"@id\":\"https:\\\/\\\/lalmachine.com\\\/shop\\\/meubler\\\/meuble-de-rangement\\\/commode-attribuee-a-florence-knoll\\\/#primaryimage\",\"url\":\"https:\\\/\\\/lalmachine.com\\\/wp-content\\\/uploads\\\/2026\\\/03\\\/Photoroom_20260319_213406_clipped_rev_1.jpeg\",\"contentUrl\":\"https:\\\/\\\/lalmachine.com\\\/wp-content\\\/uploads\\\/2026\\\/03\\\/Photoroom_20260319_213406_clipped_rev_1.jpeg\",\"width\":2037,\"height\":2037,\"caption\":\"Commode attribu\u00e9e \u00e0 Florence Knoll\"},{\"@type\":\"BreadcrumbList\",\"@id\":\"https:\\\/\\\/lalmachine.com\\\/shop\\\/meubler\\\/meuble-de-rangement\\\/commode-attribuee-a-florence-knoll\\\/#breadcrumb\",\"itemListElement\":[{\"@type\":\"ListItem\",\"position\":1,\"name\":\"Accueil\",\"item\":\"https:\\\/\\\/lalmachine.com\\\/\"},{\"@type\":\"ListItem\",\"position\":2,\"name\":\"Shop\",\"item\":\"https:\\\/\\\/lalmachine.com\\\/shop\\\/\"},{\"@type\":\"ListItem\",\"position\":3,\"name\":\"Commode attribu\u00e9e \u00e0 Florence Knoll\"}]},{\"@type\":\"WebSite\",\"@id\":\"https:\\\/\\\/lalmachine.com\\\/#website\",\"url\":\"https:\\\/\\\/lalmachine.com\\\/\",\"name\":\"lalmachine.com\",\"description\":\"Brocante en ligne Suisse | Mobilier et objets d\u00e9co vintage et design\",\"potentialAction\":[{\"@type\":\"SearchAction\",\"target\":{\"@type\":\"EntryPoint\",\"urlTemplate\":\"https:\\\/\\\/lalmachine.com\\\/?s={search_term_string}\"},\"query-input\":{\"@type\":\"PropertyValueSpecification\",\"valueRequired\":true,\"valueName\":\"search_term_string\"}}],\"inLanguage\":\"de\"}]}<\/script>\n<!-- \/ Yoast SEO plugin. -->","yoast_head_json":{"title":"Commode attribu\u00e9e \u00e0 Florence Knoll | lalmachine.com, mobilier et objets d\u00e9co vintage et design","description":"Commode attribu\u00e9e \u00e0 Florence Knoll, Knoll international","robots":{"index":"index","follow":"follow","max-snippet":"max-snippet:-1","max-image-preview":"max-image-preview:large","max-video-preview":"max-video-preview:-1"},"canonical":"https:\/\/lalmachine.com\/de\/shop\/meubler\/meuble-de-rangement\/commode-attribuee-a-florence-knoll\/","og_locale":"de_DE","og_type":"article","og_title":"Commode attribu\u00e9e \u00e0 Florence Knoll | lalmachine.com, mobilier et objets d\u00e9co vintage et design","og_description":"Commode attribu\u00e9e \u00e0 Florence Knoll, Knoll international","og_url":"https:\/\/lalmachine.com\/de\/shop\/meubler\/meuble-de-rangement\/commode-attribuee-a-florence-knoll\/","og_site_name":"lalmachine.com","article_publisher":"https:\/\/facebook.com\/lalmachine","article_modified_time":"2026-04-01T09:02:14+00:00","og_image":[{"width":2037,"height":2037,"url":"https:\/\/lalmachine.com\/wp-content\/uploads\/2026\/03\/Photoroom_20260319_213406_clipped_rev_1.jpeg","type":"image\/jpeg"}],"twitter_card":"summary_large_image","schema":{"@context":"https:\/\/schema.org","@graph":[{"@type":"WebPage","@id":"https:\/\/lalmachine.com\/shop\/meubler\/meuble-de-rangement\/commode-attribuee-a-florence-knoll\/","url":"https:\/\/lalmachine.com\/shop\/meubler\/meuble-de-rangement\/commode-attribuee-a-florence-knoll\/","name":"Commode attribu\u00e9e \u00e0 Florence Knoll | lalmachine.com, mobilier et objets d\u00e9co vintage et design","isPartOf":{"@id":"https:\/\/lalmachine.com\/#website"},"primaryImageOfPage":{"@id":"https:\/\/lalmachine.com\/shop\/meubler\/meuble-de-rangement\/commode-attribuee-a-florence-knoll\/#primaryimage"},"image":{"@id":"https:\/\/lalmachine.com\/shop\/meubler\/meuble-de-rangement\/commode-attribuee-a-florence-knoll\/#primaryimage"},"thumbnailUrl":"https:\/\/lalmachine.com\/wp-content\/uploads\/2026\/03\/Photoroom_20260319_213406_clipped_rev_1.jpeg","datePublished":"2026-04-01T09:02:13+00:00","dateModified":"2026-04-01T09:02:14+00:00","description":"Commode attribu\u00e9e \u00e0 Florence Knoll, Knoll international","breadcrumb":{"@id":"https:\/\/lalmachine.com\/shop\/meubler\/meuble-de-rangement\/commode-attribuee-a-florence-knoll\/#breadcrumb"},"inLanguage":"de","potentialAction":[{"@type":"ReadAction","target":["https:\/\/lalmachine.com\/shop\/meubler\/meuble-de-rangement\/commode-attribuee-a-florence-knoll\/"]}]},{"@type":"ImageObject","inLanguage":"de","@id":"https:\/\/lalmachine.com\/shop\/meubler\/meuble-de-rangement\/commode-attribuee-a-florence-knoll\/#primaryimage","url":"https:\/\/lalmachine.com\/wp-content\/uploads\/2026\/03\/Photoroom_20260319_213406_clipped_rev_1.jpeg","contentUrl":"https:\/\/lalmachine.com\/wp-content\/uploads\/2026\/03\/Photoroom_20260319_213406_clipped_rev_1.jpeg","width":2037,"height":2037,"caption":"Commode attribu\u00e9e \u00e0 Florence Knoll"},{"@type":"BreadcrumbList","@id":"https:\/\/lalmachine.com\/shop\/meubler\/meuble-de-rangement\/commode-attribuee-a-florence-knoll\/#breadcrumb","itemListElement":[{"@type":"ListItem","position":1,"name":"Accueil","item":"https:\/\/lalmachine.com\/"},{"@type":"ListItem","position":2,"name":"Shop","item":"https:\/\/lalmachine.com\/shop\/"},{"@type":"ListItem","position":3,"name":"Commode attribu\u00e9e \u00e0 Florence Knoll"}]},{"@type":"WebSite","@id":"https:\/\/lalmachine.com\/#website","url":"https:\/\/lalmachine.com\/","name":"lalmachine.com","description":"Brocante en ligne Suisse | Mobilier et objets d\u00e9co vintage et design","potentialAction":[{"@type":"SearchAction","target":{"@type":"EntryPoint","urlTemplate":"https:\/\/lalmachine.com\/?s={search_term_string}"},"query-input":{"@type":"PropertyValueSpecification","valueRequired":true,"valueName":"search_term_string"}}],"inLanguage":"de"}]}},"_links":{"self":[{"href":"https:\/\/lalmachine.com\/de\/wp-json\/wp\/v2\/product\/358320","targetHints":{"allow":["GET"]}}],"collection":[{"href":"https:\/\/lalmachine.com\/de\/wp-json\/wp\/v2\/product"}],"about":[{"href":"https:\/\/lalmachine.com\/de\/wp-json\/wp\/v2\/types\/product"}],"wp:featuredmedia":[{"embeddable":true,"href":"https:\/\/lalmachine.com\/de\/wp-json\/wp\/v2\/media\/358457"}],"wp:attachment":[{"href":"https:\/\/lalmachine.com\/de\/wp-json\/wp\/v2\/media?parent=358320"}],"wp:term":[{"taxonomy":"product_brand","embeddable":true,"href":"https:\/\/lalmachine.com\/de\/wp-json\/wp\/v2\/product_brand?post=358320"},{"taxonomy":"product_cat","embeddable":true,"href":"https:\/\/lalmachine.com\/de\/wp-json\/wp\/v2\/product_cat?post=358320"},{"taxonomy":"product_tag","embeddable":true,"href":"https:\/\/lalmachine.com\/de\/wp-json\/wp\/v2\/product_tag?post=358320"},{"taxonomy":"proximite","embeddable":true,"href":"https:\/\/lalmachine.com\/de\/wp-json\/wp\/v2\/proximite?post=358320"}],"curies":[{"name":"wp","href":"https:\/\/api.w.org\/{rel}","templated":true}]}}