{"id":358595,"date":"2026-04-07T08:53:29","date_gmt":"2026-04-07T06:53:29","guid":{"rendered":"https:\/\/lalmachine.com\/?post_type=product&#038;p=358595"},"modified":"2026-04-07T10:51:43","modified_gmt":"2026-04-07T08:51:43","slug":"gravure-loiseau-a-la-coupe-privat-bregy","status":"publish","type":"product","link":"https:\/\/lalmachine.com\/de\/shop\/decorer\/art-and-co\/gravure-loiseau-a-la-coupe-privat-bregy\/","title":{"rendered":"Gravure \u00ab\u00a0L&rsquo;Oiseau \u00e0 la Coupe\u00a0\u00bb &#8211; Privat Br\u00e9gy"},"content":{"rendered":"<ul class=\"wpuf_customs\"><li style=\"list-style-type:none;\"><label>Autres photos:<\/label> <a href=\"https:\/\/lalmachine.com\/wp-content\/uploads\/2026\/04\/IMG_2425-scaled.jpeg\"><img loading=\"lazy\" decoding=\"async\" width=\"72\" height=\"96\" src=\"https:\/\/lalmachine.com\/wp-content\/uploads\/2026\/04\/IMG_2425-scaled.jpeg\" class=\"attachment-thumbnail size-thumbnail\" alt=\"\" \/><\/a> <a href=\"https:\/\/lalmachine.com\/wp-content\/uploads\/2026\/04\/IMG_2424-scaled.jpeg\"><img loading=\"lazy\" decoding=\"async\" width=\"83\" height=\"96\" src=\"https:\/\/lalmachine.com\/wp-content\/uploads\/2026\/04\/IMG_2424-scaled.jpeg\" class=\"attachment-thumbnail size-thumbnail\" alt=\"\" \/><\/a> <\/li>        <li class=\"wpuf-field-data wpuf-field-data-numeric_text_field\">\n                            <label>Prix:<\/label>\n                        220        <\/li>\n                <li class=\"wpuf-field-data wpuf-field-data-numeric_text_field\">\n                            <label>Quantit\u00e9:<\/label>\n                        1        <\/li>\n                <li class=\"wpuf-field-data wpuf-field-data-numeric_text_field\">\n                            <label>Hauteur (cm):<\/label>\n                        35        <\/li>\n                <li class=\"wpuf-field-data wpuf-field-data-numeric_text_field\">\n                            <label>Largeur (cm):<\/label>\n                        28        <\/li>\n                <li class=\"wpuf-field-data wpuf-field-data-numeric_text_field\">\n                            <label>Profondeur (cm):<\/label>\n                        6        <\/li>\n        <\/ul>","protected":false},"excerpt":{"rendered":"<p>Magnifique linogravure originale de l&rsquo;artiste et artisan valaisan Privat Br\u00e9gy. Ce tirage en noir et blanc capture avec une force brute et po\u00e9tique un petit passereau perch\u00e9 sur une coupe de fruits. Le travail \u00e0 la gouge est visible dans les textures vibrantes de l&rsquo;encre noire, cr\u00e9ant un contraste saisissant sur le papier artisanal.<br \/>\nOn retrouve la signature discr\u00e8te \u00ab R. \u00bb de l&rsquo;artiste en bas \u00e0 droite, gage d&rsquo;authenticit\u00e9 pour cette \u0153uvre acquise \u00e0 Sion.<br \/>\nL&rsquo;\u00c9tat &amp; Les D\u00e9tails :<br \/>\n* Dimensions de l&rsquo;image : 28 x 35 cm (bel impact visuel).<br \/>\n* Technique : Gravure en relief sur papier textur\u00e9.<br \/>\n* Encadrement : Travail de ma\u00eetre encadreur professionnel. Le cadre est sobre, \u00e9l\u00e9gant et parfaitement scell\u00e9, garantissant une conservation optimale de l&rsquo;\u0153uvre.<br \/>\n* Condition : \u00c9tat vintage impeccable. Aucune trace d&rsquo;humidit\u00e9, papier bien blanc, verre sans rayure.<br \/>\nL&rsquo;Esprit :<br \/>\nUne pi\u00e8ce parfaite pour une d\u00e9coration Mid-Century ou scandinave. Elle s&rsquo;int\u00e8gre aussi bien dans un cabinet de curiosit\u00e9s que sur un mur de cadres minimaliste. Un bel hommage \u00e0 l&rsquo;artisanat du Valais<\/p>","protected":false},"featured_media":358632,"template":"","meta":{"_et_pb_use_builder":"","_et_pb_old_content":"","_et_gb_content_width":""},"product_brand":[],"product_cat":[365,50],"product_tag":[],"proximite":[180],"class_list":{"0":"post-358595","1":"product","2":"type-product","3":"status-publish","4":"has-post-thumbnail","6":"product_cat-art-and-co","7":"product_cat-decorer","8":"product_shipping_class-nouveau-larousse","9":"pa_couleur-dore","10":"pa_designer-autres-designers","11":"pa_etat-tres-bon-etat","12":"pa_materiau-bois","13":"pa_style-vintage","14":"proximite-geneve","16":"first","17":"instock","18":"shipping-taxable","19":"purchasable","20":"product-type-simple"},"yoast_head":"<!-- This site is optimized with the Yoast SEO plugin v27.4 - https:\/\/yoast.com\/product\/yoast-seo-wordpress\/ -->\n<title>Gravure &quot;L&#039;Oiseau \u00e0 la Coupe&quot; - Privat Br\u00e9gy | lalmachine.com<\/title>\n<meta name=\"description\" content=\"Gravure &quot;L&#039;Oiseau \u00e0 la Coupe&quot; - Privat Br\u00e9gy\" \/>\n<meta name=\"robots\" content=\"index, follow, max-snippet:-1, max-image-preview:large, max-video-preview:-1\" \/>\n<link rel=\"canonical\" href=\"https:\/\/lalmachine.com\/de\/shop\/decorer\/art-and-co\/gravure-loiseau-a-la-coupe-privat-bregy\/\" \/>\n<meta property=\"og:locale\" content=\"de_DE\" \/>\n<meta property=\"og:type\" content=\"article\" \/>\n<meta property=\"og:title\" content=\"Gravure &quot;L&#039;Oiseau \u00e0 la Coupe&quot; - Privat Br\u00e9gy | lalmachine.com\" \/>\n<meta property=\"og:description\" content=\"Gravure &quot;L&#039;Oiseau \u00e0 la Coupe&quot; - Privat Br\u00e9gy\" \/>\n<meta property=\"og:url\" content=\"https:\/\/lalmachine.com\/de\/shop\/decorer\/art-and-co\/gravure-loiseau-a-la-coupe-privat-bregy\/\" \/>\n<meta property=\"og:site_name\" content=\"lalmachine.com\" \/>\n<meta property=\"article:publisher\" content=\"https:\/\/facebook.com\/lalmachine\" \/>\n<meta property=\"article:modified_time\" content=\"2026-04-07T08:51:43+00:00\" \/>\n<meta property=\"og:image\" content=\"https:\/\/lalmachine.com\/wp-content\/uploads\/2026\/04\/IMG_2427_clipped_rev_1.jpeg\" \/>\n\t<meta property=\"og:image:width\" content=\"822\" \/>\n\t<meta property=\"og:image:height\" content=\"822\" \/>\n\t<meta property=\"og:image:type\" content=\"image\/jpeg\" \/>\n<meta name=\"twitter:card\" content=\"summary_large_image\" \/>\n<script type=\"application\/ld+json\" class=\"yoast-schema-graph\">{\"@context\":\"https:\\\/\\\/schema.org\",\"@graph\":[{\"@type\":\"WebPage\",\"@id\":\"https:\\\/\\\/lalmachine.com\\\/shop\\\/decorer\\\/art-and-co\\\/gravure-loiseau-a-la-coupe-privat-bregy\\\/\",\"url\":\"https:\\\/\\\/lalmachine.com\\\/shop\\\/decorer\\\/art-and-co\\\/gravure-loiseau-a-la-coupe-privat-bregy\\\/\",\"name\":\"Gravure \\\"L'Oiseau \u00e0 la Coupe\\\" - Privat Br\u00e9gy | lalmachine.com\",\"isPartOf\":{\"@id\":\"https:\\\/\\\/lalmachine.com\\\/#website\"},\"primaryImageOfPage\":{\"@id\":\"https:\\\/\\\/lalmachine.com\\\/shop\\\/decorer\\\/art-and-co\\\/gravure-loiseau-a-la-coupe-privat-bregy\\\/#primaryimage\"},\"image\":{\"@id\":\"https:\\\/\\\/lalmachine.com\\\/shop\\\/decorer\\\/art-and-co\\\/gravure-loiseau-a-la-coupe-privat-bregy\\\/#primaryimage\"},\"thumbnailUrl\":\"https:\\\/\\\/lalmachine.com\\\/wp-content\\\/uploads\\\/2026\\\/04\\\/IMG_2427_clipped_rev_1.jpeg\",\"datePublished\":\"2026-04-07T06:53:29+00:00\",\"dateModified\":\"2026-04-07T08:51:43+00:00\",\"description\":\"Gravure \\\"L'Oiseau \u00e0 la Coupe\\\" - Privat Br\u00e9gy\",\"breadcrumb\":{\"@id\":\"https:\\\/\\\/lalmachine.com\\\/shop\\\/decorer\\\/art-and-co\\\/gravure-loiseau-a-la-coupe-privat-bregy\\\/#breadcrumb\"},\"inLanguage\":\"de\",\"potentialAction\":[{\"@type\":\"ReadAction\",\"target\":[\"https:\\\/\\\/lalmachine.com\\\/shop\\\/decorer\\\/art-and-co\\\/gravure-loiseau-a-la-coupe-privat-bregy\\\/\"]}]},{\"@type\":\"ImageObject\",\"inLanguage\":\"de\",\"@id\":\"https:\\\/\\\/lalmachine.com\\\/shop\\\/decorer\\\/art-and-co\\\/gravure-loiseau-a-la-coupe-privat-bregy\\\/#primaryimage\",\"url\":\"https:\\\/\\\/lalmachine.com\\\/wp-content\\\/uploads\\\/2026\\\/04\\\/IMG_2427_clipped_rev_1.jpeg\",\"contentUrl\":\"https:\\\/\\\/lalmachine.com\\\/wp-content\\\/uploads\\\/2026\\\/04\\\/IMG_2427_clipped_rev_1.jpeg\",\"width\":822,\"height\":822,\"caption\":\"Gravure \\\"L'Oiseau \u00e0 la Coupe\\\" - Privat Br\u00e9gy\"},{\"@type\":\"BreadcrumbList\",\"@id\":\"https:\\\/\\\/lalmachine.com\\\/shop\\\/decorer\\\/art-and-co\\\/gravure-loiseau-a-la-coupe-privat-bregy\\\/#breadcrumb\",\"itemListElement\":[{\"@type\":\"ListItem\",\"position\":1,\"name\":\"Accueil\",\"item\":\"https:\\\/\\\/lalmachine.com\\\/\"},{\"@type\":\"ListItem\",\"position\":2,\"name\":\"Shop\",\"item\":\"https:\\\/\\\/lalmachine.com\\\/shop\\\/\"},{\"@type\":\"ListItem\",\"position\":3,\"name\":\"Gravure &#8220;L&#8217;Oiseau \u00e0 la Coupe&#8221; &#8211; Privat Br\u00e9gy\"}]},{\"@type\":\"WebSite\",\"@id\":\"https:\\\/\\\/lalmachine.com\\\/#website\",\"url\":\"https:\\\/\\\/lalmachine.com\\\/\",\"name\":\"lalmachine.com\",\"description\":\"Brocante en ligne Suisse | Mobilier et objets d\u00e9co vintage et design\",\"potentialAction\":[{\"@type\":\"SearchAction\",\"target\":{\"@type\":\"EntryPoint\",\"urlTemplate\":\"https:\\\/\\\/lalmachine.com\\\/?s={search_term_string}\"},\"query-input\":{\"@type\":\"PropertyValueSpecification\",\"valueRequired\":true,\"valueName\":\"search_term_string\"}}],\"inLanguage\":\"de\"}]}<\/script>\n<!-- \/ Yoast SEO plugin. -->","yoast_head_json":{"title":"Gravure \"L'Oiseau \u00e0 la Coupe\" - Privat Br\u00e9gy | lalmachine.com","description":"Gravure \"L'Oiseau \u00e0 la Coupe\" - Privat Br\u00e9gy","robots":{"index":"index","follow":"follow","max-snippet":"max-snippet:-1","max-image-preview":"max-image-preview:large","max-video-preview":"max-video-preview:-1"},"canonical":"https:\/\/lalmachine.com\/de\/shop\/decorer\/art-and-co\/gravure-loiseau-a-la-coupe-privat-bregy\/","og_locale":"de_DE","og_type":"article","og_title":"Gravure \"L'Oiseau \u00e0 la Coupe\" - Privat Br\u00e9gy | lalmachine.com","og_description":"Gravure \"L'Oiseau \u00e0 la Coupe\" - Privat Br\u00e9gy","og_url":"https:\/\/lalmachine.com\/de\/shop\/decorer\/art-and-co\/gravure-loiseau-a-la-coupe-privat-bregy\/","og_site_name":"lalmachine.com","article_publisher":"https:\/\/facebook.com\/lalmachine","article_modified_time":"2026-04-07T08:51:43+00:00","og_image":[{"width":822,"height":822,"url":"https:\/\/lalmachine.com\/wp-content\/uploads\/2026\/04\/IMG_2427_clipped_rev_1.jpeg","type":"image\/jpeg"}],"twitter_card":"summary_large_image","schema":{"@context":"https:\/\/schema.org","@graph":[{"@type":"WebPage","@id":"https:\/\/lalmachine.com\/shop\/decorer\/art-and-co\/gravure-loiseau-a-la-coupe-privat-bregy\/","url":"https:\/\/lalmachine.com\/shop\/decorer\/art-and-co\/gravure-loiseau-a-la-coupe-privat-bregy\/","name":"Gravure \"L'Oiseau \u00e0 la Coupe\" - Privat Br\u00e9gy | lalmachine.com","isPartOf":{"@id":"https:\/\/lalmachine.com\/#website"},"primaryImageOfPage":{"@id":"https:\/\/lalmachine.com\/shop\/decorer\/art-and-co\/gravure-loiseau-a-la-coupe-privat-bregy\/#primaryimage"},"image":{"@id":"https:\/\/lalmachine.com\/shop\/decorer\/art-and-co\/gravure-loiseau-a-la-coupe-privat-bregy\/#primaryimage"},"thumbnailUrl":"https:\/\/lalmachine.com\/wp-content\/uploads\/2026\/04\/IMG_2427_clipped_rev_1.jpeg","datePublished":"2026-04-07T06:53:29+00:00","dateModified":"2026-04-07T08:51:43+00:00","description":"Gravure \"L'Oiseau \u00e0 la Coupe\" - Privat Br\u00e9gy","breadcrumb":{"@id":"https:\/\/lalmachine.com\/shop\/decorer\/art-and-co\/gravure-loiseau-a-la-coupe-privat-bregy\/#breadcrumb"},"inLanguage":"de","potentialAction":[{"@type":"ReadAction","target":["https:\/\/lalmachine.com\/shop\/decorer\/art-and-co\/gravure-loiseau-a-la-coupe-privat-bregy\/"]}]},{"@type":"ImageObject","inLanguage":"de","@id":"https:\/\/lalmachine.com\/shop\/decorer\/art-and-co\/gravure-loiseau-a-la-coupe-privat-bregy\/#primaryimage","url":"https:\/\/lalmachine.com\/wp-content\/uploads\/2026\/04\/IMG_2427_clipped_rev_1.jpeg","contentUrl":"https:\/\/lalmachine.com\/wp-content\/uploads\/2026\/04\/IMG_2427_clipped_rev_1.jpeg","width":822,"height":822,"caption":"Gravure \"L'Oiseau \u00e0 la Coupe\" - Privat Br\u00e9gy"},{"@type":"BreadcrumbList","@id":"https:\/\/lalmachine.com\/shop\/decorer\/art-and-co\/gravure-loiseau-a-la-coupe-privat-bregy\/#breadcrumb","itemListElement":[{"@type":"ListItem","position":1,"name":"Accueil","item":"https:\/\/lalmachine.com\/"},{"@type":"ListItem","position":2,"name":"Shop","item":"https:\/\/lalmachine.com\/shop\/"},{"@type":"ListItem","position":3,"name":"Gravure &#8220;L&#8217;Oiseau \u00e0 la Coupe&#8221; &#8211; Privat Br\u00e9gy"}]},{"@type":"WebSite","@id":"https:\/\/lalmachine.com\/#website","url":"https:\/\/lalmachine.com\/","name":"lalmachine.com","description":"Brocante en ligne Suisse | Mobilier et objets d\u00e9co vintage et design","potentialAction":[{"@type":"SearchAction","target":{"@type":"EntryPoint","urlTemplate":"https:\/\/lalmachine.com\/?s={search_term_string}"},"query-input":{"@type":"PropertyValueSpecification","valueRequired":true,"valueName":"search_term_string"}}],"inLanguage":"de"}]}},"_links":{"self":[{"href":"https:\/\/lalmachine.com\/de\/wp-json\/wp\/v2\/product\/358595","targetHints":{"allow":["GET"]}}],"collection":[{"href":"https:\/\/lalmachine.com\/de\/wp-json\/wp\/v2\/product"}],"about":[{"href":"https:\/\/lalmachine.com\/de\/wp-json\/wp\/v2\/types\/product"}],"wp:featuredmedia":[{"embeddable":true,"href":"https:\/\/lalmachine.com\/de\/wp-json\/wp\/v2\/media\/358632"}],"wp:attachment":[{"href":"https:\/\/lalmachine.com\/de\/wp-json\/wp\/v2\/media?parent=358595"}],"wp:term":[{"taxonomy":"product_brand","embeddable":true,"href":"https:\/\/lalmachine.com\/de\/wp-json\/wp\/v2\/product_brand?post=358595"},{"taxonomy":"product_cat","embeddable":true,"href":"https:\/\/lalmachine.com\/de\/wp-json\/wp\/v2\/product_cat?post=358595"},{"taxonomy":"product_tag","embeddable":true,"href":"https:\/\/lalmachine.com\/de\/wp-json\/wp\/v2\/product_tag?post=358595"},{"taxonomy":"proximite","embeddable":true,"href":"https:\/\/lalmachine.com\/de\/wp-json\/wp\/v2\/proximite?post=358595"}],"curies":[{"name":"wp","href":"https:\/\/api.w.org\/{rel}","templated":true}]}}