{"id":358600,"date":"2026-04-07T08:53:26","date_gmt":"2026-04-07T06:53:26","guid":{"rendered":"https:\/\/lalmachine.com\/?post_type=product&#038;p=358600"},"modified":"2026-04-07T08:53:28","modified_gmt":"2026-04-07T06:53:28","slug":"soliflore-ingrid-glashutte","status":"publish","type":"product","link":"https:\/\/lalmachine.com\/de\/shop\/decorer\/vase-ceramique\/soliflore-ingrid-glashutte\/","title":{"rendered":"Soliflore Ingrid Glash\u00fctte"},"content":{"rendered":"<ul class=\"wpuf_customs\"><li style=\"list-style-type:none;\"><label>Autres photos:<\/label> <a href=\"https:\/\/lalmachine.com\/wp-content\/uploads\/2026\/04\/IMG_2428.png\"><img loading=\"lazy\" decoding=\"async\" width=\"64\" height=\"96\" src=\"https:\/\/lalmachine.com\/wp-content\/uploads\/2026\/04\/IMG_2428.png\" class=\"attachment-thumbnail size-thumbnail\" alt=\"\" \/><\/a> <a href=\"https:\/\/lalmachine.com\/wp-content\/uploads\/2026\/04\/IMG_2411-scaled.jpeg\"><img loading=\"lazy\" decoding=\"async\" width=\"72\" height=\"96\" src=\"https:\/\/lalmachine.com\/wp-content\/uploads\/2026\/04\/IMG_2411-scaled.jpeg\" class=\"attachment-thumbnail size-thumbnail\" alt=\"\" \/><\/a> <\/li>        <li class=\"wpuf-field-data wpuf-field-data-numeric_text_field\">\n                            <label>Prix:<\/label>\n                        49        <\/li>\n                <li class=\"wpuf-field-data wpuf-field-data-numeric_text_field\">\n                            <label>Quantit\u00e9:<\/label>\n                        1        <\/li>\n                <li class=\"wpuf-field-data wpuf-field-data-numeric_text_field\">\n                            <label>Hauteur (cm):<\/label>\n                        16        <\/li>\n                <li class=\"wpuf-field-data wpuf-field-data-numeric_text_field\">\n                            <label>Largeur (cm):<\/label>\n                        16        <\/li>\n                <li class=\"wpuf-field-data wpuf-field-data-numeric_text_field\">\n                            <label>Profondeur (cm):<\/label>\n                        4        <\/li>\n        <\/ul>","protected":false},"excerpt":{"rendered":"<p>Apportez une touche de design Space Ageet de puret\u00e9 \u00e0 votre int\u00e9rieur avec ce magnifique vase soliflore en cristal massif. \ud83e\uddca<br \/>\nV\u00e9ritable ic\u00f4ne des ann\u00e9es 70, ce mod\u00e8le \u00ab\u00a0Block Crystal\u00a0\u00bb provient de la c\u00e9l\u00e8bre verrerie allemande Ingrid Glash\u00fctte. On adore son travail du verre textur\u00e9 qui capture la lumi\u00e8re comme un bloc de glace sculpt\u00e9 par les vagues. \ud83c\udf0a<br \/>\nPourquoi on l&rsquo;aime ?<br \/>\n* Design Sculptural : Sa forme circulaire et organique en fait une v\u00e9ritable pi\u00e8ce d&rsquo;art, m\u00eame sans fleurs.<br \/>\n* Qualit\u00e9 Exceptionnelle : Un cristal lourd et limpide (env. 2kg de pur style !).<br \/>\n* Polyvalence : Parfait pour une tige unique, un eucalyptus ou simplement en objet d\u00e9co sur une enfilade.<\/p>","protected":false},"featured_media":358633,"template":"","meta":{"_et_pb_use_builder":"","_et_pb_old_content":"","_et_gb_content_width":""},"product_brand":[],"product_cat":[50,400],"product_tag":[],"proximite":[180],"class_list":{"0":"post-358600","1":"product","2":"type-product","3":"status-publish","4":"has-post-thumbnail","6":"product_cat-decorer","7":"product_cat-vase-ceramique","8":"pa_couleur-transparent","9":"pa_designer-autres-designers","10":"pa_etat-tres-bon-etat","11":"pa_materiau-verre","12":"pa_style-design","13":"proximite-geneve","15":"first","16":"instock","17":"shipping-taxable","18":"purchasable","19":"product-type-simple"},"yoast_head":"<!-- This site is optimized with the Yoast SEO plugin v27.4 - https:\/\/yoast.com\/product\/yoast-seo-wordpress\/ -->\n<title>Soliflore Ingrid Glash\u00fctte | lalmachine.com, mobilier et objets d\u00e9co vintage et design<\/title>\n<meta name=\"description\" content=\"Soliflore Ingrid Glash\u00fctte\" \/>\n<meta name=\"robots\" content=\"index, follow, max-snippet:-1, max-image-preview:large, max-video-preview:-1\" \/>\n<link rel=\"canonical\" href=\"https:\/\/lalmachine.com\/de\/shop\/decorer\/vase-ceramique\/soliflore-ingrid-glashutte\/\" \/>\n<meta property=\"og:locale\" content=\"de_DE\" \/>\n<meta property=\"og:type\" content=\"article\" \/>\n<meta property=\"og:title\" content=\"Soliflore Ingrid Glash\u00fctte | lalmachine.com, mobilier et objets d\u00e9co vintage et design\" \/>\n<meta property=\"og:description\" content=\"Soliflore Ingrid Glash\u00fctte\" \/>\n<meta property=\"og:url\" content=\"https:\/\/lalmachine.com\/de\/shop\/decorer\/vase-ceramique\/soliflore-ingrid-glashutte\/\" \/>\n<meta property=\"og:site_name\" content=\"lalmachine.com\" \/>\n<meta property=\"article:publisher\" content=\"https:\/\/facebook.com\/lalmachine\" \/>\n<meta property=\"article:modified_time\" content=\"2026-04-07T06:53:28+00:00\" \/>\n<meta property=\"og:image\" content=\"https:\/\/lalmachine.com\/wp-content\/uploads\/2026\/04\/IMG_2408-scaled_clipped_rev_1.jpeg\" \/>\n\t<meta property=\"og:image:width\" content=\"2292\" \/>\n\t<meta property=\"og:image:height\" content=\"2292\" \/>\n\t<meta property=\"og:image:type\" content=\"image\/jpeg\" \/>\n<meta name=\"twitter:card\" content=\"summary_large_image\" \/>\n<script type=\"application\/ld+json\" class=\"yoast-schema-graph\">{\"@context\":\"https:\\\/\\\/schema.org\",\"@graph\":[{\"@type\":\"WebPage\",\"@id\":\"https:\\\/\\\/lalmachine.com\\\/shop\\\/decorer\\\/vase-ceramique\\\/soliflore-ingrid-glashutte\\\/\",\"url\":\"https:\\\/\\\/lalmachine.com\\\/shop\\\/decorer\\\/vase-ceramique\\\/soliflore-ingrid-glashutte\\\/\",\"name\":\"Soliflore Ingrid Glash\u00fctte | lalmachine.com, mobilier et objets d\u00e9co vintage et design\",\"isPartOf\":{\"@id\":\"https:\\\/\\\/lalmachine.com\\\/#website\"},\"primaryImageOfPage\":{\"@id\":\"https:\\\/\\\/lalmachine.com\\\/shop\\\/decorer\\\/vase-ceramique\\\/soliflore-ingrid-glashutte\\\/#primaryimage\"},\"image\":{\"@id\":\"https:\\\/\\\/lalmachine.com\\\/shop\\\/decorer\\\/vase-ceramique\\\/soliflore-ingrid-glashutte\\\/#primaryimage\"},\"thumbnailUrl\":\"https:\\\/\\\/lalmachine.com\\\/wp-content\\\/uploads\\\/2026\\\/04\\\/IMG_2408-scaled_clipped_rev_1.jpeg\",\"datePublished\":\"2026-04-07T06:53:26+00:00\",\"dateModified\":\"2026-04-07T06:53:28+00:00\",\"description\":\"Soliflore Ingrid Glash\u00fctte\",\"breadcrumb\":{\"@id\":\"https:\\\/\\\/lalmachine.com\\\/shop\\\/decorer\\\/vase-ceramique\\\/soliflore-ingrid-glashutte\\\/#breadcrumb\"},\"inLanguage\":\"de\",\"potentialAction\":[{\"@type\":\"ReadAction\",\"target\":[\"https:\\\/\\\/lalmachine.com\\\/shop\\\/decorer\\\/vase-ceramique\\\/soliflore-ingrid-glashutte\\\/\"]}]},{\"@type\":\"ImageObject\",\"inLanguage\":\"de\",\"@id\":\"https:\\\/\\\/lalmachine.com\\\/shop\\\/decorer\\\/vase-ceramique\\\/soliflore-ingrid-glashutte\\\/#primaryimage\",\"url\":\"https:\\\/\\\/lalmachine.com\\\/wp-content\\\/uploads\\\/2026\\\/04\\\/IMG_2408-scaled_clipped_rev_1.jpeg\",\"contentUrl\":\"https:\\\/\\\/lalmachine.com\\\/wp-content\\\/uploads\\\/2026\\\/04\\\/IMG_2408-scaled_clipped_rev_1.jpeg\",\"width\":2292,\"height\":2292,\"caption\":\"Soliflore Ingrid Glash\u00fctte\"},{\"@type\":\"BreadcrumbList\",\"@id\":\"https:\\\/\\\/lalmachine.com\\\/shop\\\/decorer\\\/vase-ceramique\\\/soliflore-ingrid-glashutte\\\/#breadcrumb\",\"itemListElement\":[{\"@type\":\"ListItem\",\"position\":1,\"name\":\"Accueil\",\"item\":\"https:\\\/\\\/lalmachine.com\\\/\"},{\"@type\":\"ListItem\",\"position\":2,\"name\":\"Shop\",\"item\":\"https:\\\/\\\/lalmachine.com\\\/shop\\\/\"},{\"@type\":\"ListItem\",\"position\":3,\"name\":\"Soliflore Ingrid Glash\u00fctte\"}]},{\"@type\":\"WebSite\",\"@id\":\"https:\\\/\\\/lalmachine.com\\\/#website\",\"url\":\"https:\\\/\\\/lalmachine.com\\\/\",\"name\":\"lalmachine.com\",\"description\":\"Brocante en ligne Suisse | Mobilier et objets d\u00e9co vintage et design\",\"potentialAction\":[{\"@type\":\"SearchAction\",\"target\":{\"@type\":\"EntryPoint\",\"urlTemplate\":\"https:\\\/\\\/lalmachine.com\\\/?s={search_term_string}\"},\"query-input\":{\"@type\":\"PropertyValueSpecification\",\"valueRequired\":true,\"valueName\":\"search_term_string\"}}],\"inLanguage\":\"de\"}]}<\/script>\n<!-- \/ Yoast SEO plugin. -->","yoast_head_json":{"title":"Soliflore Ingrid Glash\u00fctte | lalmachine.com, mobilier et objets d\u00e9co vintage et design","description":"Soliflore Ingrid Glash\u00fctte","robots":{"index":"index","follow":"follow","max-snippet":"max-snippet:-1","max-image-preview":"max-image-preview:large","max-video-preview":"max-video-preview:-1"},"canonical":"https:\/\/lalmachine.com\/de\/shop\/decorer\/vase-ceramique\/soliflore-ingrid-glashutte\/","og_locale":"de_DE","og_type":"article","og_title":"Soliflore Ingrid Glash\u00fctte | lalmachine.com, mobilier et objets d\u00e9co vintage et design","og_description":"Soliflore Ingrid Glash\u00fctte","og_url":"https:\/\/lalmachine.com\/de\/shop\/decorer\/vase-ceramique\/soliflore-ingrid-glashutte\/","og_site_name":"lalmachine.com","article_publisher":"https:\/\/facebook.com\/lalmachine","article_modified_time":"2026-04-07T06:53:28+00:00","og_image":[{"width":2292,"height":2292,"url":"https:\/\/lalmachine.com\/wp-content\/uploads\/2026\/04\/IMG_2408-scaled_clipped_rev_1.jpeg","type":"image\/jpeg"}],"twitter_card":"summary_large_image","schema":{"@context":"https:\/\/schema.org","@graph":[{"@type":"WebPage","@id":"https:\/\/lalmachine.com\/shop\/decorer\/vase-ceramique\/soliflore-ingrid-glashutte\/","url":"https:\/\/lalmachine.com\/shop\/decorer\/vase-ceramique\/soliflore-ingrid-glashutte\/","name":"Soliflore Ingrid Glash\u00fctte | lalmachine.com, mobilier et objets d\u00e9co vintage et design","isPartOf":{"@id":"https:\/\/lalmachine.com\/#website"},"primaryImageOfPage":{"@id":"https:\/\/lalmachine.com\/shop\/decorer\/vase-ceramique\/soliflore-ingrid-glashutte\/#primaryimage"},"image":{"@id":"https:\/\/lalmachine.com\/shop\/decorer\/vase-ceramique\/soliflore-ingrid-glashutte\/#primaryimage"},"thumbnailUrl":"https:\/\/lalmachine.com\/wp-content\/uploads\/2026\/04\/IMG_2408-scaled_clipped_rev_1.jpeg","datePublished":"2026-04-07T06:53:26+00:00","dateModified":"2026-04-07T06:53:28+00:00","description":"Soliflore Ingrid Glash\u00fctte","breadcrumb":{"@id":"https:\/\/lalmachine.com\/shop\/decorer\/vase-ceramique\/soliflore-ingrid-glashutte\/#breadcrumb"},"inLanguage":"de","potentialAction":[{"@type":"ReadAction","target":["https:\/\/lalmachine.com\/shop\/decorer\/vase-ceramique\/soliflore-ingrid-glashutte\/"]}]},{"@type":"ImageObject","inLanguage":"de","@id":"https:\/\/lalmachine.com\/shop\/decorer\/vase-ceramique\/soliflore-ingrid-glashutte\/#primaryimage","url":"https:\/\/lalmachine.com\/wp-content\/uploads\/2026\/04\/IMG_2408-scaled_clipped_rev_1.jpeg","contentUrl":"https:\/\/lalmachine.com\/wp-content\/uploads\/2026\/04\/IMG_2408-scaled_clipped_rev_1.jpeg","width":2292,"height":2292,"caption":"Soliflore Ingrid Glash\u00fctte"},{"@type":"BreadcrumbList","@id":"https:\/\/lalmachine.com\/shop\/decorer\/vase-ceramique\/soliflore-ingrid-glashutte\/#breadcrumb","itemListElement":[{"@type":"ListItem","position":1,"name":"Accueil","item":"https:\/\/lalmachine.com\/"},{"@type":"ListItem","position":2,"name":"Shop","item":"https:\/\/lalmachine.com\/shop\/"},{"@type":"ListItem","position":3,"name":"Soliflore Ingrid Glash\u00fctte"}]},{"@type":"WebSite","@id":"https:\/\/lalmachine.com\/#website","url":"https:\/\/lalmachine.com\/","name":"lalmachine.com","description":"Brocante en ligne Suisse | Mobilier et objets d\u00e9co vintage et design","potentialAction":[{"@type":"SearchAction","target":{"@type":"EntryPoint","urlTemplate":"https:\/\/lalmachine.com\/?s={search_term_string}"},"query-input":{"@type":"PropertyValueSpecification","valueRequired":true,"valueName":"search_term_string"}}],"inLanguage":"de"}]}},"_links":{"self":[{"href":"https:\/\/lalmachine.com\/de\/wp-json\/wp\/v2\/product\/358600","targetHints":{"allow":["GET"]}}],"collection":[{"href":"https:\/\/lalmachine.com\/de\/wp-json\/wp\/v2\/product"}],"about":[{"href":"https:\/\/lalmachine.com\/de\/wp-json\/wp\/v2\/types\/product"}],"wp:featuredmedia":[{"embeddable":true,"href":"https:\/\/lalmachine.com\/de\/wp-json\/wp\/v2\/media\/358633"}],"wp:attachment":[{"href":"https:\/\/lalmachine.com\/de\/wp-json\/wp\/v2\/media?parent=358600"}],"wp:term":[{"taxonomy":"product_brand","embeddable":true,"href":"https:\/\/lalmachine.com\/de\/wp-json\/wp\/v2\/product_brand?post=358600"},{"taxonomy":"product_cat","embeddable":true,"href":"https:\/\/lalmachine.com\/de\/wp-json\/wp\/v2\/product_cat?post=358600"},{"taxonomy":"product_tag","embeddable":true,"href":"https:\/\/lalmachine.com\/de\/wp-json\/wp\/v2\/product_tag?post=358600"},{"taxonomy":"proximite","embeddable":true,"href":"https:\/\/lalmachine.com\/de\/wp-json\/wp\/v2\/proximite?post=358600"}],"curies":[{"name":"wp","href":"https:\/\/api.w.org\/{rel}","templated":true}]}}