{"id":358779,"date":"2026-04-10T07:32:58","date_gmt":"2026-04-10T05:32:58","guid":{"rendered":"https:\/\/lalmachine.com\/?post_type=product&#038;p=358779"},"modified":"2026-04-10T07:32:59","modified_gmt":"2026-04-10T05:32:59","slug":"tete-olmeque","status":"publish","type":"product","link":"https:\/\/lalmachine.com\/de\/shop\/decorer\/objet-de-curiosite\/tete-olmeque\/","title":{"rendered":"T\u00eate Olm\u00e8que"},"content":{"rendered":"<ul class=\"wpuf_customs\"><li style=\"list-style-type:none;\"><label>Autres photos:<\/label> <a href=\"https:\/\/lalmachine.com\/wp-content\/uploads\/2026\/04\/Capture-decran-2026-04-09-a-17.20.52-1.png\"><img loading=\"lazy\" decoding=\"async\" width=\"75\" height=\"96\" src=\"https:\/\/lalmachine.com\/wp-content\/uploads\/2026\/04\/Capture-decran-2026-04-09-a-17.20.52-1.png\" class=\"attachment-thumbnail size-thumbnail\" alt=\"\" \/><\/a> <a href=\"https:\/\/lalmachine.com\/wp-content\/uploads\/2026\/04\/Capture-decran-2026-04-09-a-17.21.20.png\"><img loading=\"lazy\" decoding=\"async\" width=\"79\" height=\"96\" src=\"https:\/\/lalmachine.com\/wp-content\/uploads\/2026\/04\/Capture-decran-2026-04-09-a-17.21.20.png\" class=\"attachment-thumbnail size-thumbnail\" alt=\"\" \/><\/a> <a href=\"https:\/\/lalmachine.com\/wp-content\/uploads\/2026\/04\/Capture-decran-2026-04-09-a-17.21.15.png\"><img loading=\"lazy\" decoding=\"async\" width=\"73\" height=\"96\" src=\"https:\/\/lalmachine.com\/wp-content\/uploads\/2026\/04\/Capture-decran-2026-04-09-a-17.21.15.png\" class=\"attachment-thumbnail size-thumbnail\" alt=\"\" \/><\/a> <a href=\"https:\/\/lalmachine.com\/wp-content\/uploads\/2026\/04\/Capture-decran-2026-04-09-a-17.21.10.png\"><img loading=\"lazy\" decoding=\"async\" width=\"79\" height=\"96\" src=\"https:\/\/lalmachine.com\/wp-content\/uploads\/2026\/04\/Capture-decran-2026-04-09-a-17.21.10.png\" class=\"attachment-thumbnail size-thumbnail\" alt=\"\" \/><\/a> <a href=\"https:\/\/lalmachine.com\/wp-content\/uploads\/2026\/04\/Capture-decran-2026-04-09-a-17.21.06.png\"><img loading=\"lazy\" decoding=\"async\" width=\"74\" height=\"96\" src=\"https:\/\/lalmachine.com\/wp-content\/uploads\/2026\/04\/Capture-decran-2026-04-09-a-17.21.06.png\" class=\"attachment-thumbnail size-thumbnail\" alt=\"\" \/><\/a> <a href=\"https:\/\/lalmachine.com\/wp-content\/uploads\/2026\/04\/Capture-decran-2026-04-09-a-17.21.02.png\"><img loading=\"lazy\" decoding=\"async\" width=\"67\" height=\"96\" src=\"https:\/\/lalmachine.com\/wp-content\/uploads\/2026\/04\/Capture-decran-2026-04-09-a-17.21.02.png\" class=\"attachment-thumbnail size-thumbnail\" alt=\"\" \/><\/a> <a href=\"https:\/\/lalmachine.com\/wp-content\/uploads\/2026\/04\/Capture-decran-2026-04-09-a-17.20.59.png\"><img loading=\"lazy\" decoding=\"async\" width=\"82\" height=\"96\" src=\"https:\/\/lalmachine.com\/wp-content\/uploads\/2026\/04\/Capture-decran-2026-04-09-a-17.20.59.png\" class=\"attachment-thumbnail size-thumbnail\" alt=\"\" \/><\/a> <\/li>        <li class=\"wpuf-field-data wpuf-field-data-numeric_text_field\">\n                            <label>Prix:<\/label>\n                        62        <\/li>\n                <li class=\"wpuf-field-data wpuf-field-data-numeric_text_field\">\n                            <label>Quantit\u00e9:<\/label>\n                        1        <\/li>\n                <li class=\"wpuf-field-data wpuf-field-data-numeric_text_field\">\n                            <label>Hauteur (cm):<\/label>\n                        11        <\/li>\n                <li class=\"wpuf-field-data wpuf-field-data-numeric_text_field\">\n                            <label>Largeur (cm):<\/label>\n                        9        <\/li>\n                <li class=\"wpuf-field-data wpuf-field-data-numeric_text_field\">\n                            <label>Profondeur (cm):<\/label>\n                        9        <\/li>\n        <\/ul>","protected":false},"excerpt":{"rendered":"<p>Sculpture de t\u00eate Olm\u00e8que, Am\u00e9rique du Sud.<\/p>\n<p>Sculpture ancienne, pleine de caract\u00e8re.<\/p>\n<p>Cette pi\u00e8ce unique apportera une touche d&rsquo;histoire et d&rsquo;originalit\u00e9 \u00e0 votre int\u00e9rieur.<\/p>\n<p>Malgr\u00e9 son \u00e2ge, elle reste en bon \u00e9tat et t\u00e9moigne d&rsquo;un savoir-faire ancestral.<\/p>\n<p>Une acquisition id\u00e9ale pour les amateurs d&rsquo;art et d&rsquo;objets insolites.<\/p>","protected":false},"featured_media":358813,"template":"","meta":{"_et_pb_use_builder":"","_et_pb_old_content":"","_et_gb_content_width":""},"product_brand":[],"product_cat":[50,426],"product_tag":[],"proximite":[277,179],"class_list":{"0":"post-358779","1":"product","2":"type-product","3":"status-publish","4":"has-post-thumbnail","6":"product_cat-decorer","7":"product_cat-objet-de-curiosite","8":"product_shipping_class-2-10-kg","9":"pa_couleur-noir","10":"pa_etat-bon-etat","11":"pa_materiau-ceramique","12":"pa_style-ethnique","13":"proximite-jura-nord-vaudois","14":"proximite-vaud","16":"first","17":"instock","18":"shipping-taxable","19":"purchasable","20":"product-type-simple"},"yoast_head":"<!-- This site is optimized with the Yoast SEO plugin v27.4 - https:\/\/yoast.com\/product\/yoast-seo-wordpress\/ -->\n<title>T\u00eate Olm\u00e8que | lalmachine.com, mobilier et objets d\u00e9co vintage et design<\/title>\n<meta name=\"description\" content=\"T\u00eate Olm\u00e8que\" \/>\n<meta name=\"robots\" content=\"index, follow, max-snippet:-1, max-image-preview:large, max-video-preview:-1\" \/>\n<link rel=\"canonical\" href=\"https:\/\/lalmachine.com\/de\/shop\/decorer\/objet-de-curiosite\/tete-olmeque\/\" \/>\n<meta property=\"og:locale\" content=\"de_DE\" \/>\n<meta property=\"og:type\" content=\"article\" \/>\n<meta property=\"og:title\" content=\"T\u00eate Olm\u00e8que | lalmachine.com, mobilier et objets d\u00e9co vintage et design\" \/>\n<meta property=\"og:description\" content=\"T\u00eate Olm\u00e8que\" \/>\n<meta property=\"og:url\" content=\"https:\/\/lalmachine.com\/de\/shop\/decorer\/objet-de-curiosite\/tete-olmeque\/\" \/>\n<meta property=\"og:site_name\" content=\"lalmachine.com\" \/>\n<meta property=\"article:publisher\" content=\"https:\/\/facebook.com\/lalmachine\" \/>\n<meta property=\"article:modified_time\" content=\"2026-04-10T05:32:59+00:00\" \/>\n<meta property=\"og:image\" content=\"https:\/\/lalmachine.com\/wp-content\/uploads\/2026\/04\/Capture-decran-2026-04-09-a-17.20.52_clipped_rev_1.jpeg\" \/>\n\t<meta property=\"og:image:width\" content=\"896\" \/>\n\t<meta property=\"og:image:height\" content=\"895\" \/>\n\t<meta property=\"og:image:type\" content=\"image\/jpeg\" \/>\n<meta name=\"twitter:card\" content=\"summary_large_image\" \/>\n<script type=\"application\/ld+json\" class=\"yoast-schema-graph\">{\"@context\":\"https:\\\/\\\/schema.org\",\"@graph\":[{\"@type\":\"WebPage\",\"@id\":\"https:\\\/\\\/lalmachine.com\\\/shop\\\/decorer\\\/objet-de-curiosite\\\/tete-olmeque\\\/\",\"url\":\"https:\\\/\\\/lalmachine.com\\\/shop\\\/decorer\\\/objet-de-curiosite\\\/tete-olmeque\\\/\",\"name\":\"T\u00eate Olm\u00e8que | lalmachine.com, mobilier et objets d\u00e9co vintage et design\",\"isPartOf\":{\"@id\":\"https:\\\/\\\/lalmachine.com\\\/#website\"},\"primaryImageOfPage\":{\"@id\":\"https:\\\/\\\/lalmachine.com\\\/shop\\\/decorer\\\/objet-de-curiosite\\\/tete-olmeque\\\/#primaryimage\"},\"image\":{\"@id\":\"https:\\\/\\\/lalmachine.com\\\/shop\\\/decorer\\\/objet-de-curiosite\\\/tete-olmeque\\\/#primaryimage\"},\"thumbnailUrl\":\"https:\\\/\\\/lalmachine.com\\\/wp-content\\\/uploads\\\/2026\\\/04\\\/Capture-decran-2026-04-09-a-17.20.52_clipped_rev_1.jpeg\",\"datePublished\":\"2026-04-10T05:32:58+00:00\",\"dateModified\":\"2026-04-10T05:32:59+00:00\",\"description\":\"T\u00eate Olm\u00e8que\",\"breadcrumb\":{\"@id\":\"https:\\\/\\\/lalmachine.com\\\/shop\\\/decorer\\\/objet-de-curiosite\\\/tete-olmeque\\\/#breadcrumb\"},\"inLanguage\":\"de\",\"potentialAction\":[{\"@type\":\"ReadAction\",\"target\":[\"https:\\\/\\\/lalmachine.com\\\/shop\\\/decorer\\\/objet-de-curiosite\\\/tete-olmeque\\\/\"]}]},{\"@type\":\"ImageObject\",\"inLanguage\":\"de\",\"@id\":\"https:\\\/\\\/lalmachine.com\\\/shop\\\/decorer\\\/objet-de-curiosite\\\/tete-olmeque\\\/#primaryimage\",\"url\":\"https:\\\/\\\/lalmachine.com\\\/wp-content\\\/uploads\\\/2026\\\/04\\\/Capture-decran-2026-04-09-a-17.20.52_clipped_rev_1.jpeg\",\"contentUrl\":\"https:\\\/\\\/lalmachine.com\\\/wp-content\\\/uploads\\\/2026\\\/04\\\/Capture-decran-2026-04-09-a-17.20.52_clipped_rev_1.jpeg\",\"width\":896,\"height\":895,\"caption\":\"T\u00eate Olm\u00e8que\"},{\"@type\":\"BreadcrumbList\",\"@id\":\"https:\\\/\\\/lalmachine.com\\\/shop\\\/decorer\\\/objet-de-curiosite\\\/tete-olmeque\\\/#breadcrumb\",\"itemListElement\":[{\"@type\":\"ListItem\",\"position\":1,\"name\":\"Accueil\",\"item\":\"https:\\\/\\\/lalmachine.com\\\/\"},{\"@type\":\"ListItem\",\"position\":2,\"name\":\"Shop\",\"item\":\"https:\\\/\\\/lalmachine.com\\\/shop\\\/\"},{\"@type\":\"ListItem\",\"position\":3,\"name\":\"T\u00eate Olm\u00e8que\"}]},{\"@type\":\"WebSite\",\"@id\":\"https:\\\/\\\/lalmachine.com\\\/#website\",\"url\":\"https:\\\/\\\/lalmachine.com\\\/\",\"name\":\"lalmachine.com\",\"description\":\"Brocante en ligne Suisse | Mobilier et objets d\u00e9co vintage et design\",\"potentialAction\":[{\"@type\":\"SearchAction\",\"target\":{\"@type\":\"EntryPoint\",\"urlTemplate\":\"https:\\\/\\\/lalmachine.com\\\/?s={search_term_string}\"},\"query-input\":{\"@type\":\"PropertyValueSpecification\",\"valueRequired\":true,\"valueName\":\"search_term_string\"}}],\"inLanguage\":\"de\"}]}<\/script>\n<!-- \/ Yoast SEO plugin. -->","yoast_head_json":{"title":"T\u00eate Olm\u00e8que | lalmachine.com, mobilier et objets d\u00e9co vintage et design","description":"T\u00eate Olm\u00e8que","robots":{"index":"index","follow":"follow","max-snippet":"max-snippet:-1","max-image-preview":"max-image-preview:large","max-video-preview":"max-video-preview:-1"},"canonical":"https:\/\/lalmachine.com\/de\/shop\/decorer\/objet-de-curiosite\/tete-olmeque\/","og_locale":"de_DE","og_type":"article","og_title":"T\u00eate Olm\u00e8que | lalmachine.com, mobilier et objets d\u00e9co vintage et design","og_description":"T\u00eate Olm\u00e8que","og_url":"https:\/\/lalmachine.com\/de\/shop\/decorer\/objet-de-curiosite\/tete-olmeque\/","og_site_name":"lalmachine.com","article_publisher":"https:\/\/facebook.com\/lalmachine","article_modified_time":"2026-04-10T05:32:59+00:00","og_image":[{"width":896,"height":895,"url":"https:\/\/lalmachine.com\/wp-content\/uploads\/2026\/04\/Capture-decran-2026-04-09-a-17.20.52_clipped_rev_1.jpeg","type":"image\/jpeg"}],"twitter_card":"summary_large_image","schema":{"@context":"https:\/\/schema.org","@graph":[{"@type":"WebPage","@id":"https:\/\/lalmachine.com\/shop\/decorer\/objet-de-curiosite\/tete-olmeque\/","url":"https:\/\/lalmachine.com\/shop\/decorer\/objet-de-curiosite\/tete-olmeque\/","name":"T\u00eate Olm\u00e8que | lalmachine.com, mobilier et objets d\u00e9co vintage et design","isPartOf":{"@id":"https:\/\/lalmachine.com\/#website"},"primaryImageOfPage":{"@id":"https:\/\/lalmachine.com\/shop\/decorer\/objet-de-curiosite\/tete-olmeque\/#primaryimage"},"image":{"@id":"https:\/\/lalmachine.com\/shop\/decorer\/objet-de-curiosite\/tete-olmeque\/#primaryimage"},"thumbnailUrl":"https:\/\/lalmachine.com\/wp-content\/uploads\/2026\/04\/Capture-decran-2026-04-09-a-17.20.52_clipped_rev_1.jpeg","datePublished":"2026-04-10T05:32:58+00:00","dateModified":"2026-04-10T05:32:59+00:00","description":"T\u00eate Olm\u00e8que","breadcrumb":{"@id":"https:\/\/lalmachine.com\/shop\/decorer\/objet-de-curiosite\/tete-olmeque\/#breadcrumb"},"inLanguage":"de","potentialAction":[{"@type":"ReadAction","target":["https:\/\/lalmachine.com\/shop\/decorer\/objet-de-curiosite\/tete-olmeque\/"]}]},{"@type":"ImageObject","inLanguage":"de","@id":"https:\/\/lalmachine.com\/shop\/decorer\/objet-de-curiosite\/tete-olmeque\/#primaryimage","url":"https:\/\/lalmachine.com\/wp-content\/uploads\/2026\/04\/Capture-decran-2026-04-09-a-17.20.52_clipped_rev_1.jpeg","contentUrl":"https:\/\/lalmachine.com\/wp-content\/uploads\/2026\/04\/Capture-decran-2026-04-09-a-17.20.52_clipped_rev_1.jpeg","width":896,"height":895,"caption":"T\u00eate Olm\u00e8que"},{"@type":"BreadcrumbList","@id":"https:\/\/lalmachine.com\/shop\/decorer\/objet-de-curiosite\/tete-olmeque\/#breadcrumb","itemListElement":[{"@type":"ListItem","position":1,"name":"Accueil","item":"https:\/\/lalmachine.com\/"},{"@type":"ListItem","position":2,"name":"Shop","item":"https:\/\/lalmachine.com\/shop\/"},{"@type":"ListItem","position":3,"name":"T\u00eate Olm\u00e8que"}]},{"@type":"WebSite","@id":"https:\/\/lalmachine.com\/#website","url":"https:\/\/lalmachine.com\/","name":"lalmachine.com","description":"Brocante en ligne Suisse | Mobilier et objets d\u00e9co vintage et design","potentialAction":[{"@type":"SearchAction","target":{"@type":"EntryPoint","urlTemplate":"https:\/\/lalmachine.com\/?s={search_term_string}"},"query-input":{"@type":"PropertyValueSpecification","valueRequired":true,"valueName":"search_term_string"}}],"inLanguage":"de"}]}},"_links":{"self":[{"href":"https:\/\/lalmachine.com\/de\/wp-json\/wp\/v2\/product\/358779","targetHints":{"allow":["GET"]}}],"collection":[{"href":"https:\/\/lalmachine.com\/de\/wp-json\/wp\/v2\/product"}],"about":[{"href":"https:\/\/lalmachine.com\/de\/wp-json\/wp\/v2\/types\/product"}],"wp:featuredmedia":[{"embeddable":true,"href":"https:\/\/lalmachine.com\/de\/wp-json\/wp\/v2\/media\/358813"}],"wp:attachment":[{"href":"https:\/\/lalmachine.com\/de\/wp-json\/wp\/v2\/media?parent=358779"}],"wp:term":[{"taxonomy":"product_brand","embeddable":true,"href":"https:\/\/lalmachine.com\/de\/wp-json\/wp\/v2\/product_brand?post=358779"},{"taxonomy":"product_cat","embeddable":true,"href":"https:\/\/lalmachine.com\/de\/wp-json\/wp\/v2\/product_cat?post=358779"},{"taxonomy":"product_tag","embeddable":true,"href":"https:\/\/lalmachine.com\/de\/wp-json\/wp\/v2\/product_tag?post=358779"},{"taxonomy":"proximite","embeddable":true,"href":"https:\/\/lalmachine.com\/de\/wp-json\/wp\/v2\/proximite?post=358779"}],"curies":[{"name":"wp","href":"https:\/\/api.w.org\/{rel}","templated":true}]}}