{"id":358887,"date":"2026-04-14T11:31:24","date_gmt":"2026-04-14T09:31:24","guid":{"rendered":"https:\/\/lalmachine.com\/?post_type=product&#038;p=358887"},"modified":"2026-04-14T11:31:25","modified_gmt":"2026-04-14T09:31:25","slug":"estampe-japonaise-gravure-sur-bois-dito-jakuchu","status":"publish","type":"product","link":"https:\/\/lalmachine.com\/de\/shop\/decorer\/art-and-co\/estampe-japonaise-gravure-sur-bois-dito-jakuchu\/","title":{"rendered":"Estampe japonaise &#8211; gravure sur bois d&rsquo;Ito Jakuchu"},"content":{"rendered":"<ul class=\"wpuf_customs\"><li style=\"list-style-type:none;\"><label>Autres photos:<\/label> <a href=\"https:\/\/lalmachine.com\/wp-content\/uploads\/2026\/04\/2-scaled.jpg\"><img loading=\"lazy\" decoding=\"async\" width=\"72\" height=\"96\" src=\"https:\/\/lalmachine.com\/wp-content\/uploads\/2026\/04\/2-scaled.jpg\" class=\"attachment-thumbnail size-thumbnail\" alt=\"\" \/><\/a> <a href=\"https:\/\/lalmachine.com\/wp-content\/uploads\/2026\/04\/3-1-scaled.jpg\"><img loading=\"lazy\" decoding=\"async\" width=\"72\" height=\"96\" src=\"https:\/\/lalmachine.com\/wp-content\/uploads\/2026\/04\/3-1-scaled.jpg\" class=\"attachment-thumbnail size-thumbnail\" alt=\"\" \/><\/a> <a href=\"https:\/\/lalmachine.com\/wp-content\/uploads\/2026\/04\/4-1-scaled.jpg\"><img loading=\"lazy\" decoding=\"async\" width=\"72\" height=\"96\" src=\"https:\/\/lalmachine.com\/wp-content\/uploads\/2026\/04\/4-1-scaled.jpg\" class=\"attachment-thumbnail size-thumbnail\" alt=\"\" \/><\/a> <a href=\"https:\/\/lalmachine.com\/wp-content\/uploads\/2026\/04\/5-1-scaled.jpg\"><img loading=\"lazy\" decoding=\"async\" width=\"72\" height=\"96\" src=\"https:\/\/lalmachine.com\/wp-content\/uploads\/2026\/04\/5-1-scaled.jpg\" class=\"attachment-thumbnail size-thumbnail\" alt=\"\" \/><\/a> <\/li>        <li class=\"wpuf-field-data wpuf-field-data-numeric_text_field\">\n                            <label>Prix:<\/label>\n                        175        <\/li>\n                <li class=\"wpuf-field-data wpuf-field-data-numeric_text_field\">\n                            <label>Quantit\u00e9:<\/label>\n                        1        <\/li>\n                <li class=\"wpuf-field-data wpuf-field-data-numeric_text_field\">\n                            <label>Hauteur (cm):<\/label>\n                        42        <\/li>\n                <li class=\"wpuf-field-data wpuf-field-data-numeric_text_field\">\n                            <label>Largeur (cm):<\/label>\n                        35        <\/li>\n        <\/ul>","protected":false},"excerpt":{"rendered":"<p>Estampe japonaise, gravure sur bois d&rsquo;Ito Jakuchu \u00ab Fleurs de cerisier de montagne \u00bb, Japon.<br \/>\nIl s&rsquo;agit d&rsquo;une \u00e9dition ult\u00e9rieure imprim\u00e9e \u00e0 l&rsquo;aide des gravures sur bois originales. Imprim\u00e9e sur papier japonais Echizen.<br \/>\nDimensions : 42x35cm<br \/>\nEtat : excellent, neuf.<br \/>\nEnvoi soign\u00e9 dans un emballage de protection rigide avec num\u00e9ro de suivi, sous 1-2 jours ouvrables.<\/p>\n<p>It\u014d Jakuch\u016b (1716-1800) artiste japonais tr\u00e8s influent du milieu de l&rsquo;\u00e9poque d&rsquo;Edo, c\u00e9l\u00e8bre pour ses repr\u00e9sentations m\u00e9ticuleuses, vibrantes et souvent surr\u00e9alistes du monde naturel. Principalement autodidacte, Jakuch\u016b rompit avec les \u00e9coles traditionnelles de son temps pour d\u00e9velopper un style unique qui m\u00ealait un r\u00e9alisme extr\u00eame \u00e0 des motifs et des couleurs imaginatifs, presque psych\u00e9d\u00e9liques.<\/p>","protected":false},"featured_media":358920,"template":"","meta":{"_et_pb_use_builder":"","_et_pb_old_content":"","_et_gb_content_width":""},"product_brand":[],"product_cat":[365,50],"product_tag":[],"proximite":[177,235],"class_list":{"0":"post-358887","1":"product","2":"type-product","3":"status-publish","4":"has-post-thumbnail","6":"product_cat-art-and-co","7":"product_cat-decorer","8":"product_shipping_class-0-2-kg","9":"pa_couleur-multicolore","10":"pa_etat-tres-bon-etat","11":"pa_materiau-papier-carton","12":"pa_style-vintage","13":"proximite-fribourg","14":"proximite-sarine","16":"first","17":"instock","18":"shipping-taxable","19":"purchasable","20":"product-type-simple"},"yoast_head":"<!-- This site is optimized with the Yoast SEO plugin v27.4 - https:\/\/yoast.com\/product\/yoast-seo-wordpress\/ -->\n<title>Estampe japonaise - gravure sur bois d&#039;Ito Jakuchu | lalmachine.com, mobilier et objets d\u00e9co vintage et design<\/title>\n<meta name=\"description\" content=\"Estampe japonaise - gravure sur bois d&#039;Ito Jakuchu\" \/>\n<meta name=\"robots\" content=\"index, follow, max-snippet:-1, max-image-preview:large, max-video-preview:-1\" \/>\n<link rel=\"canonical\" href=\"https:\/\/lalmachine.com\/de\/shop\/decorer\/art-and-co\/estampe-japonaise-gravure-sur-bois-dito-jakuchu\/\" \/>\n<meta property=\"og:locale\" content=\"de_DE\" \/>\n<meta property=\"og:type\" content=\"article\" \/>\n<meta property=\"og:title\" content=\"Estampe japonaise - gravure sur bois d&#039;Ito Jakuchu | lalmachine.com, mobilier et objets d\u00e9co vintage et design\" \/>\n<meta property=\"og:description\" content=\"Estampe japonaise - gravure sur bois d&#039;Ito Jakuchu\" \/>\n<meta property=\"og:url\" content=\"https:\/\/lalmachine.com\/de\/shop\/decorer\/art-and-co\/estampe-japonaise-gravure-sur-bois-dito-jakuchu\/\" \/>\n<meta property=\"og:site_name\" content=\"lalmachine.com\" \/>\n<meta property=\"article:publisher\" content=\"https:\/\/facebook.com\/lalmachine\" \/>\n<meta property=\"article:modified_time\" content=\"2026-04-14T09:31:25+00:00\" \/>\n<meta property=\"og:image\" content=\"https:\/\/lalmachine.com\/wp-content\/uploads\/2026\/04\/1-1-scaled_clipped_rev_1-10-scaled.jpeg\" \/>\n\t<meta property=\"og:image:width\" content=\"2560\" \/>\n\t<meta property=\"og:image:height\" content=\"2560\" \/>\n\t<meta property=\"og:image:type\" content=\"image\/jpeg\" \/>\n<meta name=\"twitter:card\" content=\"summary_large_image\" \/>\n<script type=\"application\/ld+json\" class=\"yoast-schema-graph\">{\"@context\":\"https:\\\/\\\/schema.org\",\"@graph\":[{\"@type\":\"WebPage\",\"@id\":\"https:\\\/\\\/lalmachine.com\\\/shop\\\/decorer\\\/art-and-co\\\/estampe-japonaise-gravure-sur-bois-dito-jakuchu\\\/\",\"url\":\"https:\\\/\\\/lalmachine.com\\\/shop\\\/decorer\\\/art-and-co\\\/estampe-japonaise-gravure-sur-bois-dito-jakuchu\\\/\",\"name\":\"Estampe japonaise - gravure sur bois d'Ito Jakuchu | lalmachine.com, mobilier et objets d\u00e9co vintage et design\",\"isPartOf\":{\"@id\":\"https:\\\/\\\/lalmachine.com\\\/#website\"},\"primaryImageOfPage\":{\"@id\":\"https:\\\/\\\/lalmachine.com\\\/shop\\\/decorer\\\/art-and-co\\\/estampe-japonaise-gravure-sur-bois-dito-jakuchu\\\/#primaryimage\"},\"image\":{\"@id\":\"https:\\\/\\\/lalmachine.com\\\/shop\\\/decorer\\\/art-and-co\\\/estampe-japonaise-gravure-sur-bois-dito-jakuchu\\\/#primaryimage\"},\"thumbnailUrl\":\"https:\\\/\\\/lalmachine.com\\\/wp-content\\\/uploads\\\/2026\\\/04\\\/1-1-scaled_clipped_rev_1-10-scaled.jpeg\",\"datePublished\":\"2026-04-14T09:31:24+00:00\",\"dateModified\":\"2026-04-14T09:31:25+00:00\",\"description\":\"Estampe japonaise - gravure sur bois d'Ito Jakuchu\",\"breadcrumb\":{\"@id\":\"https:\\\/\\\/lalmachine.com\\\/shop\\\/decorer\\\/art-and-co\\\/estampe-japonaise-gravure-sur-bois-dito-jakuchu\\\/#breadcrumb\"},\"inLanguage\":\"de\",\"potentialAction\":[{\"@type\":\"ReadAction\",\"target\":[\"https:\\\/\\\/lalmachine.com\\\/shop\\\/decorer\\\/art-and-co\\\/estampe-japonaise-gravure-sur-bois-dito-jakuchu\\\/\"]}]},{\"@type\":\"ImageObject\",\"inLanguage\":\"de\",\"@id\":\"https:\\\/\\\/lalmachine.com\\\/shop\\\/decorer\\\/art-and-co\\\/estampe-japonaise-gravure-sur-bois-dito-jakuchu\\\/#primaryimage\",\"url\":\"https:\\\/\\\/lalmachine.com\\\/wp-content\\\/uploads\\\/2026\\\/04\\\/1-1-scaled_clipped_rev_1-10-scaled.jpeg\",\"contentUrl\":\"https:\\\/\\\/lalmachine.com\\\/wp-content\\\/uploads\\\/2026\\\/04\\\/1-1-scaled_clipped_rev_1-10-scaled.jpeg\",\"width\":2560,\"height\":2560},{\"@type\":\"BreadcrumbList\",\"@id\":\"https:\\\/\\\/lalmachine.com\\\/shop\\\/decorer\\\/art-and-co\\\/estampe-japonaise-gravure-sur-bois-dito-jakuchu\\\/#breadcrumb\",\"itemListElement\":[{\"@type\":\"ListItem\",\"position\":1,\"name\":\"Accueil\",\"item\":\"https:\\\/\\\/lalmachine.com\\\/\"},{\"@type\":\"ListItem\",\"position\":2,\"name\":\"Shop\",\"item\":\"https:\\\/\\\/lalmachine.com\\\/shop\\\/\"},{\"@type\":\"ListItem\",\"position\":3,\"name\":\"Estampe japonaise &#8211; gravure sur bois d&#8217;Ito Jakuchu\"}]},{\"@type\":\"WebSite\",\"@id\":\"https:\\\/\\\/lalmachine.com\\\/#website\",\"url\":\"https:\\\/\\\/lalmachine.com\\\/\",\"name\":\"lalmachine.com\",\"description\":\"Brocante en ligne Suisse | Mobilier et objets d\u00e9co vintage et design\",\"potentialAction\":[{\"@type\":\"SearchAction\",\"target\":{\"@type\":\"EntryPoint\",\"urlTemplate\":\"https:\\\/\\\/lalmachine.com\\\/?s={search_term_string}\"},\"query-input\":{\"@type\":\"PropertyValueSpecification\",\"valueRequired\":true,\"valueName\":\"search_term_string\"}}],\"inLanguage\":\"de\"}]}<\/script>\n<!-- \/ Yoast SEO plugin. -->","yoast_head_json":{"title":"Estampe japonaise - gravure sur bois d'Ito Jakuchu | lalmachine.com, mobilier et objets d\u00e9co vintage et design","description":"Estampe japonaise - gravure sur bois d'Ito Jakuchu","robots":{"index":"index","follow":"follow","max-snippet":"max-snippet:-1","max-image-preview":"max-image-preview:large","max-video-preview":"max-video-preview:-1"},"canonical":"https:\/\/lalmachine.com\/de\/shop\/decorer\/art-and-co\/estampe-japonaise-gravure-sur-bois-dito-jakuchu\/","og_locale":"de_DE","og_type":"article","og_title":"Estampe japonaise - gravure sur bois d'Ito Jakuchu | lalmachine.com, mobilier et objets d\u00e9co vintage et design","og_description":"Estampe japonaise - gravure sur bois d'Ito Jakuchu","og_url":"https:\/\/lalmachine.com\/de\/shop\/decorer\/art-and-co\/estampe-japonaise-gravure-sur-bois-dito-jakuchu\/","og_site_name":"lalmachine.com","article_publisher":"https:\/\/facebook.com\/lalmachine","article_modified_time":"2026-04-14T09:31:25+00:00","og_image":[{"width":2560,"height":2560,"url":"https:\/\/lalmachine.com\/wp-content\/uploads\/2026\/04\/1-1-scaled_clipped_rev_1-10-scaled.jpeg","type":"image\/jpeg"}],"twitter_card":"summary_large_image","schema":{"@context":"https:\/\/schema.org","@graph":[{"@type":"WebPage","@id":"https:\/\/lalmachine.com\/shop\/decorer\/art-and-co\/estampe-japonaise-gravure-sur-bois-dito-jakuchu\/","url":"https:\/\/lalmachine.com\/shop\/decorer\/art-and-co\/estampe-japonaise-gravure-sur-bois-dito-jakuchu\/","name":"Estampe japonaise - gravure sur bois d'Ito Jakuchu | lalmachine.com, mobilier et objets d\u00e9co vintage et design","isPartOf":{"@id":"https:\/\/lalmachine.com\/#website"},"primaryImageOfPage":{"@id":"https:\/\/lalmachine.com\/shop\/decorer\/art-and-co\/estampe-japonaise-gravure-sur-bois-dito-jakuchu\/#primaryimage"},"image":{"@id":"https:\/\/lalmachine.com\/shop\/decorer\/art-and-co\/estampe-japonaise-gravure-sur-bois-dito-jakuchu\/#primaryimage"},"thumbnailUrl":"https:\/\/lalmachine.com\/wp-content\/uploads\/2026\/04\/1-1-scaled_clipped_rev_1-10-scaled.jpeg","datePublished":"2026-04-14T09:31:24+00:00","dateModified":"2026-04-14T09:31:25+00:00","description":"Estampe japonaise - gravure sur bois d'Ito Jakuchu","breadcrumb":{"@id":"https:\/\/lalmachine.com\/shop\/decorer\/art-and-co\/estampe-japonaise-gravure-sur-bois-dito-jakuchu\/#breadcrumb"},"inLanguage":"de","potentialAction":[{"@type":"ReadAction","target":["https:\/\/lalmachine.com\/shop\/decorer\/art-and-co\/estampe-japonaise-gravure-sur-bois-dito-jakuchu\/"]}]},{"@type":"ImageObject","inLanguage":"de","@id":"https:\/\/lalmachine.com\/shop\/decorer\/art-and-co\/estampe-japonaise-gravure-sur-bois-dito-jakuchu\/#primaryimage","url":"https:\/\/lalmachine.com\/wp-content\/uploads\/2026\/04\/1-1-scaled_clipped_rev_1-10-scaled.jpeg","contentUrl":"https:\/\/lalmachine.com\/wp-content\/uploads\/2026\/04\/1-1-scaled_clipped_rev_1-10-scaled.jpeg","width":2560,"height":2560},{"@type":"BreadcrumbList","@id":"https:\/\/lalmachine.com\/shop\/decorer\/art-and-co\/estampe-japonaise-gravure-sur-bois-dito-jakuchu\/#breadcrumb","itemListElement":[{"@type":"ListItem","position":1,"name":"Accueil","item":"https:\/\/lalmachine.com\/"},{"@type":"ListItem","position":2,"name":"Shop","item":"https:\/\/lalmachine.com\/shop\/"},{"@type":"ListItem","position":3,"name":"Estampe japonaise &#8211; gravure sur bois d&#8217;Ito Jakuchu"}]},{"@type":"WebSite","@id":"https:\/\/lalmachine.com\/#website","url":"https:\/\/lalmachine.com\/","name":"lalmachine.com","description":"Brocante en ligne Suisse | Mobilier et objets d\u00e9co vintage et design","potentialAction":[{"@type":"SearchAction","target":{"@type":"EntryPoint","urlTemplate":"https:\/\/lalmachine.com\/?s={search_term_string}"},"query-input":{"@type":"PropertyValueSpecification","valueRequired":true,"valueName":"search_term_string"}}],"inLanguage":"de"}]}},"_links":{"self":[{"href":"https:\/\/lalmachine.com\/de\/wp-json\/wp\/v2\/product\/358887","targetHints":{"allow":["GET"]}}],"collection":[{"href":"https:\/\/lalmachine.com\/de\/wp-json\/wp\/v2\/product"}],"about":[{"href":"https:\/\/lalmachine.com\/de\/wp-json\/wp\/v2\/types\/product"}],"wp:featuredmedia":[{"embeddable":true,"href":"https:\/\/lalmachine.com\/de\/wp-json\/wp\/v2\/media\/358920"}],"wp:attachment":[{"href":"https:\/\/lalmachine.com\/de\/wp-json\/wp\/v2\/media?parent=358887"}],"wp:term":[{"taxonomy":"product_brand","embeddable":true,"href":"https:\/\/lalmachine.com\/de\/wp-json\/wp\/v2\/product_brand?post=358887"},{"taxonomy":"product_cat","embeddable":true,"href":"https:\/\/lalmachine.com\/de\/wp-json\/wp\/v2\/product_cat?post=358887"},{"taxonomy":"product_tag","embeddable":true,"href":"https:\/\/lalmachine.com\/de\/wp-json\/wp\/v2\/product_tag?post=358887"},{"taxonomy":"proximite","embeddable":true,"href":"https:\/\/lalmachine.com\/de\/wp-json\/wp\/v2\/proximite?post=358887"}],"curies":[{"name":"wp","href":"https:\/\/api.w.org\/{rel}","templated":true}]}}