{"id":358956,"date":"2026-04-17T10:21:34","date_gmt":"2026-04-17T08:21:34","guid":{"rendered":"https:\/\/lalmachine.com\/?post_type=product&#038;p=358956"},"modified":"2026-04-17T10:21:35","modified_gmt":"2026-04-17T08:21:35","slug":"ancien-moule-a-lapin-de-paques-nr-4-1","status":"publish","type":"product","link":"https:\/\/lalmachine.com\/de\/shop\/decorer\/decoration\/ancien-moule-a-lapin-de-paques-nr-4-1\/","title":{"rendered":"Ancien moule \u00e0 lapin de p\u00e2ques Nr 4.1"},"content":{"rendered":"<ul class=\"wpuf_customs\"><li style=\"list-style-type:none;\"><label>Autres photos:<\/label> <a href=\"https:\/\/lalmachine.com\/wp-content\/uploads\/2026\/04\/FAC71840-B88D-4849-B978-37394B6C2E61-1-scaled.jpeg\"><img loading=\"lazy\" decoding=\"async\" width=\"128\" height=\"96\" src=\"https:\/\/lalmachine.com\/wp-content\/uploads\/2026\/04\/FAC71840-B88D-4849-B978-37394B6C2E61-1-scaled.jpeg\" class=\"attachment-thumbnail size-thumbnail\" alt=\"\" \/><\/a> <a href=\"https:\/\/lalmachine.com\/wp-content\/uploads\/2026\/04\/88B85C2F-F787-44A6-BFF2-03BF1E2178A4-scaled.jpeg\"><img loading=\"lazy\" decoding=\"async\" width=\"128\" height=\"96\" src=\"https:\/\/lalmachine.com\/wp-content\/uploads\/2026\/04\/88B85C2F-F787-44A6-BFF2-03BF1E2178A4-scaled.jpeg\" class=\"attachment-thumbnail size-thumbnail\" alt=\"\" \/><\/a> <a href=\"https:\/\/lalmachine.com\/wp-content\/uploads\/2026\/04\/EC955775-4C54-418F-873C-D6203A6E6367-scaled.jpeg\"><img loading=\"lazy\" decoding=\"async\" width=\"128\" height=\"96\" src=\"https:\/\/lalmachine.com\/wp-content\/uploads\/2026\/04\/EC955775-4C54-418F-873C-D6203A6E6367-scaled.jpeg\" class=\"attachment-thumbnail size-thumbnail\" alt=\"\" \/><\/a> <a href=\"https:\/\/lalmachine.com\/wp-content\/uploads\/2026\/04\/7F295B0E-463F-45B3-ABC7-63E3D567477B-scaled.jpeg\"><img loading=\"lazy\" decoding=\"async\" width=\"128\" height=\"96\" src=\"https:\/\/lalmachine.com\/wp-content\/uploads\/2026\/04\/7F295B0E-463F-45B3-ABC7-63E3D567477B-scaled.jpeg\" class=\"attachment-thumbnail size-thumbnail\" alt=\"\" \/><\/a> <\/li>        <li class=\"wpuf-field-data wpuf-field-data-numeric_text_field\">\n                            <label>Prix:<\/label>\n                        40        <\/li>\n                <li class=\"wpuf-field-data wpuf-field-data-numeric_text_field\">\n                            <label>Quantit\u00e9:<\/label>\n                        1        <\/li>\n                <li class=\"wpuf-field-data wpuf-field-data-numeric_text_field\">\n                            <label>Hauteur (cm):<\/label>\n                        18        <\/li>\n                <li class=\"wpuf-field-data wpuf-field-data-numeric_text_field\">\n                            <label>Largeur (cm):<\/label>\n                        11        <\/li>\n                <li class=\"wpuf-field-data wpuf-field-data-numeric_text_field\">\n                            <label>Profondeur (cm):<\/label>\n                        9        <\/li>\n        <\/ul>","protected":false},"excerpt":{"rendered":"<p>ancien moule \u00e0 lapin de p\u00e2ques<br \/>\nc\u00e9ramique brut \u00e0 l&rsquo;exterieur<br \/>\nc\u00e9ramique verniss\u00e9e \u00e0 l&rsquo;int\u00e9rieur<br \/>\nHauteur 18 cm<br \/>\nbase 11 cm x 9 cm<br \/>\np\u00e9riode &#8211; d\u00e9but XXeme<br \/>\nles 2 moiti\u00e9s sont maintenue par une pince en fer ( qui a malheureusement disparue) pendant la cuisson de la g\u00e9noise .<\/p>","protected":false},"featured_media":359124,"template":"","meta":{"_et_pb_use_builder":"","_et_pb_old_content":"","_et_gb_content_width":""},"product_brand":[],"product_cat":[94,50],"product_tag":[],"proximite":[277,179],"class_list":{"0":"post-358956","1":"product","2":"type-product","3":"status-publish","4":"has-post-thumbnail","6":"product_cat-decoration","7":"product_cat-decorer","8":"product_shipping_class-fragile-8-5","9":"pa_couleur-marron","10":"pa_etat-dans-son-jus","11":"pa_materiau-ceramique","12":"pa_style-ethnique","13":"proximite-jura-nord-vaudois","14":"proximite-vaud","16":"first","17":"instock","18":"shipping-taxable","19":"purchasable","20":"product-type-simple"},"yoast_head":"<!-- This site is optimized with the Yoast SEO plugin v27.4 - https:\/\/yoast.com\/product\/yoast-seo-wordpress\/ -->\n<title>Ancien moule \u00e0 lapin de p\u00e2ques Nr 4.1 | lalmachine.com, mobilier et objets d\u00e9co vintage et design<\/title>\n<meta name=\"description\" content=\"Ancien moule \u00e0 lapin de p\u00e2ques Nr 4.1\" \/>\n<meta name=\"robots\" content=\"index, follow, max-snippet:-1, max-image-preview:large, max-video-preview:-1\" \/>\n<link rel=\"canonical\" href=\"https:\/\/lalmachine.com\/de\/shop\/decorer\/decoration\/ancien-moule-a-lapin-de-paques-nr-4-1\/\" \/>\n<meta property=\"og:locale\" content=\"de_DE\" \/>\n<meta property=\"og:type\" content=\"article\" \/>\n<meta property=\"og:title\" content=\"Ancien moule \u00e0 lapin de p\u00e2ques Nr 4.1 | lalmachine.com, mobilier et objets d\u00e9co vintage et design\" \/>\n<meta property=\"og:description\" content=\"Ancien moule \u00e0 lapin de p\u00e2ques Nr 4.1\" \/>\n<meta property=\"og:url\" content=\"https:\/\/lalmachine.com\/de\/shop\/decorer\/decoration\/ancien-moule-a-lapin-de-paques-nr-4-1\/\" \/>\n<meta property=\"og:site_name\" content=\"lalmachine.com\" \/>\n<meta property=\"article:publisher\" content=\"https:\/\/facebook.com\/lalmachine\" \/>\n<meta property=\"article:modified_time\" content=\"2026-04-17T08:21:35+00:00\" \/>\n<meta property=\"og:image\" content=\"https:\/\/lalmachine.com\/wp-content\/uploads\/2026\/04\/FAC71840-B88D-4849-B978-37394B6C2E61-scaled_clipped_rev_1.jpeg\" \/>\n\t<meta property=\"og:image:width\" content=\"2334\" \/>\n\t<meta property=\"og:image:height\" content=\"2334\" \/>\n\t<meta property=\"og:image:type\" content=\"image\/jpeg\" \/>\n<meta name=\"twitter:card\" content=\"summary_large_image\" \/>\n<script type=\"application\/ld+json\" class=\"yoast-schema-graph\">{\"@context\":\"https:\\\/\\\/schema.org\",\"@graph\":[{\"@type\":\"WebPage\",\"@id\":\"https:\\\/\\\/lalmachine.com\\\/shop\\\/decorer\\\/decoration\\\/ancien-moule-a-lapin-de-paques-nr-4-1\\\/\",\"url\":\"https:\\\/\\\/lalmachine.com\\\/shop\\\/decorer\\\/decoration\\\/ancien-moule-a-lapin-de-paques-nr-4-1\\\/\",\"name\":\"Ancien moule \u00e0 lapin de p\u00e2ques Nr 4.1 | lalmachine.com, mobilier et objets d\u00e9co vintage et design\",\"isPartOf\":{\"@id\":\"https:\\\/\\\/lalmachine.com\\\/#website\"},\"primaryImageOfPage\":{\"@id\":\"https:\\\/\\\/lalmachine.com\\\/shop\\\/decorer\\\/decoration\\\/ancien-moule-a-lapin-de-paques-nr-4-1\\\/#primaryimage\"},\"image\":{\"@id\":\"https:\\\/\\\/lalmachine.com\\\/shop\\\/decorer\\\/decoration\\\/ancien-moule-a-lapin-de-paques-nr-4-1\\\/#primaryimage\"},\"thumbnailUrl\":\"https:\\\/\\\/lalmachine.com\\\/wp-content\\\/uploads\\\/2026\\\/04\\\/FAC71840-B88D-4849-B978-37394B6C2E61-scaled_clipped_rev_1.jpeg\",\"datePublished\":\"2026-04-17T08:21:34+00:00\",\"dateModified\":\"2026-04-17T08:21:35+00:00\",\"description\":\"Ancien moule \u00e0 lapin de p\u00e2ques Nr 4.1\",\"breadcrumb\":{\"@id\":\"https:\\\/\\\/lalmachine.com\\\/shop\\\/decorer\\\/decoration\\\/ancien-moule-a-lapin-de-paques-nr-4-1\\\/#breadcrumb\"},\"inLanguage\":\"de\",\"potentialAction\":[{\"@type\":\"ReadAction\",\"target\":[\"https:\\\/\\\/lalmachine.com\\\/shop\\\/decorer\\\/decoration\\\/ancien-moule-a-lapin-de-paques-nr-4-1\\\/\"]}]},{\"@type\":\"ImageObject\",\"inLanguage\":\"de\",\"@id\":\"https:\\\/\\\/lalmachine.com\\\/shop\\\/decorer\\\/decoration\\\/ancien-moule-a-lapin-de-paques-nr-4-1\\\/#primaryimage\",\"url\":\"https:\\\/\\\/lalmachine.com\\\/wp-content\\\/uploads\\\/2026\\\/04\\\/FAC71840-B88D-4849-B978-37394B6C2E61-scaled_clipped_rev_1.jpeg\",\"contentUrl\":\"https:\\\/\\\/lalmachine.com\\\/wp-content\\\/uploads\\\/2026\\\/04\\\/FAC71840-B88D-4849-B978-37394B6C2E61-scaled_clipped_rev_1.jpeg\",\"width\":2334,\"height\":2334,\"caption\":\"Ancien moule \u00e0 lapin de p\u00e2ques Nr 4.1\"},{\"@type\":\"BreadcrumbList\",\"@id\":\"https:\\\/\\\/lalmachine.com\\\/shop\\\/decorer\\\/decoration\\\/ancien-moule-a-lapin-de-paques-nr-4-1\\\/#breadcrumb\",\"itemListElement\":[{\"@type\":\"ListItem\",\"position\":1,\"name\":\"Accueil\",\"item\":\"https:\\\/\\\/lalmachine.com\\\/\"},{\"@type\":\"ListItem\",\"position\":2,\"name\":\"Shop\",\"item\":\"https:\\\/\\\/lalmachine.com\\\/shop\\\/\"},{\"@type\":\"ListItem\",\"position\":3,\"name\":\"Ancien moule \u00e0 lapin de p\u00e2ques Nr 4.1\"}]},{\"@type\":\"WebSite\",\"@id\":\"https:\\\/\\\/lalmachine.com\\\/#website\",\"url\":\"https:\\\/\\\/lalmachine.com\\\/\",\"name\":\"lalmachine.com\",\"description\":\"Brocante en ligne Suisse | Mobilier et objets d\u00e9co vintage et design\",\"potentialAction\":[{\"@type\":\"SearchAction\",\"target\":{\"@type\":\"EntryPoint\",\"urlTemplate\":\"https:\\\/\\\/lalmachine.com\\\/?s={search_term_string}\"},\"query-input\":{\"@type\":\"PropertyValueSpecification\",\"valueRequired\":true,\"valueName\":\"search_term_string\"}}],\"inLanguage\":\"de\"}]}<\/script>\n<!-- \/ Yoast SEO plugin. -->","yoast_head_json":{"title":"Ancien moule \u00e0 lapin de p\u00e2ques Nr 4.1 | lalmachine.com, mobilier et objets d\u00e9co vintage et design","description":"Ancien moule \u00e0 lapin de p\u00e2ques Nr 4.1","robots":{"index":"index","follow":"follow","max-snippet":"max-snippet:-1","max-image-preview":"max-image-preview:large","max-video-preview":"max-video-preview:-1"},"canonical":"https:\/\/lalmachine.com\/de\/shop\/decorer\/decoration\/ancien-moule-a-lapin-de-paques-nr-4-1\/","og_locale":"de_DE","og_type":"article","og_title":"Ancien moule \u00e0 lapin de p\u00e2ques Nr 4.1 | lalmachine.com, mobilier et objets d\u00e9co vintage et design","og_description":"Ancien moule \u00e0 lapin de p\u00e2ques Nr 4.1","og_url":"https:\/\/lalmachine.com\/de\/shop\/decorer\/decoration\/ancien-moule-a-lapin-de-paques-nr-4-1\/","og_site_name":"lalmachine.com","article_publisher":"https:\/\/facebook.com\/lalmachine","article_modified_time":"2026-04-17T08:21:35+00:00","og_image":[{"width":2334,"height":2334,"url":"https:\/\/lalmachine.com\/wp-content\/uploads\/2026\/04\/FAC71840-B88D-4849-B978-37394B6C2E61-scaled_clipped_rev_1.jpeg","type":"image\/jpeg"}],"twitter_card":"summary_large_image","schema":{"@context":"https:\/\/schema.org","@graph":[{"@type":"WebPage","@id":"https:\/\/lalmachine.com\/shop\/decorer\/decoration\/ancien-moule-a-lapin-de-paques-nr-4-1\/","url":"https:\/\/lalmachine.com\/shop\/decorer\/decoration\/ancien-moule-a-lapin-de-paques-nr-4-1\/","name":"Ancien moule \u00e0 lapin de p\u00e2ques Nr 4.1 | lalmachine.com, mobilier et objets d\u00e9co vintage et design","isPartOf":{"@id":"https:\/\/lalmachine.com\/#website"},"primaryImageOfPage":{"@id":"https:\/\/lalmachine.com\/shop\/decorer\/decoration\/ancien-moule-a-lapin-de-paques-nr-4-1\/#primaryimage"},"image":{"@id":"https:\/\/lalmachine.com\/shop\/decorer\/decoration\/ancien-moule-a-lapin-de-paques-nr-4-1\/#primaryimage"},"thumbnailUrl":"https:\/\/lalmachine.com\/wp-content\/uploads\/2026\/04\/FAC71840-B88D-4849-B978-37394B6C2E61-scaled_clipped_rev_1.jpeg","datePublished":"2026-04-17T08:21:34+00:00","dateModified":"2026-04-17T08:21:35+00:00","description":"Ancien moule \u00e0 lapin de p\u00e2ques Nr 4.1","breadcrumb":{"@id":"https:\/\/lalmachine.com\/shop\/decorer\/decoration\/ancien-moule-a-lapin-de-paques-nr-4-1\/#breadcrumb"},"inLanguage":"de","potentialAction":[{"@type":"ReadAction","target":["https:\/\/lalmachine.com\/shop\/decorer\/decoration\/ancien-moule-a-lapin-de-paques-nr-4-1\/"]}]},{"@type":"ImageObject","inLanguage":"de","@id":"https:\/\/lalmachine.com\/shop\/decorer\/decoration\/ancien-moule-a-lapin-de-paques-nr-4-1\/#primaryimage","url":"https:\/\/lalmachine.com\/wp-content\/uploads\/2026\/04\/FAC71840-B88D-4849-B978-37394B6C2E61-scaled_clipped_rev_1.jpeg","contentUrl":"https:\/\/lalmachine.com\/wp-content\/uploads\/2026\/04\/FAC71840-B88D-4849-B978-37394B6C2E61-scaled_clipped_rev_1.jpeg","width":2334,"height":2334,"caption":"Ancien moule \u00e0 lapin de p\u00e2ques Nr 4.1"},{"@type":"BreadcrumbList","@id":"https:\/\/lalmachine.com\/shop\/decorer\/decoration\/ancien-moule-a-lapin-de-paques-nr-4-1\/#breadcrumb","itemListElement":[{"@type":"ListItem","position":1,"name":"Accueil","item":"https:\/\/lalmachine.com\/"},{"@type":"ListItem","position":2,"name":"Shop","item":"https:\/\/lalmachine.com\/shop\/"},{"@type":"ListItem","position":3,"name":"Ancien moule \u00e0 lapin de p\u00e2ques Nr 4.1"}]},{"@type":"WebSite","@id":"https:\/\/lalmachine.com\/#website","url":"https:\/\/lalmachine.com\/","name":"lalmachine.com","description":"Brocante en ligne Suisse | Mobilier et objets d\u00e9co vintage et design","potentialAction":[{"@type":"SearchAction","target":{"@type":"EntryPoint","urlTemplate":"https:\/\/lalmachine.com\/?s={search_term_string}"},"query-input":{"@type":"PropertyValueSpecification","valueRequired":true,"valueName":"search_term_string"}}],"inLanguage":"de"}]}},"_links":{"self":[{"href":"https:\/\/lalmachine.com\/de\/wp-json\/wp\/v2\/product\/358956","targetHints":{"allow":["GET"]}}],"collection":[{"href":"https:\/\/lalmachine.com\/de\/wp-json\/wp\/v2\/product"}],"about":[{"href":"https:\/\/lalmachine.com\/de\/wp-json\/wp\/v2\/types\/product"}],"wp:featuredmedia":[{"embeddable":true,"href":"https:\/\/lalmachine.com\/de\/wp-json\/wp\/v2\/media\/359124"}],"wp:attachment":[{"href":"https:\/\/lalmachine.com\/de\/wp-json\/wp\/v2\/media?parent=358956"}],"wp:term":[{"taxonomy":"product_brand","embeddable":true,"href":"https:\/\/lalmachine.com\/de\/wp-json\/wp\/v2\/product_brand?post=358956"},{"taxonomy":"product_cat","embeddable":true,"href":"https:\/\/lalmachine.com\/de\/wp-json\/wp\/v2\/product_cat?post=358956"},{"taxonomy":"product_tag","embeddable":true,"href":"https:\/\/lalmachine.com\/de\/wp-json\/wp\/v2\/product_tag?post=358956"},{"taxonomy":"proximite","embeddable":true,"href":"https:\/\/lalmachine.com\/de\/wp-json\/wp\/v2\/proximite?post=358956"}],"curies":[{"name":"wp","href":"https:\/\/api.w.org\/{rel}","templated":true}]}}