{"id":359183,"date":"2026-04-19T20:16:37","date_gmt":"2026-04-19T18:16:37","guid":{"rendered":"https:\/\/lalmachine.com\/?post_type=product&#038;p=359183"},"modified":"2026-04-19T20:16:38","modified_gmt":"2026-04-19T18:16:38","slug":"vase-soliflore-attribue-a-per-lutken","status":"publish","type":"product","link":"https:\/\/lalmachine.com\/de\/shop\/decorer\/vase-ceramique\/vase-soliflore-attribue-a-per-lutken\/","title":{"rendered":"Vase soliflore attribu\u00e9 \u00e0 Per L\u00fctken"},"content":{"rendered":"<ul class=\"wpuf_customs\"><li style=\"list-style-type:none;\"><label>Autres photos:<\/label> <a href=\"https:\/\/lalmachine.com\/wp-content\/uploads\/2026\/04\/IMG_1014-1-scaled.jpeg\"><img loading=\"lazy\" decoding=\"async\" width=\"72\" height=\"96\" src=\"https:\/\/lalmachine.com\/wp-content\/uploads\/2026\/04\/IMG_1014-1-scaled.jpeg\" class=\"attachment-thumbnail size-thumbnail\" alt=\"\" \/><\/a> <a href=\"https:\/\/lalmachine.com\/wp-content\/uploads\/2026\/04\/IMG_0995-scaled.jpeg\"><img loading=\"lazy\" decoding=\"async\" width=\"72\" height=\"96\" src=\"https:\/\/lalmachine.com\/wp-content\/uploads\/2026\/04\/IMG_0995-scaled.jpeg\" class=\"attachment-thumbnail size-thumbnail\" alt=\"\" \/><\/a> <a href=\"https:\/\/lalmachine.com\/wp-content\/uploads\/2026\/04\/IMG_0998-scaled.jpeg\"><img loading=\"lazy\" decoding=\"async\" width=\"72\" height=\"96\" src=\"https:\/\/lalmachine.com\/wp-content\/uploads\/2026\/04\/IMG_0998-scaled.jpeg\" class=\"attachment-thumbnail size-thumbnail\" alt=\"\" \/><\/a> <a href=\"https:\/\/lalmachine.com\/wp-content\/uploads\/2026\/04\/IMG_0996-scaled.jpeg\"><img loading=\"lazy\" decoding=\"async\" width=\"72\" height=\"96\" src=\"https:\/\/lalmachine.com\/wp-content\/uploads\/2026\/04\/IMG_0996-scaled.jpeg\" class=\"attachment-thumbnail size-thumbnail\" alt=\"\" \/><\/a> <\/li>        <li class=\"wpuf-field-data wpuf-field-data-numeric_text_field\">\n                            <label>Prix:<\/label>\n                        60        <\/li>\n                <li class=\"wpuf-field-data wpuf-field-data-numeric_text_field\">\n                            <label>Quantit\u00e9:<\/label>\n                        1        <\/li>\n                <li class=\"wpuf-field-data wpuf-field-data-numeric_text_field\">\n                            <label>Hauteur (cm):<\/label>\n                        25        <\/li>\n                <li class=\"wpuf-field-data wpuf-field-data-numeric_text_field\">\n                            <label>Largeur (cm):<\/label>\n                        6        <\/li>\n                <li class=\"wpuf-field-data wpuf-field-data-numeric_text_field\">\n                            <label>Profondeur (cm):<\/label>\n                        6        <\/li>\n        <\/ul>","protected":false},"excerpt":{"rendered":"<p>Vase soliflore en verre souffl\u00e9, attribu\u00e9 \u00e0 Per L\u00fctken pour Holmegaard, verrerie danoise majeure du XXe si\u00e8cle.<br \/>\nForme \u00e9lanc\u00e9e parfaitement ma\u00eetris\u00e9e, avec base \u00e9paisse int\u00e9grant une inclusion rouge, typique du travail de L\u00fctken dans les ann\u00e9es 1960. Une pi\u00e8ce sobre et pr\u00e9cise, repr\u00e9sentative du design verrier scandinave de cette p\u00e9riode.<br \/>\nVerre clair avec inclusion rouge dans la base.<br \/>\nTr\u00e8s bon \u00e9tat, sans fissure ni \u00e9clat. L\u00e9g\u00e8res traces d\u2019usage.<br \/>\nDimensions<br \/>\nHauteur : 25 cm<br \/>\nDiam\u00e8tre base : env. 6 cm<br \/>\nDiam\u00e8tre col : env. 2 cm<br \/>\nGrand mod\u00e8le de la s\u00e9rie.<\/p>","protected":false},"featured_media":359223,"template":"","meta":{"_et_pb_use_builder":"","_et_pb_old_content":"","_et_gb_content_width":""},"product_brand":[],"product_cat":[50,400],"product_tag":[],"proximite":[278,179],"class_list":{"0":"post-359183","1":"product","2":"type-product","3":"status-publish","4":"has-post-thumbnail","6":"product_cat-decorer","7":"product_cat-vase-ceramique","8":"product_shipping_class-10-30-kg","9":"pa_couleur-transparent","10":"pa_designer-autres-designers","11":"pa_etat-bon-etat","12":"pa_materiau-verre","13":"pa_style-scandinave","14":"proximite-lausanne","15":"proximite-vaud","17":"first","18":"instock","19":"shipping-taxable","20":"purchasable","21":"product-type-simple"},"yoast_head":"<!-- This site is optimized with the Yoast SEO plugin v27.4 - https:\/\/yoast.com\/product\/yoast-seo-wordpress\/ -->\n<title>Vase soliflore attribu\u00e9 \u00e0 Per L\u00fctken | lalmachine.com, mobilier et objets d\u00e9co vintage et design<\/title>\n<meta name=\"description\" content=\"Vase soliflore attribu\u00e9 \u00e0 Per L\u00fctken\" \/>\n<meta name=\"robots\" content=\"index, follow, max-snippet:-1, max-image-preview:large, max-video-preview:-1\" \/>\n<link rel=\"canonical\" href=\"https:\/\/lalmachine.com\/de\/shop\/decorer\/vase-ceramique\/vase-soliflore-attribue-a-per-lutken\/\" \/>\n<meta property=\"og:locale\" content=\"de_DE\" \/>\n<meta property=\"og:type\" content=\"article\" \/>\n<meta property=\"og:title\" content=\"Vase soliflore attribu\u00e9 \u00e0 Per L\u00fctken | lalmachine.com, mobilier et objets d\u00e9co vintage et design\" \/>\n<meta property=\"og:description\" content=\"Vase soliflore attribu\u00e9 \u00e0 Per L\u00fctken\" \/>\n<meta property=\"og:url\" content=\"https:\/\/lalmachine.com\/de\/shop\/decorer\/vase-ceramique\/vase-soliflore-attribue-a-per-lutken\/\" \/>\n<meta property=\"og:site_name\" content=\"lalmachine.com\" \/>\n<meta property=\"article:publisher\" content=\"https:\/\/facebook.com\/lalmachine\" \/>\n<meta property=\"article:modified_time\" content=\"2026-04-19T18:16:38+00:00\" \/>\n<meta property=\"og:image\" content=\"https:\/\/lalmachine.com\/wp-content\/uploads\/2026\/04\/IMG_1014-scaled_clipped_rev_1-scaled.jpeg\" \/>\n\t<meta property=\"og:image:width\" content=\"2560\" \/>\n\t<meta property=\"og:image:height\" content=\"2560\" \/>\n\t<meta property=\"og:image:type\" content=\"image\/jpeg\" \/>\n<meta name=\"twitter:card\" content=\"summary_large_image\" \/>\n<script type=\"application\/ld+json\" class=\"yoast-schema-graph\">{\"@context\":\"https:\\\/\\\/schema.org\",\"@graph\":[{\"@type\":\"WebPage\",\"@id\":\"https:\\\/\\\/lalmachine.com\\\/shop\\\/decorer\\\/vase-ceramique\\\/vase-soliflore-attribue-a-per-lutken\\\/\",\"url\":\"https:\\\/\\\/lalmachine.com\\\/shop\\\/decorer\\\/vase-ceramique\\\/vase-soliflore-attribue-a-per-lutken\\\/\",\"name\":\"Vase soliflore attribu\u00e9 \u00e0 Per L\u00fctken | lalmachine.com, mobilier et objets d\u00e9co vintage et design\",\"isPartOf\":{\"@id\":\"https:\\\/\\\/lalmachine.com\\\/#website\"},\"primaryImageOfPage\":{\"@id\":\"https:\\\/\\\/lalmachine.com\\\/shop\\\/decorer\\\/vase-ceramique\\\/vase-soliflore-attribue-a-per-lutken\\\/#primaryimage\"},\"image\":{\"@id\":\"https:\\\/\\\/lalmachine.com\\\/shop\\\/decorer\\\/vase-ceramique\\\/vase-soliflore-attribue-a-per-lutken\\\/#primaryimage\"},\"thumbnailUrl\":\"https:\\\/\\\/lalmachine.com\\\/wp-content\\\/uploads\\\/2026\\\/04\\\/IMG_1014-scaled_clipped_rev_1-scaled.jpeg\",\"datePublished\":\"2026-04-19T18:16:37+00:00\",\"dateModified\":\"2026-04-19T18:16:38+00:00\",\"description\":\"Vase soliflore attribu\u00e9 \u00e0 Per L\u00fctken\",\"breadcrumb\":{\"@id\":\"https:\\\/\\\/lalmachine.com\\\/shop\\\/decorer\\\/vase-ceramique\\\/vase-soliflore-attribue-a-per-lutken\\\/#breadcrumb\"},\"inLanguage\":\"de\",\"potentialAction\":[{\"@type\":\"ReadAction\",\"target\":[\"https:\\\/\\\/lalmachine.com\\\/shop\\\/decorer\\\/vase-ceramique\\\/vase-soliflore-attribue-a-per-lutken\\\/\"]}]},{\"@type\":\"ImageObject\",\"inLanguage\":\"de\",\"@id\":\"https:\\\/\\\/lalmachine.com\\\/shop\\\/decorer\\\/vase-ceramique\\\/vase-soliflore-attribue-a-per-lutken\\\/#primaryimage\",\"url\":\"https:\\\/\\\/lalmachine.com\\\/wp-content\\\/uploads\\\/2026\\\/04\\\/IMG_1014-scaled_clipped_rev_1-scaled.jpeg\",\"contentUrl\":\"https:\\\/\\\/lalmachine.com\\\/wp-content\\\/uploads\\\/2026\\\/04\\\/IMG_1014-scaled_clipped_rev_1-scaled.jpeg\",\"width\":2560,\"height\":2560,\"caption\":\"Vase soliflore attribu\u00e9 \u00e0 Per L\u00fctken\"},{\"@type\":\"BreadcrumbList\",\"@id\":\"https:\\\/\\\/lalmachine.com\\\/shop\\\/decorer\\\/vase-ceramique\\\/vase-soliflore-attribue-a-per-lutken\\\/#breadcrumb\",\"itemListElement\":[{\"@type\":\"ListItem\",\"position\":1,\"name\":\"Accueil\",\"item\":\"https:\\\/\\\/lalmachine.com\\\/\"},{\"@type\":\"ListItem\",\"position\":2,\"name\":\"Shop\",\"item\":\"https:\\\/\\\/lalmachine.com\\\/shop\\\/\"},{\"@type\":\"ListItem\",\"position\":3,\"name\":\"Vase soliflore attribu\u00e9 \u00e0 Per L\u00fctken\"}]},{\"@type\":\"WebSite\",\"@id\":\"https:\\\/\\\/lalmachine.com\\\/#website\",\"url\":\"https:\\\/\\\/lalmachine.com\\\/\",\"name\":\"lalmachine.com\",\"description\":\"Brocante en ligne Suisse | Mobilier et objets d\u00e9co vintage et design\",\"potentialAction\":[{\"@type\":\"SearchAction\",\"target\":{\"@type\":\"EntryPoint\",\"urlTemplate\":\"https:\\\/\\\/lalmachine.com\\\/?s={search_term_string}\"},\"query-input\":{\"@type\":\"PropertyValueSpecification\",\"valueRequired\":true,\"valueName\":\"search_term_string\"}}],\"inLanguage\":\"de\"}]}<\/script>\n<!-- \/ Yoast SEO plugin. -->","yoast_head_json":{"title":"Vase soliflore attribu\u00e9 \u00e0 Per L\u00fctken | lalmachine.com, mobilier et objets d\u00e9co vintage et design","description":"Vase soliflore attribu\u00e9 \u00e0 Per L\u00fctken","robots":{"index":"index","follow":"follow","max-snippet":"max-snippet:-1","max-image-preview":"max-image-preview:large","max-video-preview":"max-video-preview:-1"},"canonical":"https:\/\/lalmachine.com\/de\/shop\/decorer\/vase-ceramique\/vase-soliflore-attribue-a-per-lutken\/","og_locale":"de_DE","og_type":"article","og_title":"Vase soliflore attribu\u00e9 \u00e0 Per L\u00fctken | lalmachine.com, mobilier et objets d\u00e9co vintage et design","og_description":"Vase soliflore attribu\u00e9 \u00e0 Per L\u00fctken","og_url":"https:\/\/lalmachine.com\/de\/shop\/decorer\/vase-ceramique\/vase-soliflore-attribue-a-per-lutken\/","og_site_name":"lalmachine.com","article_publisher":"https:\/\/facebook.com\/lalmachine","article_modified_time":"2026-04-19T18:16:38+00:00","og_image":[{"width":2560,"height":2560,"url":"https:\/\/lalmachine.com\/wp-content\/uploads\/2026\/04\/IMG_1014-scaled_clipped_rev_1-scaled.jpeg","type":"image\/jpeg"}],"twitter_card":"summary_large_image","schema":{"@context":"https:\/\/schema.org","@graph":[{"@type":"WebPage","@id":"https:\/\/lalmachine.com\/shop\/decorer\/vase-ceramique\/vase-soliflore-attribue-a-per-lutken\/","url":"https:\/\/lalmachine.com\/shop\/decorer\/vase-ceramique\/vase-soliflore-attribue-a-per-lutken\/","name":"Vase soliflore attribu\u00e9 \u00e0 Per L\u00fctken | lalmachine.com, mobilier et objets d\u00e9co vintage et design","isPartOf":{"@id":"https:\/\/lalmachine.com\/#website"},"primaryImageOfPage":{"@id":"https:\/\/lalmachine.com\/shop\/decorer\/vase-ceramique\/vase-soliflore-attribue-a-per-lutken\/#primaryimage"},"image":{"@id":"https:\/\/lalmachine.com\/shop\/decorer\/vase-ceramique\/vase-soliflore-attribue-a-per-lutken\/#primaryimage"},"thumbnailUrl":"https:\/\/lalmachine.com\/wp-content\/uploads\/2026\/04\/IMG_1014-scaled_clipped_rev_1-scaled.jpeg","datePublished":"2026-04-19T18:16:37+00:00","dateModified":"2026-04-19T18:16:38+00:00","description":"Vase soliflore attribu\u00e9 \u00e0 Per L\u00fctken","breadcrumb":{"@id":"https:\/\/lalmachine.com\/shop\/decorer\/vase-ceramique\/vase-soliflore-attribue-a-per-lutken\/#breadcrumb"},"inLanguage":"de","potentialAction":[{"@type":"ReadAction","target":["https:\/\/lalmachine.com\/shop\/decorer\/vase-ceramique\/vase-soliflore-attribue-a-per-lutken\/"]}]},{"@type":"ImageObject","inLanguage":"de","@id":"https:\/\/lalmachine.com\/shop\/decorer\/vase-ceramique\/vase-soliflore-attribue-a-per-lutken\/#primaryimage","url":"https:\/\/lalmachine.com\/wp-content\/uploads\/2026\/04\/IMG_1014-scaled_clipped_rev_1-scaled.jpeg","contentUrl":"https:\/\/lalmachine.com\/wp-content\/uploads\/2026\/04\/IMG_1014-scaled_clipped_rev_1-scaled.jpeg","width":2560,"height":2560,"caption":"Vase soliflore attribu\u00e9 \u00e0 Per L\u00fctken"},{"@type":"BreadcrumbList","@id":"https:\/\/lalmachine.com\/shop\/decorer\/vase-ceramique\/vase-soliflore-attribue-a-per-lutken\/#breadcrumb","itemListElement":[{"@type":"ListItem","position":1,"name":"Accueil","item":"https:\/\/lalmachine.com\/"},{"@type":"ListItem","position":2,"name":"Shop","item":"https:\/\/lalmachine.com\/shop\/"},{"@type":"ListItem","position":3,"name":"Vase soliflore attribu\u00e9 \u00e0 Per L\u00fctken"}]},{"@type":"WebSite","@id":"https:\/\/lalmachine.com\/#website","url":"https:\/\/lalmachine.com\/","name":"lalmachine.com","description":"Brocante en ligne Suisse | Mobilier et objets d\u00e9co vintage et design","potentialAction":[{"@type":"SearchAction","target":{"@type":"EntryPoint","urlTemplate":"https:\/\/lalmachine.com\/?s={search_term_string}"},"query-input":{"@type":"PropertyValueSpecification","valueRequired":true,"valueName":"search_term_string"}}],"inLanguage":"de"}]}},"_links":{"self":[{"href":"https:\/\/lalmachine.com\/de\/wp-json\/wp\/v2\/product\/359183","targetHints":{"allow":["GET"]}}],"collection":[{"href":"https:\/\/lalmachine.com\/de\/wp-json\/wp\/v2\/product"}],"about":[{"href":"https:\/\/lalmachine.com\/de\/wp-json\/wp\/v2\/types\/product"}],"wp:featuredmedia":[{"embeddable":true,"href":"https:\/\/lalmachine.com\/de\/wp-json\/wp\/v2\/media\/359223"}],"wp:attachment":[{"href":"https:\/\/lalmachine.com\/de\/wp-json\/wp\/v2\/media?parent=359183"}],"wp:term":[{"taxonomy":"product_brand","embeddable":true,"href":"https:\/\/lalmachine.com\/de\/wp-json\/wp\/v2\/product_brand?post=359183"},{"taxonomy":"product_cat","embeddable":true,"href":"https:\/\/lalmachine.com\/de\/wp-json\/wp\/v2\/product_cat?post=359183"},{"taxonomy":"product_tag","embeddable":true,"href":"https:\/\/lalmachine.com\/de\/wp-json\/wp\/v2\/product_tag?post=359183"},{"taxonomy":"proximite","embeddable":true,"href":"https:\/\/lalmachine.com\/de\/wp-json\/wp\/v2\/proximite?post=359183"}],"curies":[{"name":"wp","href":"https:\/\/api.w.org\/{rel}","templated":true}]}}