{"id":359403,"date":"2026-04-25T10:41:00","date_gmt":"2026-04-25T08:41:00","guid":{"rendered":"https:\/\/lalmachine.com\/?post_type=product&#038;p=359403"},"modified":"2026-04-25T10:42:47","modified_gmt":"2026-04-25T08:42:47","slug":"boite-mewa-en-metal-laque-noir-suisse-1950-1960","status":"publish","type":"product","link":"https:\/\/lalmachine.com\/de\/shop\/decorer\/petit-rangement\/boite-mewa-en-metal-laque-noir-suisse-1950-1960\/","title":{"rendered":"Bo\u00eete MEWA en m\u00e9tal laqu\u00e9 noir"},"content":{"rendered":"<ul class=\"wpuf_customs\"><li style=\"list-style-type:none;\"><label>Autres photos:<\/label> <a href=\"https:\/\/lalmachine.com\/wp-content\/uploads\/2026\/04\/IMG_1370-1-scaled.jpeg\"><img loading=\"lazy\" decoding=\"async\" width=\"72\" height=\"96\" src=\"https:\/\/lalmachine.com\/wp-content\/uploads\/2026\/04\/IMG_1370-1-scaled.jpeg\" class=\"attachment-thumbnail size-thumbnail\" alt=\"\" \/><\/a> <a href=\"https:\/\/lalmachine.com\/wp-content\/uploads\/2026\/04\/IMG_1363-scaled.jpeg\"><img loading=\"lazy\" decoding=\"async\" width=\"72\" height=\"96\" src=\"https:\/\/lalmachine.com\/wp-content\/uploads\/2026\/04\/IMG_1363-scaled.jpeg\" class=\"attachment-thumbnail size-thumbnail\" alt=\"\" \/><\/a> <a href=\"https:\/\/lalmachine.com\/wp-content\/uploads\/2026\/04\/IMG_1364-scaled.jpeg\"><img loading=\"lazy\" decoding=\"async\" width=\"72\" height=\"96\" src=\"https:\/\/lalmachine.com\/wp-content\/uploads\/2026\/04\/IMG_1364-scaled.jpeg\" class=\"attachment-thumbnail size-thumbnail\" alt=\"\" \/><\/a> <a href=\"https:\/\/lalmachine.com\/wp-content\/uploads\/2026\/04\/IMG_1365-scaled.jpeg\"><img loading=\"lazy\" decoding=\"async\" width=\"72\" height=\"96\" src=\"https:\/\/lalmachine.com\/wp-content\/uploads\/2026\/04\/IMG_1365-scaled.jpeg\" class=\"attachment-thumbnail size-thumbnail\" alt=\"\" \/><\/a> <a href=\"https:\/\/lalmachine.com\/wp-content\/uploads\/2026\/04\/IMG_1366-scaled.jpeg\"><img loading=\"lazy\" decoding=\"async\" width=\"72\" height=\"96\" src=\"https:\/\/lalmachine.com\/wp-content\/uploads\/2026\/04\/IMG_1366-scaled.jpeg\" class=\"attachment-thumbnail size-thumbnail\" alt=\"\" \/><\/a> <a href=\"https:\/\/lalmachine.com\/wp-content\/uploads\/2026\/04\/IMG_1368-scaled.jpeg\"><img loading=\"lazy\" decoding=\"async\" width=\"72\" height=\"96\" src=\"https:\/\/lalmachine.com\/wp-content\/uploads\/2026\/04\/IMG_1368-scaled.jpeg\" class=\"attachment-thumbnail size-thumbnail\" alt=\"\" \/><\/a> <\/li>        <li class=\"wpuf-field-data wpuf-field-data-numeric_text_field\">\n                            <label>Prix:<\/label>\n                        45        <\/li>\n                <li class=\"wpuf-field-data wpuf-field-data-numeric_text_field\">\n                            <label>Quantit\u00e9:<\/label>\n                        1        <\/li>\n                <li class=\"wpuf-field-data wpuf-field-data-numeric_text_field\">\n                            <label>Hauteur (cm):<\/label>\n                        20        <\/li>\n                <li class=\"wpuf-field-data wpuf-field-data-numeric_text_field\">\n                            <label>Largeur (cm):<\/label>\n                        36        <\/li>\n                <li class=\"wpuf-field-data wpuf-field-data-numeric_text_field\">\n                            <label>Profondeur (cm):<\/label>\n                        20        <\/li>\n        <\/ul>","protected":false},"excerpt":{"rendered":"<p>Bo\u00eete utilitaire \/ bo\u00eete \u00e0 cirage MEWA en t\u00f4le laqu\u00e9e, de fabrication suisse, avec une silhouette sobre et tr\u00e8s graphique.<br \/>\nLe dessus \u00e9tait initialement rouge et a \u00e9t\u00e9 repeint en noir. On aper\u00e7oit encore tr\u00e8s l\u00e9g\u00e8rement la peinture rouge \u00e0 certains endroits, notamment sur quelques ar\u00eates, mais cela reste discret et la reprise a \u00e9t\u00e9 plut\u00f4t bien faite. Ce repeint lui donne aujourd\u2019hui une allure plus \u00e9pur\u00e9e et plus design.<br \/>\nBel \u00e9tat d\u2019usage g\u00e9n\u00e9ral, avec quelques traces du temps visibles sur la surface. Objet fonctionnel et d\u00e9coratif, \u00e0 utiliser comme bo\u00eete de rangement, bo\u00eete \u00e0 outils l\u00e9g\u00e8re ou simplement comme bel objet industriel.<\/p>","protected":false},"featured_media":359434,"template":"","meta":{"_et_pb_use_builder":"","_et_pb_old_content":"","_et_gb_content_width":""},"product_brand":[],"product_cat":[50,92],"product_tag":[],"proximite":[278,179],"class_list":{"0":"post-359403","1":"product","2":"type-product","3":"status-publish","4":"has-post-thumbnail","6":"product_cat-decorer","7":"product_cat-petit-rangement","8":"product_shipping_class-fragile-11-5","9":"pa_couleur-noir","10":"pa_designer-autres-designers","11":"pa_etat-bon-etat","12":"pa_materiau-metal","13":"pa_style-industriel","14":"proximite-lausanne","15":"proximite-vaud","17":"first","18":"instock","19":"shipping-taxable","20":"purchasable","21":"product-type-simple"},"yoast_head":"<!-- This site is optimized with the Yoast SEO plugin v27.4 - https:\/\/yoast.com\/product\/yoast-seo-wordpress\/ -->\n<title>Bo\u00eete MEWA en m\u00e9tal laqu\u00e9 noir | lalmachine.com, mobilier et objets d\u00e9co vintage et design<\/title>\n<meta name=\"description\" content=\"Bo\u00eete MEWA en m\u00e9tal laqu\u00e9 noir, Suisse, 1950-1960\" \/>\n<meta name=\"robots\" content=\"index, follow, max-snippet:-1, max-image-preview:large, max-video-preview:-1\" \/>\n<link rel=\"canonical\" href=\"https:\/\/lalmachine.com\/de\/shop\/decorer\/petit-rangement\/boite-mewa-en-metal-laque-noir-suisse-1950-1960\/\" \/>\n<meta property=\"og:locale\" content=\"de_DE\" \/>\n<meta property=\"og:type\" content=\"article\" \/>\n<meta property=\"og:title\" content=\"Bo\u00eete MEWA en m\u00e9tal laqu\u00e9 noir | lalmachine.com, mobilier et objets d\u00e9co vintage et design\" \/>\n<meta property=\"og:description\" content=\"Bo\u00eete MEWA en m\u00e9tal laqu\u00e9 noir, Suisse, 1950-1960\" \/>\n<meta property=\"og:url\" content=\"https:\/\/lalmachine.com\/de\/shop\/decorer\/petit-rangement\/boite-mewa-en-metal-laque-noir-suisse-1950-1960\/\" \/>\n<meta property=\"og:site_name\" content=\"lalmachine.com\" \/>\n<meta property=\"article:publisher\" content=\"https:\/\/facebook.com\/lalmachine\" \/>\n<meta property=\"article:modified_time\" content=\"2026-04-25T08:42:47+00:00\" \/>\n<meta property=\"og:image\" content=\"https:\/\/lalmachine.com\/wp-content\/uploads\/2026\/04\/IMG_1370-scaled_clipped_rev_1.jpeg\" \/>\n\t<meta property=\"og:image:width\" content=\"2097\" \/>\n\t<meta property=\"og:image:height\" content=\"2096\" \/>\n\t<meta property=\"og:image:type\" content=\"image\/jpeg\" \/>\n<meta name=\"twitter:card\" content=\"summary_large_image\" \/>\n<script type=\"application\/ld+json\" class=\"yoast-schema-graph\">{\"@context\":\"https:\\\/\\\/schema.org\",\"@graph\":[{\"@type\":\"WebPage\",\"@id\":\"https:\\\/\\\/lalmachine.com\\\/shop\\\/decorer\\\/petit-rangement\\\/boite-mewa-en-metal-laque-noir-suisse-1950-1960\\\/\",\"url\":\"https:\\\/\\\/lalmachine.com\\\/shop\\\/decorer\\\/petit-rangement\\\/boite-mewa-en-metal-laque-noir-suisse-1950-1960\\\/\",\"name\":\"Bo\u00eete MEWA en m\u00e9tal laqu\u00e9 noir | lalmachine.com, mobilier et objets d\u00e9co vintage et design\",\"isPartOf\":{\"@id\":\"https:\\\/\\\/lalmachine.com\\\/#website\"},\"primaryImageOfPage\":{\"@id\":\"https:\\\/\\\/lalmachine.com\\\/shop\\\/decorer\\\/petit-rangement\\\/boite-mewa-en-metal-laque-noir-suisse-1950-1960\\\/#primaryimage\"},\"image\":{\"@id\":\"https:\\\/\\\/lalmachine.com\\\/shop\\\/decorer\\\/petit-rangement\\\/boite-mewa-en-metal-laque-noir-suisse-1950-1960\\\/#primaryimage\"},\"thumbnailUrl\":\"https:\\\/\\\/lalmachine.com\\\/wp-content\\\/uploads\\\/2026\\\/04\\\/IMG_1370-scaled_clipped_rev_1.jpeg\",\"datePublished\":\"2026-04-25T08:41:00+00:00\",\"dateModified\":\"2026-04-25T08:42:47+00:00\",\"description\":\"Bo\u00eete MEWA en m\u00e9tal laqu\u00e9 noir, Suisse, 1950-1960\",\"breadcrumb\":{\"@id\":\"https:\\\/\\\/lalmachine.com\\\/shop\\\/decorer\\\/petit-rangement\\\/boite-mewa-en-metal-laque-noir-suisse-1950-1960\\\/#breadcrumb\"},\"inLanguage\":\"de\",\"potentialAction\":[{\"@type\":\"ReadAction\",\"target\":[\"https:\\\/\\\/lalmachine.com\\\/shop\\\/decorer\\\/petit-rangement\\\/boite-mewa-en-metal-laque-noir-suisse-1950-1960\\\/\"]}]},{\"@type\":\"ImageObject\",\"inLanguage\":\"de\",\"@id\":\"https:\\\/\\\/lalmachine.com\\\/shop\\\/decorer\\\/petit-rangement\\\/boite-mewa-en-metal-laque-noir-suisse-1950-1960\\\/#primaryimage\",\"url\":\"https:\\\/\\\/lalmachine.com\\\/wp-content\\\/uploads\\\/2026\\\/04\\\/IMG_1370-scaled_clipped_rev_1.jpeg\",\"contentUrl\":\"https:\\\/\\\/lalmachine.com\\\/wp-content\\\/uploads\\\/2026\\\/04\\\/IMG_1370-scaled_clipped_rev_1.jpeg\",\"width\":2097,\"height\":2096,\"caption\":\"Bo\u00eete MEWA en m\u00e9tal laqu\u00e9 noir, Suisse, 1950-1960\"},{\"@type\":\"BreadcrumbList\",\"@id\":\"https:\\\/\\\/lalmachine.com\\\/shop\\\/decorer\\\/petit-rangement\\\/boite-mewa-en-metal-laque-noir-suisse-1950-1960\\\/#breadcrumb\",\"itemListElement\":[{\"@type\":\"ListItem\",\"position\":1,\"name\":\"Accueil\",\"item\":\"https:\\\/\\\/lalmachine.com\\\/\"},{\"@type\":\"ListItem\",\"position\":2,\"name\":\"Shop\",\"item\":\"https:\\\/\\\/lalmachine.com\\\/shop\\\/\"},{\"@type\":\"ListItem\",\"position\":3,\"name\":\"Bo\u00eete MEWA en m\u00e9tal laqu\u00e9 noir\"}]},{\"@type\":\"WebSite\",\"@id\":\"https:\\\/\\\/lalmachine.com\\\/#website\",\"url\":\"https:\\\/\\\/lalmachine.com\\\/\",\"name\":\"lalmachine.com\",\"description\":\"Brocante en ligne Suisse | Mobilier et objets d\u00e9co vintage et design\",\"potentialAction\":[{\"@type\":\"SearchAction\",\"target\":{\"@type\":\"EntryPoint\",\"urlTemplate\":\"https:\\\/\\\/lalmachine.com\\\/?s={search_term_string}\"},\"query-input\":{\"@type\":\"PropertyValueSpecification\",\"valueRequired\":true,\"valueName\":\"search_term_string\"}}],\"inLanguage\":\"de\"}]}<\/script>\n<!-- \/ Yoast SEO plugin. -->","yoast_head_json":{"title":"Bo\u00eete MEWA en m\u00e9tal laqu\u00e9 noir | lalmachine.com, mobilier et objets d\u00e9co vintage et design","description":"Bo\u00eete MEWA en m\u00e9tal laqu\u00e9 noir, Suisse, 1950-1960","robots":{"index":"index","follow":"follow","max-snippet":"max-snippet:-1","max-image-preview":"max-image-preview:large","max-video-preview":"max-video-preview:-1"},"canonical":"https:\/\/lalmachine.com\/de\/shop\/decorer\/petit-rangement\/boite-mewa-en-metal-laque-noir-suisse-1950-1960\/","og_locale":"de_DE","og_type":"article","og_title":"Bo\u00eete MEWA en m\u00e9tal laqu\u00e9 noir | lalmachine.com, mobilier et objets d\u00e9co vintage et design","og_description":"Bo\u00eete MEWA en m\u00e9tal laqu\u00e9 noir, Suisse, 1950-1960","og_url":"https:\/\/lalmachine.com\/de\/shop\/decorer\/petit-rangement\/boite-mewa-en-metal-laque-noir-suisse-1950-1960\/","og_site_name":"lalmachine.com","article_publisher":"https:\/\/facebook.com\/lalmachine","article_modified_time":"2026-04-25T08:42:47+00:00","og_image":[{"width":2097,"height":2096,"url":"https:\/\/lalmachine.com\/wp-content\/uploads\/2026\/04\/IMG_1370-scaled_clipped_rev_1.jpeg","type":"image\/jpeg"}],"twitter_card":"summary_large_image","schema":{"@context":"https:\/\/schema.org","@graph":[{"@type":"WebPage","@id":"https:\/\/lalmachine.com\/shop\/decorer\/petit-rangement\/boite-mewa-en-metal-laque-noir-suisse-1950-1960\/","url":"https:\/\/lalmachine.com\/shop\/decorer\/petit-rangement\/boite-mewa-en-metal-laque-noir-suisse-1950-1960\/","name":"Bo\u00eete MEWA en m\u00e9tal laqu\u00e9 noir | lalmachine.com, mobilier et objets d\u00e9co vintage et design","isPartOf":{"@id":"https:\/\/lalmachine.com\/#website"},"primaryImageOfPage":{"@id":"https:\/\/lalmachine.com\/shop\/decorer\/petit-rangement\/boite-mewa-en-metal-laque-noir-suisse-1950-1960\/#primaryimage"},"image":{"@id":"https:\/\/lalmachine.com\/shop\/decorer\/petit-rangement\/boite-mewa-en-metal-laque-noir-suisse-1950-1960\/#primaryimage"},"thumbnailUrl":"https:\/\/lalmachine.com\/wp-content\/uploads\/2026\/04\/IMG_1370-scaled_clipped_rev_1.jpeg","datePublished":"2026-04-25T08:41:00+00:00","dateModified":"2026-04-25T08:42:47+00:00","description":"Bo\u00eete MEWA en m\u00e9tal laqu\u00e9 noir, Suisse, 1950-1960","breadcrumb":{"@id":"https:\/\/lalmachine.com\/shop\/decorer\/petit-rangement\/boite-mewa-en-metal-laque-noir-suisse-1950-1960\/#breadcrumb"},"inLanguage":"de","potentialAction":[{"@type":"ReadAction","target":["https:\/\/lalmachine.com\/shop\/decorer\/petit-rangement\/boite-mewa-en-metal-laque-noir-suisse-1950-1960\/"]}]},{"@type":"ImageObject","inLanguage":"de","@id":"https:\/\/lalmachine.com\/shop\/decorer\/petit-rangement\/boite-mewa-en-metal-laque-noir-suisse-1950-1960\/#primaryimage","url":"https:\/\/lalmachine.com\/wp-content\/uploads\/2026\/04\/IMG_1370-scaled_clipped_rev_1.jpeg","contentUrl":"https:\/\/lalmachine.com\/wp-content\/uploads\/2026\/04\/IMG_1370-scaled_clipped_rev_1.jpeg","width":2097,"height":2096,"caption":"Bo\u00eete MEWA en m\u00e9tal laqu\u00e9 noir, Suisse, 1950-1960"},{"@type":"BreadcrumbList","@id":"https:\/\/lalmachine.com\/shop\/decorer\/petit-rangement\/boite-mewa-en-metal-laque-noir-suisse-1950-1960\/#breadcrumb","itemListElement":[{"@type":"ListItem","position":1,"name":"Accueil","item":"https:\/\/lalmachine.com\/"},{"@type":"ListItem","position":2,"name":"Shop","item":"https:\/\/lalmachine.com\/shop\/"},{"@type":"ListItem","position":3,"name":"Bo\u00eete MEWA en m\u00e9tal laqu\u00e9 noir"}]},{"@type":"WebSite","@id":"https:\/\/lalmachine.com\/#website","url":"https:\/\/lalmachine.com\/","name":"lalmachine.com","description":"Brocante en ligne Suisse | Mobilier et objets d\u00e9co vintage et design","potentialAction":[{"@type":"SearchAction","target":{"@type":"EntryPoint","urlTemplate":"https:\/\/lalmachine.com\/?s={search_term_string}"},"query-input":{"@type":"PropertyValueSpecification","valueRequired":true,"valueName":"search_term_string"}}],"inLanguage":"de"}]}},"_links":{"self":[{"href":"https:\/\/lalmachine.com\/de\/wp-json\/wp\/v2\/product\/359403","targetHints":{"allow":["GET"]}}],"collection":[{"href":"https:\/\/lalmachine.com\/de\/wp-json\/wp\/v2\/product"}],"about":[{"href":"https:\/\/lalmachine.com\/de\/wp-json\/wp\/v2\/types\/product"}],"wp:featuredmedia":[{"embeddable":true,"href":"https:\/\/lalmachine.com\/de\/wp-json\/wp\/v2\/media\/359434"}],"wp:attachment":[{"href":"https:\/\/lalmachine.com\/de\/wp-json\/wp\/v2\/media?parent=359403"}],"wp:term":[{"taxonomy":"product_brand","embeddable":true,"href":"https:\/\/lalmachine.com\/de\/wp-json\/wp\/v2\/product_brand?post=359403"},{"taxonomy":"product_cat","embeddable":true,"href":"https:\/\/lalmachine.com\/de\/wp-json\/wp\/v2\/product_cat?post=359403"},{"taxonomy":"product_tag","embeddable":true,"href":"https:\/\/lalmachine.com\/de\/wp-json\/wp\/v2\/product_tag?post=359403"},{"taxonomy":"proximite","embeddable":true,"href":"https:\/\/lalmachine.com\/de\/wp-json\/wp\/v2\/proximite?post=359403"}],"curies":[{"name":"wp","href":"https:\/\/api.w.org\/{rel}","templated":true}]}}