{"id":359463,"date":"2026-04-27T09:22:44","date_gmt":"2026-04-27T07:22:44","guid":{"rendered":"https:\/\/lalmachine.com\/?post_type=product&#038;p=359463"},"modified":"2026-04-27T09:22:45","modified_gmt":"2026-04-27T07:22:45","slug":"fauteuil-horgenglarus-max-ernst-haefeli-restaure","status":"publish","type":"product","link":"https:\/\/lalmachine.com\/de\/shop\/sasseoir\/canape-fauteuil-pouf\/fauteuil-horgenglarus-max-ernst-haefeli-restaure\/","title":{"rendered":"Fauteuil HorgenGlarus &#8211; Max Ernst Haefeli &#8211; restaur\u00e9"},"content":{"rendered":"<ul class=\"wpuf_customs\"><li style=\"list-style-type:none;\"><label>Autres photos:<\/label> <a href=\"https:\/\/lalmachine.com\/wp-content\/uploads\/2026\/04\/Horgen-2-scaled.jpg\"><img loading=\"lazy\" decoding=\"async\" width=\"72\" height=\"96\" src=\"https:\/\/lalmachine.com\/wp-content\/uploads\/2026\/04\/Horgen-2-scaled.jpg\" class=\"attachment-thumbnail size-thumbnail\" alt=\"\" \/><\/a> <a href=\"https:\/\/lalmachine.com\/wp-content\/uploads\/2026\/04\/Horgen-3-scaled.jpg\"><img loading=\"lazy\" decoding=\"async\" width=\"72\" height=\"96\" src=\"https:\/\/lalmachine.com\/wp-content\/uploads\/2026\/04\/Horgen-3-scaled.jpg\" class=\"attachment-thumbnail size-thumbnail\" alt=\"\" \/><\/a> <a href=\"https:\/\/lalmachine.com\/wp-content\/uploads\/2026\/04\/Horgen-4-scaled.jpg\"><img loading=\"lazy\" decoding=\"async\" width=\"72\" height=\"96\" src=\"https:\/\/lalmachine.com\/wp-content\/uploads\/2026\/04\/Horgen-4-scaled.jpg\" class=\"attachment-thumbnail size-thumbnail\" alt=\"\" \/><\/a> <a href=\"https:\/\/lalmachine.com\/wp-content\/uploads\/2026\/04\/Horgen-fini-vide-scaled.png\"><img loading=\"lazy\" decoding=\"async\" width=\"60\" height=\"96\" src=\"https:\/\/lalmachine.com\/wp-content\/uploads\/2026\/04\/Horgen-fini-vide-scaled.png\" class=\"attachment-thumbnail size-thumbnail\" alt=\"\" \/><\/a> <a href=\"https:\/\/lalmachine.com\/wp-content\/uploads\/2026\/04\/Horgenglarus-4.png\"><img loading=\"lazy\" decoding=\"async\" width=\"72\" height=\"96\" src=\"https:\/\/lalmachine.com\/wp-content\/uploads\/2026\/04\/Horgenglarus-4.png\" class=\"attachment-thumbnail size-thumbnail\" alt=\"\" \/><\/a> <\/li>        <li class=\"wpuf-field-data wpuf-field-data-numeric_text_field\">\n                            <label>Prix:<\/label>\n                        1290        <\/li>\n                <li class=\"wpuf-field-data wpuf-field-data-numeric_text_field\">\n                            <label>Quantit\u00e9:<\/label>\n                        1        <\/li>\n                <li class=\"wpuf-field-data wpuf-field-data-numeric_text_field\">\n                            <label>Hauteur (cm):<\/label>\n                        82        <\/li>\n                <li class=\"wpuf-field-data wpuf-field-data-numeric_text_field\">\n                            <label>Largeur (cm):<\/label>\n                        51        <\/li>\n                <li class=\"wpuf-field-data wpuf-field-data-numeric_text_field\">\n                            <label>Profondeur (cm):<\/label>\n                        55        <\/li>\n        <\/ul>","protected":false},"excerpt":{"rendered":"<p>Ce fauteuil des ann\u00e9es 1940 a \u00e9t\u00e9 dessin\u00e9 par Max Ernst Haefeli, figure majeure de l&rsquo;architecture suisse moderniste, pour la manufacture HorgenGlarus.<\/p>\n<p>La structure en bois massif d&rsquo;origine, parfaitement conserv\u00e9e, a \u00e9t\u00e9 r\u00e9nov\u00e9e dans le respect de l&rsquo;esprit initial.<\/p>\n<p>Le syst\u00e8me de ressort d&rsquo;origine et la ligne historique on \u00e9t\u00e9 pr\u00e9serv\u00e9s, tandis que le rembourrage et l&rsquo;assise on \u00e9t\u00e9 enti\u00e8rement refaits afin d&rsquo;offrir un confort adapt\u00e9 \u00e0 un usage actuel.<\/p>\n<p>Le tissu Taffy, de l&rsquo;\u00e9diteur su\u00e9dois Svensson, aux accents r\u00e9tro et graphiques, dialogue avec l&rsquo;esprit du meuble et propose une r\u00e9interpr\u00e9tation contemporaine du mod\u00e8le.<\/p>\n<p>Pi\u00e8ce moderniste rare, con\u00e7ue pour \u00eatre pleinement utilis\u00e9e aujourd&rsquo;hui, \u00e0 la crois\u00e9e du patrimoine suisse et d&rsquo;un regard actuel.<\/p>\n<p>Etiquette du fabricant d&rsquo;origine.<\/p>\n<p>Fauteuil restaur\u00e9 avec soin dans chez Atelier Cazaniere<\/p>","protected":false},"featured_media":359473,"template":"","meta":{"_et_pb_use_builder":"","_et_pb_old_content":"","_et_gb_content_width":""},"product_brand":[],"product_cat":[99,48],"product_tag":[],"proximite":[283,179],"class_list":{"0":"post-359463","1":"product","2":"type-product","3":"status-publish","4":"has-post-thumbnail","6":"product_cat-canape-fauteuil-pouf","7":"product_cat-sasseoir","8":"product_shipping_class-livraison-par-le-vendeur","9":"pa_couleur-multicolore","10":"pa_etat-tres-bon-etat","11":"pa_materiau-bois","12":"pa_style-design","13":"proximite-riviera-pays-denhaut","14":"proximite-vaud","16":"first","17":"instock","18":"shipping-taxable","19":"purchasable","20":"product-type-simple"},"yoast_head":"<!-- This site is optimized with the Yoast SEO plugin v27.4 - https:\/\/yoast.com\/product\/yoast-seo-wordpress\/ -->\n<title>Fauteuil HorgenGlarus - Max Ernst Haefeli - restaur\u00e9 | lalmachine.com, mobilier et objets d\u00e9co vintage et design<\/title>\n<meta name=\"description\" content=\"Fauteuil HorgenGlarus - Max Ernst Haefeli - restaur\u00e9\" \/>\n<meta name=\"robots\" content=\"index, follow, max-snippet:-1, max-image-preview:large, max-video-preview:-1\" \/>\n<link rel=\"canonical\" href=\"https:\/\/lalmachine.com\/de\/shop\/sasseoir\/canape-fauteuil-pouf\/fauteuil-horgenglarus-max-ernst-haefeli-restaure\/\" \/>\n<meta property=\"og:locale\" content=\"de_DE\" \/>\n<meta property=\"og:type\" content=\"article\" \/>\n<meta property=\"og:title\" content=\"Fauteuil HorgenGlarus - Max Ernst Haefeli - restaur\u00e9 | lalmachine.com, mobilier et objets d\u00e9co vintage et design\" \/>\n<meta property=\"og:description\" content=\"Fauteuil HorgenGlarus - Max Ernst Haefeli - restaur\u00e9\" \/>\n<meta property=\"og:url\" content=\"https:\/\/lalmachine.com\/de\/shop\/sasseoir\/canape-fauteuil-pouf\/fauteuil-horgenglarus-max-ernst-haefeli-restaure\/\" \/>\n<meta property=\"og:site_name\" content=\"lalmachine.com\" \/>\n<meta property=\"article:publisher\" content=\"https:\/\/facebook.com\/lalmachine\" \/>\n<meta property=\"article:modified_time\" content=\"2026-04-27T07:22:45+00:00\" \/>\n<meta property=\"og:image\" content=\"https:\/\/lalmachine.com\/wp-content\/uploads\/2026\/04\/Horgen-fini-vide-scaled_clipped_rev_1.jpeg\" \/>\n\t<meta property=\"og:image:width\" content=\"2204\" \/>\n\t<meta property=\"og:image:height\" content=\"2203\" \/>\n\t<meta property=\"og:image:type\" content=\"image\/jpeg\" \/>\n<meta name=\"twitter:card\" content=\"summary_large_image\" \/>\n<script type=\"application\/ld+json\" class=\"yoast-schema-graph\">{\"@context\":\"https:\\\/\\\/schema.org\",\"@graph\":[{\"@type\":\"WebPage\",\"@id\":\"https:\\\/\\\/lalmachine.com\\\/shop\\\/sasseoir\\\/canape-fauteuil-pouf\\\/fauteuil-horgenglarus-max-ernst-haefeli-restaure\\\/\",\"url\":\"https:\\\/\\\/lalmachine.com\\\/shop\\\/sasseoir\\\/canape-fauteuil-pouf\\\/fauteuil-horgenglarus-max-ernst-haefeli-restaure\\\/\",\"name\":\"Fauteuil HorgenGlarus - Max Ernst Haefeli - restaur\u00e9 | lalmachine.com, mobilier et objets d\u00e9co vintage et design\",\"isPartOf\":{\"@id\":\"https:\\\/\\\/lalmachine.com\\\/#website\"},\"primaryImageOfPage\":{\"@id\":\"https:\\\/\\\/lalmachine.com\\\/shop\\\/sasseoir\\\/canape-fauteuil-pouf\\\/fauteuil-horgenglarus-max-ernst-haefeli-restaure\\\/#primaryimage\"},\"image\":{\"@id\":\"https:\\\/\\\/lalmachine.com\\\/shop\\\/sasseoir\\\/canape-fauteuil-pouf\\\/fauteuil-horgenglarus-max-ernst-haefeli-restaure\\\/#primaryimage\"},\"thumbnailUrl\":\"https:\\\/\\\/lalmachine.com\\\/wp-content\\\/uploads\\\/2026\\\/04\\\/Horgen-fini-vide-scaled_clipped_rev_1.jpeg\",\"datePublished\":\"2026-04-27T07:22:44+00:00\",\"dateModified\":\"2026-04-27T07:22:45+00:00\",\"description\":\"Fauteuil HorgenGlarus - Max Ernst Haefeli - restaur\u00e9\",\"breadcrumb\":{\"@id\":\"https:\\\/\\\/lalmachine.com\\\/shop\\\/sasseoir\\\/canape-fauteuil-pouf\\\/fauteuil-horgenglarus-max-ernst-haefeli-restaure\\\/#breadcrumb\"},\"inLanguage\":\"de\",\"potentialAction\":[{\"@type\":\"ReadAction\",\"target\":[\"https:\\\/\\\/lalmachine.com\\\/shop\\\/sasseoir\\\/canape-fauteuil-pouf\\\/fauteuil-horgenglarus-max-ernst-haefeli-restaure\\\/\"]}]},{\"@type\":\"ImageObject\",\"inLanguage\":\"de\",\"@id\":\"https:\\\/\\\/lalmachine.com\\\/shop\\\/sasseoir\\\/canape-fauteuil-pouf\\\/fauteuil-horgenglarus-max-ernst-haefeli-restaure\\\/#primaryimage\",\"url\":\"https:\\\/\\\/lalmachine.com\\\/wp-content\\\/uploads\\\/2026\\\/04\\\/Horgen-fini-vide-scaled_clipped_rev_1.jpeg\",\"contentUrl\":\"https:\\\/\\\/lalmachine.com\\\/wp-content\\\/uploads\\\/2026\\\/04\\\/Horgen-fini-vide-scaled_clipped_rev_1.jpeg\",\"width\":2204,\"height\":2203,\"caption\":\"Fauteuil HorgenGlarus - Max Ernst Haefeli - restaur\u00e9\"},{\"@type\":\"BreadcrumbList\",\"@id\":\"https:\\\/\\\/lalmachine.com\\\/shop\\\/sasseoir\\\/canape-fauteuil-pouf\\\/fauteuil-horgenglarus-max-ernst-haefeli-restaure\\\/#breadcrumb\",\"itemListElement\":[{\"@type\":\"ListItem\",\"position\":1,\"name\":\"Accueil\",\"item\":\"https:\\\/\\\/lalmachine.com\\\/\"},{\"@type\":\"ListItem\",\"position\":2,\"name\":\"Shop\",\"item\":\"https:\\\/\\\/lalmachine.com\\\/shop\\\/\"},{\"@type\":\"ListItem\",\"position\":3,\"name\":\"Fauteuil HorgenGlarus &#8211; Max Ernst Haefeli &#8211; restaur\u00e9\"}]},{\"@type\":\"WebSite\",\"@id\":\"https:\\\/\\\/lalmachine.com\\\/#website\",\"url\":\"https:\\\/\\\/lalmachine.com\\\/\",\"name\":\"lalmachine.com\",\"description\":\"Brocante en ligne Suisse | Mobilier et objets d\u00e9co vintage et design\",\"potentialAction\":[{\"@type\":\"SearchAction\",\"target\":{\"@type\":\"EntryPoint\",\"urlTemplate\":\"https:\\\/\\\/lalmachine.com\\\/?s={search_term_string}\"},\"query-input\":{\"@type\":\"PropertyValueSpecification\",\"valueRequired\":true,\"valueName\":\"search_term_string\"}}],\"inLanguage\":\"de\"}]}<\/script>\n<!-- \/ Yoast SEO plugin. -->","yoast_head_json":{"title":"Fauteuil HorgenGlarus - Max Ernst Haefeli - restaur\u00e9 | lalmachine.com, mobilier et objets d\u00e9co vintage et design","description":"Fauteuil HorgenGlarus - Max Ernst Haefeli - restaur\u00e9","robots":{"index":"index","follow":"follow","max-snippet":"max-snippet:-1","max-image-preview":"max-image-preview:large","max-video-preview":"max-video-preview:-1"},"canonical":"https:\/\/lalmachine.com\/de\/shop\/sasseoir\/canape-fauteuil-pouf\/fauteuil-horgenglarus-max-ernst-haefeli-restaure\/","og_locale":"de_DE","og_type":"article","og_title":"Fauteuil HorgenGlarus - Max Ernst Haefeli - restaur\u00e9 | lalmachine.com, mobilier et objets d\u00e9co vintage et design","og_description":"Fauteuil HorgenGlarus - Max Ernst Haefeli - restaur\u00e9","og_url":"https:\/\/lalmachine.com\/de\/shop\/sasseoir\/canape-fauteuil-pouf\/fauteuil-horgenglarus-max-ernst-haefeli-restaure\/","og_site_name":"lalmachine.com","article_publisher":"https:\/\/facebook.com\/lalmachine","article_modified_time":"2026-04-27T07:22:45+00:00","og_image":[{"width":2204,"height":2203,"url":"https:\/\/lalmachine.com\/wp-content\/uploads\/2026\/04\/Horgen-fini-vide-scaled_clipped_rev_1.jpeg","type":"image\/jpeg"}],"twitter_card":"summary_large_image","schema":{"@context":"https:\/\/schema.org","@graph":[{"@type":"WebPage","@id":"https:\/\/lalmachine.com\/shop\/sasseoir\/canape-fauteuil-pouf\/fauteuil-horgenglarus-max-ernst-haefeli-restaure\/","url":"https:\/\/lalmachine.com\/shop\/sasseoir\/canape-fauteuil-pouf\/fauteuil-horgenglarus-max-ernst-haefeli-restaure\/","name":"Fauteuil HorgenGlarus - Max Ernst Haefeli - restaur\u00e9 | lalmachine.com, mobilier et objets d\u00e9co vintage et design","isPartOf":{"@id":"https:\/\/lalmachine.com\/#website"},"primaryImageOfPage":{"@id":"https:\/\/lalmachine.com\/shop\/sasseoir\/canape-fauteuil-pouf\/fauteuil-horgenglarus-max-ernst-haefeli-restaure\/#primaryimage"},"image":{"@id":"https:\/\/lalmachine.com\/shop\/sasseoir\/canape-fauteuil-pouf\/fauteuil-horgenglarus-max-ernst-haefeli-restaure\/#primaryimage"},"thumbnailUrl":"https:\/\/lalmachine.com\/wp-content\/uploads\/2026\/04\/Horgen-fini-vide-scaled_clipped_rev_1.jpeg","datePublished":"2026-04-27T07:22:44+00:00","dateModified":"2026-04-27T07:22:45+00:00","description":"Fauteuil HorgenGlarus - Max Ernst Haefeli - restaur\u00e9","breadcrumb":{"@id":"https:\/\/lalmachine.com\/shop\/sasseoir\/canape-fauteuil-pouf\/fauteuil-horgenglarus-max-ernst-haefeli-restaure\/#breadcrumb"},"inLanguage":"de","potentialAction":[{"@type":"ReadAction","target":["https:\/\/lalmachine.com\/shop\/sasseoir\/canape-fauteuil-pouf\/fauteuil-horgenglarus-max-ernst-haefeli-restaure\/"]}]},{"@type":"ImageObject","inLanguage":"de","@id":"https:\/\/lalmachine.com\/shop\/sasseoir\/canape-fauteuil-pouf\/fauteuil-horgenglarus-max-ernst-haefeli-restaure\/#primaryimage","url":"https:\/\/lalmachine.com\/wp-content\/uploads\/2026\/04\/Horgen-fini-vide-scaled_clipped_rev_1.jpeg","contentUrl":"https:\/\/lalmachine.com\/wp-content\/uploads\/2026\/04\/Horgen-fini-vide-scaled_clipped_rev_1.jpeg","width":2204,"height":2203,"caption":"Fauteuil HorgenGlarus - Max Ernst Haefeli - restaur\u00e9"},{"@type":"BreadcrumbList","@id":"https:\/\/lalmachine.com\/shop\/sasseoir\/canape-fauteuil-pouf\/fauteuil-horgenglarus-max-ernst-haefeli-restaure\/#breadcrumb","itemListElement":[{"@type":"ListItem","position":1,"name":"Accueil","item":"https:\/\/lalmachine.com\/"},{"@type":"ListItem","position":2,"name":"Shop","item":"https:\/\/lalmachine.com\/shop\/"},{"@type":"ListItem","position":3,"name":"Fauteuil HorgenGlarus &#8211; Max Ernst Haefeli &#8211; restaur\u00e9"}]},{"@type":"WebSite","@id":"https:\/\/lalmachine.com\/#website","url":"https:\/\/lalmachine.com\/","name":"lalmachine.com","description":"Brocante en ligne Suisse | Mobilier et objets d\u00e9co vintage et design","potentialAction":[{"@type":"SearchAction","target":{"@type":"EntryPoint","urlTemplate":"https:\/\/lalmachine.com\/?s={search_term_string}"},"query-input":{"@type":"PropertyValueSpecification","valueRequired":true,"valueName":"search_term_string"}}],"inLanguage":"de"}]}},"_links":{"self":[{"href":"https:\/\/lalmachine.com\/de\/wp-json\/wp\/v2\/product\/359463","targetHints":{"allow":["GET"]}}],"collection":[{"href":"https:\/\/lalmachine.com\/de\/wp-json\/wp\/v2\/product"}],"about":[{"href":"https:\/\/lalmachine.com\/de\/wp-json\/wp\/v2\/types\/product"}],"wp:featuredmedia":[{"embeddable":true,"href":"https:\/\/lalmachine.com\/de\/wp-json\/wp\/v2\/media\/359473"}],"wp:attachment":[{"href":"https:\/\/lalmachine.com\/de\/wp-json\/wp\/v2\/media?parent=359463"}],"wp:term":[{"taxonomy":"product_brand","embeddable":true,"href":"https:\/\/lalmachine.com\/de\/wp-json\/wp\/v2\/product_brand?post=359463"},{"taxonomy":"product_cat","embeddable":true,"href":"https:\/\/lalmachine.com\/de\/wp-json\/wp\/v2\/product_cat?post=359463"},{"taxonomy":"product_tag","embeddable":true,"href":"https:\/\/lalmachine.com\/de\/wp-json\/wp\/v2\/product_tag?post=359463"},{"taxonomy":"proximite","embeddable":true,"href":"https:\/\/lalmachine.com\/de\/wp-json\/wp\/v2\/proximite?post=359463"}],"curies":[{"name":"wp","href":"https:\/\/api.w.org\/{rel}","templated":true}]}}