{"id":359632,"date":"2026-04-30T14:57:53","date_gmt":"2026-04-30T12:57:53","guid":{"rendered":"https:\/\/lalmachine.com\/?post_type=product&#038;p=359632"},"modified":"2026-05-03T20:51:59","modified_gmt":"2026-05-03T18:51:59","slug":"duo-de-fauteuils-de-theatre-en-velours-rouge-2","status":"publish","type":"product","link":"https:\/\/lalmachine.com\/de\/shop\/sasseoir\/canape-fauteuil-pouf\/duo-de-fauteuils-de-theatre-en-velours-rouge-2\/","title":{"rendered":"Duo de fauteuils de th\u00e9\u00e2tre en velours rouge"},"content":{"rendered":"","protected":false},"excerpt":{"rendered":"<p>Duo de fauteuils sauv\u00e9s des r\u00e9novations du Th\u00e9\u00e2tre du L\u00e9man \u00e0 Gen\u00e8ve. Les si\u00e8ges sont en velours rouge et ont chacun un petit num\u00e9ro dor\u00e9 brod\u00e9 au dessus. Le pied original est pr\u00e9vu pour \u00eatre viss\u00e9 au sol, sur celui de la photo nous avons r\u00e9alis\u00e9 un pied en m\u00e9tal sur mesure (si besoin peut \u00eatre fait cette paire aussi, compter 200.- suppl\u00e9mentaire et un d\u00e9lai de fabrication).<\/p>\n<ul class=\"custom-attributes\">\n<li class=\"show-attributes-dimensions\"><span class=\"attribute-label\">Dimensions:\u00a0<\/span><span class=\"attribute-value\">H 94 cm x L 118 cm x P 56 cm<\/span><\/li>\n<li>\u00c9tat: Bon \u00e9tat, avec marques d&rsquo;usures<\/li>\n<\/ul>","protected":false},"featured_media":359907,"template":"","meta":{"_et_pb_use_builder":"","_et_pb_old_content":"","_et_gb_content_width":""},"product_brand":[],"product_cat":[99,48],"product_tag":[],"proximite":[],"class_list":{"0":"post-359632","1":"product","2":"type-product","3":"status-publish","4":"has-post-thumbnail","6":"product_cat-canape-fauteuil-pouf","7":"product_cat-sasseoir","9":"first","10":"instock","11":"shipping-taxable","12":"purchasable","13":"product-type-simple"},"yoast_head":"<!-- This site is optimized with the Yoast SEO plugin v27.4 - https:\/\/yoast.com\/product\/yoast-seo-wordpress\/ -->\n<title>Duo de fauteuils de th\u00e9\u00e2tre en velours rouge | lalmachine.com<\/title>\n<meta name=\"description\" content=\"Duo de fauteuils de th\u00e9\u00e2tre en velours rouge\" \/>\n<meta name=\"robots\" content=\"index, follow, max-snippet:-1, max-image-preview:large, max-video-preview:-1\" \/>\n<link rel=\"canonical\" href=\"https:\/\/lalmachine.com\/de\/shop\/sasseoir\/canape-fauteuil-pouf\/duo-de-fauteuils-de-theatre-en-velours-rouge-2\/\" \/>\n<meta property=\"og:locale\" content=\"de_DE\" \/>\n<meta property=\"og:type\" content=\"article\" \/>\n<meta property=\"og:title\" content=\"Duo de fauteuils de th\u00e9\u00e2tre en velours rouge | lalmachine.com\" \/>\n<meta property=\"og:description\" content=\"Duo de fauteuils de th\u00e9\u00e2tre en velours rouge\" \/>\n<meta property=\"og:url\" content=\"https:\/\/lalmachine.com\/de\/shop\/sasseoir\/canape-fauteuil-pouf\/duo-de-fauteuils-de-theatre-en-velours-rouge-2\/\" \/>\n<meta property=\"og:site_name\" content=\"lalmachine.com\" \/>\n<meta property=\"article:publisher\" content=\"https:\/\/facebook.com\/lalmachine\" \/>\n<meta property=\"article:modified_time\" content=\"2026-05-03T18:51:59+00:00\" \/>\n<meta property=\"og:image\" content=\"https:\/\/lalmachine.com\/wp-content\/uploads\/2026\/04\/cropped-WhatsApp-Image-2026-04-30-at-14.53.25-3_clipped_rev_1.jpeg\" \/>\n\t<meta property=\"og:image:width\" content=\"641\" \/>\n\t<meta property=\"og:image:height\" content=\"641\" \/>\n\t<meta property=\"og:image:type\" content=\"image\/jpeg\" \/>\n<meta name=\"twitter:card\" content=\"summary_large_image\" \/>\n<script type=\"application\/ld+json\" class=\"yoast-schema-graph\">{\"@context\":\"https:\\\/\\\/schema.org\",\"@graph\":[{\"@type\":\"WebPage\",\"@id\":\"https:\\\/\\\/lalmachine.com\\\/shop\\\/sasseoir\\\/canape-fauteuil-pouf\\\/duo-de-fauteuils-de-theatre-en-velours-rouge-2\\\/\",\"url\":\"https:\\\/\\\/lalmachine.com\\\/shop\\\/sasseoir\\\/canape-fauteuil-pouf\\\/duo-de-fauteuils-de-theatre-en-velours-rouge-2\\\/\",\"name\":\"Duo de fauteuils de th\u00e9\u00e2tre en velours rouge | lalmachine.com\",\"isPartOf\":{\"@id\":\"https:\\\/\\\/lalmachine.com\\\/#website\"},\"primaryImageOfPage\":{\"@id\":\"https:\\\/\\\/lalmachine.com\\\/shop\\\/sasseoir\\\/canape-fauteuil-pouf\\\/duo-de-fauteuils-de-theatre-en-velours-rouge-2\\\/#primaryimage\"},\"image\":{\"@id\":\"https:\\\/\\\/lalmachine.com\\\/shop\\\/sasseoir\\\/canape-fauteuil-pouf\\\/duo-de-fauteuils-de-theatre-en-velours-rouge-2\\\/#primaryimage\"},\"thumbnailUrl\":\"https:\\\/\\\/lalmachine.com\\\/wp-content\\\/uploads\\\/2026\\\/04\\\/cropped-WhatsApp-Image-2026-04-30-at-14.53.25-3_clipped_rev_1.jpeg\",\"datePublished\":\"2026-04-30T12:57:53+00:00\",\"dateModified\":\"2026-05-03T18:51:59+00:00\",\"description\":\"Duo de fauteuils de th\u00e9\u00e2tre en velours rouge\",\"breadcrumb\":{\"@id\":\"https:\\\/\\\/lalmachine.com\\\/shop\\\/sasseoir\\\/canape-fauteuil-pouf\\\/duo-de-fauteuils-de-theatre-en-velours-rouge-2\\\/#breadcrumb\"},\"inLanguage\":\"de\",\"potentialAction\":[{\"@type\":\"ReadAction\",\"target\":[\"https:\\\/\\\/lalmachine.com\\\/shop\\\/sasseoir\\\/canape-fauteuil-pouf\\\/duo-de-fauteuils-de-theatre-en-velours-rouge-2\\\/\"]}]},{\"@type\":\"ImageObject\",\"inLanguage\":\"de\",\"@id\":\"https:\\\/\\\/lalmachine.com\\\/shop\\\/sasseoir\\\/canape-fauteuil-pouf\\\/duo-de-fauteuils-de-theatre-en-velours-rouge-2\\\/#primaryimage\",\"url\":\"https:\\\/\\\/lalmachine.com\\\/wp-content\\\/uploads\\\/2026\\\/04\\\/cropped-WhatsApp-Image-2026-04-30-at-14.53.25-3_clipped_rev_1.jpeg\",\"contentUrl\":\"https:\\\/\\\/lalmachine.com\\\/wp-content\\\/uploads\\\/2026\\\/04\\\/cropped-WhatsApp-Image-2026-04-30-at-14.53.25-3_clipped_rev_1.jpeg\",\"width\":641,\"height\":641,\"caption\":\"Duo de fauteuils de th\u00e9\u00e2tre en velours rouge\"},{\"@type\":\"BreadcrumbList\",\"@id\":\"https:\\\/\\\/lalmachine.com\\\/shop\\\/sasseoir\\\/canape-fauteuil-pouf\\\/duo-de-fauteuils-de-theatre-en-velours-rouge-2\\\/#breadcrumb\",\"itemListElement\":[{\"@type\":\"ListItem\",\"position\":1,\"name\":\"Accueil\",\"item\":\"https:\\\/\\\/lalmachine.com\\\/\"},{\"@type\":\"ListItem\",\"position\":2,\"name\":\"Shop\",\"item\":\"https:\\\/\\\/lalmachine.com\\\/shop\\\/\"},{\"@type\":\"ListItem\",\"position\":3,\"name\":\"Duo de fauteuils de th\u00e9\u00e2tre en velours rouge\"}]},{\"@type\":\"WebSite\",\"@id\":\"https:\\\/\\\/lalmachine.com\\\/#website\",\"url\":\"https:\\\/\\\/lalmachine.com\\\/\",\"name\":\"lalmachine.com\",\"description\":\"Brocante en ligne Suisse | Mobilier et objets d\u00e9co vintage et design\",\"potentialAction\":[{\"@type\":\"SearchAction\",\"target\":{\"@type\":\"EntryPoint\",\"urlTemplate\":\"https:\\\/\\\/lalmachine.com\\\/?s={search_term_string}\"},\"query-input\":{\"@type\":\"PropertyValueSpecification\",\"valueRequired\":true,\"valueName\":\"search_term_string\"}}],\"inLanguage\":\"de\"}]}<\/script>\n<!-- \/ Yoast SEO plugin. -->","yoast_head_json":{"title":"Duo de fauteuils de th\u00e9\u00e2tre en velours rouge | lalmachine.com","description":"Duo de fauteuils de th\u00e9\u00e2tre en velours rouge","robots":{"index":"index","follow":"follow","max-snippet":"max-snippet:-1","max-image-preview":"max-image-preview:large","max-video-preview":"max-video-preview:-1"},"canonical":"https:\/\/lalmachine.com\/de\/shop\/sasseoir\/canape-fauteuil-pouf\/duo-de-fauteuils-de-theatre-en-velours-rouge-2\/","og_locale":"de_DE","og_type":"article","og_title":"Duo de fauteuils de th\u00e9\u00e2tre en velours rouge | lalmachine.com","og_description":"Duo de fauteuils de th\u00e9\u00e2tre en velours rouge","og_url":"https:\/\/lalmachine.com\/de\/shop\/sasseoir\/canape-fauteuil-pouf\/duo-de-fauteuils-de-theatre-en-velours-rouge-2\/","og_site_name":"lalmachine.com","article_publisher":"https:\/\/facebook.com\/lalmachine","article_modified_time":"2026-05-03T18:51:59+00:00","og_image":[{"width":641,"height":641,"url":"https:\/\/lalmachine.com\/wp-content\/uploads\/2026\/04\/cropped-WhatsApp-Image-2026-04-30-at-14.53.25-3_clipped_rev_1.jpeg","type":"image\/jpeg"}],"twitter_card":"summary_large_image","schema":{"@context":"https:\/\/schema.org","@graph":[{"@type":"WebPage","@id":"https:\/\/lalmachine.com\/shop\/sasseoir\/canape-fauteuil-pouf\/duo-de-fauteuils-de-theatre-en-velours-rouge-2\/","url":"https:\/\/lalmachine.com\/shop\/sasseoir\/canape-fauteuil-pouf\/duo-de-fauteuils-de-theatre-en-velours-rouge-2\/","name":"Duo de fauteuils de th\u00e9\u00e2tre en velours rouge | lalmachine.com","isPartOf":{"@id":"https:\/\/lalmachine.com\/#website"},"primaryImageOfPage":{"@id":"https:\/\/lalmachine.com\/shop\/sasseoir\/canape-fauteuil-pouf\/duo-de-fauteuils-de-theatre-en-velours-rouge-2\/#primaryimage"},"image":{"@id":"https:\/\/lalmachine.com\/shop\/sasseoir\/canape-fauteuil-pouf\/duo-de-fauteuils-de-theatre-en-velours-rouge-2\/#primaryimage"},"thumbnailUrl":"https:\/\/lalmachine.com\/wp-content\/uploads\/2026\/04\/cropped-WhatsApp-Image-2026-04-30-at-14.53.25-3_clipped_rev_1.jpeg","datePublished":"2026-04-30T12:57:53+00:00","dateModified":"2026-05-03T18:51:59+00:00","description":"Duo de fauteuils de th\u00e9\u00e2tre en velours rouge","breadcrumb":{"@id":"https:\/\/lalmachine.com\/shop\/sasseoir\/canape-fauteuil-pouf\/duo-de-fauteuils-de-theatre-en-velours-rouge-2\/#breadcrumb"},"inLanguage":"de","potentialAction":[{"@type":"ReadAction","target":["https:\/\/lalmachine.com\/shop\/sasseoir\/canape-fauteuil-pouf\/duo-de-fauteuils-de-theatre-en-velours-rouge-2\/"]}]},{"@type":"ImageObject","inLanguage":"de","@id":"https:\/\/lalmachine.com\/shop\/sasseoir\/canape-fauteuil-pouf\/duo-de-fauteuils-de-theatre-en-velours-rouge-2\/#primaryimage","url":"https:\/\/lalmachine.com\/wp-content\/uploads\/2026\/04\/cropped-WhatsApp-Image-2026-04-30-at-14.53.25-3_clipped_rev_1.jpeg","contentUrl":"https:\/\/lalmachine.com\/wp-content\/uploads\/2026\/04\/cropped-WhatsApp-Image-2026-04-30-at-14.53.25-3_clipped_rev_1.jpeg","width":641,"height":641,"caption":"Duo de fauteuils de th\u00e9\u00e2tre en velours rouge"},{"@type":"BreadcrumbList","@id":"https:\/\/lalmachine.com\/shop\/sasseoir\/canape-fauteuil-pouf\/duo-de-fauteuils-de-theatre-en-velours-rouge-2\/#breadcrumb","itemListElement":[{"@type":"ListItem","position":1,"name":"Accueil","item":"https:\/\/lalmachine.com\/"},{"@type":"ListItem","position":2,"name":"Shop","item":"https:\/\/lalmachine.com\/shop\/"},{"@type":"ListItem","position":3,"name":"Duo de fauteuils de th\u00e9\u00e2tre en velours rouge"}]},{"@type":"WebSite","@id":"https:\/\/lalmachine.com\/#website","url":"https:\/\/lalmachine.com\/","name":"lalmachine.com","description":"Brocante en ligne Suisse | Mobilier et objets d\u00e9co vintage et design","potentialAction":[{"@type":"SearchAction","target":{"@type":"EntryPoint","urlTemplate":"https:\/\/lalmachine.com\/?s={search_term_string}"},"query-input":{"@type":"PropertyValueSpecification","valueRequired":true,"valueName":"search_term_string"}}],"inLanguage":"de"}]}},"_links":{"self":[{"href":"https:\/\/lalmachine.com\/de\/wp-json\/wp\/v2\/product\/359632","targetHints":{"allow":["GET"]}}],"collection":[{"href":"https:\/\/lalmachine.com\/de\/wp-json\/wp\/v2\/product"}],"about":[{"href":"https:\/\/lalmachine.com\/de\/wp-json\/wp\/v2\/types\/product"}],"wp:featuredmedia":[{"embeddable":true,"href":"https:\/\/lalmachine.com\/de\/wp-json\/wp\/v2\/media\/359907"}],"wp:attachment":[{"href":"https:\/\/lalmachine.com\/de\/wp-json\/wp\/v2\/media?parent=359632"}],"wp:term":[{"taxonomy":"product_brand","embeddable":true,"href":"https:\/\/lalmachine.com\/de\/wp-json\/wp\/v2\/product_brand?post=359632"},{"taxonomy":"product_cat","embeddable":true,"href":"https:\/\/lalmachine.com\/de\/wp-json\/wp\/v2\/product_cat?post=359632"},{"taxonomy":"product_tag","embeddable":true,"href":"https:\/\/lalmachine.com\/de\/wp-json\/wp\/v2\/product_tag?post=359632"},{"taxonomy":"proximite","embeddable":true,"href":"https:\/\/lalmachine.com\/de\/wp-json\/wp\/v2\/proximite?post=359632"}],"curies":[{"name":"wp","href":"https:\/\/api.w.org\/{rel}","templated":true}]}}