{"id":359838,"date":"2026-05-01T15:37:14","date_gmt":"2026-05-01T13:37:14","guid":{"rendered":"https:\/\/lalmachine.com\/?post_type=product&#038;p=359838"},"modified":"2026-05-04T10:00:43","modified_gmt":"2026-05-04T08:00:43","slug":"valet-de-chambre-annees-70","status":"publish","type":"product","link":"https:\/\/lalmachine.com\/de\/shop\/sasseoir\/chaise\/valet-de-chambre-annees-70\/","title":{"rendered":"Valet de chambre ann\u00e9es 70"},"content":{"rendered":"","protected":false},"excerpt":{"rendered":"<p class=\"p1\"><span class=\"s1\">\u00c0 vendre, authentique <\/span><span class=\"s2\">valet muet vintage<\/span><span class=\"s1\"> des ann\u00e9es 1960-70, une pi\u00e8ce iconique du design Mid-Century. Ce valet de nuit combine l&rsquo;\u00e9l\u00e9gance du bois peint en blanc et le charme r\u00e9tro de son assise d&rsquo;origine en tissu bleu.<\/span><\/p>\n<p class=\"p1\"><span class=\"s1\">Id\u00e9al pour apporter une touche de caract\u00e8re \u00e0 une chambre ou un dressing tout en restant tr\u00e8s fonctionnel.<\/span><\/p>\n<p class=\"p1\"><span class=\"s2\">Caract\u00e9ristiques et fonctionnalit\u00e9s :<\/span><\/p>\n<ul class=\"ul1\">\n<li class=\"li1\"><span class=\"s2\">Cintre int\u00e9gr\u00e9 :<\/span><span class=\"s1\"> Pour suspendre vestes et chemises sans les froisser.<\/span><\/li>\n<li class=\"li1\"><span class=\"s2\">Dossier \u00e0 barreaux (Spindle Back) :<\/span><span class=\"s1\"> Style Windsor scandinave tr\u00e8s \u00e9l\u00e9gant.<\/span><\/li>\n<li class=\"li1\"><span class=\"s2\">Barres transversales :<\/span><span class=\"s1\"> Pour pantalons et cravates.<\/span><\/li>\n<li class=\"li1\"><span class=\"s2\">D\u00e9tails en laiton :<\/span><span class=\"s1\"> Fixations et tiges d&rsquo;origine en m\u00e9tal dor\u00e9.<\/span><\/li>\n<li class=\"li1\"><span class=\"s2\">Assise rembourr\u00e9e :<\/span><span class=\"s1\"> Pratique pour se chausser confortablement.<\/span><\/li>\n<\/ul>\n<p class=\"p1\"><span class=\"s2\">Dimensions approximatives :<\/span><\/p>\n<ul class=\"ul1\">\n<li class=\"li1\"><span class=\"s2\">Hauteur totale :<\/span><span class=\"s1\"> env. 115 &#8211; 120 cm<\/span><\/li>\n<li class=\"li1\"><span class=\"s2\">Largeur (cintre) :<\/span><span class=\"s1\"> env. 45 cm<\/span><\/li>\n<li class=\"li1\"><span class=\"s2\">Profondeur :<\/span><span class=\"s1\"> env. 40 cm<\/span><\/li>\n<li class=\"li1\"><span class=\"s2\">Hauteur d&rsquo;assise :<\/span><span class=\"s1\"> env. 45 cm<\/span><\/li>\n<\/ul>\n<p class=\"p1\"><span class=\"s2\">\u00c9tat :<\/span><\/p>\n<p class=\"p1\"><span class=\"s1\">Bel \u00e9tat vintage \u00ab\u00a0dans son jus\u00a0\u00bb. La structure est solide, le tissu bleu est d&rsquo;origine. Quelques traces d&rsquo;usage normales pour son \u00e2ge qui attestent de son authenticit\u00e9.<\/span><\/p>","protected":false},"featured_media":359932,"template":"","meta":{"_et_pb_use_builder":"","_et_pb_old_content":"","_et_gb_content_width":""},"product_brand":[],"product_cat":[100,48],"product_tag":[],"proximite":[180],"class_list":{"0":"post-359838","1":"product","2":"type-product","3":"status-publish","4":"has-post-thumbnail","6":"product_cat-chaise","7":"product_cat-sasseoir","8":"proximite-geneve","10":"first","11":"instock","12":"shipping-taxable","13":"purchasable","14":"product-type-simple"},"yoast_head":"<!-- This site is optimized with the Yoast SEO plugin v27.4 - https:\/\/yoast.com\/product\/yoast-seo-wordpress\/ -->\n<title>Valet de chambre ann\u00e9es 70 | lalmachine.com<\/title>\n<meta name=\"description\" content=\"Valet de chambre ann\u00e9es 70\" \/>\n<meta name=\"robots\" content=\"index, follow, max-snippet:-1, max-image-preview:large, max-video-preview:-1\" \/>\n<link rel=\"canonical\" href=\"https:\/\/lalmachine.com\/de\/shop\/sasseoir\/chaise\/valet-de-chambre-annees-70\/\" \/>\n<meta property=\"og:locale\" content=\"de_DE\" \/>\n<meta property=\"og:type\" content=\"article\" \/>\n<meta property=\"og:title\" content=\"Valet de chambre ann\u00e9es 70 | lalmachine.com\" \/>\n<meta property=\"og:description\" content=\"Valet de chambre ann\u00e9es 70\" \/>\n<meta property=\"og:url\" content=\"https:\/\/lalmachine.com\/de\/shop\/sasseoir\/chaise\/valet-de-chambre-annees-70\/\" \/>\n<meta property=\"og:site_name\" content=\"lalmachine.com\" \/>\n<meta property=\"article:publisher\" content=\"https:\/\/facebook.com\/lalmachine\" \/>\n<meta property=\"article:modified_time\" content=\"2026-05-04T08:00:43+00:00\" \/>\n<meta property=\"og:image\" content=\"https:\/\/lalmachine.com\/wp-content\/uploads\/2026\/05\/cropped-IMG_2887_clipped_rev_1.jpeg\" \/>\n\t<meta property=\"og:image:width\" content=\"771\" \/>\n\t<meta property=\"og:image:height\" content=\"771\" \/>\n\t<meta property=\"og:image:type\" content=\"image\/jpeg\" \/>\n<meta name=\"twitter:card\" content=\"summary_large_image\" \/>\n<script type=\"application\/ld+json\" class=\"yoast-schema-graph\">{\"@context\":\"https:\\\/\\\/schema.org\",\"@graph\":[{\"@type\":\"WebPage\",\"@id\":\"https:\\\/\\\/lalmachine.com\\\/shop\\\/sasseoir\\\/chaise\\\/valet-de-chambre-annees-70\\\/\",\"url\":\"https:\\\/\\\/lalmachine.com\\\/shop\\\/sasseoir\\\/chaise\\\/valet-de-chambre-annees-70\\\/\",\"name\":\"Valet de chambre ann\u00e9es 70 | lalmachine.com\",\"isPartOf\":{\"@id\":\"https:\\\/\\\/lalmachine.com\\\/#website\"},\"primaryImageOfPage\":{\"@id\":\"https:\\\/\\\/lalmachine.com\\\/shop\\\/sasseoir\\\/chaise\\\/valet-de-chambre-annees-70\\\/#primaryimage\"},\"image\":{\"@id\":\"https:\\\/\\\/lalmachine.com\\\/shop\\\/sasseoir\\\/chaise\\\/valet-de-chambre-annees-70\\\/#primaryimage\"},\"thumbnailUrl\":\"https:\\\/\\\/lalmachine.com\\\/wp-content\\\/uploads\\\/2026\\\/05\\\/cropped-IMG_2887_clipped_rev_1.jpeg\",\"datePublished\":\"2026-05-01T13:37:14+00:00\",\"dateModified\":\"2026-05-04T08:00:43+00:00\",\"description\":\"Valet de chambre ann\u00e9es 70\",\"breadcrumb\":{\"@id\":\"https:\\\/\\\/lalmachine.com\\\/shop\\\/sasseoir\\\/chaise\\\/valet-de-chambre-annees-70\\\/#breadcrumb\"},\"inLanguage\":\"de\",\"potentialAction\":[{\"@type\":\"ReadAction\",\"target\":[\"https:\\\/\\\/lalmachine.com\\\/shop\\\/sasseoir\\\/chaise\\\/valet-de-chambre-annees-70\\\/\"]}]},{\"@type\":\"ImageObject\",\"inLanguage\":\"de\",\"@id\":\"https:\\\/\\\/lalmachine.com\\\/shop\\\/sasseoir\\\/chaise\\\/valet-de-chambre-annees-70\\\/#primaryimage\",\"url\":\"https:\\\/\\\/lalmachine.com\\\/wp-content\\\/uploads\\\/2026\\\/05\\\/cropped-IMG_2887_clipped_rev_1.jpeg\",\"contentUrl\":\"https:\\\/\\\/lalmachine.com\\\/wp-content\\\/uploads\\\/2026\\\/05\\\/cropped-IMG_2887_clipped_rev_1.jpeg\",\"width\":771,\"height\":771,\"caption\":\"Valet de chambre ann\u00e9es 70\"},{\"@type\":\"BreadcrumbList\",\"@id\":\"https:\\\/\\\/lalmachine.com\\\/shop\\\/sasseoir\\\/chaise\\\/valet-de-chambre-annees-70\\\/#breadcrumb\",\"itemListElement\":[{\"@type\":\"ListItem\",\"position\":1,\"name\":\"Accueil\",\"item\":\"https:\\\/\\\/lalmachine.com\\\/\"},{\"@type\":\"ListItem\",\"position\":2,\"name\":\"Shop\",\"item\":\"https:\\\/\\\/lalmachine.com\\\/shop\\\/\"},{\"@type\":\"ListItem\",\"position\":3,\"name\":\"Valet de chambre ann\u00e9es 70\"}]},{\"@type\":\"WebSite\",\"@id\":\"https:\\\/\\\/lalmachine.com\\\/#website\",\"url\":\"https:\\\/\\\/lalmachine.com\\\/\",\"name\":\"lalmachine.com\",\"description\":\"Brocante en ligne Suisse | Mobilier et objets d\u00e9co vintage et design\",\"potentialAction\":[{\"@type\":\"SearchAction\",\"target\":{\"@type\":\"EntryPoint\",\"urlTemplate\":\"https:\\\/\\\/lalmachine.com\\\/?s={search_term_string}\"},\"query-input\":{\"@type\":\"PropertyValueSpecification\",\"valueRequired\":true,\"valueName\":\"search_term_string\"}}],\"inLanguage\":\"de\"}]}<\/script>\n<!-- \/ Yoast SEO plugin. -->","yoast_head_json":{"title":"Valet de chambre ann\u00e9es 70 | lalmachine.com","description":"Valet de chambre ann\u00e9es 70","robots":{"index":"index","follow":"follow","max-snippet":"max-snippet:-1","max-image-preview":"max-image-preview:large","max-video-preview":"max-video-preview:-1"},"canonical":"https:\/\/lalmachine.com\/de\/shop\/sasseoir\/chaise\/valet-de-chambre-annees-70\/","og_locale":"de_DE","og_type":"article","og_title":"Valet de chambre ann\u00e9es 70 | lalmachine.com","og_description":"Valet de chambre ann\u00e9es 70","og_url":"https:\/\/lalmachine.com\/de\/shop\/sasseoir\/chaise\/valet-de-chambre-annees-70\/","og_site_name":"lalmachine.com","article_publisher":"https:\/\/facebook.com\/lalmachine","article_modified_time":"2026-05-04T08:00:43+00:00","og_image":[{"width":771,"height":771,"url":"https:\/\/lalmachine.com\/wp-content\/uploads\/2026\/05\/cropped-IMG_2887_clipped_rev_1.jpeg","type":"image\/jpeg"}],"twitter_card":"summary_large_image","schema":{"@context":"https:\/\/schema.org","@graph":[{"@type":"WebPage","@id":"https:\/\/lalmachine.com\/shop\/sasseoir\/chaise\/valet-de-chambre-annees-70\/","url":"https:\/\/lalmachine.com\/shop\/sasseoir\/chaise\/valet-de-chambre-annees-70\/","name":"Valet de chambre ann\u00e9es 70 | lalmachine.com","isPartOf":{"@id":"https:\/\/lalmachine.com\/#website"},"primaryImageOfPage":{"@id":"https:\/\/lalmachine.com\/shop\/sasseoir\/chaise\/valet-de-chambre-annees-70\/#primaryimage"},"image":{"@id":"https:\/\/lalmachine.com\/shop\/sasseoir\/chaise\/valet-de-chambre-annees-70\/#primaryimage"},"thumbnailUrl":"https:\/\/lalmachine.com\/wp-content\/uploads\/2026\/05\/cropped-IMG_2887_clipped_rev_1.jpeg","datePublished":"2026-05-01T13:37:14+00:00","dateModified":"2026-05-04T08:00:43+00:00","description":"Valet de chambre ann\u00e9es 70","breadcrumb":{"@id":"https:\/\/lalmachine.com\/shop\/sasseoir\/chaise\/valet-de-chambre-annees-70\/#breadcrumb"},"inLanguage":"de","potentialAction":[{"@type":"ReadAction","target":["https:\/\/lalmachine.com\/shop\/sasseoir\/chaise\/valet-de-chambre-annees-70\/"]}]},{"@type":"ImageObject","inLanguage":"de","@id":"https:\/\/lalmachine.com\/shop\/sasseoir\/chaise\/valet-de-chambre-annees-70\/#primaryimage","url":"https:\/\/lalmachine.com\/wp-content\/uploads\/2026\/05\/cropped-IMG_2887_clipped_rev_1.jpeg","contentUrl":"https:\/\/lalmachine.com\/wp-content\/uploads\/2026\/05\/cropped-IMG_2887_clipped_rev_1.jpeg","width":771,"height":771,"caption":"Valet de chambre ann\u00e9es 70"},{"@type":"BreadcrumbList","@id":"https:\/\/lalmachine.com\/shop\/sasseoir\/chaise\/valet-de-chambre-annees-70\/#breadcrumb","itemListElement":[{"@type":"ListItem","position":1,"name":"Accueil","item":"https:\/\/lalmachine.com\/"},{"@type":"ListItem","position":2,"name":"Shop","item":"https:\/\/lalmachine.com\/shop\/"},{"@type":"ListItem","position":3,"name":"Valet de chambre ann\u00e9es 70"}]},{"@type":"WebSite","@id":"https:\/\/lalmachine.com\/#website","url":"https:\/\/lalmachine.com\/","name":"lalmachine.com","description":"Brocante en ligne Suisse | Mobilier et objets d\u00e9co vintage et design","potentialAction":[{"@type":"SearchAction","target":{"@type":"EntryPoint","urlTemplate":"https:\/\/lalmachine.com\/?s={search_term_string}"},"query-input":{"@type":"PropertyValueSpecification","valueRequired":true,"valueName":"search_term_string"}}],"inLanguage":"de"}]}},"_links":{"self":[{"href":"https:\/\/lalmachine.com\/de\/wp-json\/wp\/v2\/product\/359838","targetHints":{"allow":["GET"]}}],"collection":[{"href":"https:\/\/lalmachine.com\/de\/wp-json\/wp\/v2\/product"}],"about":[{"href":"https:\/\/lalmachine.com\/de\/wp-json\/wp\/v2\/types\/product"}],"wp:featuredmedia":[{"embeddable":true,"href":"https:\/\/lalmachine.com\/de\/wp-json\/wp\/v2\/media\/359932"}],"wp:attachment":[{"href":"https:\/\/lalmachine.com\/de\/wp-json\/wp\/v2\/media?parent=359838"}],"wp:term":[{"taxonomy":"product_brand","embeddable":true,"href":"https:\/\/lalmachine.com\/de\/wp-json\/wp\/v2\/product_brand?post=359838"},{"taxonomy":"product_cat","embeddable":true,"href":"https:\/\/lalmachine.com\/de\/wp-json\/wp\/v2\/product_cat?post=359838"},{"taxonomy":"product_tag","embeddable":true,"href":"https:\/\/lalmachine.com\/de\/wp-json\/wp\/v2\/product_tag?post=359838"},{"taxonomy":"proximite","embeddable":true,"href":"https:\/\/lalmachine.com\/de\/wp-json\/wp\/v2\/proximite?post=359838"}],"curies":[{"name":"wp","href":"https:\/\/api.w.org\/{rel}","templated":true}]}}