{"id":359897,"date":"2026-05-02T22:52:11","date_gmt":"2026-05-02T20:52:11","guid":{"rendered":"https:\/\/lalmachine.com\/?post_type=product&#038;p=359897"},"modified":"2026-05-04T09:35:29","modified_gmt":"2026-05-04T07:35:29","slug":"reveil","status":"publish","type":"product","link":"https:\/\/lalmachine.com\/de\/shop\/decorer\/horloge-reveil\/reveil\/","title":{"rendered":"R\u00e9veil"},"content":{"rendered":"","protected":false},"excerpt":{"rendered":"<p class=\"p1\"><span class=\"s1\">Authentique r\u00e9veil de la marque <\/span><span class=\"s2\">Ruhla<\/span><span class=\"s1\">, fabriqu\u00e9 en Allemagne de l&rsquo;Est (GDR\/RDA) dans les ann\u00e9es 1970-1980.<\/span><\/p>\n<ul class=\"ul1\">\n<li class=\"li1\"><span class=\"s2\">Design :<\/span><span class=\"s1\"> Look r\u00e9tro \u00ab\u00a0Space Age\u00a0\u00bb avec bo\u00eetier en plastique jaune vif et cadran noir aux chiffres stylis\u00e9s.<\/span><\/li>\n<li class=\"li1\"><span class=\"s2\">\u00c9tat :<\/span><span class=\"s1\"> Tr\u00e8s bon \u00e9tat esth\u00e9tique. L&rsquo;horloge et l&rsquo;alarme ont \u00e9t\u00e9 test\u00e9es et <\/span><span class=\"s2\">fonctionnent parfaitement<\/span><span class=\"s1\">.<\/span><\/li>\n<li class=\"li1\"><span class=\"s2\">Dimensions :<\/span><span class=\"s1\"> Format compact, id\u00e9al pour une table de nuit ou une d\u00e9coration vintage.<br \/>\nUn bel objet de collection pour les amateurs de design du milieu du si\u00e8cle.<\/span><\/li>\n<\/ul>","protected":false},"featured_media":359925,"template":"","meta":{"_et_pb_use_builder":"","_et_pb_old_content":"","_et_gb_content_width":""},"product_brand":[],"product_cat":[50,103],"product_tag":[],"proximite":[180],"class_list":{"0":"post-359897","1":"product","2":"type-product","3":"status-publish","4":"has-post-thumbnail","6":"product_cat-decorer","7":"product_cat-horloge-reveil","8":"proximite-geneve","10":"first","11":"instock","12":"shipping-taxable","13":"purchasable","14":"product-type-simple"},"yoast_head":"<!-- This site is optimized with the Yoast SEO plugin v27.4 - https:\/\/yoast.com\/product\/yoast-seo-wordpress\/ -->\n<title>R\u00e9veil | lalmachine.com<\/title>\n<meta name=\"description\" content=\"reveil\" \/>\n<meta name=\"robots\" content=\"index, follow, max-snippet:-1, max-image-preview:large, max-video-preview:-1\" \/>\n<link rel=\"canonical\" href=\"https:\/\/lalmachine.com\/de\/shop\/decorer\/horloge-reveil\/reveil\/\" \/>\n<meta property=\"og:locale\" content=\"de_DE\" \/>\n<meta property=\"og:type\" content=\"article\" \/>\n<meta property=\"og:title\" content=\"R\u00e9veil | lalmachine.com\" \/>\n<meta property=\"og:description\" content=\"reveil\" \/>\n<meta property=\"og:url\" content=\"https:\/\/lalmachine.com\/de\/shop\/decorer\/horloge-reveil\/reveil\/\" \/>\n<meta property=\"og:site_name\" content=\"lalmachine.com\" \/>\n<meta property=\"article:publisher\" content=\"https:\/\/facebook.com\/lalmachine\" \/>\n<meta property=\"article:modified_time\" content=\"2026-05-04T07:35:29+00:00\" \/>\n<meta property=\"og:image\" content=\"https:\/\/lalmachine.com\/wp-content\/uploads\/2026\/05\/IMG_2897_clipped_rev_1.jpeg\" \/>\n\t<meta property=\"og:image:width\" content=\"1288\" \/>\n\t<meta property=\"og:image:height\" content=\"1288\" \/>\n\t<meta property=\"og:image:type\" content=\"image\/jpeg\" \/>\n<meta name=\"twitter:card\" content=\"summary_large_image\" \/>\n<script type=\"application\/ld+json\" class=\"yoast-schema-graph\">{\"@context\":\"https:\\\/\\\/schema.org\",\"@graph\":[{\"@type\":\"WebPage\",\"@id\":\"https:\\\/\\\/lalmachine.com\\\/shop\\\/decorer\\\/horloge-reveil\\\/reveil\\\/\",\"url\":\"https:\\\/\\\/lalmachine.com\\\/shop\\\/decorer\\\/horloge-reveil\\\/reveil\\\/\",\"name\":\"R\u00e9veil | lalmachine.com\",\"isPartOf\":{\"@id\":\"https:\\\/\\\/lalmachine.com\\\/#website\"},\"primaryImageOfPage\":{\"@id\":\"https:\\\/\\\/lalmachine.com\\\/shop\\\/decorer\\\/horloge-reveil\\\/reveil\\\/#primaryimage\"},\"image\":{\"@id\":\"https:\\\/\\\/lalmachine.com\\\/shop\\\/decorer\\\/horloge-reveil\\\/reveil\\\/#primaryimage\"},\"thumbnailUrl\":\"https:\\\/\\\/lalmachine.com\\\/wp-content\\\/uploads\\\/2026\\\/05\\\/IMG_2897_clipped_rev_1.jpeg\",\"datePublished\":\"2026-05-02T20:52:11+00:00\",\"dateModified\":\"2026-05-04T07:35:29+00:00\",\"description\":\"reveil\",\"breadcrumb\":{\"@id\":\"https:\\\/\\\/lalmachine.com\\\/shop\\\/decorer\\\/horloge-reveil\\\/reveil\\\/#breadcrumb\"},\"inLanguage\":\"de\",\"potentialAction\":[{\"@type\":\"ReadAction\",\"target\":[\"https:\\\/\\\/lalmachine.com\\\/shop\\\/decorer\\\/horloge-reveil\\\/reveil\\\/\"]}]},{\"@type\":\"ImageObject\",\"inLanguage\":\"de\",\"@id\":\"https:\\\/\\\/lalmachine.com\\\/shop\\\/decorer\\\/horloge-reveil\\\/reveil\\\/#primaryimage\",\"url\":\"https:\\\/\\\/lalmachine.com\\\/wp-content\\\/uploads\\\/2026\\\/05\\\/IMG_2897_clipped_rev_1.jpeg\",\"contentUrl\":\"https:\\\/\\\/lalmachine.com\\\/wp-content\\\/uploads\\\/2026\\\/05\\\/IMG_2897_clipped_rev_1.jpeg\",\"width\":1288,\"height\":1288,\"caption\":\"reveil\"},{\"@type\":\"BreadcrumbList\",\"@id\":\"https:\\\/\\\/lalmachine.com\\\/shop\\\/decorer\\\/horloge-reveil\\\/reveil\\\/#breadcrumb\",\"itemListElement\":[{\"@type\":\"ListItem\",\"position\":1,\"name\":\"Accueil\",\"item\":\"https:\\\/\\\/lalmachine.com\\\/\"},{\"@type\":\"ListItem\",\"position\":2,\"name\":\"Shop\",\"item\":\"https:\\\/\\\/lalmachine.com\\\/shop\\\/\"},{\"@type\":\"ListItem\",\"position\":3,\"name\":\"R\u00e9veil\"}]},{\"@type\":\"WebSite\",\"@id\":\"https:\\\/\\\/lalmachine.com\\\/#website\",\"url\":\"https:\\\/\\\/lalmachine.com\\\/\",\"name\":\"lalmachine.com\",\"description\":\"Brocante en ligne Suisse | Mobilier et objets d\u00e9co vintage et design\",\"potentialAction\":[{\"@type\":\"SearchAction\",\"target\":{\"@type\":\"EntryPoint\",\"urlTemplate\":\"https:\\\/\\\/lalmachine.com\\\/?s={search_term_string}\"},\"query-input\":{\"@type\":\"PropertyValueSpecification\",\"valueRequired\":true,\"valueName\":\"search_term_string\"}}],\"inLanguage\":\"de\"}]}<\/script>\n<!-- \/ Yoast SEO plugin. -->","yoast_head_json":{"title":"R\u00e9veil | lalmachine.com","description":"reveil","robots":{"index":"index","follow":"follow","max-snippet":"max-snippet:-1","max-image-preview":"max-image-preview:large","max-video-preview":"max-video-preview:-1"},"canonical":"https:\/\/lalmachine.com\/de\/shop\/decorer\/horloge-reveil\/reveil\/","og_locale":"de_DE","og_type":"article","og_title":"R\u00e9veil | lalmachine.com","og_description":"reveil","og_url":"https:\/\/lalmachine.com\/de\/shop\/decorer\/horloge-reveil\/reveil\/","og_site_name":"lalmachine.com","article_publisher":"https:\/\/facebook.com\/lalmachine","article_modified_time":"2026-05-04T07:35:29+00:00","og_image":[{"width":1288,"height":1288,"url":"https:\/\/lalmachine.com\/wp-content\/uploads\/2026\/05\/IMG_2897_clipped_rev_1.jpeg","type":"image\/jpeg"}],"twitter_card":"summary_large_image","schema":{"@context":"https:\/\/schema.org","@graph":[{"@type":"WebPage","@id":"https:\/\/lalmachine.com\/shop\/decorer\/horloge-reveil\/reveil\/","url":"https:\/\/lalmachine.com\/shop\/decorer\/horloge-reveil\/reveil\/","name":"R\u00e9veil | lalmachine.com","isPartOf":{"@id":"https:\/\/lalmachine.com\/#website"},"primaryImageOfPage":{"@id":"https:\/\/lalmachine.com\/shop\/decorer\/horloge-reveil\/reveil\/#primaryimage"},"image":{"@id":"https:\/\/lalmachine.com\/shop\/decorer\/horloge-reveil\/reveil\/#primaryimage"},"thumbnailUrl":"https:\/\/lalmachine.com\/wp-content\/uploads\/2026\/05\/IMG_2897_clipped_rev_1.jpeg","datePublished":"2026-05-02T20:52:11+00:00","dateModified":"2026-05-04T07:35:29+00:00","description":"reveil","breadcrumb":{"@id":"https:\/\/lalmachine.com\/shop\/decorer\/horloge-reveil\/reveil\/#breadcrumb"},"inLanguage":"de","potentialAction":[{"@type":"ReadAction","target":["https:\/\/lalmachine.com\/shop\/decorer\/horloge-reveil\/reveil\/"]}]},{"@type":"ImageObject","inLanguage":"de","@id":"https:\/\/lalmachine.com\/shop\/decorer\/horloge-reveil\/reveil\/#primaryimage","url":"https:\/\/lalmachine.com\/wp-content\/uploads\/2026\/05\/IMG_2897_clipped_rev_1.jpeg","contentUrl":"https:\/\/lalmachine.com\/wp-content\/uploads\/2026\/05\/IMG_2897_clipped_rev_1.jpeg","width":1288,"height":1288,"caption":"reveil"},{"@type":"BreadcrumbList","@id":"https:\/\/lalmachine.com\/shop\/decorer\/horloge-reveil\/reveil\/#breadcrumb","itemListElement":[{"@type":"ListItem","position":1,"name":"Accueil","item":"https:\/\/lalmachine.com\/"},{"@type":"ListItem","position":2,"name":"Shop","item":"https:\/\/lalmachine.com\/shop\/"},{"@type":"ListItem","position":3,"name":"R\u00e9veil"}]},{"@type":"WebSite","@id":"https:\/\/lalmachine.com\/#website","url":"https:\/\/lalmachine.com\/","name":"lalmachine.com","description":"Brocante en ligne Suisse | Mobilier et objets d\u00e9co vintage et design","potentialAction":[{"@type":"SearchAction","target":{"@type":"EntryPoint","urlTemplate":"https:\/\/lalmachine.com\/?s={search_term_string}"},"query-input":{"@type":"PropertyValueSpecification","valueRequired":true,"valueName":"search_term_string"}}],"inLanguage":"de"}]}},"_links":{"self":[{"href":"https:\/\/lalmachine.com\/de\/wp-json\/wp\/v2\/product\/359897","targetHints":{"allow":["GET"]}}],"collection":[{"href":"https:\/\/lalmachine.com\/de\/wp-json\/wp\/v2\/product"}],"about":[{"href":"https:\/\/lalmachine.com\/de\/wp-json\/wp\/v2\/types\/product"}],"wp:featuredmedia":[{"embeddable":true,"href":"https:\/\/lalmachine.com\/de\/wp-json\/wp\/v2\/media\/359925"}],"wp:attachment":[{"href":"https:\/\/lalmachine.com\/de\/wp-json\/wp\/v2\/media?parent=359897"}],"wp:term":[{"taxonomy":"product_brand","embeddable":true,"href":"https:\/\/lalmachine.com\/de\/wp-json\/wp\/v2\/product_brand?post=359897"},{"taxonomy":"product_cat","embeddable":true,"href":"https:\/\/lalmachine.com\/de\/wp-json\/wp\/v2\/product_cat?post=359897"},{"taxonomy":"product_tag","embeddable":true,"href":"https:\/\/lalmachine.com\/de\/wp-json\/wp\/v2\/product_tag?post=359897"},{"taxonomy":"proximite","embeddable":true,"href":"https:\/\/lalmachine.com\/de\/wp-json\/wp\/v2\/proximite?post=359897"}],"curies":[{"name":"wp","href":"https:\/\/api.w.org\/{rel}","templated":true}]}}