{"id":360202,"date":"2026-05-04T16:32:01","date_gmt":"2026-05-04T14:32:01","guid":{"rendered":"https:\/\/lalmachine.com\/?post_type=product&#038;p=360202"},"modified":"2026-05-04T16:32:04","modified_gmt":"2026-05-04T14:32:04","slug":"bureau-industriel-bigla-suisse","status":"publish","type":"product","link":"https:\/\/lalmachine.com\/de\/shop\/meubler\/bureau\/bureau-industriel-bigla-suisse\/","title":{"rendered":"Bureau industriel Bigla Suisse"},"content":{"rendered":"<ul class=\"wpuf_customs\"><li style=\"list-style-type:none;\"><label>Autres photos:<\/label> <a href=\"https:\/\/lalmachine.com\/wp-content\/uploads\/2026\/05\/DSC08003-Photoroom.jpeg\"><img loading=\"lazy\" decoding=\"async\" width=\"64\" height=\"96\" src=\"https:\/\/lalmachine.com\/wp-content\/uploads\/2026\/05\/DSC08003-Photoroom.jpeg\" class=\"attachment-thumbnail size-thumbnail\" alt=\"\" \/><\/a> <a href=\"https:\/\/lalmachine.com\/wp-content\/uploads\/2026\/05\/DSC08005-Photoroom.jpeg\"><img loading=\"lazy\" decoding=\"async\" width=\"64\" height=\"96\" src=\"https:\/\/lalmachine.com\/wp-content\/uploads\/2026\/05\/DSC08005-Photoroom.jpeg\" class=\"attachment-thumbnail size-thumbnail\" alt=\"\" \/><\/a> <a href=\"https:\/\/lalmachine.com\/wp-content\/uploads\/2026\/05\/DSC08008-Photoroom.jpeg\"><img loading=\"lazy\" decoding=\"async\" width=\"64\" height=\"96\" src=\"https:\/\/lalmachine.com\/wp-content\/uploads\/2026\/05\/DSC08008-Photoroom.jpeg\" class=\"attachment-thumbnail size-thumbnail\" alt=\"\" \/><\/a> <a href=\"https:\/\/lalmachine.com\/wp-content\/uploads\/2026\/05\/DSC08010-Photoroom.jpeg\"><img loading=\"lazy\" decoding=\"async\" width=\"64\" height=\"96\" src=\"https:\/\/lalmachine.com\/wp-content\/uploads\/2026\/05\/DSC08010-Photoroom.jpeg\" class=\"attachment-thumbnail size-thumbnail\" alt=\"\" \/><\/a> <a href=\"https:\/\/lalmachine.com\/wp-content\/uploads\/2026\/05\/DSC08011-Photoroom.jpeg\"><img loading=\"lazy\" decoding=\"async\" width=\"64\" height=\"96\" src=\"https:\/\/lalmachine.com\/wp-content\/uploads\/2026\/05\/DSC08011-Photoroom.jpeg\" class=\"attachment-thumbnail size-thumbnail\" alt=\"\" \/><\/a> <a href=\"https:\/\/lalmachine.com\/wp-content\/uploads\/2026\/05\/DSC08017-Photoroom.jpeg\"><img loading=\"lazy\" decoding=\"async\" width=\"64\" height=\"96\" src=\"https:\/\/lalmachine.com\/wp-content\/uploads\/2026\/05\/DSC08017-Photoroom.jpeg\" class=\"attachment-thumbnail size-thumbnail\" alt=\"\" \/><\/a> <\/li>        <li class=\"wpuf-field-data wpuf-field-data-numeric_text_field\">\n                            <label>Prix:<\/label>\n                        500        <\/li>\n                <li class=\"wpuf-field-data wpuf-field-data-numeric_text_field\">\n                            <label>Quantit\u00e9:<\/label>\n                        1        <\/li>\n                <li class=\"wpuf-field-data wpuf-field-data-numeric_text_field\">\n                            <label>Hauteur (cm):<\/label>\n                        70        <\/li>\n                <li class=\"wpuf-field-data wpuf-field-data-numeric_text_field\">\n                            <label>Largeur (cm):<\/label>\n                        110        <\/li>\n                <li class=\"wpuf-field-data wpuf-field-data-numeric_text_field\">\n                            <label>Profondeur (cm):<\/label>\n                        60        <\/li>\n        <\/ul>","protected":false},"excerpt":{"rendered":"<p>Bureau fabriqu\u00e9 par la maison suisse Bigla, un classique du design industriel Suisse des ann\u00e9es 1960\u2019s \/ 1970\u2019s. Il se distingue par une structure \u00e9pur\u00e9e en acier chrom\u00e9 et un caisson suspendu brun m\u00e9tallique lat\u00e9ral, \u00e0 2 tiroirs munie de s\u00e9parateur ainsi qu\u2019un plateau organisateur d\u2019outils de bureaux ayant l\u2019inscription Bigla. Les poign\u00e9es horizontales concaves en aluminium sont typiques de la marque et se retrouvent sur leurs c\u00e9l\u00e8bres \u00ab corps de bureau \u00bb (caissons \u00e0 tiroirs).<br \/>\nLe plateau est recouvert de Resopal (un stratifi\u00e9 haute pression) offrant une surface de travail robuste et facile \u00e0 entretenir.<br \/>\nR\u00e9put\u00e9 pour sa solidit\u00e9 et son poids important, ce bureau dispose de tiroirs mont\u00e9s sur des rails coulissants de haute pr\u00e9cision.<br \/>\nBigla est un fabricant suisse, originaire de Biglen dans le canton de Berne, veritable institution dans le mobilier de bureau m\u00e9tallique depuis 1904.<\/p>","protected":false},"featured_media":360307,"template":"","meta":{"_et_pb_use_builder":"","_et_pb_old_content":"","_et_gb_content_width":""},"product_brand":[],"product_cat":[85,47],"product_tag":[],"proximite":[177,233],"class_list":{"0":"post-360202","1":"product","2":"type-product","3":"status-publish","4":"has-post-thumbnail","6":"product_cat-bureau","7":"product_cat-meubler","8":"pa_couleur-marron","9":"pa_etat-tres-bon-etat","10":"pa_materiau-metal","11":"pa_style-industriel","12":"proximite-fribourg","13":"proximite-gruyere","15":"first","16":"instock","17":"shipping-taxable","18":"purchasable","19":"product-type-simple"},"yoast_head":"<!-- This site is optimized with the Yoast SEO plugin v27.4 - https:\/\/yoast.com\/product\/yoast-seo-wordpress\/ -->\n<title>Bureau industriel Bigla Suisse | lalmachine.com, mobilier et objets d\u00e9co vintage et design<\/title>\n<meta name=\"description\" content=\"Bureau industriel Bigla Suisse\" \/>\n<meta name=\"robots\" content=\"index, follow, max-snippet:-1, max-image-preview:large, max-video-preview:-1\" \/>\n<link rel=\"canonical\" href=\"https:\/\/lalmachine.com\/de\/shop\/meubler\/bureau\/bureau-industriel-bigla-suisse\/\" \/>\n<meta property=\"og:locale\" content=\"de_DE\" \/>\n<meta property=\"og:type\" content=\"article\" \/>\n<meta property=\"og:title\" content=\"Bureau industriel Bigla Suisse | lalmachine.com, mobilier et objets d\u00e9co vintage et design\" \/>\n<meta property=\"og:description\" content=\"Bureau industriel Bigla Suisse\" \/>\n<meta property=\"og:url\" content=\"https:\/\/lalmachine.com\/de\/shop\/meubler\/bureau\/bureau-industriel-bigla-suisse\/\" \/>\n<meta property=\"og:site_name\" content=\"lalmachine.com\" \/>\n<meta property=\"article:publisher\" content=\"https:\/\/facebook.com\/lalmachine\" \/>\n<meta property=\"article:modified_time\" content=\"2026-05-04T14:32:04+00:00\" \/>\n<meta property=\"og:image\" content=\"https:\/\/lalmachine.com\/wp-content\/uploads\/2026\/05\/Photoroom_20260428_125004_clipped_rev_1.jpeg\" \/>\n\t<meta property=\"og:image:width\" content=\"2391\" \/>\n\t<meta property=\"og:image:height\" content=\"2390\" \/>\n\t<meta property=\"og:image:type\" content=\"image\/jpeg\" \/>\n<meta name=\"twitter:card\" content=\"summary_large_image\" \/>\n<script type=\"application\/ld+json\" class=\"yoast-schema-graph\">{\"@context\":\"https:\\\/\\\/schema.org\",\"@graph\":[{\"@type\":\"WebPage\",\"@id\":\"https:\\\/\\\/lalmachine.com\\\/shop\\\/meubler\\\/bureau\\\/bureau-industriel-bigla-suisse\\\/\",\"url\":\"https:\\\/\\\/lalmachine.com\\\/shop\\\/meubler\\\/bureau\\\/bureau-industriel-bigla-suisse\\\/\",\"name\":\"Bureau industriel Bigla Suisse | lalmachine.com, mobilier et objets d\u00e9co vintage et design\",\"isPartOf\":{\"@id\":\"https:\\\/\\\/lalmachine.com\\\/#website\"},\"primaryImageOfPage\":{\"@id\":\"https:\\\/\\\/lalmachine.com\\\/shop\\\/meubler\\\/bureau\\\/bureau-industriel-bigla-suisse\\\/#primaryimage\"},\"image\":{\"@id\":\"https:\\\/\\\/lalmachine.com\\\/shop\\\/meubler\\\/bureau\\\/bureau-industriel-bigla-suisse\\\/#primaryimage\"},\"thumbnailUrl\":\"https:\\\/\\\/lalmachine.com\\\/wp-content\\\/uploads\\\/2026\\\/05\\\/Photoroom_20260428_125004_clipped_rev_1.jpeg\",\"datePublished\":\"2026-05-04T14:32:01+00:00\",\"dateModified\":\"2026-05-04T14:32:04+00:00\",\"description\":\"Bureau industriel Bigla Suisse\",\"breadcrumb\":{\"@id\":\"https:\\\/\\\/lalmachine.com\\\/shop\\\/meubler\\\/bureau\\\/bureau-industriel-bigla-suisse\\\/#breadcrumb\"},\"inLanguage\":\"de\",\"potentialAction\":[{\"@type\":\"ReadAction\",\"target\":[\"https:\\\/\\\/lalmachine.com\\\/shop\\\/meubler\\\/bureau\\\/bureau-industriel-bigla-suisse\\\/\"]}]},{\"@type\":\"ImageObject\",\"inLanguage\":\"de\",\"@id\":\"https:\\\/\\\/lalmachine.com\\\/shop\\\/meubler\\\/bureau\\\/bureau-industriel-bigla-suisse\\\/#primaryimage\",\"url\":\"https:\\\/\\\/lalmachine.com\\\/wp-content\\\/uploads\\\/2026\\\/05\\\/Photoroom_20260428_125004_clipped_rev_1.jpeg\",\"contentUrl\":\"https:\\\/\\\/lalmachine.com\\\/wp-content\\\/uploads\\\/2026\\\/05\\\/Photoroom_20260428_125004_clipped_rev_1.jpeg\",\"width\":2391,\"height\":2390,\"caption\":\"Bureau industriel Bigla Suisse\"},{\"@type\":\"BreadcrumbList\",\"@id\":\"https:\\\/\\\/lalmachine.com\\\/shop\\\/meubler\\\/bureau\\\/bureau-industriel-bigla-suisse\\\/#breadcrumb\",\"itemListElement\":[{\"@type\":\"ListItem\",\"position\":1,\"name\":\"Accueil\",\"item\":\"https:\\\/\\\/lalmachine.com\\\/\"},{\"@type\":\"ListItem\",\"position\":2,\"name\":\"Shop\",\"item\":\"https:\\\/\\\/lalmachine.com\\\/shop\\\/\"},{\"@type\":\"ListItem\",\"position\":3,\"name\":\"Bureau industriel Bigla Suisse\"}]},{\"@type\":\"WebSite\",\"@id\":\"https:\\\/\\\/lalmachine.com\\\/#website\",\"url\":\"https:\\\/\\\/lalmachine.com\\\/\",\"name\":\"lalmachine.com\",\"description\":\"Brocante en ligne Suisse | Mobilier et objets d\u00e9co vintage et design\",\"potentialAction\":[{\"@type\":\"SearchAction\",\"target\":{\"@type\":\"EntryPoint\",\"urlTemplate\":\"https:\\\/\\\/lalmachine.com\\\/?s={search_term_string}\"},\"query-input\":{\"@type\":\"PropertyValueSpecification\",\"valueRequired\":true,\"valueName\":\"search_term_string\"}}],\"inLanguage\":\"de\"}]}<\/script>\n<!-- \/ Yoast SEO plugin. -->","yoast_head_json":{"title":"Bureau industriel Bigla Suisse | lalmachine.com, mobilier et objets d\u00e9co vintage et design","description":"Bureau industriel Bigla Suisse","robots":{"index":"index","follow":"follow","max-snippet":"max-snippet:-1","max-image-preview":"max-image-preview:large","max-video-preview":"max-video-preview:-1"},"canonical":"https:\/\/lalmachine.com\/de\/shop\/meubler\/bureau\/bureau-industriel-bigla-suisse\/","og_locale":"de_DE","og_type":"article","og_title":"Bureau industriel Bigla Suisse | lalmachine.com, mobilier et objets d\u00e9co vintage et design","og_description":"Bureau industriel Bigla Suisse","og_url":"https:\/\/lalmachine.com\/de\/shop\/meubler\/bureau\/bureau-industriel-bigla-suisse\/","og_site_name":"lalmachine.com","article_publisher":"https:\/\/facebook.com\/lalmachine","article_modified_time":"2026-05-04T14:32:04+00:00","og_image":[{"width":2391,"height":2390,"url":"https:\/\/lalmachine.com\/wp-content\/uploads\/2026\/05\/Photoroom_20260428_125004_clipped_rev_1.jpeg","type":"image\/jpeg"}],"twitter_card":"summary_large_image","schema":{"@context":"https:\/\/schema.org","@graph":[{"@type":"WebPage","@id":"https:\/\/lalmachine.com\/shop\/meubler\/bureau\/bureau-industriel-bigla-suisse\/","url":"https:\/\/lalmachine.com\/shop\/meubler\/bureau\/bureau-industriel-bigla-suisse\/","name":"Bureau industriel Bigla Suisse | lalmachine.com, mobilier et objets d\u00e9co vintage et design","isPartOf":{"@id":"https:\/\/lalmachine.com\/#website"},"primaryImageOfPage":{"@id":"https:\/\/lalmachine.com\/shop\/meubler\/bureau\/bureau-industriel-bigla-suisse\/#primaryimage"},"image":{"@id":"https:\/\/lalmachine.com\/shop\/meubler\/bureau\/bureau-industriel-bigla-suisse\/#primaryimage"},"thumbnailUrl":"https:\/\/lalmachine.com\/wp-content\/uploads\/2026\/05\/Photoroom_20260428_125004_clipped_rev_1.jpeg","datePublished":"2026-05-04T14:32:01+00:00","dateModified":"2026-05-04T14:32:04+00:00","description":"Bureau industriel Bigla Suisse","breadcrumb":{"@id":"https:\/\/lalmachine.com\/shop\/meubler\/bureau\/bureau-industriel-bigla-suisse\/#breadcrumb"},"inLanguage":"de","potentialAction":[{"@type":"ReadAction","target":["https:\/\/lalmachine.com\/shop\/meubler\/bureau\/bureau-industriel-bigla-suisse\/"]}]},{"@type":"ImageObject","inLanguage":"de","@id":"https:\/\/lalmachine.com\/shop\/meubler\/bureau\/bureau-industriel-bigla-suisse\/#primaryimage","url":"https:\/\/lalmachine.com\/wp-content\/uploads\/2026\/05\/Photoroom_20260428_125004_clipped_rev_1.jpeg","contentUrl":"https:\/\/lalmachine.com\/wp-content\/uploads\/2026\/05\/Photoroom_20260428_125004_clipped_rev_1.jpeg","width":2391,"height":2390,"caption":"Bureau industriel Bigla Suisse"},{"@type":"BreadcrumbList","@id":"https:\/\/lalmachine.com\/shop\/meubler\/bureau\/bureau-industriel-bigla-suisse\/#breadcrumb","itemListElement":[{"@type":"ListItem","position":1,"name":"Accueil","item":"https:\/\/lalmachine.com\/"},{"@type":"ListItem","position":2,"name":"Shop","item":"https:\/\/lalmachine.com\/shop\/"},{"@type":"ListItem","position":3,"name":"Bureau industriel Bigla Suisse"}]},{"@type":"WebSite","@id":"https:\/\/lalmachine.com\/#website","url":"https:\/\/lalmachine.com\/","name":"lalmachine.com","description":"Brocante en ligne Suisse | Mobilier et objets d\u00e9co vintage et design","potentialAction":[{"@type":"SearchAction","target":{"@type":"EntryPoint","urlTemplate":"https:\/\/lalmachine.com\/?s={search_term_string}"},"query-input":{"@type":"PropertyValueSpecification","valueRequired":true,"valueName":"search_term_string"}}],"inLanguage":"de"}]}},"_links":{"self":[{"href":"https:\/\/lalmachine.com\/de\/wp-json\/wp\/v2\/product\/360202","targetHints":{"allow":["GET"]}}],"collection":[{"href":"https:\/\/lalmachine.com\/de\/wp-json\/wp\/v2\/product"}],"about":[{"href":"https:\/\/lalmachine.com\/de\/wp-json\/wp\/v2\/types\/product"}],"wp:featuredmedia":[{"embeddable":true,"href":"https:\/\/lalmachine.com\/de\/wp-json\/wp\/v2\/media\/360307"}],"wp:attachment":[{"href":"https:\/\/lalmachine.com\/de\/wp-json\/wp\/v2\/media?parent=360202"}],"wp:term":[{"taxonomy":"product_brand","embeddable":true,"href":"https:\/\/lalmachine.com\/de\/wp-json\/wp\/v2\/product_brand?post=360202"},{"taxonomy":"product_cat","embeddable":true,"href":"https:\/\/lalmachine.com\/de\/wp-json\/wp\/v2\/product_cat?post=360202"},{"taxonomy":"product_tag","embeddable":true,"href":"https:\/\/lalmachine.com\/de\/wp-json\/wp\/v2\/product_tag?post=360202"},{"taxonomy":"proximite","embeddable":true,"href":"https:\/\/lalmachine.com\/de\/wp-json\/wp\/v2\/proximite?post=360202"}],"curies":[{"name":"wp","href":"https:\/\/api.w.org\/{rel}","templated":true}]}}