{"id":360228,"date":"2026-05-04T17:01:45","date_gmt":"2026-05-04T15:01:45","guid":{"rendered":"https:\/\/lalmachine.com\/?post_type=product&#038;p=360228"},"modified":"2026-05-04T17:01:46","modified_gmt":"2026-05-04T15:01:46","slug":"table-basse-de-style-willy-rizzo","status":"publish","type":"product","link":"https:\/\/lalmachine.com\/de\/shop\/meubler\/table-basse-dappoint\/table-basse-de-style-willy-rizzo\/","title":{"rendered":"Table basse de style Willy Rizzo"},"content":{"rendered":"<ul class=\"wpuf_customs\"><li style=\"list-style-type:none;\"><label>Autres photos:<\/label> <a href=\"https:\/\/lalmachine.com\/wp-content\/uploads\/2026\/05\/DSC08578-Photoroom.jpeg\"><img loading=\"lazy\" decoding=\"async\" width=\"128\" height=\"85\" src=\"https:\/\/lalmachine.com\/wp-content\/uploads\/2026\/05\/DSC08578-Photoroom.jpeg\" class=\"attachment-thumbnail size-thumbnail\" alt=\"\" \/><\/a> <a href=\"https:\/\/lalmachine.com\/wp-content\/uploads\/2026\/05\/DSC08581-Photoroom.jpeg\"><img loading=\"lazy\" decoding=\"async\" width=\"64\" height=\"96\" src=\"https:\/\/lalmachine.com\/wp-content\/uploads\/2026\/05\/DSC08581-Photoroom.jpeg\" class=\"attachment-thumbnail size-thumbnail\" alt=\"\" \/><\/a> <a href=\"https:\/\/lalmachine.com\/wp-content\/uploads\/2026\/05\/DSC08583-Photoroom.jpeg\"><img loading=\"lazy\" decoding=\"async\" width=\"64\" height=\"96\" src=\"https:\/\/lalmachine.com\/wp-content\/uploads\/2026\/05\/DSC08583-Photoroom.jpeg\" class=\"attachment-thumbnail size-thumbnail\" alt=\"\" \/><\/a> <a href=\"https:\/\/lalmachine.com\/wp-content\/uploads\/2026\/05\/DSC08585-Photoroom.jpeg\"><img loading=\"lazy\" decoding=\"async\" width=\"128\" height=\"85\" src=\"https:\/\/lalmachine.com\/wp-content\/uploads\/2026\/05\/DSC08585-Photoroom.jpeg\" class=\"attachment-thumbnail size-thumbnail\" alt=\"\" \/><\/a> <a href=\"https:\/\/lalmachine.com\/wp-content\/uploads\/2026\/05\/DSC08588-Photoroom.jpeg\"><img loading=\"lazy\" decoding=\"async\" width=\"64\" height=\"96\" src=\"https:\/\/lalmachine.com\/wp-content\/uploads\/2026\/05\/DSC08588-Photoroom.jpeg\" class=\"attachment-thumbnail size-thumbnail\" alt=\"\" \/><\/a> <a href=\"https:\/\/lalmachine.com\/wp-content\/uploads\/2026\/05\/DSC08592-Photoroom.jpeg\"><img loading=\"lazy\" decoding=\"async\" width=\"64\" height=\"96\" src=\"https:\/\/lalmachine.com\/wp-content\/uploads\/2026\/05\/DSC08592-Photoroom.jpeg\" class=\"attachment-thumbnail size-thumbnail\" alt=\"\" \/><\/a> <a href=\"https:\/\/lalmachine.com\/wp-content\/uploads\/2026\/05\/DSC08595-Photoroom.jpeg\"><img loading=\"lazy\" decoding=\"async\" width=\"64\" height=\"96\" src=\"https:\/\/lalmachine.com\/wp-content\/uploads\/2026\/05\/DSC08595-Photoroom.jpeg\" class=\"attachment-thumbnail size-thumbnail\" alt=\"\" \/><\/a> <a href=\"https:\/\/lalmachine.com\/wp-content\/uploads\/2026\/05\/DSC08605-Photoroom.jpeg\"><img loading=\"lazy\" decoding=\"async\" width=\"64\" height=\"96\" src=\"https:\/\/lalmachine.com\/wp-content\/uploads\/2026\/05\/DSC08605-Photoroom.jpeg\" class=\"attachment-thumbnail size-thumbnail\" alt=\"\" \/><\/a> <a href=\"https:\/\/lalmachine.com\/wp-content\/uploads\/2026\/05\/DSC08607-Photoroom.jpeg\"><img loading=\"lazy\" decoding=\"async\" width=\"128\" height=\"85\" src=\"https:\/\/lalmachine.com\/wp-content\/uploads\/2026\/05\/DSC08607-Photoroom.jpeg\" class=\"attachment-thumbnail size-thumbnail\" alt=\"\" \/><\/a> <\/li>        <li class=\"wpuf-field-data wpuf-field-data-numeric_text_field\">\n                            <label>Prix:<\/label>\n                        850        <\/li>\n                <li class=\"wpuf-field-data wpuf-field-data-numeric_text_field\">\n                            <label>Quantit\u00e9:<\/label>\n                        1        <\/li>\n                <li class=\"wpuf-field-data wpuf-field-data-numeric_text_field\">\n                            <label>Hauteur (cm):<\/label>\n                        36        <\/li>\n                <li class=\"wpuf-field-data wpuf-field-data-numeric_text_field\">\n                            <label>Largeur (cm):<\/label>\n                        100        <\/li>\n                <li class=\"wpuf-field-data wpuf-field-data-numeric_text_field\">\n                            <label>Profondeur (cm):<\/label>\n                        100        <\/li>\n        <\/ul>","protected":false},"excerpt":{"rendered":"<p>Table basse de style Willy Rizzo, une pi\u00e8ce de design embl\u00e9matique des ann\u00e9es 1970\u2019s. Ce mod\u00e8le se caract\u00e9rise par son esth\u00e9tique minimaliste et luxueuse, typique du design italien de cette \u00e9poque.<br \/>\nLa table pr\u00e9sente un plateau carr\u00e9 avec un encadrement en aluminum bross\u00e9, cr\u00e9ant un contraste visuel fort avec le centre de la table qui lui est en verre fum\u00e9 noir. Elle repose sur une base en retrait centrale en bois de couleur noir, ce qui lui donne un aspect \u00ab flottant \u00bb. Bien que ce mod\u00e8le pr\u00e9cis soit souvent d\u00e9crit comme \u00e9tant \u00ab dans le go\u00fbt de \u00bb ou \u00ab dans le style de \u00bb Willy Rizzo, le designer italien est c\u00e9l\u00e8bre pour avoir popularis\u00e9 ce type de mobilier.<\/p>","protected":false},"featured_media":360328,"template":"","meta":{"_et_pb_use_builder":"","_et_pb_old_content":"","_et_gb_content_width":""},"product_brand":[],"product_cat":[47,459],"product_tag":[],"proximite":[177,233],"class_list":{"0":"post-360228","1":"product","2":"type-product","3":"status-publish","4":"has-post-thumbnail","6":"product_cat-meubler","7":"product_cat-table-basse-dappoint","8":"pa_couleur-gris","9":"pa_etat-bon-etat","10":"pa_materiau-verre","11":"pa_style-design","12":"proximite-fribourg","13":"proximite-gruyere","15":"first","16":"instock","17":"shipping-taxable","18":"purchasable","19":"product-type-simple"},"yoast_head":"<!-- This site is optimized with the Yoast SEO plugin v27.4 - https:\/\/yoast.com\/product\/yoast-seo-wordpress\/ -->\n<title>Table basse de style Willy Rizzo | lalmachine.com<\/title>\n<meta name=\"description\" content=\"Table basse de style Willy Rizzo\" \/>\n<meta name=\"robots\" content=\"index, follow, max-snippet:-1, max-image-preview:large, max-video-preview:-1\" \/>\n<link rel=\"canonical\" href=\"https:\/\/lalmachine.com\/de\/shop\/meubler\/table-basse-dappoint\/table-basse-de-style-willy-rizzo\/\" \/>\n<meta property=\"og:locale\" content=\"de_DE\" \/>\n<meta property=\"og:type\" content=\"article\" \/>\n<meta property=\"og:title\" content=\"Table basse de style Willy Rizzo | lalmachine.com\" \/>\n<meta property=\"og:description\" content=\"Table basse de style Willy Rizzo\" \/>\n<meta property=\"og:url\" content=\"https:\/\/lalmachine.com\/de\/shop\/meubler\/table-basse-dappoint\/table-basse-de-style-willy-rizzo\/\" \/>\n<meta property=\"og:site_name\" content=\"lalmachine.com\" \/>\n<meta property=\"article:publisher\" content=\"https:\/\/facebook.com\/lalmachine\" \/>\n<meta property=\"article:modified_time\" content=\"2026-05-04T15:01:46+00:00\" \/>\n<meta property=\"og:image\" content=\"https:\/\/lalmachine.com\/wp-content\/uploads\/2026\/05\/Photoroom_20260429_172727_clipped_rev_1.jpeg\" \/>\n\t<meta property=\"og:image:width\" content=\"1709\" \/>\n\t<meta property=\"og:image:height\" content=\"1709\" \/>\n\t<meta property=\"og:image:type\" content=\"image\/jpeg\" \/>\n<meta name=\"twitter:card\" content=\"summary_large_image\" \/>\n<script type=\"application\/ld+json\" class=\"yoast-schema-graph\">{\"@context\":\"https:\\\/\\\/schema.org\",\"@graph\":[{\"@type\":\"WebPage\",\"@id\":\"https:\\\/\\\/lalmachine.com\\\/shop\\\/meubler\\\/table-basse-dappoint\\\/table-basse-de-style-willy-rizzo\\\/\",\"url\":\"https:\\\/\\\/lalmachine.com\\\/shop\\\/meubler\\\/table-basse-dappoint\\\/table-basse-de-style-willy-rizzo\\\/\",\"name\":\"Table basse de style Willy Rizzo | lalmachine.com\",\"isPartOf\":{\"@id\":\"https:\\\/\\\/lalmachine.com\\\/#website\"},\"primaryImageOfPage\":{\"@id\":\"https:\\\/\\\/lalmachine.com\\\/shop\\\/meubler\\\/table-basse-dappoint\\\/table-basse-de-style-willy-rizzo\\\/#primaryimage\"},\"image\":{\"@id\":\"https:\\\/\\\/lalmachine.com\\\/shop\\\/meubler\\\/table-basse-dappoint\\\/table-basse-de-style-willy-rizzo\\\/#primaryimage\"},\"thumbnailUrl\":\"https:\\\/\\\/lalmachine.com\\\/wp-content\\\/uploads\\\/2026\\\/05\\\/Photoroom_20260429_172727_clipped_rev_1.jpeg\",\"datePublished\":\"2026-05-04T15:01:45+00:00\",\"dateModified\":\"2026-05-04T15:01:46+00:00\",\"description\":\"Table basse de style Willy Rizzo\",\"breadcrumb\":{\"@id\":\"https:\\\/\\\/lalmachine.com\\\/shop\\\/meubler\\\/table-basse-dappoint\\\/table-basse-de-style-willy-rizzo\\\/#breadcrumb\"},\"inLanguage\":\"de\",\"potentialAction\":[{\"@type\":\"ReadAction\",\"target\":[\"https:\\\/\\\/lalmachine.com\\\/shop\\\/meubler\\\/table-basse-dappoint\\\/table-basse-de-style-willy-rizzo\\\/\"]}]},{\"@type\":\"ImageObject\",\"inLanguage\":\"de\",\"@id\":\"https:\\\/\\\/lalmachine.com\\\/shop\\\/meubler\\\/table-basse-dappoint\\\/table-basse-de-style-willy-rizzo\\\/#primaryimage\",\"url\":\"https:\\\/\\\/lalmachine.com\\\/wp-content\\\/uploads\\\/2026\\\/05\\\/Photoroom_20260429_172727_clipped_rev_1.jpeg\",\"contentUrl\":\"https:\\\/\\\/lalmachine.com\\\/wp-content\\\/uploads\\\/2026\\\/05\\\/Photoroom_20260429_172727_clipped_rev_1.jpeg\",\"width\":1709,\"height\":1709,\"caption\":\"Table basse de style Willy Rizzo\"},{\"@type\":\"BreadcrumbList\",\"@id\":\"https:\\\/\\\/lalmachine.com\\\/shop\\\/meubler\\\/table-basse-dappoint\\\/table-basse-de-style-willy-rizzo\\\/#breadcrumb\",\"itemListElement\":[{\"@type\":\"ListItem\",\"position\":1,\"name\":\"Accueil\",\"item\":\"https:\\\/\\\/lalmachine.com\\\/\"},{\"@type\":\"ListItem\",\"position\":2,\"name\":\"Shop\",\"item\":\"https:\\\/\\\/lalmachine.com\\\/shop\\\/\"},{\"@type\":\"ListItem\",\"position\":3,\"name\":\"Table basse de style Willy Rizzo\"}]},{\"@type\":\"WebSite\",\"@id\":\"https:\\\/\\\/lalmachine.com\\\/#website\",\"url\":\"https:\\\/\\\/lalmachine.com\\\/\",\"name\":\"lalmachine.com\",\"description\":\"Brocante en ligne Suisse | Mobilier et objets d\u00e9co vintage et design\",\"potentialAction\":[{\"@type\":\"SearchAction\",\"target\":{\"@type\":\"EntryPoint\",\"urlTemplate\":\"https:\\\/\\\/lalmachine.com\\\/?s={search_term_string}\"},\"query-input\":{\"@type\":\"PropertyValueSpecification\",\"valueRequired\":true,\"valueName\":\"search_term_string\"}}],\"inLanguage\":\"de\"}]}<\/script>\n<!-- \/ Yoast SEO plugin. -->","yoast_head_json":{"title":"Table basse de style Willy Rizzo | lalmachine.com","description":"Table basse de style Willy Rizzo","robots":{"index":"index","follow":"follow","max-snippet":"max-snippet:-1","max-image-preview":"max-image-preview:large","max-video-preview":"max-video-preview:-1"},"canonical":"https:\/\/lalmachine.com\/de\/shop\/meubler\/table-basse-dappoint\/table-basse-de-style-willy-rizzo\/","og_locale":"de_DE","og_type":"article","og_title":"Table basse de style Willy Rizzo | lalmachine.com","og_description":"Table basse de style Willy Rizzo","og_url":"https:\/\/lalmachine.com\/de\/shop\/meubler\/table-basse-dappoint\/table-basse-de-style-willy-rizzo\/","og_site_name":"lalmachine.com","article_publisher":"https:\/\/facebook.com\/lalmachine","article_modified_time":"2026-05-04T15:01:46+00:00","og_image":[{"width":1709,"height":1709,"url":"https:\/\/lalmachine.com\/wp-content\/uploads\/2026\/05\/Photoroom_20260429_172727_clipped_rev_1.jpeg","type":"image\/jpeg"}],"twitter_card":"summary_large_image","schema":{"@context":"https:\/\/schema.org","@graph":[{"@type":"WebPage","@id":"https:\/\/lalmachine.com\/shop\/meubler\/table-basse-dappoint\/table-basse-de-style-willy-rizzo\/","url":"https:\/\/lalmachine.com\/shop\/meubler\/table-basse-dappoint\/table-basse-de-style-willy-rizzo\/","name":"Table basse de style Willy Rizzo | lalmachine.com","isPartOf":{"@id":"https:\/\/lalmachine.com\/#website"},"primaryImageOfPage":{"@id":"https:\/\/lalmachine.com\/shop\/meubler\/table-basse-dappoint\/table-basse-de-style-willy-rizzo\/#primaryimage"},"image":{"@id":"https:\/\/lalmachine.com\/shop\/meubler\/table-basse-dappoint\/table-basse-de-style-willy-rizzo\/#primaryimage"},"thumbnailUrl":"https:\/\/lalmachine.com\/wp-content\/uploads\/2026\/05\/Photoroom_20260429_172727_clipped_rev_1.jpeg","datePublished":"2026-05-04T15:01:45+00:00","dateModified":"2026-05-04T15:01:46+00:00","description":"Table basse de style Willy Rizzo","breadcrumb":{"@id":"https:\/\/lalmachine.com\/shop\/meubler\/table-basse-dappoint\/table-basse-de-style-willy-rizzo\/#breadcrumb"},"inLanguage":"de","potentialAction":[{"@type":"ReadAction","target":["https:\/\/lalmachine.com\/shop\/meubler\/table-basse-dappoint\/table-basse-de-style-willy-rizzo\/"]}]},{"@type":"ImageObject","inLanguage":"de","@id":"https:\/\/lalmachine.com\/shop\/meubler\/table-basse-dappoint\/table-basse-de-style-willy-rizzo\/#primaryimage","url":"https:\/\/lalmachine.com\/wp-content\/uploads\/2026\/05\/Photoroom_20260429_172727_clipped_rev_1.jpeg","contentUrl":"https:\/\/lalmachine.com\/wp-content\/uploads\/2026\/05\/Photoroom_20260429_172727_clipped_rev_1.jpeg","width":1709,"height":1709,"caption":"Table basse de style Willy Rizzo"},{"@type":"BreadcrumbList","@id":"https:\/\/lalmachine.com\/shop\/meubler\/table-basse-dappoint\/table-basse-de-style-willy-rizzo\/#breadcrumb","itemListElement":[{"@type":"ListItem","position":1,"name":"Accueil","item":"https:\/\/lalmachine.com\/"},{"@type":"ListItem","position":2,"name":"Shop","item":"https:\/\/lalmachine.com\/shop\/"},{"@type":"ListItem","position":3,"name":"Table basse de style Willy Rizzo"}]},{"@type":"WebSite","@id":"https:\/\/lalmachine.com\/#website","url":"https:\/\/lalmachine.com\/","name":"lalmachine.com","description":"Brocante en ligne Suisse | Mobilier et objets d\u00e9co vintage et design","potentialAction":[{"@type":"SearchAction","target":{"@type":"EntryPoint","urlTemplate":"https:\/\/lalmachine.com\/?s={search_term_string}"},"query-input":{"@type":"PropertyValueSpecification","valueRequired":true,"valueName":"search_term_string"}}],"inLanguage":"de"}]}},"_links":{"self":[{"href":"https:\/\/lalmachine.com\/de\/wp-json\/wp\/v2\/product\/360228","targetHints":{"allow":["GET"]}}],"collection":[{"href":"https:\/\/lalmachine.com\/de\/wp-json\/wp\/v2\/product"}],"about":[{"href":"https:\/\/lalmachine.com\/de\/wp-json\/wp\/v2\/types\/product"}],"wp:featuredmedia":[{"embeddable":true,"href":"https:\/\/lalmachine.com\/de\/wp-json\/wp\/v2\/media\/360328"}],"wp:attachment":[{"href":"https:\/\/lalmachine.com\/de\/wp-json\/wp\/v2\/media?parent=360228"}],"wp:term":[{"taxonomy":"product_brand","embeddable":true,"href":"https:\/\/lalmachine.com\/de\/wp-json\/wp\/v2\/product_brand?post=360228"},{"taxonomy":"product_cat","embeddable":true,"href":"https:\/\/lalmachine.com\/de\/wp-json\/wp\/v2\/product_cat?post=360228"},{"taxonomy":"product_tag","embeddable":true,"href":"https:\/\/lalmachine.com\/de\/wp-json\/wp\/v2\/product_tag?post=360228"},{"taxonomy":"proximite","embeddable":true,"href":"https:\/\/lalmachine.com\/de\/wp-json\/wp\/v2\/proximite?post=360228"}],"curies":[{"name":"wp","href":"https:\/\/api.w.org\/{rel}","templated":true}]}}