{"id":360333,"date":"2026-05-04T17:04:15","date_gmt":"2026-05-04T15:04:15","guid":{"rendered":"https:\/\/lalmachine.com\/?post_type=product&#038;p=360333"},"modified":"2026-05-04T17:04:48","modified_gmt":"2026-05-04T15:04:48","slug":"miroir-soleil-en-rotin-3","status":"publish","type":"product","link":"https:\/\/lalmachine.com\/de\/shop\/decorer\/miroir\/miroir-soleil-en-rotin-3\/","title":{"rendered":"Miroir soleil en rotin"},"content":{"rendered":"","protected":false},"excerpt":{"rendered":"<div class=\"n6owBd awi2gc\" data-sfc-cp=\"\" data-sfc-root=\"c\" data-sfc-cb=\"\" data-hveid=\"CAEIAxAA\" data-complete=\"true\" data-processed=\"true\" data-copy-service-computed-style=\"font-family: &quot;Google Sans&quot;, &quot;Helvetica Neue&quot;, sans-serif; font-size: 17.92px; font-weight: 400; margin: 12px 0px 16px; text-decoration: none; border-bottom-width: 0px; border-bottom-style: none; border-bottom-color: rgb(10, 10, 10);\">Apportez une touche solaire et authentique \u00e0 votre d\u00e9coration avec ce superbe miroir \u00ab\u00a0Soleil\u00a0\u00bb en rotin v\u00e9ritable. Pi\u00e8ce embl\u00e9matique des ann\u00e9es 70, il a travers\u00e9 les d\u00e9cennies avec soin pour conserver tout son \u00e9clat et une patine naturelle chaleureuse.<\/div>\n<div class=\"n6owBd awi2gc\" data-sfc-cp=\"\" data-sfc-root=\"c\" data-sfc-cb=\"\" data-hveid=\"CAEIBBAA\" data-complete=\"true\" data-processed=\"true\" data-copy-service-computed-style=\"font-family: &quot;Google Sans&quot;, &quot;Helvetica Neue&quot;, sans-serif; font-size: 17.92px; font-weight: 400; margin: 12px 0px 16px; text-decoration: none; border-bottom-width: 0px; border-bottom-style: none; border-bottom-color: rgb(10, 10, 10);\">Son tressage artisanal d\u00e9licat en fait l&rsquo;alli\u00e9 id\u00e9al d&rsquo;une d\u00e9coration boh\u00e8me chic ou d&rsquo;un int\u00e9rieur aux accents r\u00e9tro. Il se suffit \u00e0 lui-m\u00eame pour habiller un mur ou peut parfaitement s&rsquo;int\u00e9grer dans une accumulation de miroirs de diff\u00e9rentes tailles.<\/div>\n<div class=\"n6owBd awi2gc\" data-sfc-cp=\"\" data-sfc-root=\"c\" data-sfc-cb=\"\" data-hveid=\"CAEIBRAA\" data-complete=\"true\" data-processed=\"true\" data-copy-service-computed-style=\"font-family: &quot;Google Sans&quot;, &quot;Helvetica Neue&quot;, sans-serif; font-size: 17.92px; font-weight: 400; margin: 12px 0px 16px; text-decoration: none; border-bottom-width: 0px; border-bottom-style: none; border-bottom-color: rgb(10, 10, 10);\"><strong class=\"Yjhzub\" data-sfc-root=\"c\" data-sfc-cb=\"\" data-complete=\"true\" data-processed=\"true\" data-copy-service-computed-style=\"font-family: &quot;Google Sans&quot;, &quot;Helvetica Neue&quot;, sans-serif; font-size: 17.92px; font-weight: 600; margin: 0px; text-decoration: none; border-bottom-width: 0px; border-bottom-style: none; border-bottom-color: rgb(10, 10, 10);\">D\u00e9tails techniques :<\/strong><\/div>\n<ul class=\"KsbFXc U6u95\" data-sfc-root=\"c\" data-sfc-cb=\"\" data-complete=\"true\" data-processed=\"true\" data-copy-service-computed-style=\"font-family: &quot;Google Sans&quot;, &quot;Helvetica Neue&quot;, sans-serif; font-size: 17.92px; font-weight: 400; margin: 12px 0px 16px; text-decoration: none; border-bottom-width: 0px; border-bottom-style: none; border-bottom-color: rgb(10, 10, 10);\">\n<li class=\"Z1qcYe\" data-sfc-cp=\"\" data-sfc-root=\"c\" data-sfc-cb=\"\" data-hveid=\"CAEIBhAA\" data-complete=\"true\" data-sae=\"\" data-copy-service-computed-style=\"font-family: &quot;Google Sans&quot;, &quot;Helvetica Neue&quot;, sans-serif; font-size: 17.92px; font-weight: 400; margin: 0px 0px 12px; text-decoration: none; border-bottom-width: 0px; border-bottom-style: none; border-bottom-color: rgb(10, 10, 10);\"><span class=\"T286Pc\" data-sfc-cp=\"\" data-sfc-root=\"c\" data-sfc-cb=\"\" data-complete=\"true\" data-copy-service-computed-style=\"font-family: &quot;Google Sans&quot;, &quot;Helvetica Neue&quot;, sans-serif; font-size: 17.92px; font-weight: 400; margin: 0px; text-decoration: none; border-bottom-width: 0px; border-bottom-style: none; border-bottom-color: rgb(10, 10, 10);\"><strong class=\"Yjhzub\" data-sfc-root=\"c\" data-sfc-cb=\"\" data-complete=\"true\" data-copy-service-computed-style=\"font-family: &quot;Google Sans&quot;, &quot;Helvetica Neue&quot;, sans-serif; font-size: 17.92px; font-weight: 600; margin: 0px; text-decoration: none; border-bottom-width: 0px; border-bottom-style: none; border-bottom-color: rgb(10, 10, 10);\">Style :<\/strong> Vintage \/ Boh\u00e8me<\/span><\/li>\n<li class=\"Z1qcYe\" data-sfc-cp=\"\" data-sfc-root=\"c\" data-sfc-cb=\"\" data-hveid=\"CAEIBhAB\" data-complete=\"true\" data-sae=\"\" data-copy-service-computed-style=\"font-family: &quot;Google Sans&quot;, &quot;Helvetica Neue&quot;, sans-serif; font-size: 17.92px; font-weight: 400; margin: 0px 0px 12px; text-decoration: none; border-bottom-width: 0px; border-bottom-style: none; border-bottom-color: rgb(10, 10, 10);\"><span class=\"T286Pc\" data-sfc-cp=\"\" data-sfc-root=\"c\" data-sfc-cb=\"\" data-complete=\"true\" data-copy-service-computed-style=\"font-family: &quot;Google Sans&quot;, &quot;Helvetica Neue&quot;, sans-serif; font-size: 17.92px; font-weight: 400; margin: 0px; text-decoration: none; border-bottom-width: 0px; border-bottom-style: none; border-bottom-color: rgb(10, 10, 10);\"><strong class=\"Yjhzub\" data-sfc-root=\"c\" data-sfc-cb=\"\" data-complete=\"true\" data-copy-service-computed-style=\"font-family: &quot;Google Sans&quot;, &quot;Helvetica Neue&quot;, sans-serif; font-size: 17.92px; font-weight: 600; margin: 0px; text-decoration: none; border-bottom-width: 0px; border-bottom-style: none; border-bottom-color: rgb(10, 10, 10);\">Mat\u00e9riau :<\/strong> Rotin et osier naturel<\/span><\/li>\n<li class=\"Z1qcYe\" data-sfc-cp=\"\" data-sfc-root=\"c\" data-sfc-cb=\"\" data-hveid=\"CAEIBhAC\" data-complete=\"true\" data-sae=\"\" data-copy-service-computed-style=\"font-family: &quot;Google Sans&quot;, &quot;Helvetica Neue&quot;, sans-serif; font-size: 17.92px; font-weight: 400; margin: 0px 0px 12px; text-decoration: none; border-bottom-width: 0px; border-bottom-style: none; border-bottom-color: rgb(10, 10, 10);\"><span class=\"T286Pc\" data-sfc-cp=\"\" data-sfc-root=\"c\" data-sfc-cb=\"\" data-complete=\"true\" data-copy-service-computed-style=\"font-family: &quot;Google Sans&quot;, &quot;Helvetica Neue&quot;, sans-serif; font-size: 17.92px; font-weight: 400; margin: 0px; text-decoration: none; border-bottom-width: 0px; border-bottom-style: none; border-bottom-color: rgb(10, 10, 10);\"><strong class=\"Yjhzub\" data-sfc-root=\"c\" data-sfc-cb=\"\" data-complete=\"true\" data-copy-service-computed-style=\"font-family: &quot;Google Sans&quot;, &quot;Helvetica Neue&quot;, sans-serif; font-size: 17.92px; font-weight: 600; margin: 0px; text-decoration: none; border-bottom-width: 0px; border-bottom-style: none; border-bottom-color: rgb(10, 10, 10);\">\u00c9tat :<\/strong> Impeccable (tr\u00e8s bel \u00e9tat de conservation)<\/span><\/li>\n<li class=\"Z1qcYe\" data-sfc-cp=\"\" data-sfc-root=\"c\" data-sfc-cb=\"\" data-hveid=\"CAEIBhAD\" data-complete=\"true\" data-sae=\"\" data-copy-service-computed-style=\"font-family: &quot;Google Sans&quot;, &quot;Helvetica Neue&quot;, sans-serif; font-size: 17.92px; font-weight: 400; margin: 0px 0px 12px; text-decoration: none; border-bottom-width: 0px; border-bottom-style: none; border-bottom-color: rgb(10, 10, 10);\"><span class=\"T286Pc\" data-sfc-cp=\"\" data-sfc-root=\"c\" data-sfc-cb=\"\" data-complete=\"true\" data-copy-service-computed-style=\"font-family: &quot;Google Sans&quot;, &quot;Helvetica Neue&quot;, sans-serif; font-size: 17.92px; font-weight: 400; margin: 0px; text-decoration: none; border-bottom-width: 0px; border-bottom-style: none; border-bottom-color: rgb(10, 10, 10);\"><strong class=\"Yjhzub\" data-sfc-root=\"c\" data-sfc-cb=\"\" data-complete=\"true\" data-copy-service-computed-style=\"font-family: &quot;Google Sans&quot;, &quot;Helvetica Neue&quot;, sans-serif; font-size: 17.92px; font-weight: 600; margin: 0px; text-decoration: none; border-bottom-width: 0px; border-bottom-style: none; border-bottom-color: rgb(10, 10, 10);\">Dimensions :<\/strong> Diam\u00e8tre total 40 cm | Diam\u00e8tre miroir central 22 cm<\/span><\/li>\n<\/ul>","protected":false},"featured_media":360332,"template":"","meta":{"_et_pb_use_builder":"","_et_pb_old_content":"","_et_gb_content_width":""},"product_brand":[],"product_cat":[50,93],"product_tag":[],"proximite":[180],"class_list":{"0":"post-360333","1":"product","2":"type-product","3":"status-publish","4":"has-post-thumbnail","6":"product_cat-decorer","7":"product_cat-miroir","8":"proximite-geneve","10":"first","11":"instock","12":"shipping-taxable","13":"purchasable","14":"product-type-simple"},"yoast_head":"<!-- This site is optimized with the Yoast SEO plugin v27.4 - https:\/\/yoast.com\/product\/yoast-seo-wordpress\/ -->\n<title>Miroir soleil en rotin | lalmachine.com<\/title>\n<meta name=\"description\" content=\"Miroir soleil en rotin\" \/>\n<meta name=\"robots\" content=\"index, follow, max-snippet:-1, max-image-preview:large, max-video-preview:-1\" \/>\n<link rel=\"canonical\" href=\"https:\/\/lalmachine.com\/de\/shop\/decorer\/miroir\/miroir-soleil-en-rotin-3\/\" \/>\n<meta property=\"og:locale\" content=\"de_DE\" \/>\n<meta property=\"og:type\" content=\"article\" \/>\n<meta property=\"og:title\" content=\"Miroir soleil en rotin | lalmachine.com\" \/>\n<meta property=\"og:description\" content=\"Miroir soleil en rotin\" \/>\n<meta property=\"og:url\" content=\"https:\/\/lalmachine.com\/de\/shop\/decorer\/miroir\/miroir-soleil-en-rotin-3\/\" \/>\n<meta property=\"og:site_name\" content=\"lalmachine.com\" \/>\n<meta property=\"article:publisher\" content=\"https:\/\/facebook.com\/lalmachine\" \/>\n<meta property=\"article:modified_time\" content=\"2026-05-04T15:04:48+00:00\" \/>\n<meta property=\"og:image\" content=\"https:\/\/lalmachine.com\/wp-content\/uploads\/2026\/05\/IMG_2934_clipped_rev_1.jpeg\" \/>\n\t<meta property=\"og:image:width\" content=\"1403\" \/>\n\t<meta property=\"og:image:height\" content=\"1403\" \/>\n\t<meta property=\"og:image:type\" content=\"image\/jpeg\" \/>\n<meta name=\"twitter:card\" content=\"summary_large_image\" \/>\n<script type=\"application\/ld+json\" class=\"yoast-schema-graph\">{\"@context\":\"https:\\\/\\\/schema.org\",\"@graph\":[{\"@type\":\"WebPage\",\"@id\":\"https:\\\/\\\/lalmachine.com\\\/shop\\\/decorer\\\/miroir\\\/miroir-soleil-en-rotin-3\\\/\",\"url\":\"https:\\\/\\\/lalmachine.com\\\/shop\\\/decorer\\\/miroir\\\/miroir-soleil-en-rotin-3\\\/\",\"name\":\"Miroir soleil en rotin | lalmachine.com\",\"isPartOf\":{\"@id\":\"https:\\\/\\\/lalmachine.com\\\/#website\"},\"primaryImageOfPage\":{\"@id\":\"https:\\\/\\\/lalmachine.com\\\/shop\\\/decorer\\\/miroir\\\/miroir-soleil-en-rotin-3\\\/#primaryimage\"},\"image\":{\"@id\":\"https:\\\/\\\/lalmachine.com\\\/shop\\\/decorer\\\/miroir\\\/miroir-soleil-en-rotin-3\\\/#primaryimage\"},\"thumbnailUrl\":\"https:\\\/\\\/lalmachine.com\\\/wp-content\\\/uploads\\\/2026\\\/05\\\/IMG_2934_clipped_rev_1.jpeg\",\"datePublished\":\"2026-05-04T15:04:15+00:00\",\"dateModified\":\"2026-05-04T15:04:48+00:00\",\"description\":\"Miroir soleil en rotin\",\"breadcrumb\":{\"@id\":\"https:\\\/\\\/lalmachine.com\\\/shop\\\/decorer\\\/miroir\\\/miroir-soleil-en-rotin-3\\\/#breadcrumb\"},\"inLanguage\":\"de\",\"potentialAction\":[{\"@type\":\"ReadAction\",\"target\":[\"https:\\\/\\\/lalmachine.com\\\/shop\\\/decorer\\\/miroir\\\/miroir-soleil-en-rotin-3\\\/\"]}]},{\"@type\":\"ImageObject\",\"inLanguage\":\"de\",\"@id\":\"https:\\\/\\\/lalmachine.com\\\/shop\\\/decorer\\\/miroir\\\/miroir-soleil-en-rotin-3\\\/#primaryimage\",\"url\":\"https:\\\/\\\/lalmachine.com\\\/wp-content\\\/uploads\\\/2026\\\/05\\\/IMG_2934_clipped_rev_1.jpeg\",\"contentUrl\":\"https:\\\/\\\/lalmachine.com\\\/wp-content\\\/uploads\\\/2026\\\/05\\\/IMG_2934_clipped_rev_1.jpeg\",\"width\":1403,\"height\":1403,\"caption\":\"Miroir soleil en rotin\"},{\"@type\":\"BreadcrumbList\",\"@id\":\"https:\\\/\\\/lalmachine.com\\\/shop\\\/decorer\\\/miroir\\\/miroir-soleil-en-rotin-3\\\/#breadcrumb\",\"itemListElement\":[{\"@type\":\"ListItem\",\"position\":1,\"name\":\"Accueil\",\"item\":\"https:\\\/\\\/lalmachine.com\\\/\"},{\"@type\":\"ListItem\",\"position\":2,\"name\":\"Shop\",\"item\":\"https:\\\/\\\/lalmachine.com\\\/shop\\\/\"},{\"@type\":\"ListItem\",\"position\":3,\"name\":\"Miroir soleil en rotin\"}]},{\"@type\":\"WebSite\",\"@id\":\"https:\\\/\\\/lalmachine.com\\\/#website\",\"url\":\"https:\\\/\\\/lalmachine.com\\\/\",\"name\":\"lalmachine.com\",\"description\":\"Brocante en ligne Suisse | Mobilier et objets d\u00e9co vintage et design\",\"potentialAction\":[{\"@type\":\"SearchAction\",\"target\":{\"@type\":\"EntryPoint\",\"urlTemplate\":\"https:\\\/\\\/lalmachine.com\\\/?s={search_term_string}\"},\"query-input\":{\"@type\":\"PropertyValueSpecification\",\"valueRequired\":true,\"valueName\":\"search_term_string\"}}],\"inLanguage\":\"de\"}]}<\/script>\n<!-- \/ Yoast SEO plugin. -->","yoast_head_json":{"title":"Miroir soleil en rotin | lalmachine.com","description":"Miroir soleil en rotin","robots":{"index":"index","follow":"follow","max-snippet":"max-snippet:-1","max-image-preview":"max-image-preview:large","max-video-preview":"max-video-preview:-1"},"canonical":"https:\/\/lalmachine.com\/de\/shop\/decorer\/miroir\/miroir-soleil-en-rotin-3\/","og_locale":"de_DE","og_type":"article","og_title":"Miroir soleil en rotin | lalmachine.com","og_description":"Miroir soleil en rotin","og_url":"https:\/\/lalmachine.com\/de\/shop\/decorer\/miroir\/miroir-soleil-en-rotin-3\/","og_site_name":"lalmachine.com","article_publisher":"https:\/\/facebook.com\/lalmachine","article_modified_time":"2026-05-04T15:04:48+00:00","og_image":[{"width":1403,"height":1403,"url":"https:\/\/lalmachine.com\/wp-content\/uploads\/2026\/05\/IMG_2934_clipped_rev_1.jpeg","type":"image\/jpeg"}],"twitter_card":"summary_large_image","schema":{"@context":"https:\/\/schema.org","@graph":[{"@type":"WebPage","@id":"https:\/\/lalmachine.com\/shop\/decorer\/miroir\/miroir-soleil-en-rotin-3\/","url":"https:\/\/lalmachine.com\/shop\/decorer\/miroir\/miroir-soleil-en-rotin-3\/","name":"Miroir soleil en rotin | lalmachine.com","isPartOf":{"@id":"https:\/\/lalmachine.com\/#website"},"primaryImageOfPage":{"@id":"https:\/\/lalmachine.com\/shop\/decorer\/miroir\/miroir-soleil-en-rotin-3\/#primaryimage"},"image":{"@id":"https:\/\/lalmachine.com\/shop\/decorer\/miroir\/miroir-soleil-en-rotin-3\/#primaryimage"},"thumbnailUrl":"https:\/\/lalmachine.com\/wp-content\/uploads\/2026\/05\/IMG_2934_clipped_rev_1.jpeg","datePublished":"2026-05-04T15:04:15+00:00","dateModified":"2026-05-04T15:04:48+00:00","description":"Miroir soleil en rotin","breadcrumb":{"@id":"https:\/\/lalmachine.com\/shop\/decorer\/miroir\/miroir-soleil-en-rotin-3\/#breadcrumb"},"inLanguage":"de","potentialAction":[{"@type":"ReadAction","target":["https:\/\/lalmachine.com\/shop\/decorer\/miroir\/miroir-soleil-en-rotin-3\/"]}]},{"@type":"ImageObject","inLanguage":"de","@id":"https:\/\/lalmachine.com\/shop\/decorer\/miroir\/miroir-soleil-en-rotin-3\/#primaryimage","url":"https:\/\/lalmachine.com\/wp-content\/uploads\/2026\/05\/IMG_2934_clipped_rev_1.jpeg","contentUrl":"https:\/\/lalmachine.com\/wp-content\/uploads\/2026\/05\/IMG_2934_clipped_rev_1.jpeg","width":1403,"height":1403,"caption":"Miroir soleil en rotin"},{"@type":"BreadcrumbList","@id":"https:\/\/lalmachine.com\/shop\/decorer\/miroir\/miroir-soleil-en-rotin-3\/#breadcrumb","itemListElement":[{"@type":"ListItem","position":1,"name":"Accueil","item":"https:\/\/lalmachine.com\/"},{"@type":"ListItem","position":2,"name":"Shop","item":"https:\/\/lalmachine.com\/shop\/"},{"@type":"ListItem","position":3,"name":"Miroir soleil en rotin"}]},{"@type":"WebSite","@id":"https:\/\/lalmachine.com\/#website","url":"https:\/\/lalmachine.com\/","name":"lalmachine.com","description":"Brocante en ligne Suisse | Mobilier et objets d\u00e9co vintage et design","potentialAction":[{"@type":"SearchAction","target":{"@type":"EntryPoint","urlTemplate":"https:\/\/lalmachine.com\/?s={search_term_string}"},"query-input":{"@type":"PropertyValueSpecification","valueRequired":true,"valueName":"search_term_string"}}],"inLanguage":"de"}]}},"_links":{"self":[{"href":"https:\/\/lalmachine.com\/de\/wp-json\/wp\/v2\/product\/360333","targetHints":{"allow":["GET"]}}],"collection":[{"href":"https:\/\/lalmachine.com\/de\/wp-json\/wp\/v2\/product"}],"about":[{"href":"https:\/\/lalmachine.com\/de\/wp-json\/wp\/v2\/types\/product"}],"wp:featuredmedia":[{"embeddable":true,"href":"https:\/\/lalmachine.com\/de\/wp-json\/wp\/v2\/media\/360332"}],"wp:attachment":[{"href":"https:\/\/lalmachine.com\/de\/wp-json\/wp\/v2\/media?parent=360333"}],"wp:term":[{"taxonomy":"product_brand","embeddable":true,"href":"https:\/\/lalmachine.com\/de\/wp-json\/wp\/v2\/product_brand?post=360333"},{"taxonomy":"product_cat","embeddable":true,"href":"https:\/\/lalmachine.com\/de\/wp-json\/wp\/v2\/product_cat?post=360333"},{"taxonomy":"product_tag","embeddable":true,"href":"https:\/\/lalmachine.com\/de\/wp-json\/wp\/v2\/product_tag?post=360333"},{"taxonomy":"proximite","embeddable":true,"href":"https:\/\/lalmachine.com\/de\/wp-json\/wp\/v2\/proximite?post=360333"}],"curies":[{"name":"wp","href":"https:\/\/api.w.org\/{rel}","templated":true}]}}