{"id":360528,"date":"2026-05-16T13:04:14","date_gmt":"2026-05-16T11:04:14","guid":{"rendered":"https:\/\/lalmachine.com\/?post_type=product&#038;p=360528"},"modified":"2026-05-16T13:04:16","modified_gmt":"2026-05-16T11:04:16","slug":"grande-commode-a-langer-vintage-restauree-sur-demande","status":"publish","type":"product","link":"https:\/\/lalmachine.com\/de\/shop\/meubler\/meuble-de-rangement\/grande-commode-a-langer-vintage-restauree-sur-demande\/","title":{"rendered":"Grande commode \u00e0 langer vintage \u2013 restaur\u00e9e sur demande"},"content":{"rendered":"<ul class=\"wpuf_customs\"><li style=\"list-style-type:none;\"><label>Autres photos:<\/label> <a href=\"https:\/\/lalmachine.com\/wp-content\/uploads\/2026\/05\/1000240107.png\"><img loading=\"lazy\" decoding=\"async\" width=\"96\" height=\"96\" src=\"https:\/\/lalmachine.com\/wp-content\/uploads\/2026\/05\/1000240107.png\" class=\"attachment-thumbnail size-thumbnail\" alt=\"\" \/><\/a> <a href=\"https:\/\/lalmachine.com\/wp-content\/uploads\/2026\/05\/1000240106.png\"><img loading=\"lazy\" decoding=\"async\" width=\"96\" height=\"96\" src=\"https:\/\/lalmachine.com\/wp-content\/uploads\/2026\/05\/1000240106.png\" class=\"attachment-thumbnail size-thumbnail\" alt=\"\" \/><\/a> <a href=\"https:\/\/lalmachine.com\/wp-content\/uploads\/2026\/05\/1000237807.png\"><img loading=\"lazy\" decoding=\"async\" width=\"120\" height=\"96\" src=\"https:\/\/lalmachine.com\/wp-content\/uploads\/2026\/05\/1000237807.png\" class=\"attachment-thumbnail size-thumbnail\" alt=\"\" \/><\/a> <a href=\"https:\/\/lalmachine.com\/wp-content\/uploads\/2026\/05\/1000237791.png\"><img loading=\"lazy\" decoding=\"async\" width=\"120\" height=\"96\" src=\"https:\/\/lalmachine.com\/wp-content\/uploads\/2026\/05\/1000237791.png\" class=\"attachment-thumbnail size-thumbnail\" alt=\"\" \/><\/a> <\/li>        <li class=\"wpuf-field-data wpuf-field-data-numeric_text_field\">\n                            <label>Prix:<\/label>\n                        680        <\/li>\n                <li class=\"wpuf-field-data wpuf-field-data-numeric_text_field\">\n                            <label>Quantit\u00e9:<\/label>\n                        1        <\/li>\n                <li class=\"wpuf-field-data wpuf-field-data-numeric_text_field\">\n                            <label>Hauteur (cm):<\/label>\n                        85        <\/li>\n                <li class=\"wpuf-field-data wpuf-field-data-numeric_text_field\">\n                            <label>Largeur (cm):<\/label>\n                        95        <\/li>\n                <li class=\"wpuf-field-data wpuf-field-data-numeric_text_field\">\n                            <label>Profondeur (cm):<\/label>\n                        58        <\/li>\n        <\/ul>","protected":false},"excerpt":{"rendered":"<p>Je propose ici un ancien meuble Victoria des ann\u00e9es 60-70, fabriqu\u00e9 en Suisse.<\/p>\n<p>La commode se trouve actuellement dans son \u00e9tat non restaur\u00e9. Je la restaurerais ensuite selon vos envies et vos souhaits avec amour du d\u00e9tail, de mani\u00e8re haut de gamme et professionnelle: soit dans un look bois moderne, soit dans la couleur de votre choix avec la peinture du Farrow and Ball.<\/p>\n<p>Si cela vous int\u00e9resse, je peux \u00e9galement ajouter une surface de table \u00e0 langer en suppl\u00e9ment pour CHF 180.<\/p>\n<p>N\u2019h\u00e9sitez pas \u00e0 me contacter pour plus d\u2019infos ou pour une personnalisation selon vos envies !<\/p>\n<p>Pour un envoi ou une livraison, merci de me contacter afin d\u2019\u00e9tablir un devis individuel selon la destination.<\/p>","protected":false},"featured_media":360550,"template":"","meta":{"_et_pb_use_builder":"","_et_pb_old_content":"","_et_gb_content_width":""},"product_brand":[],"product_cat":[87,83,47],"product_tag":[],"proximite":[281,179],"class_list":{"0":"post-360528","1":"product","2":"type-product","3":"status-publish","4":"has-post-thumbnail","6":"product_cat-kids-meubler","7":"product_cat-meuble-de-rangement","8":"product_cat-meubler","9":"pa_couleur-bois","10":"pa_etat-tres-bon-etat","11":"pa_materiau-bois","12":"pa_style-vintage","13":"proximite-nyon","14":"proximite-vaud","16":"first","17":"instock","18":"shipping-taxable","19":"purchasable","20":"product-type-simple"},"yoast_head":"<!-- This site is optimized with the Yoast SEO plugin v27.4 - https:\/\/yoast.com\/product\/yoast-seo-wordpress\/ -->\n<title>Grande commode \u00e0 langer vintage \u2013 restaur\u00e9e sur demande | lalmachine.com, mobilier et objets d\u00e9co vintage et design<\/title>\n<meta name=\"description\" content=\"Grande commode \u00e0 langer vintage \u2013 restaur\u00e9e sur demande\" \/>\n<meta name=\"robots\" content=\"index, follow, max-snippet:-1, max-image-preview:large, max-video-preview:-1\" \/>\n<link rel=\"canonical\" href=\"https:\/\/lalmachine.com\/de\/shop\/meubler\/meuble-de-rangement\/grande-commode-a-langer-vintage-restauree-sur-demande\/\" \/>\n<meta property=\"og:locale\" content=\"de_DE\" \/>\n<meta property=\"og:type\" content=\"article\" \/>\n<meta property=\"og:title\" content=\"Grande commode \u00e0 langer vintage \u2013 restaur\u00e9e sur demande | lalmachine.com, mobilier et objets d\u00e9co vintage et design\" \/>\n<meta property=\"og:description\" content=\"Grande commode \u00e0 langer vintage \u2013 restaur\u00e9e sur demande\" \/>\n<meta property=\"og:url\" content=\"https:\/\/lalmachine.com\/de\/shop\/meubler\/meuble-de-rangement\/grande-commode-a-langer-vintage-restauree-sur-demande\/\" \/>\n<meta property=\"og:site_name\" content=\"lalmachine.com\" \/>\n<meta property=\"article:publisher\" content=\"https:\/\/facebook.com\/lalmachine\" \/>\n<meta property=\"article:modified_time\" content=\"2026-05-16T11:04:16+00:00\" \/>\n<meta property=\"og:image\" content=\"https:\/\/lalmachine.com\/wp-content\/uploads\/2026\/05\/1000240108_clipped_rev_1.jpeg\" \/>\n\t<meta property=\"og:image:width\" content=\"1536\" \/>\n\t<meta property=\"og:image:height\" content=\"1536\" \/>\n\t<meta property=\"og:image:type\" content=\"image\/jpeg\" \/>\n<meta name=\"twitter:card\" content=\"summary_large_image\" \/>\n<script type=\"application\/ld+json\" class=\"yoast-schema-graph\">{\"@context\":\"https:\\\/\\\/schema.org\",\"@graph\":[{\"@type\":\"WebPage\",\"@id\":\"https:\\\/\\\/lalmachine.com\\\/shop\\\/meubler\\\/meuble-de-rangement\\\/grande-commode-a-langer-vintage-restauree-sur-demande\\\/\",\"url\":\"https:\\\/\\\/lalmachine.com\\\/shop\\\/meubler\\\/meuble-de-rangement\\\/grande-commode-a-langer-vintage-restauree-sur-demande\\\/\",\"name\":\"Grande commode \u00e0 langer vintage \u2013 restaur\u00e9e sur demande | lalmachine.com, mobilier et objets d\u00e9co vintage et design\",\"isPartOf\":{\"@id\":\"https:\\\/\\\/lalmachine.com\\\/#website\"},\"primaryImageOfPage\":{\"@id\":\"https:\\\/\\\/lalmachine.com\\\/shop\\\/meubler\\\/meuble-de-rangement\\\/grande-commode-a-langer-vintage-restauree-sur-demande\\\/#primaryimage\"},\"image\":{\"@id\":\"https:\\\/\\\/lalmachine.com\\\/shop\\\/meubler\\\/meuble-de-rangement\\\/grande-commode-a-langer-vintage-restauree-sur-demande\\\/#primaryimage\"},\"thumbnailUrl\":\"https:\\\/\\\/lalmachine.com\\\/wp-content\\\/uploads\\\/2026\\\/05\\\/1000240108_clipped_rev_1.jpeg\",\"datePublished\":\"2026-05-16T11:04:14+00:00\",\"dateModified\":\"2026-05-16T11:04:16+00:00\",\"description\":\"Grande commode \u00e0 langer vintage \u2013 restaur\u00e9e sur demande\",\"breadcrumb\":{\"@id\":\"https:\\\/\\\/lalmachine.com\\\/shop\\\/meubler\\\/meuble-de-rangement\\\/grande-commode-a-langer-vintage-restauree-sur-demande\\\/#breadcrumb\"},\"inLanguage\":\"de\",\"potentialAction\":[{\"@type\":\"ReadAction\",\"target\":[\"https:\\\/\\\/lalmachine.com\\\/shop\\\/meubler\\\/meuble-de-rangement\\\/grande-commode-a-langer-vintage-restauree-sur-demande\\\/\"]}]},{\"@type\":\"ImageObject\",\"inLanguage\":\"de\",\"@id\":\"https:\\\/\\\/lalmachine.com\\\/shop\\\/meubler\\\/meuble-de-rangement\\\/grande-commode-a-langer-vintage-restauree-sur-demande\\\/#primaryimage\",\"url\":\"https:\\\/\\\/lalmachine.com\\\/wp-content\\\/uploads\\\/2026\\\/05\\\/1000240108_clipped_rev_1.jpeg\",\"contentUrl\":\"https:\\\/\\\/lalmachine.com\\\/wp-content\\\/uploads\\\/2026\\\/05\\\/1000240108_clipped_rev_1.jpeg\",\"width\":1536,\"height\":1536,\"caption\":\"Grande commode \u00e0 langer vintage \u2013 restaur\u00e9e sur demande\"},{\"@type\":\"BreadcrumbList\",\"@id\":\"https:\\\/\\\/lalmachine.com\\\/shop\\\/meubler\\\/meuble-de-rangement\\\/grande-commode-a-langer-vintage-restauree-sur-demande\\\/#breadcrumb\",\"itemListElement\":[{\"@type\":\"ListItem\",\"position\":1,\"name\":\"Accueil\",\"item\":\"https:\\\/\\\/lalmachine.com\\\/\"},{\"@type\":\"ListItem\",\"position\":2,\"name\":\"Shop\",\"item\":\"https:\\\/\\\/lalmachine.com\\\/shop\\\/\"},{\"@type\":\"ListItem\",\"position\":3,\"name\":\"Grande commode \u00e0 langer vintage \u2013 restaur\u00e9e sur demande\"}]},{\"@type\":\"WebSite\",\"@id\":\"https:\\\/\\\/lalmachine.com\\\/#website\",\"url\":\"https:\\\/\\\/lalmachine.com\\\/\",\"name\":\"lalmachine.com\",\"description\":\"Brocante en ligne Suisse | Mobilier et objets d\u00e9co vintage et design\",\"potentialAction\":[{\"@type\":\"SearchAction\",\"target\":{\"@type\":\"EntryPoint\",\"urlTemplate\":\"https:\\\/\\\/lalmachine.com\\\/?s={search_term_string}\"},\"query-input\":{\"@type\":\"PropertyValueSpecification\",\"valueRequired\":true,\"valueName\":\"search_term_string\"}}],\"inLanguage\":\"de\"}]}<\/script>\n<!-- \/ Yoast SEO plugin. -->","yoast_head_json":{"title":"Grande commode \u00e0 langer vintage \u2013 restaur\u00e9e sur demande | lalmachine.com, mobilier et objets d\u00e9co vintage et design","description":"Grande commode \u00e0 langer vintage \u2013 restaur\u00e9e sur demande","robots":{"index":"index","follow":"follow","max-snippet":"max-snippet:-1","max-image-preview":"max-image-preview:large","max-video-preview":"max-video-preview:-1"},"canonical":"https:\/\/lalmachine.com\/de\/shop\/meubler\/meuble-de-rangement\/grande-commode-a-langer-vintage-restauree-sur-demande\/","og_locale":"de_DE","og_type":"article","og_title":"Grande commode \u00e0 langer vintage \u2013 restaur\u00e9e sur demande | lalmachine.com, mobilier et objets d\u00e9co vintage et design","og_description":"Grande commode \u00e0 langer vintage \u2013 restaur\u00e9e sur demande","og_url":"https:\/\/lalmachine.com\/de\/shop\/meubler\/meuble-de-rangement\/grande-commode-a-langer-vintage-restauree-sur-demande\/","og_site_name":"lalmachine.com","article_publisher":"https:\/\/facebook.com\/lalmachine","article_modified_time":"2026-05-16T11:04:16+00:00","og_image":[{"width":1536,"height":1536,"url":"https:\/\/lalmachine.com\/wp-content\/uploads\/2026\/05\/1000240108_clipped_rev_1.jpeg","type":"image\/jpeg"}],"twitter_card":"summary_large_image","schema":{"@context":"https:\/\/schema.org","@graph":[{"@type":"WebPage","@id":"https:\/\/lalmachine.com\/shop\/meubler\/meuble-de-rangement\/grande-commode-a-langer-vintage-restauree-sur-demande\/","url":"https:\/\/lalmachine.com\/shop\/meubler\/meuble-de-rangement\/grande-commode-a-langer-vintage-restauree-sur-demande\/","name":"Grande commode \u00e0 langer vintage \u2013 restaur\u00e9e sur demande | lalmachine.com, mobilier et objets d\u00e9co vintage et design","isPartOf":{"@id":"https:\/\/lalmachine.com\/#website"},"primaryImageOfPage":{"@id":"https:\/\/lalmachine.com\/shop\/meubler\/meuble-de-rangement\/grande-commode-a-langer-vintage-restauree-sur-demande\/#primaryimage"},"image":{"@id":"https:\/\/lalmachine.com\/shop\/meubler\/meuble-de-rangement\/grande-commode-a-langer-vintage-restauree-sur-demande\/#primaryimage"},"thumbnailUrl":"https:\/\/lalmachine.com\/wp-content\/uploads\/2026\/05\/1000240108_clipped_rev_1.jpeg","datePublished":"2026-05-16T11:04:14+00:00","dateModified":"2026-05-16T11:04:16+00:00","description":"Grande commode \u00e0 langer vintage \u2013 restaur\u00e9e sur demande","breadcrumb":{"@id":"https:\/\/lalmachine.com\/shop\/meubler\/meuble-de-rangement\/grande-commode-a-langer-vintage-restauree-sur-demande\/#breadcrumb"},"inLanguage":"de","potentialAction":[{"@type":"ReadAction","target":["https:\/\/lalmachine.com\/shop\/meubler\/meuble-de-rangement\/grande-commode-a-langer-vintage-restauree-sur-demande\/"]}]},{"@type":"ImageObject","inLanguage":"de","@id":"https:\/\/lalmachine.com\/shop\/meubler\/meuble-de-rangement\/grande-commode-a-langer-vintage-restauree-sur-demande\/#primaryimage","url":"https:\/\/lalmachine.com\/wp-content\/uploads\/2026\/05\/1000240108_clipped_rev_1.jpeg","contentUrl":"https:\/\/lalmachine.com\/wp-content\/uploads\/2026\/05\/1000240108_clipped_rev_1.jpeg","width":1536,"height":1536,"caption":"Grande commode \u00e0 langer vintage \u2013 restaur\u00e9e sur demande"},{"@type":"BreadcrumbList","@id":"https:\/\/lalmachine.com\/shop\/meubler\/meuble-de-rangement\/grande-commode-a-langer-vintage-restauree-sur-demande\/#breadcrumb","itemListElement":[{"@type":"ListItem","position":1,"name":"Accueil","item":"https:\/\/lalmachine.com\/"},{"@type":"ListItem","position":2,"name":"Shop","item":"https:\/\/lalmachine.com\/shop\/"},{"@type":"ListItem","position":3,"name":"Grande commode \u00e0 langer vintage \u2013 restaur\u00e9e sur demande"}]},{"@type":"WebSite","@id":"https:\/\/lalmachine.com\/#website","url":"https:\/\/lalmachine.com\/","name":"lalmachine.com","description":"Brocante en ligne Suisse | Mobilier et objets d\u00e9co vintage et design","potentialAction":[{"@type":"SearchAction","target":{"@type":"EntryPoint","urlTemplate":"https:\/\/lalmachine.com\/?s={search_term_string}"},"query-input":{"@type":"PropertyValueSpecification","valueRequired":true,"valueName":"search_term_string"}}],"inLanguage":"de"}]}},"_links":{"self":[{"href":"https:\/\/lalmachine.com\/de\/wp-json\/wp\/v2\/product\/360528","targetHints":{"allow":["GET"]}}],"collection":[{"href":"https:\/\/lalmachine.com\/de\/wp-json\/wp\/v2\/product"}],"about":[{"href":"https:\/\/lalmachine.com\/de\/wp-json\/wp\/v2\/types\/product"}],"wp:featuredmedia":[{"embeddable":true,"href":"https:\/\/lalmachine.com\/de\/wp-json\/wp\/v2\/media\/360550"}],"wp:attachment":[{"href":"https:\/\/lalmachine.com\/de\/wp-json\/wp\/v2\/media?parent=360528"}],"wp:term":[{"taxonomy":"product_brand","embeddable":true,"href":"https:\/\/lalmachine.com\/de\/wp-json\/wp\/v2\/product_brand?post=360528"},{"taxonomy":"product_cat","embeddable":true,"href":"https:\/\/lalmachine.com\/de\/wp-json\/wp\/v2\/product_cat?post=360528"},{"taxonomy":"product_tag","embeddable":true,"href":"https:\/\/lalmachine.com\/de\/wp-json\/wp\/v2\/product_tag?post=360528"},{"taxonomy":"proximite","embeddable":true,"href":"https:\/\/lalmachine.com\/de\/wp-json\/wp\/v2\/proximite?post=360528"}],"curies":[{"name":"wp","href":"https:\/\/api.w.org\/{rel}","templated":true}]}}