{"id":36660,"date":"2021-01-15T17:34:42","date_gmt":"2021-01-15T16:34:42","guid":{"rendered":"https:\/\/lalmachine.com\/?post_type=product&#038;p=36660"},"modified":"2024-12-05T21:50:42","modified_gmt":"2024-12-05T20:50:42","slug":"chaise-nielaus-290-par-steen-ostergaard","status":"publish","type":"product","link":"https:\/\/lalmachine.com\/de\/shop\/sasseoir\/chaise\/chaise-nielaus-290-par-steen-ostergaard\/","title":{"rendered":"Chaise Nielaus 290 par Steen Ostergaard"},"content":{"rendered":"<ul class=\"wpuf_customs\"><li style=\"list-style-type:none;\"><label>Autres photos:<\/label> <a href=\"https:\/\/lalmachine.com\/wp-content\/uploads\/2021\/01\/08369BB1-FFEF-4495-ABB1-225A5A7DE652-b24f7553.jpeg\"><img loading=\"lazy\" decoding=\"async\" width=\"96\" height=\"96\" src=\"https:\/\/lalmachine.com\/wp-content\/uploads\/2021\/01\/08369BB1-FFEF-4495-ABB1-225A5A7DE652-b24f7553-150x150.jpeg\" class=\"attachment-thumbnail size-thumbnail\" alt=\"\" \/><\/a> <a href=\"https:\/\/lalmachine.com\/wp-content\/uploads\/2021\/01\/01980CCE-6701-441F-AE36-10992F7966C6-1e605237.jpeg\"><img loading=\"lazy\" decoding=\"async\" width=\"96\" height=\"96\" src=\"https:\/\/lalmachine.com\/wp-content\/uploads\/2021\/01\/01980CCE-6701-441F-AE36-10992F7966C6-1e605237-150x150.jpeg\" class=\"attachment-thumbnail size-thumbnail\" alt=\"\" \/><\/a> <a href=\"https:\/\/lalmachine.com\/wp-content\/uploads\/2021\/01\/EE31FFE9-CABD-42E3-92F8-56B371C5915E-8d51a8b7.jpeg\"><img loading=\"lazy\" decoding=\"async\" width=\"96\" height=\"96\" src=\"https:\/\/lalmachine.com\/wp-content\/uploads\/2021\/01\/EE31FFE9-CABD-42E3-92F8-56B371C5915E-8d51a8b7-150x150.jpeg\" class=\"attachment-thumbnail size-thumbnail\" alt=\"\" \/><\/a> <\/li>        <li class=\"wpuf-field-data wpuf-field-data-numeric_text_field\">\n                            <label>Prix:<\/label>\n                        360        <\/li>\n                <li class=\"wpuf-field-data wpuf-field-data-numeric_text_field\">\n                            <label>Hauteur (cm):<\/label>\n                        80        <\/li>\n                <li class=\"wpuf-field-data wpuf-field-data-numeric_text_field\">\n                            <label>Largeur (cm):<\/label>\n                        50        <\/li>\n                <li class=\"wpuf-field-data wpuf-field-data-numeric_text_field\">\n                            <label>Profondeur (cm):<\/label>\n                        45        <\/li>\n        <\/ul>","protected":false},"excerpt":{"rendered":"<p>La chaise Nielaus 290 par Steen Ostergaard est fabriqu\u00e9e de polyamide (nylon) renforc\u00e9 de fibre de verre et est peinte en une seule fois.\u00a0La chaise peut \u00eatre utilis\u00e9e int\u00e9rieur ainsi que ext\u00e9rieur.<\/p>","protected":false},"featured_media":0,"template":"","meta":{"_et_pb_use_builder":"","_et_pb_old_content":"","_et_gb_content_width":""},"product_brand":[],"product_cat":[100,48],"product_tag":[],"proximite":[180],"class_list":{"0":"post-36660","1":"product","2":"type-product","3":"status-publish","5":"product_cat-chaise","6":"product_cat-sasseoir","7":"pa_couleur-marron","8":"pa_etat-bon-etat","9":"pa_materiau-plastique","10":"pa_style-scandinave","11":"proximite-geneve","13":"first","14":"outofstock","15":"shipping-taxable","16":"purchasable","17":"product-type-simple"},"yoast_head":"<!-- This site is optimized with the Yoast SEO plugin v27.4 - https:\/\/yoast.com\/product\/yoast-seo-wordpress\/ -->\n<title>Chaise Nielaus 290 par Steen Ostergaard | lalmachine.com, mobilier et objets d\u00e9co vintage et design<\/title>\n<meta name=\"description\" content=\"La chaise Nielaus 290 par Steen Ostergaard est fabriqu\u00e9e de polyamide (nylon) renforc\u00e9 de fibre de verre et est peinte en une seule fois.\u00a0La chaise peut \u00eatre utilis\u00e9e int\u00e9rieur ainsi que ext\u00e9rieur.\" \/>\n<meta name=\"robots\" content=\"index, follow, max-snippet:-1, max-image-preview:large, max-video-preview:-1\" \/>\n<link rel=\"canonical\" href=\"https:\/\/lalmachine.com\/de\/shop\/sasseoir\/chaise\/chaise-nielaus-290-par-steen-ostergaard\/\" \/>\n<meta property=\"og:locale\" content=\"de_DE\" \/>\n<meta property=\"og:type\" content=\"article\" \/>\n<meta property=\"og:title\" content=\"Chaise Nielaus 290 par Steen Ostergaard | lalmachine.com, mobilier et objets d\u00e9co vintage et design\" \/>\n<meta property=\"og:description\" content=\"La chaise Nielaus 290 par Steen Ostergaard est fabriqu\u00e9e de polyamide (nylon) renforc\u00e9 de fibre de verre et est peinte en une seule fois.\u00a0La chaise peut \u00eatre utilis\u00e9e int\u00e9rieur ainsi que ext\u00e9rieur.\" \/>\n<meta property=\"og:url\" content=\"https:\/\/lalmachine.com\/de\/shop\/sasseoir\/chaise\/chaise-nielaus-290-par-steen-ostergaard\/\" \/>\n<meta property=\"og:site_name\" content=\"lalmachine.com\" \/>\n<meta property=\"article:publisher\" content=\"https:\/\/facebook.com\/lalmachine\" \/>\n<meta property=\"article:modified_time\" content=\"2024-12-05T20:50:42+00:00\" \/>\n<meta name=\"twitter:card\" content=\"summary_large_image\" \/>\n<script type=\"application\/ld+json\" class=\"yoast-schema-graph\">{\"@context\":\"https:\\\/\\\/schema.org\",\"@graph\":[{\"@type\":\"WebPage\",\"@id\":\"https:\\\/\\\/lalmachine.com\\\/de\\\/shop\\\/sasseoir\\\/chaise\\\/chaise-nielaus-290-par-steen-ostergaard\\\/\",\"url\":\"https:\\\/\\\/lalmachine.com\\\/de\\\/shop\\\/sasseoir\\\/chaise\\\/chaise-nielaus-290-par-steen-ostergaard\\\/\",\"name\":\"Chaise Nielaus 290 par Steen Ostergaard | lalmachine.com, mobilier et objets d\u00e9co vintage et design\",\"isPartOf\":{\"@id\":\"https:\\\/\\\/lalmachine.com\\\/#website\"},\"datePublished\":\"2021-01-15T16:34:42+00:00\",\"dateModified\":\"2024-12-05T20:50:42+00:00\",\"description\":\"La chaise Nielaus 290 par Steen Ostergaard est fabriqu\u00e9e de polyamide (nylon) renforc\u00e9 de fibre de verre et est peinte en une seule fois.\u00a0La chaise peut \u00eatre utilis\u00e9e int\u00e9rieur ainsi que ext\u00e9rieur.\",\"breadcrumb\":{\"@id\":\"https:\\\/\\\/lalmachine.com\\\/de\\\/shop\\\/sasseoir\\\/chaise\\\/chaise-nielaus-290-par-steen-ostergaard\\\/#breadcrumb\"},\"inLanguage\":\"de\",\"potentialAction\":[{\"@type\":\"ReadAction\",\"target\":[\"https:\\\/\\\/lalmachine.com\\\/de\\\/shop\\\/sasseoir\\\/chaise\\\/chaise-nielaus-290-par-steen-ostergaard\\\/\"]}]},{\"@type\":\"BreadcrumbList\",\"@id\":\"https:\\\/\\\/lalmachine.com\\\/de\\\/shop\\\/sasseoir\\\/chaise\\\/chaise-nielaus-290-par-steen-ostergaard\\\/#breadcrumb\",\"itemListElement\":[{\"@type\":\"ListItem\",\"position\":1,\"name\":\"Accueil\",\"item\":\"https:\\\/\\\/lalmachine.com\\\/\"},{\"@type\":\"ListItem\",\"position\":2,\"name\":\"Shop\",\"item\":\"https:\\\/\\\/lalmachine.com\\\/shop\\\/\"},{\"@type\":\"ListItem\",\"position\":3,\"name\":\"Chaise Nielaus 290 par Steen Ostergaard\"}]},{\"@type\":\"WebSite\",\"@id\":\"https:\\\/\\\/lalmachine.com\\\/#website\",\"url\":\"https:\\\/\\\/lalmachine.com\\\/\",\"name\":\"lalmachine.com\",\"description\":\"Brocante en ligne Suisse | Mobilier et objets d\u00e9co vintage et design\",\"potentialAction\":[{\"@type\":\"SearchAction\",\"target\":{\"@type\":\"EntryPoint\",\"urlTemplate\":\"https:\\\/\\\/lalmachine.com\\\/?s={search_term_string}\"},\"query-input\":{\"@type\":\"PropertyValueSpecification\",\"valueRequired\":true,\"valueName\":\"search_term_string\"}}],\"inLanguage\":\"de\"}]}<\/script>\n<!-- \/ Yoast SEO plugin. -->","yoast_head_json":{"title":"Chaise Nielaus 290 par Steen Ostergaard | lalmachine.com, mobilier et objets d\u00e9co vintage et design","description":"La chaise Nielaus 290 par Steen Ostergaard est fabriqu\u00e9e de polyamide (nylon) renforc\u00e9 de fibre de verre et est peinte en une seule fois.\u00a0La chaise peut \u00eatre utilis\u00e9e int\u00e9rieur ainsi que ext\u00e9rieur.","robots":{"index":"index","follow":"follow","max-snippet":"max-snippet:-1","max-image-preview":"max-image-preview:large","max-video-preview":"max-video-preview:-1"},"canonical":"https:\/\/lalmachine.com\/de\/shop\/sasseoir\/chaise\/chaise-nielaus-290-par-steen-ostergaard\/","og_locale":"de_DE","og_type":"article","og_title":"Chaise Nielaus 290 par Steen Ostergaard | lalmachine.com, mobilier et objets d\u00e9co vintage et design","og_description":"La chaise Nielaus 290 par Steen Ostergaard est fabriqu\u00e9e de polyamide (nylon) renforc\u00e9 de fibre de verre et est peinte en une seule fois.\u00a0La chaise peut \u00eatre utilis\u00e9e int\u00e9rieur ainsi que ext\u00e9rieur.","og_url":"https:\/\/lalmachine.com\/de\/shop\/sasseoir\/chaise\/chaise-nielaus-290-par-steen-ostergaard\/","og_site_name":"lalmachine.com","article_publisher":"https:\/\/facebook.com\/lalmachine","article_modified_time":"2024-12-05T20:50:42+00:00","twitter_card":"summary_large_image","schema":{"@context":"https:\/\/schema.org","@graph":[{"@type":"WebPage","@id":"https:\/\/lalmachine.com\/de\/shop\/sasseoir\/chaise\/chaise-nielaus-290-par-steen-ostergaard\/","url":"https:\/\/lalmachine.com\/de\/shop\/sasseoir\/chaise\/chaise-nielaus-290-par-steen-ostergaard\/","name":"Chaise Nielaus 290 par Steen Ostergaard | lalmachine.com, mobilier et objets d\u00e9co vintage et design","isPartOf":{"@id":"https:\/\/lalmachine.com\/#website"},"datePublished":"2021-01-15T16:34:42+00:00","dateModified":"2024-12-05T20:50:42+00:00","description":"La chaise Nielaus 290 par Steen Ostergaard est fabriqu\u00e9e de polyamide (nylon) renforc\u00e9 de fibre de verre et est peinte en une seule fois.\u00a0La chaise peut \u00eatre utilis\u00e9e int\u00e9rieur ainsi que ext\u00e9rieur.","breadcrumb":{"@id":"https:\/\/lalmachine.com\/de\/shop\/sasseoir\/chaise\/chaise-nielaus-290-par-steen-ostergaard\/#breadcrumb"},"inLanguage":"de","potentialAction":[{"@type":"ReadAction","target":["https:\/\/lalmachine.com\/de\/shop\/sasseoir\/chaise\/chaise-nielaus-290-par-steen-ostergaard\/"]}]},{"@type":"BreadcrumbList","@id":"https:\/\/lalmachine.com\/de\/shop\/sasseoir\/chaise\/chaise-nielaus-290-par-steen-ostergaard\/#breadcrumb","itemListElement":[{"@type":"ListItem","position":1,"name":"Accueil","item":"https:\/\/lalmachine.com\/"},{"@type":"ListItem","position":2,"name":"Shop","item":"https:\/\/lalmachine.com\/shop\/"},{"@type":"ListItem","position":3,"name":"Chaise Nielaus 290 par Steen Ostergaard"}]},{"@type":"WebSite","@id":"https:\/\/lalmachine.com\/#website","url":"https:\/\/lalmachine.com\/","name":"lalmachine.com","description":"Brocante en ligne Suisse | Mobilier et objets d\u00e9co vintage et design","potentialAction":[{"@type":"SearchAction","target":{"@type":"EntryPoint","urlTemplate":"https:\/\/lalmachine.com\/?s={search_term_string}"},"query-input":{"@type":"PropertyValueSpecification","valueRequired":true,"valueName":"search_term_string"}}],"inLanguage":"de"}]}},"_links":{"self":[{"href":"https:\/\/lalmachine.com\/de\/wp-json\/wp\/v2\/product\/36660","targetHints":{"allow":["GET"]}}],"collection":[{"href":"https:\/\/lalmachine.com\/de\/wp-json\/wp\/v2\/product"}],"about":[{"href":"https:\/\/lalmachine.com\/de\/wp-json\/wp\/v2\/types\/product"}],"wp:attachment":[{"href":"https:\/\/lalmachine.com\/de\/wp-json\/wp\/v2\/media?parent=36660"}],"wp:term":[{"taxonomy":"product_brand","embeddable":true,"href":"https:\/\/lalmachine.com\/de\/wp-json\/wp\/v2\/product_brand?post=36660"},{"taxonomy":"product_cat","embeddable":true,"href":"https:\/\/lalmachine.com\/de\/wp-json\/wp\/v2\/product_cat?post=36660"},{"taxonomy":"product_tag","embeddable":true,"href":"https:\/\/lalmachine.com\/de\/wp-json\/wp\/v2\/product_tag?post=36660"},{"taxonomy":"proximite","embeddable":true,"href":"https:\/\/lalmachine.com\/de\/wp-json\/wp\/v2\/proximite?post=36660"}],"curies":[{"name":"wp","href":"https:\/\/api.w.org\/{rel}","templated":true}]}}