{"id":38162,"date":"2021-01-26T08:14:09","date_gmt":"2021-01-26T07:14:09","guid":{"rendered":"https:\/\/lalmachine.com\/de\/?post_type=product&#038;p=38162"},"modified":"2024-12-05T21:50:45","modified_gmt":"2024-12-05T20:50:45","slug":"design-inox-salon-tisch-von-kappa-1970","status":"publish","type":"product","link":"https:\/\/lalmachine.com\/de\/shop\/meubler\/table-basse-dappoint\/design-inox-salon-tisch-von-kappa-1970\/","title":{"rendered":"Inox Salon Tisch von Kappa 1970"},"content":{"rendered":"<ul class=\"wpuf_customs\"><li style=\"list-style-type:none;\"><label>Autres photos:<\/label> <a href=\"https:\/\/lalmachine.com\/wp-content\/uploads\/2021\/01\/tisch-seitlich-eb3e11f5-scaled.jpg\"><img loading=\"lazy\" decoding=\"async\" width=\"96\" height=\"96\" src=\"https:\/\/lalmachine.com\/wp-content\/uploads\/2021\/01\/tisch-seitlich-eb3e11f5-150x150.jpg\" class=\"attachment-thumbnail size-thumbnail\" alt=\"\" srcset=\"https:\/\/lalmachine.com\/wp-content\/uploads\/2021\/01\/tisch-seitlich-eb3e11f5-150x150.jpg 150w, https:\/\/lalmachine.com\/wp-content\/uploads\/2021\/01\/tisch-seitlich-eb3e11f5-scaled-300x300.jpg 300w, https:\/\/lalmachine.com\/wp-content\/uploads\/2021\/01\/tisch-seitlich-eb3e11f5-scaled-100x100.jpg 100w\" sizes=\"(max-width: 96px) 100vw, 96px\" \/><\/a> <a href=\"https:\/\/lalmachine.com\/wp-content\/uploads\/2021\/01\/tisch-oben-c881f4ec-scaled.jpg\"><img loading=\"lazy\" decoding=\"async\" width=\"96\" height=\"96\" src=\"https:\/\/lalmachine.com\/wp-content\/uploads\/2021\/01\/tisch-oben-c881f4ec-150x150.jpg\" class=\"attachment-thumbnail size-thumbnail\" alt=\"\" srcset=\"https:\/\/lalmachine.com\/wp-content\/uploads\/2021\/01\/tisch-oben-c881f4ec-150x150.jpg 150w, https:\/\/lalmachine.com\/wp-content\/uploads\/2021\/01\/tisch-oben-c881f4ec-scaled-300x300.jpg 300w, https:\/\/lalmachine.com\/wp-content\/uploads\/2021\/01\/tisch-oben-c881f4ec-scaled-100x100.jpg 100w\" sizes=\"(max-width: 96px) 100vw, 96px\" \/><\/a> <a href=\"https:\/\/lalmachine.com\/wp-content\/uploads\/2021\/01\/niete-c3ef1b74.jpg\"><img loading=\"lazy\" decoding=\"async\" width=\"96\" height=\"96\" src=\"https:\/\/lalmachine.com\/wp-content\/uploads\/2021\/01\/niete-c3ef1b74-150x150.jpg\" class=\"attachment-thumbnail size-thumbnail\" alt=\"\" \/><\/a> <\/li>        <li class=\"wpuf-field-data wpuf-field-data-numeric_text_field\">\n                            <label>Prix:<\/label>\n                        460        <\/li>\n                <li class=\"wpuf-field-data wpuf-field-data-numeric_text_field\">\n                            <label>Hauteur (cm):<\/label>\n                        34        <\/li>\n                <li class=\"wpuf-field-data wpuf-field-data-numeric_text_field\">\n                            <label>Largeur (cm):<\/label>\n                        75        <\/li>\n                <li class=\"wpuf-field-data wpuf-field-data-numeric_text_field\">\n                            <label>Profondeur (cm):<\/label>\n                        75        <\/li>\n        <\/ul>","protected":false},"excerpt":{"rendered":"<ol>\n<li>Sehr gut erhaltener Designklassiker, Inox Salon Tisch von Kappa 1970 zu verkaufen, Durchmesser 75 cm, H\u00f6he 34 cm, die originale, get\u00f6nte Glasplatte ist mit Nieten fest verankert ( siehe Foto), bevorzugt Abholung in Basel, St. Johann.<\/li>\n<li>Table de salon Inox de Kappa 1970 en excellente \u00e9tat, \u00e0 vendre, mesures 75 cm de diametre, hauteur 34 cm, plaque de verre teint\u00e9, fix\u00e9 par des rivets, retrait chez le vendeur \u00e0 B\u00e2le, St. Johann<\/li>\n<\/ol>","protected":false},"featured_media":38236,"template":"","meta":{"_et_pb_use_builder":"","_et_pb_old_content":"","_et_gb_content_width":""},"product_brand":[],"product_cat":[47,459],"product_tag":[],"proximite":[198],"class_list":{"0":"post-38162","1":"product","2":"type-product","3":"status-publish","4":"has-post-thumbnail","6":"product_cat-meubler","7":"product_cat-table-basse-dappoint","8":"pa_couleur-argent","9":"pa_etat-tres-bon-etat","10":"pa_materiau-metal","11":"pa_style-vintage","12":"proximite-bale-ville","14":"first","15":"outofstock","16":"sale","17":"shipping-taxable","18":"purchasable","19":"product-type-simple"},"yoast_head":"<!-- This site is optimized with the Yoast SEO plugin v27.4 - https:\/\/yoast.com\/product\/yoast-seo-wordpress\/ -->\n<title>Inox Salon Tisch von Kappa 1970 | lalmachine.com<\/title>\n<meta name=\"description\" content=\"Sehr gut erhaltener Designklassiker, Inox Salon Tisch von Kappa 1970 zu verkaufen, Durchmesser 75 cm, H\u00f6he 34 cm, die originale, get\u00f6nte Glasplatte ist mit Nieten fest verankert ( siehe Foto), bevorzugt Abholung in Basel, St. Johann.\" \/>\n<meta name=\"robots\" content=\"index, follow, max-snippet:-1, max-image-preview:large, max-video-preview:-1\" \/>\n<link rel=\"canonical\" href=\"https:\/\/lalmachine.com\/de\/shop\/meubler\/table-basse-dappoint\/design-inox-salon-tisch-von-kappa-1970\/\" \/>\n<meta property=\"og:locale\" content=\"de_DE\" \/>\n<meta property=\"og:type\" content=\"article\" \/>\n<meta property=\"og:title\" content=\"Inox Salon Tisch von Kappa 1970 | lalmachine.com\" \/>\n<meta property=\"og:description\" content=\"Sehr gut erhaltener Designklassiker, Inox Salon Tisch von Kappa 1970 zu verkaufen, Durchmesser 75 cm, H\u00f6he 34 cm, die originale, get\u00f6nte Glasplatte ist mit Nieten fest verankert ( siehe Foto), bevorzugt Abholung in Basel, St. Johann.\" \/>\n<meta property=\"og:url\" content=\"https:\/\/lalmachine.com\/de\/shop\/meubler\/table-basse-dappoint\/design-inox-salon-tisch-von-kappa-1970\/\" \/>\n<meta property=\"og:site_name\" content=\"lalmachine.com\" \/>\n<meta property=\"article:publisher\" content=\"https:\/\/facebook.com\/lalmachine\" \/>\n<meta property=\"article:modified_time\" content=\"2024-12-05T20:50:45+00:00\" \/>\n<meta property=\"og:image\" content=\"https:\/\/lalmachine.com\/wp-content\/uploads\/2021\/01\/tisch-seitlich-eb3e11f5-scaled_clipped_rev_1-scaled.jpg\" \/>\n\t<meta property=\"og:image:width\" content=\"2560\" \/>\n\t<meta property=\"og:image:height\" content=\"2560\" \/>\n\t<meta property=\"og:image:type\" content=\"image\/jpeg\" \/>\n<meta name=\"twitter:card\" content=\"summary_large_image\" \/>\n<script type=\"application\/ld+json\" class=\"yoast-schema-graph\">{\"@context\":\"https:\\\/\\\/schema.org\",\"@graph\":[{\"@type\":\"WebPage\",\"@id\":\"https:\\\/\\\/lalmachine.com\\\/shop\\\/meubler\\\/table-basse-dappoint\\\/design-inox-salon-tisch-von-kappa-1970\\\/\",\"url\":\"https:\\\/\\\/lalmachine.com\\\/shop\\\/meubler\\\/table-basse-dappoint\\\/design-inox-salon-tisch-von-kappa-1970\\\/\",\"name\":\"Inox Salon Tisch von Kappa 1970 | lalmachine.com\",\"isPartOf\":{\"@id\":\"https:\\\/\\\/lalmachine.com\\\/#website\"},\"primaryImageOfPage\":{\"@id\":\"https:\\\/\\\/lalmachine.com\\\/shop\\\/meubler\\\/table-basse-dappoint\\\/design-inox-salon-tisch-von-kappa-1970\\\/#primaryimage\"},\"image\":{\"@id\":\"https:\\\/\\\/lalmachine.com\\\/shop\\\/meubler\\\/table-basse-dappoint\\\/design-inox-salon-tisch-von-kappa-1970\\\/#primaryimage\"},\"thumbnailUrl\":\"https:\\\/\\\/lalmachine.com\\\/wp-content\\\/uploads\\\/2021\\\/01\\\/tisch-seitlich-eb3e11f5-scaled_clipped_rev_1-scaled.jpg\",\"datePublished\":\"2021-01-26T07:14:09+00:00\",\"dateModified\":\"2024-12-05T20:50:45+00:00\",\"description\":\"Sehr gut erhaltener Designklassiker, Inox Salon Tisch von Kappa 1970 zu verkaufen, Durchmesser 75 cm, H\u00f6he 34 cm, die originale, get\u00f6nte Glasplatte ist mit Nieten fest verankert ( siehe Foto), bevorzugt Abholung in Basel, St. Johann.\",\"breadcrumb\":{\"@id\":\"https:\\\/\\\/lalmachine.com\\\/shop\\\/meubler\\\/table-basse-dappoint\\\/design-inox-salon-tisch-von-kappa-1970\\\/#breadcrumb\"},\"inLanguage\":\"de\",\"potentialAction\":[{\"@type\":\"ReadAction\",\"target\":[\"https:\\\/\\\/lalmachine.com\\\/shop\\\/meubler\\\/table-basse-dappoint\\\/design-inox-salon-tisch-von-kappa-1970\\\/\"]}]},{\"@type\":\"ImageObject\",\"inLanguage\":\"de\",\"@id\":\"https:\\\/\\\/lalmachine.com\\\/shop\\\/meubler\\\/table-basse-dappoint\\\/design-inox-salon-tisch-von-kappa-1970\\\/#primaryimage\",\"url\":\"https:\\\/\\\/lalmachine.com\\\/wp-content\\\/uploads\\\/2021\\\/01\\\/tisch-seitlich-eb3e11f5-scaled_clipped_rev_1-scaled.jpg\",\"contentUrl\":\"https:\\\/\\\/lalmachine.com\\\/wp-content\\\/uploads\\\/2021\\\/01\\\/tisch-seitlich-eb3e11f5-scaled_clipped_rev_1-scaled.jpg\",\"width\":2560,\"height\":2560,\"caption\":\"Kappa inox table\"},{\"@type\":\"BreadcrumbList\",\"@id\":\"https:\\\/\\\/lalmachine.com\\\/shop\\\/meubler\\\/table-basse-dappoint\\\/design-inox-salon-tisch-von-kappa-1970\\\/#breadcrumb\",\"itemListElement\":[{\"@type\":\"ListItem\",\"position\":1,\"name\":\"Accueil\",\"item\":\"https:\\\/\\\/lalmachine.com\\\/\"},{\"@type\":\"ListItem\",\"position\":2,\"name\":\"Shop\",\"item\":\"https:\\\/\\\/lalmachine.com\\\/shop\\\/\"},{\"@type\":\"ListItem\",\"position\":3,\"name\":\"Inox Salon Tisch von Kappa 1970\"}]},{\"@type\":\"WebSite\",\"@id\":\"https:\\\/\\\/lalmachine.com\\\/#website\",\"url\":\"https:\\\/\\\/lalmachine.com\\\/\",\"name\":\"lalmachine.com\",\"description\":\"Brocante en ligne Suisse | Mobilier et objets d\u00e9co vintage et design\",\"potentialAction\":[{\"@type\":\"SearchAction\",\"target\":{\"@type\":\"EntryPoint\",\"urlTemplate\":\"https:\\\/\\\/lalmachine.com\\\/?s={search_term_string}\"},\"query-input\":{\"@type\":\"PropertyValueSpecification\",\"valueRequired\":true,\"valueName\":\"search_term_string\"}}],\"inLanguage\":\"de\"}]}<\/script>\n<!-- \/ Yoast SEO plugin. -->","yoast_head_json":{"title":"Inox Salon Tisch von Kappa 1970 | lalmachine.com","description":"Sehr gut erhaltener Designklassiker, Inox Salon Tisch von Kappa 1970 zu verkaufen, Durchmesser 75 cm, H\u00f6he 34 cm, die originale, get\u00f6nte Glasplatte ist mit Nieten fest verankert ( siehe Foto), bevorzugt Abholung in Basel, St. Johann.","robots":{"index":"index","follow":"follow","max-snippet":"max-snippet:-1","max-image-preview":"max-image-preview:large","max-video-preview":"max-video-preview:-1"},"canonical":"https:\/\/lalmachine.com\/de\/shop\/meubler\/table-basse-dappoint\/design-inox-salon-tisch-von-kappa-1970\/","og_locale":"de_DE","og_type":"article","og_title":"Inox Salon Tisch von Kappa 1970 | lalmachine.com","og_description":"Sehr gut erhaltener Designklassiker, Inox Salon Tisch von Kappa 1970 zu verkaufen, Durchmesser 75 cm, H\u00f6he 34 cm, die originale, get\u00f6nte Glasplatte ist mit Nieten fest verankert ( siehe Foto), bevorzugt Abholung in Basel, St. Johann.","og_url":"https:\/\/lalmachine.com\/de\/shop\/meubler\/table-basse-dappoint\/design-inox-salon-tisch-von-kappa-1970\/","og_site_name":"lalmachine.com","article_publisher":"https:\/\/facebook.com\/lalmachine","article_modified_time":"2024-12-05T20:50:45+00:00","og_image":[{"width":2560,"height":2560,"url":"https:\/\/lalmachine.com\/wp-content\/uploads\/2021\/01\/tisch-seitlich-eb3e11f5-scaled_clipped_rev_1-scaled.jpg","type":"image\/jpeg"}],"twitter_card":"summary_large_image","schema":{"@context":"https:\/\/schema.org","@graph":[{"@type":"WebPage","@id":"https:\/\/lalmachine.com\/shop\/meubler\/table-basse-dappoint\/design-inox-salon-tisch-von-kappa-1970\/","url":"https:\/\/lalmachine.com\/shop\/meubler\/table-basse-dappoint\/design-inox-salon-tisch-von-kappa-1970\/","name":"Inox Salon Tisch von Kappa 1970 | lalmachine.com","isPartOf":{"@id":"https:\/\/lalmachine.com\/#website"},"primaryImageOfPage":{"@id":"https:\/\/lalmachine.com\/shop\/meubler\/table-basse-dappoint\/design-inox-salon-tisch-von-kappa-1970\/#primaryimage"},"image":{"@id":"https:\/\/lalmachine.com\/shop\/meubler\/table-basse-dappoint\/design-inox-salon-tisch-von-kappa-1970\/#primaryimage"},"thumbnailUrl":"https:\/\/lalmachine.com\/wp-content\/uploads\/2021\/01\/tisch-seitlich-eb3e11f5-scaled_clipped_rev_1-scaled.jpg","datePublished":"2021-01-26T07:14:09+00:00","dateModified":"2024-12-05T20:50:45+00:00","description":"Sehr gut erhaltener Designklassiker, Inox Salon Tisch von Kappa 1970 zu verkaufen, Durchmesser 75 cm, H\u00f6he 34 cm, die originale, get\u00f6nte Glasplatte ist mit Nieten fest verankert ( siehe Foto), bevorzugt Abholung in Basel, St. Johann.","breadcrumb":{"@id":"https:\/\/lalmachine.com\/shop\/meubler\/table-basse-dappoint\/design-inox-salon-tisch-von-kappa-1970\/#breadcrumb"},"inLanguage":"de","potentialAction":[{"@type":"ReadAction","target":["https:\/\/lalmachine.com\/shop\/meubler\/table-basse-dappoint\/design-inox-salon-tisch-von-kappa-1970\/"]}]},{"@type":"ImageObject","inLanguage":"de","@id":"https:\/\/lalmachine.com\/shop\/meubler\/table-basse-dappoint\/design-inox-salon-tisch-von-kappa-1970\/#primaryimage","url":"https:\/\/lalmachine.com\/wp-content\/uploads\/2021\/01\/tisch-seitlich-eb3e11f5-scaled_clipped_rev_1-scaled.jpg","contentUrl":"https:\/\/lalmachine.com\/wp-content\/uploads\/2021\/01\/tisch-seitlich-eb3e11f5-scaled_clipped_rev_1-scaled.jpg","width":2560,"height":2560,"caption":"Kappa inox table"},{"@type":"BreadcrumbList","@id":"https:\/\/lalmachine.com\/shop\/meubler\/table-basse-dappoint\/design-inox-salon-tisch-von-kappa-1970\/#breadcrumb","itemListElement":[{"@type":"ListItem","position":1,"name":"Accueil","item":"https:\/\/lalmachine.com\/"},{"@type":"ListItem","position":2,"name":"Shop","item":"https:\/\/lalmachine.com\/shop\/"},{"@type":"ListItem","position":3,"name":"Inox Salon Tisch von Kappa 1970"}]},{"@type":"WebSite","@id":"https:\/\/lalmachine.com\/#website","url":"https:\/\/lalmachine.com\/","name":"lalmachine.com","description":"Brocante en ligne Suisse | Mobilier et objets d\u00e9co vintage et design","potentialAction":[{"@type":"SearchAction","target":{"@type":"EntryPoint","urlTemplate":"https:\/\/lalmachine.com\/?s={search_term_string}"},"query-input":{"@type":"PropertyValueSpecification","valueRequired":true,"valueName":"search_term_string"}}],"inLanguage":"de"}]}},"_links":{"self":[{"href":"https:\/\/lalmachine.com\/de\/wp-json\/wp\/v2\/product\/38162","targetHints":{"allow":["GET"]}}],"collection":[{"href":"https:\/\/lalmachine.com\/de\/wp-json\/wp\/v2\/product"}],"about":[{"href":"https:\/\/lalmachine.com\/de\/wp-json\/wp\/v2\/types\/product"}],"wp:featuredmedia":[{"embeddable":true,"href":"https:\/\/lalmachine.com\/de\/wp-json\/wp\/v2\/media\/38236"}],"wp:attachment":[{"href":"https:\/\/lalmachine.com\/de\/wp-json\/wp\/v2\/media?parent=38162"}],"wp:term":[{"taxonomy":"product_brand","embeddable":true,"href":"https:\/\/lalmachine.com\/de\/wp-json\/wp\/v2\/product_brand?post=38162"},{"taxonomy":"product_cat","embeddable":true,"href":"https:\/\/lalmachine.com\/de\/wp-json\/wp\/v2\/product_cat?post=38162"},{"taxonomy":"product_tag","embeddable":true,"href":"https:\/\/lalmachine.com\/de\/wp-json\/wp\/v2\/product_tag?post=38162"},{"taxonomy":"proximite","embeddable":true,"href":"https:\/\/lalmachine.com\/de\/wp-json\/wp\/v2\/proximite?post=38162"}],"curies":[{"name":"wp","href":"https:\/\/api.w.org\/{rel}","templated":true}]}}