{"id":40001,"date":"2021-02-07T16:45:07","date_gmt":"2021-02-07T15:45:07","guid":{"rendered":"https:\/\/lalmachine.com\/?post_type=product&#038;p=40001"},"modified":"2024-12-05T21:50:46","modified_gmt":"2024-12-05T20:50:46","slug":"miroir-ancien-2","status":"publish","type":"product","link":"https:\/\/lalmachine.com\/de\/shop\/decorer\/miroir\/miroir-ancien-2\/","title":{"rendered":"Miroir ancien"},"content":{"rendered":"<ul class=\"wpuf_customs\"><li style=\"list-style-type:none;\"><label>Autres photos:<\/label> <a href=\"https:\/\/lalmachine.com\/wp-content\/uploads\/2021\/02\/IMG_20210206_155038-87a41470-scaled.jpg\"><img loading=\"lazy\" decoding=\"async\" width=\"96\" height=\"96\" src=\"https:\/\/lalmachine.com\/wp-content\/uploads\/2021\/02\/IMG_20210206_155038-87a41470-150x150.jpg\" class=\"attachment-thumbnail size-thumbnail\" alt=\"\" srcset=\"https:\/\/lalmachine.com\/wp-content\/uploads\/2021\/02\/IMG_20210206_155038-87a41470-150x150.jpg 150w, https:\/\/lalmachine.com\/wp-content\/uploads\/2021\/02\/IMG_20210206_155038-87a41470-scaled-300x300.jpg 300w, https:\/\/lalmachine.com\/wp-content\/uploads\/2021\/02\/IMG_20210206_155038-87a41470-scaled-100x100.jpg 100w\" sizes=\"(max-width: 96px) 100vw, 96px\" \/><\/a> <a href=\"https:\/\/lalmachine.com\/wp-content\/uploads\/2021\/02\/IMG_20210206_155030-1957e40d-scaled.jpg\"><img loading=\"lazy\" decoding=\"async\" width=\"96\" height=\"96\" src=\"https:\/\/lalmachine.com\/wp-content\/uploads\/2021\/02\/IMG_20210206_155030-1957e40d-150x150.jpg\" class=\"attachment-thumbnail size-thumbnail\" alt=\"\" srcset=\"https:\/\/lalmachine.com\/wp-content\/uploads\/2021\/02\/IMG_20210206_155030-1957e40d-150x150.jpg 150w, https:\/\/lalmachine.com\/wp-content\/uploads\/2021\/02\/IMG_20210206_155030-1957e40d-scaled-300x300.jpg 300w, https:\/\/lalmachine.com\/wp-content\/uploads\/2021\/02\/IMG_20210206_155030-1957e40d-scaled-100x100.jpg 100w\" sizes=\"(max-width: 96px) 100vw, 96px\" \/><\/a> <a href=\"https:\/\/lalmachine.com\/wp-content\/uploads\/2021\/02\/IMG_20210206_155052-5d9faae1-scaled.jpg\"><img loading=\"lazy\" decoding=\"async\" width=\"96\" height=\"96\" src=\"https:\/\/lalmachine.com\/wp-content\/uploads\/2021\/02\/IMG_20210206_155052-5d9faae1-150x150.jpg\" class=\"attachment-thumbnail size-thumbnail\" alt=\"\" srcset=\"https:\/\/lalmachine.com\/wp-content\/uploads\/2021\/02\/IMG_20210206_155052-5d9faae1-150x150.jpg 150w, https:\/\/lalmachine.com\/wp-content\/uploads\/2021\/02\/IMG_20210206_155052-5d9faae1-scaled-300x300.jpg 300w, https:\/\/lalmachine.com\/wp-content\/uploads\/2021\/02\/IMG_20210206_155052-5d9faae1-scaled-100x100.jpg 100w\" sizes=\"(max-width: 96px) 100vw, 96px\" \/><\/a> <a href=\"https:\/\/lalmachine.com\/wp-content\/uploads\/2021\/02\/IMG_20210206_155121-dff0a5b7-scaled.jpg\"><img loading=\"lazy\" decoding=\"async\" width=\"96\" height=\"96\" src=\"https:\/\/lalmachine.com\/wp-content\/uploads\/2021\/02\/IMG_20210206_155121-dff0a5b7-150x150.jpg\" class=\"attachment-thumbnail size-thumbnail\" alt=\"\" srcset=\"https:\/\/lalmachine.com\/wp-content\/uploads\/2021\/02\/IMG_20210206_155121-dff0a5b7-150x150.jpg 150w, https:\/\/lalmachine.com\/wp-content\/uploads\/2021\/02\/IMG_20210206_155121-dff0a5b7-scaled-300x300.jpg 300w, https:\/\/lalmachine.com\/wp-content\/uploads\/2021\/02\/IMG_20210206_155121-dff0a5b7-scaled-100x100.jpg 100w\" sizes=\"(max-width: 96px) 100vw, 96px\" \/><\/a> <a href=\"https:\/\/lalmachine.com\/wp-content\/uploads\/2021\/02\/IMG_20210206_155132-818f04e7-scaled.jpg\"><img loading=\"lazy\" decoding=\"async\" width=\"96\" height=\"96\" src=\"https:\/\/lalmachine.com\/wp-content\/uploads\/2021\/02\/IMG_20210206_155132-818f04e7-150x150.jpg\" class=\"attachment-thumbnail size-thumbnail\" alt=\"\" srcset=\"https:\/\/lalmachine.com\/wp-content\/uploads\/2021\/02\/IMG_20210206_155132-818f04e7-150x150.jpg 150w, https:\/\/lalmachine.com\/wp-content\/uploads\/2021\/02\/IMG_20210206_155132-818f04e7-scaled-300x300.jpg 300w, https:\/\/lalmachine.com\/wp-content\/uploads\/2021\/02\/IMG_20210206_155132-818f04e7-scaled-100x100.jpg 100w\" sizes=\"(max-width: 96px) 100vw, 96px\" \/><\/a> <a href=\"https:\/\/lalmachine.com\/wp-content\/uploads\/2021\/02\/IMG_20210206_155205-cbf5266c-scaled.jpg\"><img loading=\"lazy\" decoding=\"async\" width=\"96\" height=\"96\" src=\"https:\/\/lalmachine.com\/wp-content\/uploads\/2021\/02\/IMG_20210206_155205-cbf5266c-150x150.jpg\" class=\"attachment-thumbnail size-thumbnail\" alt=\"\" srcset=\"https:\/\/lalmachine.com\/wp-content\/uploads\/2021\/02\/IMG_20210206_155205-cbf5266c-150x150.jpg 150w, https:\/\/lalmachine.com\/wp-content\/uploads\/2021\/02\/IMG_20210206_155205-cbf5266c-scaled-300x300.jpg 300w, https:\/\/lalmachine.com\/wp-content\/uploads\/2021\/02\/IMG_20210206_155205-cbf5266c-scaled-100x100.jpg 100w\" sizes=\"(max-width: 96px) 100vw, 96px\" \/><\/a> <a href=\"https:\/\/lalmachine.com\/wp-content\/uploads\/2021\/02\/IMG_20210206_155242-266eaaab-scaled.jpg\"><img loading=\"lazy\" decoding=\"async\" width=\"96\" height=\"96\" src=\"https:\/\/lalmachine.com\/wp-content\/uploads\/2021\/02\/IMG_20210206_155242-266eaaab-150x150.jpg\" class=\"attachment-thumbnail size-thumbnail\" alt=\"\" srcset=\"https:\/\/lalmachine.com\/wp-content\/uploads\/2021\/02\/IMG_20210206_155242-266eaaab-150x150.jpg 150w, https:\/\/lalmachine.com\/wp-content\/uploads\/2021\/02\/IMG_20210206_155242-266eaaab-scaled-300x300.jpg 300w, https:\/\/lalmachine.com\/wp-content\/uploads\/2021\/02\/IMG_20210206_155242-266eaaab-scaled-100x100.jpg 100w\" sizes=\"(max-width: 96px) 100vw, 96px\" \/><\/a> <\/li>        <li class=\"wpuf-field-data wpuf-field-data-numeric_text_field\">\n                            <label>Prix:<\/label>\n                        240        <\/li>\n                <li class=\"wpuf-field-data wpuf-field-data-numeric_text_field\">\n                            <label>Hauteur (cm):<\/label>\n                        92        <\/li>\n                <li class=\"wpuf-field-data wpuf-field-data-numeric_text_field\">\n                            <label>Largeur (cm):<\/label>\n                        62        <\/li>\n                <li class=\"wpuf-field-data wpuf-field-data-numeric_text_field\">\n                            <label>Profondeur (cm):<\/label>\n                        4        <\/li>\n        <\/ul>","protected":false},"excerpt":{"rendered":"<p>Miroir ancien en bois. Dot\u00e9e d&rsquo;une corde \u00e0 l&rsquo;arri\u00e8re pour le suspendre. Quelques traces d&rsquo;usure sur la structure en bois. La vitre est en tr\u00e8s bon \u00e9tat.<\/p>","protected":false},"featured_media":40195,"template":"","meta":{"_et_pb_use_builder":"","_et_pb_old_content":"","_et_gb_content_width":""},"product_brand":[],"product_cat":[50,93],"product_tag":[],"proximite":[177,235],"class_list":{"0":"post-40001","1":"product","2":"type-product","3":"status-publish","4":"has-post-thumbnail","6":"product_cat-decorer","7":"product_cat-miroir","8":"pa_couleur-dore","9":"pa_etat-dans-son-jus","10":"pa_materiau-bois","11":"pa_style-vintage","12":"proximite-fribourg","13":"proximite-sarine","15":"first","16":"outofstock","17":"shipping-taxable","18":"purchasable","19":"product-type-simple"},"yoast_head":"<!-- This site is optimized with the Yoast SEO plugin v27.3 - https:\/\/yoast.com\/product\/yoast-seo-wordpress\/ -->\n<title>Miroir ancien | lalmachine.com, mobilier et objets d\u00e9co vintage et design<\/title>\n<meta name=\"description\" content=\"Miroir ancien en bois. Dot\u00e9e d&#039;une corde \u00e0 l&#039;arri\u00e8re pour le suspendre. Quelques traces d&#039;usure sur la structure en bois. La vitre est en tr\u00e8s bon \u00e9tat.\" \/>\n<meta name=\"robots\" content=\"index, follow, max-snippet:-1, max-image-preview:large, max-video-preview:-1\" \/>\n<link rel=\"canonical\" href=\"https:\/\/lalmachine.com\/de\/shop\/decorer\/miroir\/miroir-ancien-2\/\" \/>\n<meta property=\"og:locale\" content=\"de_DE\" \/>\n<meta property=\"og:type\" content=\"article\" \/>\n<meta property=\"og:title\" content=\"Miroir ancien | lalmachine.com, mobilier et objets d\u00e9co vintage et design\" \/>\n<meta property=\"og:description\" content=\"Miroir ancien en bois. Dot\u00e9e d&#039;une corde \u00e0 l&#039;arri\u00e8re pour le suspendre. Quelques traces d&#039;usure sur la structure en bois. La vitre est en tr\u00e8s bon \u00e9tat.\" \/>\n<meta property=\"og:url\" content=\"https:\/\/lalmachine.com\/de\/shop\/decorer\/miroir\/miroir-ancien-2\/\" \/>\n<meta property=\"og:site_name\" content=\"lalmachine.com\" \/>\n<meta property=\"article:publisher\" content=\"https:\/\/facebook.com\/lalmachine\" \/>\n<meta property=\"article:modified_time\" content=\"2024-12-05T20:50:46+00:00\" \/>\n<meta property=\"og:image\" content=\"https:\/\/lalmachine.com\/wp-content\/uploads\/2021\/02\/Pasted-20210208-111505_clipped_rev_1.jpeg\" \/>\n\t<meta property=\"og:image:width\" content=\"2414\" \/>\n\t<meta property=\"og:image:height\" content=\"2414\" \/>\n\t<meta property=\"og:image:type\" content=\"image\/jpeg\" \/>\n<meta name=\"twitter:card\" content=\"summary_large_image\" \/>\n<script type=\"application\/ld+json\" class=\"yoast-schema-graph\">{\"@context\":\"https:\\\/\\\/schema.org\",\"@graph\":[{\"@type\":\"WebPage\",\"@id\":\"https:\\\/\\\/lalmachine.com\\\/shop\\\/decorer\\\/miroir\\\/miroir-ancien-2\\\/\",\"url\":\"https:\\\/\\\/lalmachine.com\\\/shop\\\/decorer\\\/miroir\\\/miroir-ancien-2\\\/\",\"name\":\"Miroir ancien | lalmachine.com, mobilier et objets d\u00e9co vintage et design\",\"isPartOf\":{\"@id\":\"https:\\\/\\\/lalmachine.com\\\/#website\"},\"primaryImageOfPage\":{\"@id\":\"https:\\\/\\\/lalmachine.com\\\/shop\\\/decorer\\\/miroir\\\/miroir-ancien-2\\\/#primaryimage\"},\"image\":{\"@id\":\"https:\\\/\\\/lalmachine.com\\\/shop\\\/decorer\\\/miroir\\\/miroir-ancien-2\\\/#primaryimage\"},\"thumbnailUrl\":\"https:\\\/\\\/lalmachine.com\\\/wp-content\\\/uploads\\\/2021\\\/02\\\/Pasted-20210208-111505_clipped_rev_1.jpeg\",\"datePublished\":\"2021-02-07T15:45:07+00:00\",\"dateModified\":\"2024-12-05T20:50:46+00:00\",\"description\":\"Miroir ancien en bois. Dot\u00e9e d'une corde \u00e0 l'arri\u00e8re pour le suspendre. Quelques traces d'usure sur la structure en bois. La vitre est en tr\u00e8s bon \u00e9tat.\",\"breadcrumb\":{\"@id\":\"https:\\\/\\\/lalmachine.com\\\/shop\\\/decorer\\\/miroir\\\/miroir-ancien-2\\\/#breadcrumb\"},\"inLanguage\":\"de\",\"potentialAction\":[{\"@type\":\"ReadAction\",\"target\":[\"https:\\\/\\\/lalmachine.com\\\/shop\\\/decorer\\\/miroir\\\/miroir-ancien-2\\\/\"]}]},{\"@type\":\"ImageObject\",\"inLanguage\":\"de\",\"@id\":\"https:\\\/\\\/lalmachine.com\\\/shop\\\/decorer\\\/miroir\\\/miroir-ancien-2\\\/#primaryimage\",\"url\":\"https:\\\/\\\/lalmachine.com\\\/wp-content\\\/uploads\\\/2021\\\/02\\\/Pasted-20210208-111505_clipped_rev_1.jpeg\",\"contentUrl\":\"https:\\\/\\\/lalmachine.com\\\/wp-content\\\/uploads\\\/2021\\\/02\\\/Pasted-20210208-111505_clipped_rev_1.jpeg\",\"width\":2414,\"height\":2414},{\"@type\":\"BreadcrumbList\",\"@id\":\"https:\\\/\\\/lalmachine.com\\\/shop\\\/decorer\\\/miroir\\\/miroir-ancien-2\\\/#breadcrumb\",\"itemListElement\":[{\"@type\":\"ListItem\",\"position\":1,\"name\":\"Accueil\",\"item\":\"https:\\\/\\\/lalmachine.com\\\/\"},{\"@type\":\"ListItem\",\"position\":2,\"name\":\"Shop\",\"item\":\"https:\\\/\\\/lalmachine.com\\\/shop\\\/\"},{\"@type\":\"ListItem\",\"position\":3,\"name\":\"Miroir ancien\"}]},{\"@type\":\"WebSite\",\"@id\":\"https:\\\/\\\/lalmachine.com\\\/#website\",\"url\":\"https:\\\/\\\/lalmachine.com\\\/\",\"name\":\"lalmachine.com\",\"description\":\"Brocante en ligne Suisse | Mobilier et objets d\u00e9co vintage et design\",\"potentialAction\":[{\"@type\":\"SearchAction\",\"target\":{\"@type\":\"EntryPoint\",\"urlTemplate\":\"https:\\\/\\\/lalmachine.com\\\/?s={search_term_string}\"},\"query-input\":{\"@type\":\"PropertyValueSpecification\",\"valueRequired\":true,\"valueName\":\"search_term_string\"}}],\"inLanguage\":\"de\"}]}<\/script>\n<!-- \/ Yoast SEO plugin. -->","yoast_head_json":{"title":"Miroir ancien | lalmachine.com, mobilier et objets d\u00e9co vintage et design","description":"Miroir ancien en bois. Dot\u00e9e d'une corde \u00e0 l'arri\u00e8re pour le suspendre. Quelques traces d'usure sur la structure en bois. La vitre est en tr\u00e8s bon \u00e9tat.","robots":{"index":"index","follow":"follow","max-snippet":"max-snippet:-1","max-image-preview":"max-image-preview:large","max-video-preview":"max-video-preview:-1"},"canonical":"https:\/\/lalmachine.com\/de\/shop\/decorer\/miroir\/miroir-ancien-2\/","og_locale":"de_DE","og_type":"article","og_title":"Miroir ancien | lalmachine.com, mobilier et objets d\u00e9co vintage et design","og_description":"Miroir ancien en bois. Dot\u00e9e d'une corde \u00e0 l'arri\u00e8re pour le suspendre. Quelques traces d'usure sur la structure en bois. La vitre est en tr\u00e8s bon \u00e9tat.","og_url":"https:\/\/lalmachine.com\/de\/shop\/decorer\/miroir\/miroir-ancien-2\/","og_site_name":"lalmachine.com","article_publisher":"https:\/\/facebook.com\/lalmachine","article_modified_time":"2024-12-05T20:50:46+00:00","og_image":[{"width":2414,"height":2414,"url":"https:\/\/lalmachine.com\/wp-content\/uploads\/2021\/02\/Pasted-20210208-111505_clipped_rev_1.jpeg","type":"image\/jpeg"}],"twitter_card":"summary_large_image","schema":{"@context":"https:\/\/schema.org","@graph":[{"@type":"WebPage","@id":"https:\/\/lalmachine.com\/shop\/decorer\/miroir\/miroir-ancien-2\/","url":"https:\/\/lalmachine.com\/shop\/decorer\/miroir\/miroir-ancien-2\/","name":"Miroir ancien | lalmachine.com, mobilier et objets d\u00e9co vintage et design","isPartOf":{"@id":"https:\/\/lalmachine.com\/#website"},"primaryImageOfPage":{"@id":"https:\/\/lalmachine.com\/shop\/decorer\/miroir\/miroir-ancien-2\/#primaryimage"},"image":{"@id":"https:\/\/lalmachine.com\/shop\/decorer\/miroir\/miroir-ancien-2\/#primaryimage"},"thumbnailUrl":"https:\/\/lalmachine.com\/wp-content\/uploads\/2021\/02\/Pasted-20210208-111505_clipped_rev_1.jpeg","datePublished":"2021-02-07T15:45:07+00:00","dateModified":"2024-12-05T20:50:46+00:00","description":"Miroir ancien en bois. Dot\u00e9e d'une corde \u00e0 l'arri\u00e8re pour le suspendre. Quelques traces d'usure sur la structure en bois. La vitre est en tr\u00e8s bon \u00e9tat.","breadcrumb":{"@id":"https:\/\/lalmachine.com\/shop\/decorer\/miroir\/miroir-ancien-2\/#breadcrumb"},"inLanguage":"de","potentialAction":[{"@type":"ReadAction","target":["https:\/\/lalmachine.com\/shop\/decorer\/miroir\/miroir-ancien-2\/"]}]},{"@type":"ImageObject","inLanguage":"de","@id":"https:\/\/lalmachine.com\/shop\/decorer\/miroir\/miroir-ancien-2\/#primaryimage","url":"https:\/\/lalmachine.com\/wp-content\/uploads\/2021\/02\/Pasted-20210208-111505_clipped_rev_1.jpeg","contentUrl":"https:\/\/lalmachine.com\/wp-content\/uploads\/2021\/02\/Pasted-20210208-111505_clipped_rev_1.jpeg","width":2414,"height":2414},{"@type":"BreadcrumbList","@id":"https:\/\/lalmachine.com\/shop\/decorer\/miroir\/miroir-ancien-2\/#breadcrumb","itemListElement":[{"@type":"ListItem","position":1,"name":"Accueil","item":"https:\/\/lalmachine.com\/"},{"@type":"ListItem","position":2,"name":"Shop","item":"https:\/\/lalmachine.com\/shop\/"},{"@type":"ListItem","position":3,"name":"Miroir ancien"}]},{"@type":"WebSite","@id":"https:\/\/lalmachine.com\/#website","url":"https:\/\/lalmachine.com\/","name":"lalmachine.com","description":"Brocante en ligne Suisse | Mobilier et objets d\u00e9co vintage et design","potentialAction":[{"@type":"SearchAction","target":{"@type":"EntryPoint","urlTemplate":"https:\/\/lalmachine.com\/?s={search_term_string}"},"query-input":{"@type":"PropertyValueSpecification","valueRequired":true,"valueName":"search_term_string"}}],"inLanguage":"de"}]}},"_links":{"self":[{"href":"https:\/\/lalmachine.com\/de\/wp-json\/wp\/v2\/product\/40001","targetHints":{"allow":["GET"]}}],"collection":[{"href":"https:\/\/lalmachine.com\/de\/wp-json\/wp\/v2\/product"}],"about":[{"href":"https:\/\/lalmachine.com\/de\/wp-json\/wp\/v2\/types\/product"}],"wp:featuredmedia":[{"embeddable":true,"href":"https:\/\/lalmachine.com\/de\/wp-json\/wp\/v2\/media\/40195"}],"wp:attachment":[{"href":"https:\/\/lalmachine.com\/de\/wp-json\/wp\/v2\/media?parent=40001"}],"wp:term":[{"taxonomy":"product_brand","embeddable":true,"href":"https:\/\/lalmachine.com\/de\/wp-json\/wp\/v2\/product_brand?post=40001"},{"taxonomy":"product_cat","embeddable":true,"href":"https:\/\/lalmachine.com\/de\/wp-json\/wp\/v2\/product_cat?post=40001"},{"taxonomy":"product_tag","embeddable":true,"href":"https:\/\/lalmachine.com\/de\/wp-json\/wp\/v2\/product_tag?post=40001"},{"taxonomy":"proximite","embeddable":true,"href":"https:\/\/lalmachine.com\/de\/wp-json\/wp\/v2\/proximite?post=40001"}],"curies":[{"name":"wp","href":"https:\/\/api.w.org\/{rel}","templated":true}]}}