{"id":40545,"date":"2023-10-25T16:08:00","date_gmt":"2023-10-25T14:08:00","guid":{"rendered":"https:\/\/lalmachine.com\/?post_type=product&#038;p=40545"},"modified":"2024-12-05T21:50:46","modified_gmt":"2024-12-05T20:50:46","slug":"affiche-picasso-2","status":"publish","type":"product","link":"https:\/\/lalmachine.com\/de\/shop\/decorer\/affiche-carte\/affiche-picasso-2\/","title":{"rendered":"Affiche Picasso"},"content":{"rendered":"<ul class=\"wpuf_customs\"><li style=\"list-style-type:none;\"><label>Autres photos:<\/label> <a href=\"https:\/\/lalmachine.com\/wp-content\/uploads\/2021\/02\/EDC460BE-8E5F-4AC3-97A3-D891748248B4-a3a76545-scaled.jpeg\"><img loading=\"lazy\" decoding=\"async\" width=\"96\" height=\"96\" src=\"https:\/\/lalmachine.com\/wp-content\/uploads\/2021\/02\/EDC460BE-8E5F-4AC3-97A3-D891748248B4-a3a76545-150x150.jpeg\" class=\"attachment-thumbnail size-thumbnail\" alt=\"\" srcset=\"https:\/\/lalmachine.com\/wp-content\/uploads\/2021\/02\/EDC460BE-8E5F-4AC3-97A3-D891748248B4-a3a76545-150x150.jpeg 150w, https:\/\/lalmachine.com\/wp-content\/uploads\/2021\/02\/EDC460BE-8E5F-4AC3-97A3-D891748248B4-a3a76545-scaled-300x300.jpeg 300w, https:\/\/lalmachine.com\/wp-content\/uploads\/2021\/02\/EDC460BE-8E5F-4AC3-97A3-D891748248B4-a3a76545-scaled-100x100.jpeg 100w\" sizes=\"(max-width: 96px) 100vw, 96px\" \/><\/a> <a href=\"https:\/\/lalmachine.com\/wp-content\/uploads\/2021\/02\/C8887D9C-1BAE-4EA8-95CB-BBCD29CAB713-05012704-scaled.jpeg\"><img loading=\"lazy\" decoding=\"async\" width=\"96\" height=\"96\" src=\"https:\/\/lalmachine.com\/wp-content\/uploads\/2021\/02\/C8887D9C-1BAE-4EA8-95CB-BBCD29CAB713-05012704-150x150.jpeg\" class=\"attachment-thumbnail size-thumbnail\" alt=\"\" srcset=\"https:\/\/lalmachine.com\/wp-content\/uploads\/2021\/02\/C8887D9C-1BAE-4EA8-95CB-BBCD29CAB713-05012704-150x150.jpeg 150w, https:\/\/lalmachine.com\/wp-content\/uploads\/2021\/02\/C8887D9C-1BAE-4EA8-95CB-BBCD29CAB713-05012704-scaled-300x300.jpeg 300w, https:\/\/lalmachine.com\/wp-content\/uploads\/2021\/02\/C8887D9C-1BAE-4EA8-95CB-BBCD29CAB713-05012704-scaled-100x100.jpeg 100w\" sizes=\"(max-width: 96px) 100vw, 96px\" \/><\/a> <a href=\"https:\/\/lalmachine.com\/wp-content\/uploads\/2021\/02\/54FBE2B5-9179-4D1B-AFF9-D472244D548D-6ff8fb8b-scaled.jpeg\"><img loading=\"lazy\" decoding=\"async\" width=\"96\" height=\"96\" src=\"https:\/\/lalmachine.com\/wp-content\/uploads\/2021\/02\/54FBE2B5-9179-4D1B-AFF9-D472244D548D-6ff8fb8b-150x150.jpeg\" class=\"attachment-thumbnail size-thumbnail\" alt=\"\" srcset=\"https:\/\/lalmachine.com\/wp-content\/uploads\/2021\/02\/54FBE2B5-9179-4D1B-AFF9-D472244D548D-6ff8fb8b-150x150.jpeg 150w, https:\/\/lalmachine.com\/wp-content\/uploads\/2021\/02\/54FBE2B5-9179-4D1B-AFF9-D472244D548D-6ff8fb8b-scaled-300x300.jpeg 300w, https:\/\/lalmachine.com\/wp-content\/uploads\/2021\/02\/54FBE2B5-9179-4D1B-AFF9-D472244D548D-6ff8fb8b-scaled-100x100.jpeg 100w\" sizes=\"(max-width: 96px) 100vw, 96px\" \/><\/a> <a href=\"https:\/\/lalmachine.com\/wp-content\/uploads\/2021\/02\/B8724C73-A8D0-4F2E-9020-17664A05377E-c36786af-scaled.jpeg\"><img loading=\"lazy\" decoding=\"async\" width=\"96\" height=\"96\" src=\"https:\/\/lalmachine.com\/wp-content\/uploads\/2021\/02\/B8724C73-A8D0-4F2E-9020-17664A05377E-c36786af-150x150.jpeg\" class=\"attachment-thumbnail size-thumbnail\" alt=\"\" srcset=\"https:\/\/lalmachine.com\/wp-content\/uploads\/2021\/02\/B8724C73-A8D0-4F2E-9020-17664A05377E-c36786af-150x150.jpeg 150w, https:\/\/lalmachine.com\/wp-content\/uploads\/2021\/02\/B8724C73-A8D0-4F2E-9020-17664A05377E-c36786af-scaled-300x300.jpeg 300w, https:\/\/lalmachine.com\/wp-content\/uploads\/2021\/02\/B8724C73-A8D0-4F2E-9020-17664A05377E-c36786af-scaled-100x100.jpeg 100w\" sizes=\"(max-width: 96px) 100vw, 96px\" \/><\/a> <a href=\"https:\/\/lalmachine.com\/wp-content\/uploads\/2021\/02\/C582897C-0959-4683-B3C9-F07675B800DF-47c323d3-scaled.jpeg\"><img loading=\"lazy\" decoding=\"async\" width=\"96\" height=\"96\" src=\"https:\/\/lalmachine.com\/wp-content\/uploads\/2021\/02\/C582897C-0959-4683-B3C9-F07675B800DF-47c323d3-150x150.jpeg\" class=\"attachment-thumbnail size-thumbnail\" alt=\"\" srcset=\"https:\/\/lalmachine.com\/wp-content\/uploads\/2021\/02\/C582897C-0959-4683-B3C9-F07675B800DF-47c323d3-150x150.jpeg 150w, https:\/\/lalmachine.com\/wp-content\/uploads\/2021\/02\/C582897C-0959-4683-B3C9-F07675B800DF-47c323d3-scaled-300x300.jpeg 300w, https:\/\/lalmachine.com\/wp-content\/uploads\/2021\/02\/C582897C-0959-4683-B3C9-F07675B800DF-47c323d3-scaled-100x100.jpeg 100w\" sizes=\"(max-width: 96px) 100vw, 96px\" \/><\/a> <a href=\"https:\/\/lalmachine.com\/wp-content\/uploads\/2021\/02\/BD42E1DA-F6EC-4161-A212-28E3279C6556-8083c555-scaled.jpeg\"><img loading=\"lazy\" decoding=\"async\" width=\"96\" height=\"96\" src=\"https:\/\/lalmachine.com\/wp-content\/uploads\/2021\/02\/BD42E1DA-F6EC-4161-A212-28E3279C6556-8083c555-150x150.jpeg\" class=\"attachment-thumbnail size-thumbnail\" alt=\"\" srcset=\"https:\/\/lalmachine.com\/wp-content\/uploads\/2021\/02\/BD42E1DA-F6EC-4161-A212-28E3279C6556-8083c555-150x150.jpeg 150w, https:\/\/lalmachine.com\/wp-content\/uploads\/2021\/02\/BD42E1DA-F6EC-4161-A212-28E3279C6556-8083c555-scaled-300x300.jpeg 300w, https:\/\/lalmachine.com\/wp-content\/uploads\/2021\/02\/BD42E1DA-F6EC-4161-A212-28E3279C6556-8083c555-scaled-100x100.jpeg 100w\" sizes=\"(max-width: 96px) 100vw, 96px\" \/><\/a> <a href=\"https:\/\/lalmachine.com\/wp-content\/uploads\/2021\/02\/23D79FE5-E230-4C0B-B73A-63EDDD1FA661-f3de89d2-scaled.jpeg\"><img loading=\"lazy\" decoding=\"async\" width=\"96\" height=\"96\" src=\"https:\/\/lalmachine.com\/wp-content\/uploads\/2021\/02\/23D79FE5-E230-4C0B-B73A-63EDDD1FA661-f3de89d2-150x150.jpeg\" class=\"attachment-thumbnail size-thumbnail\" alt=\"\" srcset=\"https:\/\/lalmachine.com\/wp-content\/uploads\/2021\/02\/23D79FE5-E230-4C0B-B73A-63EDDD1FA661-f3de89d2-150x150.jpeg 150w, https:\/\/lalmachine.com\/wp-content\/uploads\/2021\/02\/23D79FE5-E230-4C0B-B73A-63EDDD1FA661-f3de89d2-scaled-300x300.jpeg 300w, https:\/\/lalmachine.com\/wp-content\/uploads\/2021\/02\/23D79FE5-E230-4C0B-B73A-63EDDD1FA661-f3de89d2-scaled-100x100.jpeg 100w\" sizes=\"(max-width: 96px) 100vw, 96px\" \/><\/a> <a href=\"https:\/\/lalmachine.com\/wp-content\/uploads\/2021\/02\/8B182348-270A-40CC-A536-6BD4A30800E3-e58e4d87-scaled.jpeg\"><img loading=\"lazy\" decoding=\"async\" width=\"96\" height=\"96\" src=\"https:\/\/lalmachine.com\/wp-content\/uploads\/2021\/02\/8B182348-270A-40CC-A536-6BD4A30800E3-e58e4d87-150x150.jpeg\" class=\"attachment-thumbnail size-thumbnail\" alt=\"\" srcset=\"https:\/\/lalmachine.com\/wp-content\/uploads\/2021\/02\/8B182348-270A-40CC-A536-6BD4A30800E3-e58e4d87-150x150.jpeg 150w, https:\/\/lalmachine.com\/wp-content\/uploads\/2021\/02\/8B182348-270A-40CC-A536-6BD4A30800E3-e58e4d87-scaled-300x300.jpeg 300w, https:\/\/lalmachine.com\/wp-content\/uploads\/2021\/02\/8B182348-270A-40CC-A536-6BD4A30800E3-e58e4d87-scaled-100x100.jpeg 100w\" sizes=\"(max-width: 96px) 100vw, 96px\" \/><\/a> <\/li>        <li class=\"wpuf-field-data wpuf-field-data-numeric_text_field\">\n                            <label>Prix:<\/label>\n                        40        <\/li>\n                <li class=\"wpuf-field-data wpuf-field-data-numeric_text_field\">\n                            <label>Quantit\u00e9:<\/label>\n                        0        <\/li>\n                <li class=\"wpuf-field-data wpuf-field-data-numeric_text_field\">\n                            <label>Hauteur (cm):<\/label>\n                        51        <\/li>\n                <li class=\"wpuf-field-data wpuf-field-data-numeric_text_field\">\n                            <label>Largeur (cm):<\/label>\n                        71        <\/li>\n        <\/ul>","protected":false},"excerpt":{"rendered":"<p>Affiche de Pablo Picasso imprim\u00e9e sur papier noble Fabriano.<\/p>\n<p>En bel \u00e9tat \ud83d\ude42<\/p>","protected":false},"featured_media":40681,"template":"","meta":{"_et_pb_use_builder":"","_et_pb_old_content":"","_et_gb_content_width":""},"product_brand":[],"product_cat":[95,50],"product_tag":[],"proximite":[180],"class_list":{"0":"post-40545","1":"product","2":"type-product","3":"status-publish","4":"has-post-thumbnail","6":"product_cat-affiche-carte","7":"product_cat-decorer","8":"product_shipping_class-2-10-kg","9":"pa_couleur-multicolore","10":"pa_etat-bon-etat","11":"pa_materiau-papier-carton","12":"pa_style-vintage","13":"proximite-geneve","15":"first","16":"outofstock","17":"shipping-taxable","18":"purchasable","19":"product-type-simple"},"yoast_head":"<!-- This site is optimized with the Yoast SEO plugin v27.3 - https:\/\/yoast.com\/product\/yoast-seo-wordpress\/ -->\n<title>Affiche Picasso | lalmachine.com, mobilier et objets d\u00e9co vintage et design<\/title>\n<meta name=\"description\" content=\"Affiche de Pablo Picasso imprim\u00e9e sur papier noble Fabriano.En bel \u00e9tat :)\" \/>\n<meta name=\"robots\" content=\"index, follow, max-snippet:-1, max-image-preview:large, max-video-preview:-1\" \/>\n<link rel=\"canonical\" href=\"https:\/\/lalmachine.com\/de\/shop\/decorer\/affiche-carte\/affiche-picasso-2\/\" \/>\n<meta property=\"og:locale\" content=\"de_DE\" \/>\n<meta property=\"og:type\" content=\"article\" \/>\n<meta property=\"og:title\" content=\"Affiche Picasso | lalmachine.com, mobilier et objets d\u00e9co vintage et design\" \/>\n<meta property=\"og:description\" content=\"Affiche de Pablo Picasso imprim\u00e9e sur papier noble Fabriano.En bel \u00e9tat :)\" \/>\n<meta property=\"og:url\" content=\"https:\/\/lalmachine.com\/de\/shop\/decorer\/affiche-carte\/affiche-picasso-2\/\" \/>\n<meta property=\"og:site_name\" content=\"lalmachine.com\" \/>\n<meta property=\"article:publisher\" content=\"https:\/\/facebook.com\/lalmachine\" \/>\n<meta property=\"article:modified_time\" content=\"2024-12-05T20:50:46+00:00\" \/>\n<meta property=\"og:image\" content=\"https:\/\/lalmachine.com\/wp-content\/uploads\/2021\/02\/7F036026-8038-410C-880F-0FEBF21C975A-905e4925-scaled_clipped_rev_1.jpg\" \/>\n\t<meta property=\"og:image:width\" content=\"2092\" \/>\n\t<meta property=\"og:image:height\" content=\"2092\" \/>\n\t<meta property=\"og:image:type\" content=\"image\/jpeg\" \/>\n<meta name=\"twitter:card\" content=\"summary_large_image\" \/>\n<script type=\"application\/ld+json\" class=\"yoast-schema-graph\">{\"@context\":\"https:\\\/\\\/schema.org\",\"@graph\":[{\"@type\":\"WebPage\",\"@id\":\"https:\\\/\\\/lalmachine.com\\\/shop\\\/decorer\\\/affiche-carte\\\/affiche-picasso-2\\\/\",\"url\":\"https:\\\/\\\/lalmachine.com\\\/shop\\\/decorer\\\/affiche-carte\\\/affiche-picasso-2\\\/\",\"name\":\"Affiche Picasso | lalmachine.com, mobilier et objets d\u00e9co vintage et design\",\"isPartOf\":{\"@id\":\"https:\\\/\\\/lalmachine.com\\\/#website\"},\"primaryImageOfPage\":{\"@id\":\"https:\\\/\\\/lalmachine.com\\\/shop\\\/decorer\\\/affiche-carte\\\/affiche-picasso-2\\\/#primaryimage\"},\"image\":{\"@id\":\"https:\\\/\\\/lalmachine.com\\\/shop\\\/decorer\\\/affiche-carte\\\/affiche-picasso-2\\\/#primaryimage\"},\"thumbnailUrl\":\"https:\\\/\\\/lalmachine.com\\\/wp-content\\\/uploads\\\/2021\\\/02\\\/7F036026-8038-410C-880F-0FEBF21C975A-905e4925-scaled_clipped_rev_1.jpg\",\"datePublished\":\"2023-10-25T14:08:00+00:00\",\"dateModified\":\"2024-12-05T20:50:46+00:00\",\"description\":\"Affiche de Pablo Picasso imprim\u00e9e sur papier noble Fabriano.En bel \u00e9tat :)\",\"breadcrumb\":{\"@id\":\"https:\\\/\\\/lalmachine.com\\\/shop\\\/decorer\\\/affiche-carte\\\/affiche-picasso-2\\\/#breadcrumb\"},\"inLanguage\":\"de\",\"potentialAction\":[{\"@type\":\"ReadAction\",\"target\":[\"https:\\\/\\\/lalmachine.com\\\/shop\\\/decorer\\\/affiche-carte\\\/affiche-picasso-2\\\/\"]}]},{\"@type\":\"ImageObject\",\"inLanguage\":\"de\",\"@id\":\"https:\\\/\\\/lalmachine.com\\\/shop\\\/decorer\\\/affiche-carte\\\/affiche-picasso-2\\\/#primaryimage\",\"url\":\"https:\\\/\\\/lalmachine.com\\\/wp-content\\\/uploads\\\/2021\\\/02\\\/7F036026-8038-410C-880F-0FEBF21C975A-905e4925-scaled_clipped_rev_1.jpg\",\"contentUrl\":\"https:\\\/\\\/lalmachine.com\\\/wp-content\\\/uploads\\\/2021\\\/02\\\/7F036026-8038-410C-880F-0FEBF21C975A-905e4925-scaled_clipped_rev_1.jpg\",\"width\":2092,\"height\":2092,\"caption\":\"Affiche Picasso\"},{\"@type\":\"BreadcrumbList\",\"@id\":\"https:\\\/\\\/lalmachine.com\\\/shop\\\/decorer\\\/affiche-carte\\\/affiche-picasso-2\\\/#breadcrumb\",\"itemListElement\":[{\"@type\":\"ListItem\",\"position\":1,\"name\":\"Accueil\",\"item\":\"https:\\\/\\\/lalmachine.com\\\/\"},{\"@type\":\"ListItem\",\"position\":2,\"name\":\"Shop\",\"item\":\"https:\\\/\\\/lalmachine.com\\\/shop\\\/\"},{\"@type\":\"ListItem\",\"position\":3,\"name\":\"Affiche Picasso\"}]},{\"@type\":\"WebSite\",\"@id\":\"https:\\\/\\\/lalmachine.com\\\/#website\",\"url\":\"https:\\\/\\\/lalmachine.com\\\/\",\"name\":\"lalmachine.com\",\"description\":\"Brocante en ligne Suisse | Mobilier et objets d\u00e9co vintage et design\",\"potentialAction\":[{\"@type\":\"SearchAction\",\"target\":{\"@type\":\"EntryPoint\",\"urlTemplate\":\"https:\\\/\\\/lalmachine.com\\\/?s={search_term_string}\"},\"query-input\":{\"@type\":\"PropertyValueSpecification\",\"valueRequired\":true,\"valueName\":\"search_term_string\"}}],\"inLanguage\":\"de\"}]}<\/script>\n<!-- \/ Yoast SEO plugin. -->","yoast_head_json":{"title":"Affiche Picasso | lalmachine.com, mobilier et objets d\u00e9co vintage et design","description":"Affiche de Pablo Picasso imprim\u00e9e sur papier noble Fabriano.En bel \u00e9tat :)","robots":{"index":"index","follow":"follow","max-snippet":"max-snippet:-1","max-image-preview":"max-image-preview:large","max-video-preview":"max-video-preview:-1"},"canonical":"https:\/\/lalmachine.com\/de\/shop\/decorer\/affiche-carte\/affiche-picasso-2\/","og_locale":"de_DE","og_type":"article","og_title":"Affiche Picasso | lalmachine.com, mobilier et objets d\u00e9co vintage et design","og_description":"Affiche de Pablo Picasso imprim\u00e9e sur papier noble Fabriano.En bel \u00e9tat :)","og_url":"https:\/\/lalmachine.com\/de\/shop\/decorer\/affiche-carte\/affiche-picasso-2\/","og_site_name":"lalmachine.com","article_publisher":"https:\/\/facebook.com\/lalmachine","article_modified_time":"2024-12-05T20:50:46+00:00","og_image":[{"width":2092,"height":2092,"url":"https:\/\/lalmachine.com\/wp-content\/uploads\/2021\/02\/7F036026-8038-410C-880F-0FEBF21C975A-905e4925-scaled_clipped_rev_1.jpg","type":"image\/jpeg"}],"twitter_card":"summary_large_image","schema":{"@context":"https:\/\/schema.org","@graph":[{"@type":"WebPage","@id":"https:\/\/lalmachine.com\/shop\/decorer\/affiche-carte\/affiche-picasso-2\/","url":"https:\/\/lalmachine.com\/shop\/decorer\/affiche-carte\/affiche-picasso-2\/","name":"Affiche Picasso | lalmachine.com, mobilier et objets d\u00e9co vintage et design","isPartOf":{"@id":"https:\/\/lalmachine.com\/#website"},"primaryImageOfPage":{"@id":"https:\/\/lalmachine.com\/shop\/decorer\/affiche-carte\/affiche-picasso-2\/#primaryimage"},"image":{"@id":"https:\/\/lalmachine.com\/shop\/decorer\/affiche-carte\/affiche-picasso-2\/#primaryimage"},"thumbnailUrl":"https:\/\/lalmachine.com\/wp-content\/uploads\/2021\/02\/7F036026-8038-410C-880F-0FEBF21C975A-905e4925-scaled_clipped_rev_1.jpg","datePublished":"2023-10-25T14:08:00+00:00","dateModified":"2024-12-05T20:50:46+00:00","description":"Affiche de Pablo Picasso imprim\u00e9e sur papier noble Fabriano.En bel \u00e9tat :)","breadcrumb":{"@id":"https:\/\/lalmachine.com\/shop\/decorer\/affiche-carte\/affiche-picasso-2\/#breadcrumb"},"inLanguage":"de","potentialAction":[{"@type":"ReadAction","target":["https:\/\/lalmachine.com\/shop\/decorer\/affiche-carte\/affiche-picasso-2\/"]}]},{"@type":"ImageObject","inLanguage":"de","@id":"https:\/\/lalmachine.com\/shop\/decorer\/affiche-carte\/affiche-picasso-2\/#primaryimage","url":"https:\/\/lalmachine.com\/wp-content\/uploads\/2021\/02\/7F036026-8038-410C-880F-0FEBF21C975A-905e4925-scaled_clipped_rev_1.jpg","contentUrl":"https:\/\/lalmachine.com\/wp-content\/uploads\/2021\/02\/7F036026-8038-410C-880F-0FEBF21C975A-905e4925-scaled_clipped_rev_1.jpg","width":2092,"height":2092,"caption":"Affiche Picasso"},{"@type":"BreadcrumbList","@id":"https:\/\/lalmachine.com\/shop\/decorer\/affiche-carte\/affiche-picasso-2\/#breadcrumb","itemListElement":[{"@type":"ListItem","position":1,"name":"Accueil","item":"https:\/\/lalmachine.com\/"},{"@type":"ListItem","position":2,"name":"Shop","item":"https:\/\/lalmachine.com\/shop\/"},{"@type":"ListItem","position":3,"name":"Affiche Picasso"}]},{"@type":"WebSite","@id":"https:\/\/lalmachine.com\/#website","url":"https:\/\/lalmachine.com\/","name":"lalmachine.com","description":"Brocante en ligne Suisse | Mobilier et objets d\u00e9co vintage et design","potentialAction":[{"@type":"SearchAction","target":{"@type":"EntryPoint","urlTemplate":"https:\/\/lalmachine.com\/?s={search_term_string}"},"query-input":{"@type":"PropertyValueSpecification","valueRequired":true,"valueName":"search_term_string"}}],"inLanguage":"de"}]}},"_links":{"self":[{"href":"https:\/\/lalmachine.com\/de\/wp-json\/wp\/v2\/product\/40545","targetHints":{"allow":["GET"]}}],"collection":[{"href":"https:\/\/lalmachine.com\/de\/wp-json\/wp\/v2\/product"}],"about":[{"href":"https:\/\/lalmachine.com\/de\/wp-json\/wp\/v2\/types\/product"}],"wp:featuredmedia":[{"embeddable":true,"href":"https:\/\/lalmachine.com\/de\/wp-json\/wp\/v2\/media\/40681"}],"wp:attachment":[{"href":"https:\/\/lalmachine.com\/de\/wp-json\/wp\/v2\/media?parent=40545"}],"wp:term":[{"taxonomy":"product_brand","embeddable":true,"href":"https:\/\/lalmachine.com\/de\/wp-json\/wp\/v2\/product_brand?post=40545"},{"taxonomy":"product_cat","embeddable":true,"href":"https:\/\/lalmachine.com\/de\/wp-json\/wp\/v2\/product_cat?post=40545"},{"taxonomy":"product_tag","embeddable":true,"href":"https:\/\/lalmachine.com\/de\/wp-json\/wp\/v2\/product_tag?post=40545"},{"taxonomy":"proximite","embeddable":true,"href":"https:\/\/lalmachine.com\/de\/wp-json\/wp\/v2\/proximite?post=40545"}],"curies":[{"name":"wp","href":"https:\/\/api.w.org\/{rel}","templated":true}]}}