{"id":44769,"date":"2023-10-25T16:07:56","date_gmt":"2023-10-25T14:07:56","guid":{"rendered":"https:\/\/lalmachine.com\/?post_type=product&#038;p=44769"},"modified":"2024-12-05T21:50:51","modified_gmt":"2024-12-05T20:50:51","slug":"mini-vase-bleu","status":"publish","type":"product","link":"https:\/\/lalmachine.com\/de\/shop\/decorer\/vase-ceramique\/mini-vase-bleu\/","title":{"rendered":"Mini vase bleu"},"content":{"rendered":"<ul class=\"wpuf_customs\"><li style=\"list-style-type:none;\"><label>Autres photos:<\/label> <a href=\"https:\/\/lalmachine.com\/wp-content\/uploads\/2021\/03\/B453D897-079F-486D-B365-76B91C743E4F-be6f7c0b-scaled.jpeg\"><img loading=\"lazy\" decoding=\"async\" width=\"96\" height=\"96\" src=\"https:\/\/lalmachine.com\/wp-content\/uploads\/2021\/03\/B453D897-079F-486D-B365-76B91C743E4F-be6f7c0b-150x150.jpeg\" class=\"attachment-thumbnail size-thumbnail\" alt=\"\" srcset=\"https:\/\/lalmachine.com\/wp-content\/uploads\/2021\/03\/B453D897-079F-486D-B365-76B91C743E4F-be6f7c0b-150x150.jpeg 150w, https:\/\/lalmachine.com\/wp-content\/uploads\/2021\/03\/B453D897-079F-486D-B365-76B91C743E4F-be6f7c0b-scaled-300x300.jpeg 300w, https:\/\/lalmachine.com\/wp-content\/uploads\/2021\/03\/B453D897-079F-486D-B365-76B91C743E4F-be6f7c0b-scaled-100x100.jpeg 100w\" sizes=\"(max-width: 96px) 100vw, 96px\" \/><\/a> <a href=\"https:\/\/lalmachine.com\/wp-content\/uploads\/2021\/03\/A6AFF7E9-01F4-4237-A40D-34F572ECB2E7-e443a837-scaled.jpeg\"><img loading=\"lazy\" decoding=\"async\" width=\"96\" height=\"96\" src=\"https:\/\/lalmachine.com\/wp-content\/uploads\/2021\/03\/A6AFF7E9-01F4-4237-A40D-34F572ECB2E7-e443a837-150x150.jpeg\" class=\"attachment-thumbnail size-thumbnail\" alt=\"\" srcset=\"https:\/\/lalmachine.com\/wp-content\/uploads\/2021\/03\/A6AFF7E9-01F4-4237-A40D-34F572ECB2E7-e443a837-150x150.jpeg 150w, https:\/\/lalmachine.com\/wp-content\/uploads\/2021\/03\/A6AFF7E9-01F4-4237-A40D-34F572ECB2E7-e443a837-scaled-300x300.jpeg 300w, https:\/\/lalmachine.com\/wp-content\/uploads\/2021\/03\/A6AFF7E9-01F4-4237-A40D-34F572ECB2E7-e443a837-scaled-100x100.jpeg 100w\" sizes=\"(max-width: 96px) 100vw, 96px\" \/><\/a> <a href=\"https:\/\/lalmachine.com\/wp-content\/uploads\/2021\/03\/7101B226-FD43-4B35-AC8D-7406302CF887-ceb6f3fa-scaled.jpeg\"><img loading=\"lazy\" decoding=\"async\" width=\"96\" height=\"96\" src=\"https:\/\/lalmachine.com\/wp-content\/uploads\/2021\/03\/7101B226-FD43-4B35-AC8D-7406302CF887-ceb6f3fa-150x150.jpeg\" class=\"attachment-thumbnail size-thumbnail\" alt=\"\" srcset=\"https:\/\/lalmachine.com\/wp-content\/uploads\/2021\/03\/7101B226-FD43-4B35-AC8D-7406302CF887-ceb6f3fa-150x150.jpeg 150w, https:\/\/lalmachine.com\/wp-content\/uploads\/2021\/03\/7101B226-FD43-4B35-AC8D-7406302CF887-ceb6f3fa-scaled-300x300.jpeg 300w, https:\/\/lalmachine.com\/wp-content\/uploads\/2021\/03\/7101B226-FD43-4B35-AC8D-7406302CF887-ceb6f3fa-scaled-100x100.jpeg 100w\" sizes=\"(max-width: 96px) 100vw, 96px\" \/><\/a> <a href=\"https:\/\/lalmachine.com\/wp-content\/uploads\/2021\/03\/20756BAA-B9E3-4E33-8896-DE1AB19841AC-e8f23173-scaled.jpeg\"><img loading=\"lazy\" decoding=\"async\" width=\"96\" height=\"96\" src=\"https:\/\/lalmachine.com\/wp-content\/uploads\/2021\/03\/20756BAA-B9E3-4E33-8896-DE1AB19841AC-e8f23173-150x150.jpeg\" class=\"attachment-thumbnail size-thumbnail\" alt=\"\" srcset=\"https:\/\/lalmachine.com\/wp-content\/uploads\/2021\/03\/20756BAA-B9E3-4E33-8896-DE1AB19841AC-e8f23173-150x150.jpeg 150w, https:\/\/lalmachine.com\/wp-content\/uploads\/2021\/03\/20756BAA-B9E3-4E33-8896-DE1AB19841AC-e8f23173-scaled-300x300.jpeg 300w, https:\/\/lalmachine.com\/wp-content\/uploads\/2021\/03\/20756BAA-B9E3-4E33-8896-DE1AB19841AC-e8f23173-scaled-100x100.jpeg 100w\" sizes=\"(max-width: 96px) 100vw, 96px\" \/><\/a> <a href=\"https:\/\/lalmachine.com\/wp-content\/uploads\/2021\/03\/EEAAD158-1CE3-48D7-A59E-58839F188B23-45c2733b-scaled.jpeg\"><img loading=\"lazy\" decoding=\"async\" width=\"96\" height=\"96\" src=\"https:\/\/lalmachine.com\/wp-content\/uploads\/2021\/03\/EEAAD158-1CE3-48D7-A59E-58839F188B23-45c2733b-150x150.jpeg\" class=\"attachment-thumbnail size-thumbnail\" alt=\"\" srcset=\"https:\/\/lalmachine.com\/wp-content\/uploads\/2021\/03\/EEAAD158-1CE3-48D7-A59E-58839F188B23-45c2733b-150x150.jpeg 150w, https:\/\/lalmachine.com\/wp-content\/uploads\/2021\/03\/EEAAD158-1CE3-48D7-A59E-58839F188B23-45c2733b-scaled-300x300.jpeg 300w, https:\/\/lalmachine.com\/wp-content\/uploads\/2021\/03\/EEAAD158-1CE3-48D7-A59E-58839F188B23-45c2733b-scaled-100x100.jpeg 100w\" sizes=\"(max-width: 96px) 100vw, 96px\" \/><\/a> <\/li>        <li class=\"wpuf-field-data wpuf-field-data-numeric_text_field\">\n                            <label>Prix:<\/label>\n                        18        <\/li>\n                <li class=\"wpuf-field-data wpuf-field-data-numeric_text_field\">\n                            <label>Quantit\u00e9:<\/label>\n                        0        <\/li>\n                <li class=\"wpuf-field-data wpuf-field-data-numeric_text_field\">\n                            <label>Hauteur (cm):<\/label>\n                        11        <\/li>\n                <li class=\"wpuf-field-data wpuf-field-data-numeric_text_field\">\n                            <label>Largeur (cm):<\/label>\n                        7        <\/li>\n                <li class=\"wpuf-field-data wpuf-field-data-numeric_text_field\">\n                            <label>Profondeur (cm):<\/label>\n                        7        <\/li>\n        <\/ul>","protected":false},"excerpt":{"rendered":"<p>Joli petit vase bleu Soliflore dans le go\u00fbt de Jean Austruy, avec dessins graphiques de couleur noire en d\u00e9cor.<br \/>\nPetit \u00e9clat au col \u00e0 voir sur les photos.<\/p>","protected":false},"featured_media":44926,"template":"","meta":{"_et_pb_use_builder":"","_et_pb_old_content":"","_et_gb_content_width":""},"product_brand":[],"product_cat":[50,400],"product_tag":[],"proximite":[180],"class_list":{"0":"post-44769","1":"product","2":"type-product","3":"status-publish","4":"has-post-thumbnail","6":"product_cat-decorer","7":"product_cat-vase-ceramique","8":"product_shipping_class-0-2-kg","9":"pa_couleur-bleu","10":"pa_etat-bon-etat","11":"pa_materiau-ceramique","12":"pa_style-vintage","13":"proximite-geneve","15":"first","16":"outofstock","17":"shipping-taxable","18":"purchasable","19":"product-type-simple"},"yoast_head":"<!-- This site is optimized with the Yoast SEO plugin v27.3 - https:\/\/yoast.com\/product\/yoast-seo-wordpress\/ -->\n<title>Mini vase bleu | lalmachine.com, mobilier et objets d\u00e9co vintage et design<\/title>\n<meta name=\"description\" content=\"Joli petit vase bleu Soliflore dans le go\u00fbt de Jean Austruy, avec dessins graphiques de couleur noire en d\u00e9cor. Petit \u00e9clat au col \u00e0 voir sur les photos.\" \/>\n<meta name=\"robots\" content=\"index, follow, max-snippet:-1, max-image-preview:large, max-video-preview:-1\" \/>\n<link rel=\"canonical\" href=\"https:\/\/lalmachine.com\/de\/shop\/decorer\/vase-ceramique\/mini-vase-bleu\/\" \/>\n<meta property=\"og:locale\" content=\"de_DE\" \/>\n<meta property=\"og:type\" content=\"article\" \/>\n<meta property=\"og:title\" content=\"Mini vase bleu | lalmachine.com, mobilier et objets d\u00e9co vintage et design\" \/>\n<meta property=\"og:description\" content=\"Joli petit vase bleu Soliflore dans le go\u00fbt de Jean Austruy, avec dessins graphiques de couleur noire en d\u00e9cor. Petit \u00e9clat au col \u00e0 voir sur les photos.\" \/>\n<meta property=\"og:url\" content=\"https:\/\/lalmachine.com\/de\/shop\/decorer\/vase-ceramique\/mini-vase-bleu\/\" \/>\n<meta property=\"og:site_name\" content=\"lalmachine.com\" \/>\n<meta property=\"article:publisher\" content=\"https:\/\/facebook.com\/lalmachine\" \/>\n<meta property=\"article:modified_time\" content=\"2024-12-05T20:50:51+00:00\" \/>\n<meta property=\"og:image\" content=\"https:\/\/lalmachine.com\/wp-content\/uploads\/2021\/03\/E3A66E9F-67B9-4C22-9EF7-45DB0C813501-c53c0b83-scaled_clipped_rev_1.jpg\" \/>\n\t<meta property=\"og:image:width\" content=\"1845\" \/>\n\t<meta property=\"og:image:height\" content=\"1845\" \/>\n\t<meta property=\"og:image:type\" content=\"image\/jpeg\" \/>\n<meta name=\"twitter:card\" content=\"summary_large_image\" \/>\n<script type=\"application\/ld+json\" class=\"yoast-schema-graph\">{\"@context\":\"https:\\\/\\\/schema.org\",\"@graph\":[{\"@type\":\"WebPage\",\"@id\":\"https:\\\/\\\/lalmachine.com\\\/shop\\\/decorer\\\/vase-ceramique\\\/mini-vase-bleu\\\/\",\"url\":\"https:\\\/\\\/lalmachine.com\\\/shop\\\/decorer\\\/vase-ceramique\\\/mini-vase-bleu\\\/\",\"name\":\"Mini vase bleu | lalmachine.com, mobilier et objets d\u00e9co vintage et design\",\"isPartOf\":{\"@id\":\"https:\\\/\\\/lalmachine.com\\\/#website\"},\"primaryImageOfPage\":{\"@id\":\"https:\\\/\\\/lalmachine.com\\\/shop\\\/decorer\\\/vase-ceramique\\\/mini-vase-bleu\\\/#primaryimage\"},\"image\":{\"@id\":\"https:\\\/\\\/lalmachine.com\\\/shop\\\/decorer\\\/vase-ceramique\\\/mini-vase-bleu\\\/#primaryimage\"},\"thumbnailUrl\":\"https:\\\/\\\/lalmachine.com\\\/wp-content\\\/uploads\\\/2021\\\/03\\\/E3A66E9F-67B9-4C22-9EF7-45DB0C813501-c53c0b83-scaled_clipped_rev_1.jpg\",\"datePublished\":\"2023-10-25T14:07:56+00:00\",\"dateModified\":\"2024-12-05T20:50:51+00:00\",\"description\":\"Joli petit vase bleu Soliflore dans le go\u00fbt de Jean Austruy, avec dessins graphiques de couleur noire en d\u00e9cor. Petit \u00e9clat au col \u00e0 voir sur les photos.\",\"breadcrumb\":{\"@id\":\"https:\\\/\\\/lalmachine.com\\\/shop\\\/decorer\\\/vase-ceramique\\\/mini-vase-bleu\\\/#breadcrumb\"},\"inLanguage\":\"de\",\"potentialAction\":[{\"@type\":\"ReadAction\",\"target\":[\"https:\\\/\\\/lalmachine.com\\\/shop\\\/decorer\\\/vase-ceramique\\\/mini-vase-bleu\\\/\"]}]},{\"@type\":\"ImageObject\",\"inLanguage\":\"de\",\"@id\":\"https:\\\/\\\/lalmachine.com\\\/shop\\\/decorer\\\/vase-ceramique\\\/mini-vase-bleu\\\/#primaryimage\",\"url\":\"https:\\\/\\\/lalmachine.com\\\/wp-content\\\/uploads\\\/2021\\\/03\\\/E3A66E9F-67B9-4C22-9EF7-45DB0C813501-c53c0b83-scaled_clipped_rev_1.jpg\",\"contentUrl\":\"https:\\\/\\\/lalmachine.com\\\/wp-content\\\/uploads\\\/2021\\\/03\\\/E3A66E9F-67B9-4C22-9EF7-45DB0C813501-c53c0b83-scaled_clipped_rev_1.jpg\",\"width\":1845,\"height\":1845,\"caption\":\"vase bleu\"},{\"@type\":\"BreadcrumbList\",\"@id\":\"https:\\\/\\\/lalmachine.com\\\/shop\\\/decorer\\\/vase-ceramique\\\/mini-vase-bleu\\\/#breadcrumb\",\"itemListElement\":[{\"@type\":\"ListItem\",\"position\":1,\"name\":\"Accueil\",\"item\":\"https:\\\/\\\/lalmachine.com\\\/\"},{\"@type\":\"ListItem\",\"position\":2,\"name\":\"Shop\",\"item\":\"https:\\\/\\\/lalmachine.com\\\/shop\\\/\"},{\"@type\":\"ListItem\",\"position\":3,\"name\":\"Mini vase bleu\"}]},{\"@type\":\"WebSite\",\"@id\":\"https:\\\/\\\/lalmachine.com\\\/#website\",\"url\":\"https:\\\/\\\/lalmachine.com\\\/\",\"name\":\"lalmachine.com\",\"description\":\"Brocante en ligne Suisse | Mobilier et objets d\u00e9co vintage et design\",\"potentialAction\":[{\"@type\":\"SearchAction\",\"target\":{\"@type\":\"EntryPoint\",\"urlTemplate\":\"https:\\\/\\\/lalmachine.com\\\/?s={search_term_string}\"},\"query-input\":{\"@type\":\"PropertyValueSpecification\",\"valueRequired\":true,\"valueName\":\"search_term_string\"}}],\"inLanguage\":\"de\"}]}<\/script>\n<!-- \/ Yoast SEO plugin. -->","yoast_head_json":{"title":"Mini vase bleu | lalmachine.com, mobilier et objets d\u00e9co vintage et design","description":"Joli petit vase bleu Soliflore dans le go\u00fbt de Jean Austruy, avec dessins graphiques de couleur noire en d\u00e9cor. Petit \u00e9clat au col \u00e0 voir sur les photos.","robots":{"index":"index","follow":"follow","max-snippet":"max-snippet:-1","max-image-preview":"max-image-preview:large","max-video-preview":"max-video-preview:-1"},"canonical":"https:\/\/lalmachine.com\/de\/shop\/decorer\/vase-ceramique\/mini-vase-bleu\/","og_locale":"de_DE","og_type":"article","og_title":"Mini vase bleu | lalmachine.com, mobilier et objets d\u00e9co vintage et design","og_description":"Joli petit vase bleu Soliflore dans le go\u00fbt de Jean Austruy, avec dessins graphiques de couleur noire en d\u00e9cor. Petit \u00e9clat au col \u00e0 voir sur les photos.","og_url":"https:\/\/lalmachine.com\/de\/shop\/decorer\/vase-ceramique\/mini-vase-bleu\/","og_site_name":"lalmachine.com","article_publisher":"https:\/\/facebook.com\/lalmachine","article_modified_time":"2024-12-05T20:50:51+00:00","og_image":[{"width":1845,"height":1845,"url":"https:\/\/lalmachine.com\/wp-content\/uploads\/2021\/03\/E3A66E9F-67B9-4C22-9EF7-45DB0C813501-c53c0b83-scaled_clipped_rev_1.jpg","type":"image\/jpeg"}],"twitter_card":"summary_large_image","schema":{"@context":"https:\/\/schema.org","@graph":[{"@type":"WebPage","@id":"https:\/\/lalmachine.com\/shop\/decorer\/vase-ceramique\/mini-vase-bleu\/","url":"https:\/\/lalmachine.com\/shop\/decorer\/vase-ceramique\/mini-vase-bleu\/","name":"Mini vase bleu | lalmachine.com, mobilier et objets d\u00e9co vintage et design","isPartOf":{"@id":"https:\/\/lalmachine.com\/#website"},"primaryImageOfPage":{"@id":"https:\/\/lalmachine.com\/shop\/decorer\/vase-ceramique\/mini-vase-bleu\/#primaryimage"},"image":{"@id":"https:\/\/lalmachine.com\/shop\/decorer\/vase-ceramique\/mini-vase-bleu\/#primaryimage"},"thumbnailUrl":"https:\/\/lalmachine.com\/wp-content\/uploads\/2021\/03\/E3A66E9F-67B9-4C22-9EF7-45DB0C813501-c53c0b83-scaled_clipped_rev_1.jpg","datePublished":"2023-10-25T14:07:56+00:00","dateModified":"2024-12-05T20:50:51+00:00","description":"Joli petit vase bleu Soliflore dans le go\u00fbt de Jean Austruy, avec dessins graphiques de couleur noire en d\u00e9cor. Petit \u00e9clat au col \u00e0 voir sur les photos.","breadcrumb":{"@id":"https:\/\/lalmachine.com\/shop\/decorer\/vase-ceramique\/mini-vase-bleu\/#breadcrumb"},"inLanguage":"de","potentialAction":[{"@type":"ReadAction","target":["https:\/\/lalmachine.com\/shop\/decorer\/vase-ceramique\/mini-vase-bleu\/"]}]},{"@type":"ImageObject","inLanguage":"de","@id":"https:\/\/lalmachine.com\/shop\/decorer\/vase-ceramique\/mini-vase-bleu\/#primaryimage","url":"https:\/\/lalmachine.com\/wp-content\/uploads\/2021\/03\/E3A66E9F-67B9-4C22-9EF7-45DB0C813501-c53c0b83-scaled_clipped_rev_1.jpg","contentUrl":"https:\/\/lalmachine.com\/wp-content\/uploads\/2021\/03\/E3A66E9F-67B9-4C22-9EF7-45DB0C813501-c53c0b83-scaled_clipped_rev_1.jpg","width":1845,"height":1845,"caption":"vase bleu"},{"@type":"BreadcrumbList","@id":"https:\/\/lalmachine.com\/shop\/decorer\/vase-ceramique\/mini-vase-bleu\/#breadcrumb","itemListElement":[{"@type":"ListItem","position":1,"name":"Accueil","item":"https:\/\/lalmachine.com\/"},{"@type":"ListItem","position":2,"name":"Shop","item":"https:\/\/lalmachine.com\/shop\/"},{"@type":"ListItem","position":3,"name":"Mini vase bleu"}]},{"@type":"WebSite","@id":"https:\/\/lalmachine.com\/#website","url":"https:\/\/lalmachine.com\/","name":"lalmachine.com","description":"Brocante en ligne Suisse | Mobilier et objets d\u00e9co vintage et design","potentialAction":[{"@type":"SearchAction","target":{"@type":"EntryPoint","urlTemplate":"https:\/\/lalmachine.com\/?s={search_term_string}"},"query-input":{"@type":"PropertyValueSpecification","valueRequired":true,"valueName":"search_term_string"}}],"inLanguage":"de"}]}},"_links":{"self":[{"href":"https:\/\/lalmachine.com\/de\/wp-json\/wp\/v2\/product\/44769","targetHints":{"allow":["GET"]}}],"collection":[{"href":"https:\/\/lalmachine.com\/de\/wp-json\/wp\/v2\/product"}],"about":[{"href":"https:\/\/lalmachine.com\/de\/wp-json\/wp\/v2\/types\/product"}],"wp:featuredmedia":[{"embeddable":true,"href":"https:\/\/lalmachine.com\/de\/wp-json\/wp\/v2\/media\/44926"}],"wp:attachment":[{"href":"https:\/\/lalmachine.com\/de\/wp-json\/wp\/v2\/media?parent=44769"}],"wp:term":[{"taxonomy":"product_brand","embeddable":true,"href":"https:\/\/lalmachine.com\/de\/wp-json\/wp\/v2\/product_brand?post=44769"},{"taxonomy":"product_cat","embeddable":true,"href":"https:\/\/lalmachine.com\/de\/wp-json\/wp\/v2\/product_cat?post=44769"},{"taxonomy":"product_tag","embeddable":true,"href":"https:\/\/lalmachine.com\/de\/wp-json\/wp\/v2\/product_tag?post=44769"},{"taxonomy":"proximite","embeddable":true,"href":"https:\/\/lalmachine.com\/de\/wp-json\/wp\/v2\/proximite?post=44769"}],"curies":[{"name":"wp","href":"https:\/\/api.w.org\/{rel}","templated":true}]}}