{"id":47196,"date":"2021-03-26T17:42:45","date_gmt":"2021-03-26T16:42:45","guid":{"rendered":"https:\/\/lalmachine.com\/?post_type=product&#038;p=47196"},"modified":"2024-12-05T21:51:01","modified_gmt":"2024-12-05T20:51:01","slug":"chaise-trinidad-par-nanna-ditzel-x4","status":"publish","type":"product","link":"https:\/\/lalmachine.com\/de\/shop\/sasseoir\/chaise\/chaise-trinidad-par-nanna-ditzel-x4\/","title":{"rendered":"Chaise Trinidad par Nanna Ditzel (x4)"},"content":{"rendered":"<ul class=\"wpuf_customs\"><li style=\"list-style-type:none;\"><label>Autres photos:<\/label> <a href=\"https:\/\/lalmachine.com\/wp-content\/uploads\/2021\/03\/IMG_1828-d809a271-scaled.jpg\"><img loading=\"lazy\" decoding=\"async\" width=\"96\" height=\"96\" src=\"https:\/\/lalmachine.com\/wp-content\/uploads\/2021\/03\/IMG_1828-d809a271-150x150.jpg\" class=\"attachment-thumbnail size-thumbnail\" alt=\"\" srcset=\"https:\/\/lalmachine.com\/wp-content\/uploads\/2021\/03\/IMG_1828-d809a271-150x150.jpg 150w, https:\/\/lalmachine.com\/wp-content\/uploads\/2021\/03\/IMG_1828-d809a271-300x300.jpg 300w, https:\/\/lalmachine.com\/wp-content\/uploads\/2021\/03\/IMG_1828-d809a271-100x100.jpg 100w\" sizes=\"(max-width: 96px) 100vw, 96px\" \/><\/a> <a href=\"https:\/\/lalmachine.com\/wp-content\/uploads\/2021\/03\/IMG_1829-1c3cf378-scaled.jpg\"><img loading=\"lazy\" decoding=\"async\" width=\"96\" height=\"96\" src=\"https:\/\/lalmachine.com\/wp-content\/uploads\/2021\/03\/IMG_1829-1c3cf378-150x150.jpg\" class=\"attachment-thumbnail size-thumbnail\" alt=\"\" srcset=\"https:\/\/lalmachine.com\/wp-content\/uploads\/2021\/03\/IMG_1829-1c3cf378-150x150.jpg 150w, https:\/\/lalmachine.com\/wp-content\/uploads\/2021\/03\/IMG_1829-1c3cf378-600x600.jpg 600w, https:\/\/lalmachine.com\/wp-content\/uploads\/2021\/03\/IMG_1829-1c3cf378-1024x1024.jpg 1024w, https:\/\/lalmachine.com\/wp-content\/uploads\/2021\/03\/IMG_1829-1c3cf378-768x768.jpg 768w, https:\/\/lalmachine.com\/wp-content\/uploads\/2021\/03\/IMG_1829-1c3cf378-1536x1536.jpg 1536w, https:\/\/lalmachine.com\/wp-content\/uploads\/2021\/03\/IMG_1829-1c3cf378-2048x2048.jpg 2048w, https:\/\/lalmachine.com\/wp-content\/uploads\/2021\/03\/IMG_1829-1c3cf378-12x12.jpg 12w, https:\/\/lalmachine.com\/wp-content\/uploads\/2021\/03\/IMG_1829-1c3cf378-1080x1080.jpg 1080w, https:\/\/lalmachine.com\/wp-content\/uploads\/2021\/03\/IMG_1829-1c3cf378-1280x1280.jpg 1280w, https:\/\/lalmachine.com\/wp-content\/uploads\/2021\/03\/IMG_1829-1c3cf378-980x980.jpg 980w, https:\/\/lalmachine.com\/wp-content\/uploads\/2021\/03\/IMG_1829-1c3cf378-480x480.jpg 480w, https:\/\/lalmachine.com\/wp-content\/uploads\/2021\/03\/IMG_1829-1c3cf378-300x300.jpg 300w, https:\/\/lalmachine.com\/wp-content\/uploads\/2021\/03\/IMG_1829-1c3cf378-100x100.jpg 100w\" sizes=\"(max-width: 96px) 100vw, 96px\" \/><\/a> <a href=\"https:\/\/lalmachine.com\/wp-content\/uploads\/2021\/03\/IMG_1830-6eab8044-scaled.jpg\"><img loading=\"lazy\" decoding=\"async\" width=\"96\" height=\"96\" src=\"https:\/\/lalmachine.com\/wp-content\/uploads\/2021\/03\/IMG_1830-6eab8044-150x150.jpg\" class=\"attachment-thumbnail size-thumbnail\" alt=\"\" srcset=\"https:\/\/lalmachine.com\/wp-content\/uploads\/2021\/03\/IMG_1830-6eab8044-150x150.jpg 150w, https:\/\/lalmachine.com\/wp-content\/uploads\/2021\/03\/IMG_1830-6eab8044-11x12.jpg 11w, https:\/\/lalmachine.com\/wp-content\/uploads\/2021\/03\/IMG_1830-6eab8044-300x300.jpg 300w, https:\/\/lalmachine.com\/wp-content\/uploads\/2021\/03\/IMG_1830-6eab8044-100x100.jpg 100w\" sizes=\"(max-width: 96px) 100vw, 96px\" \/><\/a> <a href=\"https:\/\/lalmachine.com\/wp-content\/uploads\/2021\/03\/IMG_1833-cd9c5645-scaled.jpg\"><img loading=\"lazy\" decoding=\"async\" width=\"96\" height=\"96\" src=\"https:\/\/lalmachine.com\/wp-content\/uploads\/2021\/03\/IMG_1833-cd9c5645-150x150.jpg\" class=\"attachment-thumbnail size-thumbnail\" alt=\"\" srcset=\"https:\/\/lalmachine.com\/wp-content\/uploads\/2021\/03\/IMG_1833-cd9c5645-150x150.jpg 150w, https:\/\/lalmachine.com\/wp-content\/uploads\/2021\/03\/IMG_1833-cd9c5645-12x12.jpg 12w, https:\/\/lalmachine.com\/wp-content\/uploads\/2021\/03\/IMG_1833-cd9c5645-300x300.jpg 300w, https:\/\/lalmachine.com\/wp-content\/uploads\/2021\/03\/IMG_1833-cd9c5645-100x100.jpg 100w\" sizes=\"(max-width: 96px) 100vw, 96px\" \/><\/a> <a href=\"https:\/\/lalmachine.com\/wp-content\/uploads\/2021\/03\/IMG_1836-beb22a5f-scaled.jpg\"><img loading=\"lazy\" decoding=\"async\" width=\"96\" height=\"96\" src=\"https:\/\/lalmachine.com\/wp-content\/uploads\/2021\/03\/IMG_1836-beb22a5f-150x150.jpg\" class=\"attachment-thumbnail size-thumbnail\" alt=\"\" srcset=\"https:\/\/lalmachine.com\/wp-content\/uploads\/2021\/03\/IMG_1836-beb22a5f-150x150.jpg 150w, https:\/\/lalmachine.com\/wp-content\/uploads\/2021\/03\/IMG_1836-beb22a5f-12x12.jpg 12w, https:\/\/lalmachine.com\/wp-content\/uploads\/2021\/03\/IMG_1836-beb22a5f-300x300.jpg 300w, https:\/\/lalmachine.com\/wp-content\/uploads\/2021\/03\/IMG_1836-beb22a5f-100x100.jpg 100w\" sizes=\"(max-width: 96px) 100vw, 96px\" \/><\/a> <a href=\"https:\/\/lalmachine.com\/wp-content\/uploads\/2021\/03\/IMG_1837-9fc3b3ae-scaled.jpg\"><img loading=\"lazy\" decoding=\"async\" width=\"96\" height=\"96\" src=\"https:\/\/lalmachine.com\/wp-content\/uploads\/2021\/03\/IMG_1837-9fc3b3ae-150x150.jpg\" class=\"attachment-thumbnail size-thumbnail\" alt=\"\" srcset=\"https:\/\/lalmachine.com\/wp-content\/uploads\/2021\/03\/IMG_1837-9fc3b3ae-150x150.jpg 150w, https:\/\/lalmachine.com\/wp-content\/uploads\/2021\/03\/IMG_1837-9fc3b3ae-12x12.jpg 12w, https:\/\/lalmachine.com\/wp-content\/uploads\/2021\/03\/IMG_1837-9fc3b3ae-300x300.jpg 300w, https:\/\/lalmachine.com\/wp-content\/uploads\/2021\/03\/IMG_1837-9fc3b3ae-100x100.jpg 100w\" sizes=\"(max-width: 96px) 100vw, 96px\" \/><\/a> <\/li>        <li class=\"wpuf-field-data wpuf-field-data-numeric_text_field\">\n                            <label>Prix:<\/label>\n                        350        <\/li>\n                <li class=\"wpuf-field-data wpuf-field-data-numeric_text_field\">\n                            <label>Hauteur (cm):<\/label>\n                        85        <\/li>\n                <li class=\"wpuf-field-data wpuf-field-data-numeric_text_field\">\n                            <label>Largeur (cm):<\/label>\n                        48        <\/li>\n                <li class=\"wpuf-field-data wpuf-field-data-numeric_text_field\">\n                            <label>Profondeur (cm):<\/label>\n                        57        <\/li>\n        <\/ul>","protected":false},"excerpt":{"rendered":"<p>La chaise \u00ab\u00a0Trinidad\u00a0\u00bb est un de designs les plus remarqu\u00e9s de ces 30 derni\u00e8res ann\u00e9es.<br \/>\nDessin\u00e9e par Nanna Ditzel en 1993, le nom Trinidad est tir\u00e9 de l&rsquo;architecture typique de Trinidad qui l&rsquo;a inspir\u00e9e.<br \/>\nBois pour le si\u00e8ge et jambes en m\u00e9tal<br \/>\nFabriqu\u00e9e par Fredericia au Danemark<\/p>\n<p>4 chaises disponibles. Prix par pi\u00e8ce.<\/p>","protected":false},"featured_media":47262,"template":"","meta":{"_et_pb_use_builder":"","_et_pb_old_content":"","_et_gb_content_width":""},"product_brand":[],"product_cat":[100,48],"product_tag":[],"proximite":[213],"class_list":{"0":"post-47196","1":"product","2":"type-product","3":"status-publish","4":"has-post-thumbnail","6":"product_cat-chaise","7":"product_cat-sasseoir","8":"product_shipping_class-livraison-par-le-vendeur","9":"pa_couleur-bois","10":"pa_etat-tres-bon-etat","11":"pa_materiau-bois","12":"pa_style-vintage","13":"proximite-zug","15":"first","16":"outofstock","17":"shipping-taxable","18":"purchasable","19":"product-type-simple"},"yoast_head":"<!-- This site is optimized with the Yoast SEO plugin v27.4 - https:\/\/yoast.com\/product\/yoast-seo-wordpress\/ -->\n<title>Chaise Trinidad par Nanna Ditzel (x4) | lalmachine.com<\/title>\n<meta name=\"description\" content=\"La chaise &quot;Trinidad&quot; est un de designs les plus remarqu\u00e9s de ces 30 derni\u00e8res ann\u00e9es. Dessin\u00e9e par Nanna Ditzel en 1993, le nom Trinidad est tir\u00e9 de l&#039;architecture typique de Trinidad qui l&#039;a inspir\u00e9e. Bois pour le si\u00e8ge et jambes en m\u00e9tal. Fabriqu\u00e9e par Fredericia au Danemark\" \/>\n<meta name=\"robots\" content=\"index, follow, max-snippet:-1, max-image-preview:large, max-video-preview:-1\" \/>\n<link rel=\"canonical\" href=\"https:\/\/lalmachine.com\/de\/shop\/sasseoir\/chaise\/chaise-trinidad-par-nanna-ditzel-x4\/\" \/>\n<meta property=\"og:locale\" content=\"de_DE\" \/>\n<meta property=\"og:type\" content=\"article\" \/>\n<meta property=\"og:title\" content=\"Chaise Trinidad par Nanna Ditzel (x4) | lalmachine.com\" \/>\n<meta property=\"og:description\" content=\"La chaise &quot;Trinidad&quot; est un de designs les plus remarqu\u00e9s de ces 30 derni\u00e8res ann\u00e9es. Dessin\u00e9e par Nanna Ditzel en 1993, le nom Trinidad est tir\u00e9 de l&#039;architecture typique de Trinidad qui l&#039;a inspir\u00e9e. Bois pour le si\u00e8ge et jambes en m\u00e9tal. Fabriqu\u00e9e par Fredericia au Danemark\" \/>\n<meta property=\"og:url\" content=\"https:\/\/lalmachine.com\/de\/shop\/sasseoir\/chaise\/chaise-trinidad-par-nanna-ditzel-x4\/\" \/>\n<meta property=\"og:site_name\" content=\"lalmachine.com\" \/>\n<meta property=\"article:publisher\" content=\"https:\/\/facebook.com\/lalmachine\" \/>\n<meta property=\"article:modified_time\" content=\"2024-12-05T20:51:01+00:00\" \/>\n<meta property=\"og:image\" content=\"https:\/\/lalmachine.com\/wp-content\/uploads\/2021\/03\/IMG_1835-ac53814d-scaled_clipped_rev_1.jpg\" \/>\n\t<meta property=\"og:image:width\" content=\"2442\" \/>\n\t<meta property=\"og:image:height\" content=\"2442\" \/>\n\t<meta property=\"og:image:type\" content=\"image\/jpeg\" \/>\n<meta name=\"twitter:card\" content=\"summary_large_image\" \/>\n<script type=\"application\/ld+json\" class=\"yoast-schema-graph\">{\"@context\":\"https:\\\/\\\/schema.org\",\"@graph\":[{\"@type\":\"WebPage\",\"@id\":\"https:\\\/\\\/lalmachine.com\\\/shop\\\/sasseoir\\\/chaise\\\/chaise-trinidad-par-nanna-ditzel-x4\\\/\",\"url\":\"https:\\\/\\\/lalmachine.com\\\/shop\\\/sasseoir\\\/chaise\\\/chaise-trinidad-par-nanna-ditzel-x4\\\/\",\"name\":\"Chaise Trinidad par Nanna Ditzel (x4) | lalmachine.com\",\"isPartOf\":{\"@id\":\"https:\\\/\\\/lalmachine.com\\\/#website\"},\"primaryImageOfPage\":{\"@id\":\"https:\\\/\\\/lalmachine.com\\\/shop\\\/sasseoir\\\/chaise\\\/chaise-trinidad-par-nanna-ditzel-x4\\\/#primaryimage\"},\"image\":{\"@id\":\"https:\\\/\\\/lalmachine.com\\\/shop\\\/sasseoir\\\/chaise\\\/chaise-trinidad-par-nanna-ditzel-x4\\\/#primaryimage\"},\"thumbnailUrl\":\"https:\\\/\\\/lalmachine.com\\\/wp-content\\\/uploads\\\/2021\\\/03\\\/IMG_1835-ac53814d-scaled_clipped_rev_1.jpg\",\"datePublished\":\"2021-03-26T16:42:45+00:00\",\"dateModified\":\"2024-12-05T20:51:01+00:00\",\"description\":\"La chaise \\\"Trinidad\\\" est un de designs les plus remarqu\u00e9s de ces 30 derni\u00e8res ann\u00e9es. Dessin\u00e9e par Nanna Ditzel en 1993, le nom Trinidad est tir\u00e9 de l'architecture typique de Trinidad qui l'a inspir\u00e9e. Bois pour le si\u00e8ge et jambes en m\u00e9tal. Fabriqu\u00e9e par Fredericia au Danemark\",\"breadcrumb\":{\"@id\":\"https:\\\/\\\/lalmachine.com\\\/shop\\\/sasseoir\\\/chaise\\\/chaise-trinidad-par-nanna-ditzel-x4\\\/#breadcrumb\"},\"inLanguage\":\"de\",\"potentialAction\":[{\"@type\":\"ReadAction\",\"target\":[\"https:\\\/\\\/lalmachine.com\\\/shop\\\/sasseoir\\\/chaise\\\/chaise-trinidad-par-nanna-ditzel-x4\\\/\"]}]},{\"@type\":\"ImageObject\",\"inLanguage\":\"de\",\"@id\":\"https:\\\/\\\/lalmachine.com\\\/shop\\\/sasseoir\\\/chaise\\\/chaise-trinidad-par-nanna-ditzel-x4\\\/#primaryimage\",\"url\":\"https:\\\/\\\/lalmachine.com\\\/wp-content\\\/uploads\\\/2021\\\/03\\\/IMG_1835-ac53814d-scaled_clipped_rev_1.jpg\",\"contentUrl\":\"https:\\\/\\\/lalmachine.com\\\/wp-content\\\/uploads\\\/2021\\\/03\\\/IMG_1835-ac53814d-scaled_clipped_rev_1.jpg\",\"width\":2442,\"height\":2442,\"caption\":\"Trinidad Nanna Ditzel\"},{\"@type\":\"BreadcrumbList\",\"@id\":\"https:\\\/\\\/lalmachine.com\\\/shop\\\/sasseoir\\\/chaise\\\/chaise-trinidad-par-nanna-ditzel-x4\\\/#breadcrumb\",\"itemListElement\":[{\"@type\":\"ListItem\",\"position\":1,\"name\":\"Accueil\",\"item\":\"https:\\\/\\\/lalmachine.com\\\/\"},{\"@type\":\"ListItem\",\"position\":2,\"name\":\"Shop\",\"item\":\"https:\\\/\\\/lalmachine.com\\\/shop\\\/\"},{\"@type\":\"ListItem\",\"position\":3,\"name\":\"Chaise Trinidad par Nanna Ditzel (x4)\"}]},{\"@type\":\"WebSite\",\"@id\":\"https:\\\/\\\/lalmachine.com\\\/#website\",\"url\":\"https:\\\/\\\/lalmachine.com\\\/\",\"name\":\"lalmachine.com\",\"description\":\"Brocante en ligne Suisse | Mobilier et objets d\u00e9co vintage et design\",\"potentialAction\":[{\"@type\":\"SearchAction\",\"target\":{\"@type\":\"EntryPoint\",\"urlTemplate\":\"https:\\\/\\\/lalmachine.com\\\/?s={search_term_string}\"},\"query-input\":{\"@type\":\"PropertyValueSpecification\",\"valueRequired\":true,\"valueName\":\"search_term_string\"}}],\"inLanguage\":\"de\"}]}<\/script>\n<!-- \/ Yoast SEO plugin. -->","yoast_head_json":{"title":"Chaise Trinidad par Nanna Ditzel (x4) | lalmachine.com","description":"La chaise \"Trinidad\" est un de designs les plus remarqu\u00e9s de ces 30 derni\u00e8res ann\u00e9es. Dessin\u00e9e par Nanna Ditzel en 1993, le nom Trinidad est tir\u00e9 de l'architecture typique de Trinidad qui l'a inspir\u00e9e. Bois pour le si\u00e8ge et jambes en m\u00e9tal. Fabriqu\u00e9e par Fredericia au Danemark","robots":{"index":"index","follow":"follow","max-snippet":"max-snippet:-1","max-image-preview":"max-image-preview:large","max-video-preview":"max-video-preview:-1"},"canonical":"https:\/\/lalmachine.com\/de\/shop\/sasseoir\/chaise\/chaise-trinidad-par-nanna-ditzel-x4\/","og_locale":"de_DE","og_type":"article","og_title":"Chaise Trinidad par Nanna Ditzel (x4) | lalmachine.com","og_description":"La chaise \"Trinidad\" est un de designs les plus remarqu\u00e9s de ces 30 derni\u00e8res ann\u00e9es. Dessin\u00e9e par Nanna Ditzel en 1993, le nom Trinidad est tir\u00e9 de l'architecture typique de Trinidad qui l'a inspir\u00e9e. Bois pour le si\u00e8ge et jambes en m\u00e9tal. Fabriqu\u00e9e par Fredericia au Danemark","og_url":"https:\/\/lalmachine.com\/de\/shop\/sasseoir\/chaise\/chaise-trinidad-par-nanna-ditzel-x4\/","og_site_name":"lalmachine.com","article_publisher":"https:\/\/facebook.com\/lalmachine","article_modified_time":"2024-12-05T20:51:01+00:00","og_image":[{"width":2442,"height":2442,"url":"https:\/\/lalmachine.com\/wp-content\/uploads\/2021\/03\/IMG_1835-ac53814d-scaled_clipped_rev_1.jpg","type":"image\/jpeg"}],"twitter_card":"summary_large_image","schema":{"@context":"https:\/\/schema.org","@graph":[{"@type":"WebPage","@id":"https:\/\/lalmachine.com\/shop\/sasseoir\/chaise\/chaise-trinidad-par-nanna-ditzel-x4\/","url":"https:\/\/lalmachine.com\/shop\/sasseoir\/chaise\/chaise-trinidad-par-nanna-ditzel-x4\/","name":"Chaise Trinidad par Nanna Ditzel (x4) | lalmachine.com","isPartOf":{"@id":"https:\/\/lalmachine.com\/#website"},"primaryImageOfPage":{"@id":"https:\/\/lalmachine.com\/shop\/sasseoir\/chaise\/chaise-trinidad-par-nanna-ditzel-x4\/#primaryimage"},"image":{"@id":"https:\/\/lalmachine.com\/shop\/sasseoir\/chaise\/chaise-trinidad-par-nanna-ditzel-x4\/#primaryimage"},"thumbnailUrl":"https:\/\/lalmachine.com\/wp-content\/uploads\/2021\/03\/IMG_1835-ac53814d-scaled_clipped_rev_1.jpg","datePublished":"2021-03-26T16:42:45+00:00","dateModified":"2024-12-05T20:51:01+00:00","description":"La chaise \"Trinidad\" est un de designs les plus remarqu\u00e9s de ces 30 derni\u00e8res ann\u00e9es. Dessin\u00e9e par Nanna Ditzel en 1993, le nom Trinidad est tir\u00e9 de l'architecture typique de Trinidad qui l'a inspir\u00e9e. Bois pour le si\u00e8ge et jambes en m\u00e9tal. Fabriqu\u00e9e par Fredericia au Danemark","breadcrumb":{"@id":"https:\/\/lalmachine.com\/shop\/sasseoir\/chaise\/chaise-trinidad-par-nanna-ditzel-x4\/#breadcrumb"},"inLanguage":"de","potentialAction":[{"@type":"ReadAction","target":["https:\/\/lalmachine.com\/shop\/sasseoir\/chaise\/chaise-trinidad-par-nanna-ditzel-x4\/"]}]},{"@type":"ImageObject","inLanguage":"de","@id":"https:\/\/lalmachine.com\/shop\/sasseoir\/chaise\/chaise-trinidad-par-nanna-ditzel-x4\/#primaryimage","url":"https:\/\/lalmachine.com\/wp-content\/uploads\/2021\/03\/IMG_1835-ac53814d-scaled_clipped_rev_1.jpg","contentUrl":"https:\/\/lalmachine.com\/wp-content\/uploads\/2021\/03\/IMG_1835-ac53814d-scaled_clipped_rev_1.jpg","width":2442,"height":2442,"caption":"Trinidad Nanna Ditzel"},{"@type":"BreadcrumbList","@id":"https:\/\/lalmachine.com\/shop\/sasseoir\/chaise\/chaise-trinidad-par-nanna-ditzel-x4\/#breadcrumb","itemListElement":[{"@type":"ListItem","position":1,"name":"Accueil","item":"https:\/\/lalmachine.com\/"},{"@type":"ListItem","position":2,"name":"Shop","item":"https:\/\/lalmachine.com\/shop\/"},{"@type":"ListItem","position":3,"name":"Chaise Trinidad par Nanna Ditzel (x4)"}]},{"@type":"WebSite","@id":"https:\/\/lalmachine.com\/#website","url":"https:\/\/lalmachine.com\/","name":"lalmachine.com","description":"Brocante en ligne Suisse | Mobilier et objets d\u00e9co vintage et design","potentialAction":[{"@type":"SearchAction","target":{"@type":"EntryPoint","urlTemplate":"https:\/\/lalmachine.com\/?s={search_term_string}"},"query-input":{"@type":"PropertyValueSpecification","valueRequired":true,"valueName":"search_term_string"}}],"inLanguage":"de"}]}},"_links":{"self":[{"href":"https:\/\/lalmachine.com\/de\/wp-json\/wp\/v2\/product\/47196","targetHints":{"allow":["GET"]}}],"collection":[{"href":"https:\/\/lalmachine.com\/de\/wp-json\/wp\/v2\/product"}],"about":[{"href":"https:\/\/lalmachine.com\/de\/wp-json\/wp\/v2\/types\/product"}],"wp:featuredmedia":[{"embeddable":true,"href":"https:\/\/lalmachine.com\/de\/wp-json\/wp\/v2\/media\/47262"}],"wp:attachment":[{"href":"https:\/\/lalmachine.com\/de\/wp-json\/wp\/v2\/media?parent=47196"}],"wp:term":[{"taxonomy":"product_brand","embeddable":true,"href":"https:\/\/lalmachine.com\/de\/wp-json\/wp\/v2\/product_brand?post=47196"},{"taxonomy":"product_cat","embeddable":true,"href":"https:\/\/lalmachine.com\/de\/wp-json\/wp\/v2\/product_cat?post=47196"},{"taxonomy":"product_tag","embeddable":true,"href":"https:\/\/lalmachine.com\/de\/wp-json\/wp\/v2\/product_tag?post=47196"},{"taxonomy":"proximite","embeddable":true,"href":"https:\/\/lalmachine.com\/de\/wp-json\/wp\/v2\/proximite?post=47196"}],"curies":[{"name":"wp","href":"https:\/\/api.w.org\/{rel}","templated":true}]}}