{"id":47449,"date":"2021-03-27T19:42:14","date_gmt":"2021-03-27T18:42:14","guid":{"rendered":"https:\/\/lalmachine.com\/?post_type=product&#038;p=47449"},"modified":"2024-12-05T21:51:02","modified_gmt":"2024-12-05T20:51:02","slug":"ancien-pot-a-sels-de-bain-en-verre-fume-avec-motif-etain","status":"publish","type":"product","link":"https:\/\/lalmachine.com\/de\/shop\/decorer\/decoration\/ancien-pot-a-sels-de-bain-en-verre-fume-avec-motif-etain\/","title":{"rendered":"Ancien pot \u00e0 sels de bain en verre fum\u00e9"},"content":{"rendered":"<ul class=\"wpuf_customs\"><li style=\"list-style-type:none;\"><label>Autres photos:<\/label> <a href=\"https:\/\/lalmachine.com\/wp-content\/uploads\/2021\/03\/flacon-sel-de-bain-04-ad535e14-scaled.jpg\"><img loading=\"lazy\" decoding=\"async\" width=\"96\" height=\"96\" src=\"https:\/\/lalmachine.com\/wp-content\/uploads\/2021\/03\/flacon-sel-de-bain-04-ad535e14-150x150.jpg\" class=\"attachment-thumbnail size-thumbnail\" alt=\"\" srcset=\"https:\/\/lalmachine.com\/wp-content\/uploads\/2021\/03\/flacon-sel-de-bain-04-ad535e14-150x150.jpg 150w, https:\/\/lalmachine.com\/wp-content\/uploads\/2021\/03\/flacon-sel-de-bain-04-ad535e14-300x300.jpg 300w, https:\/\/lalmachine.com\/wp-content\/uploads\/2021\/03\/flacon-sel-de-bain-04-ad535e14-100x100.jpg 100w\" sizes=\"(max-width: 96px) 100vw, 96px\" \/><\/a> <a href=\"https:\/\/lalmachine.com\/wp-content\/uploads\/2021\/03\/flacon-sel-de-bain-02-2f293c18-scaled.jpg\"><img loading=\"lazy\" decoding=\"async\" width=\"96\" height=\"96\" src=\"https:\/\/lalmachine.com\/wp-content\/uploads\/2021\/03\/flacon-sel-de-bain-02-2f293c18-150x150.jpg\" class=\"attachment-thumbnail size-thumbnail\" alt=\"\" srcset=\"https:\/\/lalmachine.com\/wp-content\/uploads\/2021\/03\/flacon-sel-de-bain-02-2f293c18-150x150.jpg 150w, https:\/\/lalmachine.com\/wp-content\/uploads\/2021\/03\/flacon-sel-de-bain-02-2f293c18-591x600.jpg 591w, https:\/\/lalmachine.com\/wp-content\/uploads\/2021\/03\/flacon-sel-de-bain-02-2f293c18-1009x1024.jpg 1009w, https:\/\/lalmachine.com\/wp-content\/uploads\/2021\/03\/flacon-sel-de-bain-02-2f293c18-768x779.jpg 768w, https:\/\/lalmachine.com\/wp-content\/uploads\/2021\/03\/flacon-sel-de-bain-02-2f293c18-1514x1536.jpg 1514w, https:\/\/lalmachine.com\/wp-content\/uploads\/2021\/03\/flacon-sel-de-bain-02-2f293c18-2019x2048.jpg 2019w, https:\/\/lalmachine.com\/wp-content\/uploads\/2021\/03\/flacon-sel-de-bain-02-2f293c18-12x12.jpg 12w, https:\/\/lalmachine.com\/wp-content\/uploads\/2021\/03\/flacon-sel-de-bain-02-2f293c18-1080x1096.jpg 1080w, https:\/\/lalmachine.com\/wp-content\/uploads\/2021\/03\/flacon-sel-de-bain-02-2f293c18-1280x1299.jpg 1280w, https:\/\/lalmachine.com\/wp-content\/uploads\/2021\/03\/flacon-sel-de-bain-02-2f293c18-980x994.jpg 980w, https:\/\/lalmachine.com\/wp-content\/uploads\/2021\/03\/flacon-sel-de-bain-02-2f293c18-480x487.jpg 480w, https:\/\/lalmachine.com\/wp-content\/uploads\/2021\/03\/flacon-sel-de-bain-02-2f293c18-300x300.jpg 300w, https:\/\/lalmachine.com\/wp-content\/uploads\/2021\/03\/flacon-sel-de-bain-02-2f293c18-600x609.jpg 600w, https:\/\/lalmachine.com\/wp-content\/uploads\/2021\/03\/flacon-sel-de-bain-02-2f293c18-100x100.jpg 100w\" sizes=\"(max-width: 96px) 100vw, 96px\" \/><\/a> <a href=\"https:\/\/lalmachine.com\/wp-content\/uploads\/2021\/03\/flacon-sel-de-bain-03-e24af2d5-scaled.jpg\"><img loading=\"lazy\" decoding=\"async\" width=\"96\" height=\"96\" src=\"https:\/\/lalmachine.com\/wp-content\/uploads\/2021\/03\/flacon-sel-de-bain-03-e24af2d5-150x150.jpg\" class=\"attachment-thumbnail size-thumbnail\" alt=\"\" srcset=\"https:\/\/lalmachine.com\/wp-content\/uploads\/2021\/03\/flacon-sel-de-bain-03-e24af2d5-150x150.jpg 150w, https:\/\/lalmachine.com\/wp-content\/uploads\/2021\/03\/flacon-sel-de-bain-03-e24af2d5-300x300.jpg 300w, https:\/\/lalmachine.com\/wp-content\/uploads\/2021\/03\/flacon-sel-de-bain-03-e24af2d5-100x100.jpg 100w\" sizes=\"(max-width: 96px) 100vw, 96px\" \/><\/a> <a href=\"https:\/\/lalmachine.com\/wp-content\/uploads\/2021\/03\/flacon-sel-de-bain-01-fc9acb61-scaled.jpg\"><img loading=\"lazy\" decoding=\"async\" width=\"96\" height=\"96\" src=\"https:\/\/lalmachine.com\/wp-content\/uploads\/2021\/03\/flacon-sel-de-bain-01-fc9acb61-150x150.jpg\" class=\"attachment-thumbnail size-thumbnail\" alt=\"\" srcset=\"https:\/\/lalmachine.com\/wp-content\/uploads\/2021\/03\/flacon-sel-de-bain-01-fc9acb61-150x150.jpg 150w, https:\/\/lalmachine.com\/wp-content\/uploads\/2021\/03\/flacon-sel-de-bain-01-fc9acb61-300x300.jpg 300w, https:\/\/lalmachine.com\/wp-content\/uploads\/2021\/03\/flacon-sel-de-bain-01-fc9acb61-100x100.jpg 100w\" sizes=\"(max-width: 96px) 100vw, 96px\" \/><\/a> <a href=\"https:\/\/lalmachine.com\/wp-content\/uploads\/2021\/03\/flacon-sel-de-bain-06-4b7589d2-scaled.jpg\"><img loading=\"lazy\" decoding=\"async\" width=\"96\" height=\"96\" src=\"https:\/\/lalmachine.com\/wp-content\/uploads\/2021\/03\/flacon-sel-de-bain-06-4b7589d2-150x150.jpg\" class=\"attachment-thumbnail size-thumbnail\" alt=\"\" srcset=\"https:\/\/lalmachine.com\/wp-content\/uploads\/2021\/03\/flacon-sel-de-bain-06-4b7589d2-150x150.jpg 150w, https:\/\/lalmachine.com\/wp-content\/uploads\/2021\/03\/flacon-sel-de-bain-06-4b7589d2-300x300.jpg 300w, https:\/\/lalmachine.com\/wp-content\/uploads\/2021\/03\/flacon-sel-de-bain-06-4b7589d2-100x100.jpg 100w\" sizes=\"(max-width: 96px) 100vw, 96px\" \/><\/a> <\/li>        <li class=\"wpuf-field-data wpuf-field-data-numeric_text_field\">\n                            <label>Prix:<\/label>\n                        45        <\/li>\n                <li class=\"wpuf-field-data wpuf-field-data-numeric_text_field\">\n                            <label>Hauteur (cm):<\/label>\n                        22        <\/li>\n                <li class=\"wpuf-field-data wpuf-field-data-numeric_text_field\">\n                            <label>Largeur (cm):<\/label>\n                        11        <\/li>\n                <li class=\"wpuf-field-data wpuf-field-data-numeric_text_field\">\n                            <label>Profondeur (cm):<\/label>\n                        11        <\/li>\n        <\/ul>","protected":false},"excerpt":{"rendered":"<p>Pot ancien pour sels de bain en verre fum\u00e9 translucide avec joli couvercle, comportant un d\u00e9cor en \u00e9tain v\u00e9ritable estampill\u00e9 &#8220;VERTADEC&#8221; avec l&#8217;inscription &#8220;sels de bain&#8221;.<\/p>\n<p>Peut contenir d&#8217;autres produits (coton, etc &#8230;)<\/p>\n<p>Article cossu, NEUF (jamais utilis\u00e9), encore dans sa boite d&#8217;origine.<br \/>\nObjet tr\u00e8s d\u00e9coratif. Id\u00e9al d\u00e9co boh\u00e8me.<\/p>\n<p>Made in France<br \/>\nDimensions au +: Couvercle compris: H: 22 cm X L: 11 cm X l: 11\u00a0cm (environ)<\/p>","protected":false},"featured_media":47577,"template":"","meta":{"_et_pb_use_builder":"","_et_pb_old_content":"","_et_gb_content_width":""},"product_brand":[],"product_cat":[94,50],"product_tag":[],"proximite":[203],"class_list":{"0":"post-47449","1":"product","2":"type-product","3":"status-publish","4":"has-post-thumbnail","6":"product_cat-decoration","7":"product_cat-decorer","8":"product_shipping_class-0-2-kg","9":"pa_couleur-marron","10":"pa_etat-tres-bon-etat","11":"pa_materiau-verre","12":"pa_style-vintage","13":"proximite-neuchatel","15":"first","16":"outofstock","17":"sale","18":"shipping-taxable","19":"purchasable","20":"product-type-simple"},"yoast_head":"<!-- This site is optimized with the Yoast SEO plugin v27.4 - https:\/\/yoast.com\/product\/yoast-seo-wordpress\/ -->\n<title>Ancien pot \u00e0 sels de bain en verre fum\u00e9 | lalmachine.com<\/title>\n<meta name=\"description\" content=\"Pot ancien pour Sels de Bain en verre fum\u00e9 translucide avec joli couvercle, comportant un d\u00e9cor en \u00e9tain v\u00e9ritable estampill\u00e9 &quot;VERTADEC&quot; avec l&#039;inscription &quot;sels de bain&quot;. Peut contenir d&#039;autres produits (coton, etc ...) Article cossu, NEUF (jamais utilis\u00e9), encore dans sa boite d&#039;origine. Objet tr\u00e8s d\u00e9coratif. Id\u00e9al d\u00e9co boh\u00e8me\" \/>\n<meta name=\"robots\" content=\"index, follow, max-snippet:-1, max-image-preview:large, max-video-preview:-1\" \/>\n<link rel=\"canonical\" href=\"https:\/\/lalmachine.com\/de\/shop\/decorer\/decoration\/ancien-pot-a-sels-de-bain-en-verre-fume-avec-motif-etain\/\" \/>\n<meta property=\"og:locale\" content=\"de_DE\" \/>\n<meta property=\"og:type\" content=\"article\" \/>\n<meta property=\"og:title\" content=\"Ancien pot \u00e0 sels de bain en verre fum\u00e9 | lalmachine.com\" \/>\n<meta property=\"og:description\" content=\"Pot ancien pour Sels de Bain en verre fum\u00e9 translucide avec joli couvercle, comportant un d\u00e9cor en \u00e9tain v\u00e9ritable estampill\u00e9 &quot;VERTADEC&quot; avec l&#039;inscription &quot;sels de bain&quot;. Peut contenir d&#039;autres produits (coton, etc ...) Article cossu, NEUF (jamais utilis\u00e9), encore dans sa boite d&#039;origine. Objet tr\u00e8s d\u00e9coratif. Id\u00e9al d\u00e9co boh\u00e8me\" \/>\n<meta property=\"og:url\" content=\"https:\/\/lalmachine.com\/de\/shop\/decorer\/decoration\/ancien-pot-a-sels-de-bain-en-verre-fume-avec-motif-etain\/\" \/>\n<meta property=\"og:site_name\" content=\"lalmachine.com\" \/>\n<meta property=\"article:publisher\" content=\"https:\/\/facebook.com\/lalmachine\" \/>\n<meta property=\"article:modified_time\" content=\"2024-12-05T20:51:02+00:00\" \/>\n<meta property=\"og:image\" content=\"https:\/\/lalmachine.com\/wp-content\/uploads\/2021\/03\/flacon-sel-de-bain-05-c4411e58-scaled_clipped_rev_1-scaled.jpg\" \/>\n\t<meta property=\"og:image:width\" content=\"2560\" \/>\n\t<meta property=\"og:image:height\" content=\"2560\" \/>\n\t<meta property=\"og:image:type\" content=\"image\/jpeg\" \/>\n<meta name=\"twitter:card\" content=\"summary_large_image\" \/>\n<script type=\"application\/ld+json\" class=\"yoast-schema-graph\">{\"@context\":\"https:\\\/\\\/schema.org\",\"@graph\":[{\"@type\":\"WebPage\",\"@id\":\"https:\\\/\\\/lalmachine.com\\\/shop\\\/decorer\\\/decoration\\\/ancien-pot-a-sels-de-bain-en-verre-fume-avec-motif-etain\\\/\",\"url\":\"https:\\\/\\\/lalmachine.com\\\/shop\\\/decorer\\\/decoration\\\/ancien-pot-a-sels-de-bain-en-verre-fume-avec-motif-etain\\\/\",\"name\":\"Ancien pot \u00e0 sels de bain en verre fum\u00e9 | lalmachine.com\",\"isPartOf\":{\"@id\":\"https:\\\/\\\/lalmachine.com\\\/#website\"},\"primaryImageOfPage\":{\"@id\":\"https:\\\/\\\/lalmachine.com\\\/shop\\\/decorer\\\/decoration\\\/ancien-pot-a-sels-de-bain-en-verre-fume-avec-motif-etain\\\/#primaryimage\"},\"image\":{\"@id\":\"https:\\\/\\\/lalmachine.com\\\/shop\\\/decorer\\\/decoration\\\/ancien-pot-a-sels-de-bain-en-verre-fume-avec-motif-etain\\\/#primaryimage\"},\"thumbnailUrl\":\"https:\\\/\\\/lalmachine.com\\\/wp-content\\\/uploads\\\/2021\\\/03\\\/flacon-sel-de-bain-05-c4411e58-scaled_clipped_rev_1-scaled.jpg\",\"datePublished\":\"2021-03-27T18:42:14+00:00\",\"dateModified\":\"2024-12-05T20:51:02+00:00\",\"description\":\"Pot ancien pour Sels de Bain en verre fum\u00e9 translucide avec joli couvercle, comportant un d\u00e9cor en \u00e9tain v\u00e9ritable estampill\u00e9 \\\"VERTADEC\\\" avec l'inscription \\\"sels de bain\\\". Peut contenir d'autres produits (coton, etc ...) Article cossu, NEUF (jamais utilis\u00e9), encore dans sa boite d'origine. Objet tr\u00e8s d\u00e9coratif. Id\u00e9al d\u00e9co boh\u00e8me\",\"breadcrumb\":{\"@id\":\"https:\\\/\\\/lalmachine.com\\\/shop\\\/decorer\\\/decoration\\\/ancien-pot-a-sels-de-bain-en-verre-fume-avec-motif-etain\\\/#breadcrumb\"},\"inLanguage\":\"de\",\"potentialAction\":[{\"@type\":\"ReadAction\",\"target\":[\"https:\\\/\\\/lalmachine.com\\\/shop\\\/decorer\\\/decoration\\\/ancien-pot-a-sels-de-bain-en-verre-fume-avec-motif-etain\\\/\"]}]},{\"@type\":\"ImageObject\",\"inLanguage\":\"de\",\"@id\":\"https:\\\/\\\/lalmachine.com\\\/shop\\\/decorer\\\/decoration\\\/ancien-pot-a-sels-de-bain-en-verre-fume-avec-motif-etain\\\/#primaryimage\",\"url\":\"https:\\\/\\\/lalmachine.com\\\/wp-content\\\/uploads\\\/2021\\\/03\\\/flacon-sel-de-bain-05-c4411e58-scaled_clipped_rev_1-scaled.jpg\",\"contentUrl\":\"https:\\\/\\\/lalmachine.com\\\/wp-content\\\/uploads\\\/2021\\\/03\\\/flacon-sel-de-bain-05-c4411e58-scaled_clipped_rev_1-scaled.jpg\",\"width\":2560,\"height\":2560,\"caption\":\"Pot Sels de Bain\"},{\"@type\":\"BreadcrumbList\",\"@id\":\"https:\\\/\\\/lalmachine.com\\\/shop\\\/decorer\\\/decoration\\\/ancien-pot-a-sels-de-bain-en-verre-fume-avec-motif-etain\\\/#breadcrumb\",\"itemListElement\":[{\"@type\":\"ListItem\",\"position\":1,\"name\":\"Accueil\",\"item\":\"https:\\\/\\\/lalmachine.com\\\/\"},{\"@type\":\"ListItem\",\"position\":2,\"name\":\"Shop\",\"item\":\"https:\\\/\\\/lalmachine.com\\\/shop\\\/\"},{\"@type\":\"ListItem\",\"position\":3,\"name\":\"Ancien pot \u00e0 sels de bain en verre fum\u00e9\"}]},{\"@type\":\"WebSite\",\"@id\":\"https:\\\/\\\/lalmachine.com\\\/#website\",\"url\":\"https:\\\/\\\/lalmachine.com\\\/\",\"name\":\"lalmachine.com\",\"description\":\"Brocante en ligne Suisse | Mobilier et objets d\u00e9co vintage et design\",\"potentialAction\":[{\"@type\":\"SearchAction\",\"target\":{\"@type\":\"EntryPoint\",\"urlTemplate\":\"https:\\\/\\\/lalmachine.com\\\/?s={search_term_string}\"},\"query-input\":{\"@type\":\"PropertyValueSpecification\",\"valueRequired\":true,\"valueName\":\"search_term_string\"}}],\"inLanguage\":\"de\"}]}<\/script>\n<!-- \/ Yoast SEO plugin. -->","yoast_head_json":{"title":"Ancien pot \u00e0 sels de bain en verre fum\u00e9 | lalmachine.com","description":"Pot ancien pour Sels de Bain en verre fum\u00e9 translucide avec joli couvercle, comportant un d\u00e9cor en \u00e9tain v\u00e9ritable estampill\u00e9 \"VERTADEC\" avec l'inscription \"sels de bain\". Peut contenir d'autres produits (coton, etc ...) Article cossu, NEUF (jamais utilis\u00e9), encore dans sa boite d'origine. Objet tr\u00e8s d\u00e9coratif. Id\u00e9al d\u00e9co boh\u00e8me","robots":{"index":"index","follow":"follow","max-snippet":"max-snippet:-1","max-image-preview":"max-image-preview:large","max-video-preview":"max-video-preview:-1"},"canonical":"https:\/\/lalmachine.com\/de\/shop\/decorer\/decoration\/ancien-pot-a-sels-de-bain-en-verre-fume-avec-motif-etain\/","og_locale":"de_DE","og_type":"article","og_title":"Ancien pot \u00e0 sels de bain en verre fum\u00e9 | lalmachine.com","og_description":"Pot ancien pour Sels de Bain en verre fum\u00e9 translucide avec joli couvercle, comportant un d\u00e9cor en \u00e9tain v\u00e9ritable estampill\u00e9 \"VERTADEC\" avec l'inscription \"sels de bain\". Peut contenir d'autres produits (coton, etc ...) Article cossu, NEUF (jamais utilis\u00e9), encore dans sa boite d'origine. Objet tr\u00e8s d\u00e9coratif. Id\u00e9al d\u00e9co boh\u00e8me","og_url":"https:\/\/lalmachine.com\/de\/shop\/decorer\/decoration\/ancien-pot-a-sels-de-bain-en-verre-fume-avec-motif-etain\/","og_site_name":"lalmachine.com","article_publisher":"https:\/\/facebook.com\/lalmachine","article_modified_time":"2024-12-05T20:51:02+00:00","og_image":[{"width":2560,"height":2560,"url":"https:\/\/lalmachine.com\/wp-content\/uploads\/2021\/03\/flacon-sel-de-bain-05-c4411e58-scaled_clipped_rev_1-scaled.jpg","type":"image\/jpeg"}],"twitter_card":"summary_large_image","schema":{"@context":"https:\/\/schema.org","@graph":[{"@type":"WebPage","@id":"https:\/\/lalmachine.com\/shop\/decorer\/decoration\/ancien-pot-a-sels-de-bain-en-verre-fume-avec-motif-etain\/","url":"https:\/\/lalmachine.com\/shop\/decorer\/decoration\/ancien-pot-a-sels-de-bain-en-verre-fume-avec-motif-etain\/","name":"Ancien pot \u00e0 sels de bain en verre fum\u00e9 | lalmachine.com","isPartOf":{"@id":"https:\/\/lalmachine.com\/#website"},"primaryImageOfPage":{"@id":"https:\/\/lalmachine.com\/shop\/decorer\/decoration\/ancien-pot-a-sels-de-bain-en-verre-fume-avec-motif-etain\/#primaryimage"},"image":{"@id":"https:\/\/lalmachine.com\/shop\/decorer\/decoration\/ancien-pot-a-sels-de-bain-en-verre-fume-avec-motif-etain\/#primaryimage"},"thumbnailUrl":"https:\/\/lalmachine.com\/wp-content\/uploads\/2021\/03\/flacon-sel-de-bain-05-c4411e58-scaled_clipped_rev_1-scaled.jpg","datePublished":"2021-03-27T18:42:14+00:00","dateModified":"2024-12-05T20:51:02+00:00","description":"Pot ancien pour Sels de Bain en verre fum\u00e9 translucide avec joli couvercle, comportant un d\u00e9cor en \u00e9tain v\u00e9ritable estampill\u00e9 \"VERTADEC\" avec l'inscription \"sels de bain\". Peut contenir d'autres produits (coton, etc ...) Article cossu, NEUF (jamais utilis\u00e9), encore dans sa boite d'origine. Objet tr\u00e8s d\u00e9coratif. Id\u00e9al d\u00e9co boh\u00e8me","breadcrumb":{"@id":"https:\/\/lalmachine.com\/shop\/decorer\/decoration\/ancien-pot-a-sels-de-bain-en-verre-fume-avec-motif-etain\/#breadcrumb"},"inLanguage":"de","potentialAction":[{"@type":"ReadAction","target":["https:\/\/lalmachine.com\/shop\/decorer\/decoration\/ancien-pot-a-sels-de-bain-en-verre-fume-avec-motif-etain\/"]}]},{"@type":"ImageObject","inLanguage":"de","@id":"https:\/\/lalmachine.com\/shop\/decorer\/decoration\/ancien-pot-a-sels-de-bain-en-verre-fume-avec-motif-etain\/#primaryimage","url":"https:\/\/lalmachine.com\/wp-content\/uploads\/2021\/03\/flacon-sel-de-bain-05-c4411e58-scaled_clipped_rev_1-scaled.jpg","contentUrl":"https:\/\/lalmachine.com\/wp-content\/uploads\/2021\/03\/flacon-sel-de-bain-05-c4411e58-scaled_clipped_rev_1-scaled.jpg","width":2560,"height":2560,"caption":"Pot Sels de Bain"},{"@type":"BreadcrumbList","@id":"https:\/\/lalmachine.com\/shop\/decorer\/decoration\/ancien-pot-a-sels-de-bain-en-verre-fume-avec-motif-etain\/#breadcrumb","itemListElement":[{"@type":"ListItem","position":1,"name":"Accueil","item":"https:\/\/lalmachine.com\/"},{"@type":"ListItem","position":2,"name":"Shop","item":"https:\/\/lalmachine.com\/shop\/"},{"@type":"ListItem","position":3,"name":"Ancien pot \u00e0 sels de bain en verre fum\u00e9"}]},{"@type":"WebSite","@id":"https:\/\/lalmachine.com\/#website","url":"https:\/\/lalmachine.com\/","name":"lalmachine.com","description":"Brocante en ligne Suisse | Mobilier et objets d\u00e9co vintage et design","potentialAction":[{"@type":"SearchAction","target":{"@type":"EntryPoint","urlTemplate":"https:\/\/lalmachine.com\/?s={search_term_string}"},"query-input":{"@type":"PropertyValueSpecification","valueRequired":true,"valueName":"search_term_string"}}],"inLanguage":"de"}]}},"_links":{"self":[{"href":"https:\/\/lalmachine.com\/de\/wp-json\/wp\/v2\/product\/47449","targetHints":{"allow":["GET"]}}],"collection":[{"href":"https:\/\/lalmachine.com\/de\/wp-json\/wp\/v2\/product"}],"about":[{"href":"https:\/\/lalmachine.com\/de\/wp-json\/wp\/v2\/types\/product"}],"wp:featuredmedia":[{"embeddable":true,"href":"https:\/\/lalmachine.com\/de\/wp-json\/wp\/v2\/media\/47577"}],"wp:attachment":[{"href":"https:\/\/lalmachine.com\/de\/wp-json\/wp\/v2\/media?parent=47449"}],"wp:term":[{"taxonomy":"product_brand","embeddable":true,"href":"https:\/\/lalmachine.com\/de\/wp-json\/wp\/v2\/product_brand?post=47449"},{"taxonomy":"product_cat","embeddable":true,"href":"https:\/\/lalmachine.com\/de\/wp-json\/wp\/v2\/product_cat?post=47449"},{"taxonomy":"product_tag","embeddable":true,"href":"https:\/\/lalmachine.com\/de\/wp-json\/wp\/v2\/product_tag?post=47449"},{"taxonomy":"proximite","embeddable":true,"href":"https:\/\/lalmachine.com\/de\/wp-json\/wp\/v2\/proximite?post=47449"}],"curies":[{"name":"wp","href":"https:\/\/api.w.org\/{rel}","templated":true}]}}