{"id":47545,"date":"2021-03-29T10:03:36","date_gmt":"2021-03-29T08:03:36","guid":{"rendered":"https:\/\/lalmachine.com\/?post_type=product&#038;p=47545"},"modified":"2024-12-05T21:51:02","modified_gmt":"2024-12-05T20:51:02","slug":"suspension-de-werner-schou","status":"publish","type":"product","link":"https:\/\/lalmachine.com\/de\/shop\/eclairer\/suspension-plafonnier\/suspension-de-werner-schou\/","title":{"rendered":"Suspension de Werner Schou"},"content":{"rendered":"<ul class=\"wpuf_customs\"><li style=\"list-style-type:none;\"><label>Autres photos:<\/label> <a href=\"https:\/\/lalmachine.com\/wp-content\/uploads\/2021\/03\/IMG_9409-8809e884-scaled.jpg\"><img loading=\"lazy\" decoding=\"async\" width=\"96\" height=\"96\" src=\"https:\/\/lalmachine.com\/wp-content\/uploads\/2021\/03\/IMG_9409-8809e884-150x150.jpg\" class=\"attachment-thumbnail size-thumbnail\" alt=\"\" srcset=\"https:\/\/lalmachine.com\/wp-content\/uploads\/2021\/03\/IMG_9409-8809e884-150x150.jpg 150w, https:\/\/lalmachine.com\/wp-content\/uploads\/2021\/03\/IMG_9409-8809e884-600x600.jpg 600w, https:\/\/lalmachine.com\/wp-content\/uploads\/2021\/03\/IMG_9409-8809e884-1024x1024.jpg 1024w, https:\/\/lalmachine.com\/wp-content\/uploads\/2021\/03\/IMG_9409-8809e884-768x768.jpg 768w, https:\/\/lalmachine.com\/wp-content\/uploads\/2021\/03\/IMG_9409-8809e884-1536x1536.jpg 1536w, https:\/\/lalmachine.com\/wp-content\/uploads\/2021\/03\/IMG_9409-8809e884-2048x2048.jpg 2048w, https:\/\/lalmachine.com\/wp-content\/uploads\/2021\/03\/IMG_9409-8809e884-12x12.jpg 12w, https:\/\/lalmachine.com\/wp-content\/uploads\/2021\/03\/IMG_9409-8809e884-1080x1080.jpg 1080w, https:\/\/lalmachine.com\/wp-content\/uploads\/2021\/03\/IMG_9409-8809e884-1280x1280.jpg 1280w, https:\/\/lalmachine.com\/wp-content\/uploads\/2021\/03\/IMG_9409-8809e884-980x980.jpg 980w, https:\/\/lalmachine.com\/wp-content\/uploads\/2021\/03\/IMG_9409-8809e884-480x480.jpg 480w, https:\/\/lalmachine.com\/wp-content\/uploads\/2021\/03\/IMG_9409-8809e884-300x300.jpg 300w, https:\/\/lalmachine.com\/wp-content\/uploads\/2021\/03\/IMG_9409-8809e884-100x100.jpg 100w\" sizes=\"(max-width: 96px) 100vw, 96px\" \/><\/a> <a href=\"https:\/\/lalmachine.com\/wp-content\/uploads\/2021\/03\/IMG_9407-4141eed7-scaled.jpg\"><img loading=\"lazy\" decoding=\"async\" width=\"96\" height=\"96\" src=\"https:\/\/lalmachine.com\/wp-content\/uploads\/2021\/03\/IMG_9407-4141eed7-150x150.jpg\" class=\"attachment-thumbnail size-thumbnail\" alt=\"\" srcset=\"https:\/\/lalmachine.com\/wp-content\/uploads\/2021\/03\/IMG_9407-4141eed7-150x150.jpg 150w, https:\/\/lalmachine.com\/wp-content\/uploads\/2021\/03\/IMG_9407-4141eed7-600x600.jpg 600w, https:\/\/lalmachine.com\/wp-content\/uploads\/2021\/03\/IMG_9407-4141eed7-1024x1024.jpg 1024w, https:\/\/lalmachine.com\/wp-content\/uploads\/2021\/03\/IMG_9407-4141eed7-768x768.jpg 768w, https:\/\/lalmachine.com\/wp-content\/uploads\/2021\/03\/IMG_9407-4141eed7-1536x1536.jpg 1536w, https:\/\/lalmachine.com\/wp-content\/uploads\/2021\/03\/IMG_9407-4141eed7-2048x2048.jpg 2048w, https:\/\/lalmachine.com\/wp-content\/uploads\/2021\/03\/IMG_9407-4141eed7-12x12.jpg 12w, https:\/\/lalmachine.com\/wp-content\/uploads\/2021\/03\/IMG_9407-4141eed7-1080x1080.jpg 1080w, https:\/\/lalmachine.com\/wp-content\/uploads\/2021\/03\/IMG_9407-4141eed7-1280x1280.jpg 1280w, https:\/\/lalmachine.com\/wp-content\/uploads\/2021\/03\/IMG_9407-4141eed7-980x980.jpg 980w, https:\/\/lalmachine.com\/wp-content\/uploads\/2021\/03\/IMG_9407-4141eed7-480x480.jpg 480w, https:\/\/lalmachine.com\/wp-content\/uploads\/2021\/03\/IMG_9407-4141eed7-300x300.jpg 300w, https:\/\/lalmachine.com\/wp-content\/uploads\/2021\/03\/IMG_9407-4141eed7-100x100.jpg 100w\" sizes=\"(max-width: 96px) 100vw, 96px\" \/><\/a> <a href=\"https:\/\/lalmachine.com\/wp-content\/uploads\/2021\/03\/IMG_9424-a86c7dbd-scaled.jpg\"><img loading=\"lazy\" decoding=\"async\" width=\"96\" height=\"96\" src=\"https:\/\/lalmachine.com\/wp-content\/uploads\/2021\/03\/IMG_9424-a86c7dbd-150x150.jpg\" class=\"attachment-thumbnail size-thumbnail\" alt=\"\" srcset=\"https:\/\/lalmachine.com\/wp-content\/uploads\/2021\/03\/IMG_9424-a86c7dbd-150x150.jpg 150w, https:\/\/lalmachine.com\/wp-content\/uploads\/2021\/03\/IMG_9424-a86c7dbd-600x600.jpg 600w, https:\/\/lalmachine.com\/wp-content\/uploads\/2021\/03\/IMG_9424-a86c7dbd-1024x1024.jpg 1024w, https:\/\/lalmachine.com\/wp-content\/uploads\/2021\/03\/IMG_9424-a86c7dbd-768x768.jpg 768w, https:\/\/lalmachine.com\/wp-content\/uploads\/2021\/03\/IMG_9424-a86c7dbd-1536x1536.jpg 1536w, https:\/\/lalmachine.com\/wp-content\/uploads\/2021\/03\/IMG_9424-a86c7dbd-2048x2048.jpg 2048w, https:\/\/lalmachine.com\/wp-content\/uploads\/2021\/03\/IMG_9424-a86c7dbd-12x12.jpg 12w, https:\/\/lalmachine.com\/wp-content\/uploads\/2021\/03\/IMG_9424-a86c7dbd-1080x1080.jpg 1080w, https:\/\/lalmachine.com\/wp-content\/uploads\/2021\/03\/IMG_9424-a86c7dbd-1280x1280.jpg 1280w, https:\/\/lalmachine.com\/wp-content\/uploads\/2021\/03\/IMG_9424-a86c7dbd-980x980.jpg 980w, https:\/\/lalmachine.com\/wp-content\/uploads\/2021\/03\/IMG_9424-a86c7dbd-480x480.jpg 480w, https:\/\/lalmachine.com\/wp-content\/uploads\/2021\/03\/IMG_9424-a86c7dbd-300x300.jpg 300w, https:\/\/lalmachine.com\/wp-content\/uploads\/2021\/03\/IMG_9424-a86c7dbd-100x100.jpg 100w\" sizes=\"(max-width: 96px) 100vw, 96px\" \/><\/a> <a href=\"https:\/\/lalmachine.com\/wp-content\/uploads\/2021\/03\/IMG_9410-66daa01b-scaled.jpg\"><img loading=\"lazy\" decoding=\"async\" width=\"96\" height=\"96\" src=\"https:\/\/lalmachine.com\/wp-content\/uploads\/2021\/03\/IMG_9410-66daa01b-150x150.jpg\" class=\"attachment-thumbnail size-thumbnail\" alt=\"\" srcset=\"https:\/\/lalmachine.com\/wp-content\/uploads\/2021\/03\/IMG_9410-66daa01b-150x150.jpg 150w, https:\/\/lalmachine.com\/wp-content\/uploads\/2021\/03\/IMG_9410-66daa01b-600x600.jpg 600w, https:\/\/lalmachine.com\/wp-content\/uploads\/2021\/03\/IMG_9410-66daa01b-1024x1024.jpg 1024w, https:\/\/lalmachine.com\/wp-content\/uploads\/2021\/03\/IMG_9410-66daa01b-768x768.jpg 768w, https:\/\/lalmachine.com\/wp-content\/uploads\/2021\/03\/IMG_9410-66daa01b-1536x1536.jpg 1536w, https:\/\/lalmachine.com\/wp-content\/uploads\/2021\/03\/IMG_9410-66daa01b-2048x2048.jpg 2048w, https:\/\/lalmachine.com\/wp-content\/uploads\/2021\/03\/IMG_9410-66daa01b-12x12.jpg 12w, https:\/\/lalmachine.com\/wp-content\/uploads\/2021\/03\/IMG_9410-66daa01b-1080x1080.jpg 1080w, https:\/\/lalmachine.com\/wp-content\/uploads\/2021\/03\/IMG_9410-66daa01b-1280x1280.jpg 1280w, https:\/\/lalmachine.com\/wp-content\/uploads\/2021\/03\/IMG_9410-66daa01b-980x980.jpg 980w, https:\/\/lalmachine.com\/wp-content\/uploads\/2021\/03\/IMG_9410-66daa01b-480x480.jpg 480w, https:\/\/lalmachine.com\/wp-content\/uploads\/2021\/03\/IMG_9410-66daa01b-300x300.jpg 300w, https:\/\/lalmachine.com\/wp-content\/uploads\/2021\/03\/IMG_9410-66daa01b-100x100.jpg 100w\" sizes=\"(max-width: 96px) 100vw, 96px\" \/><\/a> <a href=\"https:\/\/lalmachine.com\/wp-content\/uploads\/2021\/03\/IMG_9426-6027b272-scaled.jpg\"><img loading=\"lazy\" decoding=\"async\" width=\"96\" height=\"96\" src=\"https:\/\/lalmachine.com\/wp-content\/uploads\/2021\/03\/IMG_9426-6027b272-150x150.jpg\" class=\"attachment-thumbnail size-thumbnail\" alt=\"\" srcset=\"https:\/\/lalmachine.com\/wp-content\/uploads\/2021\/03\/IMG_9426-6027b272-150x150.jpg 150w, https:\/\/lalmachine.com\/wp-content\/uploads\/2021\/03\/IMG_9426-6027b272-11x12.jpg 11w, https:\/\/lalmachine.com\/wp-content\/uploads\/2021\/03\/IMG_9426-6027b272-300x300.jpg 300w, https:\/\/lalmachine.com\/wp-content\/uploads\/2021\/03\/IMG_9426-6027b272-100x100.jpg 100w\" sizes=\"(max-width: 96px) 100vw, 96px\" \/><\/a> <a href=\"https:\/\/lalmachine.com\/wp-content\/uploads\/2021\/03\/IMG_9420-1c7aa845-scaled.jpg\"><img loading=\"lazy\" decoding=\"async\" width=\"96\" height=\"96\" src=\"https:\/\/lalmachine.com\/wp-content\/uploads\/2021\/03\/IMG_9420-1c7aa845-150x150.jpg\" class=\"attachment-thumbnail size-thumbnail\" alt=\"\" srcset=\"https:\/\/lalmachine.com\/wp-content\/uploads\/2021\/03\/IMG_9420-1c7aa845-150x150.jpg 150w, https:\/\/lalmachine.com\/wp-content\/uploads\/2021\/03\/IMG_9420-1c7aa845-600x600.jpg 600w, https:\/\/lalmachine.com\/wp-content\/uploads\/2021\/03\/IMG_9420-1c7aa845-1024x1024.jpg 1024w, https:\/\/lalmachine.com\/wp-content\/uploads\/2021\/03\/IMG_9420-1c7aa845-768x768.jpg 768w, https:\/\/lalmachine.com\/wp-content\/uploads\/2021\/03\/IMG_9420-1c7aa845-1536x1536.jpg 1536w, https:\/\/lalmachine.com\/wp-content\/uploads\/2021\/03\/IMG_9420-1c7aa845-2048x2048.jpg 2048w, https:\/\/lalmachine.com\/wp-content\/uploads\/2021\/03\/IMG_9420-1c7aa845-12x12.jpg 12w, https:\/\/lalmachine.com\/wp-content\/uploads\/2021\/03\/IMG_9420-1c7aa845-1080x1080.jpg 1080w, https:\/\/lalmachine.com\/wp-content\/uploads\/2021\/03\/IMG_9420-1c7aa845-1280x1280.jpg 1280w, https:\/\/lalmachine.com\/wp-content\/uploads\/2021\/03\/IMG_9420-1c7aa845-980x980.jpg 980w, https:\/\/lalmachine.com\/wp-content\/uploads\/2021\/03\/IMG_9420-1c7aa845-480x480.jpg 480w, https:\/\/lalmachine.com\/wp-content\/uploads\/2021\/03\/IMG_9420-1c7aa845-300x300.jpg 300w, https:\/\/lalmachine.com\/wp-content\/uploads\/2021\/03\/IMG_9420-1c7aa845-100x100.jpg 100w\" sizes=\"(max-width: 96px) 100vw, 96px\" \/><\/a> <\/li>        <li class=\"wpuf-field-data wpuf-field-data-numeric_text_field\">\n                            <label>Quantit\u00e9:<\/label>\n                        0        <\/li>\n                <li class=\"wpuf-field-data wpuf-field-data-numeric_text_field\">\n                            <label>Hauteur (cm):<\/label>\n                        22        <\/li>\n                <li class=\"wpuf-field-data wpuf-field-data-numeric_text_field\">\n                            <label>Largeur (cm):<\/label>\n                        22        <\/li>\n                <li class=\"wpuf-field-data wpuf-field-data-numeric_text_field\">\n                            <label>Profondeur (cm):<\/label>\n                        21        <\/li>\n        <\/ul>","protected":false},"excerpt":{"rendered":"<p>Suspension du designer Danois Werner Schou<br \/>\nLa suspension est compose de lamelles en metal noir et de lamelles en cuivre rose. Des pieces en verre constituent des incrustations \u00ab\u00a0diamants\u00a0\u00bb.<br \/>\nLa suspension date des ann\u00e9es 1970.<br \/>\nQuelques rayures \u00e0 noter sur le metal noir et le cuivre est piqu\u00e9 a un endroit , mais cela ne se voit pas lorsque la lampe est install\u00e9e.<br \/>\nTres belle piece<\/p>","protected":false},"featured_media":331120,"template":"","meta":{"_et_pb_use_builder":"","_et_pb_old_content":"","_et_gb_content_width":""},"product_brand":[],"product_cat":[49,91],"product_tag":[],"proximite":[213],"class_list":{"0":"post-47545","1":"product","2":"type-product","3":"status-publish","4":"has-post-thumbnail","6":"product_cat-eclairer","7":"product_cat-suspension-plafonnier","8":"product_shipping_class-encombrant-30-kg","9":"pa_couleur-noir","10":"pa_etat-bon-etat","11":"pa_materiau-metal","12":"pa_style-vintage","13":"proximite-zug","15":"first","16":"outofstock","17":"shipping-taxable","18":"product-type-simple"},"yoast_head":"<!-- This site is optimized with the Yoast SEO plugin v27.4 - https:\/\/yoast.com\/product\/yoast-seo-wordpress\/ -->\n<title>Suspension de Werner Schou | lalmachine.com<\/title>\n<meta name=\"description\" content=\"Suspension du designer Danois Werner Schou\" \/>\n<meta name=\"robots\" content=\"index, follow, max-snippet:-1, max-image-preview:large, max-video-preview:-1\" \/>\n<link rel=\"canonical\" href=\"https:\/\/lalmachine.com\/de\/shop\/eclairer\/suspension-plafonnier\/suspension-de-werner-schou\/\" \/>\n<meta property=\"og:locale\" content=\"de_DE\" \/>\n<meta property=\"og:type\" content=\"article\" \/>\n<meta property=\"og:title\" content=\"Suspension de Werner Schou | lalmachine.com\" \/>\n<meta property=\"og:description\" content=\"Suspension du designer Danois Werner Schou\" \/>\n<meta property=\"og:url\" content=\"https:\/\/lalmachine.com\/de\/shop\/eclairer\/suspension-plafonnier\/suspension-de-werner-schou\/\" \/>\n<meta property=\"og:site_name\" content=\"lalmachine.com\" \/>\n<meta property=\"article:publisher\" content=\"https:\/\/facebook.com\/lalmachine\" \/>\n<meta property=\"article:modified_time\" content=\"2024-12-05T20:51:02+00:00\" \/>\n<meta name=\"twitter:card\" content=\"summary_large_image\" \/>\n<script type=\"application\/ld+json\" class=\"yoast-schema-graph\">{\"@context\":\"https:\\\/\\\/schema.org\",\"@graph\":[{\"@type\":\"WebPage\",\"@id\":\"https:\\\/\\\/lalmachine.com\\\/shop\\\/eclairer\\\/suspension-plafonnier\\\/suspension-de-werner-schou\\\/\",\"url\":\"https:\\\/\\\/lalmachine.com\\\/shop\\\/eclairer\\\/suspension-plafonnier\\\/suspension-de-werner-schou\\\/\",\"name\":\"Suspension de Werner Schou | lalmachine.com\",\"isPartOf\":{\"@id\":\"https:\\\/\\\/lalmachine.com\\\/#website\"},\"primaryImageOfPage\":{\"@id\":\"https:\\\/\\\/lalmachine.com\\\/shop\\\/eclairer\\\/suspension-plafonnier\\\/suspension-de-werner-schou\\\/#primaryimage\"},\"image\":{\"@id\":\"https:\\\/\\\/lalmachine.com\\\/shop\\\/eclairer\\\/suspension-plafonnier\\\/suspension-de-werner-schou\\\/#primaryimage\"},\"thumbnailUrl\":\"https:\\\/\\\/lalmachine.com\\\/wp-content\\\/uploads\\\/2019\\\/03\\\/IMG_5976.heic\",\"datePublished\":\"2021-03-29T08:03:36+00:00\",\"dateModified\":\"2024-12-05T20:51:02+00:00\",\"description\":\"Suspension du designer Danois Werner Schou\",\"breadcrumb\":{\"@id\":\"https:\\\/\\\/lalmachine.com\\\/shop\\\/eclairer\\\/suspension-plafonnier\\\/suspension-de-werner-schou\\\/#breadcrumb\"},\"inLanguage\":\"de\",\"potentialAction\":[{\"@type\":\"ReadAction\",\"target\":[\"https:\\\/\\\/lalmachine.com\\\/shop\\\/eclairer\\\/suspension-plafonnier\\\/suspension-de-werner-schou\\\/\"]}]},{\"@type\":\"ImageObject\",\"inLanguage\":\"de\",\"@id\":\"https:\\\/\\\/lalmachine.com\\\/shop\\\/eclairer\\\/suspension-plafonnier\\\/suspension-de-werner-schou\\\/#primaryimage\",\"url\":\"https:\\\/\\\/lalmachine.com\\\/wp-content\\\/uploads\\\/2019\\\/03\\\/IMG_5976.heic\",\"contentUrl\":\"https:\\\/\\\/lalmachine.com\\\/wp-content\\\/uploads\\\/2019\\\/03\\\/IMG_5976.heic\"},{\"@type\":\"BreadcrumbList\",\"@id\":\"https:\\\/\\\/lalmachine.com\\\/shop\\\/eclairer\\\/suspension-plafonnier\\\/suspension-de-werner-schou\\\/#breadcrumb\",\"itemListElement\":[{\"@type\":\"ListItem\",\"position\":1,\"name\":\"Accueil\",\"item\":\"https:\\\/\\\/lalmachine.com\\\/\"},{\"@type\":\"ListItem\",\"position\":2,\"name\":\"Shop\",\"item\":\"https:\\\/\\\/lalmachine.com\\\/shop\\\/\"},{\"@type\":\"ListItem\",\"position\":3,\"name\":\"Suspension de Werner Schou\"}]},{\"@type\":\"WebSite\",\"@id\":\"https:\\\/\\\/lalmachine.com\\\/#website\",\"url\":\"https:\\\/\\\/lalmachine.com\\\/\",\"name\":\"lalmachine.com\",\"description\":\"Brocante en ligne Suisse | Mobilier et objets d\u00e9co vintage et design\",\"potentialAction\":[{\"@type\":\"SearchAction\",\"target\":{\"@type\":\"EntryPoint\",\"urlTemplate\":\"https:\\\/\\\/lalmachine.com\\\/?s={search_term_string}\"},\"query-input\":{\"@type\":\"PropertyValueSpecification\",\"valueRequired\":true,\"valueName\":\"search_term_string\"}}],\"inLanguage\":\"de\"}]}<\/script>\n<!-- \/ Yoast SEO plugin. -->","yoast_head_json":{"title":"Suspension de Werner Schou | lalmachine.com","description":"Suspension du designer Danois Werner Schou","robots":{"index":"index","follow":"follow","max-snippet":"max-snippet:-1","max-image-preview":"max-image-preview:large","max-video-preview":"max-video-preview:-1"},"canonical":"https:\/\/lalmachine.com\/de\/shop\/eclairer\/suspension-plafonnier\/suspension-de-werner-schou\/","og_locale":"de_DE","og_type":"article","og_title":"Suspension de Werner Schou | lalmachine.com","og_description":"Suspension du designer Danois Werner Schou","og_url":"https:\/\/lalmachine.com\/de\/shop\/eclairer\/suspension-plafonnier\/suspension-de-werner-schou\/","og_site_name":"lalmachine.com","article_publisher":"https:\/\/facebook.com\/lalmachine","article_modified_time":"2024-12-05T20:51:02+00:00","twitter_card":"summary_large_image","schema":{"@context":"https:\/\/schema.org","@graph":[{"@type":"WebPage","@id":"https:\/\/lalmachine.com\/shop\/eclairer\/suspension-plafonnier\/suspension-de-werner-schou\/","url":"https:\/\/lalmachine.com\/shop\/eclairer\/suspension-plafonnier\/suspension-de-werner-schou\/","name":"Suspension de Werner Schou | lalmachine.com","isPartOf":{"@id":"https:\/\/lalmachine.com\/#website"},"primaryImageOfPage":{"@id":"https:\/\/lalmachine.com\/shop\/eclairer\/suspension-plafonnier\/suspension-de-werner-schou\/#primaryimage"},"image":{"@id":"https:\/\/lalmachine.com\/shop\/eclairer\/suspension-plafonnier\/suspension-de-werner-schou\/#primaryimage"},"thumbnailUrl":"https:\/\/lalmachine.com\/wp-content\/uploads\/2019\/03\/IMG_5976.heic","datePublished":"2021-03-29T08:03:36+00:00","dateModified":"2024-12-05T20:51:02+00:00","description":"Suspension du designer Danois Werner Schou","breadcrumb":{"@id":"https:\/\/lalmachine.com\/shop\/eclairer\/suspension-plafonnier\/suspension-de-werner-schou\/#breadcrumb"},"inLanguage":"de","potentialAction":[{"@type":"ReadAction","target":["https:\/\/lalmachine.com\/shop\/eclairer\/suspension-plafonnier\/suspension-de-werner-schou\/"]}]},{"@type":"ImageObject","inLanguage":"de","@id":"https:\/\/lalmachine.com\/shop\/eclairer\/suspension-plafonnier\/suspension-de-werner-schou\/#primaryimage","url":"https:\/\/lalmachine.com\/wp-content\/uploads\/2019\/03\/IMG_5976.heic","contentUrl":"https:\/\/lalmachine.com\/wp-content\/uploads\/2019\/03\/IMG_5976.heic"},{"@type":"BreadcrumbList","@id":"https:\/\/lalmachine.com\/shop\/eclairer\/suspension-plafonnier\/suspension-de-werner-schou\/#breadcrumb","itemListElement":[{"@type":"ListItem","position":1,"name":"Accueil","item":"https:\/\/lalmachine.com\/"},{"@type":"ListItem","position":2,"name":"Shop","item":"https:\/\/lalmachine.com\/shop\/"},{"@type":"ListItem","position":3,"name":"Suspension de Werner Schou"}]},{"@type":"WebSite","@id":"https:\/\/lalmachine.com\/#website","url":"https:\/\/lalmachine.com\/","name":"lalmachine.com","description":"Brocante en ligne Suisse | Mobilier et objets d\u00e9co vintage et design","potentialAction":[{"@type":"SearchAction","target":{"@type":"EntryPoint","urlTemplate":"https:\/\/lalmachine.com\/?s={search_term_string}"},"query-input":{"@type":"PropertyValueSpecification","valueRequired":true,"valueName":"search_term_string"}}],"inLanguage":"de"}]}},"_links":{"self":[{"href":"https:\/\/lalmachine.com\/de\/wp-json\/wp\/v2\/product\/47545","targetHints":{"allow":["GET"]}}],"collection":[{"href":"https:\/\/lalmachine.com\/de\/wp-json\/wp\/v2\/product"}],"about":[{"href":"https:\/\/lalmachine.com\/de\/wp-json\/wp\/v2\/types\/product"}],"wp:featuredmedia":[{"embeddable":true,"href":"https:\/\/lalmachine.com\/de\/wp-json\/wp\/v2\/media\/331120"}],"wp:attachment":[{"href":"https:\/\/lalmachine.com\/de\/wp-json\/wp\/v2\/media?parent=47545"}],"wp:term":[{"taxonomy":"product_brand","embeddable":true,"href":"https:\/\/lalmachine.com\/de\/wp-json\/wp\/v2\/product_brand?post=47545"},{"taxonomy":"product_cat","embeddable":true,"href":"https:\/\/lalmachine.com\/de\/wp-json\/wp\/v2\/product_cat?post=47545"},{"taxonomy":"product_tag","embeddable":true,"href":"https:\/\/lalmachine.com\/de\/wp-json\/wp\/v2\/product_tag?post=47545"},{"taxonomy":"proximite","embeddable":true,"href":"https:\/\/lalmachine.com\/de\/wp-json\/wp\/v2\/proximite?post=47545"}],"curies":[{"name":"wp","href":"https:\/\/api.w.org\/{rel}","templated":true}]}}