{"id":49074,"date":"2023-10-25T16:07:55","date_gmt":"2023-10-25T14:07:55","guid":{"rendered":"https:\/\/lalmachine.com\/?post_type=product&#038;p=49074"},"modified":"2024-12-05T21:51:03","modified_gmt":"2024-12-05T20:51:03","slug":"eros","status":"publish","type":"product","link":"https:\/\/lalmachine.com\/de\/shop\/decorer\/art-and-co\/eros\/","title":{"rendered":"\u00c9ros"},"content":{"rendered":"<ul class=\"wpuf_customs\"><li style=\"list-style-type:none;\"><label>Autres photos:<\/label> <a href=\"https:\/\/lalmachine.com\/wp-content\/uploads\/2021\/04\/5C066852-26FD-4FEA-923D-25740721702C-19074067-scaled.jpeg\"><img loading=\"lazy\" decoding=\"async\" width=\"96\" height=\"96\" src=\"https:\/\/lalmachine.com\/wp-content\/uploads\/2021\/04\/5C066852-26FD-4FEA-923D-25740721702C-19074067-150x150.jpeg\" class=\"attachment-thumbnail size-thumbnail\" alt=\"\" srcset=\"https:\/\/lalmachine.com\/wp-content\/uploads\/2021\/04\/5C066852-26FD-4FEA-923D-25740721702C-19074067-150x150.jpeg 150w, https:\/\/lalmachine.com\/wp-content\/uploads\/2021\/04\/5C066852-26FD-4FEA-923D-25740721702C-19074067-300x300.jpeg 300w, https:\/\/lalmachine.com\/wp-content\/uploads\/2021\/04\/5C066852-26FD-4FEA-923D-25740721702C-19074067-100x100.jpeg 100w\" sizes=\"(max-width: 96px) 100vw, 96px\" \/><\/a> <a href=\"https:\/\/lalmachine.com\/wp-content\/uploads\/2021\/04\/DE2CDCFE-1879-441F-A488-1F948A148648-59434e20-scaled.jpeg\"><img loading=\"lazy\" decoding=\"async\" width=\"96\" height=\"96\" src=\"https:\/\/lalmachine.com\/wp-content\/uploads\/2021\/04\/DE2CDCFE-1879-441F-A488-1F948A148648-59434e20-150x150.jpeg\" class=\"attachment-thumbnail size-thumbnail\" alt=\"\" srcset=\"https:\/\/lalmachine.com\/wp-content\/uploads\/2021\/04\/DE2CDCFE-1879-441F-A488-1F948A148648-59434e20-150x150.jpeg 150w, https:\/\/lalmachine.com\/wp-content\/uploads\/2021\/04\/DE2CDCFE-1879-441F-A488-1F948A148648-59434e20-300x300.jpeg 300w, https:\/\/lalmachine.com\/wp-content\/uploads\/2021\/04\/DE2CDCFE-1879-441F-A488-1F948A148648-59434e20-100x100.jpeg 100w\" sizes=\"(max-width: 96px) 100vw, 96px\" \/><\/a> <a href=\"https:\/\/lalmachine.com\/wp-content\/uploads\/2021\/04\/38442774-1439-4F3C-BEC1-07EDAF545332-87243f48-scaled.jpeg\"><img loading=\"lazy\" decoding=\"async\" width=\"96\" height=\"96\" src=\"https:\/\/lalmachine.com\/wp-content\/uploads\/2021\/04\/38442774-1439-4F3C-BEC1-07EDAF545332-87243f48-150x150.jpeg\" class=\"attachment-thumbnail size-thumbnail\" alt=\"\" srcset=\"https:\/\/lalmachine.com\/wp-content\/uploads\/2021\/04\/38442774-1439-4F3C-BEC1-07EDAF545332-87243f48-150x150.jpeg 150w, https:\/\/lalmachine.com\/wp-content\/uploads\/2021\/04\/38442774-1439-4F3C-BEC1-07EDAF545332-87243f48-300x300.jpeg 300w, https:\/\/lalmachine.com\/wp-content\/uploads\/2021\/04\/38442774-1439-4F3C-BEC1-07EDAF545332-87243f48-100x100.jpeg 100w\" sizes=\"(max-width: 96px) 100vw, 96px\" \/><\/a> <a href=\"https:\/\/lalmachine.com\/wp-content\/uploads\/2021\/04\/EC7DBA7A-FB8E-416B-8577-ABC5D0470FF6-4f0677e1-scaled.jpeg\"><img loading=\"lazy\" decoding=\"async\" width=\"96\" height=\"96\" src=\"https:\/\/lalmachine.com\/wp-content\/uploads\/2021\/04\/EC7DBA7A-FB8E-416B-8577-ABC5D0470FF6-4f0677e1-150x150.jpeg\" class=\"attachment-thumbnail size-thumbnail\" alt=\"\" srcset=\"https:\/\/lalmachine.com\/wp-content\/uploads\/2021\/04\/EC7DBA7A-FB8E-416B-8577-ABC5D0470FF6-4f0677e1-150x150.jpeg 150w, https:\/\/lalmachine.com\/wp-content\/uploads\/2021\/04\/EC7DBA7A-FB8E-416B-8577-ABC5D0470FF6-4f0677e1-300x300.jpeg 300w, https:\/\/lalmachine.com\/wp-content\/uploads\/2021\/04\/EC7DBA7A-FB8E-416B-8577-ABC5D0470FF6-4f0677e1-100x100.jpeg 100w\" sizes=\"(max-width: 96px) 100vw, 96px\" \/><\/a> <a href=\"https:\/\/lalmachine.com\/wp-content\/uploads\/2021\/04\/82D35F72-0F68-4FFC-8ADE-7D0B08CAD721-bd87ea45-scaled.jpeg\"><img loading=\"lazy\" decoding=\"async\" width=\"96\" height=\"96\" src=\"https:\/\/lalmachine.com\/wp-content\/uploads\/2021\/04\/82D35F72-0F68-4FFC-8ADE-7D0B08CAD721-bd87ea45-150x150.jpeg\" class=\"attachment-thumbnail size-thumbnail\" alt=\"\" srcset=\"https:\/\/lalmachine.com\/wp-content\/uploads\/2021\/04\/82D35F72-0F68-4FFC-8ADE-7D0B08CAD721-bd87ea45-150x150.jpeg 150w, https:\/\/lalmachine.com\/wp-content\/uploads\/2021\/04\/82D35F72-0F68-4FFC-8ADE-7D0B08CAD721-bd87ea45-300x300.jpeg 300w, https:\/\/lalmachine.com\/wp-content\/uploads\/2021\/04\/82D35F72-0F68-4FFC-8ADE-7D0B08CAD721-bd87ea45-100x100.jpeg 100w\" sizes=\"(max-width: 96px) 100vw, 96px\" \/><\/a> <\/li>        <li class=\"wpuf-field-data wpuf-field-data-numeric_text_field\">\n                            <label>Prix:<\/label>\n                        120        <\/li>\n                <li class=\"wpuf-field-data wpuf-field-data-numeric_text_field\">\n                            <label>Quantit\u00e9:<\/label>\n                        0        <\/li>\n                <li class=\"wpuf-field-data wpuf-field-data-numeric_text_field\">\n                            <label>Hauteur (cm):<\/label>\n                        52        <\/li>\n                <li class=\"wpuf-field-data wpuf-field-data-numeric_text_field\">\n                            <label>Largeur (cm):<\/label>\n                        67        <\/li>\n                <li class=\"wpuf-field-data wpuf-field-data-numeric_text_field\">\n                            <label>Profondeur (cm):<\/label>\n                        3        <\/li>\n        <\/ul>","protected":false},"excerpt":{"rendered":"<p>Tableau \u00e9rotique travaill\u00e9 au pochoir et en spray date 1973, sign\u00e9 Daniel Skira<br \/>\n\u0152uvre minimaliste et os\u00e9e pour ceux qui n\u2019ont pas froid aux yeux \ud83d\ude09<\/p>\n<p>Tr\u00e8s bon \u00e9tat, encadrement professionnel<\/p>","protected":false},"featured_media":49172,"template":"","meta":{"_et_pb_use_builder":"","_et_pb_old_content":"","_et_gb_content_width":""},"product_brand":[],"product_cat":[365,50],"product_tag":[],"proximite":[180],"class_list":{"0":"post-49074","1":"product","2":"type-product","3":"status-publish","4":"has-post-thumbnail","6":"product_cat-art-and-co","7":"product_cat-decorer","8":"product_shipping_class-10-30-kg","9":"pa_couleur-blanc","10":"pa_etat-tres-bon-etat","11":"pa_materiau-papier-carton","12":"pa_style-vintage","13":"proximite-geneve","15":"first","16":"outofstock","17":"shipping-taxable","18":"purchasable","19":"product-type-simple"},"yoast_head":"<!-- This site is optimized with the Yoast SEO plugin v27.3 - https:\/\/yoast.com\/product\/yoast-seo-wordpress\/ -->\n<title>\u00c9ros | lalmachine.com, mobilier et objets d\u00e9co vintage et design<\/title>\n<meta name=\"description\" content=\"Tableau \u00e9rotique travaill\u00e9 au pochoir et en spray date 1973, sign\u00e9 Daniel Skira\u0152uvre minimaliste et os\u00e9e pour ceux qui n\u2019ont pas froid aux yeux ;)Tr\u00e8s bon \u00e9tat, encadrement professionnel\" \/>\n<meta name=\"robots\" content=\"index, follow, max-snippet:-1, max-image-preview:large, max-video-preview:-1\" \/>\n<link rel=\"canonical\" href=\"https:\/\/lalmachine.com\/de\/shop\/decorer\/art-and-co\/eros\/\" \/>\n<meta property=\"og:locale\" content=\"de_DE\" \/>\n<meta property=\"og:type\" content=\"article\" \/>\n<meta property=\"og:title\" content=\"\u00c9ros | lalmachine.com, mobilier et objets d\u00e9co vintage et design\" \/>\n<meta property=\"og:description\" content=\"Tableau \u00e9rotique travaill\u00e9 au pochoir et en spray date 1973, sign\u00e9 Daniel Skira\u0152uvre minimaliste et os\u00e9e pour ceux qui n\u2019ont pas froid aux yeux ;)Tr\u00e8s bon \u00e9tat, encadrement professionnel\" \/>\n<meta property=\"og:url\" content=\"https:\/\/lalmachine.com\/de\/shop\/decorer\/art-and-co\/eros\/\" \/>\n<meta property=\"og:site_name\" content=\"lalmachine.com\" \/>\n<meta property=\"article:publisher\" content=\"https:\/\/facebook.com\/lalmachine\" \/>\n<meta property=\"article:modified_time\" content=\"2024-12-05T20:51:03+00:00\" \/>\n<meta property=\"og:image\" content=\"https:\/\/lalmachine.com\/wp-content\/uploads\/2021\/04\/Pasted-20210408-075519_clipped_rev_1-scaled.jpeg\" \/>\n\t<meta property=\"og:image:width\" content=\"2560\" \/>\n\t<meta property=\"og:image:height\" content=\"2560\" \/>\n\t<meta property=\"og:image:type\" content=\"image\/jpeg\" \/>\n<meta name=\"twitter:card\" content=\"summary_large_image\" \/>\n<script type=\"application\/ld+json\" class=\"yoast-schema-graph\">{\"@context\":\"https:\\\/\\\/schema.org\",\"@graph\":[{\"@type\":\"WebPage\",\"@id\":\"https:\\\/\\\/lalmachine.com\\\/shop\\\/decorer\\\/art-and-co\\\/eros\\\/\",\"url\":\"https:\\\/\\\/lalmachine.com\\\/shop\\\/decorer\\\/art-and-co\\\/eros\\\/\",\"name\":\"\u00c9ros | lalmachine.com, mobilier et objets d\u00e9co vintage et design\",\"isPartOf\":{\"@id\":\"https:\\\/\\\/lalmachine.com\\\/#website\"},\"primaryImageOfPage\":{\"@id\":\"https:\\\/\\\/lalmachine.com\\\/shop\\\/decorer\\\/art-and-co\\\/eros\\\/#primaryimage\"},\"image\":{\"@id\":\"https:\\\/\\\/lalmachine.com\\\/shop\\\/decorer\\\/art-and-co\\\/eros\\\/#primaryimage\"},\"thumbnailUrl\":\"https:\\\/\\\/lalmachine.com\\\/wp-content\\\/uploads\\\/2021\\\/04\\\/Pasted-20210408-075519_clipped_rev_1-scaled.jpeg\",\"datePublished\":\"2023-10-25T14:07:55+00:00\",\"dateModified\":\"2024-12-05T20:51:03+00:00\",\"description\":\"Tableau \u00e9rotique travaill\u00e9 au pochoir et en spray date 1973, sign\u00e9 Daniel Skira\u0152uvre minimaliste et os\u00e9e pour ceux qui n\u2019ont pas froid aux yeux ;)Tr\u00e8s bon \u00e9tat, encadrement professionnel\",\"breadcrumb\":{\"@id\":\"https:\\\/\\\/lalmachine.com\\\/shop\\\/decorer\\\/art-and-co\\\/eros\\\/#breadcrumb\"},\"inLanguage\":\"de\",\"potentialAction\":[{\"@type\":\"ReadAction\",\"target\":[\"https:\\\/\\\/lalmachine.com\\\/shop\\\/decorer\\\/art-and-co\\\/eros\\\/\"]}]},{\"@type\":\"ImageObject\",\"inLanguage\":\"de\",\"@id\":\"https:\\\/\\\/lalmachine.com\\\/shop\\\/decorer\\\/art-and-co\\\/eros\\\/#primaryimage\",\"url\":\"https:\\\/\\\/lalmachine.com\\\/wp-content\\\/uploads\\\/2021\\\/04\\\/Pasted-20210408-075519_clipped_rev_1-scaled.jpeg\",\"contentUrl\":\"https:\\\/\\\/lalmachine.com\\\/wp-content\\\/uploads\\\/2021\\\/04\\\/Pasted-20210408-075519_clipped_rev_1-scaled.jpeg\",\"width\":2560,\"height\":2560,\"caption\":\"Eros\"},{\"@type\":\"BreadcrumbList\",\"@id\":\"https:\\\/\\\/lalmachine.com\\\/shop\\\/decorer\\\/art-and-co\\\/eros\\\/#breadcrumb\",\"itemListElement\":[{\"@type\":\"ListItem\",\"position\":1,\"name\":\"Accueil\",\"item\":\"https:\\\/\\\/lalmachine.com\\\/\"},{\"@type\":\"ListItem\",\"position\":2,\"name\":\"Shop\",\"item\":\"https:\\\/\\\/lalmachine.com\\\/shop\\\/\"},{\"@type\":\"ListItem\",\"position\":3,\"name\":\"\u00c9ros\"}]},{\"@type\":\"WebSite\",\"@id\":\"https:\\\/\\\/lalmachine.com\\\/#website\",\"url\":\"https:\\\/\\\/lalmachine.com\\\/\",\"name\":\"lalmachine.com\",\"description\":\"Brocante en ligne Suisse | Mobilier et objets d\u00e9co vintage et design\",\"potentialAction\":[{\"@type\":\"SearchAction\",\"target\":{\"@type\":\"EntryPoint\",\"urlTemplate\":\"https:\\\/\\\/lalmachine.com\\\/?s={search_term_string}\"},\"query-input\":{\"@type\":\"PropertyValueSpecification\",\"valueRequired\":true,\"valueName\":\"search_term_string\"}}],\"inLanguage\":\"de\"}]}<\/script>\n<!-- \/ Yoast SEO plugin. -->","yoast_head_json":{"title":"\u00c9ros | lalmachine.com, mobilier et objets d\u00e9co vintage et design","description":"Tableau \u00e9rotique travaill\u00e9 au pochoir et en spray date 1973, sign\u00e9 Daniel Skira\u0152uvre minimaliste et os\u00e9e pour ceux qui n\u2019ont pas froid aux yeux ;)Tr\u00e8s bon \u00e9tat, encadrement professionnel","robots":{"index":"index","follow":"follow","max-snippet":"max-snippet:-1","max-image-preview":"max-image-preview:large","max-video-preview":"max-video-preview:-1"},"canonical":"https:\/\/lalmachine.com\/de\/shop\/decorer\/art-and-co\/eros\/","og_locale":"de_DE","og_type":"article","og_title":"\u00c9ros | lalmachine.com, mobilier et objets d\u00e9co vintage et design","og_description":"Tableau \u00e9rotique travaill\u00e9 au pochoir et en spray date 1973, sign\u00e9 Daniel Skira\u0152uvre minimaliste et os\u00e9e pour ceux qui n\u2019ont pas froid aux yeux ;)Tr\u00e8s bon \u00e9tat, encadrement professionnel","og_url":"https:\/\/lalmachine.com\/de\/shop\/decorer\/art-and-co\/eros\/","og_site_name":"lalmachine.com","article_publisher":"https:\/\/facebook.com\/lalmachine","article_modified_time":"2024-12-05T20:51:03+00:00","og_image":[{"width":2560,"height":2560,"url":"https:\/\/lalmachine.com\/wp-content\/uploads\/2021\/04\/Pasted-20210408-075519_clipped_rev_1-scaled.jpeg","type":"image\/jpeg"}],"twitter_card":"summary_large_image","schema":{"@context":"https:\/\/schema.org","@graph":[{"@type":"WebPage","@id":"https:\/\/lalmachine.com\/shop\/decorer\/art-and-co\/eros\/","url":"https:\/\/lalmachine.com\/shop\/decorer\/art-and-co\/eros\/","name":"\u00c9ros | lalmachine.com, mobilier et objets d\u00e9co vintage et design","isPartOf":{"@id":"https:\/\/lalmachine.com\/#website"},"primaryImageOfPage":{"@id":"https:\/\/lalmachine.com\/shop\/decorer\/art-and-co\/eros\/#primaryimage"},"image":{"@id":"https:\/\/lalmachine.com\/shop\/decorer\/art-and-co\/eros\/#primaryimage"},"thumbnailUrl":"https:\/\/lalmachine.com\/wp-content\/uploads\/2021\/04\/Pasted-20210408-075519_clipped_rev_1-scaled.jpeg","datePublished":"2023-10-25T14:07:55+00:00","dateModified":"2024-12-05T20:51:03+00:00","description":"Tableau \u00e9rotique travaill\u00e9 au pochoir et en spray date 1973, sign\u00e9 Daniel Skira\u0152uvre minimaliste et os\u00e9e pour ceux qui n\u2019ont pas froid aux yeux ;)Tr\u00e8s bon \u00e9tat, encadrement professionnel","breadcrumb":{"@id":"https:\/\/lalmachine.com\/shop\/decorer\/art-and-co\/eros\/#breadcrumb"},"inLanguage":"de","potentialAction":[{"@type":"ReadAction","target":["https:\/\/lalmachine.com\/shop\/decorer\/art-and-co\/eros\/"]}]},{"@type":"ImageObject","inLanguage":"de","@id":"https:\/\/lalmachine.com\/shop\/decorer\/art-and-co\/eros\/#primaryimage","url":"https:\/\/lalmachine.com\/wp-content\/uploads\/2021\/04\/Pasted-20210408-075519_clipped_rev_1-scaled.jpeg","contentUrl":"https:\/\/lalmachine.com\/wp-content\/uploads\/2021\/04\/Pasted-20210408-075519_clipped_rev_1-scaled.jpeg","width":2560,"height":2560,"caption":"Eros"},{"@type":"BreadcrumbList","@id":"https:\/\/lalmachine.com\/shop\/decorer\/art-and-co\/eros\/#breadcrumb","itemListElement":[{"@type":"ListItem","position":1,"name":"Accueil","item":"https:\/\/lalmachine.com\/"},{"@type":"ListItem","position":2,"name":"Shop","item":"https:\/\/lalmachine.com\/shop\/"},{"@type":"ListItem","position":3,"name":"\u00c9ros"}]},{"@type":"WebSite","@id":"https:\/\/lalmachine.com\/#website","url":"https:\/\/lalmachine.com\/","name":"lalmachine.com","description":"Brocante en ligne Suisse | Mobilier et objets d\u00e9co vintage et design","potentialAction":[{"@type":"SearchAction","target":{"@type":"EntryPoint","urlTemplate":"https:\/\/lalmachine.com\/?s={search_term_string}"},"query-input":{"@type":"PropertyValueSpecification","valueRequired":true,"valueName":"search_term_string"}}],"inLanguage":"de"}]}},"_links":{"self":[{"href":"https:\/\/lalmachine.com\/de\/wp-json\/wp\/v2\/product\/49074","targetHints":{"allow":["GET"]}}],"collection":[{"href":"https:\/\/lalmachine.com\/de\/wp-json\/wp\/v2\/product"}],"about":[{"href":"https:\/\/lalmachine.com\/de\/wp-json\/wp\/v2\/types\/product"}],"wp:featuredmedia":[{"embeddable":true,"href":"https:\/\/lalmachine.com\/de\/wp-json\/wp\/v2\/media\/49172"}],"wp:attachment":[{"href":"https:\/\/lalmachine.com\/de\/wp-json\/wp\/v2\/media?parent=49074"}],"wp:term":[{"taxonomy":"product_brand","embeddable":true,"href":"https:\/\/lalmachine.com\/de\/wp-json\/wp\/v2\/product_brand?post=49074"},{"taxonomy":"product_cat","embeddable":true,"href":"https:\/\/lalmachine.com\/de\/wp-json\/wp\/v2\/product_cat?post=49074"},{"taxonomy":"product_tag","embeddable":true,"href":"https:\/\/lalmachine.com\/de\/wp-json\/wp\/v2\/product_tag?post=49074"},{"taxonomy":"proximite","embeddable":true,"href":"https:\/\/lalmachine.com\/de\/wp-json\/wp\/v2\/proximite?post=49074"}],"curies":[{"name":"wp","href":"https:\/\/api.w.org\/{rel}","templated":true}]}}