{"id":49301,"date":"2021-04-11T10:10:39","date_gmt":"2021-04-11T08:10:39","guid":{"rendered":"https:\/\/lalmachine.com\/?post_type=product&#038;p=49301"},"modified":"2024-12-05T21:51:05","modified_gmt":"2024-12-05T20:51:05","slug":"table-basse-mosaique-7","status":"publish","type":"product","link":"https:\/\/lalmachine.com\/de\/shop\/meubler\/table\/table-basse-mosaique-7\/","title":{"rendered":"Table basse mosa\u00efque"},"content":{"rendered":"<ul class=\"wpuf_customs\"><li style=\"list-style-type:none;\"><label>Autres photos:<\/label> <a href=\"https:\/\/lalmachine.com\/wp-content\/uploads\/2021\/04\/86ADDAB4-D07C-46D5-9E04-350D39395706-3c1ad09c-scaled.jpeg\"><img loading=\"lazy\" decoding=\"async\" width=\"96\" height=\"96\" src=\"https:\/\/lalmachine.com\/wp-content\/uploads\/2021\/04\/86ADDAB4-D07C-46D5-9E04-350D39395706-3c1ad09c-150x150.jpeg\" class=\"attachment-thumbnail size-thumbnail\" alt=\"\" srcset=\"https:\/\/lalmachine.com\/wp-content\/uploads\/2021\/04\/86ADDAB4-D07C-46D5-9E04-350D39395706-3c1ad09c-150x150.jpeg 150w, https:\/\/lalmachine.com\/wp-content\/uploads\/2021\/04\/86ADDAB4-D07C-46D5-9E04-350D39395706-3c1ad09c-300x300.jpeg 300w, https:\/\/lalmachine.com\/wp-content\/uploads\/2021\/04\/86ADDAB4-D07C-46D5-9E04-350D39395706-3c1ad09c-100x100.jpeg 100w\" sizes=\"(max-width: 96px) 100vw, 96px\" \/><\/a> <a href=\"https:\/\/lalmachine.com\/wp-content\/uploads\/2021\/04\/CACC9EA7-2B60-4797-80BE-A06040C63894-3182b205-scaled.jpeg\"><img loading=\"lazy\" decoding=\"async\" width=\"96\" height=\"96\" src=\"https:\/\/lalmachine.com\/wp-content\/uploads\/2021\/04\/CACC9EA7-2B60-4797-80BE-A06040C63894-3182b205-150x150.jpeg\" class=\"attachment-thumbnail size-thumbnail\" alt=\"\" srcset=\"https:\/\/lalmachine.com\/wp-content\/uploads\/2021\/04\/CACC9EA7-2B60-4797-80BE-A06040C63894-3182b205-150x150.jpeg 150w, https:\/\/lalmachine.com\/wp-content\/uploads\/2021\/04\/CACC9EA7-2B60-4797-80BE-A06040C63894-3182b205-300x300.jpeg 300w, https:\/\/lalmachine.com\/wp-content\/uploads\/2021\/04\/CACC9EA7-2B60-4797-80BE-A06040C63894-3182b205-100x100.jpeg 100w\" sizes=\"(max-width: 96px) 100vw, 96px\" \/><\/a> <a href=\"https:\/\/lalmachine.com\/wp-content\/uploads\/2021\/04\/8492630D-40CA-4416-B613-7B8ED6BF9571-76fa768a-scaled.jpeg\"><img loading=\"lazy\" decoding=\"async\" width=\"96\" height=\"96\" src=\"https:\/\/lalmachine.com\/wp-content\/uploads\/2021\/04\/8492630D-40CA-4416-B613-7B8ED6BF9571-76fa768a-150x150.jpeg\" class=\"attachment-thumbnail size-thumbnail\" alt=\"\" srcset=\"https:\/\/lalmachine.com\/wp-content\/uploads\/2021\/04\/8492630D-40CA-4416-B613-7B8ED6BF9571-76fa768a-150x150.jpeg 150w, https:\/\/lalmachine.com\/wp-content\/uploads\/2021\/04\/8492630D-40CA-4416-B613-7B8ED6BF9571-76fa768a-300x300.jpeg 300w, https:\/\/lalmachine.com\/wp-content\/uploads\/2021\/04\/8492630D-40CA-4416-B613-7B8ED6BF9571-76fa768a-100x100.jpeg 100w\" sizes=\"(max-width: 96px) 100vw, 96px\" \/><\/a> <a href=\"https:\/\/lalmachine.com\/wp-content\/uploads\/2021\/04\/02A24013-966F-46CE-8FAF-F06A7B302388-87477a6a-scaled.jpeg\"><img loading=\"lazy\" decoding=\"async\" width=\"96\" height=\"96\" src=\"https:\/\/lalmachine.com\/wp-content\/uploads\/2021\/04\/02A24013-966F-46CE-8FAF-F06A7B302388-87477a6a-150x150.jpeg\" class=\"attachment-thumbnail size-thumbnail\" alt=\"\" srcset=\"https:\/\/lalmachine.com\/wp-content\/uploads\/2021\/04\/02A24013-966F-46CE-8FAF-F06A7B302388-87477a6a-150x150.jpeg 150w, https:\/\/lalmachine.com\/wp-content\/uploads\/2021\/04\/02A24013-966F-46CE-8FAF-F06A7B302388-87477a6a-300x300.jpeg 300w, https:\/\/lalmachine.com\/wp-content\/uploads\/2021\/04\/02A24013-966F-46CE-8FAF-F06A7B302388-87477a6a-100x100.jpeg 100w\" sizes=\"(max-width: 96px) 100vw, 96px\" \/><\/a> <a href=\"https:\/\/lalmachine.com\/wp-content\/uploads\/2021\/04\/FDDE8CC6-1036-40A2-A5D4-4D401BD6E0FB-32702545-scaled.jpeg\"><img loading=\"lazy\" decoding=\"async\" width=\"96\" height=\"96\" src=\"https:\/\/lalmachine.com\/wp-content\/uploads\/2021\/04\/FDDE8CC6-1036-40A2-A5D4-4D401BD6E0FB-32702545-150x150.jpeg\" class=\"attachment-thumbnail size-thumbnail\" alt=\"\" srcset=\"https:\/\/lalmachine.com\/wp-content\/uploads\/2021\/04\/FDDE8CC6-1036-40A2-A5D4-4D401BD6E0FB-32702545-150x150.jpeg 150w, https:\/\/lalmachine.com\/wp-content\/uploads\/2021\/04\/FDDE8CC6-1036-40A2-A5D4-4D401BD6E0FB-32702545-300x300.jpeg 300w, https:\/\/lalmachine.com\/wp-content\/uploads\/2021\/04\/FDDE8CC6-1036-40A2-A5D4-4D401BD6E0FB-32702545-100x100.jpeg 100w\" sizes=\"(max-width: 96px) 100vw, 96px\" \/><\/a> <a href=\"https:\/\/lalmachine.com\/wp-content\/uploads\/2021\/04\/B4B83587-3F06-4B50-9E24-B20F477FAEB9-da5dc626-scaled.jpeg\"><img loading=\"lazy\" decoding=\"async\" width=\"96\" height=\"96\" src=\"https:\/\/lalmachine.com\/wp-content\/uploads\/2021\/04\/B4B83587-3F06-4B50-9E24-B20F477FAEB9-da5dc626-150x150.jpeg\" class=\"attachment-thumbnail size-thumbnail\" alt=\"\" srcset=\"https:\/\/lalmachine.com\/wp-content\/uploads\/2021\/04\/B4B83587-3F06-4B50-9E24-B20F477FAEB9-da5dc626-150x150.jpeg 150w, https:\/\/lalmachine.com\/wp-content\/uploads\/2021\/04\/B4B83587-3F06-4B50-9E24-B20F477FAEB9-da5dc626-300x300.jpeg 300w, https:\/\/lalmachine.com\/wp-content\/uploads\/2021\/04\/B4B83587-3F06-4B50-9E24-B20F477FAEB9-da5dc626-100x100.jpeg 100w\" sizes=\"(max-width: 96px) 100vw, 96px\" \/><\/a> <\/li>        <li class=\"wpuf-field-data wpuf-field-data-numeric_text_field\">\n                            <label>Prix:<\/label>\n                        140        <\/li>\n                <li class=\"wpuf-field-data wpuf-field-data-numeric_text_field\">\n                            <label>Hauteur (cm):<\/label>\n                        47        <\/li>\n                <li class=\"wpuf-field-data wpuf-field-data-numeric_text_field\">\n                            <label>Largeur (cm):<\/label>\n                        125        <\/li>\n                <li class=\"wpuf-field-data wpuf-field-data-numeric_text_field\">\n                            <label>Profondeur (cm):<\/label>\n                        50        <\/li>\n        <\/ul>","protected":false},"excerpt":{"rendered":"<p>Table basse vintage en bois assez clair recouverte de mosa\u00efque. L\u2019\u00e9tat structurel de la table est bon, mais il y a plusieurs traces sur le bois, vestiges des ap\u00e9ros endiabl\u00e9s dont elle a \u00e9t\u00e9 t\u00e9moin. La mosa\u00efque n\u2019a pas de d\u00e9fauts particuliers.<br \/>\nLivraison possible, prix \u00e0 convenir en fonction de la distance.<\/p>","protected":false},"featured_media":49432,"template":"","meta":{"_et_pb_use_builder":"","_et_pb_old_content":"","_et_gb_content_width":""},"product_brand":[],"product_cat":[47,82],"product_tag":[],"proximite":[177,235],"class_list":{"0":"post-49301","1":"product","2":"type-product","3":"status-publish","4":"has-post-thumbnail","6":"product_cat-meubler","7":"product_cat-table","8":"pa_couleur-bois","9":"pa_etat-dans-son-jus","10":"pa_materiau-bois","11":"pa_style-vintage","12":"proximite-fribourg","13":"proximite-sarine","15":"first","16":"outofstock","17":"shipping-taxable","18":"purchasable","19":"product-type-simple"},"yoast_head":"<!-- This site is optimized with the Yoast SEO plugin v27.4 - https:\/\/yoast.com\/product\/yoast-seo-wordpress\/ -->\n<title>Table basse mosa\u00efque | lalmachine.com, mobilier et objets d\u00e9co vintage et design<\/title>\n<meta name=\"description\" content=\"Table basse vintage en bois assez clair recouverte de mosa\u00efque. L\u2019\u00e9tat structurel de la table est bon, mais il y a plusieurs traces sur le bois, vestiges des ap\u00e9ros endiabl\u00e9s dont elle a \u00e9t\u00e9 t\u00e9moin. La mosa\u00efque n\u2019a pas de d\u00e9fauts particuliers.Livraison possible, prix \u00e0 convenir en fonction de la distance.\" \/>\n<meta name=\"robots\" content=\"index, follow, max-snippet:-1, max-image-preview:large, max-video-preview:-1\" \/>\n<link rel=\"canonical\" href=\"https:\/\/lalmachine.com\/de\/shop\/meubler\/table\/table-basse-mosaique-7\/\" \/>\n<meta property=\"og:locale\" content=\"de_DE\" \/>\n<meta property=\"og:type\" content=\"article\" \/>\n<meta property=\"og:title\" content=\"Table basse mosa\u00efque | lalmachine.com, mobilier et objets d\u00e9co vintage et design\" \/>\n<meta property=\"og:description\" content=\"Table basse vintage en bois assez clair recouverte de mosa\u00efque. L\u2019\u00e9tat structurel de la table est bon, mais il y a plusieurs traces sur le bois, vestiges des ap\u00e9ros endiabl\u00e9s dont elle a \u00e9t\u00e9 t\u00e9moin. La mosa\u00efque n\u2019a pas de d\u00e9fauts particuliers.Livraison possible, prix \u00e0 convenir en fonction de la distance.\" \/>\n<meta property=\"og:url\" content=\"https:\/\/lalmachine.com\/de\/shop\/meubler\/table\/table-basse-mosaique-7\/\" \/>\n<meta property=\"og:site_name\" content=\"lalmachine.com\" \/>\n<meta property=\"article:publisher\" content=\"https:\/\/facebook.com\/lalmachine\" \/>\n<meta property=\"article:modified_time\" content=\"2024-12-05T20:51:05+00:00\" \/>\n<meta property=\"og:image\" content=\"https:\/\/lalmachine.com\/wp-content\/uploads\/2021\/04\/783F0870-19F1-4B2A-8A56-9FF6B603C564-0b54853f-scaled_clipped_rev_1-scaled.jpg\" \/>\n\t<meta property=\"og:image:width\" content=\"2560\" \/>\n\t<meta property=\"og:image:height\" content=\"2560\" \/>\n\t<meta property=\"og:image:type\" content=\"image\/jpeg\" \/>\n<meta name=\"twitter:card\" content=\"summary_large_image\" \/>\n<script type=\"application\/ld+json\" class=\"yoast-schema-graph\">{\"@context\":\"https:\\\/\\\/schema.org\",\"@graph\":[{\"@type\":\"WebPage\",\"@id\":\"https:\\\/\\\/lalmachine.com\\\/shop\\\/meubler\\\/table\\\/table-basse-mosaique-7\\\/\",\"url\":\"https:\\\/\\\/lalmachine.com\\\/shop\\\/meubler\\\/table\\\/table-basse-mosaique-7\\\/\",\"name\":\"Table basse mosa\u00efque | lalmachine.com, mobilier et objets d\u00e9co vintage et design\",\"isPartOf\":{\"@id\":\"https:\\\/\\\/lalmachine.com\\\/#website\"},\"primaryImageOfPage\":{\"@id\":\"https:\\\/\\\/lalmachine.com\\\/shop\\\/meubler\\\/table\\\/table-basse-mosaique-7\\\/#primaryimage\"},\"image\":{\"@id\":\"https:\\\/\\\/lalmachine.com\\\/shop\\\/meubler\\\/table\\\/table-basse-mosaique-7\\\/#primaryimage\"},\"thumbnailUrl\":\"https:\\\/\\\/lalmachine.com\\\/wp-content\\\/uploads\\\/2021\\\/04\\\/783F0870-19F1-4B2A-8A56-9FF6B603C564-0b54853f-scaled_clipped_rev_1-scaled.jpg\",\"datePublished\":\"2021-04-11T08:10:39+00:00\",\"dateModified\":\"2024-12-05T20:51:05+00:00\",\"description\":\"Table basse vintage en bois assez clair recouverte de mosa\u00efque. L\u2019\u00e9tat structurel de la table est bon, mais il y a plusieurs traces sur le bois, vestiges des ap\u00e9ros endiabl\u00e9s dont elle a \u00e9t\u00e9 t\u00e9moin. La mosa\u00efque n\u2019a pas de d\u00e9fauts particuliers.Livraison possible, prix \u00e0 convenir en fonction de la distance.\",\"breadcrumb\":{\"@id\":\"https:\\\/\\\/lalmachine.com\\\/shop\\\/meubler\\\/table\\\/table-basse-mosaique-7\\\/#breadcrumb\"},\"inLanguage\":\"de\",\"potentialAction\":[{\"@type\":\"ReadAction\",\"target\":[\"https:\\\/\\\/lalmachine.com\\\/shop\\\/meubler\\\/table\\\/table-basse-mosaique-7\\\/\"]}]},{\"@type\":\"ImageObject\",\"inLanguage\":\"de\",\"@id\":\"https:\\\/\\\/lalmachine.com\\\/shop\\\/meubler\\\/table\\\/table-basse-mosaique-7\\\/#primaryimage\",\"url\":\"https:\\\/\\\/lalmachine.com\\\/wp-content\\\/uploads\\\/2021\\\/04\\\/783F0870-19F1-4B2A-8A56-9FF6B603C564-0b54853f-scaled_clipped_rev_1-scaled.jpg\",\"contentUrl\":\"https:\\\/\\\/lalmachine.com\\\/wp-content\\\/uploads\\\/2021\\\/04\\\/783F0870-19F1-4B2A-8A56-9FF6B603C564-0b54853f-scaled_clipped_rev_1-scaled.jpg\",\"width\":2560,\"height\":2560,\"caption\":\"Table basse vintage\"},{\"@type\":\"BreadcrumbList\",\"@id\":\"https:\\\/\\\/lalmachine.com\\\/shop\\\/meubler\\\/table\\\/table-basse-mosaique-7\\\/#breadcrumb\",\"itemListElement\":[{\"@type\":\"ListItem\",\"position\":1,\"name\":\"Accueil\",\"item\":\"https:\\\/\\\/lalmachine.com\\\/\"},{\"@type\":\"ListItem\",\"position\":2,\"name\":\"Shop\",\"item\":\"https:\\\/\\\/lalmachine.com\\\/shop\\\/\"},{\"@type\":\"ListItem\",\"position\":3,\"name\":\"Table basse mosa\u00efque\"}]},{\"@type\":\"WebSite\",\"@id\":\"https:\\\/\\\/lalmachine.com\\\/#website\",\"url\":\"https:\\\/\\\/lalmachine.com\\\/\",\"name\":\"lalmachine.com\",\"description\":\"Brocante en ligne Suisse | Mobilier et objets d\u00e9co vintage et design\",\"potentialAction\":[{\"@type\":\"SearchAction\",\"target\":{\"@type\":\"EntryPoint\",\"urlTemplate\":\"https:\\\/\\\/lalmachine.com\\\/?s={search_term_string}\"},\"query-input\":{\"@type\":\"PropertyValueSpecification\",\"valueRequired\":true,\"valueName\":\"search_term_string\"}}],\"inLanguage\":\"de\"}]}<\/script>\n<!-- \/ Yoast SEO plugin. -->","yoast_head_json":{"title":"Table basse mosa\u00efque | lalmachine.com, mobilier et objets d\u00e9co vintage et design","description":"Table basse vintage en bois assez clair recouverte de mosa\u00efque. L\u2019\u00e9tat structurel de la table est bon, mais il y a plusieurs traces sur le bois, vestiges des ap\u00e9ros endiabl\u00e9s dont elle a \u00e9t\u00e9 t\u00e9moin. La mosa\u00efque n\u2019a pas de d\u00e9fauts particuliers.Livraison possible, prix \u00e0 convenir en fonction de la distance.","robots":{"index":"index","follow":"follow","max-snippet":"max-snippet:-1","max-image-preview":"max-image-preview:large","max-video-preview":"max-video-preview:-1"},"canonical":"https:\/\/lalmachine.com\/de\/shop\/meubler\/table\/table-basse-mosaique-7\/","og_locale":"de_DE","og_type":"article","og_title":"Table basse mosa\u00efque | lalmachine.com, mobilier et objets d\u00e9co vintage et design","og_description":"Table basse vintage en bois assez clair recouverte de mosa\u00efque. L\u2019\u00e9tat structurel de la table est bon, mais il y a plusieurs traces sur le bois, vestiges des ap\u00e9ros endiabl\u00e9s dont elle a \u00e9t\u00e9 t\u00e9moin. La mosa\u00efque n\u2019a pas de d\u00e9fauts particuliers.Livraison possible, prix \u00e0 convenir en fonction de la distance.","og_url":"https:\/\/lalmachine.com\/de\/shop\/meubler\/table\/table-basse-mosaique-7\/","og_site_name":"lalmachine.com","article_publisher":"https:\/\/facebook.com\/lalmachine","article_modified_time":"2024-12-05T20:51:05+00:00","og_image":[{"width":2560,"height":2560,"url":"https:\/\/lalmachine.com\/wp-content\/uploads\/2021\/04\/783F0870-19F1-4B2A-8A56-9FF6B603C564-0b54853f-scaled_clipped_rev_1-scaled.jpg","type":"image\/jpeg"}],"twitter_card":"summary_large_image","schema":{"@context":"https:\/\/schema.org","@graph":[{"@type":"WebPage","@id":"https:\/\/lalmachine.com\/shop\/meubler\/table\/table-basse-mosaique-7\/","url":"https:\/\/lalmachine.com\/shop\/meubler\/table\/table-basse-mosaique-7\/","name":"Table basse mosa\u00efque | lalmachine.com, mobilier et objets d\u00e9co vintage et design","isPartOf":{"@id":"https:\/\/lalmachine.com\/#website"},"primaryImageOfPage":{"@id":"https:\/\/lalmachine.com\/shop\/meubler\/table\/table-basse-mosaique-7\/#primaryimage"},"image":{"@id":"https:\/\/lalmachine.com\/shop\/meubler\/table\/table-basse-mosaique-7\/#primaryimage"},"thumbnailUrl":"https:\/\/lalmachine.com\/wp-content\/uploads\/2021\/04\/783F0870-19F1-4B2A-8A56-9FF6B603C564-0b54853f-scaled_clipped_rev_1-scaled.jpg","datePublished":"2021-04-11T08:10:39+00:00","dateModified":"2024-12-05T20:51:05+00:00","description":"Table basse vintage en bois assez clair recouverte de mosa\u00efque. L\u2019\u00e9tat structurel de la table est bon, mais il y a plusieurs traces sur le bois, vestiges des ap\u00e9ros endiabl\u00e9s dont elle a \u00e9t\u00e9 t\u00e9moin. La mosa\u00efque n\u2019a pas de d\u00e9fauts particuliers.Livraison possible, prix \u00e0 convenir en fonction de la distance.","breadcrumb":{"@id":"https:\/\/lalmachine.com\/shop\/meubler\/table\/table-basse-mosaique-7\/#breadcrumb"},"inLanguage":"de","potentialAction":[{"@type":"ReadAction","target":["https:\/\/lalmachine.com\/shop\/meubler\/table\/table-basse-mosaique-7\/"]}]},{"@type":"ImageObject","inLanguage":"de","@id":"https:\/\/lalmachine.com\/shop\/meubler\/table\/table-basse-mosaique-7\/#primaryimage","url":"https:\/\/lalmachine.com\/wp-content\/uploads\/2021\/04\/783F0870-19F1-4B2A-8A56-9FF6B603C564-0b54853f-scaled_clipped_rev_1-scaled.jpg","contentUrl":"https:\/\/lalmachine.com\/wp-content\/uploads\/2021\/04\/783F0870-19F1-4B2A-8A56-9FF6B603C564-0b54853f-scaled_clipped_rev_1-scaled.jpg","width":2560,"height":2560,"caption":"Table basse vintage"},{"@type":"BreadcrumbList","@id":"https:\/\/lalmachine.com\/shop\/meubler\/table\/table-basse-mosaique-7\/#breadcrumb","itemListElement":[{"@type":"ListItem","position":1,"name":"Accueil","item":"https:\/\/lalmachine.com\/"},{"@type":"ListItem","position":2,"name":"Shop","item":"https:\/\/lalmachine.com\/shop\/"},{"@type":"ListItem","position":3,"name":"Table basse mosa\u00efque"}]},{"@type":"WebSite","@id":"https:\/\/lalmachine.com\/#website","url":"https:\/\/lalmachine.com\/","name":"lalmachine.com","description":"Brocante en ligne Suisse | Mobilier et objets d\u00e9co vintage et design","potentialAction":[{"@type":"SearchAction","target":{"@type":"EntryPoint","urlTemplate":"https:\/\/lalmachine.com\/?s={search_term_string}"},"query-input":{"@type":"PropertyValueSpecification","valueRequired":true,"valueName":"search_term_string"}}],"inLanguage":"de"}]}},"_links":{"self":[{"href":"https:\/\/lalmachine.com\/de\/wp-json\/wp\/v2\/product\/49301","targetHints":{"allow":["GET"]}}],"collection":[{"href":"https:\/\/lalmachine.com\/de\/wp-json\/wp\/v2\/product"}],"about":[{"href":"https:\/\/lalmachine.com\/de\/wp-json\/wp\/v2\/types\/product"}],"wp:featuredmedia":[{"embeddable":true,"href":"https:\/\/lalmachine.com\/de\/wp-json\/wp\/v2\/media\/49432"}],"wp:attachment":[{"href":"https:\/\/lalmachine.com\/de\/wp-json\/wp\/v2\/media?parent=49301"}],"wp:term":[{"taxonomy":"product_brand","embeddable":true,"href":"https:\/\/lalmachine.com\/de\/wp-json\/wp\/v2\/product_brand?post=49301"},{"taxonomy":"product_cat","embeddable":true,"href":"https:\/\/lalmachine.com\/de\/wp-json\/wp\/v2\/product_cat?post=49301"},{"taxonomy":"product_tag","embeddable":true,"href":"https:\/\/lalmachine.com\/de\/wp-json\/wp\/v2\/product_tag?post=49301"},{"taxonomy":"proximite","embeddable":true,"href":"https:\/\/lalmachine.com\/de\/wp-json\/wp\/v2\/proximite?post=49301"}],"curies":[{"name":"wp","href":"https:\/\/api.w.org\/{rel}","templated":true}]}}