{"id":50244,"date":"2023-10-25T16:07:54","date_gmt":"2023-10-25T14:07:54","guid":{"rendered":"https:\/\/lalmachine.com\/?post_type=product&#038;p=50244"},"modified":"2024-12-05T21:51:06","modified_gmt":"2024-12-05T20:51:06","slug":"vase-anthropomorphique","status":"publish","type":"product","link":"https:\/\/lalmachine.com\/de\/shop\/decorer\/vase-ceramique\/vase-anthropomorphique\/","title":{"rendered":"Vase anthropomorphique"},"content":{"rendered":"<ul class=\"wpuf_customs\"><li style=\"list-style-type:none;\"><label>Autres photos:<\/label> <a href=\"https:\/\/lalmachine.com\/wp-content\/uploads\/2021\/04\/93032D72-D266-4121-BA92-C6B6DB3DD2C1-e5c90b7c-scaled.jpeg\"><img loading=\"lazy\" decoding=\"async\" width=\"72\" height=\"96\" src=\"https:\/\/lalmachine.com\/wp-content\/uploads\/2021\/04\/93032D72-D266-4121-BA92-C6B6DB3DD2C1-e5c90b7c-scaled.jpeg\" class=\"attachment-thumbnail size-thumbnail\" alt=\"\" \/><\/a> <a href=\"https:\/\/lalmachine.com\/wp-content\/uploads\/2021\/04\/21C70F4C-EDBE-4D7B-8ECE-83FCADD86B20-37a07165-scaled.jpeg\"><img loading=\"lazy\" decoding=\"async\" width=\"72\" height=\"96\" src=\"https:\/\/lalmachine.com\/wp-content\/uploads\/2021\/04\/21C70F4C-EDBE-4D7B-8ECE-83FCADD86B20-37a07165-scaled.jpeg\" class=\"attachment-thumbnail size-thumbnail\" alt=\"\" \/><\/a> <a href=\"https:\/\/lalmachine.com\/wp-content\/uploads\/2021\/04\/A8AFDE40-A620-4D24-988B-3B94630705AD-94758274-scaled.jpeg\"><img loading=\"lazy\" decoding=\"async\" width=\"72\" height=\"96\" src=\"https:\/\/lalmachine.com\/wp-content\/uploads\/2021\/04\/A8AFDE40-A620-4D24-988B-3B94630705AD-94758274-scaled.jpeg\" class=\"attachment-thumbnail size-thumbnail\" alt=\"\" \/><\/a> <a href=\"https:\/\/lalmachine.com\/wp-content\/uploads\/2021\/04\/B05DCD48-1246-4B12-8D2B-2E758CAABC3A-0d078449-scaled.jpeg\"><img loading=\"lazy\" decoding=\"async\" width=\"72\" height=\"96\" src=\"https:\/\/lalmachine.com\/wp-content\/uploads\/2021\/04\/B05DCD48-1246-4B12-8D2B-2E758CAABC3A-0d078449-scaled.jpeg\" class=\"attachment-thumbnail size-thumbnail\" alt=\"\" \/><\/a> <a href=\"https:\/\/lalmachine.com\/wp-content\/uploads\/2021\/04\/BABF2A5E-D1BF-4FB1-8C65-171A71227245-5c3357f2-scaled.jpeg\"><img loading=\"lazy\" decoding=\"async\" width=\"72\" height=\"96\" src=\"https:\/\/lalmachine.com\/wp-content\/uploads\/2021\/04\/BABF2A5E-D1BF-4FB1-8C65-171A71227245-5c3357f2-scaled.jpeg\" class=\"attachment-thumbnail size-thumbnail\" alt=\"\" \/><\/a> <a href=\"https:\/\/lalmachine.com\/wp-content\/uploads\/2021\/04\/395A0787-D933-4A33-9E4E-99A622A0ED16-b25f3902-scaled.jpeg\"><img loading=\"lazy\" decoding=\"async\" width=\"72\" height=\"96\" src=\"https:\/\/lalmachine.com\/wp-content\/uploads\/2021\/04\/395A0787-D933-4A33-9E4E-99A622A0ED16-b25f3902-scaled.jpeg\" class=\"attachment-thumbnail size-thumbnail\" alt=\"\" \/><\/a> <\/li>        <li class=\"wpuf-field-data wpuf-field-data-numeric_text_field\">\n                            <label>Prix:<\/label>\n                        80        <\/li>\n                <li class=\"wpuf-field-data wpuf-field-data-numeric_text_field\">\n                            <label>Quantit\u00e9:<\/label>\n                        0        <\/li>\n                <li class=\"wpuf-field-data wpuf-field-data-numeric_text_field\">\n                            <label>Hauteur (cm):<\/label>\n                        15        <\/li>\n                <li class=\"wpuf-field-data wpuf-field-data-numeric_text_field\">\n                            <label>Largeur (cm):<\/label>\n                        15        <\/li>\n                <li class=\"wpuf-field-data wpuf-field-data-numeric_text_field\">\n                            <label>Profondeur (cm):<\/label>\n                        15        <\/li>\n        <\/ul>","protected":false},"excerpt":{"rendered":"<p>Superbe vase dans un style ethnique au d\u00e9cor de visages, lorsque l\u2019on tourne le vase d\u2019un quart de tour un nouveau visage appara\u00eet !<br \/>\nSign\u00e9 D\u2019un myst\u00e9rieux Daniel, inconnu mais on le remercie pour sa cr\u00e9ativit\u00e9 !<\/p>\n<p>Quelques micros \u00e9clats tr\u00e8s peu visibles \u00e0 noter<\/p>","protected":false},"featured_media":50260,"template":"","meta":{"_et_pb_use_builder":"","_et_pb_old_content":"","_et_gb_content_width":""},"product_brand":[],"product_cat":[50,400],"product_tag":[],"proximite":[180],"class_list":{"0":"post-50244","1":"product","2":"type-product","3":"status-publish","4":"has-post-thumbnail","6":"product_cat-decorer","7":"product_cat-vase-ceramique","8":"product_shipping_class-0-2-kg","9":"pa_couleur-multicolore","10":"pa_etat-bon-etat","11":"pa_materiau-ceramique","12":"pa_style-ethnique","13":"proximite-geneve","15":"first","16":"outofstock","17":"shipping-taxable","18":"purchasable","19":"product-type-simple"},"yoast_head":"<!-- This site is optimized with the Yoast SEO plugin v27.3 - https:\/\/yoast.com\/product\/yoast-seo-wordpress\/ -->\n<title>Vase anthropomorphique | lalmachine.com, mobilier et objets d\u00e9co vintage et design<\/title>\n<meta name=\"description\" content=\"Superbe vase dans un style ethnique au d\u00e9cor de visages, lorsque l\u2019on tourne le vase d\u2019un quart de tour un nouveau visage appara\u00eet !Sign\u00e9 D\u2019un myst\u00e9rieux Daniel, inconnu mais on le remercie pour sa cr\u00e9ativit\u00e9 !Quelques micros \u00e9clats tr\u00e8s peu visibles \u00e0 noter\" \/>\n<meta name=\"robots\" content=\"index, follow, max-snippet:-1, max-image-preview:large, max-video-preview:-1\" \/>\n<link rel=\"canonical\" href=\"https:\/\/lalmachine.com\/de\/shop\/decorer\/vase-ceramique\/vase-anthropomorphique\/\" \/>\n<meta property=\"og:locale\" content=\"de_DE\" \/>\n<meta property=\"og:type\" content=\"article\" \/>\n<meta property=\"og:title\" content=\"Vase anthropomorphique | lalmachine.com, mobilier et objets d\u00e9co vintage et design\" \/>\n<meta property=\"og:description\" content=\"Superbe vase dans un style ethnique au d\u00e9cor de visages, lorsque l\u2019on tourne le vase d\u2019un quart de tour un nouveau visage appara\u00eet !Sign\u00e9 D\u2019un myst\u00e9rieux Daniel, inconnu mais on le remercie pour sa cr\u00e9ativit\u00e9 !Quelques micros \u00e9clats tr\u00e8s peu visibles \u00e0 noter\" \/>\n<meta property=\"og:url\" content=\"https:\/\/lalmachine.com\/de\/shop\/decorer\/vase-ceramique\/vase-anthropomorphique\/\" \/>\n<meta property=\"og:site_name\" content=\"lalmachine.com\" \/>\n<meta property=\"article:publisher\" content=\"https:\/\/facebook.com\/lalmachine\" \/>\n<meta property=\"article:modified_time\" content=\"2024-12-05T20:51:06+00:00\" \/>\n<meta property=\"og:image\" content=\"https:\/\/lalmachine.com\/wp-content\/uploads\/2021\/04\/Pasted-20210414-170039_clipped_rev_1.jpeg\" \/>\n\t<meta property=\"og:image:width\" content=\"2076\" \/>\n\t<meta property=\"og:image:height\" content=\"2076\" \/>\n\t<meta property=\"og:image:type\" content=\"image\/jpeg\" \/>\n<meta name=\"twitter:card\" content=\"summary_large_image\" \/>\n<script type=\"application\/ld+json\" class=\"yoast-schema-graph\">{\"@context\":\"https:\\\/\\\/schema.org\",\"@graph\":[{\"@type\":\"WebPage\",\"@id\":\"https:\\\/\\\/lalmachine.com\\\/shop\\\/decorer\\\/vase-ceramique\\\/vase-anthropomorphique\\\/\",\"url\":\"https:\\\/\\\/lalmachine.com\\\/shop\\\/decorer\\\/vase-ceramique\\\/vase-anthropomorphique\\\/\",\"name\":\"Vase anthropomorphique | lalmachine.com, mobilier et objets d\u00e9co vintage et design\",\"isPartOf\":{\"@id\":\"https:\\\/\\\/lalmachine.com\\\/#website\"},\"primaryImageOfPage\":{\"@id\":\"https:\\\/\\\/lalmachine.com\\\/shop\\\/decorer\\\/vase-ceramique\\\/vase-anthropomorphique\\\/#primaryimage\"},\"image\":{\"@id\":\"https:\\\/\\\/lalmachine.com\\\/shop\\\/decorer\\\/vase-ceramique\\\/vase-anthropomorphique\\\/#primaryimage\"},\"thumbnailUrl\":\"https:\\\/\\\/lalmachine.com\\\/wp-content\\\/uploads\\\/2021\\\/04\\\/Pasted-20210414-170039_clipped_rev_1.jpeg\",\"datePublished\":\"2023-10-25T14:07:54+00:00\",\"dateModified\":\"2024-12-05T20:51:06+00:00\",\"description\":\"Superbe vase dans un style ethnique au d\u00e9cor de visages, lorsque l\u2019on tourne le vase d\u2019un quart de tour un nouveau visage appara\u00eet !Sign\u00e9 D\u2019un myst\u00e9rieux Daniel, inconnu mais on le remercie pour sa cr\u00e9ativit\u00e9 !Quelques micros \u00e9clats tr\u00e8s peu visibles \u00e0 noter\",\"breadcrumb\":{\"@id\":\"https:\\\/\\\/lalmachine.com\\\/shop\\\/decorer\\\/vase-ceramique\\\/vase-anthropomorphique\\\/#breadcrumb\"},\"inLanguage\":\"de\",\"potentialAction\":[{\"@type\":\"ReadAction\",\"target\":[\"https:\\\/\\\/lalmachine.com\\\/shop\\\/decorer\\\/vase-ceramique\\\/vase-anthropomorphique\\\/\"]}]},{\"@type\":\"ImageObject\",\"inLanguage\":\"de\",\"@id\":\"https:\\\/\\\/lalmachine.com\\\/shop\\\/decorer\\\/vase-ceramique\\\/vase-anthropomorphique\\\/#primaryimage\",\"url\":\"https:\\\/\\\/lalmachine.com\\\/wp-content\\\/uploads\\\/2021\\\/04\\\/Pasted-20210414-170039_clipped_rev_1.jpeg\",\"contentUrl\":\"https:\\\/\\\/lalmachine.com\\\/wp-content\\\/uploads\\\/2021\\\/04\\\/Pasted-20210414-170039_clipped_rev_1.jpeg\",\"width\":2076,\"height\":2076,\"caption\":\"Vase anthropomorphique\"},{\"@type\":\"BreadcrumbList\",\"@id\":\"https:\\\/\\\/lalmachine.com\\\/shop\\\/decorer\\\/vase-ceramique\\\/vase-anthropomorphique\\\/#breadcrumb\",\"itemListElement\":[{\"@type\":\"ListItem\",\"position\":1,\"name\":\"Accueil\",\"item\":\"https:\\\/\\\/lalmachine.com\\\/\"},{\"@type\":\"ListItem\",\"position\":2,\"name\":\"Shop\",\"item\":\"https:\\\/\\\/lalmachine.com\\\/shop\\\/\"},{\"@type\":\"ListItem\",\"position\":3,\"name\":\"Vase anthropomorphique\"}]},{\"@type\":\"WebSite\",\"@id\":\"https:\\\/\\\/lalmachine.com\\\/#website\",\"url\":\"https:\\\/\\\/lalmachine.com\\\/\",\"name\":\"lalmachine.com\",\"description\":\"Brocante en ligne Suisse | Mobilier et objets d\u00e9co vintage et design\",\"potentialAction\":[{\"@type\":\"SearchAction\",\"target\":{\"@type\":\"EntryPoint\",\"urlTemplate\":\"https:\\\/\\\/lalmachine.com\\\/?s={search_term_string}\"},\"query-input\":{\"@type\":\"PropertyValueSpecification\",\"valueRequired\":true,\"valueName\":\"search_term_string\"}}],\"inLanguage\":\"de\"}]}<\/script>\n<!-- \/ Yoast SEO plugin. -->","yoast_head_json":{"title":"Vase anthropomorphique | lalmachine.com, mobilier et objets d\u00e9co vintage et design","description":"Superbe vase dans un style ethnique au d\u00e9cor de visages, lorsque l\u2019on tourne le vase d\u2019un quart de tour un nouveau visage appara\u00eet !Sign\u00e9 D\u2019un myst\u00e9rieux Daniel, inconnu mais on le remercie pour sa cr\u00e9ativit\u00e9 !Quelques micros \u00e9clats tr\u00e8s peu visibles \u00e0 noter","robots":{"index":"index","follow":"follow","max-snippet":"max-snippet:-1","max-image-preview":"max-image-preview:large","max-video-preview":"max-video-preview:-1"},"canonical":"https:\/\/lalmachine.com\/de\/shop\/decorer\/vase-ceramique\/vase-anthropomorphique\/","og_locale":"de_DE","og_type":"article","og_title":"Vase anthropomorphique | lalmachine.com, mobilier et objets d\u00e9co vintage et design","og_description":"Superbe vase dans un style ethnique au d\u00e9cor de visages, lorsque l\u2019on tourne le vase d\u2019un quart de tour un nouveau visage appara\u00eet !Sign\u00e9 D\u2019un myst\u00e9rieux Daniel, inconnu mais on le remercie pour sa cr\u00e9ativit\u00e9 !Quelques micros \u00e9clats tr\u00e8s peu visibles \u00e0 noter","og_url":"https:\/\/lalmachine.com\/de\/shop\/decorer\/vase-ceramique\/vase-anthropomorphique\/","og_site_name":"lalmachine.com","article_publisher":"https:\/\/facebook.com\/lalmachine","article_modified_time":"2024-12-05T20:51:06+00:00","og_image":[{"width":2076,"height":2076,"url":"https:\/\/lalmachine.com\/wp-content\/uploads\/2021\/04\/Pasted-20210414-170039_clipped_rev_1.jpeg","type":"image\/jpeg"}],"twitter_card":"summary_large_image","schema":{"@context":"https:\/\/schema.org","@graph":[{"@type":"WebPage","@id":"https:\/\/lalmachine.com\/shop\/decorer\/vase-ceramique\/vase-anthropomorphique\/","url":"https:\/\/lalmachine.com\/shop\/decorer\/vase-ceramique\/vase-anthropomorphique\/","name":"Vase anthropomorphique | lalmachine.com, mobilier et objets d\u00e9co vintage et design","isPartOf":{"@id":"https:\/\/lalmachine.com\/#website"},"primaryImageOfPage":{"@id":"https:\/\/lalmachine.com\/shop\/decorer\/vase-ceramique\/vase-anthropomorphique\/#primaryimage"},"image":{"@id":"https:\/\/lalmachine.com\/shop\/decorer\/vase-ceramique\/vase-anthropomorphique\/#primaryimage"},"thumbnailUrl":"https:\/\/lalmachine.com\/wp-content\/uploads\/2021\/04\/Pasted-20210414-170039_clipped_rev_1.jpeg","datePublished":"2023-10-25T14:07:54+00:00","dateModified":"2024-12-05T20:51:06+00:00","description":"Superbe vase dans un style ethnique au d\u00e9cor de visages, lorsque l\u2019on tourne le vase d\u2019un quart de tour un nouveau visage appara\u00eet !Sign\u00e9 D\u2019un myst\u00e9rieux Daniel, inconnu mais on le remercie pour sa cr\u00e9ativit\u00e9 !Quelques micros \u00e9clats tr\u00e8s peu visibles \u00e0 noter","breadcrumb":{"@id":"https:\/\/lalmachine.com\/shop\/decorer\/vase-ceramique\/vase-anthropomorphique\/#breadcrumb"},"inLanguage":"de","potentialAction":[{"@type":"ReadAction","target":["https:\/\/lalmachine.com\/shop\/decorer\/vase-ceramique\/vase-anthropomorphique\/"]}]},{"@type":"ImageObject","inLanguage":"de","@id":"https:\/\/lalmachine.com\/shop\/decorer\/vase-ceramique\/vase-anthropomorphique\/#primaryimage","url":"https:\/\/lalmachine.com\/wp-content\/uploads\/2021\/04\/Pasted-20210414-170039_clipped_rev_1.jpeg","contentUrl":"https:\/\/lalmachine.com\/wp-content\/uploads\/2021\/04\/Pasted-20210414-170039_clipped_rev_1.jpeg","width":2076,"height":2076,"caption":"Vase anthropomorphique"},{"@type":"BreadcrumbList","@id":"https:\/\/lalmachine.com\/shop\/decorer\/vase-ceramique\/vase-anthropomorphique\/#breadcrumb","itemListElement":[{"@type":"ListItem","position":1,"name":"Accueil","item":"https:\/\/lalmachine.com\/"},{"@type":"ListItem","position":2,"name":"Shop","item":"https:\/\/lalmachine.com\/shop\/"},{"@type":"ListItem","position":3,"name":"Vase anthropomorphique"}]},{"@type":"WebSite","@id":"https:\/\/lalmachine.com\/#website","url":"https:\/\/lalmachine.com\/","name":"lalmachine.com","description":"Brocante en ligne Suisse | Mobilier et objets d\u00e9co vintage et design","potentialAction":[{"@type":"SearchAction","target":{"@type":"EntryPoint","urlTemplate":"https:\/\/lalmachine.com\/?s={search_term_string}"},"query-input":{"@type":"PropertyValueSpecification","valueRequired":true,"valueName":"search_term_string"}}],"inLanguage":"de"}]}},"_links":{"self":[{"href":"https:\/\/lalmachine.com\/de\/wp-json\/wp\/v2\/product\/50244","targetHints":{"allow":["GET"]}}],"collection":[{"href":"https:\/\/lalmachine.com\/de\/wp-json\/wp\/v2\/product"}],"about":[{"href":"https:\/\/lalmachine.com\/de\/wp-json\/wp\/v2\/types\/product"}],"wp:featuredmedia":[{"embeddable":true,"href":"https:\/\/lalmachine.com\/de\/wp-json\/wp\/v2\/media\/50260"}],"wp:attachment":[{"href":"https:\/\/lalmachine.com\/de\/wp-json\/wp\/v2\/media?parent=50244"}],"wp:term":[{"taxonomy":"product_brand","embeddable":true,"href":"https:\/\/lalmachine.com\/de\/wp-json\/wp\/v2\/product_brand?post=50244"},{"taxonomy":"product_cat","embeddable":true,"href":"https:\/\/lalmachine.com\/de\/wp-json\/wp\/v2\/product_cat?post=50244"},{"taxonomy":"product_tag","embeddable":true,"href":"https:\/\/lalmachine.com\/de\/wp-json\/wp\/v2\/product_tag?post=50244"},{"taxonomy":"proximite","embeddable":true,"href":"https:\/\/lalmachine.com\/de\/wp-json\/wp\/v2\/proximite?post=50244"}],"curies":[{"name":"wp","href":"https:\/\/api.w.org\/{rel}","templated":true}]}}