{"id":51631,"date":"2021-04-26T17:08:42","date_gmt":"2021-04-26T15:08:42","guid":{"rendered":"https:\/\/lalmachine.com\/?post_type=product&#038;p=51631"},"modified":"2024-12-05T21:51:08","modified_gmt":"2024-12-05T20:51:08","slug":"panton-chair-classic-blanc-brillant","status":"publish","type":"product","link":"https:\/\/lalmachine.com\/de\/shop\/sasseoir\/chaise\/panton-chair-classic-blanc-brillant\/","title":{"rendered":"Panton Chair Classic blanc brillant"},"content":{"rendered":"<ul class=\"wpuf_customs\"><li style=\"list-style-type:none;\"><label>Autres photos:<\/label> <a href=\"https:\/\/lalmachine.com\/wp-content\/uploads\/2021\/04\/IMG_0096-062a1fe4-rotated.jpg\"><img loading=\"lazy\" decoding=\"async\" width=\"72\" height=\"96\" src=\"https:\/\/lalmachine.com\/wp-content\/uploads\/2021\/04\/IMG_0096-062a1fe4-rotated.jpg\" class=\"attachment-thumbnail size-thumbnail\" alt=\"\" srcset=\"https:\/\/lalmachine.com\/wp-content\/uploads\/2021\/04\/IMG_0096-062a1fe4-rotated.jpg 480w, https:\/\/lalmachine.com\/wp-content\/uploads\/2021\/04\/IMG_0096-062a1fe4-9x12.jpg 9w\" sizes=\"(max-width: 72px) 100vw, 72px\" \/><\/a> <a href=\"https:\/\/lalmachine.com\/wp-content\/uploads\/2021\/04\/IMG_0093-bc403728-rotated.jpg\"><img loading=\"lazy\" decoding=\"async\" width=\"72\" height=\"96\" src=\"https:\/\/lalmachine.com\/wp-content\/uploads\/2021\/04\/IMG_0093-bc403728-rotated.jpg\" class=\"attachment-thumbnail size-thumbnail\" alt=\"\" srcset=\"https:\/\/lalmachine.com\/wp-content\/uploads\/2021\/04\/IMG_0093-bc403728-rotated.jpg 480w, https:\/\/lalmachine.com\/wp-content\/uploads\/2021\/04\/IMG_0093-bc403728-9x12.jpg 9w\" sizes=\"(max-width: 72px) 100vw, 72px\" \/><\/a> <a href=\"https:\/\/lalmachine.com\/wp-content\/uploads\/2021\/04\/IMG_0062-84b678ad-rotated.jpg\"><img loading=\"lazy\" decoding=\"async\" width=\"72\" height=\"96\" src=\"https:\/\/lalmachine.com\/wp-content\/uploads\/2021\/04\/IMG_0062-84b678ad-rotated.jpg\" class=\"attachment-thumbnail size-thumbnail\" alt=\"\" srcset=\"https:\/\/lalmachine.com\/wp-content\/uploads\/2021\/04\/IMG_0062-84b678ad-rotated.jpg 480w, https:\/\/lalmachine.com\/wp-content\/uploads\/2021\/04\/IMG_0062-84b678ad-9x12.jpg 9w\" sizes=\"(max-width: 72px) 100vw, 72px\" \/><\/a> <a href=\"https:\/\/lalmachine.com\/wp-content\/uploads\/2021\/04\/IMG_0108-3-c79135f7.jpg\"><img loading=\"lazy\" decoding=\"async\" width=\"128\" height=\"96\" src=\"https:\/\/lalmachine.com\/wp-content\/uploads\/2021\/04\/IMG_0108-3-c79135f7.jpg\" class=\"attachment-thumbnail size-thumbnail\" alt=\"\" \/><\/a> <a href=\"https:\/\/lalmachine.com\/wp-content\/uploads\/2021\/04\/IMG_0107-955fcdc0-rotated.jpg\"><img loading=\"lazy\" decoding=\"async\" width=\"96\" height=\"96\" src=\"https:\/\/lalmachine.com\/wp-content\/uploads\/2021\/04\/IMG_0107-955fcdc0-rotated.jpg\" class=\"attachment-thumbnail size-thumbnail\" alt=\"\" \/><\/a> <\/li>        <li class=\"wpuf-field-data wpuf-field-data-numeric_text_field\">\n                            <label>Prix:<\/label>\n                        700        <\/li>\n                <li class=\"wpuf-field-data wpuf-field-data-numeric_text_field\">\n                            <label>Hauteur (cm):<\/label>\n                        83        <\/li>\n                <li class=\"wpuf-field-data wpuf-field-data-numeric_text_field\">\n                            <label>Largeur (cm):<\/label>\n                        50        <\/li>\n                <li class=\"wpuf-field-data wpuf-field-data-numeric_text_field\">\n                            <label>Profondeur (cm):<\/label>\n                        41        <\/li>\n        <\/ul>","protected":false},"excerpt":{"rendered":"<p>Panton Chair Classic de Vitra dessin\u00e9e par Verner Panton. Chaise en tr\u00e8s bon \u00e9tat ! Juste une petite marque c\u00f4t\u00e9 gauche (voir photo). La chaise Panton est fabriqu\u00e9e en mousse de polyur\u00e9thane rigide et a une finition brillante. Elle mesure 50 cm de large, 60 cm de profondeur et 83 cm de haut. La hauteur d&rsquo;assise est de 41,5 cm. Valeur \u00e0 neuf CHF 1400.-<\/p>","protected":false},"featured_media":51719,"template":"","meta":{"_et_pb_use_builder":"","_et_pb_old_content":"","_et_gb_content_width":""},"product_brand":[],"product_cat":[100,48],"product_tag":[],"proximite":[177,235],"class_list":{"0":"post-51631","1":"product","2":"type-product","3":"status-publish","4":"has-post-thumbnail","6":"product_cat-chaise","7":"product_cat-sasseoir","8":"pa_couleur-blanc","9":"pa_designer-panton-verner","10":"pa_etat-tres-bon-etat","11":"pa_materiau-autre","12":"pa_style-design","13":"proximite-fribourg","14":"proximite-sarine","16":"first","17":"outofstock","18":"shipping-taxable","19":"purchasable","20":"product-type-simple"},"yoast_head":"<!-- This site is optimized with the Yoast SEO plugin v27.4 - https:\/\/yoast.com\/product\/yoast-seo-wordpress\/ -->\n<title>Panton Chair Classic blanc brillant | lalmachine.com, mobilier et objets d\u00e9co vintage et design<\/title>\n<meta name=\"description\" content=\"Panton Chair Classic de Vitra dessin\u00e9e par Verner Panton. Chaise en tr\u00e8s bon \u00e9tat ! Juste une petite marque c\u00f4t\u00e9 gauche (voir photo). La chaise Panton est fabriqu\u00e9e en mousse de polyur\u00e9thane rigide et a une finition brillante. Elle mesure 50 cm de large, 60 cm de profondeur et 83 cm de haut. La hauteur d&#039;assise est de 41,5 cm. Valeur \u00e0 neuf CHF 1400.-\u00a0\" \/>\n<meta name=\"robots\" content=\"index, follow, max-snippet:-1, max-image-preview:large, max-video-preview:-1\" \/>\n<link rel=\"canonical\" href=\"https:\/\/lalmachine.com\/de\/shop\/sasseoir\/chaise\/panton-chair-classic-blanc-brillant\/\" \/>\n<meta property=\"og:locale\" content=\"de_DE\" \/>\n<meta property=\"og:type\" content=\"article\" \/>\n<meta property=\"og:title\" content=\"Panton Chair Classic blanc brillant | lalmachine.com, mobilier et objets d\u00e9co vintage et design\" \/>\n<meta property=\"og:description\" content=\"Panton Chair Classic de Vitra dessin\u00e9e par Verner Panton. Chaise en tr\u00e8s bon \u00e9tat ! Juste une petite marque c\u00f4t\u00e9 gauche (voir photo). La chaise Panton est fabriqu\u00e9e en mousse de polyur\u00e9thane rigide et a une finition brillante. Elle mesure 50 cm de large, 60 cm de profondeur et 83 cm de haut. La hauteur d&#039;assise est de 41,5 cm. Valeur \u00e0 neuf CHF 1400.-\u00a0\" \/>\n<meta property=\"og:url\" content=\"https:\/\/lalmachine.com\/de\/shop\/sasseoir\/chaise\/panton-chair-classic-blanc-brillant\/\" \/>\n<meta property=\"og:site_name\" content=\"lalmachine.com\" \/>\n<meta property=\"article:publisher\" content=\"https:\/\/facebook.com\/lalmachine\" \/>\n<meta property=\"article:modified_time\" content=\"2024-12-05T20:51:08+00:00\" \/>\n<meta property=\"og:image\" content=\"https:\/\/lalmachine.com\/wp-content\/uploads\/2021\/04\/83def1f6-c314-45b1-93e5-899fe98ddebe_clipped_rev_1.jpg\" \/>\n\t<meta property=\"og:image:width\" content=\"790\" \/>\n\t<meta property=\"og:image:height\" content=\"790\" \/>\n\t<meta property=\"og:image:type\" content=\"image\/jpeg\" \/>\n<meta name=\"twitter:card\" content=\"summary_large_image\" \/>\n<script type=\"application\/ld+json\" class=\"yoast-schema-graph\">{\"@context\":\"https:\\\/\\\/schema.org\",\"@graph\":[{\"@type\":\"WebPage\",\"@id\":\"https:\\\/\\\/lalmachine.com\\\/shop\\\/sasseoir\\\/chaise\\\/panton-chair-classic-blanc-brillant\\\/\",\"url\":\"https:\\\/\\\/lalmachine.com\\\/shop\\\/sasseoir\\\/chaise\\\/panton-chair-classic-blanc-brillant\\\/\",\"name\":\"Panton Chair Classic blanc brillant | lalmachine.com, mobilier et objets d\u00e9co vintage et design\",\"isPartOf\":{\"@id\":\"https:\\\/\\\/lalmachine.com\\\/#website\"},\"primaryImageOfPage\":{\"@id\":\"https:\\\/\\\/lalmachine.com\\\/shop\\\/sasseoir\\\/chaise\\\/panton-chair-classic-blanc-brillant\\\/#primaryimage\"},\"image\":{\"@id\":\"https:\\\/\\\/lalmachine.com\\\/shop\\\/sasseoir\\\/chaise\\\/panton-chair-classic-blanc-brillant\\\/#primaryimage\"},\"thumbnailUrl\":\"https:\\\/\\\/lalmachine.com\\\/wp-content\\\/uploads\\\/2021\\\/04\\\/83def1f6-c314-45b1-93e5-899fe98ddebe_clipped_rev_1.jpg\",\"datePublished\":\"2021-04-26T15:08:42+00:00\",\"dateModified\":\"2024-12-05T20:51:08+00:00\",\"description\":\"Panton Chair Classic de Vitra dessin\u00e9e par Verner Panton. Chaise en tr\u00e8s bon \u00e9tat ! Juste une petite marque c\u00f4t\u00e9 gauche (voir photo). La chaise Panton est fabriqu\u00e9e en mousse de polyur\u00e9thane rigide et a une finition brillante. Elle mesure 50 cm de large, 60 cm de profondeur et 83 cm de haut. La hauteur d'assise est de 41,5 cm. Valeur \u00e0 neuf CHF 1400.-\u00a0\",\"breadcrumb\":{\"@id\":\"https:\\\/\\\/lalmachine.com\\\/shop\\\/sasseoir\\\/chaise\\\/panton-chair-classic-blanc-brillant\\\/#breadcrumb\"},\"inLanguage\":\"de\",\"potentialAction\":[{\"@type\":\"ReadAction\",\"target\":[\"https:\\\/\\\/lalmachine.com\\\/shop\\\/sasseoir\\\/chaise\\\/panton-chair-classic-blanc-brillant\\\/\"]}]},{\"@type\":\"ImageObject\",\"inLanguage\":\"de\",\"@id\":\"https:\\\/\\\/lalmachine.com\\\/shop\\\/sasseoir\\\/chaise\\\/panton-chair-classic-blanc-brillant\\\/#primaryimage\",\"url\":\"https:\\\/\\\/lalmachine.com\\\/wp-content\\\/uploads\\\/2021\\\/04\\\/83def1f6-c314-45b1-93e5-899fe98ddebe_clipped_rev_1.jpg\",\"contentUrl\":\"https:\\\/\\\/lalmachine.com\\\/wp-content\\\/uploads\\\/2021\\\/04\\\/83def1f6-c314-45b1-93e5-899fe98ddebe_clipped_rev_1.jpg\",\"width\":790,\"height\":790},{\"@type\":\"BreadcrumbList\",\"@id\":\"https:\\\/\\\/lalmachine.com\\\/shop\\\/sasseoir\\\/chaise\\\/panton-chair-classic-blanc-brillant\\\/#breadcrumb\",\"itemListElement\":[{\"@type\":\"ListItem\",\"position\":1,\"name\":\"Accueil\",\"item\":\"https:\\\/\\\/lalmachine.com\\\/\"},{\"@type\":\"ListItem\",\"position\":2,\"name\":\"Shop\",\"item\":\"https:\\\/\\\/lalmachine.com\\\/shop\\\/\"},{\"@type\":\"ListItem\",\"position\":3,\"name\":\"Panton Chair Classic blanc brillant\"}]},{\"@type\":\"WebSite\",\"@id\":\"https:\\\/\\\/lalmachine.com\\\/#website\",\"url\":\"https:\\\/\\\/lalmachine.com\\\/\",\"name\":\"lalmachine.com\",\"description\":\"Brocante en ligne Suisse | Mobilier et objets d\u00e9co vintage et design\",\"potentialAction\":[{\"@type\":\"SearchAction\",\"target\":{\"@type\":\"EntryPoint\",\"urlTemplate\":\"https:\\\/\\\/lalmachine.com\\\/?s={search_term_string}\"},\"query-input\":{\"@type\":\"PropertyValueSpecification\",\"valueRequired\":true,\"valueName\":\"search_term_string\"}}],\"inLanguage\":\"de\"}]}<\/script>\n<!-- \/ Yoast SEO plugin. -->","yoast_head_json":{"title":"Panton Chair Classic blanc brillant | lalmachine.com, mobilier et objets d\u00e9co vintage et design","description":"Panton Chair Classic de Vitra dessin\u00e9e par Verner Panton. Chaise en tr\u00e8s bon \u00e9tat ! Juste une petite marque c\u00f4t\u00e9 gauche (voir photo). La chaise Panton est fabriqu\u00e9e en mousse de polyur\u00e9thane rigide et a une finition brillante. Elle mesure 50 cm de large, 60 cm de profondeur et 83 cm de haut. La hauteur d'assise est de 41,5 cm. Valeur \u00e0 neuf CHF 1400.-\u00a0","robots":{"index":"index","follow":"follow","max-snippet":"max-snippet:-1","max-image-preview":"max-image-preview:large","max-video-preview":"max-video-preview:-1"},"canonical":"https:\/\/lalmachine.com\/de\/shop\/sasseoir\/chaise\/panton-chair-classic-blanc-brillant\/","og_locale":"de_DE","og_type":"article","og_title":"Panton Chair Classic blanc brillant | lalmachine.com, mobilier et objets d\u00e9co vintage et design","og_description":"Panton Chair Classic de Vitra dessin\u00e9e par Verner Panton. Chaise en tr\u00e8s bon \u00e9tat ! Juste une petite marque c\u00f4t\u00e9 gauche (voir photo). La chaise Panton est fabriqu\u00e9e en mousse de polyur\u00e9thane rigide et a une finition brillante. Elle mesure 50 cm de large, 60 cm de profondeur et 83 cm de haut. La hauteur d'assise est de 41,5 cm. Valeur \u00e0 neuf CHF 1400.-\u00a0","og_url":"https:\/\/lalmachine.com\/de\/shop\/sasseoir\/chaise\/panton-chair-classic-blanc-brillant\/","og_site_name":"lalmachine.com","article_publisher":"https:\/\/facebook.com\/lalmachine","article_modified_time":"2024-12-05T20:51:08+00:00","og_image":[{"width":790,"height":790,"url":"https:\/\/lalmachine.com\/wp-content\/uploads\/2021\/04\/83def1f6-c314-45b1-93e5-899fe98ddebe_clipped_rev_1.jpg","type":"image\/jpeg"}],"twitter_card":"summary_large_image","schema":{"@context":"https:\/\/schema.org","@graph":[{"@type":"WebPage","@id":"https:\/\/lalmachine.com\/shop\/sasseoir\/chaise\/panton-chair-classic-blanc-brillant\/","url":"https:\/\/lalmachine.com\/shop\/sasseoir\/chaise\/panton-chair-classic-blanc-brillant\/","name":"Panton Chair Classic blanc brillant | lalmachine.com, mobilier et objets d\u00e9co vintage et design","isPartOf":{"@id":"https:\/\/lalmachine.com\/#website"},"primaryImageOfPage":{"@id":"https:\/\/lalmachine.com\/shop\/sasseoir\/chaise\/panton-chair-classic-blanc-brillant\/#primaryimage"},"image":{"@id":"https:\/\/lalmachine.com\/shop\/sasseoir\/chaise\/panton-chair-classic-blanc-brillant\/#primaryimage"},"thumbnailUrl":"https:\/\/lalmachine.com\/wp-content\/uploads\/2021\/04\/83def1f6-c314-45b1-93e5-899fe98ddebe_clipped_rev_1.jpg","datePublished":"2021-04-26T15:08:42+00:00","dateModified":"2024-12-05T20:51:08+00:00","description":"Panton Chair Classic de Vitra dessin\u00e9e par Verner Panton. Chaise en tr\u00e8s bon \u00e9tat ! Juste une petite marque c\u00f4t\u00e9 gauche (voir photo). La chaise Panton est fabriqu\u00e9e en mousse de polyur\u00e9thane rigide et a une finition brillante. Elle mesure 50 cm de large, 60 cm de profondeur et 83 cm de haut. La hauteur d'assise est de 41,5 cm. Valeur \u00e0 neuf CHF 1400.-\u00a0","breadcrumb":{"@id":"https:\/\/lalmachine.com\/shop\/sasseoir\/chaise\/panton-chair-classic-blanc-brillant\/#breadcrumb"},"inLanguage":"de","potentialAction":[{"@type":"ReadAction","target":["https:\/\/lalmachine.com\/shop\/sasseoir\/chaise\/panton-chair-classic-blanc-brillant\/"]}]},{"@type":"ImageObject","inLanguage":"de","@id":"https:\/\/lalmachine.com\/shop\/sasseoir\/chaise\/panton-chair-classic-blanc-brillant\/#primaryimage","url":"https:\/\/lalmachine.com\/wp-content\/uploads\/2021\/04\/83def1f6-c314-45b1-93e5-899fe98ddebe_clipped_rev_1.jpg","contentUrl":"https:\/\/lalmachine.com\/wp-content\/uploads\/2021\/04\/83def1f6-c314-45b1-93e5-899fe98ddebe_clipped_rev_1.jpg","width":790,"height":790},{"@type":"BreadcrumbList","@id":"https:\/\/lalmachine.com\/shop\/sasseoir\/chaise\/panton-chair-classic-blanc-brillant\/#breadcrumb","itemListElement":[{"@type":"ListItem","position":1,"name":"Accueil","item":"https:\/\/lalmachine.com\/"},{"@type":"ListItem","position":2,"name":"Shop","item":"https:\/\/lalmachine.com\/shop\/"},{"@type":"ListItem","position":3,"name":"Panton Chair Classic blanc brillant"}]},{"@type":"WebSite","@id":"https:\/\/lalmachine.com\/#website","url":"https:\/\/lalmachine.com\/","name":"lalmachine.com","description":"Brocante en ligne Suisse | Mobilier et objets d\u00e9co vintage et design","potentialAction":[{"@type":"SearchAction","target":{"@type":"EntryPoint","urlTemplate":"https:\/\/lalmachine.com\/?s={search_term_string}"},"query-input":{"@type":"PropertyValueSpecification","valueRequired":true,"valueName":"search_term_string"}}],"inLanguage":"de"}]}},"_links":{"self":[{"href":"https:\/\/lalmachine.com\/de\/wp-json\/wp\/v2\/product\/51631","targetHints":{"allow":["GET"]}}],"collection":[{"href":"https:\/\/lalmachine.com\/de\/wp-json\/wp\/v2\/product"}],"about":[{"href":"https:\/\/lalmachine.com\/de\/wp-json\/wp\/v2\/types\/product"}],"wp:featuredmedia":[{"embeddable":true,"href":"https:\/\/lalmachine.com\/de\/wp-json\/wp\/v2\/media\/51719"}],"wp:attachment":[{"href":"https:\/\/lalmachine.com\/de\/wp-json\/wp\/v2\/media?parent=51631"}],"wp:term":[{"taxonomy":"product_brand","embeddable":true,"href":"https:\/\/lalmachine.com\/de\/wp-json\/wp\/v2\/product_brand?post=51631"},{"taxonomy":"product_cat","embeddable":true,"href":"https:\/\/lalmachine.com\/de\/wp-json\/wp\/v2\/product_cat?post=51631"},{"taxonomy":"product_tag","embeddable":true,"href":"https:\/\/lalmachine.com\/de\/wp-json\/wp\/v2\/product_tag?post=51631"},{"taxonomy":"proximite","embeddable":true,"href":"https:\/\/lalmachine.com\/de\/wp-json\/wp\/v2\/proximite?post=51631"}],"curies":[{"name":"wp","href":"https:\/\/api.w.org\/{rel}","templated":true}]}}