{"id":52455,"date":"2021-05-01T22:39:08","date_gmt":"2021-05-01T20:39:08","guid":{"rendered":"https:\/\/lalmachine.com\/?post_type=product&#038;p=52455"},"modified":"2024-12-05T21:51:10","modified_gmt":"2024-12-05T20:51:10","slug":"bureau-victoria","status":"publish","type":"product","link":"https:\/\/lalmachine.com\/de\/shop\/meubler\/bureau\/bureau-victoria\/","title":{"rendered":"Bureau Victoria"},"content":{"rendered":"<ul class=\"wpuf_customs\"><li style=\"list-style-type:none;\"><label>Autres photos:<\/label> <a href=\"https:\/\/lalmachine.com\/wp-content\/uploads\/2021\/05\/2E34F50E-7C23-4307-BB6A-2D066377F4FE-ae362d9e-scaled.jpeg\"><img loading=\"lazy\" decoding=\"async\" width=\"128\" height=\"96\" src=\"https:\/\/lalmachine.com\/wp-content\/uploads\/2021\/05\/2E34F50E-7C23-4307-BB6A-2D066377F4FE-ae362d9e-scaled.jpeg\" class=\"attachment-thumbnail size-thumbnail\" alt=\"\" \/><\/a> <a href=\"https:\/\/lalmachine.com\/wp-content\/uploads\/2021\/05\/CA49EACF-08E5-45D0-87AC-89ACB825DCD2-61b643da-scaled.jpeg\"><img loading=\"lazy\" decoding=\"async\" width=\"128\" height=\"96\" src=\"https:\/\/lalmachine.com\/wp-content\/uploads\/2021\/05\/CA49EACF-08E5-45D0-87AC-89ACB825DCD2-61b643da-scaled.jpeg\" class=\"attachment-thumbnail size-thumbnail\" alt=\"\" \/><\/a> <a href=\"https:\/\/lalmachine.com\/wp-content\/uploads\/2021\/05\/4C118273-85CC-4477-AD7A-4B16FE3AB7B9-8fd5361c-scaled.jpeg\"><img loading=\"lazy\" decoding=\"async\" width=\"128\" height=\"96\" src=\"https:\/\/lalmachine.com\/wp-content\/uploads\/2021\/05\/4C118273-85CC-4477-AD7A-4B16FE3AB7B9-8fd5361c-scaled.jpeg\" class=\"attachment-thumbnail size-thumbnail\" alt=\"\" \/><\/a> <a href=\"https:\/\/lalmachine.com\/wp-content\/uploads\/2021\/05\/5EF5F0C8-CE4D-46B8-BF52-6F8BCC9A5B91-95b5f725-scaled.jpeg\"><img loading=\"lazy\" decoding=\"async\" width=\"128\" height=\"96\" src=\"https:\/\/lalmachine.com\/wp-content\/uploads\/2021\/05\/5EF5F0C8-CE4D-46B8-BF52-6F8BCC9A5B91-95b5f725-scaled.jpeg\" class=\"attachment-thumbnail size-thumbnail\" alt=\"\" \/><\/a> <a href=\"https:\/\/lalmachine.com\/wp-content\/uploads\/2021\/05\/3EA20530-3BB2-45A8-8196-D90565062F99-a84576e5-scaled.jpeg\"><img loading=\"lazy\" decoding=\"async\" width=\"72\" height=\"96\" src=\"https:\/\/lalmachine.com\/wp-content\/uploads\/2021\/05\/3EA20530-3BB2-45A8-8196-D90565062F99-a84576e5-scaled.jpeg\" class=\"attachment-thumbnail size-thumbnail\" alt=\"\" \/><\/a> <a href=\"https:\/\/lalmachine.com\/wp-content\/uploads\/2021\/05\/E10AC659-7D5B-417E-9570-393ECA691358-c16667af-scaled.jpeg\"><img loading=\"lazy\" decoding=\"async\" width=\"128\" height=\"96\" src=\"https:\/\/lalmachine.com\/wp-content\/uploads\/2021\/05\/E10AC659-7D5B-417E-9570-393ECA691358-c16667af-scaled.jpeg\" class=\"attachment-thumbnail size-thumbnail\" alt=\"\" \/><\/a> <a href=\"https:\/\/lalmachine.com\/wp-content\/uploads\/2021\/05\/1F2CF895-9075-49BA-8323-A4E7836942C6-c7e8f503-scaled.jpeg\"><img loading=\"lazy\" decoding=\"async\" width=\"72\" height=\"96\" src=\"https:\/\/lalmachine.com\/wp-content\/uploads\/2021\/05\/1F2CF895-9075-49BA-8323-A4E7836942C6-c7e8f503-scaled.jpeg\" class=\"attachment-thumbnail size-thumbnail\" alt=\"\" \/><\/a> <a href=\"https:\/\/lalmachine.com\/wp-content\/uploads\/2021\/05\/31D21F66-A35A-4088-99DB-80BDAC27A7D6-a1061808-scaled.jpeg\"><img loading=\"lazy\" decoding=\"async\" width=\"128\" height=\"96\" src=\"https:\/\/lalmachine.com\/wp-content\/uploads\/2021\/05\/31D21F66-A35A-4088-99DB-80BDAC27A7D6-a1061808-scaled.jpeg\" class=\"attachment-thumbnail size-thumbnail\" alt=\"\" \/><\/a> <a href=\"https:\/\/lalmachine.com\/wp-content\/uploads\/2021\/05\/8C19CF09-9AB0-4C32-83F4-0CF46711133D-44ba00ba-scaled.jpeg\"><img loading=\"lazy\" decoding=\"async\" width=\"128\" height=\"96\" src=\"https:\/\/lalmachine.com\/wp-content\/uploads\/2021\/05\/8C19CF09-9AB0-4C32-83F4-0CF46711133D-44ba00ba-scaled.jpeg\" class=\"attachment-thumbnail size-thumbnail\" alt=\"\" \/><\/a> <a href=\"https:\/\/lalmachine.com\/wp-content\/uploads\/2021\/05\/91A64767-1623-44D7-8402-F4EA2E0B03F8-0165b999-scaled.jpeg\"><img loading=\"lazy\" decoding=\"async\" width=\"128\" height=\"96\" src=\"https:\/\/lalmachine.com\/wp-content\/uploads\/2021\/05\/91A64767-1623-44D7-8402-F4EA2E0B03F8-0165b999-scaled.jpeg\" class=\"attachment-thumbnail size-thumbnail\" alt=\"\" \/><\/a> <\/li>        <li class=\"wpuf-field-data wpuf-field-data-numeric_text_field\">\n                            <label>Prix:<\/label>\n                        190        <\/li>\n                <li class=\"wpuf-field-data wpuf-field-data-numeric_text_field\">\n                            <label>Hauteur (cm):<\/label>\n                        72        <\/li>\n                <li class=\"wpuf-field-data wpuf-field-data-numeric_text_field\">\n                            <label>Largeur (cm):<\/label>\n                        120        <\/li>\n                <li class=\"wpuf-field-data wpuf-field-data-numeric_text_field\">\n                            <label>Profondeur (cm):<\/label>\n                        55        <\/li>\n        <\/ul>","protected":false},"excerpt":{"rendered":"<p>Petit bureau des ann\u00e9es 50-60 du fabricant suisse Victoria meubles (Baar).<br \/>\nConstruction simple et robuste en bois clair (fr\u00eane). Tous les tiroirs sont \u00e9quip\u00e9s de petits compartiments pour diff\u00e9rents rangements (documents, petits objets, etc.). La gauche du bureau comprend une petite rallonge. Une barre en bois ajustable permet de caler les pieds pour plus de confort.<br \/>\nL\u2019\u00e9tat g\u00e9n\u00e9ral du bureau est assez bon: les traces les plus visibles sont sur le plateau (voir photos).<br \/>\nLivraison possible, prix en fonction de la distance.<\/p>","protected":false},"featured_media":52526,"template":"","meta":{"_et_pb_use_builder":"","_et_pb_old_content":"","_et_gb_content_width":""},"product_brand":[],"product_cat":[85,47],"product_tag":[],"proximite":[177,235],"class_list":{"0":"post-52455","1":"product","2":"type-product","3":"status-publish","4":"has-post-thumbnail","6":"product_cat-bureau","7":"product_cat-meubler","8":"pa_couleur-bois","9":"pa_etat-bon-etat","10":"pa_materiau-bois","11":"pa_style-vintage","12":"proximite-fribourg","13":"proximite-sarine","15":"first","16":"outofstock","17":"shipping-taxable","18":"purchasable","19":"product-type-simple"},"yoast_head":"<!-- This site is optimized with the Yoast SEO plugin v27.4 - https:\/\/yoast.com\/product\/yoast-seo-wordpress\/ -->\n<title>Bureau Victoria | lalmachine.com, mobilier et objets d\u00e9co vintage et design<\/title>\n<meta name=\"description\" content=\"Petit bureau des ann\u00e9es 50-60 du fabricant suisse Victoria meubles (Baar).Construction simple et robuste en bois clair (fr\u00eane). Tous les tiroirs sont \u00e9quip\u00e9s de petits compartiments pour diff\u00e9rents rangements (documents, petits objets, etc.). La gauche du bureau comprend une petite rallonge. Une barre en bois ajustable permet de caler les pieds pour plus de confort.\" \/>\n<meta name=\"robots\" content=\"index, follow, max-snippet:-1, max-image-preview:large, max-video-preview:-1\" \/>\n<link rel=\"canonical\" href=\"https:\/\/lalmachine.com\/de\/shop\/meubler\/bureau\/bureau-victoria\/\" \/>\n<meta property=\"og:locale\" content=\"de_DE\" \/>\n<meta property=\"og:type\" content=\"article\" \/>\n<meta property=\"og:title\" content=\"Bureau Victoria | lalmachine.com, mobilier et objets d\u00e9co vintage et design\" \/>\n<meta property=\"og:description\" content=\"Petit bureau des ann\u00e9es 50-60 du fabricant suisse Victoria meubles (Baar).Construction simple et robuste en bois clair (fr\u00eane). Tous les tiroirs sont \u00e9quip\u00e9s de petits compartiments pour diff\u00e9rents rangements (documents, petits objets, etc.). La gauche du bureau comprend une petite rallonge. Une barre en bois ajustable permet de caler les pieds pour plus de confort.\" \/>\n<meta property=\"og:url\" content=\"https:\/\/lalmachine.com\/de\/shop\/meubler\/bureau\/bureau-victoria\/\" \/>\n<meta property=\"og:site_name\" content=\"lalmachine.com\" \/>\n<meta property=\"article:publisher\" content=\"https:\/\/facebook.com\/lalmachine\" \/>\n<meta property=\"article:modified_time\" content=\"2024-12-05T20:51:10+00:00\" \/>\n<meta property=\"og:image\" content=\"https:\/\/lalmachine.com\/wp-content\/uploads\/2021\/05\/6B5B83F6-EF52-4519-AA02-FE5887551D90-9e102874-scaled_clipped_rev_1-scaled.jpg\" \/>\n\t<meta property=\"og:image:width\" content=\"2560\" \/>\n\t<meta property=\"og:image:height\" content=\"2560\" \/>\n\t<meta property=\"og:image:type\" content=\"image\/jpeg\" \/>\n<meta name=\"twitter:card\" content=\"summary_large_image\" \/>\n<script type=\"application\/ld+json\" class=\"yoast-schema-graph\">{\"@context\":\"https:\\\/\\\/schema.org\",\"@graph\":[{\"@type\":\"WebPage\",\"@id\":\"https:\\\/\\\/lalmachine.com\\\/shop\\\/meubler\\\/bureau\\\/bureau-victoria\\\/\",\"url\":\"https:\\\/\\\/lalmachine.com\\\/shop\\\/meubler\\\/bureau\\\/bureau-victoria\\\/\",\"name\":\"Bureau Victoria | lalmachine.com, mobilier et objets d\u00e9co vintage et design\",\"isPartOf\":{\"@id\":\"https:\\\/\\\/lalmachine.com\\\/#website\"},\"primaryImageOfPage\":{\"@id\":\"https:\\\/\\\/lalmachine.com\\\/shop\\\/meubler\\\/bureau\\\/bureau-victoria\\\/#primaryimage\"},\"image\":{\"@id\":\"https:\\\/\\\/lalmachine.com\\\/shop\\\/meubler\\\/bureau\\\/bureau-victoria\\\/#primaryimage\"},\"thumbnailUrl\":\"https:\\\/\\\/lalmachine.com\\\/wp-content\\\/uploads\\\/2021\\\/05\\\/6B5B83F6-EF52-4519-AA02-FE5887551D90-9e102874-scaled_clipped_rev_1-scaled.jpg\",\"datePublished\":\"2021-05-01T20:39:08+00:00\",\"dateModified\":\"2024-12-05T20:51:10+00:00\",\"description\":\"Petit bureau des ann\u00e9es 50-60 du fabricant suisse Victoria meubles (Baar).Construction simple et robuste en bois clair (fr\u00eane). Tous les tiroirs sont \u00e9quip\u00e9s de petits compartiments pour diff\u00e9rents rangements (documents, petits objets, etc.). La gauche du bureau comprend une petite rallonge. Une barre en bois ajustable permet de caler les pieds pour plus de confort.\",\"breadcrumb\":{\"@id\":\"https:\\\/\\\/lalmachine.com\\\/shop\\\/meubler\\\/bureau\\\/bureau-victoria\\\/#breadcrumb\"},\"inLanguage\":\"de\",\"potentialAction\":[{\"@type\":\"ReadAction\",\"target\":[\"https:\\\/\\\/lalmachine.com\\\/shop\\\/meubler\\\/bureau\\\/bureau-victoria\\\/\"]}]},{\"@type\":\"ImageObject\",\"inLanguage\":\"de\",\"@id\":\"https:\\\/\\\/lalmachine.com\\\/shop\\\/meubler\\\/bureau\\\/bureau-victoria\\\/#primaryimage\",\"url\":\"https:\\\/\\\/lalmachine.com\\\/wp-content\\\/uploads\\\/2021\\\/05\\\/6B5B83F6-EF52-4519-AA02-FE5887551D90-9e102874-scaled_clipped_rev_1-scaled.jpg\",\"contentUrl\":\"https:\\\/\\\/lalmachine.com\\\/wp-content\\\/uploads\\\/2021\\\/05\\\/6B5B83F6-EF52-4519-AA02-FE5887551D90-9e102874-scaled_clipped_rev_1-scaled.jpg\",\"width\":2560,\"height\":2560,\"caption\":\"Bureau Victoria\"},{\"@type\":\"BreadcrumbList\",\"@id\":\"https:\\\/\\\/lalmachine.com\\\/shop\\\/meubler\\\/bureau\\\/bureau-victoria\\\/#breadcrumb\",\"itemListElement\":[{\"@type\":\"ListItem\",\"position\":1,\"name\":\"Accueil\",\"item\":\"https:\\\/\\\/lalmachine.com\\\/\"},{\"@type\":\"ListItem\",\"position\":2,\"name\":\"Shop\",\"item\":\"https:\\\/\\\/lalmachine.com\\\/shop\\\/\"},{\"@type\":\"ListItem\",\"position\":3,\"name\":\"Bureau Victoria\"}]},{\"@type\":\"WebSite\",\"@id\":\"https:\\\/\\\/lalmachine.com\\\/#website\",\"url\":\"https:\\\/\\\/lalmachine.com\\\/\",\"name\":\"lalmachine.com\",\"description\":\"Brocante en ligne Suisse | Mobilier et objets d\u00e9co vintage et design\",\"potentialAction\":[{\"@type\":\"SearchAction\",\"target\":{\"@type\":\"EntryPoint\",\"urlTemplate\":\"https:\\\/\\\/lalmachine.com\\\/?s={search_term_string}\"},\"query-input\":{\"@type\":\"PropertyValueSpecification\",\"valueRequired\":true,\"valueName\":\"search_term_string\"}}],\"inLanguage\":\"de\"}]}<\/script>\n<!-- \/ Yoast SEO plugin. -->","yoast_head_json":{"title":"Bureau Victoria | lalmachine.com, mobilier et objets d\u00e9co vintage et design","description":"Petit bureau des ann\u00e9es 50-60 du fabricant suisse Victoria meubles (Baar).Construction simple et robuste en bois clair (fr\u00eane). Tous les tiroirs sont \u00e9quip\u00e9s de petits compartiments pour diff\u00e9rents rangements (documents, petits objets, etc.). La gauche du bureau comprend une petite rallonge. Une barre en bois ajustable permet de caler les pieds pour plus de confort.","robots":{"index":"index","follow":"follow","max-snippet":"max-snippet:-1","max-image-preview":"max-image-preview:large","max-video-preview":"max-video-preview:-1"},"canonical":"https:\/\/lalmachine.com\/de\/shop\/meubler\/bureau\/bureau-victoria\/","og_locale":"de_DE","og_type":"article","og_title":"Bureau Victoria | lalmachine.com, mobilier et objets d\u00e9co vintage et design","og_description":"Petit bureau des ann\u00e9es 50-60 du fabricant suisse Victoria meubles (Baar).Construction simple et robuste en bois clair (fr\u00eane). Tous les tiroirs sont \u00e9quip\u00e9s de petits compartiments pour diff\u00e9rents rangements (documents, petits objets, etc.). La gauche du bureau comprend une petite rallonge. Une barre en bois ajustable permet de caler les pieds pour plus de confort.","og_url":"https:\/\/lalmachine.com\/de\/shop\/meubler\/bureau\/bureau-victoria\/","og_site_name":"lalmachine.com","article_publisher":"https:\/\/facebook.com\/lalmachine","article_modified_time":"2024-12-05T20:51:10+00:00","og_image":[{"width":2560,"height":2560,"url":"https:\/\/lalmachine.com\/wp-content\/uploads\/2021\/05\/6B5B83F6-EF52-4519-AA02-FE5887551D90-9e102874-scaled_clipped_rev_1-scaled.jpg","type":"image\/jpeg"}],"twitter_card":"summary_large_image","schema":{"@context":"https:\/\/schema.org","@graph":[{"@type":"WebPage","@id":"https:\/\/lalmachine.com\/shop\/meubler\/bureau\/bureau-victoria\/","url":"https:\/\/lalmachine.com\/shop\/meubler\/bureau\/bureau-victoria\/","name":"Bureau Victoria | lalmachine.com, mobilier et objets d\u00e9co vintage et design","isPartOf":{"@id":"https:\/\/lalmachine.com\/#website"},"primaryImageOfPage":{"@id":"https:\/\/lalmachine.com\/shop\/meubler\/bureau\/bureau-victoria\/#primaryimage"},"image":{"@id":"https:\/\/lalmachine.com\/shop\/meubler\/bureau\/bureau-victoria\/#primaryimage"},"thumbnailUrl":"https:\/\/lalmachine.com\/wp-content\/uploads\/2021\/05\/6B5B83F6-EF52-4519-AA02-FE5887551D90-9e102874-scaled_clipped_rev_1-scaled.jpg","datePublished":"2021-05-01T20:39:08+00:00","dateModified":"2024-12-05T20:51:10+00:00","description":"Petit bureau des ann\u00e9es 50-60 du fabricant suisse Victoria meubles (Baar).Construction simple et robuste en bois clair (fr\u00eane). Tous les tiroirs sont \u00e9quip\u00e9s de petits compartiments pour diff\u00e9rents rangements (documents, petits objets, etc.). La gauche du bureau comprend une petite rallonge. Une barre en bois ajustable permet de caler les pieds pour plus de confort.","breadcrumb":{"@id":"https:\/\/lalmachine.com\/shop\/meubler\/bureau\/bureau-victoria\/#breadcrumb"},"inLanguage":"de","potentialAction":[{"@type":"ReadAction","target":["https:\/\/lalmachine.com\/shop\/meubler\/bureau\/bureau-victoria\/"]}]},{"@type":"ImageObject","inLanguage":"de","@id":"https:\/\/lalmachine.com\/shop\/meubler\/bureau\/bureau-victoria\/#primaryimage","url":"https:\/\/lalmachine.com\/wp-content\/uploads\/2021\/05\/6B5B83F6-EF52-4519-AA02-FE5887551D90-9e102874-scaled_clipped_rev_1-scaled.jpg","contentUrl":"https:\/\/lalmachine.com\/wp-content\/uploads\/2021\/05\/6B5B83F6-EF52-4519-AA02-FE5887551D90-9e102874-scaled_clipped_rev_1-scaled.jpg","width":2560,"height":2560,"caption":"Bureau Victoria"},{"@type":"BreadcrumbList","@id":"https:\/\/lalmachine.com\/shop\/meubler\/bureau\/bureau-victoria\/#breadcrumb","itemListElement":[{"@type":"ListItem","position":1,"name":"Accueil","item":"https:\/\/lalmachine.com\/"},{"@type":"ListItem","position":2,"name":"Shop","item":"https:\/\/lalmachine.com\/shop\/"},{"@type":"ListItem","position":3,"name":"Bureau Victoria"}]},{"@type":"WebSite","@id":"https:\/\/lalmachine.com\/#website","url":"https:\/\/lalmachine.com\/","name":"lalmachine.com","description":"Brocante en ligne Suisse | Mobilier et objets d\u00e9co vintage et design","potentialAction":[{"@type":"SearchAction","target":{"@type":"EntryPoint","urlTemplate":"https:\/\/lalmachine.com\/?s={search_term_string}"},"query-input":{"@type":"PropertyValueSpecification","valueRequired":true,"valueName":"search_term_string"}}],"inLanguage":"de"}]}},"_links":{"self":[{"href":"https:\/\/lalmachine.com\/de\/wp-json\/wp\/v2\/product\/52455","targetHints":{"allow":["GET"]}}],"collection":[{"href":"https:\/\/lalmachine.com\/de\/wp-json\/wp\/v2\/product"}],"about":[{"href":"https:\/\/lalmachine.com\/de\/wp-json\/wp\/v2\/types\/product"}],"wp:featuredmedia":[{"embeddable":true,"href":"https:\/\/lalmachine.com\/de\/wp-json\/wp\/v2\/media\/52526"}],"wp:attachment":[{"href":"https:\/\/lalmachine.com\/de\/wp-json\/wp\/v2\/media?parent=52455"}],"wp:term":[{"taxonomy":"product_brand","embeddable":true,"href":"https:\/\/lalmachine.com\/de\/wp-json\/wp\/v2\/product_brand?post=52455"},{"taxonomy":"product_cat","embeddable":true,"href":"https:\/\/lalmachine.com\/de\/wp-json\/wp\/v2\/product_cat?post=52455"},{"taxonomy":"product_tag","embeddable":true,"href":"https:\/\/lalmachine.com\/de\/wp-json\/wp\/v2\/product_tag?post=52455"},{"taxonomy":"proximite","embeddable":true,"href":"https:\/\/lalmachine.com\/de\/wp-json\/wp\/v2\/proximite?post=52455"}],"curies":[{"name":"wp","href":"https:\/\/api.w.org\/{rel}","templated":true}]}}