{"id":53122,"date":"2021-05-06T12:06:17","date_gmt":"2021-05-06T10:06:17","guid":{"rendered":"https:\/\/lalmachine.com\/?post_type=product&#038;p=53122"},"modified":"2024-12-05T21:51:11","modified_gmt":"2024-12-05T20:51:11","slug":"chauffeuse","status":"publish","type":"product","link":"https:\/\/lalmachine.com\/de\/shop\/sasseoir\/canape-fauteuil-pouf\/chauffeuse\/","title":{"rendered":"Chauffeuse"},"content":{"rendered":"<ul class=\"wpuf_customs\"><li style=\"list-style-type:none;\"><label>Autres photos:<\/label> <a href=\"https:\/\/lalmachine.com\/wp-content\/uploads\/2021\/05\/811DA9B5-13A7-4993-8FF3-AC1D331D0EDD-9a6e1f3b-scaled.jpeg\"><img loading=\"lazy\" decoding=\"async\" width=\"128\" height=\"96\" src=\"https:\/\/lalmachine.com\/wp-content\/uploads\/2021\/05\/811DA9B5-13A7-4993-8FF3-AC1D331D0EDD-9a6e1f3b-scaled.jpeg\" class=\"attachment-thumbnail size-thumbnail\" alt=\"\" \/><\/a> <a href=\"https:\/\/lalmachine.com\/wp-content\/uploads\/2021\/05\/05DF5DB3-A717-4E22-BE14-9EA59C422A5C-3a099f67-scaled.jpeg\"><img loading=\"lazy\" decoding=\"async\" width=\"72\" height=\"96\" src=\"https:\/\/lalmachine.com\/wp-content\/uploads\/2021\/05\/05DF5DB3-A717-4E22-BE14-9EA59C422A5C-3a099f67-scaled.jpeg\" class=\"attachment-thumbnail size-thumbnail\" alt=\"\" \/><\/a> <a href=\"https:\/\/lalmachine.com\/wp-content\/uploads\/2021\/05\/82495820-A4CC-4F25-871A-E52EC984F731-439eead6-scaled.jpeg\"><img loading=\"lazy\" decoding=\"async\" width=\"128\" height=\"96\" src=\"https:\/\/lalmachine.com\/wp-content\/uploads\/2021\/05\/82495820-A4CC-4F25-871A-E52EC984F731-439eead6-scaled.jpeg\" class=\"attachment-thumbnail size-thumbnail\" alt=\"\" \/><\/a> <a href=\"https:\/\/lalmachine.com\/wp-content\/uploads\/2021\/05\/F1D0CAE6-3E39-4AF0-8C96-69DDC5E69C93-8928950b-scaled.jpeg\"><img loading=\"lazy\" decoding=\"async\" width=\"128\" height=\"96\" src=\"https:\/\/lalmachine.com\/wp-content\/uploads\/2021\/05\/F1D0CAE6-3E39-4AF0-8C96-69DDC5E69C93-8928950b-scaled.jpeg\" class=\"attachment-thumbnail size-thumbnail\" alt=\"\" \/><\/a> <a href=\"https:\/\/lalmachine.com\/wp-content\/uploads\/2021\/05\/E32E1151-340F-459C-8028-E2CAA2DB4B7A-f04f15ea-scaled.jpeg\"><img loading=\"lazy\" decoding=\"async\" width=\"128\" height=\"96\" src=\"https:\/\/lalmachine.com\/wp-content\/uploads\/2021\/05\/E32E1151-340F-459C-8028-E2CAA2DB4B7A-f04f15ea-scaled.jpeg\" class=\"attachment-thumbnail size-thumbnail\" alt=\"\" \/><\/a> <a href=\"https:\/\/lalmachine.com\/wp-content\/uploads\/2021\/05\/2C4EB323-FC42-4CFD-B9E4-07008E711E02-e5f808ae-scaled.jpeg\"><img loading=\"lazy\" decoding=\"async\" width=\"128\" height=\"96\" src=\"https:\/\/lalmachine.com\/wp-content\/uploads\/2021\/05\/2C4EB323-FC42-4CFD-B9E4-07008E711E02-e5f808ae-scaled.jpeg\" class=\"attachment-thumbnail size-thumbnail\" alt=\"\" \/><\/a> <a href=\"https:\/\/lalmachine.com\/wp-content\/uploads\/2021\/05\/6058FD50-96FB-41CD-8EF9-542DB8B87983-96d54fb7-scaled.jpeg\"><img loading=\"lazy\" decoding=\"async\" width=\"72\" height=\"96\" src=\"https:\/\/lalmachine.com\/wp-content\/uploads\/2021\/05\/6058FD50-96FB-41CD-8EF9-542DB8B87983-96d54fb7-scaled.jpeg\" class=\"attachment-thumbnail size-thumbnail\" alt=\"\" \/><\/a> <a href=\"https:\/\/lalmachine.com\/wp-content\/uploads\/2021\/05\/BFE162E1-9726-4C04-8EC3-413CE7663994-07e56b83-scaled.jpeg\"><img loading=\"lazy\" decoding=\"async\" width=\"128\" height=\"96\" src=\"https:\/\/lalmachine.com\/wp-content\/uploads\/2021\/05\/BFE162E1-9726-4C04-8EC3-413CE7663994-07e56b83-scaled.jpeg\" class=\"attachment-thumbnail size-thumbnail\" alt=\"\" \/><\/a> <a href=\"https:\/\/lalmachine.com\/wp-content\/uploads\/2021\/05\/A539DC2C-0FAA-4134-858E-6167E40342A1-be5fa402-scaled.jpeg\"><img loading=\"lazy\" decoding=\"async\" width=\"128\" height=\"96\" src=\"https:\/\/lalmachine.com\/wp-content\/uploads\/2021\/05\/A539DC2C-0FAA-4134-858E-6167E40342A1-be5fa402-scaled.jpeg\" class=\"attachment-thumbnail size-thumbnail\" alt=\"\" \/><\/a> <\/li>        <li class=\"wpuf-field-data wpuf-field-data-numeric_text_field\">\n                            <label>Prix:<\/label>\n                        150        <\/li>\n                <li class=\"wpuf-field-data wpuf-field-data-numeric_text_field\">\n                            <label>Hauteur (cm):<\/label>\n                        69        <\/li>\n                <li class=\"wpuf-field-data wpuf-field-data-numeric_text_field\">\n                            <label>Largeur (cm):<\/label>\n                        64        <\/li>\n                <li class=\"wpuf-field-data wpuf-field-data-numeric_text_field\">\n                            <label>Profondeur (cm):<\/label>\n                        77        <\/li>\n        <\/ul>","protected":false},"excerpt":{"rendered":"<p>Chauffeuse orange vintage en velours c\u00f4tel\u00e9. Le canap\u00e9 est tr\u00e8s l\u00e9ger et peut \u00eatre facilement d\u00e9plac\u00e9 par une personne seule. L\u2019assise est confortable (hauteur de 36 cm environ).<br \/>\nL\u2019\u00e9tat g\u00e9n\u00e9ral est bon: les tissus ne pr\u00e9sentent pas de d\u00e9chirures et pratiquement pas de taches. La couleur a bien travers\u00e9 le temps: elle est toujours orange fonc\u00e9.<br \/>\nLes photos repr\u00e9sentant 3 chauffeuses ont pour but d\u2019illustrer l\u2019ensemble qu\u2019il est possible de faire avec deux fauteuil disponibles dans une autre offre.<br \/>\nLivraison possible, prix en fonction de la distance.<\/p>","protected":false},"featured_media":53233,"template":"","meta":{"_et_pb_use_builder":"","_et_pb_old_content":"","_et_gb_content_width":""},"product_brand":[],"product_cat":[99,48],"product_tag":[],"proximite":[177,235],"class_list":{"0":"post-53122","1":"product","2":"type-product","3":"status-publish","4":"has-post-thumbnail","6":"product_cat-canape-fauteuil-pouf","7":"product_cat-sasseoir","8":"pa_couleur-orange","9":"pa_etat-bon-etat","10":"pa_materiau-tissu","11":"pa_style-vintage","12":"proximite-fribourg","13":"proximite-sarine","15":"first","16":"outofstock","17":"shipping-taxable","18":"purchasable","19":"product-type-simple"},"yoast_head":"<!-- This site is optimized with the Yoast SEO plugin v27.4 - https:\/\/yoast.com\/product\/yoast-seo-wordpress\/ -->\n<title>Chauffeuse | lalmachine.com, mobilier et objets d\u00e9co vintage et design<\/title>\n<meta name=\"description\" content=\"Chauffeuse orange vintage en velours c\u00f4tel\u00e9. Le canap\u00e9 est tr\u00e8s l\u00e9ger et peut \u00eatre facilement d\u00e9plac\u00e9 par une personne seule. L\u2019assise est confortable (hauteur de 36 cm environ).\" \/>\n<meta name=\"robots\" content=\"index, follow, max-snippet:-1, max-image-preview:large, max-video-preview:-1\" \/>\n<link rel=\"canonical\" href=\"https:\/\/lalmachine.com\/de\/shop\/sasseoir\/canape-fauteuil-pouf\/chauffeuse\/\" \/>\n<meta property=\"og:locale\" content=\"de_DE\" \/>\n<meta property=\"og:type\" content=\"article\" \/>\n<meta property=\"og:title\" content=\"Chauffeuse | lalmachine.com, mobilier et objets d\u00e9co vintage et design\" \/>\n<meta property=\"og:description\" content=\"Chauffeuse orange vintage en velours c\u00f4tel\u00e9. Le canap\u00e9 est tr\u00e8s l\u00e9ger et peut \u00eatre facilement d\u00e9plac\u00e9 par une personne seule. L\u2019assise est confortable (hauteur de 36 cm environ).\" \/>\n<meta property=\"og:url\" content=\"https:\/\/lalmachine.com\/de\/shop\/sasseoir\/canape-fauteuil-pouf\/chauffeuse\/\" \/>\n<meta property=\"og:site_name\" content=\"lalmachine.com\" \/>\n<meta property=\"article:publisher\" content=\"https:\/\/facebook.com\/lalmachine\" \/>\n<meta property=\"article:modified_time\" content=\"2024-12-05T20:51:11+00:00\" \/>\n<meta property=\"og:image\" content=\"https:\/\/lalmachine.com\/wp-content\/uploads\/2021\/05\/F1D0CAE6-3E39-4AF0-8C96-69DDC5E69C93-8928950b-scaled_clipped_rev_1-scaled.jpg\" \/>\n\t<meta property=\"og:image:width\" content=\"2560\" \/>\n\t<meta property=\"og:image:height\" content=\"2560\" \/>\n\t<meta property=\"og:image:type\" content=\"image\/jpeg\" \/>\n<meta name=\"twitter:card\" content=\"summary_large_image\" \/>\n<script type=\"application\/ld+json\" class=\"yoast-schema-graph\">{\"@context\":\"https:\\\/\\\/schema.org\",\"@graph\":[{\"@type\":\"WebPage\",\"@id\":\"https:\\\/\\\/lalmachine.com\\\/shop\\\/sasseoir\\\/canape-fauteuil-pouf\\\/chauffeuse\\\/\",\"url\":\"https:\\\/\\\/lalmachine.com\\\/shop\\\/sasseoir\\\/canape-fauteuil-pouf\\\/chauffeuse\\\/\",\"name\":\"Chauffeuse | lalmachine.com, mobilier et objets d\u00e9co vintage et design\",\"isPartOf\":{\"@id\":\"https:\\\/\\\/lalmachine.com\\\/#website\"},\"primaryImageOfPage\":{\"@id\":\"https:\\\/\\\/lalmachine.com\\\/shop\\\/sasseoir\\\/canape-fauteuil-pouf\\\/chauffeuse\\\/#primaryimage\"},\"image\":{\"@id\":\"https:\\\/\\\/lalmachine.com\\\/shop\\\/sasseoir\\\/canape-fauteuil-pouf\\\/chauffeuse\\\/#primaryimage\"},\"thumbnailUrl\":\"https:\\\/\\\/lalmachine.com\\\/wp-content\\\/uploads\\\/2021\\\/05\\\/F1D0CAE6-3E39-4AF0-8C96-69DDC5E69C93-8928950b-scaled_clipped_rev_1-scaled.jpg\",\"datePublished\":\"2021-05-06T10:06:17+00:00\",\"dateModified\":\"2024-12-05T20:51:11+00:00\",\"description\":\"Chauffeuse orange vintage en velours c\u00f4tel\u00e9. Le canap\u00e9 est tr\u00e8s l\u00e9ger et peut \u00eatre facilement d\u00e9plac\u00e9 par une personne seule. L\u2019assise est confortable (hauteur de 36 cm environ).\",\"breadcrumb\":{\"@id\":\"https:\\\/\\\/lalmachine.com\\\/shop\\\/sasseoir\\\/canape-fauteuil-pouf\\\/chauffeuse\\\/#breadcrumb\"},\"inLanguage\":\"de\",\"potentialAction\":[{\"@type\":\"ReadAction\",\"target\":[\"https:\\\/\\\/lalmachine.com\\\/shop\\\/sasseoir\\\/canape-fauteuil-pouf\\\/chauffeuse\\\/\"]}]},{\"@type\":\"ImageObject\",\"inLanguage\":\"de\",\"@id\":\"https:\\\/\\\/lalmachine.com\\\/shop\\\/sasseoir\\\/canape-fauteuil-pouf\\\/chauffeuse\\\/#primaryimage\",\"url\":\"https:\\\/\\\/lalmachine.com\\\/wp-content\\\/uploads\\\/2021\\\/05\\\/F1D0CAE6-3E39-4AF0-8C96-69DDC5E69C93-8928950b-scaled_clipped_rev_1-scaled.jpg\",\"contentUrl\":\"https:\\\/\\\/lalmachine.com\\\/wp-content\\\/uploads\\\/2021\\\/05\\\/F1D0CAE6-3E39-4AF0-8C96-69DDC5E69C93-8928950b-scaled_clipped_rev_1-scaled.jpg\",\"width\":2560,\"height\":2560},{\"@type\":\"BreadcrumbList\",\"@id\":\"https:\\\/\\\/lalmachine.com\\\/shop\\\/sasseoir\\\/canape-fauteuil-pouf\\\/chauffeuse\\\/#breadcrumb\",\"itemListElement\":[{\"@type\":\"ListItem\",\"position\":1,\"name\":\"Accueil\",\"item\":\"https:\\\/\\\/lalmachine.com\\\/\"},{\"@type\":\"ListItem\",\"position\":2,\"name\":\"Shop\",\"item\":\"https:\\\/\\\/lalmachine.com\\\/shop\\\/\"},{\"@type\":\"ListItem\",\"position\":3,\"name\":\"Chauffeuse\"}]},{\"@type\":\"WebSite\",\"@id\":\"https:\\\/\\\/lalmachine.com\\\/#website\",\"url\":\"https:\\\/\\\/lalmachine.com\\\/\",\"name\":\"lalmachine.com\",\"description\":\"Brocante en ligne Suisse | Mobilier et objets d\u00e9co vintage et design\",\"potentialAction\":[{\"@type\":\"SearchAction\",\"target\":{\"@type\":\"EntryPoint\",\"urlTemplate\":\"https:\\\/\\\/lalmachine.com\\\/?s={search_term_string}\"},\"query-input\":{\"@type\":\"PropertyValueSpecification\",\"valueRequired\":true,\"valueName\":\"search_term_string\"}}],\"inLanguage\":\"de\"}]}<\/script>\n<!-- \/ Yoast SEO plugin. -->","yoast_head_json":{"title":"Chauffeuse | lalmachine.com, mobilier et objets d\u00e9co vintage et design","description":"Chauffeuse orange vintage en velours c\u00f4tel\u00e9. Le canap\u00e9 est tr\u00e8s l\u00e9ger et peut \u00eatre facilement d\u00e9plac\u00e9 par une personne seule. L\u2019assise est confortable (hauteur de 36 cm environ).","robots":{"index":"index","follow":"follow","max-snippet":"max-snippet:-1","max-image-preview":"max-image-preview:large","max-video-preview":"max-video-preview:-1"},"canonical":"https:\/\/lalmachine.com\/de\/shop\/sasseoir\/canape-fauteuil-pouf\/chauffeuse\/","og_locale":"de_DE","og_type":"article","og_title":"Chauffeuse | lalmachine.com, mobilier et objets d\u00e9co vintage et design","og_description":"Chauffeuse orange vintage en velours c\u00f4tel\u00e9. Le canap\u00e9 est tr\u00e8s l\u00e9ger et peut \u00eatre facilement d\u00e9plac\u00e9 par une personne seule. L\u2019assise est confortable (hauteur de 36 cm environ).","og_url":"https:\/\/lalmachine.com\/de\/shop\/sasseoir\/canape-fauteuil-pouf\/chauffeuse\/","og_site_name":"lalmachine.com","article_publisher":"https:\/\/facebook.com\/lalmachine","article_modified_time":"2024-12-05T20:51:11+00:00","og_image":[{"width":2560,"height":2560,"url":"https:\/\/lalmachine.com\/wp-content\/uploads\/2021\/05\/F1D0CAE6-3E39-4AF0-8C96-69DDC5E69C93-8928950b-scaled_clipped_rev_1-scaled.jpg","type":"image\/jpeg"}],"twitter_card":"summary_large_image","schema":{"@context":"https:\/\/schema.org","@graph":[{"@type":"WebPage","@id":"https:\/\/lalmachine.com\/shop\/sasseoir\/canape-fauteuil-pouf\/chauffeuse\/","url":"https:\/\/lalmachine.com\/shop\/sasseoir\/canape-fauteuil-pouf\/chauffeuse\/","name":"Chauffeuse | lalmachine.com, mobilier et objets d\u00e9co vintage et design","isPartOf":{"@id":"https:\/\/lalmachine.com\/#website"},"primaryImageOfPage":{"@id":"https:\/\/lalmachine.com\/shop\/sasseoir\/canape-fauteuil-pouf\/chauffeuse\/#primaryimage"},"image":{"@id":"https:\/\/lalmachine.com\/shop\/sasseoir\/canape-fauteuil-pouf\/chauffeuse\/#primaryimage"},"thumbnailUrl":"https:\/\/lalmachine.com\/wp-content\/uploads\/2021\/05\/F1D0CAE6-3E39-4AF0-8C96-69DDC5E69C93-8928950b-scaled_clipped_rev_1-scaled.jpg","datePublished":"2021-05-06T10:06:17+00:00","dateModified":"2024-12-05T20:51:11+00:00","description":"Chauffeuse orange vintage en velours c\u00f4tel\u00e9. Le canap\u00e9 est tr\u00e8s l\u00e9ger et peut \u00eatre facilement d\u00e9plac\u00e9 par une personne seule. L\u2019assise est confortable (hauteur de 36 cm environ).","breadcrumb":{"@id":"https:\/\/lalmachine.com\/shop\/sasseoir\/canape-fauteuil-pouf\/chauffeuse\/#breadcrumb"},"inLanguage":"de","potentialAction":[{"@type":"ReadAction","target":["https:\/\/lalmachine.com\/shop\/sasseoir\/canape-fauteuil-pouf\/chauffeuse\/"]}]},{"@type":"ImageObject","inLanguage":"de","@id":"https:\/\/lalmachine.com\/shop\/sasseoir\/canape-fauteuil-pouf\/chauffeuse\/#primaryimage","url":"https:\/\/lalmachine.com\/wp-content\/uploads\/2021\/05\/F1D0CAE6-3E39-4AF0-8C96-69DDC5E69C93-8928950b-scaled_clipped_rev_1-scaled.jpg","contentUrl":"https:\/\/lalmachine.com\/wp-content\/uploads\/2021\/05\/F1D0CAE6-3E39-4AF0-8C96-69DDC5E69C93-8928950b-scaled_clipped_rev_1-scaled.jpg","width":2560,"height":2560},{"@type":"BreadcrumbList","@id":"https:\/\/lalmachine.com\/shop\/sasseoir\/canape-fauteuil-pouf\/chauffeuse\/#breadcrumb","itemListElement":[{"@type":"ListItem","position":1,"name":"Accueil","item":"https:\/\/lalmachine.com\/"},{"@type":"ListItem","position":2,"name":"Shop","item":"https:\/\/lalmachine.com\/shop\/"},{"@type":"ListItem","position":3,"name":"Chauffeuse"}]},{"@type":"WebSite","@id":"https:\/\/lalmachine.com\/#website","url":"https:\/\/lalmachine.com\/","name":"lalmachine.com","description":"Brocante en ligne Suisse | Mobilier et objets d\u00e9co vintage et design","potentialAction":[{"@type":"SearchAction","target":{"@type":"EntryPoint","urlTemplate":"https:\/\/lalmachine.com\/?s={search_term_string}"},"query-input":{"@type":"PropertyValueSpecification","valueRequired":true,"valueName":"search_term_string"}}],"inLanguage":"de"}]}},"_links":{"self":[{"href":"https:\/\/lalmachine.com\/de\/wp-json\/wp\/v2\/product\/53122","targetHints":{"allow":["GET"]}}],"collection":[{"href":"https:\/\/lalmachine.com\/de\/wp-json\/wp\/v2\/product"}],"about":[{"href":"https:\/\/lalmachine.com\/de\/wp-json\/wp\/v2\/types\/product"}],"wp:featuredmedia":[{"embeddable":true,"href":"https:\/\/lalmachine.com\/de\/wp-json\/wp\/v2\/media\/53233"}],"wp:attachment":[{"href":"https:\/\/lalmachine.com\/de\/wp-json\/wp\/v2\/media?parent=53122"}],"wp:term":[{"taxonomy":"product_brand","embeddable":true,"href":"https:\/\/lalmachine.com\/de\/wp-json\/wp\/v2\/product_brand?post=53122"},{"taxonomy":"product_cat","embeddable":true,"href":"https:\/\/lalmachine.com\/de\/wp-json\/wp\/v2\/product_cat?post=53122"},{"taxonomy":"product_tag","embeddable":true,"href":"https:\/\/lalmachine.com\/de\/wp-json\/wp\/v2\/product_tag?post=53122"},{"taxonomy":"proximite","embeddable":true,"href":"https:\/\/lalmachine.com\/de\/wp-json\/wp\/v2\/proximite?post=53122"}],"curies":[{"name":"wp","href":"https:\/\/api.w.org\/{rel}","templated":true}]}}