{"id":54198,"date":"2021-05-15T12:46:08","date_gmt":"2021-05-15T10:46:08","guid":{"rendered":"https:\/\/lalmachine.com\/?post_type=product&#038;p=54198"},"modified":"2024-12-05T21:51:13","modified_gmt":"2024-12-05T20:51:13","slug":"etagere-simple-victoria","status":"publish","type":"product","link":"https:\/\/lalmachine.com\/de\/shop\/meubler\/meuble-de-rangement\/etagere-simple-victoria\/","title":{"rendered":"\u00c9tag\u00e8re simple Victoria"},"content":{"rendered":"<ul class=\"wpuf_customs\"><li style=\"list-style-type:none;\"><label>Autres photos:<\/label> <a href=\"https:\/\/lalmachine.com\/wp-content\/uploads\/2021\/05\/9108E09B-17DA-435C-89CA-C0ADD0FD7152-0dd663f2-scaled.jpeg\"><img loading=\"lazy\" decoding=\"async\" width=\"128\" height=\"96\" src=\"https:\/\/lalmachine.com\/wp-content\/uploads\/2021\/05\/9108E09B-17DA-435C-89CA-C0ADD0FD7152-0dd663f2-scaled.jpeg\" class=\"attachment-thumbnail size-thumbnail\" alt=\"\u00c9tag\u00e8re simple Victoria\" \/><\/a> <a href=\"https:\/\/lalmachine.com\/wp-content\/uploads\/2021\/05\/7939289B-7B6B-4466-9DDB-D8070C334162-9d528ee9-scaled.jpeg\"><img loading=\"lazy\" decoding=\"async\" width=\"72\" height=\"96\" src=\"https:\/\/lalmachine.com\/wp-content\/uploads\/2021\/05\/7939289B-7B6B-4466-9DDB-D8070C334162-9d528ee9-scaled.jpeg\" class=\"attachment-thumbnail size-thumbnail\" alt=\"\" \/><\/a> <a href=\"https:\/\/lalmachine.com\/wp-content\/uploads\/2021\/05\/F39B2A37-E86F-4972-A2E0-23AF2F56162F-a05e97b5-scaled.jpeg\"><img loading=\"lazy\" decoding=\"async\" width=\"72\" height=\"96\" src=\"https:\/\/lalmachine.com\/wp-content\/uploads\/2021\/05\/F39B2A37-E86F-4972-A2E0-23AF2F56162F-a05e97b5-scaled.jpeg\" class=\"attachment-thumbnail size-thumbnail\" alt=\"\" \/><\/a> <a href=\"https:\/\/lalmachine.com\/wp-content\/uploads\/2021\/05\/4A6839D3-7306-40EA-85AF-E7E6C69F12AE-83aa1956-scaled.jpeg\"><img loading=\"lazy\" decoding=\"async\" width=\"128\" height=\"96\" src=\"https:\/\/lalmachine.com\/wp-content\/uploads\/2021\/05\/4A6839D3-7306-40EA-85AF-E7E6C69F12AE-83aa1956-scaled.jpeg\" class=\"attachment-thumbnail size-thumbnail\" alt=\"\" \/><\/a> <a href=\"https:\/\/lalmachine.com\/wp-content\/uploads\/2021\/05\/F7FF2CA6-C7C6-49F5-B580-6E9677837913-5883aa58-scaled.jpeg\"><img loading=\"lazy\" decoding=\"async\" width=\"72\" height=\"96\" src=\"https:\/\/lalmachine.com\/wp-content\/uploads\/2021\/05\/F7FF2CA6-C7C6-49F5-B580-6E9677837913-5883aa58-scaled.jpeg\" class=\"attachment-thumbnail size-thumbnail\" alt=\"\" \/><\/a> <a href=\"https:\/\/lalmachine.com\/wp-content\/uploads\/2021\/05\/A3871F1B-3495-4A67-B80E-9783855AB1C2-62a38f07-scaled.jpeg\"><img loading=\"lazy\" decoding=\"async\" width=\"72\" height=\"96\" src=\"https:\/\/lalmachine.com\/wp-content\/uploads\/2021\/05\/A3871F1B-3495-4A67-B80E-9783855AB1C2-62a38f07-scaled.jpeg\" class=\"attachment-thumbnail size-thumbnail\" alt=\"\" \/><\/a> <\/li>        <li class=\"wpuf-field-data wpuf-field-data-numeric_text_field\">\n                            <label>Prix:<\/label>\n                        50        <\/li>\n                <li class=\"wpuf-field-data wpuf-field-data-numeric_text_field\">\n                            <label>Hauteur (cm):<\/label>\n                        22        <\/li>\n                <li class=\"wpuf-field-data wpuf-field-data-numeric_text_field\">\n                            <label>Largeur (cm):<\/label>\n                        106        <\/li>\n                <li class=\"wpuf-field-data wpuf-field-data-numeric_text_field\">\n                            <label>Profondeur (cm):<\/label>\n                        19        <\/li>\n        <\/ul>","protected":false},"excerpt":{"rendered":"<p>\u00c9tag\u00e8re simple du fabricant suisse de meubles Victoria en fr\u00eane clair. Design et fabrication des ann\u00e9es 60. L\u2019\u00e9tag\u00e8re se fixe au mur \u00e0 l\u2019aide de simples vis coud\u00e9es (non fournies). Son \u00e9tat est bon, elle n\u2019a qu\u2019une petite trace maquill\u00e9e dans un angle (voir photo).<br \/>\nLivraison possible, prix en fonction de la distance.<\/p>","protected":false},"featured_media":0,"template":"","meta":{"_et_pb_use_builder":"","_et_pb_old_content":"","_et_gb_content_width":""},"product_brand":[],"product_cat":[83,47],"product_tag":[],"proximite":[177,235],"class_list":{"0":"post-54198","1":"product","2":"type-product","3":"status-publish","5":"product_cat-meuble-de-rangement","6":"product_cat-meubler","7":"pa_couleur-bois","8":"pa_etat-bon-etat","9":"pa_materiau-bois","10":"pa_style-vintage","11":"proximite-fribourg","12":"proximite-sarine","14":"first","15":"outofstock","16":"shipping-taxable","17":"purchasable","18":"product-type-simple"},"yoast_head":"<!-- This site is optimized with the Yoast SEO plugin v27.4 - https:\/\/yoast.com\/product\/yoast-seo-wordpress\/ -->\n<title>\u00c9tag\u00e8re simple Victoria | lalmachine.com, mobilier et objets d\u00e9co vintage et design<\/title>\n<meta name=\"description\" content=\"\u00c9tag\u00e8re simple du fabricant suisse de meubles Victoria en fr\u00eane clair. Design et fabrication des ann\u00e9es 60. L\u2019\u00e9tag\u00e8re se fixe au mur \u00e0 l\u2019aide de simples vis coud\u00e9es (non fournies). Son \u00e9tat est bon, elle n\u2019a qu\u2019une petite trace maquill\u00e9e dans un angle (voir photo).\" \/>\n<meta name=\"robots\" content=\"index, follow, max-snippet:-1, max-image-preview:large, max-video-preview:-1\" \/>\n<link rel=\"canonical\" href=\"https:\/\/lalmachine.com\/de\/shop\/meubler\/meuble-de-rangement\/etagere-simple-victoria\/\" \/>\n<meta property=\"og:locale\" content=\"de_DE\" \/>\n<meta property=\"og:type\" content=\"article\" \/>\n<meta property=\"og:title\" content=\"\u00c9tag\u00e8re simple Victoria | lalmachine.com, mobilier et objets d\u00e9co vintage et design\" \/>\n<meta property=\"og:description\" content=\"\u00c9tag\u00e8re simple du fabricant suisse de meubles Victoria en fr\u00eane clair. Design et fabrication des ann\u00e9es 60. L\u2019\u00e9tag\u00e8re se fixe au mur \u00e0 l\u2019aide de simples vis coud\u00e9es (non fournies). Son \u00e9tat est bon, elle n\u2019a qu\u2019une petite trace maquill\u00e9e dans un angle (voir photo).\" \/>\n<meta property=\"og:url\" content=\"https:\/\/lalmachine.com\/de\/shop\/meubler\/meuble-de-rangement\/etagere-simple-victoria\/\" \/>\n<meta property=\"og:site_name\" content=\"lalmachine.com\" \/>\n<meta property=\"article:publisher\" content=\"https:\/\/facebook.com\/lalmachine\" \/>\n<meta property=\"article:modified_time\" content=\"2024-12-05T20:51:13+00:00\" \/>\n<meta name=\"twitter:card\" content=\"summary_large_image\" \/>\n<script type=\"application\/ld+json\" class=\"yoast-schema-graph\">{\"@context\":\"https:\\\/\\\/schema.org\",\"@graph\":[{\"@type\":\"WebPage\",\"@id\":\"https:\\\/\\\/lalmachine.com\\\/shop\\\/meubler\\\/meuble-de-rangement\\\/etagere-simple-victoria\\\/\",\"url\":\"https:\\\/\\\/lalmachine.com\\\/shop\\\/meubler\\\/meuble-de-rangement\\\/etagere-simple-victoria\\\/\",\"name\":\"\u00c9tag\u00e8re simple Victoria | lalmachine.com, mobilier et objets d\u00e9co vintage et design\",\"isPartOf\":{\"@id\":\"https:\\\/\\\/lalmachine.com\\\/#website\"},\"datePublished\":\"2021-05-15T10:46:08+00:00\",\"dateModified\":\"2024-12-05T20:51:13+00:00\",\"description\":\"\u00c9tag\u00e8re simple du fabricant suisse de meubles Victoria en fr\u00eane clair. Design et fabrication des ann\u00e9es 60. L\u2019\u00e9tag\u00e8re se fixe au mur \u00e0 l\u2019aide de simples vis coud\u00e9es (non fournies). Son \u00e9tat est bon, elle n\u2019a qu\u2019une petite trace maquill\u00e9e dans un angle (voir photo).\",\"breadcrumb\":{\"@id\":\"https:\\\/\\\/lalmachine.com\\\/shop\\\/meubler\\\/meuble-de-rangement\\\/etagere-simple-victoria\\\/#breadcrumb\"},\"inLanguage\":\"de\",\"potentialAction\":[{\"@type\":\"ReadAction\",\"target\":[\"https:\\\/\\\/lalmachine.com\\\/shop\\\/meubler\\\/meuble-de-rangement\\\/etagere-simple-victoria\\\/\"]}]},{\"@type\":\"BreadcrumbList\",\"@id\":\"https:\\\/\\\/lalmachine.com\\\/shop\\\/meubler\\\/meuble-de-rangement\\\/etagere-simple-victoria\\\/#breadcrumb\",\"itemListElement\":[{\"@type\":\"ListItem\",\"position\":1,\"name\":\"Accueil\",\"item\":\"https:\\\/\\\/lalmachine.com\\\/\"},{\"@type\":\"ListItem\",\"position\":2,\"name\":\"Shop\",\"item\":\"https:\\\/\\\/lalmachine.com\\\/shop\\\/\"},{\"@type\":\"ListItem\",\"position\":3,\"name\":\"\u00c9tag\u00e8re simple Victoria\"}]},{\"@type\":\"WebSite\",\"@id\":\"https:\\\/\\\/lalmachine.com\\\/#website\",\"url\":\"https:\\\/\\\/lalmachine.com\\\/\",\"name\":\"lalmachine.com\",\"description\":\"Brocante en ligne Suisse | Mobilier et objets d\u00e9co vintage et design\",\"potentialAction\":[{\"@type\":\"SearchAction\",\"target\":{\"@type\":\"EntryPoint\",\"urlTemplate\":\"https:\\\/\\\/lalmachine.com\\\/?s={search_term_string}\"},\"query-input\":{\"@type\":\"PropertyValueSpecification\",\"valueRequired\":true,\"valueName\":\"search_term_string\"}}],\"inLanguage\":\"de\"}]}<\/script>\n<!-- \/ Yoast SEO plugin. -->","yoast_head_json":{"title":"\u00c9tag\u00e8re simple Victoria | lalmachine.com, mobilier et objets d\u00e9co vintage et design","description":"\u00c9tag\u00e8re simple du fabricant suisse de meubles Victoria en fr\u00eane clair. Design et fabrication des ann\u00e9es 60. L\u2019\u00e9tag\u00e8re se fixe au mur \u00e0 l\u2019aide de simples vis coud\u00e9es (non fournies). Son \u00e9tat est bon, elle n\u2019a qu\u2019une petite trace maquill\u00e9e dans un angle (voir photo).","robots":{"index":"index","follow":"follow","max-snippet":"max-snippet:-1","max-image-preview":"max-image-preview:large","max-video-preview":"max-video-preview:-1"},"canonical":"https:\/\/lalmachine.com\/de\/shop\/meubler\/meuble-de-rangement\/etagere-simple-victoria\/","og_locale":"de_DE","og_type":"article","og_title":"\u00c9tag\u00e8re simple Victoria | lalmachine.com, mobilier et objets d\u00e9co vintage et design","og_description":"\u00c9tag\u00e8re simple du fabricant suisse de meubles Victoria en fr\u00eane clair. Design et fabrication des ann\u00e9es 60. L\u2019\u00e9tag\u00e8re se fixe au mur \u00e0 l\u2019aide de simples vis coud\u00e9es (non fournies). Son \u00e9tat est bon, elle n\u2019a qu\u2019une petite trace maquill\u00e9e dans un angle (voir photo).","og_url":"https:\/\/lalmachine.com\/de\/shop\/meubler\/meuble-de-rangement\/etagere-simple-victoria\/","og_site_name":"lalmachine.com","article_publisher":"https:\/\/facebook.com\/lalmachine","article_modified_time":"2024-12-05T20:51:13+00:00","twitter_card":"summary_large_image","schema":{"@context":"https:\/\/schema.org","@graph":[{"@type":"WebPage","@id":"https:\/\/lalmachine.com\/shop\/meubler\/meuble-de-rangement\/etagere-simple-victoria\/","url":"https:\/\/lalmachine.com\/shop\/meubler\/meuble-de-rangement\/etagere-simple-victoria\/","name":"\u00c9tag\u00e8re simple Victoria | lalmachine.com, mobilier et objets d\u00e9co vintage et design","isPartOf":{"@id":"https:\/\/lalmachine.com\/#website"},"datePublished":"2021-05-15T10:46:08+00:00","dateModified":"2024-12-05T20:51:13+00:00","description":"\u00c9tag\u00e8re simple du fabricant suisse de meubles Victoria en fr\u00eane clair. Design et fabrication des ann\u00e9es 60. L\u2019\u00e9tag\u00e8re se fixe au mur \u00e0 l\u2019aide de simples vis coud\u00e9es (non fournies). Son \u00e9tat est bon, elle n\u2019a qu\u2019une petite trace maquill\u00e9e dans un angle (voir photo).","breadcrumb":{"@id":"https:\/\/lalmachine.com\/shop\/meubler\/meuble-de-rangement\/etagere-simple-victoria\/#breadcrumb"},"inLanguage":"de","potentialAction":[{"@type":"ReadAction","target":["https:\/\/lalmachine.com\/shop\/meubler\/meuble-de-rangement\/etagere-simple-victoria\/"]}]},{"@type":"BreadcrumbList","@id":"https:\/\/lalmachine.com\/shop\/meubler\/meuble-de-rangement\/etagere-simple-victoria\/#breadcrumb","itemListElement":[{"@type":"ListItem","position":1,"name":"Accueil","item":"https:\/\/lalmachine.com\/"},{"@type":"ListItem","position":2,"name":"Shop","item":"https:\/\/lalmachine.com\/shop\/"},{"@type":"ListItem","position":3,"name":"\u00c9tag\u00e8re simple Victoria"}]},{"@type":"WebSite","@id":"https:\/\/lalmachine.com\/#website","url":"https:\/\/lalmachine.com\/","name":"lalmachine.com","description":"Brocante en ligne Suisse | Mobilier et objets d\u00e9co vintage et design","potentialAction":[{"@type":"SearchAction","target":{"@type":"EntryPoint","urlTemplate":"https:\/\/lalmachine.com\/?s={search_term_string}"},"query-input":{"@type":"PropertyValueSpecification","valueRequired":true,"valueName":"search_term_string"}}],"inLanguage":"de"}]}},"_links":{"self":[{"href":"https:\/\/lalmachine.com\/de\/wp-json\/wp\/v2\/product\/54198","targetHints":{"allow":["GET"]}}],"collection":[{"href":"https:\/\/lalmachine.com\/de\/wp-json\/wp\/v2\/product"}],"about":[{"href":"https:\/\/lalmachine.com\/de\/wp-json\/wp\/v2\/types\/product"}],"wp:attachment":[{"href":"https:\/\/lalmachine.com\/de\/wp-json\/wp\/v2\/media?parent=54198"}],"wp:term":[{"taxonomy":"product_brand","embeddable":true,"href":"https:\/\/lalmachine.com\/de\/wp-json\/wp\/v2\/product_brand?post=54198"},{"taxonomy":"product_cat","embeddable":true,"href":"https:\/\/lalmachine.com\/de\/wp-json\/wp\/v2\/product_cat?post=54198"},{"taxonomy":"product_tag","embeddable":true,"href":"https:\/\/lalmachine.com\/de\/wp-json\/wp\/v2\/product_tag?post=54198"},{"taxonomy":"proximite","embeddable":true,"href":"https:\/\/lalmachine.com\/de\/wp-json\/wp\/v2\/proximite?post=54198"}],"curies":[{"name":"wp","href":"https:\/\/api.w.org\/{rel}","templated":true}]}}