{"id":54933,"date":"2021-05-19T08:14:48","date_gmt":"2021-05-19T06:14:48","guid":{"rendered":"https:\/\/lalmachine.com\/?post_type=product&#038;p=54933"},"modified":"2024-12-05T21:51:14","modified_gmt":"2024-12-05T20:51:14","slug":"canape-togo-de-ligne-roset","status":"publish","type":"product","link":"https:\/\/lalmachine.com\/de\/shop\/sasseoir\/canape-fauteuil-pouf\/canape-togo-de-ligne-roset\/","title":{"rendered":"Canap\u00e9 Togo de Ligne Roset"},"content":{"rendered":"<ul class=\"wpuf_customs\"><li style=\"list-style-type:none;\"><label>Autres photos:<\/label> <a href=\"https:\/\/lalmachine.com\/wp-content\/uploads\/2021\/05\/6D4B7828-4747-4382-8006-957EDEFD3364-5ea9b5c7-scaled.jpeg\"><img loading=\"lazy\" decoding=\"async\" width=\"128\" height=\"96\" src=\"https:\/\/lalmachine.com\/wp-content\/uploads\/2021\/05\/6D4B7828-4747-4382-8006-957EDEFD3364-5ea9b5c7-scaled.jpeg\" class=\"attachment-thumbnail size-thumbnail\" alt=\"\" \/><\/a> <a href=\"https:\/\/lalmachine.com\/wp-content\/uploads\/2021\/05\/B72CE78F-9766-4F21-A5F9-31B584703523-f187936d-scaled.jpeg\"><img loading=\"lazy\" decoding=\"async\" width=\"128\" height=\"96\" src=\"https:\/\/lalmachine.com\/wp-content\/uploads\/2021\/05\/B72CE78F-9766-4F21-A5F9-31B584703523-f187936d-scaled.jpeg\" class=\"attachment-thumbnail size-thumbnail\" alt=\"\" \/><\/a> <a href=\"https:\/\/lalmachine.com\/wp-content\/uploads\/2021\/05\/AB0CBA8C-89AA-475B-A703-E9AA70D82831-aa5e9057-scaled.jpeg\"><img loading=\"lazy\" decoding=\"async\" width=\"128\" height=\"96\" src=\"https:\/\/lalmachine.com\/wp-content\/uploads\/2021\/05\/AB0CBA8C-89AA-475B-A703-E9AA70D82831-aa5e9057-scaled.jpeg\" class=\"attachment-thumbnail size-thumbnail\" alt=\"\" \/><\/a> <a href=\"https:\/\/lalmachine.com\/wp-content\/uploads\/2021\/05\/56C08619-F506-4A35-82CB-CF00F1F6987A-79f81a90-scaled.jpeg\"><img loading=\"lazy\" decoding=\"async\" width=\"128\" height=\"96\" src=\"https:\/\/lalmachine.com\/wp-content\/uploads\/2021\/05\/56C08619-F506-4A35-82CB-CF00F1F6987A-79f81a90-scaled.jpeg\" class=\"attachment-thumbnail size-thumbnail\" alt=\"\" \/><\/a> <a href=\"https:\/\/lalmachine.com\/wp-content\/uploads\/2021\/05\/32159F40-E8A3-47BA-84C3-EBA81C5D5892-70712064-scaled.jpeg\"><img loading=\"lazy\" decoding=\"async\" width=\"128\" height=\"96\" src=\"https:\/\/lalmachine.com\/wp-content\/uploads\/2021\/05\/32159F40-E8A3-47BA-84C3-EBA81C5D5892-70712064-scaled.jpeg\" class=\"attachment-thumbnail size-thumbnail\" alt=\"\" \/><\/a> <a href=\"https:\/\/lalmachine.com\/wp-content\/uploads\/2021\/05\/D886608A-E469-44A1-BCE6-9E7CAE0B8177-cc6ff371-scaled.jpeg\"><img loading=\"lazy\" decoding=\"async\" width=\"128\" height=\"96\" src=\"https:\/\/lalmachine.com\/wp-content\/uploads\/2021\/05\/D886608A-E469-44A1-BCE6-9E7CAE0B8177-cc6ff371-scaled.jpeg\" class=\"attachment-thumbnail size-thumbnail\" alt=\"\" \/><\/a> <a href=\"https:\/\/lalmachine.com\/wp-content\/uploads\/2021\/05\/102F73D2-1EFA-41AB-93B7-B3304ED8545E-3dd6a961-scaled.jpeg\"><img loading=\"lazy\" decoding=\"async\" width=\"128\" height=\"96\" src=\"https:\/\/lalmachine.com\/wp-content\/uploads\/2021\/05\/102F73D2-1EFA-41AB-93B7-B3304ED8545E-3dd6a961-scaled.jpeg\" class=\"attachment-thumbnail size-thumbnail\" alt=\"\" \/><\/a> <a href=\"https:\/\/lalmachine.com\/wp-content\/uploads\/2021\/05\/8C99F0BF-A8DC-4CDF-8705-26FCA093E673-24595728-scaled.jpeg\"><img loading=\"lazy\" decoding=\"async\" width=\"128\" height=\"96\" src=\"https:\/\/lalmachine.com\/wp-content\/uploads\/2021\/05\/8C99F0BF-A8DC-4CDF-8705-26FCA093E673-24595728-scaled.jpeg\" class=\"attachment-thumbnail size-thumbnail\" alt=\"\" \/><\/a> <a href=\"https:\/\/lalmachine.com\/wp-content\/uploads\/2021\/05\/9537E95F-7FC8-4185-ADC7-FCBE4FCD3E2F-e73c6e0d-scaled.jpeg\"><img loading=\"lazy\" decoding=\"async\" width=\"72\" height=\"96\" src=\"https:\/\/lalmachine.com\/wp-content\/uploads\/2021\/05\/9537E95F-7FC8-4185-ADC7-FCBE4FCD3E2F-e73c6e0d-scaled.jpeg\" class=\"attachment-thumbnail size-thumbnail\" alt=\"\" \/><\/a> <a href=\"https:\/\/lalmachine.com\/wp-content\/uploads\/2021\/05\/CB16F1B2-5038-4F7E-8EA4-01DEFFAF5E61-a2b99994-scaled.jpeg\"><img loading=\"lazy\" decoding=\"async\" width=\"128\" height=\"96\" src=\"https:\/\/lalmachine.com\/wp-content\/uploads\/2021\/05\/CB16F1B2-5038-4F7E-8EA4-01DEFFAF5E61-a2b99994-scaled.jpeg\" class=\"attachment-thumbnail size-thumbnail\" alt=\"\" \/><\/a> <a href=\"https:\/\/lalmachine.com\/wp-content\/uploads\/2021\/05\/B98484BF-55AC-4EF7-A693-3E6CA1DAC09C-33b45269-scaled.jpeg\"><img loading=\"lazy\" decoding=\"async\" width=\"128\" height=\"96\" src=\"https:\/\/lalmachine.com\/wp-content\/uploads\/2021\/05\/B98484BF-55AC-4EF7-A693-3E6CA1DAC09C-33b45269-scaled.jpeg\" class=\"attachment-thumbnail size-thumbnail\" alt=\"\" \/><\/a> <\/li>        <li class=\"wpuf-field-data wpuf-field-data-numeric_text_field\">\n                            <label>Prix:<\/label>\n                        1900        <\/li>\n                <li class=\"wpuf-field-data wpuf-field-data-numeric_text_field\">\n                            <label>Hauteur (cm):<\/label>\n                        70        <\/li>\n                <li class=\"wpuf-field-data wpuf-field-data-numeric_text_field\">\n                            <label>Largeur (cm):<\/label>\n                        174        <\/li>\n                <li class=\"wpuf-field-data wpuf-field-data-numeric_text_field\">\n                            <label>Profondeur (cm):<\/label>\n                        102        <\/li>\n        <\/ul>","protected":false},"excerpt":{"rendered":"<p>Canap\u00e9 3 places Togo de Michel Ducaroy pour Ligne Roset. Cuir brun fonc\u00e9 \u00ab\u00a0Diva Moka\u00a0\u00bb de qualit\u00e9 sup\u00e9rieure. Produit en 2003 et vendu, \u00e0 l\u2019\u00e9poque, 4238 CHF (facture \u00e0 l\u2019appui).<br \/>\nL\u2019\u00e9tat du canap\u00e9 est irr\u00e9prochable: le cuir est en parfait \u00e9tat, la mousse est ferme, le tissu du dessous est comme neuf et le canap\u00e9 est propre.<br \/>\nLivraison possible, prix en fonction de la distance.<\/p>","protected":false},"featured_media":55085,"template":"","meta":{"_et_pb_use_builder":"","_et_pb_old_content":"","_et_gb_content_width":""},"product_brand":[],"product_cat":[99,48],"product_tag":[],"proximite":[177,235],"class_list":{"0":"post-54933","1":"product","2":"type-product","3":"status-publish","4":"has-post-thumbnail","6":"product_cat-canape-fauteuil-pouf","7":"product_cat-sasseoir","8":"pa_couleur-marron","9":"pa_designer-ducaroy-michel","10":"pa_etat-tres-bon-etat","11":"pa_materiau-cuir","12":"pa_style-design","13":"proximite-fribourg","14":"proximite-sarine","16":"first","17":"outofstock","18":"shipping-taxable","19":"purchasable","20":"product-type-simple"},"yoast_head":"<!-- This site is optimized with the Yoast SEO plugin v27.4 - https:\/\/yoast.com\/product\/yoast-seo-wordpress\/ -->\n<title>Canap\u00e9 Togo de Ligne Roset | lalmachine.com, mobilier et objets d\u00e9co vintage et design<\/title>\n<meta name=\"description\" content=\"Canap\u00e9 3 places Togo de Michel Ducaroy pour Ligne Roset. Cuir brun fonc\u00e9 \u00ab\u00a0Diva Moka\u00a0\u00bb de qualit\u00e9 sup\u00e9rieure.\" \/>\n<meta name=\"robots\" content=\"index, follow, max-snippet:-1, max-image-preview:large, max-video-preview:-1\" \/>\n<link rel=\"canonical\" href=\"https:\/\/lalmachine.com\/de\/shop\/sasseoir\/canape-fauteuil-pouf\/canape-togo-de-ligne-roset\/\" \/>\n<meta property=\"og:locale\" content=\"de_DE\" \/>\n<meta property=\"og:type\" content=\"article\" \/>\n<meta property=\"og:title\" content=\"Canap\u00e9 Togo de Ligne Roset | lalmachine.com, mobilier et objets d\u00e9co vintage et design\" \/>\n<meta property=\"og:description\" content=\"Canap\u00e9 3 places Togo de Michel Ducaroy pour Ligne Roset. Cuir brun fonc\u00e9 \u00ab\u00a0Diva Moka\u00a0\u00bb de qualit\u00e9 sup\u00e9rieure.\" \/>\n<meta property=\"og:url\" content=\"https:\/\/lalmachine.com\/de\/shop\/sasseoir\/canape-fauteuil-pouf\/canape-togo-de-ligne-roset\/\" \/>\n<meta property=\"og:site_name\" content=\"lalmachine.com\" \/>\n<meta property=\"article:publisher\" content=\"https:\/\/facebook.com\/lalmachine\" \/>\n<meta property=\"article:modified_time\" content=\"2024-12-05T20:51:14+00:00\" \/>\n<meta property=\"og:image\" content=\"https:\/\/lalmachine.com\/wp-content\/uploads\/2021\/05\/6D4B7828-4747-4382-8006-957EDEFD3364-5ea9b5c7-scaled_clipped_rev_1-scaled.jpg\" \/>\n\t<meta property=\"og:image:width\" content=\"2560\" \/>\n\t<meta property=\"og:image:height\" content=\"2560\" \/>\n\t<meta property=\"og:image:type\" content=\"image\/jpeg\" \/>\n<meta name=\"twitter:card\" content=\"summary_large_image\" \/>\n<script type=\"application\/ld+json\" class=\"yoast-schema-graph\">{\"@context\":\"https:\\\/\\\/schema.org\",\"@graph\":[{\"@type\":\"WebPage\",\"@id\":\"https:\\\/\\\/lalmachine.com\\\/shop\\\/sasseoir\\\/canape-fauteuil-pouf\\\/canape-togo-de-ligne-roset\\\/\",\"url\":\"https:\\\/\\\/lalmachine.com\\\/shop\\\/sasseoir\\\/canape-fauteuil-pouf\\\/canape-togo-de-ligne-roset\\\/\",\"name\":\"Canap\u00e9 Togo de Ligne Roset | lalmachine.com, mobilier et objets d\u00e9co vintage et design\",\"isPartOf\":{\"@id\":\"https:\\\/\\\/lalmachine.com\\\/#website\"},\"primaryImageOfPage\":{\"@id\":\"https:\\\/\\\/lalmachine.com\\\/shop\\\/sasseoir\\\/canape-fauteuil-pouf\\\/canape-togo-de-ligne-roset\\\/#primaryimage\"},\"image\":{\"@id\":\"https:\\\/\\\/lalmachine.com\\\/shop\\\/sasseoir\\\/canape-fauteuil-pouf\\\/canape-togo-de-ligne-roset\\\/#primaryimage\"},\"thumbnailUrl\":\"https:\\\/\\\/lalmachine.com\\\/wp-content\\\/uploads\\\/2021\\\/05\\\/6D4B7828-4747-4382-8006-957EDEFD3364-5ea9b5c7-scaled_clipped_rev_1-scaled.jpg\",\"datePublished\":\"2021-05-19T06:14:48+00:00\",\"dateModified\":\"2024-12-05T20:51:14+00:00\",\"description\":\"Canap\u00e9 3 places Togo de Michel Ducaroy pour Ligne Roset. Cuir brun fonc\u00e9 \u00ab\u00a0Diva Moka\u00a0\u00bb de qualit\u00e9 sup\u00e9rieure.\",\"breadcrumb\":{\"@id\":\"https:\\\/\\\/lalmachine.com\\\/shop\\\/sasseoir\\\/canape-fauteuil-pouf\\\/canape-togo-de-ligne-roset\\\/#breadcrumb\"},\"inLanguage\":\"de\",\"potentialAction\":[{\"@type\":\"ReadAction\",\"target\":[\"https:\\\/\\\/lalmachine.com\\\/shop\\\/sasseoir\\\/canape-fauteuil-pouf\\\/canape-togo-de-ligne-roset\\\/\"]}]},{\"@type\":\"ImageObject\",\"inLanguage\":\"de\",\"@id\":\"https:\\\/\\\/lalmachine.com\\\/shop\\\/sasseoir\\\/canape-fauteuil-pouf\\\/canape-togo-de-ligne-roset\\\/#primaryimage\",\"url\":\"https:\\\/\\\/lalmachine.com\\\/wp-content\\\/uploads\\\/2021\\\/05\\\/6D4B7828-4747-4382-8006-957EDEFD3364-5ea9b5c7-scaled_clipped_rev_1-scaled.jpg\",\"contentUrl\":\"https:\\\/\\\/lalmachine.com\\\/wp-content\\\/uploads\\\/2021\\\/05\\\/6D4B7828-4747-4382-8006-957EDEFD3364-5ea9b5c7-scaled_clipped_rev_1-scaled.jpg\",\"width\":2560,\"height\":2560,\"caption\":\"Togo Ligne Roset\"},{\"@type\":\"BreadcrumbList\",\"@id\":\"https:\\\/\\\/lalmachine.com\\\/shop\\\/sasseoir\\\/canape-fauteuil-pouf\\\/canape-togo-de-ligne-roset\\\/#breadcrumb\",\"itemListElement\":[{\"@type\":\"ListItem\",\"position\":1,\"name\":\"Accueil\",\"item\":\"https:\\\/\\\/lalmachine.com\\\/\"},{\"@type\":\"ListItem\",\"position\":2,\"name\":\"Shop\",\"item\":\"https:\\\/\\\/lalmachine.com\\\/shop\\\/\"},{\"@type\":\"ListItem\",\"position\":3,\"name\":\"Canap\u00e9 Togo de Ligne Roset\"}]},{\"@type\":\"WebSite\",\"@id\":\"https:\\\/\\\/lalmachine.com\\\/#website\",\"url\":\"https:\\\/\\\/lalmachine.com\\\/\",\"name\":\"lalmachine.com\",\"description\":\"Brocante en ligne Suisse | Mobilier et objets d\u00e9co vintage et design\",\"potentialAction\":[{\"@type\":\"SearchAction\",\"target\":{\"@type\":\"EntryPoint\",\"urlTemplate\":\"https:\\\/\\\/lalmachine.com\\\/?s={search_term_string}\"},\"query-input\":{\"@type\":\"PropertyValueSpecification\",\"valueRequired\":true,\"valueName\":\"search_term_string\"}}],\"inLanguage\":\"de\"}]}<\/script>\n<!-- \/ Yoast SEO plugin. -->","yoast_head_json":{"title":"Canap\u00e9 Togo de Ligne Roset | lalmachine.com, mobilier et objets d\u00e9co vintage et design","description":"Canap\u00e9 3 places Togo de Michel Ducaroy pour Ligne Roset. Cuir brun fonc\u00e9 \u00ab\u00a0Diva Moka\u00a0\u00bb de qualit\u00e9 sup\u00e9rieure.","robots":{"index":"index","follow":"follow","max-snippet":"max-snippet:-1","max-image-preview":"max-image-preview:large","max-video-preview":"max-video-preview:-1"},"canonical":"https:\/\/lalmachine.com\/de\/shop\/sasseoir\/canape-fauteuil-pouf\/canape-togo-de-ligne-roset\/","og_locale":"de_DE","og_type":"article","og_title":"Canap\u00e9 Togo de Ligne Roset | lalmachine.com, mobilier et objets d\u00e9co vintage et design","og_description":"Canap\u00e9 3 places Togo de Michel Ducaroy pour Ligne Roset. Cuir brun fonc\u00e9 \u00ab\u00a0Diva Moka\u00a0\u00bb de qualit\u00e9 sup\u00e9rieure.","og_url":"https:\/\/lalmachine.com\/de\/shop\/sasseoir\/canape-fauteuil-pouf\/canape-togo-de-ligne-roset\/","og_site_name":"lalmachine.com","article_publisher":"https:\/\/facebook.com\/lalmachine","article_modified_time":"2024-12-05T20:51:14+00:00","og_image":[{"width":2560,"height":2560,"url":"https:\/\/lalmachine.com\/wp-content\/uploads\/2021\/05\/6D4B7828-4747-4382-8006-957EDEFD3364-5ea9b5c7-scaled_clipped_rev_1-scaled.jpg","type":"image\/jpeg"}],"twitter_card":"summary_large_image","schema":{"@context":"https:\/\/schema.org","@graph":[{"@type":"WebPage","@id":"https:\/\/lalmachine.com\/shop\/sasseoir\/canape-fauteuil-pouf\/canape-togo-de-ligne-roset\/","url":"https:\/\/lalmachine.com\/shop\/sasseoir\/canape-fauteuil-pouf\/canape-togo-de-ligne-roset\/","name":"Canap\u00e9 Togo de Ligne Roset | lalmachine.com, mobilier et objets d\u00e9co vintage et design","isPartOf":{"@id":"https:\/\/lalmachine.com\/#website"},"primaryImageOfPage":{"@id":"https:\/\/lalmachine.com\/shop\/sasseoir\/canape-fauteuil-pouf\/canape-togo-de-ligne-roset\/#primaryimage"},"image":{"@id":"https:\/\/lalmachine.com\/shop\/sasseoir\/canape-fauteuil-pouf\/canape-togo-de-ligne-roset\/#primaryimage"},"thumbnailUrl":"https:\/\/lalmachine.com\/wp-content\/uploads\/2021\/05\/6D4B7828-4747-4382-8006-957EDEFD3364-5ea9b5c7-scaled_clipped_rev_1-scaled.jpg","datePublished":"2021-05-19T06:14:48+00:00","dateModified":"2024-12-05T20:51:14+00:00","description":"Canap\u00e9 3 places Togo de Michel Ducaroy pour Ligne Roset. Cuir brun fonc\u00e9 \u00ab\u00a0Diva Moka\u00a0\u00bb de qualit\u00e9 sup\u00e9rieure.","breadcrumb":{"@id":"https:\/\/lalmachine.com\/shop\/sasseoir\/canape-fauteuil-pouf\/canape-togo-de-ligne-roset\/#breadcrumb"},"inLanguage":"de","potentialAction":[{"@type":"ReadAction","target":["https:\/\/lalmachine.com\/shop\/sasseoir\/canape-fauteuil-pouf\/canape-togo-de-ligne-roset\/"]}]},{"@type":"ImageObject","inLanguage":"de","@id":"https:\/\/lalmachine.com\/shop\/sasseoir\/canape-fauteuil-pouf\/canape-togo-de-ligne-roset\/#primaryimage","url":"https:\/\/lalmachine.com\/wp-content\/uploads\/2021\/05\/6D4B7828-4747-4382-8006-957EDEFD3364-5ea9b5c7-scaled_clipped_rev_1-scaled.jpg","contentUrl":"https:\/\/lalmachine.com\/wp-content\/uploads\/2021\/05\/6D4B7828-4747-4382-8006-957EDEFD3364-5ea9b5c7-scaled_clipped_rev_1-scaled.jpg","width":2560,"height":2560,"caption":"Togo Ligne Roset"},{"@type":"BreadcrumbList","@id":"https:\/\/lalmachine.com\/shop\/sasseoir\/canape-fauteuil-pouf\/canape-togo-de-ligne-roset\/#breadcrumb","itemListElement":[{"@type":"ListItem","position":1,"name":"Accueil","item":"https:\/\/lalmachine.com\/"},{"@type":"ListItem","position":2,"name":"Shop","item":"https:\/\/lalmachine.com\/shop\/"},{"@type":"ListItem","position":3,"name":"Canap\u00e9 Togo de Ligne Roset"}]},{"@type":"WebSite","@id":"https:\/\/lalmachine.com\/#website","url":"https:\/\/lalmachine.com\/","name":"lalmachine.com","description":"Brocante en ligne Suisse | Mobilier et objets d\u00e9co vintage et design","potentialAction":[{"@type":"SearchAction","target":{"@type":"EntryPoint","urlTemplate":"https:\/\/lalmachine.com\/?s={search_term_string}"},"query-input":{"@type":"PropertyValueSpecification","valueRequired":true,"valueName":"search_term_string"}}],"inLanguage":"de"}]}},"_links":{"self":[{"href":"https:\/\/lalmachine.com\/de\/wp-json\/wp\/v2\/product\/54933","targetHints":{"allow":["GET"]}}],"collection":[{"href":"https:\/\/lalmachine.com\/de\/wp-json\/wp\/v2\/product"}],"about":[{"href":"https:\/\/lalmachine.com\/de\/wp-json\/wp\/v2\/types\/product"}],"wp:featuredmedia":[{"embeddable":true,"href":"https:\/\/lalmachine.com\/de\/wp-json\/wp\/v2\/media\/55085"}],"wp:attachment":[{"href":"https:\/\/lalmachine.com\/de\/wp-json\/wp\/v2\/media?parent=54933"}],"wp:term":[{"taxonomy":"product_brand","embeddable":true,"href":"https:\/\/lalmachine.com\/de\/wp-json\/wp\/v2\/product_brand?post=54933"},{"taxonomy":"product_cat","embeddable":true,"href":"https:\/\/lalmachine.com\/de\/wp-json\/wp\/v2\/product_cat?post=54933"},{"taxonomy":"product_tag","embeddable":true,"href":"https:\/\/lalmachine.com\/de\/wp-json\/wp\/v2\/product_tag?post=54933"},{"taxonomy":"proximite","embeddable":true,"href":"https:\/\/lalmachine.com\/de\/wp-json\/wp\/v2\/proximite?post=54933"}],"curies":[{"name":"wp","href":"https:\/\/api.w.org\/{rel}","templated":true}]}}