{"id":5510,"date":"2023-10-25T16:59:05","date_gmt":"2023-10-25T14:59:05","guid":{"rendered":"https:\/\/lalmachine.com\/?post_type=product&#038;p=5510"},"modified":"2024-12-05T21:50:30","modified_gmt":"2024-12-05T20:50:30","slug":"lampadaire-megaron-pour-skipper","status":"publish","type":"product","link":"https:\/\/lalmachine.com\/de\/shop\/eclairer\/lampe-sur-pied\/lampadaire-megaron-pour-skipper\/","title":{"rendered":"Lampadaire Mezzaluna pour Skipper"},"content":{"rendered":"","protected":false},"excerpt":{"rendered":"<p>Lampadaire Halog\u00e8ne, mod\u00e8le Mezzaluna design italien des ann\u00e9es 70 par Bruno Gecchelin (architecte Italien) pour Skipper. Il est compos\u00e9 d&rsquo;une longue tige chrom\u00e9e, ajustable en hauteur ( de 177 \u00e0 215 cm), d&rsquo;un socle en marbre noir vein\u00e9 de blanc (diam\u00e8tre 32 cm) et d&rsquo;un d\u00e9flecteur en acier noir laqu\u00e9 et orientable.<\/p>","protected":false},"featured_media":5527,"template":"","meta":{"_et_pb_use_builder":"","_et_pb_old_content":"","_et_gb_content_width":""},"product_brand":[],"product_cat":[49,89],"product_tag":[],"proximite":[177,235],"class_list":{"0":"post-5510","1":"product","2":"type-product","3":"status-publish","4":"has-post-thumbnail","6":"product_cat-eclairer","7":"product_cat-lampe-sur-pied","8":"pa_couleur-noir","9":"pa_designer-gecchelin-bruno","10":"pa_etat-tres-bon-etat","11":"pa_materiau-metal","12":"pa_style-design","13":"proximite-fribourg","14":"proximite-sarine","16":"first","17":"outofstock","18":"shipping-taxable","19":"purchasable","20":"product-type-simple"},"yoast_head":"<!-- This site is optimized with the Yoast SEO plugin v27.4 - https:\/\/yoast.com\/product\/yoast-seo-wordpress\/ -->\n<title>Lampadaire Mezzaluna pour Skipper par Bruno Gecchelin | lalmachine.com<\/title>\n<meta name=\"description\" content=\"Lampadaire Mezzaluna par Bruno Gecchelin pour Skipper r\u00e9alis\u00e9e dans les ann\u00e9es 70. D&#039;autres lampes de designer sur L&#039;Alma Chine.\" \/>\n<meta name=\"robots\" content=\"index, follow, max-snippet:-1, max-image-preview:large, max-video-preview:-1\" \/>\n<link rel=\"canonical\" href=\"https:\/\/lalmachine.com\/de\/shop\/eclairer\/lampe-sur-pied\/lampadaire-megaron-pour-skipper\/\" \/>\n<meta property=\"og:locale\" content=\"de_DE\" \/>\n<meta property=\"og:type\" content=\"article\" \/>\n<meta property=\"og:title\" content=\"Lampadaire Mezzaluna pour Skipper par Bruno Gecchelin | lalmachine.com\" \/>\n<meta property=\"og:description\" content=\"Lampadaire Mezzaluna par Bruno Gecchelin pour Skipper r\u00e9alis\u00e9e dans les ann\u00e9es 70. D&#039;autres lampes de designer sur L&#039;Alma Chine.\" \/>\n<meta property=\"og:url\" content=\"https:\/\/lalmachine.com\/de\/shop\/eclairer\/lampe-sur-pied\/lampadaire-megaron-pour-skipper\/\" \/>\n<meta property=\"og:site_name\" content=\"lalmachine.com\" \/>\n<meta property=\"article:publisher\" content=\"https:\/\/facebook.com\/lalmachine\" \/>\n<meta property=\"article:modified_time\" content=\"2024-12-05T20:50:30+00:00\" \/>\n<meta property=\"og:image\" content=\"https:\/\/lalmachine.com\/wp-content\/uploads\/2019\/05\/20190514_162125_resized_1-1_clipped_rev_1.jpg\" \/>\n\t<meta property=\"og:image:width\" content=\"2304\" \/>\n\t<meta property=\"og:image:height\" content=\"2304\" \/>\n\t<meta property=\"og:image:type\" content=\"image\/jpeg\" \/>\n<meta name=\"twitter:card\" content=\"summary_large_image\" \/>\n<script type=\"application\/ld+json\" class=\"yoast-schema-graph\">{\"@context\":\"https:\\\/\\\/schema.org\",\"@graph\":[{\"@type\":\"WebPage\",\"@id\":\"https:\\\/\\\/lalmachine.com\\\/shop\\\/eclairer\\\/lampe-sur-pied\\\/lampadaire-megaron-pour-skipper\\\/\",\"url\":\"https:\\\/\\\/lalmachine.com\\\/shop\\\/eclairer\\\/lampe-sur-pied\\\/lampadaire-megaron-pour-skipper\\\/\",\"name\":\"Lampadaire Mezzaluna pour Skipper par Bruno Gecchelin | lalmachine.com\",\"isPartOf\":{\"@id\":\"https:\\\/\\\/lalmachine.com\\\/#website\"},\"primaryImageOfPage\":{\"@id\":\"https:\\\/\\\/lalmachine.com\\\/shop\\\/eclairer\\\/lampe-sur-pied\\\/lampadaire-megaron-pour-skipper\\\/#primaryimage\"},\"image\":{\"@id\":\"https:\\\/\\\/lalmachine.com\\\/shop\\\/eclairer\\\/lampe-sur-pied\\\/lampadaire-megaron-pour-skipper\\\/#primaryimage\"},\"thumbnailUrl\":\"https:\\\/\\\/lalmachine.com\\\/wp-content\\\/uploads\\\/2019\\\/05\\\/20190514_162125_resized_1-1_clipped_rev_1.jpg\",\"datePublished\":\"2023-10-25T14:59:05+00:00\",\"dateModified\":\"2024-12-05T20:50:30+00:00\",\"description\":\"Lampadaire Mezzaluna par Bruno Gecchelin pour Skipper r\u00e9alis\u00e9e dans les ann\u00e9es 70. D'autres lampes de designer sur L'Alma Chine.\",\"breadcrumb\":{\"@id\":\"https:\\\/\\\/lalmachine.com\\\/shop\\\/eclairer\\\/lampe-sur-pied\\\/lampadaire-megaron-pour-skipper\\\/#breadcrumb\"},\"inLanguage\":\"de\",\"potentialAction\":[{\"@type\":\"ReadAction\",\"target\":[\"https:\\\/\\\/lalmachine.com\\\/shop\\\/eclairer\\\/lampe-sur-pied\\\/lampadaire-megaron-pour-skipper\\\/\"]}]},{\"@type\":\"ImageObject\",\"inLanguage\":\"de\",\"@id\":\"https:\\\/\\\/lalmachine.com\\\/shop\\\/eclairer\\\/lampe-sur-pied\\\/lampadaire-megaron-pour-skipper\\\/#primaryimage\",\"url\":\"https:\\\/\\\/lalmachine.com\\\/wp-content\\\/uploads\\\/2019\\\/05\\\/20190514_162125_resized_1-1_clipped_rev_1.jpg\",\"contentUrl\":\"https:\\\/\\\/lalmachine.com\\\/wp-content\\\/uploads\\\/2019\\\/05\\\/20190514_162125_resized_1-1_clipped_rev_1.jpg\",\"width\":2304,\"height\":2304},{\"@type\":\"BreadcrumbList\",\"@id\":\"https:\\\/\\\/lalmachine.com\\\/shop\\\/eclairer\\\/lampe-sur-pied\\\/lampadaire-megaron-pour-skipper\\\/#breadcrumb\",\"itemListElement\":[{\"@type\":\"ListItem\",\"position\":1,\"name\":\"Accueil\",\"item\":\"https:\\\/\\\/lalmachine.com\\\/\"},{\"@type\":\"ListItem\",\"position\":2,\"name\":\"Shop\",\"item\":\"https:\\\/\\\/lalmachine.com\\\/shop\\\/\"},{\"@type\":\"ListItem\",\"position\":3,\"name\":\"Lampadaire Mezzaluna pour Skipper\"}]},{\"@type\":\"WebSite\",\"@id\":\"https:\\\/\\\/lalmachine.com\\\/#website\",\"url\":\"https:\\\/\\\/lalmachine.com\\\/\",\"name\":\"lalmachine.com\",\"description\":\"Brocante en ligne Suisse | Mobilier et objets d\u00e9co vintage et design\",\"potentialAction\":[{\"@type\":\"SearchAction\",\"target\":{\"@type\":\"EntryPoint\",\"urlTemplate\":\"https:\\\/\\\/lalmachine.com\\\/?s={search_term_string}\"},\"query-input\":{\"@type\":\"PropertyValueSpecification\",\"valueRequired\":true,\"valueName\":\"search_term_string\"}}],\"inLanguage\":\"de\"}]}<\/script>\n<!-- \/ Yoast SEO plugin. -->","yoast_head_json":{"title":"Lampadaire Mezzaluna pour Skipper par Bruno Gecchelin | lalmachine.com","description":"Lampadaire Mezzaluna par Bruno Gecchelin pour Skipper r\u00e9alis\u00e9e dans les ann\u00e9es 70. D'autres lampes de designer sur L'Alma Chine.","robots":{"index":"index","follow":"follow","max-snippet":"max-snippet:-1","max-image-preview":"max-image-preview:large","max-video-preview":"max-video-preview:-1"},"canonical":"https:\/\/lalmachine.com\/de\/shop\/eclairer\/lampe-sur-pied\/lampadaire-megaron-pour-skipper\/","og_locale":"de_DE","og_type":"article","og_title":"Lampadaire Mezzaluna pour Skipper par Bruno Gecchelin | lalmachine.com","og_description":"Lampadaire Mezzaluna par Bruno Gecchelin pour Skipper r\u00e9alis\u00e9e dans les ann\u00e9es 70. D'autres lampes de designer sur L'Alma Chine.","og_url":"https:\/\/lalmachine.com\/de\/shop\/eclairer\/lampe-sur-pied\/lampadaire-megaron-pour-skipper\/","og_site_name":"lalmachine.com","article_publisher":"https:\/\/facebook.com\/lalmachine","article_modified_time":"2024-12-05T20:50:30+00:00","og_image":[{"width":2304,"height":2304,"url":"https:\/\/lalmachine.com\/wp-content\/uploads\/2019\/05\/20190514_162125_resized_1-1_clipped_rev_1.jpg","type":"image\/jpeg"}],"twitter_card":"summary_large_image","schema":{"@context":"https:\/\/schema.org","@graph":[{"@type":"WebPage","@id":"https:\/\/lalmachine.com\/shop\/eclairer\/lampe-sur-pied\/lampadaire-megaron-pour-skipper\/","url":"https:\/\/lalmachine.com\/shop\/eclairer\/lampe-sur-pied\/lampadaire-megaron-pour-skipper\/","name":"Lampadaire Mezzaluna pour Skipper par Bruno Gecchelin | lalmachine.com","isPartOf":{"@id":"https:\/\/lalmachine.com\/#website"},"primaryImageOfPage":{"@id":"https:\/\/lalmachine.com\/shop\/eclairer\/lampe-sur-pied\/lampadaire-megaron-pour-skipper\/#primaryimage"},"image":{"@id":"https:\/\/lalmachine.com\/shop\/eclairer\/lampe-sur-pied\/lampadaire-megaron-pour-skipper\/#primaryimage"},"thumbnailUrl":"https:\/\/lalmachine.com\/wp-content\/uploads\/2019\/05\/20190514_162125_resized_1-1_clipped_rev_1.jpg","datePublished":"2023-10-25T14:59:05+00:00","dateModified":"2024-12-05T20:50:30+00:00","description":"Lampadaire Mezzaluna par Bruno Gecchelin pour Skipper r\u00e9alis\u00e9e dans les ann\u00e9es 70. D'autres lampes de designer sur L'Alma Chine.","breadcrumb":{"@id":"https:\/\/lalmachine.com\/shop\/eclairer\/lampe-sur-pied\/lampadaire-megaron-pour-skipper\/#breadcrumb"},"inLanguage":"de","potentialAction":[{"@type":"ReadAction","target":["https:\/\/lalmachine.com\/shop\/eclairer\/lampe-sur-pied\/lampadaire-megaron-pour-skipper\/"]}]},{"@type":"ImageObject","inLanguage":"de","@id":"https:\/\/lalmachine.com\/shop\/eclairer\/lampe-sur-pied\/lampadaire-megaron-pour-skipper\/#primaryimage","url":"https:\/\/lalmachine.com\/wp-content\/uploads\/2019\/05\/20190514_162125_resized_1-1_clipped_rev_1.jpg","contentUrl":"https:\/\/lalmachine.com\/wp-content\/uploads\/2019\/05\/20190514_162125_resized_1-1_clipped_rev_1.jpg","width":2304,"height":2304},{"@type":"BreadcrumbList","@id":"https:\/\/lalmachine.com\/shop\/eclairer\/lampe-sur-pied\/lampadaire-megaron-pour-skipper\/#breadcrumb","itemListElement":[{"@type":"ListItem","position":1,"name":"Accueil","item":"https:\/\/lalmachine.com\/"},{"@type":"ListItem","position":2,"name":"Shop","item":"https:\/\/lalmachine.com\/shop\/"},{"@type":"ListItem","position":3,"name":"Lampadaire Mezzaluna pour Skipper"}]},{"@type":"WebSite","@id":"https:\/\/lalmachine.com\/#website","url":"https:\/\/lalmachine.com\/","name":"lalmachine.com","description":"Brocante en ligne Suisse | Mobilier et objets d\u00e9co vintage et design","potentialAction":[{"@type":"SearchAction","target":{"@type":"EntryPoint","urlTemplate":"https:\/\/lalmachine.com\/?s={search_term_string}"},"query-input":{"@type":"PropertyValueSpecification","valueRequired":true,"valueName":"search_term_string"}}],"inLanguage":"de"}]}},"_links":{"self":[{"href":"https:\/\/lalmachine.com\/de\/wp-json\/wp\/v2\/product\/5510","targetHints":{"allow":["GET"]}}],"collection":[{"href":"https:\/\/lalmachine.com\/de\/wp-json\/wp\/v2\/product"}],"about":[{"href":"https:\/\/lalmachine.com\/de\/wp-json\/wp\/v2\/types\/product"}],"wp:featuredmedia":[{"embeddable":true,"href":"https:\/\/lalmachine.com\/de\/wp-json\/wp\/v2\/media\/5527"}],"wp:attachment":[{"href":"https:\/\/lalmachine.com\/de\/wp-json\/wp\/v2\/media?parent=5510"}],"wp:term":[{"taxonomy":"product_brand","embeddable":true,"href":"https:\/\/lalmachine.com\/de\/wp-json\/wp\/v2\/product_brand?post=5510"},{"taxonomy":"product_cat","embeddable":true,"href":"https:\/\/lalmachine.com\/de\/wp-json\/wp\/v2\/product_cat?post=5510"},{"taxonomy":"product_tag","embeddable":true,"href":"https:\/\/lalmachine.com\/de\/wp-json\/wp\/v2\/product_tag?post=5510"},{"taxonomy":"proximite","embeddable":true,"href":"https:\/\/lalmachine.com\/de\/wp-json\/wp\/v2\/proximite?post=5510"}],"curies":[{"name":"wp","href":"https:\/\/api.w.org\/{rel}","templated":true}]}}