{"id":55887,"date":"2021-05-24T16:11:51","date_gmt":"2021-05-24T14:11:51","guid":{"rendered":"https:\/\/lalmachine.com\/?post_type=product&#038;p=55887"},"modified":"2024-12-05T21:51:15","modified_gmt":"2024-12-05T20:51:15","slug":"ancienne-malle-de-voyage","status":"publish","type":"product","link":"https:\/\/lalmachine.com\/de\/shop\/decorer\/petit-rangement\/ancienne-malle-de-voyage\/","title":{"rendered":"Ancienne malle de voyage"},"content":{"rendered":"<ul class=\"wpuf_customs\"><li style=\"list-style-type:none;\"><label>Autres photos:<\/label> <\/li>        <li class=\"wpuf-field-data wpuf-field-data-numeric_text_field\">\n                            <label>Prix:<\/label>\n                        90        <\/li>\n                <li class=\"wpuf-field-data wpuf-field-data-numeric_text_field\">\n                            <label>Hauteur (cm):<\/label>\n                        57        <\/li>\n                <li class=\"wpuf-field-data wpuf-field-data-numeric_text_field\">\n                            <label>Largeur (cm):<\/label>\n                        101        <\/li>\n                <li class=\"wpuf-field-data wpuf-field-data-numeric_text_field\">\n                            <label>Profondeur (cm):<\/label>\n                        34        <\/li>\n        <\/ul>","protected":false},"excerpt":{"rendered":"<p>Cette ancienne malle de voyage est tr\u00e8s grande et a un double fond \u00e0 l&rsquo;int\u00e9rieur.<br \/>\nDes traces d&rsquo;usure sont visibles \u00e0 divers endroits (cf. photos). Elles reste solide et peut \u00eatre utilis\u00e9e comme meuble de rangement ou table basse.<\/p>\n<p>Livraison by lalmachine possible. Le prix d\u00e9pend de la distance.<\/p>","protected":false},"featured_media":0,"template":"","meta":{"_et_pb_use_builder":"","_et_pb_old_content":"","_et_gb_content_width":""},"product_brand":[],"product_cat":[50,92],"product_tag":[],"proximite":[177,235],"class_list":{"0":"post-55887","1":"product","2":"type-product","3":"status-publish","5":"product_cat-decorer","6":"product_cat-petit-rangement","7":"pa_couleur-marron","8":"pa_etat-dans-son-jus","9":"pa_materiau-papier-carton","10":"pa_style-vintage","11":"proximite-fribourg","12":"proximite-sarine","14":"first","15":"outofstock","16":"shipping-taxable","17":"purchasable","18":"product-type-simple"},"yoast_head":"<!-- This site is optimized with the Yoast SEO plugin v27.4 - https:\/\/yoast.com\/product\/yoast-seo-wordpress\/ -->\n<title>Ancienne malle de voyage | lalmachine.com, mobilier et objets d\u00e9co vintage et design<\/title>\n<meta name=\"description\" content=\"Cette ancienne malle de voyage est tr\u00e8s grande et a un double fond \u00e0 l&#039;int\u00e9rieur. Des traces d&#039;usure sont visibles \u00e0 divers endroits (cf. photos). Elles reste solide et peut \u00eatre utilis\u00e9e comme meuble de rangement ou table basse.\" \/>\n<meta name=\"robots\" content=\"index, follow, max-snippet:-1, max-image-preview:large, max-video-preview:-1\" \/>\n<link rel=\"canonical\" href=\"https:\/\/lalmachine.com\/de\/shop\/decorer\/petit-rangement\/ancienne-malle-de-voyage\/\" \/>\n<meta property=\"og:locale\" content=\"de_DE\" \/>\n<meta property=\"og:type\" content=\"article\" \/>\n<meta property=\"og:title\" content=\"Ancienne malle de voyage | lalmachine.com, mobilier et objets d\u00e9co vintage et design\" \/>\n<meta property=\"og:description\" content=\"Cette ancienne malle de voyage est tr\u00e8s grande et a un double fond \u00e0 l&#039;int\u00e9rieur. Des traces d&#039;usure sont visibles \u00e0 divers endroits (cf. photos). Elles reste solide et peut \u00eatre utilis\u00e9e comme meuble de rangement ou table basse.\" \/>\n<meta property=\"og:url\" content=\"https:\/\/lalmachine.com\/de\/shop\/decorer\/petit-rangement\/ancienne-malle-de-voyage\/\" \/>\n<meta property=\"og:site_name\" content=\"lalmachine.com\" \/>\n<meta property=\"article:publisher\" content=\"https:\/\/facebook.com\/lalmachine\" \/>\n<meta property=\"article:modified_time\" content=\"2024-12-05T20:51:15+00:00\" \/>\n<meta name=\"twitter:card\" content=\"summary_large_image\" \/>\n<script type=\"application\/ld+json\" class=\"yoast-schema-graph\">{\"@context\":\"https:\\\/\\\/schema.org\",\"@graph\":[{\"@type\":\"WebPage\",\"@id\":\"https:\\\/\\\/lalmachine.com\\\/shop\\\/decorer\\\/petit-rangement\\\/ancienne-malle-de-voyage\\\/\",\"url\":\"https:\\\/\\\/lalmachine.com\\\/shop\\\/decorer\\\/petit-rangement\\\/ancienne-malle-de-voyage\\\/\",\"name\":\"Ancienne malle de voyage | lalmachine.com, mobilier et objets d\u00e9co vintage et design\",\"isPartOf\":{\"@id\":\"https:\\\/\\\/lalmachine.com\\\/#website\"},\"datePublished\":\"2021-05-24T14:11:51+00:00\",\"dateModified\":\"2024-12-05T20:51:15+00:00\",\"description\":\"Cette ancienne malle de voyage est tr\u00e8s grande et a un double fond \u00e0 l'int\u00e9rieur. Des traces d'usure sont visibles \u00e0 divers endroits (cf. photos). Elles reste solide et peut \u00eatre utilis\u00e9e comme meuble de rangement ou table basse.\",\"breadcrumb\":{\"@id\":\"https:\\\/\\\/lalmachine.com\\\/shop\\\/decorer\\\/petit-rangement\\\/ancienne-malle-de-voyage\\\/#breadcrumb\"},\"inLanguage\":\"de\",\"potentialAction\":[{\"@type\":\"ReadAction\",\"target\":[\"https:\\\/\\\/lalmachine.com\\\/shop\\\/decorer\\\/petit-rangement\\\/ancienne-malle-de-voyage\\\/\"]}]},{\"@type\":\"BreadcrumbList\",\"@id\":\"https:\\\/\\\/lalmachine.com\\\/shop\\\/decorer\\\/petit-rangement\\\/ancienne-malle-de-voyage\\\/#breadcrumb\",\"itemListElement\":[{\"@type\":\"ListItem\",\"position\":1,\"name\":\"Accueil\",\"item\":\"https:\\\/\\\/lalmachine.com\\\/\"},{\"@type\":\"ListItem\",\"position\":2,\"name\":\"Shop\",\"item\":\"https:\\\/\\\/lalmachine.com\\\/shop\\\/\"},{\"@type\":\"ListItem\",\"position\":3,\"name\":\"Ancienne malle de voyage\"}]},{\"@type\":\"WebSite\",\"@id\":\"https:\\\/\\\/lalmachine.com\\\/#website\",\"url\":\"https:\\\/\\\/lalmachine.com\\\/\",\"name\":\"lalmachine.com\",\"description\":\"Brocante en ligne Suisse | Mobilier et objets d\u00e9co vintage et design\",\"potentialAction\":[{\"@type\":\"SearchAction\",\"target\":{\"@type\":\"EntryPoint\",\"urlTemplate\":\"https:\\\/\\\/lalmachine.com\\\/?s={search_term_string}\"},\"query-input\":{\"@type\":\"PropertyValueSpecification\",\"valueRequired\":true,\"valueName\":\"search_term_string\"}}],\"inLanguage\":\"de\"}]}<\/script>\n<!-- \/ Yoast SEO plugin. -->","yoast_head_json":{"title":"Ancienne malle de voyage | lalmachine.com, mobilier et objets d\u00e9co vintage et design","description":"Cette ancienne malle de voyage est tr\u00e8s grande et a un double fond \u00e0 l'int\u00e9rieur. Des traces d'usure sont visibles \u00e0 divers endroits (cf. photos). Elles reste solide et peut \u00eatre utilis\u00e9e comme meuble de rangement ou table basse.","robots":{"index":"index","follow":"follow","max-snippet":"max-snippet:-1","max-image-preview":"max-image-preview:large","max-video-preview":"max-video-preview:-1"},"canonical":"https:\/\/lalmachine.com\/de\/shop\/decorer\/petit-rangement\/ancienne-malle-de-voyage\/","og_locale":"de_DE","og_type":"article","og_title":"Ancienne malle de voyage | lalmachine.com, mobilier et objets d\u00e9co vintage et design","og_description":"Cette ancienne malle de voyage est tr\u00e8s grande et a un double fond \u00e0 l'int\u00e9rieur. Des traces d'usure sont visibles \u00e0 divers endroits (cf. photos). Elles reste solide et peut \u00eatre utilis\u00e9e comme meuble de rangement ou table basse.","og_url":"https:\/\/lalmachine.com\/de\/shop\/decorer\/petit-rangement\/ancienne-malle-de-voyage\/","og_site_name":"lalmachine.com","article_publisher":"https:\/\/facebook.com\/lalmachine","article_modified_time":"2024-12-05T20:51:15+00:00","twitter_card":"summary_large_image","schema":{"@context":"https:\/\/schema.org","@graph":[{"@type":"WebPage","@id":"https:\/\/lalmachine.com\/shop\/decorer\/petit-rangement\/ancienne-malle-de-voyage\/","url":"https:\/\/lalmachine.com\/shop\/decorer\/petit-rangement\/ancienne-malle-de-voyage\/","name":"Ancienne malle de voyage | lalmachine.com, mobilier et objets d\u00e9co vintage et design","isPartOf":{"@id":"https:\/\/lalmachine.com\/#website"},"datePublished":"2021-05-24T14:11:51+00:00","dateModified":"2024-12-05T20:51:15+00:00","description":"Cette ancienne malle de voyage est tr\u00e8s grande et a un double fond \u00e0 l'int\u00e9rieur. Des traces d'usure sont visibles \u00e0 divers endroits (cf. photos). Elles reste solide et peut \u00eatre utilis\u00e9e comme meuble de rangement ou table basse.","breadcrumb":{"@id":"https:\/\/lalmachine.com\/shop\/decorer\/petit-rangement\/ancienne-malle-de-voyage\/#breadcrumb"},"inLanguage":"de","potentialAction":[{"@type":"ReadAction","target":["https:\/\/lalmachine.com\/shop\/decorer\/petit-rangement\/ancienne-malle-de-voyage\/"]}]},{"@type":"BreadcrumbList","@id":"https:\/\/lalmachine.com\/shop\/decorer\/petit-rangement\/ancienne-malle-de-voyage\/#breadcrumb","itemListElement":[{"@type":"ListItem","position":1,"name":"Accueil","item":"https:\/\/lalmachine.com\/"},{"@type":"ListItem","position":2,"name":"Shop","item":"https:\/\/lalmachine.com\/shop\/"},{"@type":"ListItem","position":3,"name":"Ancienne malle de voyage"}]},{"@type":"WebSite","@id":"https:\/\/lalmachine.com\/#website","url":"https:\/\/lalmachine.com\/","name":"lalmachine.com","description":"Brocante en ligne Suisse | Mobilier et objets d\u00e9co vintage et design","potentialAction":[{"@type":"SearchAction","target":{"@type":"EntryPoint","urlTemplate":"https:\/\/lalmachine.com\/?s={search_term_string}"},"query-input":{"@type":"PropertyValueSpecification","valueRequired":true,"valueName":"search_term_string"}}],"inLanguage":"de"}]}},"_links":{"self":[{"href":"https:\/\/lalmachine.com\/de\/wp-json\/wp\/v2\/product\/55887","targetHints":{"allow":["GET"]}}],"collection":[{"href":"https:\/\/lalmachine.com\/de\/wp-json\/wp\/v2\/product"}],"about":[{"href":"https:\/\/lalmachine.com\/de\/wp-json\/wp\/v2\/types\/product"}],"wp:attachment":[{"href":"https:\/\/lalmachine.com\/de\/wp-json\/wp\/v2\/media?parent=55887"}],"wp:term":[{"taxonomy":"product_brand","embeddable":true,"href":"https:\/\/lalmachine.com\/de\/wp-json\/wp\/v2\/product_brand?post=55887"},{"taxonomy":"product_cat","embeddable":true,"href":"https:\/\/lalmachine.com\/de\/wp-json\/wp\/v2\/product_cat?post=55887"},{"taxonomy":"product_tag","embeddable":true,"href":"https:\/\/lalmachine.com\/de\/wp-json\/wp\/v2\/product_tag?post=55887"},{"taxonomy":"proximite","embeddable":true,"href":"https:\/\/lalmachine.com\/de\/wp-json\/wp\/v2\/proximite?post=55887"}],"curies":[{"name":"wp","href":"https:\/\/api.w.org\/{rel}","templated":true}]}}