{"id":55905,"date":"2021-05-24T19:29:07","date_gmt":"2021-05-24T17:29:07","guid":{"rendered":"https:\/\/lalmachine.com\/?post_type=product&#038;p=55905"},"modified":"2024-12-05T21:51:15","modified_gmt":"2024-12-05T20:51:15","slug":"chaise-annig-sarian-80s","status":"publish","type":"product","link":"https:\/\/lalmachine.com\/de\/shop\/sasseoir\/chaise\/chaise-annig-sarian-80s\/","title":{"rendered":"Chaise(s) Annig Sarian 80&rsquo;s"},"content":{"rendered":"<ul class=\"wpuf_customs\"><li style=\"list-style-type:none;\"><label>Autres photos:<\/label> <a href=\"https:\/\/lalmachine.com\/wp-content\/uploads\/2021\/05\/IMG_1249-32116fe5-scaled.jpg\"><img loading=\"lazy\" decoding=\"async\" width=\"96\" height=\"96\" src=\"https:\/\/lalmachine.com\/wp-content\/uploads\/2021\/05\/IMG_1249-32116fe5-scaled.jpg\" class=\"attachment-thumbnail size-thumbnail\" alt=\"Chaises Annig Sarian. Ann\u00e9es 80.\" \/><\/a> <a href=\"https:\/\/lalmachine.com\/wp-content\/uploads\/2021\/05\/IMG_1251-7c41f8d0-scaled.jpg\"><img loading=\"lazy\" decoding=\"async\" width=\"96\" height=\"96\" src=\"https:\/\/lalmachine.com\/wp-content\/uploads\/2021\/05\/IMG_1251-7c41f8d0-scaled.jpg\" class=\"attachment-thumbnail size-thumbnail\" alt=\"\" \/><\/a> <a href=\"https:\/\/lalmachine.com\/wp-content\/uploads\/2021\/05\/IMG_1252-e897cd53-scaled.jpg\"><img loading=\"lazy\" decoding=\"async\" width=\"96\" height=\"96\" src=\"https:\/\/lalmachine.com\/wp-content\/uploads\/2021\/05\/IMG_1252-e897cd53-scaled.jpg\" class=\"attachment-thumbnail size-thumbnail\" alt=\"\" \/><\/a> <a href=\"https:\/\/lalmachine.com\/wp-content\/uploads\/2021\/05\/IMG_1253-e08a1ee4-scaled.jpg\"><img loading=\"lazy\" decoding=\"async\" width=\"96\" height=\"96\" src=\"https:\/\/lalmachine.com\/wp-content\/uploads\/2021\/05\/IMG_1253-e08a1ee4-scaled.jpg\" class=\"attachment-thumbnail size-thumbnail\" alt=\"\" \/><\/a> <a href=\"https:\/\/lalmachine.com\/wp-content\/uploads\/2021\/05\/IMG_1254-8955dc55-scaled.jpg\"><img loading=\"lazy\" decoding=\"async\" width=\"96\" height=\"96\" src=\"https:\/\/lalmachine.com\/wp-content\/uploads\/2021\/05\/IMG_1254-8955dc55-scaled.jpg\" class=\"attachment-thumbnail size-thumbnail\" alt=\"\" \/><\/a> <a href=\"https:\/\/lalmachine.com\/wp-content\/uploads\/2021\/05\/IMG_1255-13a6919a-scaled.jpg\"><img loading=\"lazy\" decoding=\"async\" width=\"96\" height=\"96\" src=\"https:\/\/lalmachine.com\/wp-content\/uploads\/2021\/05\/IMG_1255-13a6919a-scaled.jpg\" class=\"attachment-thumbnail size-thumbnail\" alt=\"\" \/><\/a> <a href=\"https:\/\/lalmachine.com\/wp-content\/uploads\/2021\/05\/IMG_1265-3a909a22-scaled.jpg\"><img loading=\"lazy\" decoding=\"async\" width=\"96\" height=\"96\" src=\"https:\/\/lalmachine.com\/wp-content\/uploads\/2021\/05\/IMG_1265-3a909a22-scaled.jpg\" class=\"attachment-thumbnail size-thumbnail\" alt=\"\" \/><\/a> <a href=\"https:\/\/lalmachine.com\/wp-content\/uploads\/2021\/05\/IMG_1272-31f9acae-scaled.jpg\"><img loading=\"lazy\" decoding=\"async\" width=\"96\" height=\"96\" src=\"https:\/\/lalmachine.com\/wp-content\/uploads\/2021\/05\/IMG_1272-31f9acae-scaled.jpg\" class=\"attachment-thumbnail size-thumbnail\" alt=\"\" \/><\/a> <\/li>        <li class=\"wpuf-field-data wpuf-field-data-numeric_text_field\">\n                            <label>Prix:<\/label>\n                        210        <\/li>\n                <li class=\"wpuf-field-data wpuf-field-data-numeric_text_field\">\n                            <label>Hauteur (cm):<\/label>\n                        96        <\/li>\n                <li class=\"wpuf-field-data wpuf-field-data-numeric_text_field\">\n                            <label>Largeur (cm):<\/label>\n                        44        <\/li>\n                <li class=\"wpuf-field-data wpuf-field-data-numeric_text_field\">\n                            <label>Profondeur (cm):<\/label>\n                        49        <\/li>\n        <\/ul>","protected":false},"excerpt":{"rendered":"<p><strong>Prix par pi\u00e8ce. 3 disponibles.<\/strong><\/p>\n<p>Design du d\u00e9but des ann\u00e9es 80.<br \/>\nChaise en bois cintr\u00e9 \u00e0 l&rsquo;\u00e9l\u00e9gance raffin\u00e9e.<br \/>\nL&rsquo;utilisation de bois cintr\u00e9 et de corde de papier d\u00e9note la touche de modernisme. La structure de la chaise est en bouleau.<\/p>\n<p>La corde de papier a de petites taches sur certaines chaises. Signes d&rsquo;usure normale pour des pi\u00e8ces vintage.<\/p>\n<p>Le prix d&rsquo;envoi indiqu\u00e9 est pour une chaise<\/p>","protected":false},"featured_media":313961,"template":"","meta":{"_et_pb_use_builder":"","_et_pb_old_content":"","_et_gb_content_width":""},"product_brand":[],"product_cat":[100,48],"product_tag":[],"proximite":[213],"class_list":{"0":"post-55905","1":"product","2":"type-product","3":"status-publish","4":"has-post-thumbnail","6":"product_cat-chaise","7":"product_cat-sasseoir","8":"product_shipping_class-encombrant-30-kg","9":"pa_couleur-bois","10":"pa_etat-dans-son-jus","11":"pa_materiau-bois","12":"pa_style-vintage","13":"proximite-zug","15":"first","16":"outofstock","17":"shipping-taxable","18":"purchasable","19":"product-type-simple"},"yoast_head":"<!-- This site is optimized with the Yoast SEO plugin v27.3 - https:\/\/yoast.com\/product\/yoast-seo-wordpress\/ -->\n<title>Chaise(s) Annig Sarian 80&#039;s | lalmachine.com<\/title>\n<meta name=\"description\" content=\"Design du d\u00e9but des ann\u00e9es 80. Chaise en bois cintr\u00e9 \u00e0 l&#039;\u00e9l\u00e9gance raffin\u00e9e. L&#039;utilisation de bois cintr\u00e9 et de corde de papier d\u00e9note la touche de modernisme. La structure de la chaise est en bouleau.\" \/>\n<meta name=\"robots\" content=\"index, follow, max-snippet:-1, max-image-preview:large, max-video-preview:-1\" \/>\n<link rel=\"canonical\" href=\"https:\/\/lalmachine.com\/de\/shop\/sasseoir\/chaise\/chaise-annig-sarian-80s\/\" \/>\n<meta property=\"og:locale\" content=\"de_DE\" \/>\n<meta property=\"og:type\" content=\"article\" \/>\n<meta property=\"og:title\" content=\"Chaise(s) Annig Sarian 80&#039;s | lalmachine.com\" \/>\n<meta property=\"og:description\" content=\"Design du d\u00e9but des ann\u00e9es 80. Chaise en bois cintr\u00e9 \u00e0 l&#039;\u00e9l\u00e9gance raffin\u00e9e. L&#039;utilisation de bois cintr\u00e9 et de corde de papier d\u00e9note la touche de modernisme. La structure de la chaise est en bouleau.\" \/>\n<meta property=\"og:url\" content=\"https:\/\/lalmachine.com\/de\/shop\/sasseoir\/chaise\/chaise-annig-sarian-80s\/\" \/>\n<meta property=\"og:site_name\" content=\"lalmachine.com\" \/>\n<meta property=\"article:publisher\" content=\"https:\/\/facebook.com\/lalmachine\" \/>\n<meta property=\"article:modified_time\" content=\"2024-12-05T20:51:15+00:00\" \/>\n<meta property=\"og:image\" content=\"https:\/\/lalmachine.com\/wp-content\/uploads\/2021\/05\/IMG_1249-32116fe5-scaled_clipped_rev_2-scaled.jpeg\" \/>\n\t<meta property=\"og:image:width\" content=\"2560\" \/>\n\t<meta property=\"og:image:height\" content=\"2560\" \/>\n\t<meta property=\"og:image:type\" content=\"image\/jpeg\" \/>\n<meta name=\"twitter:card\" content=\"summary_large_image\" \/>\n<script type=\"application\/ld+json\" class=\"yoast-schema-graph\">{\"@context\":\"https:\\\/\\\/schema.org\",\"@graph\":[{\"@type\":\"WebPage\",\"@id\":\"https:\\\/\\\/lalmachine.com\\\/shop\\\/sasseoir\\\/chaise\\\/chaise-annig-sarian-80s\\\/\",\"url\":\"https:\\\/\\\/lalmachine.com\\\/shop\\\/sasseoir\\\/chaise\\\/chaise-annig-sarian-80s\\\/\",\"name\":\"Chaise(s) Annig Sarian 80's | lalmachine.com\",\"isPartOf\":{\"@id\":\"https:\\\/\\\/lalmachine.com\\\/#website\"},\"primaryImageOfPage\":{\"@id\":\"https:\\\/\\\/lalmachine.com\\\/shop\\\/sasseoir\\\/chaise\\\/chaise-annig-sarian-80s\\\/#primaryimage\"},\"image\":{\"@id\":\"https:\\\/\\\/lalmachine.com\\\/shop\\\/sasseoir\\\/chaise\\\/chaise-annig-sarian-80s\\\/#primaryimage\"},\"thumbnailUrl\":\"https:\\\/\\\/lalmachine.com\\\/wp-content\\\/uploads\\\/2021\\\/05\\\/IMG_1249-32116fe5-scaled_clipped_rev_2-scaled.jpeg\",\"datePublished\":\"2021-05-24T17:29:07+00:00\",\"dateModified\":\"2024-12-05T20:51:15+00:00\",\"description\":\"Design du d\u00e9but des ann\u00e9es 80. Chaise en bois cintr\u00e9 \u00e0 l'\u00e9l\u00e9gance raffin\u00e9e. L'utilisation de bois cintr\u00e9 et de corde de papier d\u00e9note la touche de modernisme. La structure de la chaise est en bouleau.\",\"breadcrumb\":{\"@id\":\"https:\\\/\\\/lalmachine.com\\\/shop\\\/sasseoir\\\/chaise\\\/chaise-annig-sarian-80s\\\/#breadcrumb\"},\"inLanguage\":\"de\",\"potentialAction\":[{\"@type\":\"ReadAction\",\"target\":[\"https:\\\/\\\/lalmachine.com\\\/shop\\\/sasseoir\\\/chaise\\\/chaise-annig-sarian-80s\\\/\"]}]},{\"@type\":\"ImageObject\",\"inLanguage\":\"de\",\"@id\":\"https:\\\/\\\/lalmachine.com\\\/shop\\\/sasseoir\\\/chaise\\\/chaise-annig-sarian-80s\\\/#primaryimage\",\"url\":\"https:\\\/\\\/lalmachine.com\\\/wp-content\\\/uploads\\\/2021\\\/05\\\/IMG_1249-32116fe5-scaled_clipped_rev_2-scaled.jpeg\",\"contentUrl\":\"https:\\\/\\\/lalmachine.com\\\/wp-content\\\/uploads\\\/2021\\\/05\\\/IMG_1249-32116fe5-scaled_clipped_rev_2-scaled.jpeg\",\"width\":2560,\"height\":2560,\"caption\":\"chaise Annig sarian\"},{\"@type\":\"BreadcrumbList\",\"@id\":\"https:\\\/\\\/lalmachine.com\\\/shop\\\/sasseoir\\\/chaise\\\/chaise-annig-sarian-80s\\\/#breadcrumb\",\"itemListElement\":[{\"@type\":\"ListItem\",\"position\":1,\"name\":\"Accueil\",\"item\":\"https:\\\/\\\/lalmachine.com\\\/\"},{\"@type\":\"ListItem\",\"position\":2,\"name\":\"Shop\",\"item\":\"https:\\\/\\\/lalmachine.com\\\/shop\\\/\"},{\"@type\":\"ListItem\",\"position\":3,\"name\":\"Chaise(s) Annig Sarian 80&#8217;s\"}]},{\"@type\":\"WebSite\",\"@id\":\"https:\\\/\\\/lalmachine.com\\\/#website\",\"url\":\"https:\\\/\\\/lalmachine.com\\\/\",\"name\":\"lalmachine.com\",\"description\":\"Brocante en ligne Suisse | Mobilier et objets d\u00e9co vintage et design\",\"potentialAction\":[{\"@type\":\"SearchAction\",\"target\":{\"@type\":\"EntryPoint\",\"urlTemplate\":\"https:\\\/\\\/lalmachine.com\\\/?s={search_term_string}\"},\"query-input\":{\"@type\":\"PropertyValueSpecification\",\"valueRequired\":true,\"valueName\":\"search_term_string\"}}],\"inLanguage\":\"de\"}]}<\/script>\n<!-- \/ Yoast SEO plugin. -->","yoast_head_json":{"title":"Chaise(s) Annig Sarian 80's | lalmachine.com","description":"Design du d\u00e9but des ann\u00e9es 80. Chaise en bois cintr\u00e9 \u00e0 l'\u00e9l\u00e9gance raffin\u00e9e. L'utilisation de bois cintr\u00e9 et de corde de papier d\u00e9note la touche de modernisme. La structure de la chaise est en bouleau.","robots":{"index":"index","follow":"follow","max-snippet":"max-snippet:-1","max-image-preview":"max-image-preview:large","max-video-preview":"max-video-preview:-1"},"canonical":"https:\/\/lalmachine.com\/de\/shop\/sasseoir\/chaise\/chaise-annig-sarian-80s\/","og_locale":"de_DE","og_type":"article","og_title":"Chaise(s) Annig Sarian 80's | lalmachine.com","og_description":"Design du d\u00e9but des ann\u00e9es 80. Chaise en bois cintr\u00e9 \u00e0 l'\u00e9l\u00e9gance raffin\u00e9e. L'utilisation de bois cintr\u00e9 et de corde de papier d\u00e9note la touche de modernisme. La structure de la chaise est en bouleau.","og_url":"https:\/\/lalmachine.com\/de\/shop\/sasseoir\/chaise\/chaise-annig-sarian-80s\/","og_site_name":"lalmachine.com","article_publisher":"https:\/\/facebook.com\/lalmachine","article_modified_time":"2024-12-05T20:51:15+00:00","og_image":[{"width":2560,"height":2560,"url":"https:\/\/lalmachine.com\/wp-content\/uploads\/2021\/05\/IMG_1249-32116fe5-scaled_clipped_rev_2-scaled.jpeg","type":"image\/jpeg"}],"twitter_card":"summary_large_image","schema":{"@context":"https:\/\/schema.org","@graph":[{"@type":"WebPage","@id":"https:\/\/lalmachine.com\/shop\/sasseoir\/chaise\/chaise-annig-sarian-80s\/","url":"https:\/\/lalmachine.com\/shop\/sasseoir\/chaise\/chaise-annig-sarian-80s\/","name":"Chaise(s) Annig Sarian 80's | lalmachine.com","isPartOf":{"@id":"https:\/\/lalmachine.com\/#website"},"primaryImageOfPage":{"@id":"https:\/\/lalmachine.com\/shop\/sasseoir\/chaise\/chaise-annig-sarian-80s\/#primaryimage"},"image":{"@id":"https:\/\/lalmachine.com\/shop\/sasseoir\/chaise\/chaise-annig-sarian-80s\/#primaryimage"},"thumbnailUrl":"https:\/\/lalmachine.com\/wp-content\/uploads\/2021\/05\/IMG_1249-32116fe5-scaled_clipped_rev_2-scaled.jpeg","datePublished":"2021-05-24T17:29:07+00:00","dateModified":"2024-12-05T20:51:15+00:00","description":"Design du d\u00e9but des ann\u00e9es 80. Chaise en bois cintr\u00e9 \u00e0 l'\u00e9l\u00e9gance raffin\u00e9e. L'utilisation de bois cintr\u00e9 et de corde de papier d\u00e9note la touche de modernisme. La structure de la chaise est en bouleau.","breadcrumb":{"@id":"https:\/\/lalmachine.com\/shop\/sasseoir\/chaise\/chaise-annig-sarian-80s\/#breadcrumb"},"inLanguage":"de","potentialAction":[{"@type":"ReadAction","target":["https:\/\/lalmachine.com\/shop\/sasseoir\/chaise\/chaise-annig-sarian-80s\/"]}]},{"@type":"ImageObject","inLanguage":"de","@id":"https:\/\/lalmachine.com\/shop\/sasseoir\/chaise\/chaise-annig-sarian-80s\/#primaryimage","url":"https:\/\/lalmachine.com\/wp-content\/uploads\/2021\/05\/IMG_1249-32116fe5-scaled_clipped_rev_2-scaled.jpeg","contentUrl":"https:\/\/lalmachine.com\/wp-content\/uploads\/2021\/05\/IMG_1249-32116fe5-scaled_clipped_rev_2-scaled.jpeg","width":2560,"height":2560,"caption":"chaise Annig sarian"},{"@type":"BreadcrumbList","@id":"https:\/\/lalmachine.com\/shop\/sasseoir\/chaise\/chaise-annig-sarian-80s\/#breadcrumb","itemListElement":[{"@type":"ListItem","position":1,"name":"Accueil","item":"https:\/\/lalmachine.com\/"},{"@type":"ListItem","position":2,"name":"Shop","item":"https:\/\/lalmachine.com\/shop\/"},{"@type":"ListItem","position":3,"name":"Chaise(s) Annig Sarian 80&#8217;s"}]},{"@type":"WebSite","@id":"https:\/\/lalmachine.com\/#website","url":"https:\/\/lalmachine.com\/","name":"lalmachine.com","description":"Brocante en ligne Suisse | Mobilier et objets d\u00e9co vintage et design","potentialAction":[{"@type":"SearchAction","target":{"@type":"EntryPoint","urlTemplate":"https:\/\/lalmachine.com\/?s={search_term_string}"},"query-input":{"@type":"PropertyValueSpecification","valueRequired":true,"valueName":"search_term_string"}}],"inLanguage":"de"}]}},"_links":{"self":[{"href":"https:\/\/lalmachine.com\/de\/wp-json\/wp\/v2\/product\/55905","targetHints":{"allow":["GET"]}}],"collection":[{"href":"https:\/\/lalmachine.com\/de\/wp-json\/wp\/v2\/product"}],"about":[{"href":"https:\/\/lalmachine.com\/de\/wp-json\/wp\/v2\/types\/product"}],"wp:featuredmedia":[{"embeddable":true,"href":"https:\/\/lalmachine.com\/de\/wp-json\/wp\/v2\/media\/313961"}],"wp:attachment":[{"href":"https:\/\/lalmachine.com\/de\/wp-json\/wp\/v2\/media?parent=55905"}],"wp:term":[{"taxonomy":"product_brand","embeddable":true,"href":"https:\/\/lalmachine.com\/de\/wp-json\/wp\/v2\/product_brand?post=55905"},{"taxonomy":"product_cat","embeddable":true,"href":"https:\/\/lalmachine.com\/de\/wp-json\/wp\/v2\/product_cat?post=55905"},{"taxonomy":"product_tag","embeddable":true,"href":"https:\/\/lalmachine.com\/de\/wp-json\/wp\/v2\/product_tag?post=55905"},{"taxonomy":"proximite","embeddable":true,"href":"https:\/\/lalmachine.com\/de\/wp-json\/wp\/v2\/proximite?post=55905"}],"curies":[{"name":"wp","href":"https:\/\/api.w.org\/{rel}","templated":true}]}}