{"id":56918,"date":"2021-06-02T11:43:09","date_gmt":"2021-06-02T09:43:09","guid":{"rendered":"https:\/\/lalmachine.com\/?post_type=product&#038;p=56918"},"modified":"2024-12-05T21:51:18","modified_gmt":"2024-12-05T20:51:18","slug":"chaise-de-bruno-rey","status":"publish","type":"product","link":"https:\/\/lalmachine.com\/de\/shop\/sasseoir\/chaise\/chaise-de-bruno-rey\/","title":{"rendered":"Chaise de Bruno Rey"},"content":{"rendered":"<ul class=\"wpuf_customs\"><li style=\"list-style-type:none;\"><label>Autres photos:<\/label> <a href=\"https:\/\/lalmachine.com\/wp-content\/uploads\/2021\/06\/9869C7AD-C343-4FF0-BEA5-A50ADA25D66B-316b5456-scaled.jpeg\"><img loading=\"lazy\" decoding=\"async\" width=\"96\" height=\"96\" src=\"https:\/\/lalmachine.com\/wp-content\/uploads\/2021\/06\/9869C7AD-C343-4FF0-BEA5-A50ADA25D66B-316b5456-scaled.jpeg\" class=\"attachment-thumbnail size-thumbnail\" alt=\"\" \/><\/a> <a href=\"https:\/\/lalmachine.com\/wp-content\/uploads\/2021\/06\/AB0416C3-E95E-4486-84C2-B7ADA7F189BE-82b35ab9-scaled.jpeg\"><img loading=\"lazy\" decoding=\"async\" width=\"96\" height=\"96\" src=\"https:\/\/lalmachine.com\/wp-content\/uploads\/2021\/06\/AB0416C3-E95E-4486-84C2-B7ADA7F189BE-82b35ab9-scaled.jpeg\" class=\"attachment-thumbnail size-thumbnail\" alt=\"\" \/><\/a> <a href=\"https:\/\/lalmachine.com\/wp-content\/uploads\/2021\/06\/EF6CDB89-65AE-4225-BCA4-0DF8F9E5327D-5d130b0d-scaled.jpeg\"><img loading=\"lazy\" decoding=\"async\" width=\"96\" height=\"96\" src=\"https:\/\/lalmachine.com\/wp-content\/uploads\/2021\/06\/EF6CDB89-65AE-4225-BCA4-0DF8F9E5327D-5d130b0d-scaled.jpeg\" class=\"attachment-thumbnail size-thumbnail\" alt=\"\" \/><\/a> <a href=\"https:\/\/lalmachine.com\/wp-content\/uploads\/2021\/06\/DC31525D-CCB2-44EA-B042-8EC87A6B2492-0cb906e7-scaled.jpeg\"><img loading=\"lazy\" decoding=\"async\" width=\"96\" height=\"96\" src=\"https:\/\/lalmachine.com\/wp-content\/uploads\/2021\/06\/DC31525D-CCB2-44EA-B042-8EC87A6B2492-0cb906e7-scaled.jpeg\" class=\"attachment-thumbnail size-thumbnail\" alt=\"\" \/><\/a> <a href=\"https:\/\/lalmachine.com\/wp-content\/uploads\/2021\/06\/A2A361CB-60B5-460B-A54E-B24AA92E7C14-41edb5b7-scaled.jpeg\"><img loading=\"lazy\" decoding=\"async\" width=\"96\" height=\"96\" src=\"https:\/\/lalmachine.com\/wp-content\/uploads\/2021\/06\/A2A361CB-60B5-460B-A54E-B24AA92E7C14-41edb5b7-scaled.jpeg\" class=\"attachment-thumbnail size-thumbnail\" alt=\"\" \/><\/a> <a href=\"https:\/\/lalmachine.com\/wp-content\/uploads\/2021\/06\/4E73CA4C-15A5-4861-B052-13C4F33599EB-d7f61b68-scaled.jpeg\"><img loading=\"lazy\" decoding=\"async\" width=\"72\" height=\"96\" src=\"https:\/\/lalmachine.com\/wp-content\/uploads\/2021\/06\/4E73CA4C-15A5-4861-B052-13C4F33599EB-d7f61b68-scaled.jpeg\" class=\"attachment-thumbnail size-thumbnail\" alt=\"\" \/><\/a> <a href=\"https:\/\/lalmachine.com\/wp-content\/uploads\/2021\/06\/1BD2ED38-72DC-4AF7-930D-C1C192B6FB3A-9c49c814-scaled.jpeg\"><img loading=\"lazy\" decoding=\"async\" width=\"72\" height=\"96\" src=\"https:\/\/lalmachine.com\/wp-content\/uploads\/2021\/06\/1BD2ED38-72DC-4AF7-930D-C1C192B6FB3A-9c49c814-scaled.jpeg\" class=\"attachment-thumbnail size-thumbnail\" alt=\"\" \/><\/a> <a href=\"https:\/\/lalmachine.com\/wp-content\/uploads\/2021\/06\/99E97099-3FAD-4273-925B-F6CAF54088E5-9e089173-scaled.jpeg\"><img loading=\"lazy\" decoding=\"async\" width=\"96\" height=\"96\" src=\"https:\/\/lalmachine.com\/wp-content\/uploads\/2021\/06\/99E97099-3FAD-4273-925B-F6CAF54088E5-9e089173-scaled.jpeg\" class=\"attachment-thumbnail size-thumbnail\" alt=\"\" \/><\/a> <a href=\"https:\/\/lalmachine.com\/wp-content\/uploads\/2021\/06\/CFC7C89E-C469-4C34-87ED-1C65E5E871BA-9cbaf6d3-scaled.jpeg\"><img loading=\"lazy\" decoding=\"async\" width=\"96\" height=\"96\" src=\"https:\/\/lalmachine.com\/wp-content\/uploads\/2021\/06\/CFC7C89E-C469-4C34-87ED-1C65E5E871BA-9cbaf6d3-scaled.jpeg\" class=\"attachment-thumbnail size-thumbnail\" alt=\"\" \/><\/a> <a href=\"https:\/\/lalmachine.com\/wp-content\/uploads\/2021\/06\/0C8E3AD1-7522-437F-A105-0D0ACD412CC7-bc0d31f3-scaled.jpeg\"><img loading=\"lazy\" decoding=\"async\" width=\"96\" height=\"96\" src=\"https:\/\/lalmachine.com\/wp-content\/uploads\/2021\/06\/0C8E3AD1-7522-437F-A105-0D0ACD412CC7-bc0d31f3-scaled.jpeg\" class=\"attachment-thumbnail size-thumbnail\" alt=\"\" \/><\/a> <a href=\"https:\/\/lalmachine.com\/wp-content\/uploads\/2021\/06\/37610817-7763-4D50-BCEB-DB888552F5B7-5d4f2ece-scaled.jpeg\"><img loading=\"lazy\" decoding=\"async\" width=\"96\" height=\"96\" src=\"https:\/\/lalmachine.com\/wp-content\/uploads\/2021\/06\/37610817-7763-4D50-BCEB-DB888552F5B7-5d4f2ece-scaled.jpeg\" class=\"attachment-thumbnail size-thumbnail\" alt=\"\" \/><\/a> <a href=\"https:\/\/lalmachine.com\/wp-content\/uploads\/2021\/06\/D2509CFE-0ED0-4E37-BF6A-27814659386F-4c3cebbd-scaled.jpeg\"><img loading=\"lazy\" decoding=\"async\" width=\"96\" height=\"96\" src=\"https:\/\/lalmachine.com\/wp-content\/uploads\/2021\/06\/D2509CFE-0ED0-4E37-BF6A-27814659386F-4c3cebbd-scaled.jpeg\" class=\"attachment-thumbnail size-thumbnail\" alt=\"\" \/><\/a> <\/li>        <li class=\"wpuf-field-data wpuf-field-data-numeric_text_field\">\n                            <label>Prix:<\/label>\n                        175        <\/li>\n                <li class=\"wpuf-field-data wpuf-field-data-numeric_text_field\">\n                            <label>Hauteur (cm):<\/label>\n                        78        <\/li>\n                <li class=\"wpuf-field-data wpuf-field-data-numeric_text_field\">\n                            <label>Largeur (cm):<\/label>\n                        44        <\/li>\n                <li class=\"wpuf-field-data wpuf-field-data-numeric_text_field\">\n                            <label>Profondeur (cm):<\/label>\n                        44        <\/li>\n        <\/ul>","protected":false},"excerpt":{"rendered":"<p>Chaise dessin\u00e9e par le designer Suisse Bruno Rey dans les ann\u00e9es 1970 pour l\u2019\u00e9diteur Dietiker.<br \/>\nCette chaise a un design intemporel et de part son assise concave est tr\u00e8s confortable<br \/>\nElle est dot\u00e9e d\u2019un syst\u00e8me unique car il n\u2019y a pas de vis dans la structure<br \/>\nLa chaise est empilable, petit plus en terme de gain de place<br \/>\nLa structure est en h\u00eatre teint\u00e9.<\/p>\n<p>Elle porte les traces de sa vie ant\u00e9rieure (rayures sur le bois) \/ voir photos.<\/p>","protected":false},"featured_media":57017,"template":"","meta":{"_et_pb_use_builder":"","_et_pb_old_content":"","_et_gb_content_width":""},"product_brand":[],"product_cat":[100,48],"product_tag":[],"proximite":[213],"class_list":{"0":"post-56918","1":"product","2":"type-product","3":"status-publish","4":"has-post-thumbnail","6":"product_cat-chaise","7":"product_cat-sasseoir","8":"product_shipping_class-50-chf","9":"pa_couleur-marron","10":"pa_designer-rey-bruno","11":"pa_etat-bon-etat","12":"pa_materiau-bois","13":"pa_style-design","14":"proximite-zug","16":"first","17":"outofstock","18":"shipping-taxable","19":"purchasable","20":"product-type-simple"},"yoast_head":"<!-- This site is optimized with the Yoast SEO plugin v27.3 - https:\/\/yoast.com\/product\/yoast-seo-wordpress\/ -->\n<title>Chaise de Bruno Rey | lalmachine.com, mobilier et objets d\u00e9co vintage et design<\/title>\n<meta name=\"description\" content=\"Chaise dessin\u00e9e par le designer Suisse Bruno Rey dans les ann\u00e9es 1970 pour l\u2019\u00e9diteur Dietiker. Cette chaise a un design intemporel et de part son assise concave est tr\u00e8s confortable\" \/>\n<meta name=\"robots\" content=\"index, follow, max-snippet:-1, max-image-preview:large, max-video-preview:-1\" \/>\n<link rel=\"canonical\" href=\"https:\/\/lalmachine.com\/de\/shop\/sasseoir\/chaise\/chaise-de-bruno-rey\/\" \/>\n<meta property=\"og:locale\" content=\"de_DE\" \/>\n<meta property=\"og:type\" content=\"article\" \/>\n<meta property=\"og:title\" content=\"Chaise de Bruno Rey | lalmachine.com, mobilier et objets d\u00e9co vintage et design\" \/>\n<meta property=\"og:description\" content=\"Chaise dessin\u00e9e par le designer Suisse Bruno Rey dans les ann\u00e9es 1970 pour l\u2019\u00e9diteur Dietiker. Cette chaise a un design intemporel et de part son assise concave est tr\u00e8s confortable\" \/>\n<meta property=\"og:url\" content=\"https:\/\/lalmachine.com\/de\/shop\/sasseoir\/chaise\/chaise-de-bruno-rey\/\" \/>\n<meta property=\"og:site_name\" content=\"lalmachine.com\" \/>\n<meta property=\"article:publisher\" content=\"https:\/\/facebook.com\/lalmachine\" \/>\n<meta property=\"article:modified_time\" content=\"2024-12-05T20:51:18+00:00\" \/>\n<meta property=\"og:image\" content=\"https:\/\/lalmachine.com\/wp-content\/uploads\/2021\/06\/CC50D0A8-AD4A-4DDF-8080-EDC3E776CD90-b434f4ad-scaled_clipped_rev_2-scaled.jpg\" \/>\n\t<meta property=\"og:image:width\" content=\"2560\" \/>\n\t<meta property=\"og:image:height\" content=\"2560\" \/>\n\t<meta property=\"og:image:type\" content=\"image\/jpeg\" \/>\n<meta name=\"twitter:card\" content=\"summary_large_image\" \/>\n<script type=\"application\/ld+json\" class=\"yoast-schema-graph\">{\"@context\":\"https:\\\/\\\/schema.org\",\"@graph\":[{\"@type\":\"WebPage\",\"@id\":\"https:\\\/\\\/lalmachine.com\\\/shop\\\/sasseoir\\\/chaise\\\/chaise-de-bruno-rey\\\/\",\"url\":\"https:\\\/\\\/lalmachine.com\\\/shop\\\/sasseoir\\\/chaise\\\/chaise-de-bruno-rey\\\/\",\"name\":\"Chaise de Bruno Rey | lalmachine.com, mobilier et objets d\u00e9co vintage et design\",\"isPartOf\":{\"@id\":\"https:\\\/\\\/lalmachine.com\\\/#website\"},\"primaryImageOfPage\":{\"@id\":\"https:\\\/\\\/lalmachine.com\\\/shop\\\/sasseoir\\\/chaise\\\/chaise-de-bruno-rey\\\/#primaryimage\"},\"image\":{\"@id\":\"https:\\\/\\\/lalmachine.com\\\/shop\\\/sasseoir\\\/chaise\\\/chaise-de-bruno-rey\\\/#primaryimage\"},\"thumbnailUrl\":\"https:\\\/\\\/lalmachine.com\\\/wp-content\\\/uploads\\\/2021\\\/06\\\/CC50D0A8-AD4A-4DDF-8080-EDC3E776CD90-b434f4ad-scaled_clipped_rev_2-scaled.jpg\",\"datePublished\":\"2021-06-02T09:43:09+00:00\",\"dateModified\":\"2024-12-05T20:51:18+00:00\",\"description\":\"Chaise dessin\u00e9e par le designer Suisse Bruno Rey dans les ann\u00e9es 1970 pour l\u2019\u00e9diteur Dietiker. Cette chaise a un design intemporel et de part son assise concave est tr\u00e8s confortable\",\"breadcrumb\":{\"@id\":\"https:\\\/\\\/lalmachine.com\\\/shop\\\/sasseoir\\\/chaise\\\/chaise-de-bruno-rey\\\/#breadcrumb\"},\"inLanguage\":\"de\",\"potentialAction\":[{\"@type\":\"ReadAction\",\"target\":[\"https:\\\/\\\/lalmachine.com\\\/shop\\\/sasseoir\\\/chaise\\\/chaise-de-bruno-rey\\\/\"]}]},{\"@type\":\"ImageObject\",\"inLanguage\":\"de\",\"@id\":\"https:\\\/\\\/lalmachine.com\\\/shop\\\/sasseoir\\\/chaise\\\/chaise-de-bruno-rey\\\/#primaryimage\",\"url\":\"https:\\\/\\\/lalmachine.com\\\/wp-content\\\/uploads\\\/2021\\\/06\\\/CC50D0A8-AD4A-4DDF-8080-EDC3E776CD90-b434f4ad-scaled_clipped_rev_2-scaled.jpg\",\"contentUrl\":\"https:\\\/\\\/lalmachine.com\\\/wp-content\\\/uploads\\\/2021\\\/06\\\/CC50D0A8-AD4A-4DDF-8080-EDC3E776CD90-b434f4ad-scaled_clipped_rev_2-scaled.jpg\",\"width\":2560,\"height\":2560,\"caption\":\"Bruno Rey chaise\"},{\"@type\":\"BreadcrumbList\",\"@id\":\"https:\\\/\\\/lalmachine.com\\\/shop\\\/sasseoir\\\/chaise\\\/chaise-de-bruno-rey\\\/#breadcrumb\",\"itemListElement\":[{\"@type\":\"ListItem\",\"position\":1,\"name\":\"Accueil\",\"item\":\"https:\\\/\\\/lalmachine.com\\\/\"},{\"@type\":\"ListItem\",\"position\":2,\"name\":\"Shop\",\"item\":\"https:\\\/\\\/lalmachine.com\\\/shop\\\/\"},{\"@type\":\"ListItem\",\"position\":3,\"name\":\"Chaise de Bruno Rey\"}]},{\"@type\":\"WebSite\",\"@id\":\"https:\\\/\\\/lalmachine.com\\\/#website\",\"url\":\"https:\\\/\\\/lalmachine.com\\\/\",\"name\":\"lalmachine.com\",\"description\":\"Brocante en ligne Suisse | Mobilier et objets d\u00e9co vintage et design\",\"potentialAction\":[{\"@type\":\"SearchAction\",\"target\":{\"@type\":\"EntryPoint\",\"urlTemplate\":\"https:\\\/\\\/lalmachine.com\\\/?s={search_term_string}\"},\"query-input\":{\"@type\":\"PropertyValueSpecification\",\"valueRequired\":true,\"valueName\":\"search_term_string\"}}],\"inLanguage\":\"de\"}]}<\/script>\n<!-- \/ Yoast SEO plugin. -->","yoast_head_json":{"title":"Chaise de Bruno Rey | lalmachine.com, mobilier et objets d\u00e9co vintage et design","description":"Chaise dessin\u00e9e par le designer Suisse Bruno Rey dans les ann\u00e9es 1970 pour l\u2019\u00e9diteur Dietiker. Cette chaise a un design intemporel et de part son assise concave est tr\u00e8s confortable","robots":{"index":"index","follow":"follow","max-snippet":"max-snippet:-1","max-image-preview":"max-image-preview:large","max-video-preview":"max-video-preview:-1"},"canonical":"https:\/\/lalmachine.com\/de\/shop\/sasseoir\/chaise\/chaise-de-bruno-rey\/","og_locale":"de_DE","og_type":"article","og_title":"Chaise de Bruno Rey | lalmachine.com, mobilier et objets d\u00e9co vintage et design","og_description":"Chaise dessin\u00e9e par le designer Suisse Bruno Rey dans les ann\u00e9es 1970 pour l\u2019\u00e9diteur Dietiker. Cette chaise a un design intemporel et de part son assise concave est tr\u00e8s confortable","og_url":"https:\/\/lalmachine.com\/de\/shop\/sasseoir\/chaise\/chaise-de-bruno-rey\/","og_site_name":"lalmachine.com","article_publisher":"https:\/\/facebook.com\/lalmachine","article_modified_time":"2024-12-05T20:51:18+00:00","og_image":[{"width":2560,"height":2560,"url":"https:\/\/lalmachine.com\/wp-content\/uploads\/2021\/06\/CC50D0A8-AD4A-4DDF-8080-EDC3E776CD90-b434f4ad-scaled_clipped_rev_2-scaled.jpg","type":"image\/jpeg"}],"twitter_card":"summary_large_image","schema":{"@context":"https:\/\/schema.org","@graph":[{"@type":"WebPage","@id":"https:\/\/lalmachine.com\/shop\/sasseoir\/chaise\/chaise-de-bruno-rey\/","url":"https:\/\/lalmachine.com\/shop\/sasseoir\/chaise\/chaise-de-bruno-rey\/","name":"Chaise de Bruno Rey | lalmachine.com, mobilier et objets d\u00e9co vintage et design","isPartOf":{"@id":"https:\/\/lalmachine.com\/#website"},"primaryImageOfPage":{"@id":"https:\/\/lalmachine.com\/shop\/sasseoir\/chaise\/chaise-de-bruno-rey\/#primaryimage"},"image":{"@id":"https:\/\/lalmachine.com\/shop\/sasseoir\/chaise\/chaise-de-bruno-rey\/#primaryimage"},"thumbnailUrl":"https:\/\/lalmachine.com\/wp-content\/uploads\/2021\/06\/CC50D0A8-AD4A-4DDF-8080-EDC3E776CD90-b434f4ad-scaled_clipped_rev_2-scaled.jpg","datePublished":"2021-06-02T09:43:09+00:00","dateModified":"2024-12-05T20:51:18+00:00","description":"Chaise dessin\u00e9e par le designer Suisse Bruno Rey dans les ann\u00e9es 1970 pour l\u2019\u00e9diteur Dietiker. Cette chaise a un design intemporel et de part son assise concave est tr\u00e8s confortable","breadcrumb":{"@id":"https:\/\/lalmachine.com\/shop\/sasseoir\/chaise\/chaise-de-bruno-rey\/#breadcrumb"},"inLanguage":"de","potentialAction":[{"@type":"ReadAction","target":["https:\/\/lalmachine.com\/shop\/sasseoir\/chaise\/chaise-de-bruno-rey\/"]}]},{"@type":"ImageObject","inLanguage":"de","@id":"https:\/\/lalmachine.com\/shop\/sasseoir\/chaise\/chaise-de-bruno-rey\/#primaryimage","url":"https:\/\/lalmachine.com\/wp-content\/uploads\/2021\/06\/CC50D0A8-AD4A-4DDF-8080-EDC3E776CD90-b434f4ad-scaled_clipped_rev_2-scaled.jpg","contentUrl":"https:\/\/lalmachine.com\/wp-content\/uploads\/2021\/06\/CC50D0A8-AD4A-4DDF-8080-EDC3E776CD90-b434f4ad-scaled_clipped_rev_2-scaled.jpg","width":2560,"height":2560,"caption":"Bruno Rey chaise"},{"@type":"BreadcrumbList","@id":"https:\/\/lalmachine.com\/shop\/sasseoir\/chaise\/chaise-de-bruno-rey\/#breadcrumb","itemListElement":[{"@type":"ListItem","position":1,"name":"Accueil","item":"https:\/\/lalmachine.com\/"},{"@type":"ListItem","position":2,"name":"Shop","item":"https:\/\/lalmachine.com\/shop\/"},{"@type":"ListItem","position":3,"name":"Chaise de Bruno Rey"}]},{"@type":"WebSite","@id":"https:\/\/lalmachine.com\/#website","url":"https:\/\/lalmachine.com\/","name":"lalmachine.com","description":"Brocante en ligne Suisse | Mobilier et objets d\u00e9co vintage et design","potentialAction":[{"@type":"SearchAction","target":{"@type":"EntryPoint","urlTemplate":"https:\/\/lalmachine.com\/?s={search_term_string}"},"query-input":{"@type":"PropertyValueSpecification","valueRequired":true,"valueName":"search_term_string"}}],"inLanguage":"de"}]}},"_links":{"self":[{"href":"https:\/\/lalmachine.com\/de\/wp-json\/wp\/v2\/product\/56918","targetHints":{"allow":["GET"]}}],"collection":[{"href":"https:\/\/lalmachine.com\/de\/wp-json\/wp\/v2\/product"}],"about":[{"href":"https:\/\/lalmachine.com\/de\/wp-json\/wp\/v2\/types\/product"}],"wp:featuredmedia":[{"embeddable":true,"href":"https:\/\/lalmachine.com\/de\/wp-json\/wp\/v2\/media\/57017"}],"wp:attachment":[{"href":"https:\/\/lalmachine.com\/de\/wp-json\/wp\/v2\/media?parent=56918"}],"wp:term":[{"taxonomy":"product_brand","embeddable":true,"href":"https:\/\/lalmachine.com\/de\/wp-json\/wp\/v2\/product_brand?post=56918"},{"taxonomy":"product_cat","embeddable":true,"href":"https:\/\/lalmachine.com\/de\/wp-json\/wp\/v2\/product_cat?post=56918"},{"taxonomy":"product_tag","embeddable":true,"href":"https:\/\/lalmachine.com\/de\/wp-json\/wp\/v2\/product_tag?post=56918"},{"taxonomy":"proximite","embeddable":true,"href":"https:\/\/lalmachine.com\/de\/wp-json\/wp\/v2\/proximite?post=56918"}],"curies":[{"name":"wp","href":"https:\/\/api.w.org\/{rel}","templated":true}]}}