{"id":58346,"date":"2021-06-14T13:58:16","date_gmt":"2021-06-14T11:58:16","guid":{"rendered":"https:\/\/lalmachine.com\/?post_type=product&#038;p=58346"},"modified":"2024-12-05T21:51:20","modified_gmt":"2024-12-05T20:51:20","slug":"tapis-berbere-noor","status":"publish","type":"product","link":"https:\/\/lalmachine.com\/de\/shop\/decorer\/tapis\/tapis-berbere-noor\/","title":{"rendered":"Tapis berb\u00e8re Noor \/ FREE SHIPPING"},"content":{"rendered":"<ul class=\"wpuf_customs\"><li style=\"list-style-type:none;\"><label>Autres photos:<\/label> <a href=\"https:\/\/lalmachine.com\/wp-content\/uploads\/2021\/06\/FCSC7532-2567ede1.jpg\"><img loading=\"lazy\" decoding=\"async\" width=\"72\" height=\"96\" src=\"https:\/\/lalmachine.com\/wp-content\/uploads\/2021\/06\/FCSC7532-2567ede1.jpg\" class=\"attachment-thumbnail size-thumbnail\" alt=\"\" \/><\/a> <\/li>        <li class=\"wpuf-field-data wpuf-field-data-numeric_text_field\">\n                            <label>Prix:<\/label>\n                        799        <\/li>\n                <li class=\"wpuf-field-data wpuf-field-data-numeric_text_field\">\n                            <label>Quantit\u00e9:<\/label>\n                        0        <\/li>\n                <li class=\"wpuf-field-data wpuf-field-data-numeric_text_field\">\n                            <label>Hauteur (cm):<\/label>\n                        305        <\/li>\n                <li class=\"wpuf-field-data wpuf-field-data-numeric_text_field\">\n                            <label>Largeur (cm):<\/label>\n                        205        <\/li>\n                <li class=\"wpuf-field-data wpuf-field-data-numeric_text_field\">\n                            <label>Profondeur (cm):<\/label>\n                        3        <\/li>\n        <\/ul>","protected":false},"excerpt":{"rendered":"<p>Chaque tapis porte le nom d\u2019une femme. Noor signifie lumi\u00e8re en arabe<br \/>\nCe tapis Beni Ouarain douillet aux couleurs neutres avec des d\u00e9tails noirs sublimerait un salon, rendrait cosy une chambre ou rendrait luxueux un bureau.<br \/>\nChaque tapis est unique vous n\u2019aurez jamais deux exemplaires totalement identiques m\u00eame si fabriqu\u00e9 par la m\u00eame personne :).<\/p>\n<p>Enti\u00e8rement tiss\u00e9 \u00e0 la main, en laine de mouton locale.<br \/>\n100 % laine \u2013 100 % fait main \u2013 100 % unique.<\/p>\n<p><strong>Livraison gratuite dans toute la Suisse<\/strong><\/p>","protected":false},"featured_media":58395,"template":"","meta":{"_et_pb_use_builder":"","_et_pb_old_content":"","_et_gb_content_width":""},"product_brand":[],"product_cat":[50,97],"product_tag":[],"proximite":[278,179],"class_list":{"0":"post-58346","1":"product","2":"type-product","3":"status-publish","4":"has-post-thumbnail","6":"product_cat-decorer","7":"product_cat-tapis","8":"pa_couleur-beige","9":"pa_etat-tres-bon-etat","10":"pa_materiau-autre","11":"pa_style-ethnique","12":"proximite-lausanne","13":"proximite-vaud","15":"first","16":"outofstock","17":"sale","18":"shipping-taxable","19":"purchasable","20":"product-type-simple"},"yoast_head":"<!-- This site is optimized with the Yoast SEO plugin v27.4 - https:\/\/yoast.com\/product\/yoast-seo-wordpress\/ -->\n<title>Tapis berb\u00e8re Noor \/ FREE SHIPPING | lalmachine.com<\/title>\n<meta name=\"description\" content=\"tapis Beni Ouarain douillet aux couleurs neutres avec des d\u00e9tails noirs sublimerait un salon, rendrait cosy une chambre ou rendrait luxueux un bureau.\" \/>\n<meta name=\"robots\" content=\"index, follow, max-snippet:-1, max-image-preview:large, max-video-preview:-1\" \/>\n<link rel=\"canonical\" href=\"https:\/\/lalmachine.com\/de\/shop\/decorer\/tapis\/tapis-berbere-noor\/\" \/>\n<meta property=\"og:locale\" content=\"de_DE\" \/>\n<meta property=\"og:type\" content=\"article\" \/>\n<meta property=\"og:title\" content=\"Tapis berb\u00e8re Noor \/ FREE SHIPPING | lalmachine.com\" \/>\n<meta property=\"og:description\" content=\"tapis Beni Ouarain douillet aux couleurs neutres avec des d\u00e9tails noirs sublimerait un salon, rendrait cosy une chambre ou rendrait luxueux un bureau.\" \/>\n<meta property=\"og:url\" content=\"https:\/\/lalmachine.com\/de\/shop\/decorer\/tapis\/tapis-berbere-noor\/\" \/>\n<meta property=\"og:site_name\" content=\"lalmachine.com\" \/>\n<meta property=\"article:publisher\" content=\"https:\/\/facebook.com\/lalmachine\" \/>\n<meta property=\"article:modified_time\" content=\"2024-12-05T20:51:20+00:00\" \/>\n<meta property=\"og:image\" content=\"https:\/\/lalmachine.com\/wp-content\/uploads\/2021\/06\/FCSC7532-2567ede1_clipped_rev_1.jpg\" \/>\n\t<meta property=\"og:image:width\" content=\"1198\" \/>\n\t<meta property=\"og:image:height\" content=\"1198\" \/>\n\t<meta property=\"og:image:type\" content=\"image\/jpeg\" \/>\n<meta name=\"twitter:card\" content=\"summary_large_image\" \/>\n<script type=\"application\/ld+json\" class=\"yoast-schema-graph\">{\"@context\":\"https:\\\/\\\/schema.org\",\"@graph\":[{\"@type\":\"WebPage\",\"@id\":\"https:\\\/\\\/lalmachine.com\\\/shop\\\/decorer\\\/tapis\\\/tapis-berbere-noor\\\/\",\"url\":\"https:\\\/\\\/lalmachine.com\\\/shop\\\/decorer\\\/tapis\\\/tapis-berbere-noor\\\/\",\"name\":\"Tapis berb\u00e8re Noor \\\/ FREE SHIPPING | lalmachine.com\",\"isPartOf\":{\"@id\":\"https:\\\/\\\/lalmachine.com\\\/#website\"},\"primaryImageOfPage\":{\"@id\":\"https:\\\/\\\/lalmachine.com\\\/shop\\\/decorer\\\/tapis\\\/tapis-berbere-noor\\\/#primaryimage\"},\"image\":{\"@id\":\"https:\\\/\\\/lalmachine.com\\\/shop\\\/decorer\\\/tapis\\\/tapis-berbere-noor\\\/#primaryimage\"},\"thumbnailUrl\":\"https:\\\/\\\/lalmachine.com\\\/wp-content\\\/uploads\\\/2021\\\/06\\\/FCSC7532-2567ede1_clipped_rev_1.jpg\",\"datePublished\":\"2021-06-14T11:58:16+00:00\",\"dateModified\":\"2024-12-05T20:51:20+00:00\",\"description\":\"tapis Beni Ouarain douillet aux couleurs neutres avec des d\u00e9tails noirs sublimerait un salon, rendrait cosy une chambre ou rendrait luxueux un bureau.\",\"breadcrumb\":{\"@id\":\"https:\\\/\\\/lalmachine.com\\\/shop\\\/decorer\\\/tapis\\\/tapis-berbere-noor\\\/#breadcrumb\"},\"inLanguage\":\"de\",\"potentialAction\":[{\"@type\":\"ReadAction\",\"target\":[\"https:\\\/\\\/lalmachine.com\\\/shop\\\/decorer\\\/tapis\\\/tapis-berbere-noor\\\/\"]}]},{\"@type\":\"ImageObject\",\"inLanguage\":\"de\",\"@id\":\"https:\\\/\\\/lalmachine.com\\\/shop\\\/decorer\\\/tapis\\\/tapis-berbere-noor\\\/#primaryimage\",\"url\":\"https:\\\/\\\/lalmachine.com\\\/wp-content\\\/uploads\\\/2021\\\/06\\\/FCSC7532-2567ede1_clipped_rev_1.jpg\",\"contentUrl\":\"https:\\\/\\\/lalmachine.com\\\/wp-content\\\/uploads\\\/2021\\\/06\\\/FCSC7532-2567ede1_clipped_rev_1.jpg\",\"width\":1198,\"height\":1198,\"caption\":\"tapis Beni Ouarain\"},{\"@type\":\"BreadcrumbList\",\"@id\":\"https:\\\/\\\/lalmachine.com\\\/shop\\\/decorer\\\/tapis\\\/tapis-berbere-noor\\\/#breadcrumb\",\"itemListElement\":[{\"@type\":\"ListItem\",\"position\":1,\"name\":\"Accueil\",\"item\":\"https:\\\/\\\/lalmachine.com\\\/\"},{\"@type\":\"ListItem\",\"position\":2,\"name\":\"Shop\",\"item\":\"https:\\\/\\\/lalmachine.com\\\/shop\\\/\"},{\"@type\":\"ListItem\",\"position\":3,\"name\":\"Tapis berb\u00e8re Noor \\\/ FREE SHIPPING\"}]},{\"@type\":\"WebSite\",\"@id\":\"https:\\\/\\\/lalmachine.com\\\/#website\",\"url\":\"https:\\\/\\\/lalmachine.com\\\/\",\"name\":\"lalmachine.com\",\"description\":\"Brocante en ligne Suisse | Mobilier et objets d\u00e9co vintage et design\",\"potentialAction\":[{\"@type\":\"SearchAction\",\"target\":{\"@type\":\"EntryPoint\",\"urlTemplate\":\"https:\\\/\\\/lalmachine.com\\\/?s={search_term_string}\"},\"query-input\":{\"@type\":\"PropertyValueSpecification\",\"valueRequired\":true,\"valueName\":\"search_term_string\"}}],\"inLanguage\":\"de\"}]}<\/script>\n<!-- \/ Yoast SEO plugin. -->","yoast_head_json":{"title":"Tapis berb\u00e8re Noor \/ FREE SHIPPING | lalmachine.com","description":"tapis Beni Ouarain douillet aux couleurs neutres avec des d\u00e9tails noirs sublimerait un salon, rendrait cosy une chambre ou rendrait luxueux un bureau.","robots":{"index":"index","follow":"follow","max-snippet":"max-snippet:-1","max-image-preview":"max-image-preview:large","max-video-preview":"max-video-preview:-1"},"canonical":"https:\/\/lalmachine.com\/de\/shop\/decorer\/tapis\/tapis-berbere-noor\/","og_locale":"de_DE","og_type":"article","og_title":"Tapis berb\u00e8re Noor \/ FREE SHIPPING | lalmachine.com","og_description":"tapis Beni Ouarain douillet aux couleurs neutres avec des d\u00e9tails noirs sublimerait un salon, rendrait cosy une chambre ou rendrait luxueux un bureau.","og_url":"https:\/\/lalmachine.com\/de\/shop\/decorer\/tapis\/tapis-berbere-noor\/","og_site_name":"lalmachine.com","article_publisher":"https:\/\/facebook.com\/lalmachine","article_modified_time":"2024-12-05T20:51:20+00:00","og_image":[{"width":1198,"height":1198,"url":"https:\/\/lalmachine.com\/wp-content\/uploads\/2021\/06\/FCSC7532-2567ede1_clipped_rev_1.jpg","type":"image\/jpeg"}],"twitter_card":"summary_large_image","schema":{"@context":"https:\/\/schema.org","@graph":[{"@type":"WebPage","@id":"https:\/\/lalmachine.com\/shop\/decorer\/tapis\/tapis-berbere-noor\/","url":"https:\/\/lalmachine.com\/shop\/decorer\/tapis\/tapis-berbere-noor\/","name":"Tapis berb\u00e8re Noor \/ FREE SHIPPING | lalmachine.com","isPartOf":{"@id":"https:\/\/lalmachine.com\/#website"},"primaryImageOfPage":{"@id":"https:\/\/lalmachine.com\/shop\/decorer\/tapis\/tapis-berbere-noor\/#primaryimage"},"image":{"@id":"https:\/\/lalmachine.com\/shop\/decorer\/tapis\/tapis-berbere-noor\/#primaryimage"},"thumbnailUrl":"https:\/\/lalmachine.com\/wp-content\/uploads\/2021\/06\/FCSC7532-2567ede1_clipped_rev_1.jpg","datePublished":"2021-06-14T11:58:16+00:00","dateModified":"2024-12-05T20:51:20+00:00","description":"tapis Beni Ouarain douillet aux couleurs neutres avec des d\u00e9tails noirs sublimerait un salon, rendrait cosy une chambre ou rendrait luxueux un bureau.","breadcrumb":{"@id":"https:\/\/lalmachine.com\/shop\/decorer\/tapis\/tapis-berbere-noor\/#breadcrumb"},"inLanguage":"de","potentialAction":[{"@type":"ReadAction","target":["https:\/\/lalmachine.com\/shop\/decorer\/tapis\/tapis-berbere-noor\/"]}]},{"@type":"ImageObject","inLanguage":"de","@id":"https:\/\/lalmachine.com\/shop\/decorer\/tapis\/tapis-berbere-noor\/#primaryimage","url":"https:\/\/lalmachine.com\/wp-content\/uploads\/2021\/06\/FCSC7532-2567ede1_clipped_rev_1.jpg","contentUrl":"https:\/\/lalmachine.com\/wp-content\/uploads\/2021\/06\/FCSC7532-2567ede1_clipped_rev_1.jpg","width":1198,"height":1198,"caption":"tapis Beni Ouarain"},{"@type":"BreadcrumbList","@id":"https:\/\/lalmachine.com\/shop\/decorer\/tapis\/tapis-berbere-noor\/#breadcrumb","itemListElement":[{"@type":"ListItem","position":1,"name":"Accueil","item":"https:\/\/lalmachine.com\/"},{"@type":"ListItem","position":2,"name":"Shop","item":"https:\/\/lalmachine.com\/shop\/"},{"@type":"ListItem","position":3,"name":"Tapis berb\u00e8re Noor \/ FREE SHIPPING"}]},{"@type":"WebSite","@id":"https:\/\/lalmachine.com\/#website","url":"https:\/\/lalmachine.com\/","name":"lalmachine.com","description":"Brocante en ligne Suisse | Mobilier et objets d\u00e9co vintage et design","potentialAction":[{"@type":"SearchAction","target":{"@type":"EntryPoint","urlTemplate":"https:\/\/lalmachine.com\/?s={search_term_string}"},"query-input":{"@type":"PropertyValueSpecification","valueRequired":true,"valueName":"search_term_string"}}],"inLanguage":"de"}]}},"_links":{"self":[{"href":"https:\/\/lalmachine.com\/de\/wp-json\/wp\/v2\/product\/58346","targetHints":{"allow":["GET"]}}],"collection":[{"href":"https:\/\/lalmachine.com\/de\/wp-json\/wp\/v2\/product"}],"about":[{"href":"https:\/\/lalmachine.com\/de\/wp-json\/wp\/v2\/types\/product"}],"wp:featuredmedia":[{"embeddable":true,"href":"https:\/\/lalmachine.com\/de\/wp-json\/wp\/v2\/media\/58395"}],"wp:attachment":[{"href":"https:\/\/lalmachine.com\/de\/wp-json\/wp\/v2\/media?parent=58346"}],"wp:term":[{"taxonomy":"product_brand","embeddable":true,"href":"https:\/\/lalmachine.com\/de\/wp-json\/wp\/v2\/product_brand?post=58346"},{"taxonomy":"product_cat","embeddable":true,"href":"https:\/\/lalmachine.com\/de\/wp-json\/wp\/v2\/product_cat?post=58346"},{"taxonomy":"product_tag","embeddable":true,"href":"https:\/\/lalmachine.com\/de\/wp-json\/wp\/v2\/product_tag?post=58346"},{"taxonomy":"proximite","embeddable":true,"href":"https:\/\/lalmachine.com\/de\/wp-json\/wp\/v2\/proximite?post=58346"}],"curies":[{"name":"wp","href":"https:\/\/api.w.org\/{rel}","templated":true}]}}