{"id":58866,"date":"2021-06-16T19:46:31","date_gmt":"2021-06-16T17:46:31","guid":{"rendered":"https:\/\/lalmachine.com\/?post_type=product&#038;p=58866"},"modified":"2024-12-05T21:51:22","modified_gmt":"2024-12-05T20:51:22","slug":"meuble-de-rangement-8","status":"publish","type":"product","link":"https:\/\/lalmachine.com\/de\/shop\/meubler\/meuble-de-rangement\/meuble-de-rangement-8\/","title":{"rendered":"VENTE FLASH &#8211; Meuble de rangement"},"content":{"rendered":"<ul class=\"wpuf_customs\"><li style=\"list-style-type:none;\"><label>Autres photos:<\/label> <a href=\"https:\/\/lalmachine.com\/wp-content\/uploads\/2021\/06\/IMG_20210615_183401-e85a9bf3.jpg\"><img loading=\"lazy\" decoding=\"async\" width=\"72\" height=\"96\" src=\"https:\/\/lalmachine.com\/wp-content\/uploads\/2021\/06\/IMG_20210615_183401-e85a9bf3.jpg\" class=\"attachment-thumbnail size-thumbnail\" alt=\"\" \/><\/a> <a href=\"https:\/\/lalmachine.com\/wp-content\/uploads\/2021\/06\/IMG_20210615_183501-9a0977f1.jpg\"><img loading=\"lazy\" decoding=\"async\" width=\"72\" height=\"96\" src=\"https:\/\/lalmachine.com\/wp-content\/uploads\/2021\/06\/IMG_20210615_183501-9a0977f1.jpg\" class=\"attachment-thumbnail size-thumbnail\" alt=\"\" \/><\/a> <a href=\"https:\/\/lalmachine.com\/wp-content\/uploads\/2021\/06\/IMG_20210615_183531-b99d7bd8.jpg\"><img loading=\"lazy\" decoding=\"async\" width=\"72\" height=\"96\" src=\"https:\/\/lalmachine.com\/wp-content\/uploads\/2021\/06\/IMG_20210615_183531-b99d7bd8.jpg\" class=\"attachment-thumbnail size-thumbnail\" alt=\"\" \/><\/a> <a href=\"https:\/\/lalmachine.com\/wp-content\/uploads\/2021\/06\/IMG_20210615_183513-b4f1b711.jpg\"><img loading=\"lazy\" decoding=\"async\" width=\"72\" height=\"96\" src=\"https:\/\/lalmachine.com\/wp-content\/uploads\/2021\/06\/IMG_20210615_183513-b4f1b711.jpg\" class=\"attachment-thumbnail size-thumbnail\" alt=\"\" \/><\/a> <a href=\"https:\/\/lalmachine.com\/wp-content\/uploads\/2021\/06\/IMG_20210615_183536-3cffa3d8.jpg\"><img loading=\"lazy\" decoding=\"async\" width=\"72\" height=\"96\" src=\"https:\/\/lalmachine.com\/wp-content\/uploads\/2021\/06\/IMG_20210615_183536-3cffa3d8.jpg\" class=\"attachment-thumbnail size-thumbnail\" alt=\"\" \/><\/a> <a href=\"https:\/\/lalmachine.com\/wp-content\/uploads\/2021\/06\/IMG_20210615_183602-d6cb8dd2.jpg\"><img loading=\"lazy\" decoding=\"async\" width=\"72\" height=\"96\" src=\"https:\/\/lalmachine.com\/wp-content\/uploads\/2021\/06\/IMG_20210615_183602-d6cb8dd2.jpg\" class=\"attachment-thumbnail size-thumbnail\" alt=\"\" \/><\/a> <a href=\"https:\/\/lalmachine.com\/wp-content\/uploads\/2021\/06\/IMG_20210615_183611-003725b6.jpg\"><img loading=\"lazy\" decoding=\"async\" width=\"72\" height=\"96\" src=\"https:\/\/lalmachine.com\/wp-content\/uploads\/2021\/06\/IMG_20210615_183611-003725b6.jpg\" class=\"attachment-thumbnail size-thumbnail\" alt=\"\" \/><\/a> <a href=\"https:\/\/lalmachine.com\/wp-content\/uploads\/2021\/06\/IMG_20210615_183634-772b6a4b.jpg\"><img loading=\"lazy\" decoding=\"async\" width=\"72\" height=\"96\" src=\"https:\/\/lalmachine.com\/wp-content\/uploads\/2021\/06\/IMG_20210615_183634-772b6a4b.jpg\" class=\"attachment-thumbnail size-thumbnail\" alt=\"\" \/><\/a> <a href=\"https:\/\/lalmachine.com\/wp-content\/uploads\/2021\/06\/IMG_20210615_183700-7d58fee4.jpg\"><img loading=\"lazy\" decoding=\"async\" width=\"72\" height=\"96\" src=\"https:\/\/lalmachine.com\/wp-content\/uploads\/2021\/06\/IMG_20210615_183700-7d58fee4.jpg\" class=\"attachment-thumbnail size-thumbnail\" alt=\"\" \/><\/a> <a href=\"https:\/\/lalmachine.com\/wp-content\/uploads\/2021\/06\/IMG_20210615_183718-157b8c5b.jpg\"><img loading=\"lazy\" decoding=\"async\" width=\"72\" height=\"96\" src=\"https:\/\/lalmachine.com\/wp-content\/uploads\/2021\/06\/IMG_20210615_183718-157b8c5b.jpg\" class=\"attachment-thumbnail size-thumbnail\" alt=\"\" \/><\/a> <a href=\"https:\/\/lalmachine.com\/wp-content\/uploads\/2021\/06\/IMG_20210615_184842-f0b51841.jpg\"><img loading=\"lazy\" decoding=\"async\" width=\"72\" height=\"96\" src=\"https:\/\/lalmachine.com\/wp-content\/uploads\/2021\/06\/IMG_20210615_184842-f0b51841.jpg\" class=\"attachment-thumbnail size-thumbnail\" alt=\"\" \/><\/a> <\/li>        <li class=\"wpuf-field-data wpuf-field-data-numeric_text_field\">\n                            <label>Prix:<\/label>\n                        950        <\/li>\n                <li class=\"wpuf-field-data wpuf-field-data-numeric_text_field\">\n                            <label>Hauteur (cm):<\/label>\n                        145        <\/li>\n                <li class=\"wpuf-field-data wpuf-field-data-numeric_text_field\">\n                            <label>Largeur (cm):<\/label>\n                        210        <\/li>\n                <li class=\"wpuf-field-data wpuf-field-data-numeric_text_field\">\n                            <label>Profondeur (cm):<\/label>\n                        50        <\/li>\n        <\/ul>","protected":false},"excerpt":{"rendered":"<p><strong>D\u00e9p\u00eachez-vous, la r\u00e9duction est valable jusqu&rsquo;au 28.02.2022.<\/strong><\/p>\n<p>Meuble de rangement vintage en bois sur pieds. Dans la partie sup\u00e9rieure on trouve des \u00e9tag\u00e8res qui peuvent \u00eatre plac\u00e9es \u00e0 diff\u00e9rentes hauteurs et un espace de rangement avec portes au milieu. Plus en bas on trouve trois grands tiroirs \u00e0 gauche et quatre petits \u00e0 droite. Dot\u00e9s d&rsquo;\u00e9l\u00e9gantes poign\u00e9es en bois et d&rsquo;une jolie couleur pastel \u00e0 l&rsquo;int\u00e9rieur. Quelques l\u00e9g\u00e8res traces d&rsquo;usure pour ce meuble tr\u00e8s \u00e9l\u00e9gant et aux formes atypiques. Hauteur du plateau au dessous du pi\u00e8tement: 42 cm.<\/p>","protected":false},"featured_media":58854,"template":"","meta":{"_et_pb_use_builder":"","_et_pb_old_content":"","_et_gb_content_width":""},"product_brand":[],"product_cat":[83,47],"product_tag":[],"proximite":[177,235],"class_list":{"0":"post-58866","1":"product","2":"type-product","3":"status-publish","4":"has-post-thumbnail","6":"product_cat-meuble-de-rangement","7":"product_cat-meubler","8":"pa_couleur-bois","9":"pa_etat-bon-etat","10":"pa_materiau-bois","11":"pa_style-scandinave","12":"proximite-fribourg","13":"proximite-sarine","15":"first","16":"outofstock","17":"shipping-taxable","18":"purchasable","19":"product-type-simple"},"yoast_head":"<!-- This site is optimized with the Yoast SEO plugin v27.4 - https:\/\/yoast.com\/product\/yoast-seo-wordpress\/ -->\n<title>VENTE FLASH - Meuble de rangement | lalmachine.com, mobilier et objets d\u00e9co vintage et design<\/title>\n<meta name=\"description\" content=\"Meuble de rangement vintage en bois sur pieds. Dans la partie sup\u00e9rieure on trouve des \u00e9tag\u00e8res qui peuvent \u00eatre plac\u00e9es \u00e0 diff\u00e9rentes hauteurs et un espace de rangement avec portes au milieu.\" \/>\n<meta name=\"robots\" content=\"index, follow, max-snippet:-1, max-image-preview:large, max-video-preview:-1\" \/>\n<link rel=\"canonical\" href=\"https:\/\/lalmachine.com\/de\/shop\/meubler\/meuble-de-rangement\/meuble-de-rangement-8\/\" \/>\n<meta property=\"og:locale\" content=\"de_DE\" \/>\n<meta property=\"og:type\" content=\"article\" \/>\n<meta property=\"og:title\" content=\"VENTE FLASH - Meuble de rangement | lalmachine.com, mobilier et objets d\u00e9co vintage et design\" \/>\n<meta property=\"og:description\" content=\"Meuble de rangement vintage en bois sur pieds. Dans la partie sup\u00e9rieure on trouve des \u00e9tag\u00e8res qui peuvent \u00eatre plac\u00e9es \u00e0 diff\u00e9rentes hauteurs et un espace de rangement avec portes au milieu.\" \/>\n<meta property=\"og:url\" content=\"https:\/\/lalmachine.com\/de\/shop\/meubler\/meuble-de-rangement\/meuble-de-rangement-8\/\" \/>\n<meta property=\"og:site_name\" content=\"lalmachine.com\" \/>\n<meta property=\"article:publisher\" content=\"https:\/\/facebook.com\/lalmachine\" \/>\n<meta property=\"article:modified_time\" content=\"2024-12-05T20:51:22+00:00\" \/>\n<meta property=\"og:image\" content=\"https:\/\/lalmachine.com\/wp-content\/uploads\/2021\/06\/IMG_20210615_183401_clipped_rev_1-f840937b.jpg\" \/>\n\t<meta property=\"og:image:width\" content=\"2837\" \/>\n\t<meta property=\"og:image:height\" content=\"2837\" \/>\n\t<meta property=\"og:image:type\" content=\"image\/jpeg\" \/>\n<meta name=\"twitter:card\" content=\"summary_large_image\" \/>\n<script type=\"application\/ld+json\" class=\"yoast-schema-graph\">{\"@context\":\"https:\\\/\\\/schema.org\",\"@graph\":[{\"@type\":\"WebPage\",\"@id\":\"https:\\\/\\\/lalmachine.com\\\/shop\\\/meubler\\\/meuble-de-rangement\\\/meuble-de-rangement-8\\\/\",\"url\":\"https:\\\/\\\/lalmachine.com\\\/shop\\\/meubler\\\/meuble-de-rangement\\\/meuble-de-rangement-8\\\/\",\"name\":\"VENTE FLASH - Meuble de rangement | lalmachine.com, mobilier et objets d\u00e9co vintage et design\",\"isPartOf\":{\"@id\":\"https:\\\/\\\/lalmachine.com\\\/#website\"},\"primaryImageOfPage\":{\"@id\":\"https:\\\/\\\/lalmachine.com\\\/shop\\\/meubler\\\/meuble-de-rangement\\\/meuble-de-rangement-8\\\/#primaryimage\"},\"image\":{\"@id\":\"https:\\\/\\\/lalmachine.com\\\/shop\\\/meubler\\\/meuble-de-rangement\\\/meuble-de-rangement-8\\\/#primaryimage\"},\"thumbnailUrl\":\"https:\\\/\\\/lalmachine.com\\\/wp-content\\\/uploads\\\/2021\\\/06\\\/IMG_20210615_183401_clipped_rev_1-f840937b.jpg\",\"datePublished\":\"2021-06-16T17:46:31+00:00\",\"dateModified\":\"2024-12-05T20:51:22+00:00\",\"description\":\"Meuble de rangement vintage en bois sur pieds. Dans la partie sup\u00e9rieure on trouve des \u00e9tag\u00e8res qui peuvent \u00eatre plac\u00e9es \u00e0 diff\u00e9rentes hauteurs et un espace de rangement avec portes au milieu.\",\"breadcrumb\":{\"@id\":\"https:\\\/\\\/lalmachine.com\\\/shop\\\/meubler\\\/meuble-de-rangement\\\/meuble-de-rangement-8\\\/#breadcrumb\"},\"inLanguage\":\"de\",\"potentialAction\":[{\"@type\":\"ReadAction\",\"target\":[\"https:\\\/\\\/lalmachine.com\\\/shop\\\/meubler\\\/meuble-de-rangement\\\/meuble-de-rangement-8\\\/\"]}]},{\"@type\":\"ImageObject\",\"inLanguage\":\"de\",\"@id\":\"https:\\\/\\\/lalmachine.com\\\/shop\\\/meubler\\\/meuble-de-rangement\\\/meuble-de-rangement-8\\\/#primaryimage\",\"url\":\"https:\\\/\\\/lalmachine.com\\\/wp-content\\\/uploads\\\/2021\\\/06\\\/IMG_20210615_183401_clipped_rev_1-f840937b.jpg\",\"contentUrl\":\"https:\\\/\\\/lalmachine.com\\\/wp-content\\\/uploads\\\/2021\\\/06\\\/IMG_20210615_183401_clipped_rev_1-f840937b.jpg\",\"width\":2837,\"height\":2837,\"caption\":\"Meuble de rangement vintage\"},{\"@type\":\"BreadcrumbList\",\"@id\":\"https:\\\/\\\/lalmachine.com\\\/shop\\\/meubler\\\/meuble-de-rangement\\\/meuble-de-rangement-8\\\/#breadcrumb\",\"itemListElement\":[{\"@type\":\"ListItem\",\"position\":1,\"name\":\"Accueil\",\"item\":\"https:\\\/\\\/lalmachine.com\\\/\"},{\"@type\":\"ListItem\",\"position\":2,\"name\":\"Shop\",\"item\":\"https:\\\/\\\/lalmachine.com\\\/shop\\\/\"},{\"@type\":\"ListItem\",\"position\":3,\"name\":\"VENTE FLASH &#8211; Meuble de rangement\"}]},{\"@type\":\"WebSite\",\"@id\":\"https:\\\/\\\/lalmachine.com\\\/#website\",\"url\":\"https:\\\/\\\/lalmachine.com\\\/\",\"name\":\"lalmachine.com\",\"description\":\"Brocante en ligne Suisse | Mobilier et objets d\u00e9co vintage et design\",\"potentialAction\":[{\"@type\":\"SearchAction\",\"target\":{\"@type\":\"EntryPoint\",\"urlTemplate\":\"https:\\\/\\\/lalmachine.com\\\/?s={search_term_string}\"},\"query-input\":{\"@type\":\"PropertyValueSpecification\",\"valueRequired\":true,\"valueName\":\"search_term_string\"}}],\"inLanguage\":\"de\"}]}<\/script>\n<!-- \/ Yoast SEO plugin. -->","yoast_head_json":{"title":"VENTE FLASH - Meuble de rangement | lalmachine.com, mobilier et objets d\u00e9co vintage et design","description":"Meuble de rangement vintage en bois sur pieds. Dans la partie sup\u00e9rieure on trouve des \u00e9tag\u00e8res qui peuvent \u00eatre plac\u00e9es \u00e0 diff\u00e9rentes hauteurs et un espace de rangement avec portes au milieu.","robots":{"index":"index","follow":"follow","max-snippet":"max-snippet:-1","max-image-preview":"max-image-preview:large","max-video-preview":"max-video-preview:-1"},"canonical":"https:\/\/lalmachine.com\/de\/shop\/meubler\/meuble-de-rangement\/meuble-de-rangement-8\/","og_locale":"de_DE","og_type":"article","og_title":"VENTE FLASH - Meuble de rangement | lalmachine.com, mobilier et objets d\u00e9co vintage et design","og_description":"Meuble de rangement vintage en bois sur pieds. Dans la partie sup\u00e9rieure on trouve des \u00e9tag\u00e8res qui peuvent \u00eatre plac\u00e9es \u00e0 diff\u00e9rentes hauteurs et un espace de rangement avec portes au milieu.","og_url":"https:\/\/lalmachine.com\/de\/shop\/meubler\/meuble-de-rangement\/meuble-de-rangement-8\/","og_site_name":"lalmachine.com","article_publisher":"https:\/\/facebook.com\/lalmachine","article_modified_time":"2024-12-05T20:51:22+00:00","og_image":[{"width":2837,"height":2837,"url":"https:\/\/lalmachine.com\/wp-content\/uploads\/2021\/06\/IMG_20210615_183401_clipped_rev_1-f840937b.jpg","type":"image\/jpeg"}],"twitter_card":"summary_large_image","schema":{"@context":"https:\/\/schema.org","@graph":[{"@type":"WebPage","@id":"https:\/\/lalmachine.com\/shop\/meubler\/meuble-de-rangement\/meuble-de-rangement-8\/","url":"https:\/\/lalmachine.com\/shop\/meubler\/meuble-de-rangement\/meuble-de-rangement-8\/","name":"VENTE FLASH - Meuble de rangement | lalmachine.com, mobilier et objets d\u00e9co vintage et design","isPartOf":{"@id":"https:\/\/lalmachine.com\/#website"},"primaryImageOfPage":{"@id":"https:\/\/lalmachine.com\/shop\/meubler\/meuble-de-rangement\/meuble-de-rangement-8\/#primaryimage"},"image":{"@id":"https:\/\/lalmachine.com\/shop\/meubler\/meuble-de-rangement\/meuble-de-rangement-8\/#primaryimage"},"thumbnailUrl":"https:\/\/lalmachine.com\/wp-content\/uploads\/2021\/06\/IMG_20210615_183401_clipped_rev_1-f840937b.jpg","datePublished":"2021-06-16T17:46:31+00:00","dateModified":"2024-12-05T20:51:22+00:00","description":"Meuble de rangement vintage en bois sur pieds. Dans la partie sup\u00e9rieure on trouve des \u00e9tag\u00e8res qui peuvent \u00eatre plac\u00e9es \u00e0 diff\u00e9rentes hauteurs et un espace de rangement avec portes au milieu.","breadcrumb":{"@id":"https:\/\/lalmachine.com\/shop\/meubler\/meuble-de-rangement\/meuble-de-rangement-8\/#breadcrumb"},"inLanguage":"de","potentialAction":[{"@type":"ReadAction","target":["https:\/\/lalmachine.com\/shop\/meubler\/meuble-de-rangement\/meuble-de-rangement-8\/"]}]},{"@type":"ImageObject","inLanguage":"de","@id":"https:\/\/lalmachine.com\/shop\/meubler\/meuble-de-rangement\/meuble-de-rangement-8\/#primaryimage","url":"https:\/\/lalmachine.com\/wp-content\/uploads\/2021\/06\/IMG_20210615_183401_clipped_rev_1-f840937b.jpg","contentUrl":"https:\/\/lalmachine.com\/wp-content\/uploads\/2021\/06\/IMG_20210615_183401_clipped_rev_1-f840937b.jpg","width":2837,"height":2837,"caption":"Meuble de rangement vintage"},{"@type":"BreadcrumbList","@id":"https:\/\/lalmachine.com\/shop\/meubler\/meuble-de-rangement\/meuble-de-rangement-8\/#breadcrumb","itemListElement":[{"@type":"ListItem","position":1,"name":"Accueil","item":"https:\/\/lalmachine.com\/"},{"@type":"ListItem","position":2,"name":"Shop","item":"https:\/\/lalmachine.com\/shop\/"},{"@type":"ListItem","position":3,"name":"VENTE FLASH &#8211; Meuble de rangement"}]},{"@type":"WebSite","@id":"https:\/\/lalmachine.com\/#website","url":"https:\/\/lalmachine.com\/","name":"lalmachine.com","description":"Brocante en ligne Suisse | Mobilier et objets d\u00e9co vintage et design","potentialAction":[{"@type":"SearchAction","target":{"@type":"EntryPoint","urlTemplate":"https:\/\/lalmachine.com\/?s={search_term_string}"},"query-input":{"@type":"PropertyValueSpecification","valueRequired":true,"valueName":"search_term_string"}}],"inLanguage":"de"}]}},"_links":{"self":[{"href":"https:\/\/lalmachine.com\/de\/wp-json\/wp\/v2\/product\/58866","targetHints":{"allow":["GET"]}}],"collection":[{"href":"https:\/\/lalmachine.com\/de\/wp-json\/wp\/v2\/product"}],"about":[{"href":"https:\/\/lalmachine.com\/de\/wp-json\/wp\/v2\/types\/product"}],"wp:featuredmedia":[{"embeddable":true,"href":"https:\/\/lalmachine.com\/de\/wp-json\/wp\/v2\/media\/58854"}],"wp:attachment":[{"href":"https:\/\/lalmachine.com\/de\/wp-json\/wp\/v2\/media?parent=58866"}],"wp:term":[{"taxonomy":"product_brand","embeddable":true,"href":"https:\/\/lalmachine.com\/de\/wp-json\/wp\/v2\/product_brand?post=58866"},{"taxonomy":"product_cat","embeddable":true,"href":"https:\/\/lalmachine.com\/de\/wp-json\/wp\/v2\/product_cat?post=58866"},{"taxonomy":"product_tag","embeddable":true,"href":"https:\/\/lalmachine.com\/de\/wp-json\/wp\/v2\/product_tag?post=58866"},{"taxonomy":"proximite","embeddable":true,"href":"https:\/\/lalmachine.com\/de\/wp-json\/wp\/v2\/proximite?post=58866"}],"curies":[{"name":"wp","href":"https:\/\/api.w.org\/{rel}","templated":true}]}}