{"id":59303,"date":"2021-06-20T11:52:52","date_gmt":"2021-06-20T09:52:52","guid":{"rendered":"https:\/\/lalmachine.com\/?post_type=product&#038;p=59303"},"modified":"2024-12-05T21:51:23","modified_gmt":"2024-12-05T20:51:23","slug":"service-a-the-coquelicot","status":"publish","type":"product","link":"https:\/\/lalmachine.com\/de\/shop\/decorer\/art-de-la-table\/service-a-the-coquelicot\/","title":{"rendered":"Service \u00e0 th\u00e9 coquelicot"},"content":{"rendered":"<ul class=\"wpuf_customs\"><li style=\"list-style-type:none;\"><label>Autres photos:<\/label> <a href=\"https:\/\/lalmachine.com\/wp-content\/uploads\/2021\/06\/6F79C549-8824-4FD0-B7E1-B5BEE8A02AE9-5831663c.jpeg\"><img loading=\"lazy\" decoding=\"async\" width=\"96\" height=\"96\" src=\"https:\/\/lalmachine.com\/wp-content\/uploads\/2021\/06\/6F79C549-8824-4FD0-B7E1-B5BEE8A02AE9-5831663c.jpeg\" class=\"attachment-thumbnail size-thumbnail\" alt=\"\" \/><\/a> <a href=\"https:\/\/lalmachine.com\/wp-content\/uploads\/2021\/06\/A9FDC660-6E40-48F3-8360-C50E719FAD23-9b1c6297.jpeg\"><img loading=\"lazy\" decoding=\"async\" width=\"96\" height=\"96\" src=\"https:\/\/lalmachine.com\/wp-content\/uploads\/2021\/06\/A9FDC660-6E40-48F3-8360-C50E719FAD23-9b1c6297.jpeg\" class=\"attachment-thumbnail size-thumbnail\" alt=\"\" \/><\/a> <a href=\"https:\/\/lalmachine.com\/wp-content\/uploads\/2021\/06\/686DE81B-A762-48C0-8E9D-5A335658117E-52f7a01c.jpeg\"><img loading=\"lazy\" decoding=\"async\" width=\"96\" height=\"96\" src=\"https:\/\/lalmachine.com\/wp-content\/uploads\/2021\/06\/686DE81B-A762-48C0-8E9D-5A335658117E-52f7a01c.jpeg\" class=\"attachment-thumbnail size-thumbnail\" alt=\"\" \/><\/a> <a href=\"https:\/\/lalmachine.com\/wp-content\/uploads\/2021\/06\/0D40A0D1-1385-4647-BF5D-8982F92A1400-014cc30a.jpeg\"><img loading=\"lazy\" decoding=\"async\" width=\"96\" height=\"96\" src=\"https:\/\/lalmachine.com\/wp-content\/uploads\/2021\/06\/0D40A0D1-1385-4647-BF5D-8982F92A1400-014cc30a.jpeg\" class=\"attachment-thumbnail size-thumbnail\" alt=\"\" \/><\/a> <a href=\"https:\/\/lalmachine.com\/wp-content\/uploads\/2021\/06\/67EC74DC-A6E9-4285-B554-5CE68A093002-3cb94ba9.jpeg\"><img loading=\"lazy\" decoding=\"async\" width=\"96\" height=\"96\" src=\"https:\/\/lalmachine.com\/wp-content\/uploads\/2021\/06\/67EC74DC-A6E9-4285-B554-5CE68A093002-3cb94ba9.jpeg\" class=\"attachment-thumbnail size-thumbnail\" alt=\"\" \/><\/a> <a href=\"https:\/\/lalmachine.com\/wp-content\/uploads\/2021\/06\/32C15C14-1945-46E9-9F7A-C2A2B2CB34C6-d1df77d0.jpeg\"><img loading=\"lazy\" decoding=\"async\" width=\"96\" height=\"96\" src=\"https:\/\/lalmachine.com\/wp-content\/uploads\/2021\/06\/32C15C14-1945-46E9-9F7A-C2A2B2CB34C6-d1df77d0.jpeg\" class=\"attachment-thumbnail size-thumbnail\" alt=\"\" \/><\/a> <\/li>        <li class=\"wpuf-field-data wpuf-field-data-numeric_text_field\">\n                            <label>Prix:<\/label>\n                        40        <\/li>\n                <li class=\"wpuf-field-data wpuf-field-data-numeric_text_field\">\n                            <label>Quantit\u00e9:<\/label>\n                        1        <\/li>\n                <li class=\"wpuf-field-data wpuf-field-data-numeric_text_field\">\n                            <label>Hauteur (cm):<\/label>\n                        1        <\/li>\n                <li class=\"wpuf-field-data wpuf-field-data-numeric_text_field\">\n                            <label>Largeur (cm):<\/label>\n                        1        <\/li>\n                <li class=\"wpuf-field-data wpuf-field-data-numeric_text_field\">\n                            <label>Profondeur (cm):<\/label>\n                        1        <\/li>\n        <\/ul>","protected":false},"excerpt":{"rendered":"<p>Ensemble service \u00e0 th\u00e9 coquelicot<br \/>\nTh\u00e9i\u00e8re Victoria Tch\u00e9coslovaquie<br \/>\n11\/2 litres<br \/>\nPlat \u00e0 tarte diam\u00e8tre 26cm<br \/>\n4 tasses et 4 sous-tasses dont une plus petite que les autres<\/p>","protected":false},"featured_media":320768,"template":"","meta":{"_et_pb_use_builder":"","_et_pb_old_content":"","_et_gb_content_width":""},"product_brand":[],"product_cat":[96,50],"product_tag":[],"proximite":[283,179],"class_list":{"0":"post-59303","1":"product","2":"type-product","3":"status-publish","4":"has-post-thumbnail","6":"product_cat-art-de-la-table","7":"product_cat-decorer","8":"product_shipping_class-2-10-kg","9":"pa_couleur-multicolore","10":"pa_etat-dans-son-jus","11":"pa_materiau-ceramique","12":"pa_style-vintage","13":"proximite-riviera-pays-denhaut","14":"proximite-vaud","16":"first","17":"instock","18":"shipping-taxable","19":"purchasable","20":"product-type-simple"},"yoast_head":"<!-- This site is optimized with the Yoast SEO plugin v27.4 - https:\/\/yoast.com\/product\/yoast-seo-wordpress\/ -->\n<title>Service \u00e0 th\u00e9 coquelicot | lalmachine.com, mobilier et objets d\u00e9co vintage et design<\/title>\n<meta name=\"description\" content=\"Ensemble service \u00e0 th\u00e9 coquelicot. Th\u00e9i\u00e8re Victoria Tch\u00e9coslovaquie 11\/2 litres. Plat \u00e0 tarte diam\u00e8tre 26cm. 4 tasses et 4 sous-tasses dont une plus petite que les autres\" \/>\n<meta name=\"robots\" content=\"index, follow, max-snippet:-1, max-image-preview:large, max-video-preview:-1\" \/>\n<link rel=\"canonical\" href=\"https:\/\/lalmachine.com\/de\/shop\/decorer\/art-de-la-table\/service-a-the-coquelicot\/\" \/>\n<meta property=\"og:locale\" content=\"de_DE\" \/>\n<meta property=\"og:type\" content=\"article\" \/>\n<meta property=\"og:title\" content=\"Service \u00e0 th\u00e9 coquelicot | lalmachine.com, mobilier et objets d\u00e9co vintage et design\" \/>\n<meta property=\"og:description\" content=\"Ensemble service \u00e0 th\u00e9 coquelicot. Th\u00e9i\u00e8re Victoria Tch\u00e9coslovaquie 11\/2 litres. Plat \u00e0 tarte diam\u00e8tre 26cm. 4 tasses et 4 sous-tasses dont une plus petite que les autres\" \/>\n<meta property=\"og:url\" content=\"https:\/\/lalmachine.com\/de\/shop\/decorer\/art-de-la-table\/service-a-the-coquelicot\/\" \/>\n<meta property=\"og:site_name\" content=\"lalmachine.com\" \/>\n<meta property=\"article:publisher\" content=\"https:\/\/facebook.com\/lalmachine\" \/>\n<meta property=\"article:modified_time\" content=\"2024-12-05T20:51:23+00:00\" \/>\n<meta property=\"og:image\" content=\"https:\/\/lalmachine.com\/wp-content\/uploads\/2021\/06\/3552EC46-0FA9-4B50-8BF0-DC0B92F21F0E-cc6e04e2_clipped_rev_2-scaled.jpeg\" \/>\n\t<meta property=\"og:image:width\" content=\"2560\" \/>\n\t<meta property=\"og:image:height\" content=\"2560\" \/>\n\t<meta property=\"og:image:type\" content=\"image\/jpeg\" \/>\n<meta name=\"twitter:card\" content=\"summary_large_image\" \/>\n<script type=\"application\/ld+json\" class=\"yoast-schema-graph\">{\"@context\":\"https:\\\/\\\/schema.org\",\"@graph\":[{\"@type\":\"WebPage\",\"@id\":\"https:\\\/\\\/lalmachine.com\\\/shop\\\/decorer\\\/art-de-la-table\\\/service-a-the-coquelicot\\\/\",\"url\":\"https:\\\/\\\/lalmachine.com\\\/shop\\\/decorer\\\/art-de-la-table\\\/service-a-the-coquelicot\\\/\",\"name\":\"Service \u00e0 th\u00e9 coquelicot | lalmachine.com, mobilier et objets d\u00e9co vintage et design\",\"isPartOf\":{\"@id\":\"https:\\\/\\\/lalmachine.com\\\/#website\"},\"primaryImageOfPage\":{\"@id\":\"https:\\\/\\\/lalmachine.com\\\/shop\\\/decorer\\\/art-de-la-table\\\/service-a-the-coquelicot\\\/#primaryimage\"},\"image\":{\"@id\":\"https:\\\/\\\/lalmachine.com\\\/shop\\\/decorer\\\/art-de-la-table\\\/service-a-the-coquelicot\\\/#primaryimage\"},\"thumbnailUrl\":\"https:\\\/\\\/lalmachine.com\\\/wp-content\\\/uploads\\\/2021\\\/06\\\/3552EC46-0FA9-4B50-8BF0-DC0B92F21F0E-cc6e04e2_clipped_rev_2-scaled.jpeg\",\"datePublished\":\"2021-06-20T09:52:52+00:00\",\"dateModified\":\"2024-12-05T20:51:23+00:00\",\"description\":\"Ensemble service \u00e0 th\u00e9 coquelicot. Th\u00e9i\u00e8re Victoria Tch\u00e9coslovaquie 11\\\/2 litres. Plat \u00e0 tarte diam\u00e8tre 26cm. 4 tasses et 4 sous-tasses dont une plus petite que les autres\",\"breadcrumb\":{\"@id\":\"https:\\\/\\\/lalmachine.com\\\/shop\\\/decorer\\\/art-de-la-table\\\/service-a-the-coquelicot\\\/#breadcrumb\"},\"inLanguage\":\"de\",\"potentialAction\":[{\"@type\":\"ReadAction\",\"target\":[\"https:\\\/\\\/lalmachine.com\\\/shop\\\/decorer\\\/art-de-la-table\\\/service-a-the-coquelicot\\\/\"]}]},{\"@type\":\"ImageObject\",\"inLanguage\":\"de\",\"@id\":\"https:\\\/\\\/lalmachine.com\\\/shop\\\/decorer\\\/art-de-la-table\\\/service-a-the-coquelicot\\\/#primaryimage\",\"url\":\"https:\\\/\\\/lalmachine.com\\\/wp-content\\\/uploads\\\/2021\\\/06\\\/3552EC46-0FA9-4B50-8BF0-DC0B92F21F0E-cc6e04e2_clipped_rev_2-scaled.jpeg\",\"contentUrl\":\"https:\\\/\\\/lalmachine.com\\\/wp-content\\\/uploads\\\/2021\\\/06\\\/3552EC46-0FA9-4B50-8BF0-DC0B92F21F0E-cc6e04e2_clipped_rev_2-scaled.jpeg\",\"width\":2560,\"height\":2560,\"caption\":\"Service \u00e0 th\u00e9 coquelicot\"},{\"@type\":\"BreadcrumbList\",\"@id\":\"https:\\\/\\\/lalmachine.com\\\/shop\\\/decorer\\\/art-de-la-table\\\/service-a-the-coquelicot\\\/#breadcrumb\",\"itemListElement\":[{\"@type\":\"ListItem\",\"position\":1,\"name\":\"Accueil\",\"item\":\"https:\\\/\\\/lalmachine.com\\\/\"},{\"@type\":\"ListItem\",\"position\":2,\"name\":\"Shop\",\"item\":\"https:\\\/\\\/lalmachine.com\\\/shop\\\/\"},{\"@type\":\"ListItem\",\"position\":3,\"name\":\"Service \u00e0 th\u00e9 coquelicot\"}]},{\"@type\":\"WebSite\",\"@id\":\"https:\\\/\\\/lalmachine.com\\\/#website\",\"url\":\"https:\\\/\\\/lalmachine.com\\\/\",\"name\":\"lalmachine.com\",\"description\":\"Brocante en ligne Suisse | Mobilier et objets d\u00e9co vintage et design\",\"potentialAction\":[{\"@type\":\"SearchAction\",\"target\":{\"@type\":\"EntryPoint\",\"urlTemplate\":\"https:\\\/\\\/lalmachine.com\\\/?s={search_term_string}\"},\"query-input\":{\"@type\":\"PropertyValueSpecification\",\"valueRequired\":true,\"valueName\":\"search_term_string\"}}],\"inLanguage\":\"de\"}]}<\/script>\n<!-- \/ Yoast SEO plugin. -->","yoast_head_json":{"title":"Service \u00e0 th\u00e9 coquelicot | lalmachine.com, mobilier et objets d\u00e9co vintage et design","description":"Ensemble service \u00e0 th\u00e9 coquelicot. Th\u00e9i\u00e8re Victoria Tch\u00e9coslovaquie 11\/2 litres. Plat \u00e0 tarte diam\u00e8tre 26cm. 4 tasses et 4 sous-tasses dont une plus petite que les autres","robots":{"index":"index","follow":"follow","max-snippet":"max-snippet:-1","max-image-preview":"max-image-preview:large","max-video-preview":"max-video-preview:-1"},"canonical":"https:\/\/lalmachine.com\/de\/shop\/decorer\/art-de-la-table\/service-a-the-coquelicot\/","og_locale":"de_DE","og_type":"article","og_title":"Service \u00e0 th\u00e9 coquelicot | lalmachine.com, mobilier et objets d\u00e9co vintage et design","og_description":"Ensemble service \u00e0 th\u00e9 coquelicot. Th\u00e9i\u00e8re Victoria Tch\u00e9coslovaquie 11\/2 litres. Plat \u00e0 tarte diam\u00e8tre 26cm. 4 tasses et 4 sous-tasses dont une plus petite que les autres","og_url":"https:\/\/lalmachine.com\/de\/shop\/decorer\/art-de-la-table\/service-a-the-coquelicot\/","og_site_name":"lalmachine.com","article_publisher":"https:\/\/facebook.com\/lalmachine","article_modified_time":"2024-12-05T20:51:23+00:00","og_image":[{"width":2560,"height":2560,"url":"https:\/\/lalmachine.com\/wp-content\/uploads\/2021\/06\/3552EC46-0FA9-4B50-8BF0-DC0B92F21F0E-cc6e04e2_clipped_rev_2-scaled.jpeg","type":"image\/jpeg"}],"twitter_card":"summary_large_image","schema":{"@context":"https:\/\/schema.org","@graph":[{"@type":"WebPage","@id":"https:\/\/lalmachine.com\/shop\/decorer\/art-de-la-table\/service-a-the-coquelicot\/","url":"https:\/\/lalmachine.com\/shop\/decorer\/art-de-la-table\/service-a-the-coquelicot\/","name":"Service \u00e0 th\u00e9 coquelicot | lalmachine.com, mobilier et objets d\u00e9co vintage et design","isPartOf":{"@id":"https:\/\/lalmachine.com\/#website"},"primaryImageOfPage":{"@id":"https:\/\/lalmachine.com\/shop\/decorer\/art-de-la-table\/service-a-the-coquelicot\/#primaryimage"},"image":{"@id":"https:\/\/lalmachine.com\/shop\/decorer\/art-de-la-table\/service-a-the-coquelicot\/#primaryimage"},"thumbnailUrl":"https:\/\/lalmachine.com\/wp-content\/uploads\/2021\/06\/3552EC46-0FA9-4B50-8BF0-DC0B92F21F0E-cc6e04e2_clipped_rev_2-scaled.jpeg","datePublished":"2021-06-20T09:52:52+00:00","dateModified":"2024-12-05T20:51:23+00:00","description":"Ensemble service \u00e0 th\u00e9 coquelicot. Th\u00e9i\u00e8re Victoria Tch\u00e9coslovaquie 11\/2 litres. Plat \u00e0 tarte diam\u00e8tre 26cm. 4 tasses et 4 sous-tasses dont une plus petite que les autres","breadcrumb":{"@id":"https:\/\/lalmachine.com\/shop\/decorer\/art-de-la-table\/service-a-the-coquelicot\/#breadcrumb"},"inLanguage":"de","potentialAction":[{"@type":"ReadAction","target":["https:\/\/lalmachine.com\/shop\/decorer\/art-de-la-table\/service-a-the-coquelicot\/"]}]},{"@type":"ImageObject","inLanguage":"de","@id":"https:\/\/lalmachine.com\/shop\/decorer\/art-de-la-table\/service-a-the-coquelicot\/#primaryimage","url":"https:\/\/lalmachine.com\/wp-content\/uploads\/2021\/06\/3552EC46-0FA9-4B50-8BF0-DC0B92F21F0E-cc6e04e2_clipped_rev_2-scaled.jpeg","contentUrl":"https:\/\/lalmachine.com\/wp-content\/uploads\/2021\/06\/3552EC46-0FA9-4B50-8BF0-DC0B92F21F0E-cc6e04e2_clipped_rev_2-scaled.jpeg","width":2560,"height":2560,"caption":"Service \u00e0 th\u00e9 coquelicot"},{"@type":"BreadcrumbList","@id":"https:\/\/lalmachine.com\/shop\/decorer\/art-de-la-table\/service-a-the-coquelicot\/#breadcrumb","itemListElement":[{"@type":"ListItem","position":1,"name":"Accueil","item":"https:\/\/lalmachine.com\/"},{"@type":"ListItem","position":2,"name":"Shop","item":"https:\/\/lalmachine.com\/shop\/"},{"@type":"ListItem","position":3,"name":"Service \u00e0 th\u00e9 coquelicot"}]},{"@type":"WebSite","@id":"https:\/\/lalmachine.com\/#website","url":"https:\/\/lalmachine.com\/","name":"lalmachine.com","description":"Brocante en ligne Suisse | Mobilier et objets d\u00e9co vintage et design","potentialAction":[{"@type":"SearchAction","target":{"@type":"EntryPoint","urlTemplate":"https:\/\/lalmachine.com\/?s={search_term_string}"},"query-input":{"@type":"PropertyValueSpecification","valueRequired":true,"valueName":"search_term_string"}}],"inLanguage":"de"}]}},"_links":{"self":[{"href":"https:\/\/lalmachine.com\/de\/wp-json\/wp\/v2\/product\/59303","targetHints":{"allow":["GET"]}}],"collection":[{"href":"https:\/\/lalmachine.com\/de\/wp-json\/wp\/v2\/product"}],"about":[{"href":"https:\/\/lalmachine.com\/de\/wp-json\/wp\/v2\/types\/product"}],"wp:featuredmedia":[{"embeddable":true,"href":"https:\/\/lalmachine.com\/de\/wp-json\/wp\/v2\/media\/320768"}],"wp:attachment":[{"href":"https:\/\/lalmachine.com\/de\/wp-json\/wp\/v2\/media?parent=59303"}],"wp:term":[{"taxonomy":"product_brand","embeddable":true,"href":"https:\/\/lalmachine.com\/de\/wp-json\/wp\/v2\/product_brand?post=59303"},{"taxonomy":"product_cat","embeddable":true,"href":"https:\/\/lalmachine.com\/de\/wp-json\/wp\/v2\/product_cat?post=59303"},{"taxonomy":"product_tag","embeddable":true,"href":"https:\/\/lalmachine.com\/de\/wp-json\/wp\/v2\/product_tag?post=59303"},{"taxonomy":"proximite","embeddable":true,"href":"https:\/\/lalmachine.com\/de\/wp-json\/wp\/v2\/proximite?post=59303"}],"curies":[{"name":"wp","href":"https:\/\/api.w.org\/{rel}","templated":true}]}}