{"id":61860,"date":"2021-07-08T13:00:22","date_gmt":"2021-07-08T11:00:22","guid":{"rendered":"https:\/\/lalmachine.com\/?post_type=product&#038;p=61860"},"modified":"2024-12-05T21:51:28","modified_gmt":"2024-12-05T20:51:28","slug":"etagere-sol-plafond-blanche","status":"publish","type":"product","link":"https:\/\/lalmachine.com\/de\/shop\/meubler\/meuble-de-rangement\/etagere-sol-plafond-blanche\/","title":{"rendered":"\u00c9tag\u00e8re sol-plafond blanche"},"content":{"rendered":"<ul class=\"wpuf_customs\"><li style=\"list-style-type:none;\"><label>Autres photos:<\/label> <a href=\"https:\/\/lalmachine.com\/wp-content\/uploads\/2021\/07\/C77E7FCA-5C9C-4F42-98F4-0DAD0D7680BB-fd9f034e-rotated.jpeg\"><img loading=\"lazy\" decoding=\"async\" width=\"72\" height=\"96\" src=\"https:\/\/lalmachine.com\/wp-content\/uploads\/2021\/07\/C77E7FCA-5C9C-4F42-98F4-0DAD0D7680BB-fd9f034e-rotated.jpeg\" class=\"attachment-thumbnail size-thumbnail\" alt=\"\" \/><\/a> <a href=\"https:\/\/lalmachine.com\/wp-content\/uploads\/2021\/07\/B0C40E79-CAAC-436E-90E4-642074031D05-cc936fbe-rotated.jpeg\"><img loading=\"lazy\" decoding=\"async\" width=\"72\" height=\"96\" src=\"https:\/\/lalmachine.com\/wp-content\/uploads\/2021\/07\/B0C40E79-CAAC-436E-90E4-642074031D05-cc936fbe-rotated.jpeg\" class=\"attachment-thumbnail size-thumbnail\" alt=\"\" \/><\/a> <a href=\"https:\/\/lalmachine.com\/wp-content\/uploads\/2021\/07\/26E08571-2212-43B4-B2DC-BF83D89B3FE3-1f6d28f7.jpeg\"><img loading=\"lazy\" decoding=\"async\" width=\"128\" height=\"96\" src=\"https:\/\/lalmachine.com\/wp-content\/uploads\/2021\/07\/26E08571-2212-43B4-B2DC-BF83D89B3FE3-1f6d28f7.jpeg\" class=\"attachment-thumbnail size-thumbnail\" alt=\"\" \/><\/a> <a href=\"https:\/\/lalmachine.com\/wp-content\/uploads\/2021\/07\/1FF3AB7A-2E19-4B42-A036-4C0FD4A59A81-28e63b21-rotated.jpeg\"><img loading=\"lazy\" decoding=\"async\" width=\"72\" height=\"96\" src=\"https:\/\/lalmachine.com\/wp-content\/uploads\/2021\/07\/1FF3AB7A-2E19-4B42-A036-4C0FD4A59A81-28e63b21-rotated.jpeg\" class=\"attachment-thumbnail size-thumbnail\" alt=\"\" \/><\/a> <a href=\"https:\/\/lalmachine.com\/wp-content\/uploads\/2021\/07\/07BF16E9-B079-45D8-971C-0CA79F0F1286-875fb661-rotated.jpeg\"><img loading=\"lazy\" decoding=\"async\" width=\"72\" height=\"96\" src=\"https:\/\/lalmachine.com\/wp-content\/uploads\/2021\/07\/07BF16E9-B079-45D8-971C-0CA79F0F1286-875fb661-rotated.jpeg\" class=\"attachment-thumbnail size-thumbnail\" alt=\"\" \/><\/a> <a href=\"https:\/\/lalmachine.com\/wp-content\/uploads\/2021\/07\/82CF7029-7C97-4BD7-AE1B-A84130F686F7-1b96ef0f-rotated.jpeg\"><img loading=\"lazy\" decoding=\"async\" width=\"72\" height=\"96\" src=\"https:\/\/lalmachine.com\/wp-content\/uploads\/2021\/07\/82CF7029-7C97-4BD7-AE1B-A84130F686F7-1b96ef0f-rotated.jpeg\" class=\"attachment-thumbnail size-thumbnail\" alt=\"\" \/><\/a> <a href=\"https:\/\/lalmachine.com\/wp-content\/uploads\/2021\/07\/C6E71AA1-96CA-4B62-9BF3-C92B8F5E5E3B-15f13589.jpeg\"><img loading=\"lazy\" decoding=\"async\" width=\"82\" height=\"96\" src=\"https:\/\/lalmachine.com\/wp-content\/uploads\/2021\/07\/C6E71AA1-96CA-4B62-9BF3-C92B8F5E5E3B-15f13589.jpeg\" class=\"attachment-thumbnail size-thumbnail\" alt=\"\" \/><\/a> <a href=\"https:\/\/lalmachine.com\/wp-content\/uploads\/2021\/07\/3ECCB6FA-CADE-45B7-A3F8-484584720ED3-a5a6308b.jpeg\"><img loading=\"lazy\" decoding=\"async\" width=\"128\" height=\"96\" src=\"https:\/\/lalmachine.com\/wp-content\/uploads\/2021\/07\/3ECCB6FA-CADE-45B7-A3F8-484584720ED3-a5a6308b.jpeg\" class=\"attachment-thumbnail size-thumbnail\" alt=\"\" \/><\/a> <a href=\"https:\/\/lalmachine.com\/wp-content\/uploads\/2021\/07\/E8845553-7268-4BAB-A57C-0ED07115B261-87527ac2.jpeg\"><img loading=\"lazy\" decoding=\"async\" width=\"88\" height=\"96\" src=\"https:\/\/lalmachine.com\/wp-content\/uploads\/2021\/07\/E8845553-7268-4BAB-A57C-0ED07115B261-87527ac2.jpeg\" class=\"attachment-thumbnail size-thumbnail\" alt=\"\" \/><\/a> <a href=\"https:\/\/lalmachine.com\/wp-content\/uploads\/2021\/07\/407DD09D-6E9B-47A5-9077-C6AC54487C7B-711ceb9c-rotated.jpeg\"><img loading=\"lazy\" decoding=\"async\" width=\"72\" height=\"96\" src=\"https:\/\/lalmachine.com\/wp-content\/uploads\/2021\/07\/407DD09D-6E9B-47A5-9077-C6AC54487C7B-711ceb9c-rotated.jpeg\" class=\"attachment-thumbnail size-thumbnail\" alt=\"\" \/><\/a> <a href=\"https:\/\/lalmachine.com\/wp-content\/uploads\/2021\/07\/01528C34-12CF-4650-A5B6-B7333EB97BD7-491d9f18-rotated.jpeg\"><img loading=\"lazy\" decoding=\"async\" width=\"72\" height=\"96\" src=\"https:\/\/lalmachine.com\/wp-content\/uploads\/2021\/07\/01528C34-12CF-4650-A5B6-B7333EB97BD7-491d9f18-rotated.jpeg\" class=\"attachment-thumbnail size-thumbnail\" alt=\"\" \/><\/a> <a href=\"https:\/\/lalmachine.com\/wp-content\/uploads\/2021\/07\/3FAC86CB-E38B-4335-8D3F-44EE79A3F138-dedcd013.jpeg\"><img loading=\"lazy\" decoding=\"async\" width=\"128\" height=\"96\" src=\"https:\/\/lalmachine.com\/wp-content\/uploads\/2021\/07\/3FAC86CB-E38B-4335-8D3F-44EE79A3F138-dedcd013.jpeg\" class=\"attachment-thumbnail size-thumbnail\" alt=\"\" \/><\/a> <a href=\"https:\/\/lalmachine.com\/wp-content\/uploads\/2021\/07\/06E011F8-37E3-4ADB-A5D0-F36B8DB28B31-d54d32dc.jpeg\"><img loading=\"lazy\" decoding=\"async\" width=\"128\" height=\"96\" src=\"https:\/\/lalmachine.com\/wp-content\/uploads\/2021\/07\/06E011F8-37E3-4ADB-A5D0-F36B8DB28B31-d54d32dc.jpeg\" class=\"attachment-thumbnail size-thumbnail\" alt=\"\" \/><\/a> <a href=\"https:\/\/lalmachine.com\/wp-content\/uploads\/2021\/07\/1CD1FBCC-B0DD-4342-B4C0-8011C422DE66-215de113-rotated.jpeg\"><img loading=\"lazy\" decoding=\"async\" width=\"72\" height=\"96\" src=\"https:\/\/lalmachine.com\/wp-content\/uploads\/2021\/07\/1CD1FBCC-B0DD-4342-B4C0-8011C422DE66-215de113-rotated.jpeg\" class=\"attachment-thumbnail size-thumbnail\" alt=\"\" \/><\/a> <a href=\"https:\/\/lalmachine.com\/wp-content\/uploads\/2021\/07\/A5444D49-110D-49BF-8C78-79A4C21F8E8F-69ced4a0-rotated.jpeg\"><img loading=\"lazy\" decoding=\"async\" width=\"72\" height=\"96\" src=\"https:\/\/lalmachine.com\/wp-content\/uploads\/2021\/07\/A5444D49-110D-49BF-8C78-79A4C21F8E8F-69ced4a0-rotated.jpeg\" class=\"attachment-thumbnail size-thumbnail\" alt=\"\" \/><\/a> <\/li>        <li class=\"wpuf-field-data wpuf-field-data-numeric_text_field\">\n                            <label>Prix:<\/label>\n                        250        <\/li>\n                <li class=\"wpuf-field-data wpuf-field-data-numeric_text_field\">\n                            <label>Hauteur (cm):<\/label>\n                        240        <\/li>\n                <li class=\"wpuf-field-data wpuf-field-data-numeric_text_field\">\n                            <label>Largeur (cm):<\/label>\n                        90        <\/li>\n                <li class=\"wpuf-field-data wpuf-field-data-numeric_text_field\">\n                            <label>Profondeur (cm):<\/label>\n                        30        <\/li>\n        <\/ul>","protected":false},"excerpt":{"rendered":"<p>\u00c9tag\u00e8re t\u00e9lescopique blanche fabriqu\u00e9e en Su\u00e8de. L\u2019\u00e9tag\u00e8re convient pour une hauteur sous plafond de 2m36 \u00e0 2m40 (ou davantage, si elle est mont\u00e9e avec des cales, non fournies). L\u2019\u00e9tag\u00e8re comporte 7 tablars, dont un est plus profond que les autres. Les montants ainsi que les supports des tablars ont \u00e9t\u00e9 peints en blanc. Un montant doit \u00eatre rehauss\u00e9 au sol par une cale d\u2019environ 1 cm pour que les tablars soient plats. Le caisson visible sur la photo principale ne comporte pas de portes ou de vitres coulissantes, mais des rails sont pr\u00e9vus \u00e0 cet effet. 2 supports blancs sont cass\u00e9s mais remplissent tout de m\u00eame sans probl\u00e8me leur fonction. Un des montants a \u00e9t\u00e9 perc\u00e9 de quelques trous suppl\u00e9mentaires. Une \u00e9tag\u00e8re comporte un accroc.<\/p>\n<p>Les derni\u00e8res photos pr\u00e9sentent le mat\u00e9riel suppl\u00e9mentaire offert \u00e0 l\u2019acheteur, si d\u00e9sir\u00e9. Mais attention: la troisi\u00e8me barre, bien que similaire aux 2 autres, est perc\u00e9e de trous l\u00e9g\u00e8rement plus rapproch\u00e9s, ce qui emp\u00eache de disposer les tablars de fa\u00e7on parfaitement plate\u2026 Id\u00e9alement, il faudrait percer de nouveaux trous, ou simplement se contenter de l\u2019\u00e9tag\u00e8re simple. Aussi, 2 tablars qui apparaissent sur les derni\u00e8res photos ne sont pas identiques aux autres, mais un peu moins \u00e9pais et moins bien finis. Les derni\u00e8res photos sont prises avec l\u2019\u00e9tag\u00e8re pos\u00e9e sur le sol; un montage vertical aurait \u00e9t\u00e9 tr\u00e8s laborieux, \u00e9tant donn\u00e9 le probl\u00e8me du montant l\u00e9g\u00e8rement diff\u00e9rent\u2026<\/p>\n<p>Livraison possible, prix en fonction de la distance.<\/p>","protected":false},"featured_media":61957,"template":"","meta":{"_et_pb_use_builder":"","_et_pb_old_content":"","_et_gb_content_width":""},"product_brand":[],"product_cat":[83,47],"product_tag":[],"proximite":[235],"class_list":{"0":"post-61860","1":"product","2":"type-product","3":"status-publish","4":"has-post-thumbnail","6":"product_cat-meuble-de-rangement","7":"product_cat-meubler","8":"pa_couleur-blanc","9":"pa_etat-dans-son-jus","10":"pa_materiau-metal","11":"pa_style-vintage","12":"proximite-sarine","14":"first","15":"outofstock","16":"shipping-taxable","17":"purchasable","18":"product-type-simple"},"yoast_head":"<!-- This site is optimized with the Yoast SEO plugin v27.4 - https:\/\/yoast.com\/product\/yoast-seo-wordpress\/ -->\n<title>\u00c9tag\u00e8re sol-plafond blanche | lalmachine.com<\/title>\n<meta name=\"description\" content=\"\u00c9tag\u00e8re t\u00e9lescopique blanche fabriqu\u00e9e en Su\u00e8de.\" \/>\n<meta name=\"robots\" content=\"index, follow, max-snippet:-1, max-image-preview:large, max-video-preview:-1\" \/>\n<link rel=\"canonical\" href=\"https:\/\/lalmachine.com\/de\/shop\/meubler\/meuble-de-rangement\/etagere-sol-plafond-blanche\/\" \/>\n<meta property=\"og:locale\" content=\"de_DE\" \/>\n<meta property=\"og:type\" content=\"article\" \/>\n<meta property=\"og:title\" content=\"\u00c9tag\u00e8re sol-plafond blanche | lalmachine.com\" \/>\n<meta property=\"og:description\" content=\"\u00c9tag\u00e8re t\u00e9lescopique blanche fabriqu\u00e9e en Su\u00e8de.\" \/>\n<meta property=\"og:url\" content=\"https:\/\/lalmachine.com\/de\/shop\/meubler\/meuble-de-rangement\/etagere-sol-plafond-blanche\/\" \/>\n<meta property=\"og:site_name\" content=\"lalmachine.com\" \/>\n<meta property=\"article:publisher\" content=\"https:\/\/facebook.com\/lalmachine\" \/>\n<meta property=\"article:modified_time\" content=\"2024-12-05T20:51:28+00:00\" \/>\n<meta property=\"og:image\" content=\"https:\/\/lalmachine.com\/wp-content\/uploads\/2021\/07\/BBFBAA31-08C7-4C07-871E-A4852B35295A-16cd2112-rotated_clipped_rev_1.jpeg\" \/>\n\t<meta property=\"og:image:width\" content=\"4572\" \/>\n\t<meta property=\"og:image:height\" content=\"4573\" \/>\n\t<meta property=\"og:image:type\" content=\"image\/jpeg\" \/>\n<meta name=\"twitter:card\" content=\"summary_large_image\" \/>\n<script type=\"application\/ld+json\" class=\"yoast-schema-graph\">{\"@context\":\"https:\\\/\\\/schema.org\",\"@graph\":[{\"@type\":\"WebPage\",\"@id\":\"https:\\\/\\\/lalmachine.com\\\/de\\\/shop\\\/meubler\\\/meuble-de-rangement\\\/etagere-sol-plafond-blanche\\\/\",\"url\":\"https:\\\/\\\/lalmachine.com\\\/de\\\/shop\\\/meubler\\\/meuble-de-rangement\\\/etagere-sol-plafond-blanche\\\/\",\"name\":\"\u00c9tag\u00e8re sol-plafond blanche | lalmachine.com\",\"isPartOf\":{\"@id\":\"https:\\\/\\\/lalmachine.com\\\/#website\"},\"primaryImageOfPage\":{\"@id\":\"https:\\\/\\\/lalmachine.com\\\/de\\\/shop\\\/meubler\\\/meuble-de-rangement\\\/etagere-sol-plafond-blanche\\\/#primaryimage\"},\"image\":{\"@id\":\"https:\\\/\\\/lalmachine.com\\\/de\\\/shop\\\/meubler\\\/meuble-de-rangement\\\/etagere-sol-plafond-blanche\\\/#primaryimage\"},\"thumbnailUrl\":\"https:\\\/\\\/lalmachine.com\\\/wp-content\\\/uploads\\\/2021\\\/07\\\/BBFBAA31-08C7-4C07-871E-A4852B35295A-16cd2112-rotated_clipped_rev_1.jpeg\",\"datePublished\":\"2021-07-08T11:00:22+00:00\",\"dateModified\":\"2024-12-05T20:51:28+00:00\",\"description\":\"\u00c9tag\u00e8re t\u00e9lescopique blanche fabriqu\u00e9e en Su\u00e8de.\",\"breadcrumb\":{\"@id\":\"https:\\\/\\\/lalmachine.com\\\/de\\\/shop\\\/meubler\\\/meuble-de-rangement\\\/etagere-sol-plafond-blanche\\\/#breadcrumb\"},\"inLanguage\":\"de\",\"potentialAction\":[{\"@type\":\"ReadAction\",\"target\":[\"https:\\\/\\\/lalmachine.com\\\/de\\\/shop\\\/meubler\\\/meuble-de-rangement\\\/etagere-sol-plafond-blanche\\\/\"]}]},{\"@type\":\"ImageObject\",\"inLanguage\":\"de\",\"@id\":\"https:\\\/\\\/lalmachine.com\\\/de\\\/shop\\\/meubler\\\/meuble-de-rangement\\\/etagere-sol-plafond-blanche\\\/#primaryimage\",\"url\":\"https:\\\/\\\/lalmachine.com\\\/wp-content\\\/uploads\\\/2021\\\/07\\\/BBFBAA31-08C7-4C07-871E-A4852B35295A-16cd2112-rotated_clipped_rev_1.jpeg\",\"contentUrl\":\"https:\\\/\\\/lalmachine.com\\\/wp-content\\\/uploads\\\/2021\\\/07\\\/BBFBAA31-08C7-4C07-871E-A4852B35295A-16cd2112-rotated_clipped_rev_1.jpeg\",\"width\":4572,\"height\":4573,\"caption\":\"\u00e9tag\u00e8re sol-plafond\"},{\"@type\":\"BreadcrumbList\",\"@id\":\"https:\\\/\\\/lalmachine.com\\\/de\\\/shop\\\/meubler\\\/meuble-de-rangement\\\/etagere-sol-plafond-blanche\\\/#breadcrumb\",\"itemListElement\":[{\"@type\":\"ListItem\",\"position\":1,\"name\":\"Accueil\",\"item\":\"https:\\\/\\\/lalmachine.com\\\/\"},{\"@type\":\"ListItem\",\"position\":2,\"name\":\"Shop\",\"item\":\"https:\\\/\\\/lalmachine.com\\\/shop\\\/\"},{\"@type\":\"ListItem\",\"position\":3,\"name\":\"\u00c9tag\u00e8re sol-plafond blanche\"}]},{\"@type\":\"WebSite\",\"@id\":\"https:\\\/\\\/lalmachine.com\\\/#website\",\"url\":\"https:\\\/\\\/lalmachine.com\\\/\",\"name\":\"lalmachine.com\",\"description\":\"Brocante en ligne Suisse | Mobilier et objets d\u00e9co vintage et design\",\"potentialAction\":[{\"@type\":\"SearchAction\",\"target\":{\"@type\":\"EntryPoint\",\"urlTemplate\":\"https:\\\/\\\/lalmachine.com\\\/?s={search_term_string}\"},\"query-input\":{\"@type\":\"PropertyValueSpecification\",\"valueRequired\":true,\"valueName\":\"search_term_string\"}}],\"inLanguage\":\"de\"}]}<\/script>\n<!-- \/ Yoast SEO plugin. -->","yoast_head_json":{"title":"\u00c9tag\u00e8re sol-plafond blanche | lalmachine.com","description":"\u00c9tag\u00e8re t\u00e9lescopique blanche fabriqu\u00e9e en Su\u00e8de.","robots":{"index":"index","follow":"follow","max-snippet":"max-snippet:-1","max-image-preview":"max-image-preview:large","max-video-preview":"max-video-preview:-1"},"canonical":"https:\/\/lalmachine.com\/de\/shop\/meubler\/meuble-de-rangement\/etagere-sol-plafond-blanche\/","og_locale":"de_DE","og_type":"article","og_title":"\u00c9tag\u00e8re sol-plafond blanche | lalmachine.com","og_description":"\u00c9tag\u00e8re t\u00e9lescopique blanche fabriqu\u00e9e en Su\u00e8de.","og_url":"https:\/\/lalmachine.com\/de\/shop\/meubler\/meuble-de-rangement\/etagere-sol-plafond-blanche\/","og_site_name":"lalmachine.com","article_publisher":"https:\/\/facebook.com\/lalmachine","article_modified_time":"2024-12-05T20:51:28+00:00","og_image":[{"width":4572,"height":4573,"url":"https:\/\/lalmachine.com\/wp-content\/uploads\/2021\/07\/BBFBAA31-08C7-4C07-871E-A4852B35295A-16cd2112-rotated_clipped_rev_1.jpeg","type":"image\/jpeg"}],"twitter_card":"summary_large_image","schema":{"@context":"https:\/\/schema.org","@graph":[{"@type":"WebPage","@id":"https:\/\/lalmachine.com\/de\/shop\/meubler\/meuble-de-rangement\/etagere-sol-plafond-blanche\/","url":"https:\/\/lalmachine.com\/de\/shop\/meubler\/meuble-de-rangement\/etagere-sol-plafond-blanche\/","name":"\u00c9tag\u00e8re sol-plafond blanche | lalmachine.com","isPartOf":{"@id":"https:\/\/lalmachine.com\/#website"},"primaryImageOfPage":{"@id":"https:\/\/lalmachine.com\/de\/shop\/meubler\/meuble-de-rangement\/etagere-sol-plafond-blanche\/#primaryimage"},"image":{"@id":"https:\/\/lalmachine.com\/de\/shop\/meubler\/meuble-de-rangement\/etagere-sol-plafond-blanche\/#primaryimage"},"thumbnailUrl":"https:\/\/lalmachine.com\/wp-content\/uploads\/2021\/07\/BBFBAA31-08C7-4C07-871E-A4852B35295A-16cd2112-rotated_clipped_rev_1.jpeg","datePublished":"2021-07-08T11:00:22+00:00","dateModified":"2024-12-05T20:51:28+00:00","description":"\u00c9tag\u00e8re t\u00e9lescopique blanche fabriqu\u00e9e en Su\u00e8de.","breadcrumb":{"@id":"https:\/\/lalmachine.com\/de\/shop\/meubler\/meuble-de-rangement\/etagere-sol-plafond-blanche\/#breadcrumb"},"inLanguage":"de","potentialAction":[{"@type":"ReadAction","target":["https:\/\/lalmachine.com\/de\/shop\/meubler\/meuble-de-rangement\/etagere-sol-plafond-blanche\/"]}]},{"@type":"ImageObject","inLanguage":"de","@id":"https:\/\/lalmachine.com\/de\/shop\/meubler\/meuble-de-rangement\/etagere-sol-plafond-blanche\/#primaryimage","url":"https:\/\/lalmachine.com\/wp-content\/uploads\/2021\/07\/BBFBAA31-08C7-4C07-871E-A4852B35295A-16cd2112-rotated_clipped_rev_1.jpeg","contentUrl":"https:\/\/lalmachine.com\/wp-content\/uploads\/2021\/07\/BBFBAA31-08C7-4C07-871E-A4852B35295A-16cd2112-rotated_clipped_rev_1.jpeg","width":4572,"height":4573,"caption":"\u00e9tag\u00e8re sol-plafond"},{"@type":"BreadcrumbList","@id":"https:\/\/lalmachine.com\/de\/shop\/meubler\/meuble-de-rangement\/etagere-sol-plafond-blanche\/#breadcrumb","itemListElement":[{"@type":"ListItem","position":1,"name":"Accueil","item":"https:\/\/lalmachine.com\/"},{"@type":"ListItem","position":2,"name":"Shop","item":"https:\/\/lalmachine.com\/shop\/"},{"@type":"ListItem","position":3,"name":"\u00c9tag\u00e8re sol-plafond blanche"}]},{"@type":"WebSite","@id":"https:\/\/lalmachine.com\/#website","url":"https:\/\/lalmachine.com\/","name":"lalmachine.com","description":"Brocante en ligne Suisse | Mobilier et objets d\u00e9co vintage et design","potentialAction":[{"@type":"SearchAction","target":{"@type":"EntryPoint","urlTemplate":"https:\/\/lalmachine.com\/?s={search_term_string}"},"query-input":{"@type":"PropertyValueSpecification","valueRequired":true,"valueName":"search_term_string"}}],"inLanguage":"de"}]}},"_links":{"self":[{"href":"https:\/\/lalmachine.com\/de\/wp-json\/wp\/v2\/product\/61860","targetHints":{"allow":["GET"]}}],"collection":[{"href":"https:\/\/lalmachine.com\/de\/wp-json\/wp\/v2\/product"}],"about":[{"href":"https:\/\/lalmachine.com\/de\/wp-json\/wp\/v2\/types\/product"}],"wp:featuredmedia":[{"embeddable":true,"href":"https:\/\/lalmachine.com\/de\/wp-json\/wp\/v2\/media\/61957"}],"wp:attachment":[{"href":"https:\/\/lalmachine.com\/de\/wp-json\/wp\/v2\/media?parent=61860"}],"wp:term":[{"taxonomy":"product_brand","embeddable":true,"href":"https:\/\/lalmachine.com\/de\/wp-json\/wp\/v2\/product_brand?post=61860"},{"taxonomy":"product_cat","embeddable":true,"href":"https:\/\/lalmachine.com\/de\/wp-json\/wp\/v2\/product_cat?post=61860"},{"taxonomy":"product_tag","embeddable":true,"href":"https:\/\/lalmachine.com\/de\/wp-json\/wp\/v2\/product_tag?post=61860"},{"taxonomy":"proximite","embeddable":true,"href":"https:\/\/lalmachine.com\/de\/wp-json\/wp\/v2\/proximite?post=61860"}],"curies":[{"name":"wp","href":"https:\/\/api.w.org\/{rel}","templated":true}]}}