{"id":63671,"date":"2021-07-24T10:03:45","date_gmt":"2021-07-24T08:03:45","guid":{"rendered":"https:\/\/lalmachine.com\/?post_type=product&#038;p=63671"},"modified":"2024-12-05T21:51:41","modified_gmt":"2024-12-05T20:51:41","slug":"fauteuil-alky","status":"publish","type":"product","link":"https:\/\/lalmachine.com\/de\/shop\/sasseoir\/canape-fauteuil-pouf\/fauteuil-alky\/","title":{"rendered":"Fauteuil Alky"},"content":{"rendered":"<ul class=\"wpuf_customs\"><li style=\"list-style-type:none;\"><label>Autres photos:<\/label> <a href=\"https:\/\/lalmachine.com\/wp-content\/uploads\/2021\/07\/08837962-FB01-440C-A8B6-5566E849F39C-1738e114-rotated.jpeg\"><img loading=\"lazy\" decoding=\"async\" width=\"72\" height=\"96\" src=\"https:\/\/lalmachine.com\/wp-content\/uploads\/2021\/07\/08837962-FB01-440C-A8B6-5566E849F39C-1738e114-rotated.jpeg\" class=\"attachment-thumbnail size-thumbnail\" alt=\"\" \/><\/a> <a href=\"https:\/\/lalmachine.com\/wp-content\/uploads\/2021\/07\/AD21EA70-4CBB-4B24-94D6-7C708D597EFF-9974e17a-rotated.jpeg\"><img loading=\"lazy\" decoding=\"async\" width=\"72\" height=\"96\" src=\"https:\/\/lalmachine.com\/wp-content\/uploads\/2021\/07\/AD21EA70-4CBB-4B24-94D6-7C708D597EFF-9974e17a-rotated.jpeg\" class=\"attachment-thumbnail size-thumbnail\" alt=\"\" \/><\/a> <a href=\"https:\/\/lalmachine.com\/wp-content\/uploads\/2021\/07\/DA5F8354-3A32-41A6-9860-0CC2C8E73260-97bcba06-rotated.jpeg\"><img loading=\"lazy\" decoding=\"async\" width=\"72\" height=\"96\" src=\"https:\/\/lalmachine.com\/wp-content\/uploads\/2021\/07\/DA5F8354-3A32-41A6-9860-0CC2C8E73260-97bcba06-rotated.jpeg\" class=\"attachment-thumbnail size-thumbnail\" alt=\"\" \/><\/a> <a href=\"https:\/\/lalmachine.com\/wp-content\/uploads\/2021\/07\/55CEBFE9-06AC-470F-9003-42D8EF8C51FE-7da494ed-rotated.jpeg\"><img loading=\"lazy\" decoding=\"async\" width=\"72\" height=\"96\" src=\"https:\/\/lalmachine.com\/wp-content\/uploads\/2021\/07\/55CEBFE9-06AC-470F-9003-42D8EF8C51FE-7da494ed-rotated.jpeg\" class=\"attachment-thumbnail size-thumbnail\" alt=\"\" \/><\/a> <a href=\"https:\/\/lalmachine.com\/wp-content\/uploads\/2021\/07\/2789C4A4-CB33-466A-A1FC-F952903B993C-83c2c915.jpeg\"><img loading=\"lazy\" decoding=\"async\" width=\"128\" height=\"96\" src=\"https:\/\/lalmachine.com\/wp-content\/uploads\/2021\/07\/2789C4A4-CB33-466A-A1FC-F952903B993C-83c2c915.jpeg\" class=\"attachment-thumbnail size-thumbnail\" alt=\"\" \/><\/a> <a href=\"https:\/\/lalmachine.com\/wp-content\/uploads\/2021\/07\/E029B391-8841-4C74-9A00-293C7F866386-aa719e7d-rotated.jpeg\"><img loading=\"lazy\" decoding=\"async\" width=\"72\" height=\"96\" src=\"https:\/\/lalmachine.com\/wp-content\/uploads\/2021\/07\/E029B391-8841-4C74-9A00-293C7F866386-aa719e7d-rotated.jpeg\" class=\"attachment-thumbnail size-thumbnail\" alt=\"\" \/><\/a> <a href=\"https:\/\/lalmachine.com\/wp-content\/uploads\/2021\/07\/75468A53-850D-4EA3-A2F8-243AFA562973-ad9ef68d.jpeg\"><img loading=\"lazy\" decoding=\"async\" width=\"128\" height=\"96\" src=\"https:\/\/lalmachine.com\/wp-content\/uploads\/2021\/07\/75468A53-850D-4EA3-A2F8-243AFA562973-ad9ef68d.jpeg\" class=\"attachment-thumbnail size-thumbnail\" alt=\"\" \/><\/a> <\/li>        <li class=\"wpuf-field-data wpuf-field-data-numeric_text_field\">\n                            <label>Prix:<\/label>\n                        300        <\/li>\n                <li class=\"wpuf-field-data wpuf-field-data-numeric_text_field\">\n                            <label>Hauteur (cm):<\/label>\n                        70        <\/li>\n                <li class=\"wpuf-field-data wpuf-field-data-numeric_text_field\">\n                            <label>Largeur (cm):<\/label>\n                        66        <\/li>\n                <li class=\"wpuf-field-data wpuf-field-data-numeric_text_field\">\n                            <label>Profondeur (cm):<\/label>\n                        77        <\/li>\n        <\/ul>","protected":false},"excerpt":{"rendered":"<p>Fauteuil Alky dessin\u00e9 par Giancarlo Piretti dans les ann\u00e9es 70. Les pieds sont en aluminium et l\u2019assise est recouverte de tissu. La couleur est un bleu tr\u00e8s fonc\u00e9, proche du noir. L\u2019\u00e9tat g\u00e9n\u00e9ral du fauteuil est bon, il n\u2019a que peu de traces d\u2019utilisation. L\u2019assise est tr\u00e8s confortable et ergonomique. La derni\u00e8re photo montre un autre fauteuil Alky dont la couleur est l\u00e9g\u00e8rement diff\u00e9rente.<br \/>\nA emporter \u00e0 Fribourg, ou livraison possible (prix en fonction de la distance).<\/p>","protected":false},"featured_media":63711,"template":"","meta":{"_et_pb_use_builder":"","_et_pb_old_content":"","_et_gb_content_width":""},"product_brand":[],"product_cat":[99,48],"product_tag":[],"proximite":[177,235],"class_list":{"0":"post-63671","1":"product","2":"type-product","3":"status-publish","4":"has-post-thumbnail","6":"product_cat-canape-fauteuil-pouf","7":"product_cat-sasseoir","8":"pa_couleur-bleu","9":"pa_designer-piretti-giancarlo","10":"pa_etat-bon-etat","11":"pa_materiau-tissu","12":"pa_style-design","13":"proximite-fribourg","14":"proximite-sarine","16":"first","17":"outofstock","18":"shipping-taxable","19":"purchasable","20":"product-type-simple"},"yoast_head":"<!-- This site is optimized with the Yoast SEO plugin v27.4 - https:\/\/yoast.com\/product\/yoast-seo-wordpress\/ -->\n<title>Fauteuil Alky | lalmachine.com, mobilier et objets d\u00e9co vintage et design<\/title>\n<meta name=\"description\" content=\"Fauteuil Alky dessin\u00e9 par Giancarlo Piretti dans les ann\u00e9es 70.\" \/>\n<meta name=\"robots\" content=\"index, follow, max-snippet:-1, max-image-preview:large, max-video-preview:-1\" \/>\n<link rel=\"canonical\" href=\"https:\/\/lalmachine.com\/de\/shop\/sasseoir\/canape-fauteuil-pouf\/fauteuil-alky\/\" \/>\n<meta property=\"og:locale\" content=\"de_DE\" \/>\n<meta property=\"og:type\" content=\"article\" \/>\n<meta property=\"og:title\" content=\"Fauteuil Alky | lalmachine.com, mobilier et objets d\u00e9co vintage et design\" \/>\n<meta property=\"og:description\" content=\"Fauteuil Alky dessin\u00e9 par Giancarlo Piretti dans les ann\u00e9es 70.\" \/>\n<meta property=\"og:url\" content=\"https:\/\/lalmachine.com\/de\/shop\/sasseoir\/canape-fauteuil-pouf\/fauteuil-alky\/\" \/>\n<meta property=\"og:site_name\" content=\"lalmachine.com\" \/>\n<meta property=\"article:publisher\" content=\"https:\/\/facebook.com\/lalmachine\" \/>\n<meta property=\"article:modified_time\" content=\"2024-12-05T20:51:41+00:00\" \/>\n<meta property=\"og:image\" content=\"https:\/\/lalmachine.com\/wp-content\/uploads\/2021\/07\/874F7199-6F68-4E77-812A-3BD3652846C7-e3f395a2-rotated_clipped_rev_1.jpeg\" \/>\n\t<meta property=\"og:image:width\" content=\"3938\" \/>\n\t<meta property=\"og:image:height\" content=\"3938\" \/>\n\t<meta property=\"og:image:type\" content=\"image\/jpeg\" \/>\n<meta name=\"twitter:card\" content=\"summary_large_image\" \/>\n<script type=\"application\/ld+json\" class=\"yoast-schema-graph\">{\"@context\":\"https:\\\/\\\/schema.org\",\"@graph\":[{\"@type\":\"WebPage\",\"@id\":\"https:\\\/\\\/lalmachine.com\\\/shop\\\/sasseoir\\\/canape-fauteuil-pouf\\\/fauteuil-alky\\\/\",\"url\":\"https:\\\/\\\/lalmachine.com\\\/shop\\\/sasseoir\\\/canape-fauteuil-pouf\\\/fauteuil-alky\\\/\",\"name\":\"Fauteuil Alky | lalmachine.com, mobilier et objets d\u00e9co vintage et design\",\"isPartOf\":{\"@id\":\"https:\\\/\\\/lalmachine.com\\\/#website\"},\"primaryImageOfPage\":{\"@id\":\"https:\\\/\\\/lalmachine.com\\\/shop\\\/sasseoir\\\/canape-fauteuil-pouf\\\/fauteuil-alky\\\/#primaryimage\"},\"image\":{\"@id\":\"https:\\\/\\\/lalmachine.com\\\/shop\\\/sasseoir\\\/canape-fauteuil-pouf\\\/fauteuil-alky\\\/#primaryimage\"},\"thumbnailUrl\":\"https:\\\/\\\/lalmachine.com\\\/wp-content\\\/uploads\\\/2021\\\/07\\\/874F7199-6F68-4E77-812A-3BD3652846C7-e3f395a2-rotated_clipped_rev_1.jpeg\",\"datePublished\":\"2021-07-24T08:03:45+00:00\",\"dateModified\":\"2024-12-05T20:51:41+00:00\",\"description\":\"Fauteuil Alky dessin\u00e9 par Giancarlo Piretti dans les ann\u00e9es 70.\",\"breadcrumb\":{\"@id\":\"https:\\\/\\\/lalmachine.com\\\/shop\\\/sasseoir\\\/canape-fauteuil-pouf\\\/fauteuil-alky\\\/#breadcrumb\"},\"inLanguage\":\"de\",\"potentialAction\":[{\"@type\":\"ReadAction\",\"target\":[\"https:\\\/\\\/lalmachine.com\\\/shop\\\/sasseoir\\\/canape-fauteuil-pouf\\\/fauteuil-alky\\\/\"]}]},{\"@type\":\"ImageObject\",\"inLanguage\":\"de\",\"@id\":\"https:\\\/\\\/lalmachine.com\\\/shop\\\/sasseoir\\\/canape-fauteuil-pouf\\\/fauteuil-alky\\\/#primaryimage\",\"url\":\"https:\\\/\\\/lalmachine.com\\\/wp-content\\\/uploads\\\/2021\\\/07\\\/874F7199-6F68-4E77-812A-3BD3652846C7-e3f395a2-rotated_clipped_rev_1.jpeg\",\"contentUrl\":\"https:\\\/\\\/lalmachine.com\\\/wp-content\\\/uploads\\\/2021\\\/07\\\/874F7199-6F68-4E77-812A-3BD3652846C7-e3f395a2-rotated_clipped_rev_1.jpeg\",\"width\":3938,\"height\":3938},{\"@type\":\"BreadcrumbList\",\"@id\":\"https:\\\/\\\/lalmachine.com\\\/shop\\\/sasseoir\\\/canape-fauteuil-pouf\\\/fauteuil-alky\\\/#breadcrumb\",\"itemListElement\":[{\"@type\":\"ListItem\",\"position\":1,\"name\":\"Accueil\",\"item\":\"https:\\\/\\\/lalmachine.com\\\/\"},{\"@type\":\"ListItem\",\"position\":2,\"name\":\"Shop\",\"item\":\"https:\\\/\\\/lalmachine.com\\\/shop\\\/\"},{\"@type\":\"ListItem\",\"position\":3,\"name\":\"Fauteuil Alky\"}]},{\"@type\":\"WebSite\",\"@id\":\"https:\\\/\\\/lalmachine.com\\\/#website\",\"url\":\"https:\\\/\\\/lalmachine.com\\\/\",\"name\":\"lalmachine.com\",\"description\":\"Brocante en ligne Suisse | Mobilier et objets d\u00e9co vintage et design\",\"potentialAction\":[{\"@type\":\"SearchAction\",\"target\":{\"@type\":\"EntryPoint\",\"urlTemplate\":\"https:\\\/\\\/lalmachine.com\\\/?s={search_term_string}\"},\"query-input\":{\"@type\":\"PropertyValueSpecification\",\"valueRequired\":true,\"valueName\":\"search_term_string\"}}],\"inLanguage\":\"de\"}]}<\/script>\n<!-- \/ Yoast SEO plugin. -->","yoast_head_json":{"title":"Fauteuil Alky | lalmachine.com, mobilier et objets d\u00e9co vintage et design","description":"Fauteuil Alky dessin\u00e9 par Giancarlo Piretti dans les ann\u00e9es 70.","robots":{"index":"index","follow":"follow","max-snippet":"max-snippet:-1","max-image-preview":"max-image-preview:large","max-video-preview":"max-video-preview:-1"},"canonical":"https:\/\/lalmachine.com\/de\/shop\/sasseoir\/canape-fauteuil-pouf\/fauteuil-alky\/","og_locale":"de_DE","og_type":"article","og_title":"Fauteuil Alky | lalmachine.com, mobilier et objets d\u00e9co vintage et design","og_description":"Fauteuil Alky dessin\u00e9 par Giancarlo Piretti dans les ann\u00e9es 70.","og_url":"https:\/\/lalmachine.com\/de\/shop\/sasseoir\/canape-fauteuil-pouf\/fauteuil-alky\/","og_site_name":"lalmachine.com","article_publisher":"https:\/\/facebook.com\/lalmachine","article_modified_time":"2024-12-05T20:51:41+00:00","og_image":[{"width":3938,"height":3938,"url":"https:\/\/lalmachine.com\/wp-content\/uploads\/2021\/07\/874F7199-6F68-4E77-812A-3BD3652846C7-e3f395a2-rotated_clipped_rev_1.jpeg","type":"image\/jpeg"}],"twitter_card":"summary_large_image","schema":{"@context":"https:\/\/schema.org","@graph":[{"@type":"WebPage","@id":"https:\/\/lalmachine.com\/shop\/sasseoir\/canape-fauteuil-pouf\/fauteuil-alky\/","url":"https:\/\/lalmachine.com\/shop\/sasseoir\/canape-fauteuil-pouf\/fauteuil-alky\/","name":"Fauteuil Alky | lalmachine.com, mobilier et objets d\u00e9co vintage et design","isPartOf":{"@id":"https:\/\/lalmachine.com\/#website"},"primaryImageOfPage":{"@id":"https:\/\/lalmachine.com\/shop\/sasseoir\/canape-fauteuil-pouf\/fauteuil-alky\/#primaryimage"},"image":{"@id":"https:\/\/lalmachine.com\/shop\/sasseoir\/canape-fauteuil-pouf\/fauteuil-alky\/#primaryimage"},"thumbnailUrl":"https:\/\/lalmachine.com\/wp-content\/uploads\/2021\/07\/874F7199-6F68-4E77-812A-3BD3652846C7-e3f395a2-rotated_clipped_rev_1.jpeg","datePublished":"2021-07-24T08:03:45+00:00","dateModified":"2024-12-05T20:51:41+00:00","description":"Fauteuil Alky dessin\u00e9 par Giancarlo Piretti dans les ann\u00e9es 70.","breadcrumb":{"@id":"https:\/\/lalmachine.com\/shop\/sasseoir\/canape-fauteuil-pouf\/fauteuil-alky\/#breadcrumb"},"inLanguage":"de","potentialAction":[{"@type":"ReadAction","target":["https:\/\/lalmachine.com\/shop\/sasseoir\/canape-fauteuil-pouf\/fauteuil-alky\/"]}]},{"@type":"ImageObject","inLanguage":"de","@id":"https:\/\/lalmachine.com\/shop\/sasseoir\/canape-fauteuil-pouf\/fauteuil-alky\/#primaryimage","url":"https:\/\/lalmachine.com\/wp-content\/uploads\/2021\/07\/874F7199-6F68-4E77-812A-3BD3652846C7-e3f395a2-rotated_clipped_rev_1.jpeg","contentUrl":"https:\/\/lalmachine.com\/wp-content\/uploads\/2021\/07\/874F7199-6F68-4E77-812A-3BD3652846C7-e3f395a2-rotated_clipped_rev_1.jpeg","width":3938,"height":3938},{"@type":"BreadcrumbList","@id":"https:\/\/lalmachine.com\/shop\/sasseoir\/canape-fauteuil-pouf\/fauteuil-alky\/#breadcrumb","itemListElement":[{"@type":"ListItem","position":1,"name":"Accueil","item":"https:\/\/lalmachine.com\/"},{"@type":"ListItem","position":2,"name":"Shop","item":"https:\/\/lalmachine.com\/shop\/"},{"@type":"ListItem","position":3,"name":"Fauteuil Alky"}]},{"@type":"WebSite","@id":"https:\/\/lalmachine.com\/#website","url":"https:\/\/lalmachine.com\/","name":"lalmachine.com","description":"Brocante en ligne Suisse | Mobilier et objets d\u00e9co vintage et design","potentialAction":[{"@type":"SearchAction","target":{"@type":"EntryPoint","urlTemplate":"https:\/\/lalmachine.com\/?s={search_term_string}"},"query-input":{"@type":"PropertyValueSpecification","valueRequired":true,"valueName":"search_term_string"}}],"inLanguage":"de"}]}},"_links":{"self":[{"href":"https:\/\/lalmachine.com\/de\/wp-json\/wp\/v2\/product\/63671","targetHints":{"allow":["GET"]}}],"collection":[{"href":"https:\/\/lalmachine.com\/de\/wp-json\/wp\/v2\/product"}],"about":[{"href":"https:\/\/lalmachine.com\/de\/wp-json\/wp\/v2\/types\/product"}],"wp:featuredmedia":[{"embeddable":true,"href":"https:\/\/lalmachine.com\/de\/wp-json\/wp\/v2\/media\/63711"}],"wp:attachment":[{"href":"https:\/\/lalmachine.com\/de\/wp-json\/wp\/v2\/media?parent=63671"}],"wp:term":[{"taxonomy":"product_brand","embeddable":true,"href":"https:\/\/lalmachine.com\/de\/wp-json\/wp\/v2\/product_brand?post=63671"},{"taxonomy":"product_cat","embeddable":true,"href":"https:\/\/lalmachine.com\/de\/wp-json\/wp\/v2\/product_cat?post=63671"},{"taxonomy":"product_tag","embeddable":true,"href":"https:\/\/lalmachine.com\/de\/wp-json\/wp\/v2\/product_tag?post=63671"},{"taxonomy":"proximite","embeddable":true,"href":"https:\/\/lalmachine.com\/de\/wp-json\/wp\/v2\/proximite?post=63671"}],"curies":[{"name":"wp","href":"https:\/\/api.w.org\/{rel}","templated":true}]}}